{"id":277568,"date":"2022-06-24T09:55:04","date_gmt":"2022-06-24T07:55:04","guid":{"rendered":"https:\/\/lalmachine.com\/?post_type=product&#038;p=277568"},"modified":"2024-12-05T21:57:10","modified_gmt":"2024-12-05T20:57:10","slug":"table-a-manger-prora-de-bonaldo","status":"publish","type":"product","link":"https:\/\/lalmachine.com\/de\/shop\/meubler\/table\/table-a-manger-prora-de-bonaldo\/","title":{"rendered":"Table \u00e0 manger Prora de Bonaldo"},"content":{"rendered":"<ul class=\"wpuf_customs\"><li style=\"list-style-type:none;\"><label>Autres photos:<\/label> <a href=\"https:\/\/lalmachine.com\/wp-content\/uploads\/2022\/06\/Capture-decran-2022-06-23-a-15.44.51-484f0e4e.png\"><img loading=\"lazy\" decoding=\"async\" width=\"86\" height=\"96\" src=\"https:\/\/lalmachine.com\/wp-content\/uploads\/2022\/06\/Capture-decran-2022-06-23-a-15.44.51-484f0e4e.png\" class=\"attachment-thumbnail size-thumbnail\" alt=\"\" \/><\/a> <a href=\"https:\/\/lalmachine.com\/wp-content\/uploads\/2022\/06\/Capture-decran-2022-06-23-a-15.45.04-2c110ff6.png\"><img loading=\"lazy\" decoding=\"async\" width=\"105\" height=\"96\" src=\"https:\/\/lalmachine.com\/wp-content\/uploads\/2022\/06\/Capture-decran-2022-06-23-a-15.45.04-2c110ff6.png\" class=\"attachment-thumbnail size-thumbnail\" alt=\"\" \/><\/a> <a href=\"https:\/\/lalmachine.com\/wp-content\/uploads\/2022\/06\/Capture-decran-2022-06-23-a-15.45.25-b2c04609.png\"><img loading=\"lazy\" decoding=\"async\" width=\"125\" height=\"96\" src=\"https:\/\/lalmachine.com\/wp-content\/uploads\/2022\/06\/Capture-decran-2022-06-23-a-15.45.25-b2c04609.png\" class=\"attachment-thumbnail size-thumbnail\" alt=\"\" \/><\/a> <a href=\"https:\/\/lalmachine.com\/wp-content\/uploads\/2022\/06\/Capture-decran-2022-06-23-a-15.44.26-90fff1be.png\"><img loading=\"lazy\" decoding=\"async\" width=\"128\" height=\"63\" src=\"https:\/\/lalmachine.com\/wp-content\/uploads\/2022\/06\/Capture-decran-2022-06-23-a-15.44.26-90fff1be.png\" class=\"attachment-thumbnail size-thumbnail\" alt=\"\" \/><\/a> <\/li>        <li class=\"wpuf-field-data wpuf-field-data-numeric_text_field\">\n                            <label>Prix:<\/label>\n                        1800        <\/li>\n                <li class=\"wpuf-field-data wpuf-field-data-numeric_text_field\">\n                            <label>Hauteur (cm):<\/label>\n                        75        <\/li>\n                <li class=\"wpuf-field-data wpuf-field-data-numeric_text_field\">\n                            <label>Largeur (cm):<\/label>\n                        100        <\/li>\n                <li class=\"wpuf-field-data wpuf-field-data-numeric_text_field\">\n                            <label>Profondeur (cm):<\/label>\n                        300        <\/li>\n        <\/ul>","protected":false},"excerpt":{"rendered":"<p>La table \u00e0 manger Prora de la marque italienne Bonaldo est une table \u00e0 rallonges avec un plateau en cristal noir et une structure et une base centrale imposante en acier vernis noir dont la forme rappelle celle de la proue d&rsquo;un navire. Les rallonges lat\u00e9rales sont plac\u00e9es sous le plateau et une fois ouverte, la table peut accueillir jusqu&rsquo;\u00e0 14 convives.<\/p>\n<p>Achet\u00e9e il y a une ann\u00e9e 1\/2 et quasiment inutilis\u00e9e, elle est en bon \u00e9tat mais comporte 3-4 griffes mineures sur le verre.<\/p>\n<p>Pour cette annonce, les photos 4 \u00e0 9 sont celles du fabricant car il \u00e9tait difficile de la mettre en valeur chez nous.<\/p>","protected":false},"featured_media":277579,"template":"","meta":{"_et_pb_use_builder":"","_et_pb_old_content":"","_et_gb_content_width":""},"product_brand":[],"product_cat":[47,82],"product_tag":[],"proximite":[177,235],"class_list":{"0":"post-277568","1":"product","2":"type-product","3":"status-publish","4":"has-post-thumbnail","6":"product_cat-meubler","7":"product_cat-table","8":"pa_couleur-noir","9":"pa_designer-autres-designers","10":"pa_etat-bon-etat","11":"pa_materiau-metal","12":"pa_style-design","13":"proximite-fribourg","14":"proximite-sarine","16":"first","17":"outofstock","18":"shipping-taxable","19":"purchasable","20":"product-type-simple"},"yoast_head":"<!-- This site is optimized with the Yoast SEO plugin v27.4 - https:\/\/yoast.com\/product\/yoast-seo-wordpress\/ -->\n<title>Table \u00e0 manger Prora de Bonaldo | lalmachine.com<\/title>\n<meta name=\"description\" content=\"La table \u00e0 manger Prora de la marque italienne Bonaldo est une table \u00e0 rallonges avec un plateau en cristal noir et une structure et une base centrale imposante en acier vernis noir dont la forme rappelle celle de la proue d&#039;un navire.\" \/>\n<meta name=\"robots\" content=\"index, follow, max-snippet:-1, max-image-preview:large, max-video-preview:-1\" \/>\n<link rel=\"canonical\" href=\"https:\/\/lalmachine.com\/de\/shop\/meubler\/table\/table-a-manger-prora-de-bonaldo\/\" \/>\n<meta property=\"og:locale\" content=\"de_DE\" \/>\n<meta property=\"og:type\" content=\"article\" \/>\n<meta property=\"og:title\" content=\"Table \u00e0 manger Prora de Bonaldo | lalmachine.com\" \/>\n<meta property=\"og:description\" content=\"La table \u00e0 manger Prora de la marque italienne Bonaldo est une table \u00e0 rallonges avec un plateau en cristal noir et une structure et une base centrale imposante en acier vernis noir dont la forme rappelle celle de la proue d&#039;un navire.\" \/>\n<meta property=\"og:url\" content=\"https:\/\/lalmachine.com\/de\/shop\/meubler\/table\/table-a-manger-prora-de-bonaldo\/\" \/>\n<meta property=\"og:site_name\" content=\"lalmachine.com\" \/>\n<meta property=\"article:publisher\" content=\"https:\/\/facebook.com\/lalmachine\" \/>\n<meta property=\"article:modified_time\" content=\"2024-12-05T20:57:10+00:00\" \/>\n<meta property=\"og:image\" content=\"https:\/\/lalmachine.com\/wp-content\/uploads\/2022\/06\/bon-tavolo-prora20_1_clipped_rev_1.jpeg\" \/>\n\t<meta property=\"og:image:width\" content=\"2036\" \/>\n\t<meta property=\"og:image:height\" content=\"2036\" \/>\n\t<meta property=\"og:image:type\" content=\"image\/jpeg\" \/>\n<meta name=\"twitter:card\" content=\"summary_large_image\" \/>\n<script type=\"application\/ld+json\" class=\"yoast-schema-graph\">{\"@context\":\"https:\\\/\\\/schema.org\",\"@graph\":[{\"@type\":\"WebPage\",\"@id\":\"https:\\\/\\\/lalmachine.com\\\/shop\\\/meubler\\\/table\\\/table-a-manger-prora-de-bonaldo\\\/\",\"url\":\"https:\\\/\\\/lalmachine.com\\\/shop\\\/meubler\\\/table\\\/table-a-manger-prora-de-bonaldo\\\/\",\"name\":\"Table \u00e0 manger Prora de Bonaldo | lalmachine.com\",\"isPartOf\":{\"@id\":\"https:\\\/\\\/lalmachine.com\\\/#website\"},\"primaryImageOfPage\":{\"@id\":\"https:\\\/\\\/lalmachine.com\\\/shop\\\/meubler\\\/table\\\/table-a-manger-prora-de-bonaldo\\\/#primaryimage\"},\"image\":{\"@id\":\"https:\\\/\\\/lalmachine.com\\\/shop\\\/meubler\\\/table\\\/table-a-manger-prora-de-bonaldo\\\/#primaryimage\"},\"thumbnailUrl\":\"https:\\\/\\\/lalmachine.com\\\/wp-content\\\/uploads\\\/2022\\\/06\\\/bon-tavolo-prora20_1_clipped_rev_1.jpeg\",\"datePublished\":\"2022-06-24T07:55:04+00:00\",\"dateModified\":\"2024-12-05T20:57:10+00:00\",\"description\":\"La table \u00e0 manger Prora de la marque italienne Bonaldo est une table \u00e0 rallonges avec un plateau en cristal noir et une structure et une base centrale imposante en acier vernis noir dont la forme rappelle celle de la proue d'un navire.\",\"breadcrumb\":{\"@id\":\"https:\\\/\\\/lalmachine.com\\\/shop\\\/meubler\\\/table\\\/table-a-manger-prora-de-bonaldo\\\/#breadcrumb\"},\"inLanguage\":\"de\",\"potentialAction\":[{\"@type\":\"ReadAction\",\"target\":[\"https:\\\/\\\/lalmachine.com\\\/shop\\\/meubler\\\/table\\\/table-a-manger-prora-de-bonaldo\\\/\"]}]},{\"@type\":\"ImageObject\",\"inLanguage\":\"de\",\"@id\":\"https:\\\/\\\/lalmachine.com\\\/shop\\\/meubler\\\/table\\\/table-a-manger-prora-de-bonaldo\\\/#primaryimage\",\"url\":\"https:\\\/\\\/lalmachine.com\\\/wp-content\\\/uploads\\\/2022\\\/06\\\/bon-tavolo-prora20_1_clipped_rev_1.jpeg\",\"contentUrl\":\"https:\\\/\\\/lalmachine.com\\\/wp-content\\\/uploads\\\/2022\\\/06\\\/bon-tavolo-prora20_1_clipped_rev_1.jpeg\",\"width\":2036,\"height\":2036,\"caption\":\"Table \u00e0 manger Prora de Bonaldo\"},{\"@type\":\"BreadcrumbList\",\"@id\":\"https:\\\/\\\/lalmachine.com\\\/shop\\\/meubler\\\/table\\\/table-a-manger-prora-de-bonaldo\\\/#breadcrumb\",\"itemListElement\":[{\"@type\":\"ListItem\",\"position\":1,\"name\":\"Accueil\",\"item\":\"https:\\\/\\\/lalmachine.com\\\/\"},{\"@type\":\"ListItem\",\"position\":2,\"name\":\"Shop\",\"item\":\"https:\\\/\\\/lalmachine.com\\\/shop\\\/\"},{\"@type\":\"ListItem\",\"position\":3,\"name\":\"Table \u00e0 manger Prora de Bonaldo\"}]},{\"@type\":\"WebSite\",\"@id\":\"https:\\\/\\\/lalmachine.com\\\/#website\",\"url\":\"https:\\\/\\\/lalmachine.com\\\/\",\"name\":\"lalmachine.com\",\"description\":\"Brocante en ligne Suisse | Mobilier et objets d\u00e9co vintage et design\",\"potentialAction\":[{\"@type\":\"SearchAction\",\"target\":{\"@type\":\"EntryPoint\",\"urlTemplate\":\"https:\\\/\\\/lalmachine.com\\\/?s={search_term_string}\"},\"query-input\":{\"@type\":\"PropertyValueSpecification\",\"valueRequired\":true,\"valueName\":\"search_term_string\"}}],\"inLanguage\":\"de\"}]}<\/script>\n<!-- \/ Yoast SEO plugin. -->","yoast_head_json":{"title":"Table \u00e0 manger Prora de Bonaldo | lalmachine.com","description":"La table \u00e0 manger Prora de la marque italienne Bonaldo est une table \u00e0 rallonges avec un plateau en cristal noir et une structure et une base centrale imposante en acier vernis noir dont la forme rappelle celle de la proue d'un navire.","robots":{"index":"index","follow":"follow","max-snippet":"max-snippet:-1","max-image-preview":"max-image-preview:large","max-video-preview":"max-video-preview:-1"},"canonical":"https:\/\/lalmachine.com\/de\/shop\/meubler\/table\/table-a-manger-prora-de-bonaldo\/","og_locale":"de_DE","og_type":"article","og_title":"Table \u00e0 manger Prora de Bonaldo | lalmachine.com","og_description":"La table \u00e0 manger Prora de la marque italienne Bonaldo est une table \u00e0 rallonges avec un plateau en cristal noir et une structure et une base centrale imposante en acier vernis noir dont la forme rappelle celle de la proue d'un navire.","og_url":"https:\/\/lalmachine.com\/de\/shop\/meubler\/table\/table-a-manger-prora-de-bonaldo\/","og_site_name":"lalmachine.com","article_publisher":"https:\/\/facebook.com\/lalmachine","article_modified_time":"2024-12-05T20:57:10+00:00","og_image":[{"width":2036,"height":2036,"url":"https:\/\/lalmachine.com\/wp-content\/uploads\/2022\/06\/bon-tavolo-prora20_1_clipped_rev_1.jpeg","type":"image\/jpeg"}],"twitter_card":"summary_large_image","schema":{"@context":"https:\/\/schema.org","@graph":[{"@type":"WebPage","@id":"https:\/\/lalmachine.com\/shop\/meubler\/table\/table-a-manger-prora-de-bonaldo\/","url":"https:\/\/lalmachine.com\/shop\/meubler\/table\/table-a-manger-prora-de-bonaldo\/","name":"Table \u00e0 manger Prora de Bonaldo | lalmachine.com","isPartOf":{"@id":"https:\/\/lalmachine.com\/#website"},"primaryImageOfPage":{"@id":"https:\/\/lalmachine.com\/shop\/meubler\/table\/table-a-manger-prora-de-bonaldo\/#primaryimage"},"image":{"@id":"https:\/\/lalmachine.com\/shop\/meubler\/table\/table-a-manger-prora-de-bonaldo\/#primaryimage"},"thumbnailUrl":"https:\/\/lalmachine.com\/wp-content\/uploads\/2022\/06\/bon-tavolo-prora20_1_clipped_rev_1.jpeg","datePublished":"2022-06-24T07:55:04+00:00","dateModified":"2024-12-05T20:57:10+00:00","description":"La table \u00e0 manger Prora de la marque italienne Bonaldo est une table \u00e0 rallonges avec un plateau en cristal noir et une structure et une base centrale imposante en acier vernis noir dont la forme rappelle celle de la proue d'un navire.","breadcrumb":{"@id":"https:\/\/lalmachine.com\/shop\/meubler\/table\/table-a-manger-prora-de-bonaldo\/#breadcrumb"},"inLanguage":"de","potentialAction":[{"@type":"ReadAction","target":["https:\/\/lalmachine.com\/shop\/meubler\/table\/table-a-manger-prora-de-bonaldo\/"]}]},{"@type":"ImageObject","inLanguage":"de","@id":"https:\/\/lalmachine.com\/shop\/meubler\/table\/table-a-manger-prora-de-bonaldo\/#primaryimage","url":"https:\/\/lalmachine.com\/wp-content\/uploads\/2022\/06\/bon-tavolo-prora20_1_clipped_rev_1.jpeg","contentUrl":"https:\/\/lalmachine.com\/wp-content\/uploads\/2022\/06\/bon-tavolo-prora20_1_clipped_rev_1.jpeg","width":2036,"height":2036,"caption":"Table \u00e0 manger Prora de Bonaldo"},{"@type":"BreadcrumbList","@id":"https:\/\/lalmachine.com\/shop\/meubler\/table\/table-a-manger-prora-de-bonaldo\/#breadcrumb","itemListElement":[{"@type":"ListItem","position":1,"name":"Accueil","item":"https:\/\/lalmachine.com\/"},{"@type":"ListItem","position":2,"name":"Shop","item":"https:\/\/lalmachine.com\/shop\/"},{"@type":"ListItem","position":3,"name":"Table \u00e0 manger Prora de Bonaldo"}]},{"@type":"WebSite","@id":"https:\/\/lalmachine.com\/#website","url":"https:\/\/lalmachine.com\/","name":"lalmachine.com","description":"Brocante en ligne Suisse | Mobilier et objets d\u00e9co vintage et design","potentialAction":[{"@type":"SearchAction","target":{"@type":"EntryPoint","urlTemplate":"https:\/\/lalmachine.com\/?s={search_term_string}"},"query-input":{"@type":"PropertyValueSpecification","valueRequired":true,"valueName":"search_term_string"}}],"inLanguage":"de"}]}},"_links":{"self":[{"href":"https:\/\/lalmachine.com\/de\/wp-json\/wp\/v2\/product\/277568","targetHints":{"allow":["GET"]}}],"collection":[{"href":"https:\/\/lalmachine.com\/de\/wp-json\/wp\/v2\/product"}],"about":[{"href":"https:\/\/lalmachine.com\/de\/wp-json\/wp\/v2\/types\/product"}],"wp:featuredmedia":[{"embeddable":true,"href":"https:\/\/lalmachine.com\/de\/wp-json\/wp\/v2\/media\/277579"}],"wp:attachment":[{"href":"https:\/\/lalmachine.com\/de\/wp-json\/wp\/v2\/media?parent=277568"}],"wp:term":[{"taxonomy":"product_brand","embeddable":true,"href":"https:\/\/lalmachine.com\/de\/wp-json\/wp\/v2\/product_brand?post=277568"},{"taxonomy":"product_cat","embeddable":true,"href":"https:\/\/lalmachine.com\/de\/wp-json\/wp\/v2\/product_cat?post=277568"},{"taxonomy":"product_tag","embeddable":true,"href":"https:\/\/lalmachine.com\/de\/wp-json\/wp\/v2\/product_tag?post=277568"},{"taxonomy":"proximite","embeddable":true,"href":"https:\/\/lalmachine.com\/de\/wp-json\/wp\/v2\/proximite?post=277568"}],"curies":[{"name":"wp","href":"https:\/\/api.w.org\/{rel}","templated":true}]}}