{"id":278783,"date":"2023-10-25T15:57:38","date_gmt":"2023-10-25T13:57:38","guid":{"rendered":"https:\/\/lalmachine.com\/?post_type=product&#038;p=278783"},"modified":"2024-12-05T21:57:16","modified_gmt":"2024-12-05T20:57:16","slug":"set-de-6-tasses-a-cafe-margrit-linck","status":"publish","type":"product","link":"https:\/\/lalmachine.com\/de\/shop\/decorer\/vase-ceramique\/set-de-6-tasses-a-cafe-margrit-linck\/","title":{"rendered":"Set de 6 tasses \u00e0 caf\u00e9 Margrit Linck"},"content":{"rendered":"<ul class=\"wpuf_customs\"><li style=\"list-style-type:none;\"><label>Autres photos:<\/label> <a href=\"https:\/\/lalmachine.com\/wp-content\/uploads\/2022\/07\/6BE5E655-FF00-4D9A-8446-0320F56ED0AB-5052aef5-scaled.jpeg\"><img loading=\"lazy\" decoding=\"async\" width=\"128\" height=\"96\" src=\"https:\/\/lalmachine.com\/wp-content\/uploads\/2022\/07\/6BE5E655-FF00-4D9A-8446-0320F56ED0AB-5052aef5-scaled.jpeg\" class=\"attachment-thumbnail size-thumbnail\" alt=\"\" \/><\/a> <a href=\"https:\/\/lalmachine.com\/wp-content\/uploads\/2022\/07\/B4FDB3CA-9DDA-4C3B-8887-CB4FE8941703-c48f2947-scaled.jpeg\"><img loading=\"lazy\" decoding=\"async\" width=\"128\" height=\"96\" src=\"https:\/\/lalmachine.com\/wp-content\/uploads\/2022\/07\/B4FDB3CA-9DDA-4C3B-8887-CB4FE8941703-c48f2947-scaled.jpeg\" class=\"attachment-thumbnail size-thumbnail\" alt=\"\" \/><\/a> <a href=\"https:\/\/lalmachine.com\/wp-content\/uploads\/2022\/07\/811A88CA-0480-4E5A-B978-A8AD2A5C19C2-4db45723-scaled.jpeg\"><img loading=\"lazy\" decoding=\"async\" width=\"72\" height=\"96\" src=\"https:\/\/lalmachine.com\/wp-content\/uploads\/2022\/07\/811A88CA-0480-4E5A-B978-A8AD2A5C19C2-4db45723-scaled.jpeg\" class=\"attachment-thumbnail size-thumbnail\" alt=\"\" \/><\/a> <a href=\"https:\/\/lalmachine.com\/wp-content\/uploads\/2022\/07\/A7B3301B-0177-4DBE-8A22-1C42B43BC486-8aa13b76-scaled.jpeg\"><img loading=\"lazy\" decoding=\"async\" width=\"72\" height=\"96\" src=\"https:\/\/lalmachine.com\/wp-content\/uploads\/2022\/07\/A7B3301B-0177-4DBE-8A22-1C42B43BC486-8aa13b76-scaled.jpeg\" class=\"attachment-thumbnail size-thumbnail\" alt=\"\" \/><\/a> <a href=\"https:\/\/lalmachine.com\/wp-content\/uploads\/2022\/07\/E4C3EB5E-EBD4-4A7E-B266-58781E393E11-3debc4e0-scaled.jpeg\"><img loading=\"lazy\" decoding=\"async\" width=\"72\" height=\"96\" src=\"https:\/\/lalmachine.com\/wp-content\/uploads\/2022\/07\/E4C3EB5E-EBD4-4A7E-B266-58781E393E11-3debc4e0-scaled.jpeg\" class=\"attachment-thumbnail size-thumbnail\" alt=\"\" \/><\/a> <a href=\"https:\/\/lalmachine.com\/wp-content\/uploads\/2022\/07\/6A44C980-0B71-4E78-BECD-F60AE0C04BF4-b353fa8b-scaled.jpeg\"><img loading=\"lazy\" decoding=\"async\" width=\"72\" height=\"96\" src=\"https:\/\/lalmachine.com\/wp-content\/uploads\/2022\/07\/6A44C980-0B71-4E78-BECD-F60AE0C04BF4-b353fa8b-scaled.jpeg\" class=\"attachment-thumbnail size-thumbnail\" alt=\"\" \/><\/a> <a href=\"https:\/\/lalmachine.com\/wp-content\/uploads\/2022\/07\/03DBE7D0-6A65-4C9B-AF25-63EE83C31748-8383e483-scaled.jpeg\"><img loading=\"lazy\" decoding=\"async\" width=\"72\" height=\"96\" src=\"https:\/\/lalmachine.com\/wp-content\/uploads\/2022\/07\/03DBE7D0-6A65-4C9B-AF25-63EE83C31748-8383e483-scaled.jpeg\" class=\"attachment-thumbnail size-thumbnail\" alt=\"\" \/><\/a> <a href=\"https:\/\/lalmachine.com\/wp-content\/uploads\/2022\/07\/5EDE83A5-3C18-4C51-B1AD-5AF844DACB0C-71bce0d1-scaled.jpeg\"><img loading=\"lazy\" decoding=\"async\" width=\"72\" height=\"96\" src=\"https:\/\/lalmachine.com\/wp-content\/uploads\/2022\/07\/5EDE83A5-3C18-4C51-B1AD-5AF844DACB0C-71bce0d1-scaled.jpeg\" class=\"attachment-thumbnail size-thumbnail\" alt=\"\" \/><\/a> <a href=\"https:\/\/lalmachine.com\/wp-content\/uploads\/2022\/07\/10D555D0-C29F-4A4F-92C5-3D850532C5F7-434c1188-scaled.jpeg\"><img loading=\"lazy\" decoding=\"async\" width=\"72\" height=\"96\" src=\"https:\/\/lalmachine.com\/wp-content\/uploads\/2022\/07\/10D555D0-C29F-4A4F-92C5-3D850532C5F7-434c1188-scaled.jpeg\" class=\"attachment-thumbnail size-thumbnail\" alt=\"\" \/><\/a> <a href=\"https:\/\/lalmachine.com\/wp-content\/uploads\/2022\/07\/795FB09B-B648-412E-9976-E967597EDA78-27a0b5a7-scaled.jpeg\"><img loading=\"lazy\" decoding=\"async\" width=\"72\" height=\"96\" src=\"https:\/\/lalmachine.com\/wp-content\/uploads\/2022\/07\/795FB09B-B648-412E-9976-E967597EDA78-27a0b5a7-scaled.jpeg\" class=\"attachment-thumbnail size-thumbnail\" alt=\"\" \/><\/a> <a href=\"https:\/\/lalmachine.com\/wp-content\/uploads\/2022\/07\/CC9DCD43-1CA6-4B82-BC22-A00C1809DA58-0d3b74d7-scaled.jpeg\"><img loading=\"lazy\" decoding=\"async\" width=\"72\" height=\"96\" src=\"https:\/\/lalmachine.com\/wp-content\/uploads\/2022\/07\/CC9DCD43-1CA6-4B82-BC22-A00C1809DA58-0d3b74d7-scaled.jpeg\" class=\"attachment-thumbnail size-thumbnail\" alt=\"\" \/><\/a> <a href=\"https:\/\/lalmachine.com\/wp-content\/uploads\/2022\/07\/A0DD6246-52CE-4A12-B518-35AF38C0DAFE-e64c060c-scaled.jpeg\"><img loading=\"lazy\" decoding=\"async\" width=\"72\" height=\"96\" src=\"https:\/\/lalmachine.com\/wp-content\/uploads\/2022\/07\/A0DD6246-52CE-4A12-B518-35AF38C0DAFE-e64c060c-scaled.jpeg\" class=\"attachment-thumbnail size-thumbnail\" alt=\"\" \/><\/a> <a href=\"https:\/\/lalmachine.com\/wp-content\/uploads\/2022\/07\/73C0B097-5247-4DE3-8CAC-EC1D01817904-05464130-scaled.jpeg\"><img loading=\"lazy\" decoding=\"async\" width=\"72\" height=\"96\" src=\"https:\/\/lalmachine.com\/wp-content\/uploads\/2022\/07\/73C0B097-5247-4DE3-8CAC-EC1D01817904-05464130-scaled.jpeg\" class=\"attachment-thumbnail size-thumbnail\" alt=\"\" \/><\/a> <a href=\"https:\/\/lalmachine.com\/wp-content\/uploads\/2022\/07\/AE1805CB-C192-4296-906C-D28CF383CDAE-1dff9c57-scaled.jpeg\"><img loading=\"lazy\" decoding=\"async\" width=\"72\" height=\"96\" src=\"https:\/\/lalmachine.com\/wp-content\/uploads\/2022\/07\/AE1805CB-C192-4296-906C-D28CF383CDAE-1dff9c57-scaled.jpeg\" class=\"attachment-thumbnail size-thumbnail\" alt=\"\" \/><\/a> <a href=\"https:\/\/lalmachine.com\/wp-content\/uploads\/2022\/07\/FE6BAFEF-0044-4A3E-A2EB-C1628E8BE955-2d09a928-scaled.jpeg\"><img loading=\"lazy\" decoding=\"async\" width=\"72\" height=\"96\" src=\"https:\/\/lalmachine.com\/wp-content\/uploads\/2022\/07\/FE6BAFEF-0044-4A3E-A2EB-C1628E8BE955-2d09a928-scaled.jpeg\" class=\"attachment-thumbnail size-thumbnail\" alt=\"\" \/><\/a> <\/li>        <li class=\"wpuf-field-data wpuf-field-data-numeric_text_field\">\n                            <label>Prix:<\/label>\n                        150        <\/li>\n                <li class=\"wpuf-field-data wpuf-field-data-numeric_text_field\">\n                            <label>Quantit\u00e9:<\/label>\n                        0        <\/li>\n                <li class=\"wpuf-field-data wpuf-field-data-numeric_text_field\">\n                            <label>Hauteur (cm):<\/label>\n                        6        <\/li>\n                <li class=\"wpuf-field-data wpuf-field-data-numeric_text_field\">\n                            <label>Largeur (cm):<\/label>\n                        10        <\/li>\n                <li class=\"wpuf-field-data wpuf-field-data-numeric_text_field\">\n                            <label>Profondeur (cm):<\/label>\n                        7        <\/li>\n        <\/ul>","protected":false},"excerpt":{"rendered":"<p>Ensemble de 6 tasses \u00e0 caf\u00e9 en c\u00e9ramique \u00e9maill\u00e9e multicolores de la c\u00e9ramiste Suisse Margrit Linck, \u00e9tablie \u00e0 Berne et qui a notamment travaill\u00e9 pour les poteries de Heimberg.<\/p>\n<p>Chaque tasse est de couleur diff\u00e9rentes, et \u00e0 un d\u00e9cor unique, avec des tonalit\u00e9s plut\u00f4t pastels.<\/p>\n<p>L\u2019ensemble est relativement en bel \u00e9tat malgr\u00e9 quelques petits \u00e9clats visibles sur les photos.<\/p>","protected":false},"featured_media":278998,"template":"","meta":{"_et_pb_use_builder":"","_et_pb_old_content":"","_et_gb_content_width":""},"product_brand":[],"product_cat":[50,400],"product_tag":[],"proximite":[281,179],"class_list":{"0":"post-278783","1":"product","2":"type-product","3":"status-publish","4":"has-post-thumbnail","6":"product_cat-decorer","7":"product_cat-vase-ceramique","8":"product_shipping_class-fragile-8-5","9":"pa_couleur-multicolore","10":"pa_etat-bon-etat","11":"pa_materiau-ceramique","12":"pa_style-vintage","13":"proximite-nyon","14":"proximite-vaud","16":"first","17":"outofstock","18":"shipping-taxable","19":"purchasable","20":"product-type-simple"},"yoast_head":"<!-- This site is optimized with the Yoast SEO plugin v27.3 - https:\/\/yoast.com\/product\/yoast-seo-wordpress\/ -->\n<title>Set de 6 tasses \u00e0 caf\u00e9 Margrit Linck | lalmachine.com, mobilier et objets d\u00e9co vintage et design<\/title>\n<meta name=\"description\" content=\"Ensemble de 6 tasses \u00e0 caf\u00e9 en c\u00e9ramique \u00e9maill\u00e9e multicolores de la c\u00e9ramiste Suisse Margrit Linck, \u00e9tablie \u00e0 Berne et qui a notamment travaill\u00e9 pour les poteries de Heimberg.\" \/>\n<meta name=\"robots\" content=\"index, follow, max-snippet:-1, max-image-preview:large, max-video-preview:-1\" \/>\n<link rel=\"canonical\" href=\"https:\/\/lalmachine.com\/de\/shop\/decorer\/vase-ceramique\/set-de-6-tasses-a-cafe-margrit-linck\/\" \/>\n<meta property=\"og:locale\" content=\"de_DE\" \/>\n<meta property=\"og:type\" content=\"article\" \/>\n<meta property=\"og:title\" content=\"Set de 6 tasses \u00e0 caf\u00e9 Margrit Linck | lalmachine.com, mobilier et objets d\u00e9co vintage et design\" \/>\n<meta property=\"og:description\" content=\"Ensemble de 6 tasses \u00e0 caf\u00e9 en c\u00e9ramique \u00e9maill\u00e9e multicolores de la c\u00e9ramiste Suisse Margrit Linck, \u00e9tablie \u00e0 Berne et qui a notamment travaill\u00e9 pour les poteries de Heimberg.\" \/>\n<meta property=\"og:url\" content=\"https:\/\/lalmachine.com\/de\/shop\/decorer\/vase-ceramique\/set-de-6-tasses-a-cafe-margrit-linck\/\" \/>\n<meta property=\"og:site_name\" content=\"lalmachine.com\" \/>\n<meta property=\"article:publisher\" content=\"https:\/\/facebook.com\/lalmachine\" \/>\n<meta property=\"article:modified_time\" content=\"2024-12-05T20:57:16+00:00\" \/>\n<meta property=\"og:image\" content=\"https:\/\/lalmachine.com\/wp-content\/uploads\/2022\/07\/Pasted-20220707-100807_clipped_rev_1-scaled.jpeg\" \/>\n\t<meta property=\"og:image:width\" content=\"2560\" \/>\n\t<meta property=\"og:image:height\" content=\"2560\" \/>\n\t<meta property=\"og:image:type\" content=\"image\/jpeg\" \/>\n<meta name=\"twitter:card\" content=\"summary_large_image\" \/>\n<script type=\"application\/ld+json\" class=\"yoast-schema-graph\">{\"@context\":\"https:\\\/\\\/schema.org\",\"@graph\":[{\"@type\":\"WebPage\",\"@id\":\"https:\\\/\\\/lalmachine.com\\\/shop\\\/decorer\\\/vase-ceramique\\\/set-de-6-tasses-a-cafe-margrit-linck\\\/\",\"url\":\"https:\\\/\\\/lalmachine.com\\\/shop\\\/decorer\\\/vase-ceramique\\\/set-de-6-tasses-a-cafe-margrit-linck\\\/\",\"name\":\"Set de 6 tasses \u00e0 caf\u00e9 Margrit Linck | lalmachine.com, mobilier et objets d\u00e9co vintage et design\",\"isPartOf\":{\"@id\":\"https:\\\/\\\/lalmachine.com\\\/#website\"},\"primaryImageOfPage\":{\"@id\":\"https:\\\/\\\/lalmachine.com\\\/shop\\\/decorer\\\/vase-ceramique\\\/set-de-6-tasses-a-cafe-margrit-linck\\\/#primaryimage\"},\"image\":{\"@id\":\"https:\\\/\\\/lalmachine.com\\\/shop\\\/decorer\\\/vase-ceramique\\\/set-de-6-tasses-a-cafe-margrit-linck\\\/#primaryimage\"},\"thumbnailUrl\":\"https:\\\/\\\/lalmachine.com\\\/wp-content\\\/uploads\\\/2022\\\/07\\\/Pasted-20220707-100807_clipped_rev_1-scaled.jpeg\",\"datePublished\":\"2023-10-25T13:57:38+00:00\",\"dateModified\":\"2024-12-05T20:57:16+00:00\",\"description\":\"Ensemble de 6 tasses \u00e0 caf\u00e9 en c\u00e9ramique \u00e9maill\u00e9e multicolores de la c\u00e9ramiste Suisse Margrit Linck, \u00e9tablie \u00e0 Berne et qui a notamment travaill\u00e9 pour les poteries de Heimberg.\",\"breadcrumb\":{\"@id\":\"https:\\\/\\\/lalmachine.com\\\/shop\\\/decorer\\\/vase-ceramique\\\/set-de-6-tasses-a-cafe-margrit-linck\\\/#breadcrumb\"},\"inLanguage\":\"de\",\"potentialAction\":[{\"@type\":\"ReadAction\",\"target\":[\"https:\\\/\\\/lalmachine.com\\\/shop\\\/decorer\\\/vase-ceramique\\\/set-de-6-tasses-a-cafe-margrit-linck\\\/\"]}]},{\"@type\":\"ImageObject\",\"inLanguage\":\"de\",\"@id\":\"https:\\\/\\\/lalmachine.com\\\/shop\\\/decorer\\\/vase-ceramique\\\/set-de-6-tasses-a-cafe-margrit-linck\\\/#primaryimage\",\"url\":\"https:\\\/\\\/lalmachine.com\\\/wp-content\\\/uploads\\\/2022\\\/07\\\/Pasted-20220707-100807_clipped_rev_1-scaled.jpeg\",\"contentUrl\":\"https:\\\/\\\/lalmachine.com\\\/wp-content\\\/uploads\\\/2022\\\/07\\\/Pasted-20220707-100807_clipped_rev_1-scaled.jpeg\",\"width\":2560,\"height\":2560,\"caption\":\"tasses \u00e0 caf\u00e9 Margrit Linck\"},{\"@type\":\"BreadcrumbList\",\"@id\":\"https:\\\/\\\/lalmachine.com\\\/shop\\\/decorer\\\/vase-ceramique\\\/set-de-6-tasses-a-cafe-margrit-linck\\\/#breadcrumb\",\"itemListElement\":[{\"@type\":\"ListItem\",\"position\":1,\"name\":\"Accueil\",\"item\":\"https:\\\/\\\/lalmachine.com\\\/\"},{\"@type\":\"ListItem\",\"position\":2,\"name\":\"Shop\",\"item\":\"https:\\\/\\\/lalmachine.com\\\/shop\\\/\"},{\"@type\":\"ListItem\",\"position\":3,\"name\":\"Set de 6 tasses \u00e0 caf\u00e9 Margrit Linck\"}]},{\"@type\":\"WebSite\",\"@id\":\"https:\\\/\\\/lalmachine.com\\\/#website\",\"url\":\"https:\\\/\\\/lalmachine.com\\\/\",\"name\":\"lalmachine.com\",\"description\":\"Brocante en ligne Suisse | Mobilier et objets d\u00e9co vintage et design\",\"potentialAction\":[{\"@type\":\"SearchAction\",\"target\":{\"@type\":\"EntryPoint\",\"urlTemplate\":\"https:\\\/\\\/lalmachine.com\\\/?s={search_term_string}\"},\"query-input\":{\"@type\":\"PropertyValueSpecification\",\"valueRequired\":true,\"valueName\":\"search_term_string\"}}],\"inLanguage\":\"de\"}]}<\/script>\n<!-- \/ Yoast SEO plugin. -->","yoast_head_json":{"title":"Set de 6 tasses \u00e0 caf\u00e9 Margrit Linck | lalmachine.com, mobilier et objets d\u00e9co vintage et design","description":"Ensemble de 6 tasses \u00e0 caf\u00e9 en c\u00e9ramique \u00e9maill\u00e9e multicolores de la c\u00e9ramiste Suisse Margrit Linck, \u00e9tablie \u00e0 Berne et qui a notamment travaill\u00e9 pour les poteries de Heimberg.","robots":{"index":"index","follow":"follow","max-snippet":"max-snippet:-1","max-image-preview":"max-image-preview:large","max-video-preview":"max-video-preview:-1"},"canonical":"https:\/\/lalmachine.com\/de\/shop\/decorer\/vase-ceramique\/set-de-6-tasses-a-cafe-margrit-linck\/","og_locale":"de_DE","og_type":"article","og_title":"Set de 6 tasses \u00e0 caf\u00e9 Margrit Linck | lalmachine.com, mobilier et objets d\u00e9co vintage et design","og_description":"Ensemble de 6 tasses \u00e0 caf\u00e9 en c\u00e9ramique \u00e9maill\u00e9e multicolores de la c\u00e9ramiste Suisse Margrit Linck, \u00e9tablie \u00e0 Berne et qui a notamment travaill\u00e9 pour les poteries de Heimberg.","og_url":"https:\/\/lalmachine.com\/de\/shop\/decorer\/vase-ceramique\/set-de-6-tasses-a-cafe-margrit-linck\/","og_site_name":"lalmachine.com","article_publisher":"https:\/\/facebook.com\/lalmachine","article_modified_time":"2024-12-05T20:57:16+00:00","og_image":[{"width":2560,"height":2560,"url":"https:\/\/lalmachine.com\/wp-content\/uploads\/2022\/07\/Pasted-20220707-100807_clipped_rev_1-scaled.jpeg","type":"image\/jpeg"}],"twitter_card":"summary_large_image","schema":{"@context":"https:\/\/schema.org","@graph":[{"@type":"WebPage","@id":"https:\/\/lalmachine.com\/shop\/decorer\/vase-ceramique\/set-de-6-tasses-a-cafe-margrit-linck\/","url":"https:\/\/lalmachine.com\/shop\/decorer\/vase-ceramique\/set-de-6-tasses-a-cafe-margrit-linck\/","name":"Set de 6 tasses \u00e0 caf\u00e9 Margrit Linck | lalmachine.com, mobilier et objets d\u00e9co vintage et design","isPartOf":{"@id":"https:\/\/lalmachine.com\/#website"},"primaryImageOfPage":{"@id":"https:\/\/lalmachine.com\/shop\/decorer\/vase-ceramique\/set-de-6-tasses-a-cafe-margrit-linck\/#primaryimage"},"image":{"@id":"https:\/\/lalmachine.com\/shop\/decorer\/vase-ceramique\/set-de-6-tasses-a-cafe-margrit-linck\/#primaryimage"},"thumbnailUrl":"https:\/\/lalmachine.com\/wp-content\/uploads\/2022\/07\/Pasted-20220707-100807_clipped_rev_1-scaled.jpeg","datePublished":"2023-10-25T13:57:38+00:00","dateModified":"2024-12-05T20:57:16+00:00","description":"Ensemble de 6 tasses \u00e0 caf\u00e9 en c\u00e9ramique \u00e9maill\u00e9e multicolores de la c\u00e9ramiste Suisse Margrit Linck, \u00e9tablie \u00e0 Berne et qui a notamment travaill\u00e9 pour les poteries de Heimberg.","breadcrumb":{"@id":"https:\/\/lalmachine.com\/shop\/decorer\/vase-ceramique\/set-de-6-tasses-a-cafe-margrit-linck\/#breadcrumb"},"inLanguage":"de","potentialAction":[{"@type":"ReadAction","target":["https:\/\/lalmachine.com\/shop\/decorer\/vase-ceramique\/set-de-6-tasses-a-cafe-margrit-linck\/"]}]},{"@type":"ImageObject","inLanguage":"de","@id":"https:\/\/lalmachine.com\/shop\/decorer\/vase-ceramique\/set-de-6-tasses-a-cafe-margrit-linck\/#primaryimage","url":"https:\/\/lalmachine.com\/wp-content\/uploads\/2022\/07\/Pasted-20220707-100807_clipped_rev_1-scaled.jpeg","contentUrl":"https:\/\/lalmachine.com\/wp-content\/uploads\/2022\/07\/Pasted-20220707-100807_clipped_rev_1-scaled.jpeg","width":2560,"height":2560,"caption":"tasses \u00e0 caf\u00e9 Margrit Linck"},{"@type":"BreadcrumbList","@id":"https:\/\/lalmachine.com\/shop\/decorer\/vase-ceramique\/set-de-6-tasses-a-cafe-margrit-linck\/#breadcrumb","itemListElement":[{"@type":"ListItem","position":1,"name":"Accueil","item":"https:\/\/lalmachine.com\/"},{"@type":"ListItem","position":2,"name":"Shop","item":"https:\/\/lalmachine.com\/shop\/"},{"@type":"ListItem","position":3,"name":"Set de 6 tasses \u00e0 caf\u00e9 Margrit Linck"}]},{"@type":"WebSite","@id":"https:\/\/lalmachine.com\/#website","url":"https:\/\/lalmachine.com\/","name":"lalmachine.com","description":"Brocante en ligne Suisse | Mobilier et objets d\u00e9co vintage et design","potentialAction":[{"@type":"SearchAction","target":{"@type":"EntryPoint","urlTemplate":"https:\/\/lalmachine.com\/?s={search_term_string}"},"query-input":{"@type":"PropertyValueSpecification","valueRequired":true,"valueName":"search_term_string"}}],"inLanguage":"de"}]}},"_links":{"self":[{"href":"https:\/\/lalmachine.com\/de\/wp-json\/wp\/v2\/product\/278783","targetHints":{"allow":["GET"]}}],"collection":[{"href":"https:\/\/lalmachine.com\/de\/wp-json\/wp\/v2\/product"}],"about":[{"href":"https:\/\/lalmachine.com\/de\/wp-json\/wp\/v2\/types\/product"}],"wp:featuredmedia":[{"embeddable":true,"href":"https:\/\/lalmachine.com\/de\/wp-json\/wp\/v2\/media\/278998"}],"wp:attachment":[{"href":"https:\/\/lalmachine.com\/de\/wp-json\/wp\/v2\/media?parent=278783"}],"wp:term":[{"taxonomy":"product_brand","embeddable":true,"href":"https:\/\/lalmachine.com\/de\/wp-json\/wp\/v2\/product_brand?post=278783"},{"taxonomy":"product_cat","embeddable":true,"href":"https:\/\/lalmachine.com\/de\/wp-json\/wp\/v2\/product_cat?post=278783"},{"taxonomy":"product_tag","embeddable":true,"href":"https:\/\/lalmachine.com\/de\/wp-json\/wp\/v2\/product_tag?post=278783"},{"taxonomy":"proximite","embeddable":true,"href":"https:\/\/lalmachine.com\/de\/wp-json\/wp\/v2\/proximite?post=278783"}],"curies":[{"name":"wp","href":"https:\/\/api.w.org\/{rel}","templated":true}]}}