{"id":280058,"date":"2022-07-20T11:47:46","date_gmt":"2022-07-20T09:47:46","guid":{"rendered":"https:\/\/lalmachine.com\/?post_type=product&#038;p=280058"},"modified":"2024-12-05T21:57:20","modified_gmt":"2024-12-05T20:57:20","slug":"canape-3-places-togo-de-ligne-roset","status":"publish","type":"product","link":"https:\/\/lalmachine.com\/de\/shop\/sasseoir\/canape-fauteuil-pouf\/canape-3-places-togo-de-ligne-roset\/","title":{"rendered":"Canap\u00e9 3 places Togo de Ligne Roset"},"content":{"rendered":"<ul class=\"wpuf_customs\"><li style=\"list-style-type:none;\"><label>Autres photos:<\/label> <a href=\"https:\/\/lalmachine.com\/wp-content\/uploads\/2022\/07\/IMG20220718132724-aa7ddc36-scaled.jpg\"><img loading=\"lazy\" decoding=\"async\" width=\"72\" height=\"96\" src=\"https:\/\/lalmachine.com\/wp-content\/uploads\/2022\/07\/IMG20220718132724-aa7ddc36-scaled.jpg\" class=\"attachment-thumbnail size-thumbnail\" alt=\"\" \/><\/a> <a href=\"https:\/\/lalmachine.com\/wp-content\/uploads\/2022\/07\/IMG20220718132610-aad27f9b-scaled.jpg\"><img loading=\"lazy\" decoding=\"async\" width=\"72\" height=\"96\" src=\"https:\/\/lalmachine.com\/wp-content\/uploads\/2022\/07\/IMG20220718132610-aad27f9b-scaled.jpg\" class=\"attachment-thumbnail size-thumbnail\" alt=\"\" \/><\/a> <a href=\"https:\/\/lalmachine.com\/wp-content\/uploads\/2022\/07\/IMG20220718132810-f93cbf15-scaled.jpg\"><img loading=\"lazy\" decoding=\"async\" width=\"72\" height=\"96\" src=\"https:\/\/lalmachine.com\/wp-content\/uploads\/2022\/07\/IMG20220718132810-f93cbf15-scaled.jpg\" class=\"attachment-thumbnail size-thumbnail\" alt=\"\" \/><\/a> <a href=\"https:\/\/lalmachine.com\/wp-content\/uploads\/2022\/07\/IMG20220718132856-8dd192d6-scaled.jpg\"><img loading=\"lazy\" decoding=\"async\" width=\"72\" height=\"96\" src=\"https:\/\/lalmachine.com\/wp-content\/uploads\/2022\/07\/IMG20220718132856-8dd192d6-scaled.jpg\" class=\"attachment-thumbnail size-thumbnail\" alt=\"\" \/><\/a> <a href=\"https:\/\/lalmachine.com\/wp-content\/uploads\/2022\/07\/IMG20220718133028-60e31e88-scaled.jpg\"><img loading=\"lazy\" decoding=\"async\" width=\"72\" height=\"96\" src=\"https:\/\/lalmachine.com\/wp-content\/uploads\/2022\/07\/IMG20220718133028-60e31e88-scaled.jpg\" class=\"attachment-thumbnail size-thumbnail\" alt=\"\" \/><\/a> <a href=\"https:\/\/lalmachine.com\/wp-content\/uploads\/2022\/07\/IMG20220718133151-cd7c30e0-scaled.jpg\"><img loading=\"lazy\" decoding=\"async\" width=\"72\" height=\"96\" src=\"https:\/\/lalmachine.com\/wp-content\/uploads\/2022\/07\/IMG20220718133151-cd7c30e0-scaled.jpg\" class=\"attachment-thumbnail size-thumbnail\" alt=\"\" \/><\/a> <a href=\"https:\/\/lalmachine.com\/wp-content\/uploads\/2022\/07\/IMG20220718132908-d0840f5b-scaled.jpg\"><img loading=\"lazy\" decoding=\"async\" width=\"72\" height=\"96\" src=\"https:\/\/lalmachine.com\/wp-content\/uploads\/2022\/07\/IMG20220718132908-d0840f5b-scaled.jpg\" class=\"attachment-thumbnail size-thumbnail\" alt=\"\" \/><\/a> <a href=\"https:\/\/lalmachine.com\/wp-content\/uploads\/2022\/07\/IMG20220718133056-ddafe7fa-scaled.jpg\"><img loading=\"lazy\" decoding=\"async\" width=\"72\" height=\"96\" src=\"https:\/\/lalmachine.com\/wp-content\/uploads\/2022\/07\/IMG20220718133056-ddafe7fa-scaled.jpg\" class=\"attachment-thumbnail size-thumbnail\" alt=\"\" \/><\/a> <a href=\"https:\/\/lalmachine.com\/wp-content\/uploads\/2022\/07\/IMG20220718133209-51ea5e12-scaled.jpg\"><img loading=\"lazy\" decoding=\"async\" width=\"72\" height=\"96\" src=\"https:\/\/lalmachine.com\/wp-content\/uploads\/2022\/07\/IMG20220718133209-51ea5e12-scaled.jpg\" class=\"attachment-thumbnail size-thumbnail\" alt=\"\" \/><\/a> <a href=\"https:\/\/lalmachine.com\/wp-content\/uploads\/2022\/07\/IMG20220718133255-335799d6-scaled.jpg\"><img loading=\"lazy\" decoding=\"async\" width=\"72\" height=\"96\" src=\"https:\/\/lalmachine.com\/wp-content\/uploads\/2022\/07\/IMG20220718133255-335799d6-scaled.jpg\" class=\"attachment-thumbnail size-thumbnail\" alt=\"\" \/><\/a> <a href=\"https:\/\/lalmachine.com\/wp-content\/uploads\/2022\/07\/IMG20220718133259-acf40e76-scaled.jpg\"><img loading=\"lazy\" decoding=\"async\" width=\"72\" height=\"96\" src=\"https:\/\/lalmachine.com\/wp-content\/uploads\/2022\/07\/IMG20220718133259-acf40e76-scaled.jpg\" class=\"attachment-thumbnail size-thumbnail\" alt=\"\" \/><\/a> <a href=\"https:\/\/lalmachine.com\/wp-content\/uploads\/2022\/07\/IMG20220718133303-1d4ece64-scaled.jpg\"><img loading=\"lazy\" decoding=\"async\" width=\"72\" height=\"96\" src=\"https:\/\/lalmachine.com\/wp-content\/uploads\/2022\/07\/IMG20220718133303-1d4ece64-scaled.jpg\" class=\"attachment-thumbnail size-thumbnail\" alt=\"\" \/><\/a> <a href=\"https:\/\/lalmachine.com\/wp-content\/uploads\/2022\/07\/IMG20220718133330-23406c2d-scaled.jpg\"><img loading=\"lazy\" decoding=\"async\" width=\"72\" height=\"96\" src=\"https:\/\/lalmachine.com\/wp-content\/uploads\/2022\/07\/IMG20220718133330-23406c2d-scaled.jpg\" class=\"attachment-thumbnail size-thumbnail\" alt=\"\" \/><\/a> <a href=\"https:\/\/lalmachine.com\/wp-content\/uploads\/2022\/07\/IMG20220718133347-29cd8ca0-scaled.jpg\"><img loading=\"lazy\" decoding=\"async\" width=\"72\" height=\"96\" src=\"https:\/\/lalmachine.com\/wp-content\/uploads\/2022\/07\/IMG20220718133347-29cd8ca0-scaled.jpg\" class=\"attachment-thumbnail size-thumbnail\" alt=\"\" \/><\/a> <\/li>        <li class=\"wpuf-field-data wpuf-field-data-numeric_text_field\">\n                            <label>Prix:<\/label>\n                        1380        <\/li>\n                <li class=\"wpuf-field-data wpuf-field-data-numeric_text_field\">\n                            <label>Hauteur (cm):<\/label>\n                        70        <\/li>\n                <li class=\"wpuf-field-data wpuf-field-data-numeric_text_field\">\n                            <label>Largeur (cm):<\/label>\n                        174        <\/li>\n                <li class=\"wpuf-field-data wpuf-field-data-numeric_text_field\">\n                            <label>Profondeur (cm):<\/label>\n                        102        <\/li>\n        <\/ul>","protected":false},"excerpt":{"rendered":"<p>Canap\u00e9 3 places Togo dessin\u00e9 par Michel Ducaroy et produit par Ligne Roset en alcantara de couleur bleu\/gris fonc\u00e9. Signes d\u2019usure standard sur l\u2019alcantara notamment des bouloches et quelques griffes de chats au dos mais pas beaucoup (\u00e7a fait des petites pointes) (voir photos). Autrement, pas de d\u00e9chirures et la mousse est en bon \u00e9tat. Pas d\u2019odeurs.<\/p>\n<p>Hauteur de l\u2019assise: 33 cm.<\/p>\n<p>Livraison possible (sous 14 jours) :<br \/>\n\u2013 Berne : 30 CHF<br \/>\n\u2013 Lausanne : 50 CHF<br \/>\n\u2013 Gen\u00e8ve, Z\u00fcrich : 100 CHF<br \/>\n\u2013 Autres villes sur demande<\/p>","protected":false},"featured_media":280043,"template":"","meta":{"_et_pb_use_builder":"","_et_pb_old_content":"","_et_gb_content_width":""},"product_brand":[],"product_cat":[99,48],"product_tag":[],"proximite":[177,235],"class_list":{"0":"post-280058","1":"product","2":"type-product","3":"status-publish","4":"has-post-thumbnail","6":"product_cat-canape-fauteuil-pouf","7":"product_cat-sasseoir","8":"pa_couleur-bleu","9":"pa_designer-ducaroy-michel","10":"pa_etat-dans-son-jus","11":"pa_materiau-cuir","12":"pa_style-design","13":"proximite-fribourg","14":"proximite-sarine","16":"first","17":"outofstock","18":"shipping-taxable","19":"purchasable","20":"product-type-simple"},"yoast_head":"<!-- This site is optimized with the Yoast SEO plugin v27.4 - https:\/\/yoast.com\/product\/yoast-seo-wordpress\/ -->\n<title>Canap\u00e9 3 places Togo de Ligne Roset | lalmachine.com, mobilier et objets d\u00e9co vintage et design<\/title>\n<meta name=\"description\" content=\"Canap\u00e9 3 places Togo dessin\u00e9 par Michel Ducaroy et produit par Ligne Roset en alcantara de couleur bleu\/gris fonc\u00e9.\" \/>\n<meta name=\"robots\" content=\"index, follow, max-snippet:-1, max-image-preview:large, max-video-preview:-1\" \/>\n<link rel=\"canonical\" href=\"https:\/\/lalmachine.com\/de\/shop\/sasseoir\/canape-fauteuil-pouf\/canape-3-places-togo-de-ligne-roset\/\" \/>\n<meta property=\"og:locale\" content=\"de_DE\" \/>\n<meta property=\"og:type\" content=\"article\" \/>\n<meta property=\"og:title\" content=\"Canap\u00e9 3 places Togo de Ligne Roset | lalmachine.com, mobilier et objets d\u00e9co vintage et design\" \/>\n<meta property=\"og:description\" content=\"Canap\u00e9 3 places Togo dessin\u00e9 par Michel Ducaroy et produit par Ligne Roset en alcantara de couleur bleu\/gris fonc\u00e9.\" \/>\n<meta property=\"og:url\" content=\"https:\/\/lalmachine.com\/de\/shop\/sasseoir\/canape-fauteuil-pouf\/canape-3-places-togo-de-ligne-roset\/\" \/>\n<meta property=\"og:site_name\" content=\"lalmachine.com\" \/>\n<meta property=\"article:publisher\" content=\"https:\/\/facebook.com\/lalmachine\" \/>\n<meta property=\"article:modified_time\" content=\"2024-12-05T20:57:20+00:00\" \/>\n<meta property=\"og:image\" content=\"https:\/\/lalmachine.com\/wp-content\/uploads\/2022\/07\/IMG20220718132724_clipped_rev_1-481c170b-scaled.jpeg\" \/>\n\t<meta property=\"og:image:width\" content=\"2560\" \/>\n\t<meta property=\"og:image:height\" content=\"2560\" \/>\n\t<meta property=\"og:image:type\" content=\"image\/jpeg\" \/>\n<meta name=\"twitter:card\" content=\"summary_large_image\" \/>\n<script type=\"application\/ld+json\" class=\"yoast-schema-graph\">{\"@context\":\"https:\\\/\\\/schema.org\",\"@graph\":[{\"@type\":\"WebPage\",\"@id\":\"https:\\\/\\\/lalmachine.com\\\/de\\\/shop\\\/sasseoir\\\/canape-fauteuil-pouf\\\/canape-3-places-togo-de-ligne-roset\\\/\",\"url\":\"https:\\\/\\\/lalmachine.com\\\/de\\\/shop\\\/sasseoir\\\/canape-fauteuil-pouf\\\/canape-3-places-togo-de-ligne-roset\\\/\",\"name\":\"Canap\u00e9 3 places Togo de Ligne Roset | lalmachine.com, mobilier et objets d\u00e9co vintage et design\",\"isPartOf\":{\"@id\":\"https:\\\/\\\/lalmachine.com\\\/#website\"},\"primaryImageOfPage\":{\"@id\":\"https:\\\/\\\/lalmachine.com\\\/de\\\/shop\\\/sasseoir\\\/canape-fauteuil-pouf\\\/canape-3-places-togo-de-ligne-roset\\\/#primaryimage\"},\"image\":{\"@id\":\"https:\\\/\\\/lalmachine.com\\\/de\\\/shop\\\/sasseoir\\\/canape-fauteuil-pouf\\\/canape-3-places-togo-de-ligne-roset\\\/#primaryimage\"},\"thumbnailUrl\":\"https:\\\/\\\/lalmachine.com\\\/wp-content\\\/uploads\\\/2022\\\/07\\\/IMG20220718132724_clipped_rev_1-481c170b-scaled.jpeg\",\"datePublished\":\"2022-07-20T09:47:46+00:00\",\"dateModified\":\"2024-12-05T20:57:20+00:00\",\"description\":\"Canap\u00e9 3 places Togo dessin\u00e9 par Michel Ducaroy et produit par Ligne Roset en alcantara de couleur bleu\\\/gris fonc\u00e9.\",\"breadcrumb\":{\"@id\":\"https:\\\/\\\/lalmachine.com\\\/de\\\/shop\\\/sasseoir\\\/canape-fauteuil-pouf\\\/canape-3-places-togo-de-ligne-roset\\\/#breadcrumb\"},\"inLanguage\":\"de\",\"potentialAction\":[{\"@type\":\"ReadAction\",\"target\":[\"https:\\\/\\\/lalmachine.com\\\/de\\\/shop\\\/sasseoir\\\/canape-fauteuil-pouf\\\/canape-3-places-togo-de-ligne-roset\\\/\"]}]},{\"@type\":\"ImageObject\",\"inLanguage\":\"de\",\"@id\":\"https:\\\/\\\/lalmachine.com\\\/de\\\/shop\\\/sasseoir\\\/canape-fauteuil-pouf\\\/canape-3-places-togo-de-ligne-roset\\\/#primaryimage\",\"url\":\"https:\\\/\\\/lalmachine.com\\\/wp-content\\\/uploads\\\/2022\\\/07\\\/IMG20220718132724_clipped_rev_1-481c170b-scaled.jpeg\",\"contentUrl\":\"https:\\\/\\\/lalmachine.com\\\/wp-content\\\/uploads\\\/2022\\\/07\\\/IMG20220718132724_clipped_rev_1-481c170b-scaled.jpeg\",\"width\":2560,\"height\":2560,\"caption\":\"Canap\u00e9 3 places Togo de Ligne Roset\"},{\"@type\":\"BreadcrumbList\",\"@id\":\"https:\\\/\\\/lalmachine.com\\\/de\\\/shop\\\/sasseoir\\\/canape-fauteuil-pouf\\\/canape-3-places-togo-de-ligne-roset\\\/#breadcrumb\",\"itemListElement\":[{\"@type\":\"ListItem\",\"position\":1,\"name\":\"Accueil\",\"item\":\"https:\\\/\\\/lalmachine.com\\\/\"},{\"@type\":\"ListItem\",\"position\":2,\"name\":\"Shop\",\"item\":\"https:\\\/\\\/lalmachine.com\\\/shop\\\/\"},{\"@type\":\"ListItem\",\"position\":3,\"name\":\"Canap\u00e9 3 places Togo de Ligne Roset\"}]},{\"@type\":\"WebSite\",\"@id\":\"https:\\\/\\\/lalmachine.com\\\/#website\",\"url\":\"https:\\\/\\\/lalmachine.com\\\/\",\"name\":\"lalmachine.com\",\"description\":\"Brocante en ligne Suisse | Mobilier et objets d\u00e9co vintage et design\",\"potentialAction\":[{\"@type\":\"SearchAction\",\"target\":{\"@type\":\"EntryPoint\",\"urlTemplate\":\"https:\\\/\\\/lalmachine.com\\\/?s={search_term_string}\"},\"query-input\":{\"@type\":\"PropertyValueSpecification\",\"valueRequired\":true,\"valueName\":\"search_term_string\"}}],\"inLanguage\":\"de\"}]}<\/script>\n<!-- \/ Yoast SEO plugin. -->","yoast_head_json":{"title":"Canap\u00e9 3 places Togo de Ligne Roset | lalmachine.com, mobilier et objets d\u00e9co vintage et design","description":"Canap\u00e9 3 places Togo dessin\u00e9 par Michel Ducaroy et produit par Ligne Roset en alcantara de couleur bleu\/gris fonc\u00e9.","robots":{"index":"index","follow":"follow","max-snippet":"max-snippet:-1","max-image-preview":"max-image-preview:large","max-video-preview":"max-video-preview:-1"},"canonical":"https:\/\/lalmachine.com\/de\/shop\/sasseoir\/canape-fauteuil-pouf\/canape-3-places-togo-de-ligne-roset\/","og_locale":"de_DE","og_type":"article","og_title":"Canap\u00e9 3 places Togo de Ligne Roset | lalmachine.com, mobilier et objets d\u00e9co vintage et design","og_description":"Canap\u00e9 3 places Togo dessin\u00e9 par Michel Ducaroy et produit par Ligne Roset en alcantara de couleur bleu\/gris fonc\u00e9.","og_url":"https:\/\/lalmachine.com\/de\/shop\/sasseoir\/canape-fauteuil-pouf\/canape-3-places-togo-de-ligne-roset\/","og_site_name":"lalmachine.com","article_publisher":"https:\/\/facebook.com\/lalmachine","article_modified_time":"2024-12-05T20:57:20+00:00","og_image":[{"width":2560,"height":2560,"url":"https:\/\/lalmachine.com\/wp-content\/uploads\/2022\/07\/IMG20220718132724_clipped_rev_1-481c170b-scaled.jpeg","type":"image\/jpeg"}],"twitter_card":"summary_large_image","schema":{"@context":"https:\/\/schema.org","@graph":[{"@type":"WebPage","@id":"https:\/\/lalmachine.com\/de\/shop\/sasseoir\/canape-fauteuil-pouf\/canape-3-places-togo-de-ligne-roset\/","url":"https:\/\/lalmachine.com\/de\/shop\/sasseoir\/canape-fauteuil-pouf\/canape-3-places-togo-de-ligne-roset\/","name":"Canap\u00e9 3 places Togo de Ligne Roset | lalmachine.com, mobilier et objets d\u00e9co vintage et design","isPartOf":{"@id":"https:\/\/lalmachine.com\/#website"},"primaryImageOfPage":{"@id":"https:\/\/lalmachine.com\/de\/shop\/sasseoir\/canape-fauteuil-pouf\/canape-3-places-togo-de-ligne-roset\/#primaryimage"},"image":{"@id":"https:\/\/lalmachine.com\/de\/shop\/sasseoir\/canape-fauteuil-pouf\/canape-3-places-togo-de-ligne-roset\/#primaryimage"},"thumbnailUrl":"https:\/\/lalmachine.com\/wp-content\/uploads\/2022\/07\/IMG20220718132724_clipped_rev_1-481c170b-scaled.jpeg","datePublished":"2022-07-20T09:47:46+00:00","dateModified":"2024-12-05T20:57:20+00:00","description":"Canap\u00e9 3 places Togo dessin\u00e9 par Michel Ducaroy et produit par Ligne Roset en alcantara de couleur bleu\/gris fonc\u00e9.","breadcrumb":{"@id":"https:\/\/lalmachine.com\/de\/shop\/sasseoir\/canape-fauteuil-pouf\/canape-3-places-togo-de-ligne-roset\/#breadcrumb"},"inLanguage":"de","potentialAction":[{"@type":"ReadAction","target":["https:\/\/lalmachine.com\/de\/shop\/sasseoir\/canape-fauteuil-pouf\/canape-3-places-togo-de-ligne-roset\/"]}]},{"@type":"ImageObject","inLanguage":"de","@id":"https:\/\/lalmachine.com\/de\/shop\/sasseoir\/canape-fauteuil-pouf\/canape-3-places-togo-de-ligne-roset\/#primaryimage","url":"https:\/\/lalmachine.com\/wp-content\/uploads\/2022\/07\/IMG20220718132724_clipped_rev_1-481c170b-scaled.jpeg","contentUrl":"https:\/\/lalmachine.com\/wp-content\/uploads\/2022\/07\/IMG20220718132724_clipped_rev_1-481c170b-scaled.jpeg","width":2560,"height":2560,"caption":"Canap\u00e9 3 places Togo de Ligne Roset"},{"@type":"BreadcrumbList","@id":"https:\/\/lalmachine.com\/de\/shop\/sasseoir\/canape-fauteuil-pouf\/canape-3-places-togo-de-ligne-roset\/#breadcrumb","itemListElement":[{"@type":"ListItem","position":1,"name":"Accueil","item":"https:\/\/lalmachine.com\/"},{"@type":"ListItem","position":2,"name":"Shop","item":"https:\/\/lalmachine.com\/shop\/"},{"@type":"ListItem","position":3,"name":"Canap\u00e9 3 places Togo de Ligne Roset"}]},{"@type":"WebSite","@id":"https:\/\/lalmachine.com\/#website","url":"https:\/\/lalmachine.com\/","name":"lalmachine.com","description":"Brocante en ligne Suisse | Mobilier et objets d\u00e9co vintage et design","potentialAction":[{"@type":"SearchAction","target":{"@type":"EntryPoint","urlTemplate":"https:\/\/lalmachine.com\/?s={search_term_string}"},"query-input":{"@type":"PropertyValueSpecification","valueRequired":true,"valueName":"search_term_string"}}],"inLanguage":"de"}]}},"_links":{"self":[{"href":"https:\/\/lalmachine.com\/de\/wp-json\/wp\/v2\/product\/280058","targetHints":{"allow":["GET"]}}],"collection":[{"href":"https:\/\/lalmachine.com\/de\/wp-json\/wp\/v2\/product"}],"about":[{"href":"https:\/\/lalmachine.com\/de\/wp-json\/wp\/v2\/types\/product"}],"wp:featuredmedia":[{"embeddable":true,"href":"https:\/\/lalmachine.com\/de\/wp-json\/wp\/v2\/media\/280043"}],"wp:attachment":[{"href":"https:\/\/lalmachine.com\/de\/wp-json\/wp\/v2\/media?parent=280058"}],"wp:term":[{"taxonomy":"product_brand","embeddable":true,"href":"https:\/\/lalmachine.com\/de\/wp-json\/wp\/v2\/product_brand?post=280058"},{"taxonomy":"product_cat","embeddable":true,"href":"https:\/\/lalmachine.com\/de\/wp-json\/wp\/v2\/product_cat?post=280058"},{"taxonomy":"product_tag","embeddable":true,"href":"https:\/\/lalmachine.com\/de\/wp-json\/wp\/v2\/product_tag?post=280058"},{"taxonomy":"proximite","embeddable":true,"href":"https:\/\/lalmachine.com\/de\/wp-json\/wp\/v2\/proximite?post=280058"}],"curies":[{"name":"wp","href":"https:\/\/api.w.org\/{rel}","templated":true}]}}