{"id":280108,"date":"2023-10-25T15:57:36","date_gmt":"2023-10-25T13:57:36","guid":{"rendered":"https:\/\/lalmachine.com\/?post_type=product&#038;p=280108"},"modified":"2024-12-05T21:57:20","modified_gmt":"2024-12-05T20:57:20","slug":"miroir-en-teck-de-kai-kristiansen-104-cm","status":"publish","type":"product","link":"https:\/\/lalmachine.com\/de\/shop\/decorer\/miroir\/miroir-en-teck-de-kai-kristiansen-104-cm\/","title":{"rendered":"Miroir en teck de Kai Kristiansen (104 cm)"},"content":{"rendered":"<ul class=\"wpuf_customs\"><li style=\"list-style-type:none;\"><label>Autres photos:<\/label> <a href=\"https:\/\/lalmachine.com\/wp-content\/uploads\/2022\/07\/84B5D2F0-2337-49F3-807D-CDB5220F528B-864a88db-scaled.jpeg\"><img loading=\"lazy\" decoding=\"async\" width=\"61\" height=\"96\" src=\"https:\/\/lalmachine.com\/wp-content\/uploads\/2022\/07\/84B5D2F0-2337-49F3-807D-CDB5220F528B-864a88db-scaled.jpeg\" class=\"attachment-thumbnail size-thumbnail\" alt=\"\" \/><\/a> <a href=\"https:\/\/lalmachine.com\/wp-content\/uploads\/2022\/07\/A2A3A4DD-F3CB-49FC-8454-99BEFB04AE70-fc59efdf-scaled.jpeg\"><img loading=\"lazy\" decoding=\"async\" width=\"72\" height=\"96\" src=\"https:\/\/lalmachine.com\/wp-content\/uploads\/2022\/07\/A2A3A4DD-F3CB-49FC-8454-99BEFB04AE70-fc59efdf-scaled.jpeg\" class=\"attachment-thumbnail size-thumbnail\" alt=\"\" \/><\/a> <a href=\"https:\/\/lalmachine.com\/wp-content\/uploads\/2022\/07\/47215DD4-12E3-4855-9E09-A65B78B1D71B-d8845283-scaled.jpeg\"><img loading=\"lazy\" decoding=\"async\" width=\"72\" height=\"96\" src=\"https:\/\/lalmachine.com\/wp-content\/uploads\/2022\/07\/47215DD4-12E3-4855-9E09-A65B78B1D71B-d8845283-scaled.jpeg\" class=\"attachment-thumbnail size-thumbnail\" alt=\"\" \/><\/a> <a href=\"https:\/\/lalmachine.com\/wp-content\/uploads\/2022\/07\/ABE67CD5-608C-4865-AD76-1D433C899A16-84096012-scaled.jpeg\"><img loading=\"lazy\" decoding=\"async\" width=\"72\" height=\"96\" src=\"https:\/\/lalmachine.com\/wp-content\/uploads\/2022\/07\/ABE67CD5-608C-4865-AD76-1D433C899A16-84096012-scaled.jpeg\" class=\"attachment-thumbnail size-thumbnail\" alt=\"\" \/><\/a> <a href=\"https:\/\/lalmachine.com\/wp-content\/uploads\/2022\/07\/ADF4FBA6-FB48-4D85-B29B-A716ED94CCB6-b1c191f9-scaled.jpeg\"><img loading=\"lazy\" decoding=\"async\" width=\"65\" height=\"96\" src=\"https:\/\/lalmachine.com\/wp-content\/uploads\/2022\/07\/ADF4FBA6-FB48-4D85-B29B-A716ED94CCB6-b1c191f9-scaled.jpeg\" class=\"attachment-thumbnail size-thumbnail\" alt=\"\" \/><\/a> <a href=\"https:\/\/lalmachine.com\/wp-content\/uploads\/2022\/07\/27CFD5FD-2A05-4D5D-AAEB-53B068509BE4-8961574b-scaled.jpeg\"><img loading=\"lazy\" decoding=\"async\" width=\"72\" height=\"96\" src=\"https:\/\/lalmachine.com\/wp-content\/uploads\/2022\/07\/27CFD5FD-2A05-4D5D-AAEB-53B068509BE4-8961574b-scaled.jpeg\" class=\"attachment-thumbnail size-thumbnail\" alt=\"\" \/><\/a> <a href=\"https:\/\/lalmachine.com\/wp-content\/uploads\/2022\/07\/0303FC3E-A5DF-4D3C-BC9D-F0BCB37B1BE2-9d486d9b-scaled.jpeg\"><img loading=\"lazy\" decoding=\"async\" width=\"54\" height=\"96\" src=\"https:\/\/lalmachine.com\/wp-content\/uploads\/2022\/07\/0303FC3E-A5DF-4D3C-BC9D-F0BCB37B1BE2-9d486d9b-scaled.jpeg\" class=\"attachment-thumbnail size-thumbnail\" alt=\"\" \/><\/a> <a href=\"https:\/\/lalmachine.com\/wp-content\/uploads\/2022\/07\/247079DC-171C-4BB9-8667-B02B1EFBA4D8-41828e8a-scaled.jpeg\"><img loading=\"lazy\" decoding=\"async\" width=\"72\" height=\"96\" src=\"https:\/\/lalmachine.com\/wp-content\/uploads\/2022\/07\/247079DC-171C-4BB9-8667-B02B1EFBA4D8-41828e8a-scaled.jpeg\" class=\"attachment-thumbnail size-thumbnail\" alt=\"\" \/><\/a> <a href=\"https:\/\/lalmachine.com\/wp-content\/uploads\/2022\/07\/3E5AFBCB-64EA-4A24-8055-47E238FC7857-aad48d03-scaled.jpeg\"><img loading=\"lazy\" decoding=\"async\" width=\"72\" height=\"96\" src=\"https:\/\/lalmachine.com\/wp-content\/uploads\/2022\/07\/3E5AFBCB-64EA-4A24-8055-47E238FC7857-aad48d03-scaled.jpeg\" class=\"attachment-thumbnail size-thumbnail\" alt=\"\" \/><\/a> <a href=\"https:\/\/lalmachine.com\/wp-content\/uploads\/2022\/07\/588191D5-882E-4FD6-87BC-BF3A649BD8BF-0ee62e1b-scaled.jpeg\"><img loading=\"lazy\" decoding=\"async\" width=\"57\" height=\"96\" src=\"https:\/\/lalmachine.com\/wp-content\/uploads\/2022\/07\/588191D5-882E-4FD6-87BC-BF3A649BD8BF-0ee62e1b-scaled.jpeg\" class=\"attachment-thumbnail size-thumbnail\" alt=\"\" \/><\/a> <a href=\"https:\/\/lalmachine.com\/wp-content\/uploads\/2022\/07\/DA690E4A-EFFC-4A71-A53B-6158E4EBC9B6-3564466e-scaled.jpeg\"><img loading=\"lazy\" decoding=\"async\" width=\"72\" height=\"96\" src=\"https:\/\/lalmachine.com\/wp-content\/uploads\/2022\/07\/DA690E4A-EFFC-4A71-A53B-6158E4EBC9B6-3564466e-scaled.jpeg\" class=\"attachment-thumbnail size-thumbnail\" alt=\"\" \/><\/a> <a href=\"https:\/\/lalmachine.com\/wp-content\/uploads\/2022\/07\/7EABF8A6-CC75-4269-BD80-C08EB585C158-d704208b-scaled.jpeg\"><img loading=\"lazy\" decoding=\"async\" width=\"72\" height=\"96\" src=\"https:\/\/lalmachine.com\/wp-content\/uploads\/2022\/07\/7EABF8A6-CC75-4269-BD80-C08EB585C158-d704208b-scaled.jpeg\" class=\"attachment-thumbnail size-thumbnail\" alt=\"\" \/><\/a> <a href=\"https:\/\/lalmachine.com\/wp-content\/uploads\/2022\/07\/B3F24B62-0446-4F77-8F9D-255EF2C5E809-a141dba5-scaled.jpeg\"><img loading=\"lazy\" decoding=\"async\" width=\"72\" height=\"96\" src=\"https:\/\/lalmachine.com\/wp-content\/uploads\/2022\/07\/B3F24B62-0446-4F77-8F9D-255EF2C5E809-a141dba5-scaled.jpeg\" class=\"attachment-thumbnail size-thumbnail\" alt=\"\" \/><\/a> <a href=\"https:\/\/lalmachine.com\/wp-content\/uploads\/2022\/07\/63A9F7EB-0786-4ADF-9D6F-40AA0642C485-709a73a2-scaled.jpeg\"><img loading=\"lazy\" decoding=\"async\" width=\"72\" height=\"96\" src=\"https:\/\/lalmachine.com\/wp-content\/uploads\/2022\/07\/63A9F7EB-0786-4ADF-9D6F-40AA0642C485-709a73a2-scaled.jpeg\" class=\"attachment-thumbnail size-thumbnail\" alt=\"\" \/><\/a> <a href=\"https:\/\/lalmachine.com\/wp-content\/uploads\/2022\/07\/0B65AB84-6AB8-4387-9972-B2100E7A1A4B-1ac8668e-scaled.jpeg\"><img loading=\"lazy\" decoding=\"async\" width=\"72\" height=\"96\" src=\"https:\/\/lalmachine.com\/wp-content\/uploads\/2022\/07\/0B65AB84-6AB8-4387-9972-B2100E7A1A4B-1ac8668e-scaled.jpeg\" class=\"attachment-thumbnail size-thumbnail\" alt=\"\" \/><\/a> <\/li>        <li class=\"wpuf-field-data wpuf-field-data-numeric_text_field\">\n                            <label>Prix:<\/label>\n                        350        <\/li>\n                <li class=\"wpuf-field-data wpuf-field-data-numeric_text_field\">\n                            <label>Quantit\u00e9:<\/label>\n                        0        <\/li>\n                <li class=\"wpuf-field-data wpuf-field-data-numeric_text_field\">\n                            <label>Hauteur (cm):<\/label>\n                        104        <\/li>\n                <li class=\"wpuf-field-data wpuf-field-data-numeric_text_field\">\n                            <label>Largeur (cm):<\/label>\n                        40        <\/li>\n                <li class=\"wpuf-field-data wpuf-field-data-numeric_text_field\">\n                            <label>Profondeur (cm):<\/label>\n                        3        <\/li>\n        <\/ul>","protected":false},"excerpt":{"rendered":"<p>Grand miroir en teck du designer Kai Kristiansen pour la marque Aksel Kjesgaard, circa ann\u00e9es 60.<br \/>\nLe miroir peut \u00eatre utilis\u00e9 dans un dressing ou une entr\u00e9e.<\/p>\n<p>En bon \u00e9tat, le miroir a cependant quelques l\u00e9g\u00e8res marques d\u2019usage, l\u2019un des cot\u00e9s semble \u00e9galement avoir \u00e9t\u00e9 recoll\u00e9 et le bois est l\u00e9g\u00e8rement d\u00e9cal\u00e9 (voir photos)<\/p>\n<p>Estampill\u00e9 au dos<br \/>\nMod\u00e8le num\u00e9ro 73<\/p>","protected":false},"featured_media":280148,"template":"","meta":{"_et_pb_use_builder":"","_et_pb_old_content":"","_et_gb_content_width":""},"product_brand":[],"product_cat":[50,93],"product_tag":[],"proximite":[281,179],"class_list":{"0":"post-280108","1":"product","2":"type-product","3":"status-publish","4":"has-post-thumbnail","6":"product_cat-decorer","7":"product_cat-miroir","8":"product_shipping_class-50-chf","9":"pa_couleur-bois","10":"pa_designer-autres-designers","11":"pa_etat-bon-etat","12":"pa_materiau-bois","13":"pa_style-scandinave","14":"proximite-nyon","15":"proximite-vaud","17":"first","18":"outofstock","19":"shipping-taxable","20":"purchasable","21":"product-type-simple"},"yoast_head":"<!-- This site is optimized with the Yoast SEO plugin v27.3 - https:\/\/yoast.com\/product\/yoast-seo-wordpress\/ -->\n<title>Miroir en teck de Kai Kristiansen (104 cm) | lalmachine.com, mobilier et objets d\u00e9co vintage et design<\/title>\n<meta name=\"description\" content=\"Grand miroir en teck du designer Kai Kristiansen pour la marque Aksel Kjesgaard, circa ann\u00e9es 60. Le miroir peut \u00eatre utilis\u00e9 dans un dressing ou une entr\u00e9e.\" \/>\n<meta name=\"robots\" content=\"index, follow, max-snippet:-1, max-image-preview:large, max-video-preview:-1\" \/>\n<link rel=\"canonical\" href=\"https:\/\/lalmachine.com\/de\/shop\/decorer\/miroir\/miroir-en-teck-de-kai-kristiansen-104-cm\/\" \/>\n<meta property=\"og:locale\" content=\"de_DE\" \/>\n<meta property=\"og:type\" content=\"article\" \/>\n<meta property=\"og:title\" content=\"Miroir en teck de Kai Kristiansen (104 cm) | lalmachine.com, mobilier et objets d\u00e9co vintage et design\" \/>\n<meta property=\"og:description\" content=\"Grand miroir en teck du designer Kai Kristiansen pour la marque Aksel Kjesgaard, circa ann\u00e9es 60. Le miroir peut \u00eatre utilis\u00e9 dans un dressing ou une entr\u00e9e.\" \/>\n<meta property=\"og:url\" content=\"https:\/\/lalmachine.com\/de\/shop\/decorer\/miroir\/miroir-en-teck-de-kai-kristiansen-104-cm\/\" \/>\n<meta property=\"og:site_name\" content=\"lalmachine.com\" \/>\n<meta property=\"article:publisher\" content=\"https:\/\/facebook.com\/lalmachine\" \/>\n<meta property=\"article:modified_time\" content=\"2024-12-05T20:57:20+00:00\" \/>\n<meta property=\"og:image\" content=\"https:\/\/lalmachine.com\/wp-content\/uploads\/2022\/07\/Pasted-20220721-073318_clipped_rev_1-scaled.jpeg\" \/>\n\t<meta property=\"og:image:width\" content=\"2560\" \/>\n\t<meta property=\"og:image:height\" content=\"2560\" \/>\n\t<meta property=\"og:image:type\" content=\"image\/jpeg\" \/>\n<meta name=\"twitter:card\" content=\"summary_large_image\" \/>\n<script type=\"application\/ld+json\" class=\"yoast-schema-graph\">{\"@context\":\"https:\\\/\\\/schema.org\",\"@graph\":[{\"@type\":\"WebPage\",\"@id\":\"https:\\\/\\\/lalmachine.com\\\/shop\\\/decorer\\\/miroir\\\/miroir-en-teck-de-kai-kristiansen-104-cm\\\/\",\"url\":\"https:\\\/\\\/lalmachine.com\\\/shop\\\/decorer\\\/miroir\\\/miroir-en-teck-de-kai-kristiansen-104-cm\\\/\",\"name\":\"Miroir en teck de Kai Kristiansen (104 cm) | lalmachine.com, mobilier et objets d\u00e9co vintage et design\",\"isPartOf\":{\"@id\":\"https:\\\/\\\/lalmachine.com\\\/#website\"},\"primaryImageOfPage\":{\"@id\":\"https:\\\/\\\/lalmachine.com\\\/shop\\\/decorer\\\/miroir\\\/miroir-en-teck-de-kai-kristiansen-104-cm\\\/#primaryimage\"},\"image\":{\"@id\":\"https:\\\/\\\/lalmachine.com\\\/shop\\\/decorer\\\/miroir\\\/miroir-en-teck-de-kai-kristiansen-104-cm\\\/#primaryimage\"},\"thumbnailUrl\":\"https:\\\/\\\/lalmachine.com\\\/wp-content\\\/uploads\\\/2022\\\/07\\\/Pasted-20220721-073318_clipped_rev_1-scaled.jpeg\",\"datePublished\":\"2023-10-25T13:57:36+00:00\",\"dateModified\":\"2024-12-05T20:57:20+00:00\",\"description\":\"Grand miroir en teck du designer Kai Kristiansen pour la marque Aksel Kjesgaard, circa ann\u00e9es 60. Le miroir peut \u00eatre utilis\u00e9 dans un dressing ou une entr\u00e9e.\",\"breadcrumb\":{\"@id\":\"https:\\\/\\\/lalmachine.com\\\/shop\\\/decorer\\\/miroir\\\/miroir-en-teck-de-kai-kristiansen-104-cm\\\/#breadcrumb\"},\"inLanguage\":\"de\",\"potentialAction\":[{\"@type\":\"ReadAction\",\"target\":[\"https:\\\/\\\/lalmachine.com\\\/shop\\\/decorer\\\/miroir\\\/miroir-en-teck-de-kai-kristiansen-104-cm\\\/\"]}]},{\"@type\":\"ImageObject\",\"inLanguage\":\"de\",\"@id\":\"https:\\\/\\\/lalmachine.com\\\/shop\\\/decorer\\\/miroir\\\/miroir-en-teck-de-kai-kristiansen-104-cm\\\/#primaryimage\",\"url\":\"https:\\\/\\\/lalmachine.com\\\/wp-content\\\/uploads\\\/2022\\\/07\\\/Pasted-20220721-073318_clipped_rev_1-scaled.jpeg\",\"contentUrl\":\"https:\\\/\\\/lalmachine.com\\\/wp-content\\\/uploads\\\/2022\\\/07\\\/Pasted-20220721-073318_clipped_rev_1-scaled.jpeg\",\"width\":2560,\"height\":2560,\"caption\":\"Miroir en teck de Kai Kristiansen\"},{\"@type\":\"BreadcrumbList\",\"@id\":\"https:\\\/\\\/lalmachine.com\\\/shop\\\/decorer\\\/miroir\\\/miroir-en-teck-de-kai-kristiansen-104-cm\\\/#breadcrumb\",\"itemListElement\":[{\"@type\":\"ListItem\",\"position\":1,\"name\":\"Accueil\",\"item\":\"https:\\\/\\\/lalmachine.com\\\/\"},{\"@type\":\"ListItem\",\"position\":2,\"name\":\"Shop\",\"item\":\"https:\\\/\\\/lalmachine.com\\\/shop\\\/\"},{\"@type\":\"ListItem\",\"position\":3,\"name\":\"Miroir en teck de Kai Kristiansen (104 cm)\"}]},{\"@type\":\"WebSite\",\"@id\":\"https:\\\/\\\/lalmachine.com\\\/#website\",\"url\":\"https:\\\/\\\/lalmachine.com\\\/\",\"name\":\"lalmachine.com\",\"description\":\"Brocante en ligne Suisse | Mobilier et objets d\u00e9co vintage et design\",\"potentialAction\":[{\"@type\":\"SearchAction\",\"target\":{\"@type\":\"EntryPoint\",\"urlTemplate\":\"https:\\\/\\\/lalmachine.com\\\/?s={search_term_string}\"},\"query-input\":{\"@type\":\"PropertyValueSpecification\",\"valueRequired\":true,\"valueName\":\"search_term_string\"}}],\"inLanguage\":\"de\"}]}<\/script>\n<!-- \/ Yoast SEO plugin. -->","yoast_head_json":{"title":"Miroir en teck de Kai Kristiansen (104 cm) | lalmachine.com, mobilier et objets d\u00e9co vintage et design","description":"Grand miroir en teck du designer Kai Kristiansen pour la marque Aksel Kjesgaard, circa ann\u00e9es 60. Le miroir peut \u00eatre utilis\u00e9 dans un dressing ou une entr\u00e9e.","robots":{"index":"index","follow":"follow","max-snippet":"max-snippet:-1","max-image-preview":"max-image-preview:large","max-video-preview":"max-video-preview:-1"},"canonical":"https:\/\/lalmachine.com\/de\/shop\/decorer\/miroir\/miroir-en-teck-de-kai-kristiansen-104-cm\/","og_locale":"de_DE","og_type":"article","og_title":"Miroir en teck de Kai Kristiansen (104 cm) | lalmachine.com, mobilier et objets d\u00e9co vintage et design","og_description":"Grand miroir en teck du designer Kai Kristiansen pour la marque Aksel Kjesgaard, circa ann\u00e9es 60. Le miroir peut \u00eatre utilis\u00e9 dans un dressing ou une entr\u00e9e.","og_url":"https:\/\/lalmachine.com\/de\/shop\/decorer\/miroir\/miroir-en-teck-de-kai-kristiansen-104-cm\/","og_site_name":"lalmachine.com","article_publisher":"https:\/\/facebook.com\/lalmachine","article_modified_time":"2024-12-05T20:57:20+00:00","og_image":[{"width":2560,"height":2560,"url":"https:\/\/lalmachine.com\/wp-content\/uploads\/2022\/07\/Pasted-20220721-073318_clipped_rev_1-scaled.jpeg","type":"image\/jpeg"}],"twitter_card":"summary_large_image","schema":{"@context":"https:\/\/schema.org","@graph":[{"@type":"WebPage","@id":"https:\/\/lalmachine.com\/shop\/decorer\/miroir\/miroir-en-teck-de-kai-kristiansen-104-cm\/","url":"https:\/\/lalmachine.com\/shop\/decorer\/miroir\/miroir-en-teck-de-kai-kristiansen-104-cm\/","name":"Miroir en teck de Kai Kristiansen (104 cm) | lalmachine.com, mobilier et objets d\u00e9co vintage et design","isPartOf":{"@id":"https:\/\/lalmachine.com\/#website"},"primaryImageOfPage":{"@id":"https:\/\/lalmachine.com\/shop\/decorer\/miroir\/miroir-en-teck-de-kai-kristiansen-104-cm\/#primaryimage"},"image":{"@id":"https:\/\/lalmachine.com\/shop\/decorer\/miroir\/miroir-en-teck-de-kai-kristiansen-104-cm\/#primaryimage"},"thumbnailUrl":"https:\/\/lalmachine.com\/wp-content\/uploads\/2022\/07\/Pasted-20220721-073318_clipped_rev_1-scaled.jpeg","datePublished":"2023-10-25T13:57:36+00:00","dateModified":"2024-12-05T20:57:20+00:00","description":"Grand miroir en teck du designer Kai Kristiansen pour la marque Aksel Kjesgaard, circa ann\u00e9es 60. Le miroir peut \u00eatre utilis\u00e9 dans un dressing ou une entr\u00e9e.","breadcrumb":{"@id":"https:\/\/lalmachine.com\/shop\/decorer\/miroir\/miroir-en-teck-de-kai-kristiansen-104-cm\/#breadcrumb"},"inLanguage":"de","potentialAction":[{"@type":"ReadAction","target":["https:\/\/lalmachine.com\/shop\/decorer\/miroir\/miroir-en-teck-de-kai-kristiansen-104-cm\/"]}]},{"@type":"ImageObject","inLanguage":"de","@id":"https:\/\/lalmachine.com\/shop\/decorer\/miroir\/miroir-en-teck-de-kai-kristiansen-104-cm\/#primaryimage","url":"https:\/\/lalmachine.com\/wp-content\/uploads\/2022\/07\/Pasted-20220721-073318_clipped_rev_1-scaled.jpeg","contentUrl":"https:\/\/lalmachine.com\/wp-content\/uploads\/2022\/07\/Pasted-20220721-073318_clipped_rev_1-scaled.jpeg","width":2560,"height":2560,"caption":"Miroir en teck de Kai Kristiansen"},{"@type":"BreadcrumbList","@id":"https:\/\/lalmachine.com\/shop\/decorer\/miroir\/miroir-en-teck-de-kai-kristiansen-104-cm\/#breadcrumb","itemListElement":[{"@type":"ListItem","position":1,"name":"Accueil","item":"https:\/\/lalmachine.com\/"},{"@type":"ListItem","position":2,"name":"Shop","item":"https:\/\/lalmachine.com\/shop\/"},{"@type":"ListItem","position":3,"name":"Miroir en teck de Kai Kristiansen (104 cm)"}]},{"@type":"WebSite","@id":"https:\/\/lalmachine.com\/#website","url":"https:\/\/lalmachine.com\/","name":"lalmachine.com","description":"Brocante en ligne Suisse | Mobilier et objets d\u00e9co vintage et design","potentialAction":[{"@type":"SearchAction","target":{"@type":"EntryPoint","urlTemplate":"https:\/\/lalmachine.com\/?s={search_term_string}"},"query-input":{"@type":"PropertyValueSpecification","valueRequired":true,"valueName":"search_term_string"}}],"inLanguage":"de"}]}},"_links":{"self":[{"href":"https:\/\/lalmachine.com\/de\/wp-json\/wp\/v2\/product\/280108","targetHints":{"allow":["GET"]}}],"collection":[{"href":"https:\/\/lalmachine.com\/de\/wp-json\/wp\/v2\/product"}],"about":[{"href":"https:\/\/lalmachine.com\/de\/wp-json\/wp\/v2\/types\/product"}],"wp:featuredmedia":[{"embeddable":true,"href":"https:\/\/lalmachine.com\/de\/wp-json\/wp\/v2\/media\/280148"}],"wp:attachment":[{"href":"https:\/\/lalmachine.com\/de\/wp-json\/wp\/v2\/media?parent=280108"}],"wp:term":[{"taxonomy":"product_brand","embeddable":true,"href":"https:\/\/lalmachine.com\/de\/wp-json\/wp\/v2\/product_brand?post=280108"},{"taxonomy":"product_cat","embeddable":true,"href":"https:\/\/lalmachine.com\/de\/wp-json\/wp\/v2\/product_cat?post=280108"},{"taxonomy":"product_tag","embeddable":true,"href":"https:\/\/lalmachine.com\/de\/wp-json\/wp\/v2\/product_tag?post=280108"},{"taxonomy":"proximite","embeddable":true,"href":"https:\/\/lalmachine.com\/de\/wp-json\/wp\/v2\/proximite?post=280108"}],"curies":[{"name":"wp","href":"https:\/\/api.w.org\/{rel}","templated":true}]}}