{"id":280435,"date":"2022-07-25T09:35:58","date_gmt":"2022-07-25T07:35:58","guid":{"rendered":"https:\/\/lalmachine.com\/?post_type=product&#038;p=280435"},"modified":"2024-12-05T21:57:21","modified_gmt":"2024-12-05T20:57:21","slug":"etagere-telescopique-victoria-mobel-3","status":"publish","type":"product","link":"https:\/\/lalmachine.com\/de\/shop\/meubler\/meuble-de-rangement\/etagere-telescopique-victoria-mobel-3\/","title":{"rendered":"\u00c9tag\u00e8re t\u00e9lescopique Victoria M\u00f6bel"},"content":{"rendered":"<ul class=\"wpuf_customs\"><li style=\"list-style-type:none;\"><label>Autres photos:<\/label> <a href=\"https:\/\/lalmachine.com\/wp-content\/uploads\/2022\/07\/IMG20220722131230-748dd592-scaled.jpg\"><img loading=\"lazy\" decoding=\"async\" width=\"72\" height=\"96\" src=\"https:\/\/lalmachine.com\/wp-content\/uploads\/2022\/07\/IMG20220722131230-748dd592-scaled.jpg\" class=\"attachment-thumbnail size-thumbnail\" alt=\"\" srcset=\"https:\/\/lalmachine.com\/wp-content\/uploads\/2022\/07\/IMG20220722131230-748dd592-scaled.jpg 1920w, https:\/\/lalmachine.com\/wp-content\/uploads\/2022\/07\/IMG20220722131230-748dd592-64x85.jpg 64w\" sizes=\"(max-width: 72px) 100vw, 72px\" \/><\/a> <a href=\"https:\/\/lalmachine.com\/wp-content\/uploads\/2022\/07\/IMG20220722131212-915bb50d-scaled.jpg\"><img loading=\"lazy\" decoding=\"async\" width=\"72\" height=\"96\" src=\"https:\/\/lalmachine.com\/wp-content\/uploads\/2022\/07\/IMG20220722131212-915bb50d-scaled.jpg\" class=\"attachment-thumbnail size-thumbnail\" alt=\"\" srcset=\"https:\/\/lalmachine.com\/wp-content\/uploads\/2022\/07\/IMG20220722131212-915bb50d-scaled.jpg 1920w, https:\/\/lalmachine.com\/wp-content\/uploads\/2022\/07\/IMG20220722131212-915bb50d-64x85.jpg 64w\" sizes=\"(max-width: 72px) 100vw, 72px\" \/><\/a> <a href=\"https:\/\/lalmachine.com\/wp-content\/uploads\/2022\/07\/IMG20220722131235-2234e6d9-scaled.jpg\"><img loading=\"lazy\" decoding=\"async\" width=\"72\" height=\"96\" src=\"https:\/\/lalmachine.com\/wp-content\/uploads\/2022\/07\/IMG20220722131235-2234e6d9-scaled.jpg\" class=\"attachment-thumbnail size-thumbnail\" alt=\"\" srcset=\"https:\/\/lalmachine.com\/wp-content\/uploads\/2022\/07\/IMG20220722131235-2234e6d9-scaled.jpg 1920w, https:\/\/lalmachine.com\/wp-content\/uploads\/2022\/07\/IMG20220722131235-2234e6d9-64x85.jpg 64w\" sizes=\"(max-width: 72px) 100vw, 72px\" \/><\/a> <a href=\"https:\/\/lalmachine.com\/wp-content\/uploads\/2022\/07\/IMG20220722131246-10fe8359-scaled.jpg\"><img loading=\"lazy\" decoding=\"async\" width=\"72\" height=\"96\" src=\"https:\/\/lalmachine.com\/wp-content\/uploads\/2022\/07\/IMG20220722131246-10fe8359-scaled.jpg\" class=\"attachment-thumbnail size-thumbnail\" alt=\"\" srcset=\"https:\/\/lalmachine.com\/wp-content\/uploads\/2022\/07\/IMG20220722131246-10fe8359-scaled.jpg 1920w, https:\/\/lalmachine.com\/wp-content\/uploads\/2022\/07\/IMG20220722131246-10fe8359-64x85.jpg 64w\" sizes=\"(max-width: 72px) 100vw, 72px\" \/><\/a> <a href=\"https:\/\/lalmachine.com\/wp-content\/uploads\/2022\/07\/IMG20220722131259-be0638b3-scaled.jpg\"><img loading=\"lazy\" decoding=\"async\" width=\"72\" height=\"96\" src=\"https:\/\/lalmachine.com\/wp-content\/uploads\/2022\/07\/IMG20220722131259-be0638b3-scaled.jpg\" class=\"attachment-thumbnail size-thumbnail\" alt=\"\" srcset=\"https:\/\/lalmachine.com\/wp-content\/uploads\/2022\/07\/IMG20220722131259-be0638b3-scaled.jpg 1920w, https:\/\/lalmachine.com\/wp-content\/uploads\/2022\/07\/IMG20220722131259-be0638b3-64x85.jpg 64w\" sizes=\"(max-width: 72px) 100vw, 72px\" \/><\/a> <a href=\"https:\/\/lalmachine.com\/wp-content\/uploads\/2022\/07\/IMG20220722131315-4bfafe06-scaled.jpg\"><img loading=\"lazy\" decoding=\"async\" width=\"72\" height=\"96\" src=\"https:\/\/lalmachine.com\/wp-content\/uploads\/2022\/07\/IMG20220722131315-4bfafe06-scaled.jpg\" class=\"attachment-thumbnail size-thumbnail\" alt=\"\" srcset=\"https:\/\/lalmachine.com\/wp-content\/uploads\/2022\/07\/IMG20220722131315-4bfafe06-scaled.jpg 1920w, https:\/\/lalmachine.com\/wp-content\/uploads\/2022\/07\/IMG20220722131315-4bfafe06-64x85.jpg 64w\" sizes=\"(max-width: 72px) 100vw, 72px\" \/><\/a> <a href=\"https:\/\/lalmachine.com\/wp-content\/uploads\/2022\/07\/IMG20220722131324-ab8fc12c-scaled.jpg\"><img loading=\"lazy\" decoding=\"async\" width=\"72\" height=\"96\" src=\"https:\/\/lalmachine.com\/wp-content\/uploads\/2022\/07\/IMG20220722131324-ab8fc12c-scaled.jpg\" class=\"attachment-thumbnail size-thumbnail\" alt=\"\" srcset=\"https:\/\/lalmachine.com\/wp-content\/uploads\/2022\/07\/IMG20220722131324-ab8fc12c-scaled.jpg 1920w, https:\/\/lalmachine.com\/wp-content\/uploads\/2022\/07\/IMG20220722131324-ab8fc12c-64x85.jpg 64w\" sizes=\"(max-width: 72px) 100vw, 72px\" \/><\/a> <a href=\"https:\/\/lalmachine.com\/wp-content\/uploads\/2022\/07\/IMG20220722131343-8b5a82c8-scaled.jpg\"><img loading=\"lazy\" decoding=\"async\" width=\"72\" height=\"96\" src=\"https:\/\/lalmachine.com\/wp-content\/uploads\/2022\/07\/IMG20220722131343-8b5a82c8-scaled.jpg\" class=\"attachment-thumbnail size-thumbnail\" alt=\"\" srcset=\"https:\/\/lalmachine.com\/wp-content\/uploads\/2022\/07\/IMG20220722131343-8b5a82c8-scaled.jpg 1920w, https:\/\/lalmachine.com\/wp-content\/uploads\/2022\/07\/IMG20220722131343-8b5a82c8-64x85.jpg 64w\" sizes=\"(max-width: 72px) 100vw, 72px\" \/><\/a> <a href=\"https:\/\/lalmachine.com\/wp-content\/uploads\/2022\/07\/IMG20220722131433-5d7f801c-scaled.jpg\"><img loading=\"lazy\" decoding=\"async\" width=\"72\" height=\"96\" src=\"https:\/\/lalmachine.com\/wp-content\/uploads\/2022\/07\/IMG20220722131433-5d7f801c-scaled.jpg\" class=\"attachment-thumbnail size-thumbnail\" alt=\"\" srcset=\"https:\/\/lalmachine.com\/wp-content\/uploads\/2022\/07\/IMG20220722131433-5d7f801c-scaled.jpg 1920w, https:\/\/lalmachine.com\/wp-content\/uploads\/2022\/07\/IMG20220722131433-5d7f801c-64x85.jpg 64w\" sizes=\"(max-width: 72px) 100vw, 72px\" \/><\/a> <a href=\"https:\/\/lalmachine.com\/wp-content\/uploads\/2022\/07\/IMG20220722131445-14fd99f5-scaled.jpg\"><img loading=\"lazy\" decoding=\"async\" width=\"72\" height=\"96\" src=\"https:\/\/lalmachine.com\/wp-content\/uploads\/2022\/07\/IMG20220722131445-14fd99f5-scaled.jpg\" class=\"attachment-thumbnail size-thumbnail\" alt=\"\" srcset=\"https:\/\/lalmachine.com\/wp-content\/uploads\/2022\/07\/IMG20220722131445-14fd99f5-scaled.jpg 1920w, https:\/\/lalmachine.com\/wp-content\/uploads\/2022\/07\/IMG20220722131445-14fd99f5-64x85.jpg 64w\" sizes=\"(max-width: 72px) 100vw, 72px\" \/><\/a> <a href=\"https:\/\/lalmachine.com\/wp-content\/uploads\/2022\/07\/IMG20220722131452-d5e6ec03-scaled.jpg\"><img loading=\"lazy\" decoding=\"async\" width=\"72\" height=\"96\" src=\"https:\/\/lalmachine.com\/wp-content\/uploads\/2022\/07\/IMG20220722131452-d5e6ec03-scaled.jpg\" class=\"attachment-thumbnail size-thumbnail\" alt=\"\" srcset=\"https:\/\/lalmachine.com\/wp-content\/uploads\/2022\/07\/IMG20220722131452-d5e6ec03-scaled.jpg 1920w, https:\/\/lalmachine.com\/wp-content\/uploads\/2022\/07\/IMG20220722131452-d5e6ec03-64x85.jpg 64w\" sizes=\"(max-width: 72px) 100vw, 72px\" \/><\/a> <a href=\"https:\/\/lalmachine.com\/wp-content\/uploads\/2022\/07\/IMG20220722131503-cec9b14a-scaled.jpg\"><img loading=\"lazy\" decoding=\"async\" width=\"72\" height=\"96\" src=\"https:\/\/lalmachine.com\/wp-content\/uploads\/2022\/07\/IMG20220722131503-cec9b14a-scaled.jpg\" class=\"attachment-thumbnail size-thumbnail\" alt=\"\" srcset=\"https:\/\/lalmachine.com\/wp-content\/uploads\/2022\/07\/IMG20220722131503-cec9b14a-scaled.jpg 1920w, https:\/\/lalmachine.com\/wp-content\/uploads\/2022\/07\/IMG20220722131503-cec9b14a-64x85.jpg 64w\" sizes=\"(max-width: 72px) 100vw, 72px\" \/><\/a> <a href=\"https:\/\/lalmachine.com\/wp-content\/uploads\/2022\/07\/IMG20220722131519-44e06ea9-scaled.jpg\"><img loading=\"lazy\" decoding=\"async\" width=\"72\" height=\"96\" src=\"https:\/\/lalmachine.com\/wp-content\/uploads\/2022\/07\/IMG20220722131519-44e06ea9-scaled.jpg\" class=\"attachment-thumbnail size-thumbnail\" alt=\"\" srcset=\"https:\/\/lalmachine.com\/wp-content\/uploads\/2022\/07\/IMG20220722131519-44e06ea9-scaled.jpg 1920w, https:\/\/lalmachine.com\/wp-content\/uploads\/2022\/07\/IMG20220722131519-44e06ea9-64x85.jpg 64w\" sizes=\"(max-width: 72px) 100vw, 72px\" \/><\/a> <\/li>        <li class=\"wpuf-field-data wpuf-field-data-numeric_text_field\">\n                            <label>Prix:<\/label>\n                        450        <\/li>\n                <li class=\"wpuf-field-data wpuf-field-data-numeric_text_field\">\n                            <label>Hauteur (cm):<\/label>\n                        273        <\/li>\n                <li class=\"wpuf-field-data wpuf-field-data-numeric_text_field\">\n                            <label>Largeur (cm):<\/label>\n                        100        <\/li>\n                <li class=\"wpuf-field-data wpuf-field-data-numeric_text_field\">\n                            <label>Profondeur (cm):<\/label>\n                        30        <\/li>\n        <\/ul>","protected":false},"excerpt":{"rendered":"<p>\u00c9tag\u00e8re t\u00e9lescopique vintage modulable produite par le fabricant suisse Victoria M\u00f6bel. Compos\u00e9e de 2 barres en m\u00e9tal r\u00e9glables (hauteur min : 225 cm, max : 273 cm) et de 5 tablars en bois. Le bois des tablars est \u00e9l\u00e9gant, en bon \u00e9tat et d\u2019une belle couleur. 3 tablars mesurent 22 cm de profondeur, les 2 derniers 30 cm. L\u2019\u00e9tag\u00e8re est parfaitement stable et fonctionnelle.<\/p>\n<p>Livraison possible (sous 2\/3 semaines, \u00e0 r\u00e9gler le jour de la livraison) :<br \/>\n\u2013 Berne : 30 CHF<br \/>\n\u2013 Lausanne : 50 CHF<br \/>\n\u2013 Gen\u00e8ve, Z\u00fcrich : 100 CHF<br \/>\n\u2013 Autres villes sur demande<\/p>","protected":false},"featured_media":280421,"template":"","meta":{"_et_pb_use_builder":"","_et_pb_old_content":"","_et_gb_content_width":""},"product_brand":[],"product_cat":[83,47],"product_tag":[],"proximite":[177,235],"class_list":{"0":"post-280435","1":"product","2":"type-product","3":"status-publish","4":"has-post-thumbnail","6":"product_cat-meuble-de-rangement","7":"product_cat-meubler","8":"pa_couleur-bois","9":"pa_etat-bon-etat","10":"pa_materiau-bois","11":"pa_style-vintage","12":"proximite-fribourg","13":"proximite-sarine","15":"first","16":"outofstock","17":"shipping-taxable","18":"purchasable","19":"product-type-simple"},"yoast_head":"<!-- This site is optimized with the Yoast SEO plugin v27.3 - https:\/\/yoast.com\/product\/yoast-seo-wordpress\/ -->\n<title>\u00c9tag\u00e8re t\u00e9lescopique Victoria M\u00f6bel | lalmachine.com, mobilier et objets d\u00e9co vintage et design<\/title>\n<meta name=\"description\" content=\"\u00c9tag\u00e8re t\u00e9lescopique vintage modulable produite par le fabricant suisse Victoria M\u00f6bel.\" \/>\n<meta name=\"robots\" content=\"index, follow, max-snippet:-1, max-image-preview:large, max-video-preview:-1\" \/>\n<link rel=\"canonical\" href=\"https:\/\/lalmachine.com\/de\/shop\/meubler\/meuble-de-rangement\/etagere-telescopique-victoria-mobel-3\/\" \/>\n<meta property=\"og:locale\" content=\"de_DE\" \/>\n<meta property=\"og:type\" content=\"article\" \/>\n<meta property=\"og:title\" content=\"\u00c9tag\u00e8re t\u00e9lescopique Victoria M\u00f6bel | lalmachine.com, mobilier et objets d\u00e9co vintage et design\" \/>\n<meta property=\"og:description\" content=\"\u00c9tag\u00e8re t\u00e9lescopique vintage modulable produite par le fabricant suisse Victoria M\u00f6bel.\" \/>\n<meta property=\"og:url\" content=\"https:\/\/lalmachine.com\/de\/shop\/meubler\/meuble-de-rangement\/etagere-telescopique-victoria-mobel-3\/\" \/>\n<meta property=\"og:site_name\" content=\"lalmachine.com\" \/>\n<meta property=\"article:publisher\" content=\"https:\/\/facebook.com\/lalmachine\" \/>\n<meta property=\"article:modified_time\" content=\"2024-12-05T20:57:21+00:00\" \/>\n<meta property=\"og:image\" content=\"https:\/\/lalmachine.com\/wp-content\/uploads\/2022\/07\/IMG20220722131230_clipped_rev_1-203c8557-scaled.jpeg\" \/>\n\t<meta property=\"og:image:width\" content=\"2560\" \/>\n\t<meta property=\"og:image:height\" content=\"2560\" \/>\n\t<meta property=\"og:image:type\" content=\"image\/jpeg\" \/>\n<meta name=\"twitter:card\" content=\"summary_large_image\" \/>\n<script type=\"application\/ld+json\" class=\"yoast-schema-graph\">{\"@context\":\"https:\\\/\\\/schema.org\",\"@graph\":[{\"@type\":\"WebPage\",\"@id\":\"https:\\\/\\\/lalmachine.com\\\/de\\\/shop\\\/meubler\\\/meuble-de-rangement\\\/etagere-telescopique-victoria-mobel-3\\\/\",\"url\":\"https:\\\/\\\/lalmachine.com\\\/de\\\/shop\\\/meubler\\\/meuble-de-rangement\\\/etagere-telescopique-victoria-mobel-3\\\/\",\"name\":\"\u00c9tag\u00e8re t\u00e9lescopique Victoria M\u00f6bel | lalmachine.com, mobilier et objets d\u00e9co vintage et design\",\"isPartOf\":{\"@id\":\"https:\\\/\\\/lalmachine.com\\\/#website\"},\"primaryImageOfPage\":{\"@id\":\"https:\\\/\\\/lalmachine.com\\\/de\\\/shop\\\/meubler\\\/meuble-de-rangement\\\/etagere-telescopique-victoria-mobel-3\\\/#primaryimage\"},\"image\":{\"@id\":\"https:\\\/\\\/lalmachine.com\\\/de\\\/shop\\\/meubler\\\/meuble-de-rangement\\\/etagere-telescopique-victoria-mobel-3\\\/#primaryimage\"},\"thumbnailUrl\":\"https:\\\/\\\/lalmachine.com\\\/wp-content\\\/uploads\\\/2022\\\/07\\\/IMG20220722131230_clipped_rev_1-203c8557-scaled.jpeg\",\"datePublished\":\"2022-07-25T07:35:58+00:00\",\"dateModified\":\"2024-12-05T20:57:21+00:00\",\"description\":\"\u00c9tag\u00e8re t\u00e9lescopique vintage modulable produite par le fabricant suisse Victoria M\u00f6bel.\",\"breadcrumb\":{\"@id\":\"https:\\\/\\\/lalmachine.com\\\/de\\\/shop\\\/meubler\\\/meuble-de-rangement\\\/etagere-telescopique-victoria-mobel-3\\\/#breadcrumb\"},\"inLanguage\":\"de\",\"potentialAction\":[{\"@type\":\"ReadAction\",\"target\":[\"https:\\\/\\\/lalmachine.com\\\/de\\\/shop\\\/meubler\\\/meuble-de-rangement\\\/etagere-telescopique-victoria-mobel-3\\\/\"]}]},{\"@type\":\"ImageObject\",\"inLanguage\":\"de\",\"@id\":\"https:\\\/\\\/lalmachine.com\\\/de\\\/shop\\\/meubler\\\/meuble-de-rangement\\\/etagere-telescopique-victoria-mobel-3\\\/#primaryimage\",\"url\":\"https:\\\/\\\/lalmachine.com\\\/wp-content\\\/uploads\\\/2022\\\/07\\\/IMG20220722131230_clipped_rev_1-203c8557-scaled.jpeg\",\"contentUrl\":\"https:\\\/\\\/lalmachine.com\\\/wp-content\\\/uploads\\\/2022\\\/07\\\/IMG20220722131230_clipped_rev_1-203c8557-scaled.jpeg\",\"width\":2560,\"height\":2560,\"caption\":\"\u00c9tag\u00e8re t\u00e9lescopique Victoria M\u00f6bel\"},{\"@type\":\"BreadcrumbList\",\"@id\":\"https:\\\/\\\/lalmachine.com\\\/de\\\/shop\\\/meubler\\\/meuble-de-rangement\\\/etagere-telescopique-victoria-mobel-3\\\/#breadcrumb\",\"itemListElement\":[{\"@type\":\"ListItem\",\"position\":1,\"name\":\"Accueil\",\"item\":\"https:\\\/\\\/lalmachine.com\\\/\"},{\"@type\":\"ListItem\",\"position\":2,\"name\":\"Shop\",\"item\":\"https:\\\/\\\/lalmachine.com\\\/shop\\\/\"},{\"@type\":\"ListItem\",\"position\":3,\"name\":\"\u00c9tag\u00e8re t\u00e9lescopique Victoria M\u00f6bel\"}]},{\"@type\":\"WebSite\",\"@id\":\"https:\\\/\\\/lalmachine.com\\\/#website\",\"url\":\"https:\\\/\\\/lalmachine.com\\\/\",\"name\":\"lalmachine.com\",\"description\":\"Brocante en ligne Suisse | Mobilier et objets d\u00e9co vintage et design\",\"potentialAction\":[{\"@type\":\"SearchAction\",\"target\":{\"@type\":\"EntryPoint\",\"urlTemplate\":\"https:\\\/\\\/lalmachine.com\\\/?s={search_term_string}\"},\"query-input\":{\"@type\":\"PropertyValueSpecification\",\"valueRequired\":true,\"valueName\":\"search_term_string\"}}],\"inLanguage\":\"de\"}]}<\/script>\n<!-- \/ Yoast SEO plugin. -->","yoast_head_json":{"title":"\u00c9tag\u00e8re t\u00e9lescopique Victoria M\u00f6bel | lalmachine.com, mobilier et objets d\u00e9co vintage et design","description":"\u00c9tag\u00e8re t\u00e9lescopique vintage modulable produite par le fabricant suisse Victoria M\u00f6bel.","robots":{"index":"index","follow":"follow","max-snippet":"max-snippet:-1","max-image-preview":"max-image-preview:large","max-video-preview":"max-video-preview:-1"},"canonical":"https:\/\/lalmachine.com\/de\/shop\/meubler\/meuble-de-rangement\/etagere-telescopique-victoria-mobel-3\/","og_locale":"de_DE","og_type":"article","og_title":"\u00c9tag\u00e8re t\u00e9lescopique Victoria M\u00f6bel | lalmachine.com, mobilier et objets d\u00e9co vintage et design","og_description":"\u00c9tag\u00e8re t\u00e9lescopique vintage modulable produite par le fabricant suisse Victoria M\u00f6bel.","og_url":"https:\/\/lalmachine.com\/de\/shop\/meubler\/meuble-de-rangement\/etagere-telescopique-victoria-mobel-3\/","og_site_name":"lalmachine.com","article_publisher":"https:\/\/facebook.com\/lalmachine","article_modified_time":"2024-12-05T20:57:21+00:00","og_image":[{"width":2560,"height":2560,"url":"https:\/\/lalmachine.com\/wp-content\/uploads\/2022\/07\/IMG20220722131230_clipped_rev_1-203c8557-scaled.jpeg","type":"image\/jpeg"}],"twitter_card":"summary_large_image","schema":{"@context":"https:\/\/schema.org","@graph":[{"@type":"WebPage","@id":"https:\/\/lalmachine.com\/de\/shop\/meubler\/meuble-de-rangement\/etagere-telescopique-victoria-mobel-3\/","url":"https:\/\/lalmachine.com\/de\/shop\/meubler\/meuble-de-rangement\/etagere-telescopique-victoria-mobel-3\/","name":"\u00c9tag\u00e8re t\u00e9lescopique Victoria M\u00f6bel | lalmachine.com, mobilier et objets d\u00e9co vintage et design","isPartOf":{"@id":"https:\/\/lalmachine.com\/#website"},"primaryImageOfPage":{"@id":"https:\/\/lalmachine.com\/de\/shop\/meubler\/meuble-de-rangement\/etagere-telescopique-victoria-mobel-3\/#primaryimage"},"image":{"@id":"https:\/\/lalmachine.com\/de\/shop\/meubler\/meuble-de-rangement\/etagere-telescopique-victoria-mobel-3\/#primaryimage"},"thumbnailUrl":"https:\/\/lalmachine.com\/wp-content\/uploads\/2022\/07\/IMG20220722131230_clipped_rev_1-203c8557-scaled.jpeg","datePublished":"2022-07-25T07:35:58+00:00","dateModified":"2024-12-05T20:57:21+00:00","description":"\u00c9tag\u00e8re t\u00e9lescopique vintage modulable produite par le fabricant suisse Victoria M\u00f6bel.","breadcrumb":{"@id":"https:\/\/lalmachine.com\/de\/shop\/meubler\/meuble-de-rangement\/etagere-telescopique-victoria-mobel-3\/#breadcrumb"},"inLanguage":"de","potentialAction":[{"@type":"ReadAction","target":["https:\/\/lalmachine.com\/de\/shop\/meubler\/meuble-de-rangement\/etagere-telescopique-victoria-mobel-3\/"]}]},{"@type":"ImageObject","inLanguage":"de","@id":"https:\/\/lalmachine.com\/de\/shop\/meubler\/meuble-de-rangement\/etagere-telescopique-victoria-mobel-3\/#primaryimage","url":"https:\/\/lalmachine.com\/wp-content\/uploads\/2022\/07\/IMG20220722131230_clipped_rev_1-203c8557-scaled.jpeg","contentUrl":"https:\/\/lalmachine.com\/wp-content\/uploads\/2022\/07\/IMG20220722131230_clipped_rev_1-203c8557-scaled.jpeg","width":2560,"height":2560,"caption":"\u00c9tag\u00e8re t\u00e9lescopique Victoria M\u00f6bel"},{"@type":"BreadcrumbList","@id":"https:\/\/lalmachine.com\/de\/shop\/meubler\/meuble-de-rangement\/etagere-telescopique-victoria-mobel-3\/#breadcrumb","itemListElement":[{"@type":"ListItem","position":1,"name":"Accueil","item":"https:\/\/lalmachine.com\/"},{"@type":"ListItem","position":2,"name":"Shop","item":"https:\/\/lalmachine.com\/shop\/"},{"@type":"ListItem","position":3,"name":"\u00c9tag\u00e8re t\u00e9lescopique Victoria M\u00f6bel"}]},{"@type":"WebSite","@id":"https:\/\/lalmachine.com\/#website","url":"https:\/\/lalmachine.com\/","name":"lalmachine.com","description":"Brocante en ligne Suisse | Mobilier et objets d\u00e9co vintage et design","potentialAction":[{"@type":"SearchAction","target":{"@type":"EntryPoint","urlTemplate":"https:\/\/lalmachine.com\/?s={search_term_string}"},"query-input":{"@type":"PropertyValueSpecification","valueRequired":true,"valueName":"search_term_string"}}],"inLanguage":"de"}]}},"_links":{"self":[{"href":"https:\/\/lalmachine.com\/de\/wp-json\/wp\/v2\/product\/280435","targetHints":{"allow":["GET"]}}],"collection":[{"href":"https:\/\/lalmachine.com\/de\/wp-json\/wp\/v2\/product"}],"about":[{"href":"https:\/\/lalmachine.com\/de\/wp-json\/wp\/v2\/types\/product"}],"wp:featuredmedia":[{"embeddable":true,"href":"https:\/\/lalmachine.com\/de\/wp-json\/wp\/v2\/media\/280421"}],"wp:attachment":[{"href":"https:\/\/lalmachine.com\/de\/wp-json\/wp\/v2\/media?parent=280435"}],"wp:term":[{"taxonomy":"product_brand","embeddable":true,"href":"https:\/\/lalmachine.com\/de\/wp-json\/wp\/v2\/product_brand?post=280435"},{"taxonomy":"product_cat","embeddable":true,"href":"https:\/\/lalmachine.com\/de\/wp-json\/wp\/v2\/product_cat?post=280435"},{"taxonomy":"product_tag","embeddable":true,"href":"https:\/\/lalmachine.com\/de\/wp-json\/wp\/v2\/product_tag?post=280435"},{"taxonomy":"proximite","embeddable":true,"href":"https:\/\/lalmachine.com\/de\/wp-json\/wp\/v2\/proximite?post=280435"}],"curies":[{"name":"wp","href":"https:\/\/api.w.org\/{rel}","templated":true}]}}