{"id":280459,"date":"2022-07-25T09:48:07","date_gmt":"2022-07-25T07:48:07","guid":{"rendered":"https:\/\/lalmachine.com\/?post_type=product&#038;p=280459"},"modified":"2024-12-05T21:57:21","modified_gmt":"2024-12-05T20:57:21","slug":"canape-3-places-maralunga-cassina","status":"publish","type":"product","link":"https:\/\/lalmachine.com\/de\/shop\/sasseoir\/canape-fauteuil-pouf\/canape-3-places-maralunga-cassina\/","title":{"rendered":"Canap\u00e9 3 places Maralunga \u2013 Cassina"},"content":{"rendered":"<ul class=\"wpuf_customs\"><li style=\"list-style-type:none;\"><label>Autres photos:<\/label> <a href=\"https:\/\/lalmachine.com\/wp-content\/uploads\/2022\/07\/IMG20220722104900-65e7866c-scaled.jpg\"><img loading=\"lazy\" decoding=\"async\" width=\"72\" height=\"96\" src=\"https:\/\/lalmachine.com\/wp-content\/uploads\/2022\/07\/IMG20220722104900-65e7866c-scaled.jpg\" class=\"attachment-thumbnail size-thumbnail\" alt=\"\" srcset=\"https:\/\/lalmachine.com\/wp-content\/uploads\/2022\/07\/IMG20220722104900-65e7866c-scaled.jpg 1920w, https:\/\/lalmachine.com\/wp-content\/uploads\/2022\/07\/IMG20220722104900-65e7866c-64x85.jpg 64w\" sizes=\"(max-width: 72px) 100vw, 72px\" \/><\/a> <a href=\"https:\/\/lalmachine.com\/wp-content\/uploads\/2022\/07\/IMG20220722104921-15843e21-scaled.jpg\"><img loading=\"lazy\" decoding=\"async\" width=\"72\" height=\"96\" src=\"https:\/\/lalmachine.com\/wp-content\/uploads\/2022\/07\/IMG20220722104921-15843e21-scaled.jpg\" class=\"attachment-thumbnail size-thumbnail\" alt=\"\" srcset=\"https:\/\/lalmachine.com\/wp-content\/uploads\/2022\/07\/IMG20220722104921-15843e21-scaled.jpg 1920w, https:\/\/lalmachine.com\/wp-content\/uploads\/2022\/07\/IMG20220722104921-15843e21-64x85.jpg 64w\" sizes=\"(max-width: 72px) 100vw, 72px\" \/><\/a> <a href=\"https:\/\/lalmachine.com\/wp-content\/uploads\/2022\/07\/IMG20220722104942-d7a408dd-scaled.jpg\"><img loading=\"lazy\" decoding=\"async\" width=\"72\" height=\"96\" src=\"https:\/\/lalmachine.com\/wp-content\/uploads\/2022\/07\/IMG20220722104942-d7a408dd-scaled.jpg\" class=\"attachment-thumbnail size-thumbnail\" alt=\"\" srcset=\"https:\/\/lalmachine.com\/wp-content\/uploads\/2022\/07\/IMG20220722104942-d7a408dd-scaled.jpg 1920w, https:\/\/lalmachine.com\/wp-content\/uploads\/2022\/07\/IMG20220722104942-d7a408dd-64x85.jpg 64w\" sizes=\"(max-width: 72px) 100vw, 72px\" \/><\/a> <a href=\"https:\/\/lalmachine.com\/wp-content\/uploads\/2022\/07\/IMG20220722105006-34175e6a-scaled.jpg\"><img loading=\"lazy\" decoding=\"async\" width=\"72\" height=\"96\" src=\"https:\/\/lalmachine.com\/wp-content\/uploads\/2022\/07\/IMG20220722105006-34175e6a-scaled.jpg\" class=\"attachment-thumbnail size-thumbnail\" alt=\"\" srcset=\"https:\/\/lalmachine.com\/wp-content\/uploads\/2022\/07\/IMG20220722105006-34175e6a-scaled.jpg 1920w, https:\/\/lalmachine.com\/wp-content\/uploads\/2022\/07\/IMG20220722105006-34175e6a-64x85.jpg 64w\" sizes=\"(max-width: 72px) 100vw, 72px\" \/><\/a> <a href=\"https:\/\/lalmachine.com\/wp-content\/uploads\/2022\/07\/IMG20220722105013-2fce240c-scaled.jpg\"><img loading=\"lazy\" decoding=\"async\" width=\"72\" height=\"96\" src=\"https:\/\/lalmachine.com\/wp-content\/uploads\/2022\/07\/IMG20220722105013-2fce240c-scaled.jpg\" class=\"attachment-thumbnail size-thumbnail\" alt=\"\" srcset=\"https:\/\/lalmachine.com\/wp-content\/uploads\/2022\/07\/IMG20220722105013-2fce240c-scaled.jpg 1920w, https:\/\/lalmachine.com\/wp-content\/uploads\/2022\/07\/IMG20220722105013-2fce240c-64x85.jpg 64w\" sizes=\"(max-width: 72px) 100vw, 72px\" \/><\/a> <a href=\"https:\/\/lalmachine.com\/wp-content\/uploads\/2022\/07\/IMG20220722105043-187fdc35-scaled.jpg\"><img loading=\"lazy\" decoding=\"async\" width=\"72\" height=\"96\" src=\"https:\/\/lalmachine.com\/wp-content\/uploads\/2022\/07\/IMG20220722105043-187fdc35-scaled.jpg\" class=\"attachment-thumbnail size-thumbnail\" alt=\"\" srcset=\"https:\/\/lalmachine.com\/wp-content\/uploads\/2022\/07\/IMG20220722105043-187fdc35-scaled.jpg 1920w, https:\/\/lalmachine.com\/wp-content\/uploads\/2022\/07\/IMG20220722105043-187fdc35-64x85.jpg 64w\" sizes=\"(max-width: 72px) 100vw, 72px\" \/><\/a> <a href=\"https:\/\/lalmachine.com\/wp-content\/uploads\/2022\/07\/IMG20220722105050-8321d17f-scaled.jpg\"><img loading=\"lazy\" decoding=\"async\" width=\"72\" height=\"96\" src=\"https:\/\/lalmachine.com\/wp-content\/uploads\/2022\/07\/IMG20220722105050-8321d17f-scaled.jpg\" class=\"attachment-thumbnail size-thumbnail\" alt=\"\" srcset=\"https:\/\/lalmachine.com\/wp-content\/uploads\/2022\/07\/IMG20220722105050-8321d17f-scaled.jpg 1920w, https:\/\/lalmachine.com\/wp-content\/uploads\/2022\/07\/IMG20220722105050-8321d17f-64x85.jpg 64w\" sizes=\"(max-width: 72px) 100vw, 72px\" \/><\/a> <a href=\"https:\/\/lalmachine.com\/wp-content\/uploads\/2022\/07\/IMG20220722105056-e733a4c5-scaled.jpg\"><img loading=\"lazy\" decoding=\"async\" width=\"72\" height=\"96\" src=\"https:\/\/lalmachine.com\/wp-content\/uploads\/2022\/07\/IMG20220722105056-e733a4c5-scaled.jpg\" class=\"attachment-thumbnail size-thumbnail\" alt=\"\" srcset=\"https:\/\/lalmachine.com\/wp-content\/uploads\/2022\/07\/IMG20220722105056-e733a4c5-scaled.jpg 1920w, https:\/\/lalmachine.com\/wp-content\/uploads\/2022\/07\/IMG20220722105056-e733a4c5-64x85.jpg 64w\" sizes=\"(max-width: 72px) 100vw, 72px\" \/><\/a> <a href=\"https:\/\/lalmachine.com\/wp-content\/uploads\/2022\/07\/IMG20220722105101-602ee4b9-scaled.jpg\"><img loading=\"lazy\" decoding=\"async\" width=\"72\" height=\"96\" src=\"https:\/\/lalmachine.com\/wp-content\/uploads\/2022\/07\/IMG20220722105101-602ee4b9-scaled.jpg\" class=\"attachment-thumbnail size-thumbnail\" alt=\"\" srcset=\"https:\/\/lalmachine.com\/wp-content\/uploads\/2022\/07\/IMG20220722105101-602ee4b9-scaled.jpg 1920w, https:\/\/lalmachine.com\/wp-content\/uploads\/2022\/07\/IMG20220722105101-602ee4b9-64x85.jpg 64w\" sizes=\"(max-width: 72px) 100vw, 72px\" \/><\/a> <a href=\"https:\/\/lalmachine.com\/wp-content\/uploads\/2022\/07\/IMG20220722105114-4377cb03-scaled.jpg\"><img loading=\"lazy\" decoding=\"async\" width=\"72\" height=\"96\" src=\"https:\/\/lalmachine.com\/wp-content\/uploads\/2022\/07\/IMG20220722105114-4377cb03-scaled.jpg\" class=\"attachment-thumbnail size-thumbnail\" alt=\"\" srcset=\"https:\/\/lalmachine.com\/wp-content\/uploads\/2022\/07\/IMG20220722105114-4377cb03-scaled.jpg 1920w, https:\/\/lalmachine.com\/wp-content\/uploads\/2022\/07\/IMG20220722105114-4377cb03-64x85.jpg 64w\" sizes=\"(max-width: 72px) 100vw, 72px\" \/><\/a> <a href=\"https:\/\/lalmachine.com\/wp-content\/uploads\/2022\/07\/IMG20220722105136-c23f99e6-scaled.jpg\"><img loading=\"lazy\" decoding=\"async\" width=\"72\" height=\"96\" src=\"https:\/\/lalmachine.com\/wp-content\/uploads\/2022\/07\/IMG20220722105136-c23f99e6-scaled.jpg\" class=\"attachment-thumbnail size-thumbnail\" alt=\"\" srcset=\"https:\/\/lalmachine.com\/wp-content\/uploads\/2022\/07\/IMG20220722105136-c23f99e6-scaled.jpg 1920w, https:\/\/lalmachine.com\/wp-content\/uploads\/2022\/07\/IMG20220722105136-c23f99e6-64x85.jpg 64w\" sizes=\"(max-width: 72px) 100vw, 72px\" \/><\/a> <a href=\"https:\/\/lalmachine.com\/wp-content\/uploads\/2022\/07\/IMG20220722105157-56803082-scaled.jpg\"><img loading=\"lazy\" decoding=\"async\" width=\"72\" height=\"96\" src=\"https:\/\/lalmachine.com\/wp-content\/uploads\/2022\/07\/IMG20220722105157-56803082-scaled.jpg\" class=\"attachment-thumbnail size-thumbnail\" alt=\"\" srcset=\"https:\/\/lalmachine.com\/wp-content\/uploads\/2022\/07\/IMG20220722105157-56803082-scaled.jpg 1920w, https:\/\/lalmachine.com\/wp-content\/uploads\/2022\/07\/IMG20220722105157-56803082-64x85.jpg 64w\" sizes=\"(max-width: 72px) 100vw, 72px\" \/><\/a> <a href=\"https:\/\/lalmachine.com\/wp-content\/uploads\/2022\/07\/IMG20220722105205-a35aed22-scaled.jpg\"><img loading=\"lazy\" decoding=\"async\" width=\"72\" height=\"96\" src=\"https:\/\/lalmachine.com\/wp-content\/uploads\/2022\/07\/IMG20220722105205-a35aed22-scaled.jpg\" class=\"attachment-thumbnail size-thumbnail\" alt=\"\" srcset=\"https:\/\/lalmachine.com\/wp-content\/uploads\/2022\/07\/IMG20220722105205-a35aed22-scaled.jpg 1920w, https:\/\/lalmachine.com\/wp-content\/uploads\/2022\/07\/IMG20220722105205-a35aed22-64x85.jpg 64w\" sizes=\"(max-width: 72px) 100vw, 72px\" \/><\/a> <a href=\"https:\/\/lalmachine.com\/wp-content\/uploads\/2022\/07\/IMG20220722105215-6c363cf0-scaled.jpg\"><img loading=\"lazy\" decoding=\"async\" width=\"72\" height=\"96\" src=\"https:\/\/lalmachine.com\/wp-content\/uploads\/2022\/07\/IMG20220722105215-6c363cf0-scaled.jpg\" class=\"attachment-thumbnail size-thumbnail\" alt=\"\" srcset=\"https:\/\/lalmachine.com\/wp-content\/uploads\/2022\/07\/IMG20220722105215-6c363cf0-scaled.jpg 1920w, https:\/\/lalmachine.com\/wp-content\/uploads\/2022\/07\/IMG20220722105215-6c363cf0-64x85.jpg 64w\" sizes=\"(max-width: 72px) 100vw, 72px\" \/><\/a> <a href=\"https:\/\/lalmachine.com\/wp-content\/uploads\/2022\/07\/IMG20220722105233-67a479be-scaled.jpg\"><img loading=\"lazy\" decoding=\"async\" width=\"72\" height=\"96\" src=\"https:\/\/lalmachine.com\/wp-content\/uploads\/2022\/07\/IMG20220722105233-67a479be-scaled.jpg\" class=\"attachment-thumbnail size-thumbnail\" alt=\"\" srcset=\"https:\/\/lalmachine.com\/wp-content\/uploads\/2022\/07\/IMG20220722105233-67a479be-scaled.jpg 1920w, https:\/\/lalmachine.com\/wp-content\/uploads\/2022\/07\/IMG20220722105233-67a479be-64x85.jpg 64w\" sizes=\"(max-width: 72px) 100vw, 72px\" \/><\/a> <\/li>        <li class=\"wpuf-field-data wpuf-field-data-numeric_text_field\">\n                            <label>Prix:<\/label>\n                        1200        <\/li>\n                <li class=\"wpuf-field-data wpuf-field-data-numeric_text_field\">\n                            <label>Hauteur (cm):<\/label>\n                        74        <\/li>\n                <li class=\"wpuf-field-data wpuf-field-data-numeric_text_field\">\n                            <label>Largeur (cm):<\/label>\n                        230        <\/li>\n                <li class=\"wpuf-field-data wpuf-field-data-numeric_text_field\">\n                            <label>Profondeur (cm):<\/label>\n                        80        <\/li>\n        <\/ul>","protected":false},"excerpt":{"rendered":"<p>Canap\u00e9 3 places en tissu beige \u00e0 carreaux. Mod\u00e8le Maralunga con\u00e7u par Vico Magistretti pour le fabricant italien Cassina. Hauteur de l\u2019assise: 43 cm. Quelques l\u00e9g\u00e8res traces d\u2019usure sur la partie de face au niveau des accoudoirs et sur le coin d&rsquo;un des dossiers (voir photos). Le canap\u00e9 est en bon \u00e9tat g\u00e9n\u00e9ral, tr\u00e8s \u00e9l\u00e9gant et toujours tr\u00e8s confortable avec les dossiers qui peuvent \u00eatre d\u00e9pli\u00e9s au niveau de la t\u00eate pour un confort maximal.<\/p>\n<p>Livraison possible (sous 2\/3 semaines, \u00e0 r\u00e9gler le jour de la livraison) :<br \/>\n\u2013 Berne : 30 CHF<br \/>\n\u2013 Lausanne : 50 CHF<br \/>\n\u2013 Gen\u00e8ve, Z\u00fcrich : 100 CHF<br \/>\n\u2013 Autres villes sur demande<\/p>","protected":false},"featured_media":280860,"template":"","meta":{"_et_pb_use_builder":"","_et_pb_old_content":"","_et_gb_content_width":""},"product_brand":[],"product_cat":[99,48],"product_tag":[],"proximite":[177,235],"class_list":{"0":"post-280459","1":"product","2":"type-product","3":"status-publish","4":"has-post-thumbnail","6":"product_cat-canape-fauteuil-pouf","7":"product_cat-sasseoir","8":"pa_couleur-beige","9":"pa_designer-magistretti-vico","10":"pa_etat-bon-etat","11":"pa_materiau-tissu","12":"pa_style-design","13":"proximite-fribourg","14":"proximite-sarine","16":"first","17":"outofstock","18":"shipping-taxable","19":"purchasable","20":"product-type-simple"},"yoast_head":"<!-- This site is optimized with the Yoast SEO plugin v27.4 - https:\/\/yoast.com\/product\/yoast-seo-wordpress\/ -->\n<title>Canap\u00e9 3 places Maralunga \u2013 Cassina | lalmachine.com, mobilier et objets d\u00e9co vintage et design<\/title>\n<meta name=\"description\" content=\"Canap\u00e9 3 places en tissu beige \u00e0 carreaux. Mod\u00e8le Maralunga con\u00e7u par Vico Magistretti pour le fabricant italien Cassina.\" \/>\n<meta name=\"robots\" content=\"index, follow, max-snippet:-1, max-image-preview:large, max-video-preview:-1\" \/>\n<link rel=\"canonical\" href=\"https:\/\/lalmachine.com\/de\/shop\/sasseoir\/canape-fauteuil-pouf\/canape-3-places-maralunga-cassina\/\" \/>\n<meta property=\"og:locale\" content=\"de_DE\" \/>\n<meta property=\"og:type\" content=\"article\" \/>\n<meta property=\"og:title\" content=\"Canap\u00e9 3 places Maralunga \u2013 Cassina | lalmachine.com, mobilier et objets d\u00e9co vintage et design\" \/>\n<meta property=\"og:description\" content=\"Canap\u00e9 3 places en tissu beige \u00e0 carreaux. Mod\u00e8le Maralunga con\u00e7u par Vico Magistretti pour le fabricant italien Cassina.\" \/>\n<meta property=\"og:url\" content=\"https:\/\/lalmachine.com\/de\/shop\/sasseoir\/canape-fauteuil-pouf\/canape-3-places-maralunga-cassina\/\" \/>\n<meta property=\"og:site_name\" content=\"lalmachine.com\" \/>\n<meta property=\"article:publisher\" content=\"https:\/\/facebook.com\/lalmachine\" \/>\n<meta property=\"article:modified_time\" content=\"2024-12-05T20:57:21+00:00\" \/>\n<meta property=\"og:image\" content=\"https:\/\/lalmachine.com\/wp-content\/uploads\/2022\/07\/IMG20220722105339_clipped_rev_1-scaled.jpeg\" \/>\n\t<meta property=\"og:image:width\" content=\"2560\" \/>\n\t<meta property=\"og:image:height\" content=\"2560\" \/>\n\t<meta property=\"og:image:type\" content=\"image\/jpeg\" \/>\n<meta name=\"twitter:card\" content=\"summary_large_image\" \/>\n<script type=\"application\/ld+json\" class=\"yoast-schema-graph\">{\"@context\":\"https:\\\/\\\/schema.org\",\"@graph\":[{\"@type\":\"WebPage\",\"@id\":\"https:\\\/\\\/lalmachine.com\\\/shop\\\/sasseoir\\\/canape-fauteuil-pouf\\\/canape-3-places-maralunga-cassina\\\/\",\"url\":\"https:\\\/\\\/lalmachine.com\\\/shop\\\/sasseoir\\\/canape-fauteuil-pouf\\\/canape-3-places-maralunga-cassina\\\/\",\"name\":\"Canap\u00e9 3 places Maralunga \u2013 Cassina | lalmachine.com, mobilier et objets d\u00e9co vintage et design\",\"isPartOf\":{\"@id\":\"https:\\\/\\\/lalmachine.com\\\/#website\"},\"primaryImageOfPage\":{\"@id\":\"https:\\\/\\\/lalmachine.com\\\/shop\\\/sasseoir\\\/canape-fauteuil-pouf\\\/canape-3-places-maralunga-cassina\\\/#primaryimage\"},\"image\":{\"@id\":\"https:\\\/\\\/lalmachine.com\\\/shop\\\/sasseoir\\\/canape-fauteuil-pouf\\\/canape-3-places-maralunga-cassina\\\/#primaryimage\"},\"thumbnailUrl\":\"https:\\\/\\\/lalmachine.com\\\/wp-content\\\/uploads\\\/2022\\\/07\\\/IMG20220722105339_clipped_rev_1-scaled.jpeg\",\"datePublished\":\"2022-07-25T07:48:07+00:00\",\"dateModified\":\"2024-12-05T20:57:21+00:00\",\"description\":\"Canap\u00e9 3 places en tissu beige \u00e0 carreaux. Mod\u00e8le Maralunga con\u00e7u par Vico Magistretti pour le fabricant italien Cassina.\",\"breadcrumb\":{\"@id\":\"https:\\\/\\\/lalmachine.com\\\/shop\\\/sasseoir\\\/canape-fauteuil-pouf\\\/canape-3-places-maralunga-cassina\\\/#breadcrumb\"},\"inLanguage\":\"de\",\"potentialAction\":[{\"@type\":\"ReadAction\",\"target\":[\"https:\\\/\\\/lalmachine.com\\\/shop\\\/sasseoir\\\/canape-fauteuil-pouf\\\/canape-3-places-maralunga-cassina\\\/\"]}]},{\"@type\":\"ImageObject\",\"inLanguage\":\"de\",\"@id\":\"https:\\\/\\\/lalmachine.com\\\/shop\\\/sasseoir\\\/canape-fauteuil-pouf\\\/canape-3-places-maralunga-cassina\\\/#primaryimage\",\"url\":\"https:\\\/\\\/lalmachine.com\\\/wp-content\\\/uploads\\\/2022\\\/07\\\/IMG20220722105339_clipped_rev_1-scaled.jpeg\",\"contentUrl\":\"https:\\\/\\\/lalmachine.com\\\/wp-content\\\/uploads\\\/2022\\\/07\\\/IMG20220722105339_clipped_rev_1-scaled.jpeg\",\"width\":2560,\"height\":2560,\"caption\":\"Canap\u00e9 Maralunga \u2013 Cassina\"},{\"@type\":\"BreadcrumbList\",\"@id\":\"https:\\\/\\\/lalmachine.com\\\/shop\\\/sasseoir\\\/canape-fauteuil-pouf\\\/canape-3-places-maralunga-cassina\\\/#breadcrumb\",\"itemListElement\":[{\"@type\":\"ListItem\",\"position\":1,\"name\":\"Accueil\",\"item\":\"https:\\\/\\\/lalmachine.com\\\/\"},{\"@type\":\"ListItem\",\"position\":2,\"name\":\"Shop\",\"item\":\"https:\\\/\\\/lalmachine.com\\\/shop\\\/\"},{\"@type\":\"ListItem\",\"position\":3,\"name\":\"Canap\u00e9 3 places Maralunga \u2013 Cassina\"}]},{\"@type\":\"WebSite\",\"@id\":\"https:\\\/\\\/lalmachine.com\\\/#website\",\"url\":\"https:\\\/\\\/lalmachine.com\\\/\",\"name\":\"lalmachine.com\",\"description\":\"Brocante en ligne Suisse | Mobilier et objets d\u00e9co vintage et design\",\"potentialAction\":[{\"@type\":\"SearchAction\",\"target\":{\"@type\":\"EntryPoint\",\"urlTemplate\":\"https:\\\/\\\/lalmachine.com\\\/?s={search_term_string}\"},\"query-input\":{\"@type\":\"PropertyValueSpecification\",\"valueRequired\":true,\"valueName\":\"search_term_string\"}}],\"inLanguage\":\"de\"}]}<\/script>\n<!-- \/ Yoast SEO plugin. -->","yoast_head_json":{"title":"Canap\u00e9 3 places Maralunga \u2013 Cassina | lalmachine.com, mobilier et objets d\u00e9co vintage et design","description":"Canap\u00e9 3 places en tissu beige \u00e0 carreaux. Mod\u00e8le Maralunga con\u00e7u par Vico Magistretti pour le fabricant italien Cassina.","robots":{"index":"index","follow":"follow","max-snippet":"max-snippet:-1","max-image-preview":"max-image-preview:large","max-video-preview":"max-video-preview:-1"},"canonical":"https:\/\/lalmachine.com\/de\/shop\/sasseoir\/canape-fauteuil-pouf\/canape-3-places-maralunga-cassina\/","og_locale":"de_DE","og_type":"article","og_title":"Canap\u00e9 3 places Maralunga \u2013 Cassina | lalmachine.com, mobilier et objets d\u00e9co vintage et design","og_description":"Canap\u00e9 3 places en tissu beige \u00e0 carreaux. Mod\u00e8le Maralunga con\u00e7u par Vico Magistretti pour le fabricant italien Cassina.","og_url":"https:\/\/lalmachine.com\/de\/shop\/sasseoir\/canape-fauteuil-pouf\/canape-3-places-maralunga-cassina\/","og_site_name":"lalmachine.com","article_publisher":"https:\/\/facebook.com\/lalmachine","article_modified_time":"2024-12-05T20:57:21+00:00","og_image":[{"width":2560,"height":2560,"url":"https:\/\/lalmachine.com\/wp-content\/uploads\/2022\/07\/IMG20220722105339_clipped_rev_1-scaled.jpeg","type":"image\/jpeg"}],"twitter_card":"summary_large_image","schema":{"@context":"https:\/\/schema.org","@graph":[{"@type":"WebPage","@id":"https:\/\/lalmachine.com\/shop\/sasseoir\/canape-fauteuil-pouf\/canape-3-places-maralunga-cassina\/","url":"https:\/\/lalmachine.com\/shop\/sasseoir\/canape-fauteuil-pouf\/canape-3-places-maralunga-cassina\/","name":"Canap\u00e9 3 places Maralunga \u2013 Cassina | lalmachine.com, mobilier et objets d\u00e9co vintage et design","isPartOf":{"@id":"https:\/\/lalmachine.com\/#website"},"primaryImageOfPage":{"@id":"https:\/\/lalmachine.com\/shop\/sasseoir\/canape-fauteuil-pouf\/canape-3-places-maralunga-cassina\/#primaryimage"},"image":{"@id":"https:\/\/lalmachine.com\/shop\/sasseoir\/canape-fauteuil-pouf\/canape-3-places-maralunga-cassina\/#primaryimage"},"thumbnailUrl":"https:\/\/lalmachine.com\/wp-content\/uploads\/2022\/07\/IMG20220722105339_clipped_rev_1-scaled.jpeg","datePublished":"2022-07-25T07:48:07+00:00","dateModified":"2024-12-05T20:57:21+00:00","description":"Canap\u00e9 3 places en tissu beige \u00e0 carreaux. Mod\u00e8le Maralunga con\u00e7u par Vico Magistretti pour le fabricant italien Cassina.","breadcrumb":{"@id":"https:\/\/lalmachine.com\/shop\/sasseoir\/canape-fauteuil-pouf\/canape-3-places-maralunga-cassina\/#breadcrumb"},"inLanguage":"de","potentialAction":[{"@type":"ReadAction","target":["https:\/\/lalmachine.com\/shop\/sasseoir\/canape-fauteuil-pouf\/canape-3-places-maralunga-cassina\/"]}]},{"@type":"ImageObject","inLanguage":"de","@id":"https:\/\/lalmachine.com\/shop\/sasseoir\/canape-fauteuil-pouf\/canape-3-places-maralunga-cassina\/#primaryimage","url":"https:\/\/lalmachine.com\/wp-content\/uploads\/2022\/07\/IMG20220722105339_clipped_rev_1-scaled.jpeg","contentUrl":"https:\/\/lalmachine.com\/wp-content\/uploads\/2022\/07\/IMG20220722105339_clipped_rev_1-scaled.jpeg","width":2560,"height":2560,"caption":"Canap\u00e9 Maralunga \u2013 Cassina"},{"@type":"BreadcrumbList","@id":"https:\/\/lalmachine.com\/shop\/sasseoir\/canape-fauteuil-pouf\/canape-3-places-maralunga-cassina\/#breadcrumb","itemListElement":[{"@type":"ListItem","position":1,"name":"Accueil","item":"https:\/\/lalmachine.com\/"},{"@type":"ListItem","position":2,"name":"Shop","item":"https:\/\/lalmachine.com\/shop\/"},{"@type":"ListItem","position":3,"name":"Canap\u00e9 3 places Maralunga \u2013 Cassina"}]},{"@type":"WebSite","@id":"https:\/\/lalmachine.com\/#website","url":"https:\/\/lalmachine.com\/","name":"lalmachine.com","description":"Brocante en ligne Suisse | Mobilier et objets d\u00e9co vintage et design","potentialAction":[{"@type":"SearchAction","target":{"@type":"EntryPoint","urlTemplate":"https:\/\/lalmachine.com\/?s={search_term_string}"},"query-input":{"@type":"PropertyValueSpecification","valueRequired":true,"valueName":"search_term_string"}}],"inLanguage":"de"}]}},"_links":{"self":[{"href":"https:\/\/lalmachine.com\/de\/wp-json\/wp\/v2\/product\/280459","targetHints":{"allow":["GET"]}}],"collection":[{"href":"https:\/\/lalmachine.com\/de\/wp-json\/wp\/v2\/product"}],"about":[{"href":"https:\/\/lalmachine.com\/de\/wp-json\/wp\/v2\/types\/product"}],"wp:featuredmedia":[{"embeddable":true,"href":"https:\/\/lalmachine.com\/de\/wp-json\/wp\/v2\/media\/280860"}],"wp:attachment":[{"href":"https:\/\/lalmachine.com\/de\/wp-json\/wp\/v2\/media?parent=280459"}],"wp:term":[{"taxonomy":"product_brand","embeddable":true,"href":"https:\/\/lalmachine.com\/de\/wp-json\/wp\/v2\/product_brand?post=280459"},{"taxonomy":"product_cat","embeddable":true,"href":"https:\/\/lalmachine.com\/de\/wp-json\/wp\/v2\/product_cat?post=280459"},{"taxonomy":"product_tag","embeddable":true,"href":"https:\/\/lalmachine.com\/de\/wp-json\/wp\/v2\/product_tag?post=280459"},{"taxonomy":"proximite","embeddable":true,"href":"https:\/\/lalmachine.com\/de\/wp-json\/wp\/v2\/proximite?post=280459"}],"curies":[{"name":"wp","href":"https:\/\/api.w.org\/{rel}","templated":true}]}}