{"id":280606,"date":"2022-07-26T10:34:35","date_gmt":"2022-07-26T08:34:35","guid":{"rendered":"https:\/\/lalmachine.com\/?post_type=product&#038;p=280606"},"modified":"2024-12-05T21:57:21","modified_gmt":"2024-12-05T20:57:21","slug":"suspension-here-comes-the-sun-de-bertrand-balas","status":"publish","type":"product","link":"https:\/\/lalmachine.com\/de\/shop\/eclairer\/suspension-plafonnier\/suspension-here-comes-the-sun-de-bertrand-balas\/","title":{"rendered":"Suspension Here comes the sun de Bertrand Balas"},"content":{"rendered":"<ul class=\"wpuf_customs\"><li style=\"list-style-type:none;\"><label>Autres photos:<\/label> <a href=\"https:\/\/lalmachine.com\/wp-content\/uploads\/2022\/07\/IMG_1225-06486a56-scaled.jpg\"><img loading=\"lazy\" decoding=\"async\" width=\"128\" height=\"96\" src=\"https:\/\/lalmachine.com\/wp-content\/uploads\/2022\/07\/IMG_1225-06486a56-scaled.jpg\" class=\"attachment-thumbnail size-thumbnail\" alt=\"\" srcset=\"https:\/\/lalmachine.com\/wp-content\/uploads\/2022\/07\/IMG_1225-06486a56-scaled.jpg 2560w, https:\/\/lalmachine.com\/wp-content\/uploads\/2022\/07\/IMG_1225-06486a56-64x48.jpg 64w\" sizes=\"(max-width: 128px) 100vw, 128px\" \/><\/a> <a href=\"https:\/\/lalmachine.com\/wp-content\/uploads\/2022\/07\/IMG_1226-3812da05-scaled.jpg\"><img loading=\"lazy\" decoding=\"async\" width=\"128\" height=\"96\" src=\"https:\/\/lalmachine.com\/wp-content\/uploads\/2022\/07\/IMG_1226-3812da05-scaled.jpg\" class=\"attachment-thumbnail size-thumbnail\" alt=\"\" srcset=\"https:\/\/lalmachine.com\/wp-content\/uploads\/2022\/07\/IMG_1226-3812da05-scaled.jpg 2560w, https:\/\/lalmachine.com\/wp-content\/uploads\/2022\/07\/IMG_1226-3812da05-64x48.jpg 64w\" sizes=\"(max-width: 128px) 100vw, 128px\" \/><\/a> <a href=\"https:\/\/lalmachine.com\/wp-content\/uploads\/2022\/07\/IMG_1227-e2eca9ef-scaled.jpg\"><img loading=\"lazy\" decoding=\"async\" width=\"128\" height=\"96\" src=\"https:\/\/lalmachine.com\/wp-content\/uploads\/2022\/07\/IMG_1227-e2eca9ef-scaled.jpg\" class=\"attachment-thumbnail size-thumbnail\" alt=\"\" srcset=\"https:\/\/lalmachine.com\/wp-content\/uploads\/2022\/07\/IMG_1227-e2eca9ef-scaled.jpg 2560w, https:\/\/lalmachine.com\/wp-content\/uploads\/2022\/07\/IMG_1227-e2eca9ef-64x48.jpg 64w\" sizes=\"(max-width: 128px) 100vw, 128px\" \/><\/a> <a href=\"https:\/\/lalmachine.com\/wp-content\/uploads\/2022\/07\/IMG_1228-d8115ded-scaled.jpg\"><img loading=\"lazy\" decoding=\"async\" width=\"128\" height=\"96\" src=\"https:\/\/lalmachine.com\/wp-content\/uploads\/2022\/07\/IMG_1228-d8115ded-scaled.jpg\" class=\"attachment-thumbnail size-thumbnail\" alt=\"\" srcset=\"https:\/\/lalmachine.com\/wp-content\/uploads\/2022\/07\/IMG_1228-d8115ded-scaled.jpg 2560w, https:\/\/lalmachine.com\/wp-content\/uploads\/2022\/07\/IMG_1228-d8115ded-64x48.jpg 64w\" sizes=\"(max-width: 128px) 100vw, 128px\" \/><\/a> <a href=\"https:\/\/lalmachine.com\/wp-content\/uploads\/2022\/07\/IMG_1229-17c45f17-scaled.jpg\"><img loading=\"lazy\" decoding=\"async\" width=\"72\" height=\"96\" src=\"https:\/\/lalmachine.com\/wp-content\/uploads\/2022\/07\/IMG_1229-17c45f17-scaled.jpg\" class=\"attachment-thumbnail size-thumbnail\" alt=\"\" srcset=\"https:\/\/lalmachine.com\/wp-content\/uploads\/2022\/07\/IMG_1229-17c45f17-scaled.jpg 1920w, https:\/\/lalmachine.com\/wp-content\/uploads\/2022\/07\/IMG_1229-17c45f17-64x85.jpg 64w\" sizes=\"(max-width: 72px) 100vw, 72px\" \/><\/a> <\/li>        <li class=\"wpuf-field-data wpuf-field-data-numeric_text_field\">\n                            <label>Prix:<\/label>\n                        250        <\/li>\n                <li class=\"wpuf-field-data wpuf-field-data-numeric_text_field\">\n                            <label>Hauteur (cm):<\/label>\n                        25        <\/li>\n                <li class=\"wpuf-field-data wpuf-field-data-numeric_text_field\">\n                            <label>Largeur (cm):<\/label>\n                        25        <\/li>\n                <li class=\"wpuf-field-data wpuf-field-data-numeric_text_field\">\n                            <label>Profondeur (cm):<\/label>\n                        25        <\/li>\n        <\/ul>","protected":false},"excerpt":{"rendered":"<p>Suspension Here comes the sun BL-COP DCW de Bertrand Balas\u00a0avec partie ext\u00e9rieure peinte en noir et l&rsquo;int\u00e9rieur en cuivre. Mod\u00e8le diam\u00e8tre 25 cm. Jamais d\u00e9ball\u00e9e et utilis\u00e9e par manque de place. Noir \u00e0 l&rsquo;ext\u00e9rieur et cuivre \u00e0 l&rsquo;int\u00e9rieur.<\/p>\n<p>L&rsquo;architecte fran\u00e7ais Bertrand Balas, n\u00e9 en 1935, a cr\u00e9\u00e9 la lampe Here Comes the Sun en ao\u00fbt 1969. Elle a \u00e9t\u00e9 commercialis\u00e9e en 1970 et cette lampe est encore souvent collectionn\u00e9e par de nombreux adeptes de luminaires fran\u00e7ais.<br \/>\nA premi\u00e8re vue, cette lampe ronde ressemble \u00e0 beaucoup d&rsquo;autres lampes rondes. Mais la Here Comes the Sun de Bertand Balas devient magique quand la lumi\u00e8re est allum\u00e9e. Selon votre humeur, vous ressentirez le soleil levant, la lumi\u00e8re du soleil ou de la lune.<\/p>\n<p>Mod\u00e8le 35 cm \u00e9galement en vente sur une autre annonce.<\/p>","protected":false},"featured_media":280615,"template":"","meta":{"_et_pb_use_builder":"","_et_pb_old_content":"","_et_gb_content_width":""},"product_brand":[],"product_cat":[49,91],"product_tag":[],"proximite":[278,179],"class_list":{"0":"post-280606","1":"product","2":"type-product","3":"status-publish","4":"has-post-thumbnail","6":"product_cat-eclairer","7":"product_cat-suspension-plafonnier","8":"product_shipping_class-fragile-8-5","9":"pa_couleur-noir","10":"pa_etat-tres-bon-etat","11":"pa_materiau-metal","12":"pa_style-design","13":"proximite-lausanne","14":"proximite-vaud","16":"first","17":"outofstock","18":"shipping-taxable","19":"purchasable","20":"product-type-simple"},"yoast_head":"<!-- This site is optimized with the Yoast SEO plugin v27.4 - https:\/\/yoast.com\/product\/yoast-seo-wordpress\/ -->\n<title>Suspension Here comes the sun de Bertrand Balas | lalmachine.com, mobilier et objets d\u00e9co vintage et design<\/title>\n<meta name=\"description\" content=\"Suspension Here comes the sun BL-COP DCW de Bertrand Balas\u00a0avec partie ext\u00e9rieure peinte en noir et l&#039;int\u00e9rieur en cuivre. Mod\u00e8le diam\u00e8tre 25 cm.\" \/>\n<meta name=\"robots\" content=\"index, follow, max-snippet:-1, max-image-preview:large, max-video-preview:-1\" \/>\n<link rel=\"canonical\" href=\"https:\/\/lalmachine.com\/de\/shop\/eclairer\/suspension-plafonnier\/suspension-here-comes-the-sun-de-bertrand-balas\/\" \/>\n<meta property=\"og:locale\" content=\"de_DE\" \/>\n<meta property=\"og:type\" content=\"article\" \/>\n<meta property=\"og:title\" content=\"Suspension Here comes the sun de Bertrand Balas | lalmachine.com, mobilier et objets d\u00e9co vintage et design\" \/>\n<meta property=\"og:description\" content=\"Suspension Here comes the sun BL-COP DCW de Bertrand Balas\u00a0avec partie ext\u00e9rieure peinte en noir et l&#039;int\u00e9rieur en cuivre. Mod\u00e8le diam\u00e8tre 25 cm.\" \/>\n<meta property=\"og:url\" content=\"https:\/\/lalmachine.com\/de\/shop\/eclairer\/suspension-plafonnier\/suspension-here-comes-the-sun-de-bertrand-balas\/\" \/>\n<meta property=\"og:site_name\" content=\"lalmachine.com\" \/>\n<meta property=\"article:publisher\" content=\"https:\/\/facebook.com\/lalmachine\" \/>\n<meta property=\"article:modified_time\" content=\"2024-12-05T20:57:21+00:00\" \/>\n<meta property=\"og:image\" content=\"https:\/\/lalmachine.com\/wp-content\/uploads\/2022\/07\/Pasted-20220726-102811_clipped_rev_1.jpeg\" \/>\n\t<meta property=\"og:image:width\" content=\"1385\" \/>\n\t<meta property=\"og:image:height\" content=\"1385\" \/>\n\t<meta property=\"og:image:type\" content=\"image\/jpeg\" \/>\n<meta name=\"twitter:card\" content=\"summary_large_image\" \/>\n<script type=\"application\/ld+json\" class=\"yoast-schema-graph\">{\"@context\":\"https:\\\/\\\/schema.org\",\"@graph\":[{\"@type\":\"WebPage\",\"@id\":\"https:\\\/\\\/lalmachine.com\\\/de\\\/shop\\\/eclairer\\\/suspension-plafonnier\\\/suspension-here-comes-the-sun-de-bertrand-balas\\\/\",\"url\":\"https:\\\/\\\/lalmachine.com\\\/de\\\/shop\\\/eclairer\\\/suspension-plafonnier\\\/suspension-here-comes-the-sun-de-bertrand-balas\\\/\",\"name\":\"Suspension Here comes the sun de Bertrand Balas | lalmachine.com, mobilier et objets d\u00e9co vintage et design\",\"isPartOf\":{\"@id\":\"https:\\\/\\\/lalmachine.com\\\/#website\"},\"primaryImageOfPage\":{\"@id\":\"https:\\\/\\\/lalmachine.com\\\/de\\\/shop\\\/eclairer\\\/suspension-plafonnier\\\/suspension-here-comes-the-sun-de-bertrand-balas\\\/#primaryimage\"},\"image\":{\"@id\":\"https:\\\/\\\/lalmachine.com\\\/de\\\/shop\\\/eclairer\\\/suspension-plafonnier\\\/suspension-here-comes-the-sun-de-bertrand-balas\\\/#primaryimage\"},\"thumbnailUrl\":\"https:\\\/\\\/lalmachine.com\\\/wp-content\\\/uploads\\\/2022\\\/07\\\/Pasted-20220726-102811_clipped_rev_1.jpeg\",\"datePublished\":\"2022-07-26T08:34:35+00:00\",\"dateModified\":\"2024-12-05T20:57:21+00:00\",\"description\":\"Suspension Here comes the sun BL-COP DCW de Bertrand Balas\u00a0avec partie ext\u00e9rieure peinte en noir et l'int\u00e9rieur en cuivre. Mod\u00e8le diam\u00e8tre 25 cm.\",\"breadcrumb\":{\"@id\":\"https:\\\/\\\/lalmachine.com\\\/de\\\/shop\\\/eclairer\\\/suspension-plafonnier\\\/suspension-here-comes-the-sun-de-bertrand-balas\\\/#breadcrumb\"},\"inLanguage\":\"de\",\"potentialAction\":[{\"@type\":\"ReadAction\",\"target\":[\"https:\\\/\\\/lalmachine.com\\\/de\\\/shop\\\/eclairer\\\/suspension-plafonnier\\\/suspension-here-comes-the-sun-de-bertrand-balas\\\/\"]}]},{\"@type\":\"ImageObject\",\"inLanguage\":\"de\",\"@id\":\"https:\\\/\\\/lalmachine.com\\\/de\\\/shop\\\/eclairer\\\/suspension-plafonnier\\\/suspension-here-comes-the-sun-de-bertrand-balas\\\/#primaryimage\",\"url\":\"https:\\\/\\\/lalmachine.com\\\/wp-content\\\/uploads\\\/2022\\\/07\\\/Pasted-20220726-102811_clipped_rev_1.jpeg\",\"contentUrl\":\"https:\\\/\\\/lalmachine.com\\\/wp-content\\\/uploads\\\/2022\\\/07\\\/Pasted-20220726-102811_clipped_rev_1.jpeg\",\"width\":1385,\"height\":1385,\"caption\":\"Suspension Here comes the sun BL-COP DCW de Bertrand Balas\"},{\"@type\":\"BreadcrumbList\",\"@id\":\"https:\\\/\\\/lalmachine.com\\\/de\\\/shop\\\/eclairer\\\/suspension-plafonnier\\\/suspension-here-comes-the-sun-de-bertrand-balas\\\/#breadcrumb\",\"itemListElement\":[{\"@type\":\"ListItem\",\"position\":1,\"name\":\"Accueil\",\"item\":\"https:\\\/\\\/lalmachine.com\\\/\"},{\"@type\":\"ListItem\",\"position\":2,\"name\":\"Shop\",\"item\":\"https:\\\/\\\/lalmachine.com\\\/shop\\\/\"},{\"@type\":\"ListItem\",\"position\":3,\"name\":\"Suspension Here comes the sun de Bertrand Balas\"}]},{\"@type\":\"WebSite\",\"@id\":\"https:\\\/\\\/lalmachine.com\\\/#website\",\"url\":\"https:\\\/\\\/lalmachine.com\\\/\",\"name\":\"lalmachine.com\",\"description\":\"Brocante en ligne Suisse | Mobilier et objets d\u00e9co vintage et design\",\"potentialAction\":[{\"@type\":\"SearchAction\",\"target\":{\"@type\":\"EntryPoint\",\"urlTemplate\":\"https:\\\/\\\/lalmachine.com\\\/?s={search_term_string}\"},\"query-input\":{\"@type\":\"PropertyValueSpecification\",\"valueRequired\":true,\"valueName\":\"search_term_string\"}}],\"inLanguage\":\"de\"}]}<\/script>\n<!-- \/ Yoast SEO plugin. -->","yoast_head_json":{"title":"Suspension Here comes the sun de Bertrand Balas | lalmachine.com, mobilier et objets d\u00e9co vintage et design","description":"Suspension Here comes the sun BL-COP DCW de Bertrand Balas\u00a0avec partie ext\u00e9rieure peinte en noir et l'int\u00e9rieur en cuivre. Mod\u00e8le diam\u00e8tre 25 cm.","robots":{"index":"index","follow":"follow","max-snippet":"max-snippet:-1","max-image-preview":"max-image-preview:large","max-video-preview":"max-video-preview:-1"},"canonical":"https:\/\/lalmachine.com\/de\/shop\/eclairer\/suspension-plafonnier\/suspension-here-comes-the-sun-de-bertrand-balas\/","og_locale":"de_DE","og_type":"article","og_title":"Suspension Here comes the sun de Bertrand Balas | lalmachine.com, mobilier et objets d\u00e9co vintage et design","og_description":"Suspension Here comes the sun BL-COP DCW de Bertrand Balas\u00a0avec partie ext\u00e9rieure peinte en noir et l'int\u00e9rieur en cuivre. Mod\u00e8le diam\u00e8tre 25 cm.","og_url":"https:\/\/lalmachine.com\/de\/shop\/eclairer\/suspension-plafonnier\/suspension-here-comes-the-sun-de-bertrand-balas\/","og_site_name":"lalmachine.com","article_publisher":"https:\/\/facebook.com\/lalmachine","article_modified_time":"2024-12-05T20:57:21+00:00","og_image":[{"width":1385,"height":1385,"url":"https:\/\/lalmachine.com\/wp-content\/uploads\/2022\/07\/Pasted-20220726-102811_clipped_rev_1.jpeg","type":"image\/jpeg"}],"twitter_card":"summary_large_image","schema":{"@context":"https:\/\/schema.org","@graph":[{"@type":"WebPage","@id":"https:\/\/lalmachine.com\/de\/shop\/eclairer\/suspension-plafonnier\/suspension-here-comes-the-sun-de-bertrand-balas\/","url":"https:\/\/lalmachine.com\/de\/shop\/eclairer\/suspension-plafonnier\/suspension-here-comes-the-sun-de-bertrand-balas\/","name":"Suspension Here comes the sun de Bertrand Balas | lalmachine.com, mobilier et objets d\u00e9co vintage et design","isPartOf":{"@id":"https:\/\/lalmachine.com\/#website"},"primaryImageOfPage":{"@id":"https:\/\/lalmachine.com\/de\/shop\/eclairer\/suspension-plafonnier\/suspension-here-comes-the-sun-de-bertrand-balas\/#primaryimage"},"image":{"@id":"https:\/\/lalmachine.com\/de\/shop\/eclairer\/suspension-plafonnier\/suspension-here-comes-the-sun-de-bertrand-balas\/#primaryimage"},"thumbnailUrl":"https:\/\/lalmachine.com\/wp-content\/uploads\/2022\/07\/Pasted-20220726-102811_clipped_rev_1.jpeg","datePublished":"2022-07-26T08:34:35+00:00","dateModified":"2024-12-05T20:57:21+00:00","description":"Suspension Here comes the sun BL-COP DCW de Bertrand Balas\u00a0avec partie ext\u00e9rieure peinte en noir et l'int\u00e9rieur en cuivre. Mod\u00e8le diam\u00e8tre 25 cm.","breadcrumb":{"@id":"https:\/\/lalmachine.com\/de\/shop\/eclairer\/suspension-plafonnier\/suspension-here-comes-the-sun-de-bertrand-balas\/#breadcrumb"},"inLanguage":"de","potentialAction":[{"@type":"ReadAction","target":["https:\/\/lalmachine.com\/de\/shop\/eclairer\/suspension-plafonnier\/suspension-here-comes-the-sun-de-bertrand-balas\/"]}]},{"@type":"ImageObject","inLanguage":"de","@id":"https:\/\/lalmachine.com\/de\/shop\/eclairer\/suspension-plafonnier\/suspension-here-comes-the-sun-de-bertrand-balas\/#primaryimage","url":"https:\/\/lalmachine.com\/wp-content\/uploads\/2022\/07\/Pasted-20220726-102811_clipped_rev_1.jpeg","contentUrl":"https:\/\/lalmachine.com\/wp-content\/uploads\/2022\/07\/Pasted-20220726-102811_clipped_rev_1.jpeg","width":1385,"height":1385,"caption":"Suspension Here comes the sun BL-COP DCW de Bertrand Balas"},{"@type":"BreadcrumbList","@id":"https:\/\/lalmachine.com\/de\/shop\/eclairer\/suspension-plafonnier\/suspension-here-comes-the-sun-de-bertrand-balas\/#breadcrumb","itemListElement":[{"@type":"ListItem","position":1,"name":"Accueil","item":"https:\/\/lalmachine.com\/"},{"@type":"ListItem","position":2,"name":"Shop","item":"https:\/\/lalmachine.com\/shop\/"},{"@type":"ListItem","position":3,"name":"Suspension Here comes the sun de Bertrand Balas"}]},{"@type":"WebSite","@id":"https:\/\/lalmachine.com\/#website","url":"https:\/\/lalmachine.com\/","name":"lalmachine.com","description":"Brocante en ligne Suisse | Mobilier et objets d\u00e9co vintage et design","potentialAction":[{"@type":"SearchAction","target":{"@type":"EntryPoint","urlTemplate":"https:\/\/lalmachine.com\/?s={search_term_string}"},"query-input":{"@type":"PropertyValueSpecification","valueRequired":true,"valueName":"search_term_string"}}],"inLanguage":"de"}]}},"_links":{"self":[{"href":"https:\/\/lalmachine.com\/de\/wp-json\/wp\/v2\/product\/280606","targetHints":{"allow":["GET"]}}],"collection":[{"href":"https:\/\/lalmachine.com\/de\/wp-json\/wp\/v2\/product"}],"about":[{"href":"https:\/\/lalmachine.com\/de\/wp-json\/wp\/v2\/types\/product"}],"wp:featuredmedia":[{"embeddable":true,"href":"https:\/\/lalmachine.com\/de\/wp-json\/wp\/v2\/media\/280615"}],"wp:attachment":[{"href":"https:\/\/lalmachine.com\/de\/wp-json\/wp\/v2\/media?parent=280606"}],"wp:term":[{"taxonomy":"product_brand","embeddable":true,"href":"https:\/\/lalmachine.com\/de\/wp-json\/wp\/v2\/product_brand?post=280606"},{"taxonomy":"product_cat","embeddable":true,"href":"https:\/\/lalmachine.com\/de\/wp-json\/wp\/v2\/product_cat?post=280606"},{"taxonomy":"product_tag","embeddable":true,"href":"https:\/\/lalmachine.com\/de\/wp-json\/wp\/v2\/product_tag?post=280606"},{"taxonomy":"proximite","embeddable":true,"href":"https:\/\/lalmachine.com\/de\/wp-json\/wp\/v2\/proximite?post=280606"}],"curies":[{"name":"wp","href":"https:\/\/api.w.org\/{rel}","templated":true}]}}