{"id":281528,"date":"2022-08-04T10:35:54","date_gmt":"2022-08-04T08:35:54","guid":{"rendered":"https:\/\/lalmachine.com\/?post_type=product&#038;p=281528"},"modified":"2024-12-05T21:57:24","modified_gmt":"2024-12-05T20:57:24","slug":"meuble-porte-vinyles","status":"publish","type":"product","link":"https:\/\/lalmachine.com\/de\/shop\/decorer\/porte-plantes-revues-etc\/meuble-porte-vinyles\/","title":{"rendered":"Meuble porte-vinyles"},"content":{"rendered":"<ul class=\"wpuf_customs\"><li style=\"list-style-type:none;\"><label>Autres photos:<\/label> <a href=\"https:\/\/lalmachine.com\/wp-content\/uploads\/2022\/08\/IMG20220803160449-d1784a31-scaled.jpg\"><img loading=\"lazy\" decoding=\"async\" width=\"72\" height=\"96\" src=\"https:\/\/lalmachine.com\/wp-content\/uploads\/2022\/08\/IMG20220803160449-d1784a31-scaled.jpg\" class=\"attachment-thumbnail size-thumbnail\" alt=\"\" \/><\/a> <a href=\"https:\/\/lalmachine.com\/wp-content\/uploads\/2022\/08\/IMG20220803160505-61a4327d-scaled.jpg\"><img loading=\"lazy\" decoding=\"async\" width=\"72\" height=\"96\" src=\"https:\/\/lalmachine.com\/wp-content\/uploads\/2022\/08\/IMG20220803160505-61a4327d-scaled.jpg\" class=\"attachment-thumbnail size-thumbnail\" alt=\"\" \/><\/a> <a href=\"https:\/\/lalmachine.com\/wp-content\/uploads\/2022\/08\/IMG20220803160519-82edf921-scaled.jpg\"><img loading=\"lazy\" decoding=\"async\" width=\"72\" height=\"96\" src=\"https:\/\/lalmachine.com\/wp-content\/uploads\/2022\/08\/IMG20220803160519-82edf921-scaled.jpg\" class=\"attachment-thumbnail size-thumbnail\" alt=\"\" \/><\/a> <a href=\"https:\/\/lalmachine.com\/wp-content\/uploads\/2022\/08\/IMG20220803160523-0c3c11d7-scaled.jpg\"><img loading=\"lazy\" decoding=\"async\" width=\"72\" height=\"96\" src=\"https:\/\/lalmachine.com\/wp-content\/uploads\/2022\/08\/IMG20220803160523-0c3c11d7-scaled.jpg\" class=\"attachment-thumbnail size-thumbnail\" alt=\"\" \/><\/a> <a href=\"https:\/\/lalmachine.com\/wp-content\/uploads\/2022\/08\/IMG20220803160540-ad6046ea-scaled.jpg\"><img loading=\"lazy\" decoding=\"async\" width=\"72\" height=\"96\" src=\"https:\/\/lalmachine.com\/wp-content\/uploads\/2022\/08\/IMG20220803160540-ad6046ea-scaled.jpg\" class=\"attachment-thumbnail size-thumbnail\" alt=\"\" \/><\/a> <a href=\"https:\/\/lalmachine.com\/wp-content\/uploads\/2022\/08\/IMG20220803160557-1ca9ce69-scaled.jpg\"><img loading=\"lazy\" decoding=\"async\" width=\"72\" height=\"96\" src=\"https:\/\/lalmachine.com\/wp-content\/uploads\/2022\/08\/IMG20220803160557-1ca9ce69-scaled.jpg\" class=\"attachment-thumbnail size-thumbnail\" alt=\"\" \/><\/a> <a href=\"https:\/\/lalmachine.com\/wp-content\/uploads\/2022\/08\/IMG20220803160601-c1009b62-scaled.jpg\"><img loading=\"lazy\" decoding=\"async\" width=\"72\" height=\"96\" src=\"https:\/\/lalmachine.com\/wp-content\/uploads\/2022\/08\/IMG20220803160601-c1009b62-scaled.jpg\" class=\"attachment-thumbnail size-thumbnail\" alt=\"\" \/><\/a> <a href=\"https:\/\/lalmachine.com\/wp-content\/uploads\/2022\/08\/IMG20220803160642-4fff8007-scaled.jpg\"><img loading=\"lazy\" decoding=\"async\" width=\"72\" height=\"96\" src=\"https:\/\/lalmachine.com\/wp-content\/uploads\/2022\/08\/IMG20220803160642-4fff8007-scaled.jpg\" class=\"attachment-thumbnail size-thumbnail\" alt=\"\" \/><\/a> <a href=\"https:\/\/lalmachine.com\/wp-content\/uploads\/2022\/08\/IMG20220803160658-646daf25-scaled.jpg\"><img loading=\"lazy\" decoding=\"async\" width=\"72\" height=\"96\" src=\"https:\/\/lalmachine.com\/wp-content\/uploads\/2022\/08\/IMG20220803160658-646daf25-scaled.jpg\" class=\"attachment-thumbnail size-thumbnail\" alt=\"\" \/><\/a> <a href=\"https:\/\/lalmachine.com\/wp-content\/uploads\/2022\/08\/IMG20220803160719-a5c22c01-scaled.jpg\"><img loading=\"lazy\" decoding=\"async\" width=\"72\" height=\"96\" src=\"https:\/\/lalmachine.com\/wp-content\/uploads\/2022\/08\/IMG20220803160719-a5c22c01-scaled.jpg\" class=\"attachment-thumbnail size-thumbnail\" alt=\"\" \/><\/a> <\/li>        <li class=\"wpuf-field-data wpuf-field-data-numeric_text_field\">\n                            <label>Prix:<\/label>\n                        120        <\/li>\n                <li class=\"wpuf-field-data wpuf-field-data-numeric_text_field\">\n                            <label>Hauteur (cm):<\/label>\n                        58        <\/li>\n                <li class=\"wpuf-field-data wpuf-field-data-numeric_text_field\">\n                            <label>Largeur (cm):<\/label>\n                        52        <\/li>\n                <li class=\"wpuf-field-data wpuf-field-data-numeric_text_field\">\n                            <label>Profondeur (cm):<\/label>\n                        43        <\/li>\n        <\/ul>","protected":false},"excerpt":{"rendered":"<p>Table d&rsquo;appoint vintage avec espaces de rangement en m\u00e9tal pour les vinyles ou les revues et plateau en bois recouvert d&rsquo;un papier avec motifs g\u00e9om\u00e9triques. Des traces d&rsquo;usure sont pr\u00e9sentes sur le plateau, le porte-vinyles est parfaitement stable et fonctionnel.<\/p>","protected":false},"featured_media":281517,"template":"","meta":{"_et_pb_use_builder":"","_et_pb_old_content":"","_et_gb_content_width":""},"product_brand":[],"product_cat":[50,47,105,459],"product_tag":[],"proximite":[177,235],"class_list":{"0":"post-281528","1":"product","2":"type-product","3":"status-publish","4":"has-post-thumbnail","6":"product_cat-decorer","7":"product_cat-meubler","8":"product_cat-porte-plantes-revues-etc","9":"product_cat-table-basse-dappoint","10":"pa_couleur-noir","11":"pa_etat-dans-son-jus","12":"pa_materiau-metal","13":"pa_style-vintage","14":"proximite-fribourg","15":"proximite-sarine","17":"first","18":"outofstock","19":"shipping-taxable","20":"purchasable","21":"product-type-simple"},"yoast_head":"<!-- This site is optimized with the Yoast SEO plugin v27.4 - https:\/\/yoast.com\/product\/yoast-seo-wordpress\/ -->\n<title>Meuble porte-vinyles | lalmachine.com, mobilier et objets d\u00e9co vintage et design<\/title>\n<meta name=\"description\" content=\"Table d&#039;appoint vintage avec espaces de rangement en m\u00e9tal pour les vinyles ou les revues et plateau en bois recouvert d&#039;un papier avec motifs g\u00e9om\u00e9triques.\" \/>\n<meta name=\"robots\" content=\"index, follow, max-snippet:-1, max-image-preview:large, max-video-preview:-1\" \/>\n<link rel=\"canonical\" href=\"https:\/\/lalmachine.com\/de\/shop\/decorer\/porte-plantes-revues-etc\/meuble-porte-vinyles\/\" \/>\n<meta property=\"og:locale\" content=\"de_DE\" \/>\n<meta property=\"og:type\" content=\"article\" \/>\n<meta property=\"og:title\" content=\"Meuble porte-vinyles | lalmachine.com, mobilier et objets d\u00e9co vintage et design\" \/>\n<meta property=\"og:description\" content=\"Table d&#039;appoint vintage avec espaces de rangement en m\u00e9tal pour les vinyles ou les revues et plateau en bois recouvert d&#039;un papier avec motifs g\u00e9om\u00e9triques.\" \/>\n<meta property=\"og:url\" content=\"https:\/\/lalmachine.com\/de\/shop\/decorer\/porte-plantes-revues-etc\/meuble-porte-vinyles\/\" \/>\n<meta property=\"og:site_name\" content=\"lalmachine.com\" \/>\n<meta property=\"article:publisher\" content=\"https:\/\/facebook.com\/lalmachine\" \/>\n<meta property=\"article:modified_time\" content=\"2024-12-05T20:57:24+00:00\" \/>\n<meta property=\"og:image\" content=\"https:\/\/lalmachine.com\/wp-content\/uploads\/2022\/08\/IMG20220803160449_clipped_rev_1-b29f9475-scaled.jpg\" \/>\n\t<meta property=\"og:image:width\" content=\"2560\" \/>\n\t<meta property=\"og:image:height\" content=\"2560\" \/>\n\t<meta property=\"og:image:type\" content=\"image\/jpeg\" \/>\n<meta name=\"twitter:card\" content=\"summary_large_image\" \/>\n<script type=\"application\/ld+json\" class=\"yoast-schema-graph\">{\"@context\":\"https:\\\/\\\/schema.org\",\"@graph\":[{\"@type\":\"WebPage\",\"@id\":\"https:\\\/\\\/lalmachine.com\\\/shop\\\/decorer\\\/porte-plantes-revues-etc\\\/meuble-porte-vinyles\\\/\",\"url\":\"https:\\\/\\\/lalmachine.com\\\/shop\\\/decorer\\\/porte-plantes-revues-etc\\\/meuble-porte-vinyles\\\/\",\"name\":\"Meuble porte-vinyles | lalmachine.com, mobilier et objets d\u00e9co vintage et design\",\"isPartOf\":{\"@id\":\"https:\\\/\\\/lalmachine.com\\\/#website\"},\"primaryImageOfPage\":{\"@id\":\"https:\\\/\\\/lalmachine.com\\\/shop\\\/decorer\\\/porte-plantes-revues-etc\\\/meuble-porte-vinyles\\\/#primaryimage\"},\"image\":{\"@id\":\"https:\\\/\\\/lalmachine.com\\\/shop\\\/decorer\\\/porte-plantes-revues-etc\\\/meuble-porte-vinyles\\\/#primaryimage\"},\"thumbnailUrl\":\"https:\\\/\\\/lalmachine.com\\\/wp-content\\\/uploads\\\/2022\\\/08\\\/IMG20220803160449_clipped_rev_1-b29f9475-scaled.jpg\",\"datePublished\":\"2022-08-04T08:35:54+00:00\",\"dateModified\":\"2024-12-05T20:57:24+00:00\",\"description\":\"Table d'appoint vintage avec espaces de rangement en m\u00e9tal pour les vinyles ou les revues et plateau en bois recouvert d'un papier avec motifs g\u00e9om\u00e9triques.\",\"breadcrumb\":{\"@id\":\"https:\\\/\\\/lalmachine.com\\\/shop\\\/decorer\\\/porte-plantes-revues-etc\\\/meuble-porte-vinyles\\\/#breadcrumb\"},\"inLanguage\":\"de\",\"potentialAction\":[{\"@type\":\"ReadAction\",\"target\":[\"https:\\\/\\\/lalmachine.com\\\/shop\\\/decorer\\\/porte-plantes-revues-etc\\\/meuble-porte-vinyles\\\/\"]}]},{\"@type\":\"ImageObject\",\"inLanguage\":\"de\",\"@id\":\"https:\\\/\\\/lalmachine.com\\\/shop\\\/decorer\\\/porte-plantes-revues-etc\\\/meuble-porte-vinyles\\\/#primaryimage\",\"url\":\"https:\\\/\\\/lalmachine.com\\\/wp-content\\\/uploads\\\/2022\\\/08\\\/IMG20220803160449_clipped_rev_1-b29f9475-scaled.jpg\",\"contentUrl\":\"https:\\\/\\\/lalmachine.com\\\/wp-content\\\/uploads\\\/2022\\\/08\\\/IMG20220803160449_clipped_rev_1-b29f9475-scaled.jpg\",\"width\":2560,\"height\":2560,\"caption\":\"Meuble porte-vinyles\"},{\"@type\":\"BreadcrumbList\",\"@id\":\"https:\\\/\\\/lalmachine.com\\\/shop\\\/decorer\\\/porte-plantes-revues-etc\\\/meuble-porte-vinyles\\\/#breadcrumb\",\"itemListElement\":[{\"@type\":\"ListItem\",\"position\":1,\"name\":\"Accueil\",\"item\":\"https:\\\/\\\/lalmachine.com\\\/\"},{\"@type\":\"ListItem\",\"position\":2,\"name\":\"Shop\",\"item\":\"https:\\\/\\\/lalmachine.com\\\/shop\\\/\"},{\"@type\":\"ListItem\",\"position\":3,\"name\":\"Meuble porte-vinyles\"}]},{\"@type\":\"WebSite\",\"@id\":\"https:\\\/\\\/lalmachine.com\\\/#website\",\"url\":\"https:\\\/\\\/lalmachine.com\\\/\",\"name\":\"lalmachine.com\",\"description\":\"Brocante en ligne Suisse | Mobilier et objets d\u00e9co vintage et design\",\"potentialAction\":[{\"@type\":\"SearchAction\",\"target\":{\"@type\":\"EntryPoint\",\"urlTemplate\":\"https:\\\/\\\/lalmachine.com\\\/?s={search_term_string}\"},\"query-input\":{\"@type\":\"PropertyValueSpecification\",\"valueRequired\":true,\"valueName\":\"search_term_string\"}}],\"inLanguage\":\"de\"}]}<\/script>\n<!-- \/ Yoast SEO plugin. -->","yoast_head_json":{"title":"Meuble porte-vinyles | lalmachine.com, mobilier et objets d\u00e9co vintage et design","description":"Table d'appoint vintage avec espaces de rangement en m\u00e9tal pour les vinyles ou les revues et plateau en bois recouvert d'un papier avec motifs g\u00e9om\u00e9triques.","robots":{"index":"index","follow":"follow","max-snippet":"max-snippet:-1","max-image-preview":"max-image-preview:large","max-video-preview":"max-video-preview:-1"},"canonical":"https:\/\/lalmachine.com\/de\/shop\/decorer\/porte-plantes-revues-etc\/meuble-porte-vinyles\/","og_locale":"de_DE","og_type":"article","og_title":"Meuble porte-vinyles | lalmachine.com, mobilier et objets d\u00e9co vintage et design","og_description":"Table d'appoint vintage avec espaces de rangement en m\u00e9tal pour les vinyles ou les revues et plateau en bois recouvert d'un papier avec motifs g\u00e9om\u00e9triques.","og_url":"https:\/\/lalmachine.com\/de\/shop\/decorer\/porte-plantes-revues-etc\/meuble-porte-vinyles\/","og_site_name":"lalmachine.com","article_publisher":"https:\/\/facebook.com\/lalmachine","article_modified_time":"2024-12-05T20:57:24+00:00","og_image":[{"width":2560,"height":2560,"url":"https:\/\/lalmachine.com\/wp-content\/uploads\/2022\/08\/IMG20220803160449_clipped_rev_1-b29f9475-scaled.jpg","type":"image\/jpeg"}],"twitter_card":"summary_large_image","schema":{"@context":"https:\/\/schema.org","@graph":[{"@type":"WebPage","@id":"https:\/\/lalmachine.com\/shop\/decorer\/porte-plantes-revues-etc\/meuble-porte-vinyles\/","url":"https:\/\/lalmachine.com\/shop\/decorer\/porte-plantes-revues-etc\/meuble-porte-vinyles\/","name":"Meuble porte-vinyles | lalmachine.com, mobilier et objets d\u00e9co vintage et design","isPartOf":{"@id":"https:\/\/lalmachine.com\/#website"},"primaryImageOfPage":{"@id":"https:\/\/lalmachine.com\/shop\/decorer\/porte-plantes-revues-etc\/meuble-porte-vinyles\/#primaryimage"},"image":{"@id":"https:\/\/lalmachine.com\/shop\/decorer\/porte-plantes-revues-etc\/meuble-porte-vinyles\/#primaryimage"},"thumbnailUrl":"https:\/\/lalmachine.com\/wp-content\/uploads\/2022\/08\/IMG20220803160449_clipped_rev_1-b29f9475-scaled.jpg","datePublished":"2022-08-04T08:35:54+00:00","dateModified":"2024-12-05T20:57:24+00:00","description":"Table d'appoint vintage avec espaces de rangement en m\u00e9tal pour les vinyles ou les revues et plateau en bois recouvert d'un papier avec motifs g\u00e9om\u00e9triques.","breadcrumb":{"@id":"https:\/\/lalmachine.com\/shop\/decorer\/porte-plantes-revues-etc\/meuble-porte-vinyles\/#breadcrumb"},"inLanguage":"de","potentialAction":[{"@type":"ReadAction","target":["https:\/\/lalmachine.com\/shop\/decorer\/porte-plantes-revues-etc\/meuble-porte-vinyles\/"]}]},{"@type":"ImageObject","inLanguage":"de","@id":"https:\/\/lalmachine.com\/shop\/decorer\/porte-plantes-revues-etc\/meuble-porte-vinyles\/#primaryimage","url":"https:\/\/lalmachine.com\/wp-content\/uploads\/2022\/08\/IMG20220803160449_clipped_rev_1-b29f9475-scaled.jpg","contentUrl":"https:\/\/lalmachine.com\/wp-content\/uploads\/2022\/08\/IMG20220803160449_clipped_rev_1-b29f9475-scaled.jpg","width":2560,"height":2560,"caption":"Meuble porte-vinyles"},{"@type":"BreadcrumbList","@id":"https:\/\/lalmachine.com\/shop\/decorer\/porte-plantes-revues-etc\/meuble-porte-vinyles\/#breadcrumb","itemListElement":[{"@type":"ListItem","position":1,"name":"Accueil","item":"https:\/\/lalmachine.com\/"},{"@type":"ListItem","position":2,"name":"Shop","item":"https:\/\/lalmachine.com\/shop\/"},{"@type":"ListItem","position":3,"name":"Meuble porte-vinyles"}]},{"@type":"WebSite","@id":"https:\/\/lalmachine.com\/#website","url":"https:\/\/lalmachine.com\/","name":"lalmachine.com","description":"Brocante en ligne Suisse | Mobilier et objets d\u00e9co vintage et design","potentialAction":[{"@type":"SearchAction","target":{"@type":"EntryPoint","urlTemplate":"https:\/\/lalmachine.com\/?s={search_term_string}"},"query-input":{"@type":"PropertyValueSpecification","valueRequired":true,"valueName":"search_term_string"}}],"inLanguage":"de"}]}},"_links":{"self":[{"href":"https:\/\/lalmachine.com\/de\/wp-json\/wp\/v2\/product\/281528","targetHints":{"allow":["GET"]}}],"collection":[{"href":"https:\/\/lalmachine.com\/de\/wp-json\/wp\/v2\/product"}],"about":[{"href":"https:\/\/lalmachine.com\/de\/wp-json\/wp\/v2\/types\/product"}],"wp:featuredmedia":[{"embeddable":true,"href":"https:\/\/lalmachine.com\/de\/wp-json\/wp\/v2\/media\/281517"}],"wp:attachment":[{"href":"https:\/\/lalmachine.com\/de\/wp-json\/wp\/v2\/media?parent=281528"}],"wp:term":[{"taxonomy":"product_brand","embeddable":true,"href":"https:\/\/lalmachine.com\/de\/wp-json\/wp\/v2\/product_brand?post=281528"},{"taxonomy":"product_cat","embeddable":true,"href":"https:\/\/lalmachine.com\/de\/wp-json\/wp\/v2\/product_cat?post=281528"},{"taxonomy":"product_tag","embeddable":true,"href":"https:\/\/lalmachine.com\/de\/wp-json\/wp\/v2\/product_tag?post=281528"},{"taxonomy":"proximite","embeddable":true,"href":"https:\/\/lalmachine.com\/de\/wp-json\/wp\/v2\/proximite?post=281528"}],"curies":[{"name":"wp","href":"https:\/\/api.w.org\/{rel}","templated":true}]}}