{"id":281555,"date":"2022-08-04T12:35:09","date_gmt":"2022-08-04T10:35:09","guid":{"rendered":"https:\/\/lalmachine.com\/?post_type=product&#038;p=281555"},"modified":"2024-12-05T21:57:24","modified_gmt":"2024-12-05T20:57:24","slug":"fauteuil-oti-par-niels-gammelgaard","status":"publish","type":"product","link":"https:\/\/lalmachine.com\/de\/shop\/sasseoir\/canape-fauteuil-pouf\/fauteuil-oti-par-niels-gammelgaard\/","title":{"rendered":"Fauteuil OTI par Niels Gammelgaard"},"content":{"rendered":"<ul class=\"wpuf_customs\"><li style=\"list-style-type:none;\"><label>Autres photos:<\/label> <a href=\"https:\/\/lalmachine.com\/wp-content\/uploads\/2022\/08\/IMG20220803155054-72cabb51-scaled.jpg\"><img loading=\"lazy\" decoding=\"async\" width=\"72\" height=\"96\" src=\"https:\/\/lalmachine.com\/wp-content\/uploads\/2022\/08\/IMG20220803155054-72cabb51-scaled.jpg\" class=\"attachment-thumbnail size-thumbnail\" alt=\"\" \/><\/a> <a href=\"https:\/\/lalmachine.com\/wp-content\/uploads\/2022\/08\/IMG20220803155035-9304a49e-scaled.jpg\"><img loading=\"lazy\" decoding=\"async\" width=\"72\" height=\"96\" src=\"https:\/\/lalmachine.com\/wp-content\/uploads\/2022\/08\/IMG20220803155035-9304a49e-scaled.jpg\" class=\"attachment-thumbnail size-thumbnail\" alt=\"\" \/><\/a> <a href=\"https:\/\/lalmachine.com\/wp-content\/uploads\/2022\/08\/IMG20220803155100-f5f66094-scaled.jpg\"><img loading=\"lazy\" decoding=\"async\" width=\"72\" height=\"96\" src=\"https:\/\/lalmachine.com\/wp-content\/uploads\/2022\/08\/IMG20220803155100-f5f66094-scaled.jpg\" class=\"attachment-thumbnail size-thumbnail\" alt=\"\" \/><\/a> <a href=\"https:\/\/lalmachine.com\/wp-content\/uploads\/2022\/08\/IMG20220803155323-e7c3bda3-scaled.jpg\"><img loading=\"lazy\" decoding=\"async\" width=\"72\" height=\"96\" src=\"https:\/\/lalmachine.com\/wp-content\/uploads\/2022\/08\/IMG20220803155323-e7c3bda3-scaled.jpg\" class=\"attachment-thumbnail size-thumbnail\" alt=\"\" \/><\/a> <a href=\"https:\/\/lalmachine.com\/wp-content\/uploads\/2022\/08\/IMG20220803155251-66b2dd74-scaled.jpg\"><img loading=\"lazy\" decoding=\"async\" width=\"72\" height=\"96\" src=\"https:\/\/lalmachine.com\/wp-content\/uploads\/2022\/08\/IMG20220803155251-66b2dd74-scaled.jpg\" class=\"attachment-thumbnail size-thumbnail\" alt=\"\" \/><\/a> <a href=\"https:\/\/lalmachine.com\/wp-content\/uploads\/2022\/08\/IMG20220803155156-aa44c686-scaled.jpg\"><img loading=\"lazy\" decoding=\"async\" width=\"72\" height=\"96\" src=\"https:\/\/lalmachine.com\/wp-content\/uploads\/2022\/08\/IMG20220803155156-aa44c686-scaled.jpg\" class=\"attachment-thumbnail size-thumbnail\" alt=\"\" \/><\/a> <a href=\"https:\/\/lalmachine.com\/wp-content\/uploads\/2022\/08\/IMG20220803155338-f3af562c-scaled.jpg\"><img loading=\"lazy\" decoding=\"async\" width=\"72\" height=\"96\" src=\"https:\/\/lalmachine.com\/wp-content\/uploads\/2022\/08\/IMG20220803155338-f3af562c-scaled.jpg\" class=\"attachment-thumbnail size-thumbnail\" alt=\"\" \/><\/a> <a href=\"https:\/\/lalmachine.com\/wp-content\/uploads\/2022\/08\/IMG20220803155126-7bd27688-scaled.jpg\"><img loading=\"lazy\" decoding=\"async\" width=\"72\" height=\"96\" src=\"https:\/\/lalmachine.com\/wp-content\/uploads\/2022\/08\/IMG20220803155126-7bd27688-scaled.jpg\" class=\"attachment-thumbnail size-thumbnail\" alt=\"\" \/><\/a> <a href=\"https:\/\/lalmachine.com\/wp-content\/uploads\/2022\/08\/IMG20220803155131-394a0aaa-scaled.jpg\"><img loading=\"lazy\" decoding=\"async\" width=\"72\" height=\"96\" src=\"https:\/\/lalmachine.com\/wp-content\/uploads\/2022\/08\/IMG20220803155131-394a0aaa-scaled.jpg\" class=\"attachment-thumbnail size-thumbnail\" alt=\"\" \/><\/a> <a href=\"https:\/\/lalmachine.com\/wp-content\/uploads\/2022\/08\/IMG20220803155143-5e0e8279-scaled.jpg\"><img loading=\"lazy\" decoding=\"async\" width=\"72\" height=\"96\" src=\"https:\/\/lalmachine.com\/wp-content\/uploads\/2022\/08\/IMG20220803155143-5e0e8279-scaled.jpg\" class=\"attachment-thumbnail size-thumbnail\" alt=\"\" \/><\/a> <a href=\"https:\/\/lalmachine.com\/wp-content\/uploads\/2022\/08\/IMG20220803155210-35ccbe44-scaled.jpg\"><img loading=\"lazy\" decoding=\"async\" width=\"72\" height=\"96\" src=\"https:\/\/lalmachine.com\/wp-content\/uploads\/2022\/08\/IMG20220803155210-35ccbe44-scaled.jpg\" class=\"attachment-thumbnail size-thumbnail\" alt=\"\" \/><\/a> <a href=\"https:\/\/lalmachine.com\/wp-content\/uploads\/2022\/08\/IMG20220803155349-f4bb4953-scaled.jpg\"><img loading=\"lazy\" decoding=\"async\" width=\"72\" height=\"96\" src=\"https:\/\/lalmachine.com\/wp-content\/uploads\/2022\/08\/IMG20220803155349-f4bb4953-scaled.jpg\" class=\"attachment-thumbnail size-thumbnail\" alt=\"\" \/><\/a> <a href=\"https:\/\/lalmachine.com\/wp-content\/uploads\/2022\/08\/IMG20220803155359-5fa984be-scaled.jpg\"><img loading=\"lazy\" decoding=\"async\" width=\"72\" height=\"96\" src=\"https:\/\/lalmachine.com\/wp-content\/uploads\/2022\/08\/IMG20220803155359-5fa984be-scaled.jpg\" class=\"attachment-thumbnail size-thumbnail\" alt=\"\" \/><\/a> <\/li>        <li class=\"wpuf-field-data wpuf-field-data-numeric_text_field\">\n                            <label>Prix:<\/label>\n                        160        <\/li>\n                <li class=\"wpuf-field-data wpuf-field-data-numeric_text_field\">\n                            <label>Hauteur (cm):<\/label>\n                        80        <\/li>\n                <li class=\"wpuf-field-data wpuf-field-data-numeric_text_field\">\n                            <label>Largeur (cm):<\/label>\n                        93        <\/li>\n                <li class=\"wpuf-field-data wpuf-field-data-numeric_text_field\">\n                            <label>Profondeur (cm):<\/label>\n                        102        <\/li>\n        <\/ul>","protected":false},"excerpt":{"rendered":"<p>Fauteuil vintage enti\u00e8rement en m\u00e9tal, mod\u00e8le OTI dessin\u00e9 par le designer Niels Gammelgaard pour IKEA dans les ann\u00e9es 80. Le fauteuil est en parfait \u00e9tat avec un style minimaliste tr\u00e8s \u00e9l\u00e9gant.<\/p>\n<p>Livraison possible (sous 14 jours, \u00e0 r\u00e9gler le jour de la livraison) :<br \/>\n\u2013 Berne : 30 CHF<br \/>\n\u2013 Lausanne : 50 CHF<br \/>\n\u2013 Gen\u00e8ve, Z\u00fcrich : 100 CHF<br \/>\n\u2013 Autres villes sur demande<\/p>","protected":false},"featured_media":281540,"template":"","meta":{"_et_pb_use_builder":"","_et_pb_old_content":"","_et_gb_content_width":""},"product_brand":[],"product_cat":[99,48],"product_tag":[],"proximite":[177,235],"class_list":{"0":"post-281555","1":"product","2":"type-product","3":"status-publish","4":"has-post-thumbnail","6":"product_cat-canape-fauteuil-pouf","7":"product_cat-sasseoir","8":"pa_couleur-noir","9":"pa_etat-tres-bon-etat","10":"pa_materiau-metal","11":"pa_style-design","12":"proximite-fribourg","13":"proximite-sarine","15":"first","16":"outofstock","17":"shipping-taxable","18":"purchasable","19":"product-type-simple"},"yoast_head":"<!-- This site is optimized with the Yoast SEO plugin v27.4 - https:\/\/yoast.com\/product\/yoast-seo-wordpress\/ -->\n<title>Fauteuil OTI par Niels Gammelgaard | lalmachine.com, mobilier et objets d\u00e9co vintage et design<\/title>\n<meta name=\"description\" content=\"Fauteuil vintage enti\u00e8rement en m\u00e9tal, mod\u00e8le OTI dessin\u00e9 par le designer Niels Gammelgaard pour IKEA dans les ann\u00e9es 80.\" \/>\n<meta name=\"robots\" content=\"index, follow, max-snippet:-1, max-image-preview:large, max-video-preview:-1\" \/>\n<link rel=\"canonical\" href=\"https:\/\/lalmachine.com\/de\/shop\/sasseoir\/canape-fauteuil-pouf\/fauteuil-oti-par-niels-gammelgaard\/\" \/>\n<meta property=\"og:locale\" content=\"de_DE\" \/>\n<meta property=\"og:type\" content=\"article\" \/>\n<meta property=\"og:title\" content=\"Fauteuil OTI par Niels Gammelgaard | lalmachine.com, mobilier et objets d\u00e9co vintage et design\" \/>\n<meta property=\"og:description\" content=\"Fauteuil vintage enti\u00e8rement en m\u00e9tal, mod\u00e8le OTI dessin\u00e9 par le designer Niels Gammelgaard pour IKEA dans les ann\u00e9es 80.\" \/>\n<meta property=\"og:url\" content=\"https:\/\/lalmachine.com\/de\/shop\/sasseoir\/canape-fauteuil-pouf\/fauteuil-oti-par-niels-gammelgaard\/\" \/>\n<meta property=\"og:site_name\" content=\"lalmachine.com\" \/>\n<meta property=\"article:publisher\" content=\"https:\/\/facebook.com\/lalmachine\" \/>\n<meta property=\"article:modified_time\" content=\"2024-12-05T20:57:24+00:00\" \/>\n<meta property=\"og:image\" content=\"https:\/\/lalmachine.com\/wp-content\/uploads\/2022\/08\/IMG20220803155054_clipped_rev_2-1b64ad35-scaled.jpg\" \/>\n\t<meta property=\"og:image:width\" content=\"2560\" \/>\n\t<meta property=\"og:image:height\" content=\"2560\" \/>\n\t<meta property=\"og:image:type\" content=\"image\/jpeg\" \/>\n<meta name=\"twitter:card\" content=\"summary_large_image\" \/>\n<script type=\"application\/ld+json\" class=\"yoast-schema-graph\">{\"@context\":\"https:\\\/\\\/schema.org\",\"@graph\":[{\"@type\":\"WebPage\",\"@id\":\"https:\\\/\\\/lalmachine.com\\\/de\\\/shop\\\/sasseoir\\\/canape-fauteuil-pouf\\\/fauteuil-oti-par-niels-gammelgaard\\\/\",\"url\":\"https:\\\/\\\/lalmachine.com\\\/de\\\/shop\\\/sasseoir\\\/canape-fauteuil-pouf\\\/fauteuil-oti-par-niels-gammelgaard\\\/\",\"name\":\"Fauteuil OTI par Niels Gammelgaard | lalmachine.com, mobilier et objets d\u00e9co vintage et design\",\"isPartOf\":{\"@id\":\"https:\\\/\\\/lalmachine.com\\\/#website\"},\"primaryImageOfPage\":{\"@id\":\"https:\\\/\\\/lalmachine.com\\\/de\\\/shop\\\/sasseoir\\\/canape-fauteuil-pouf\\\/fauteuil-oti-par-niels-gammelgaard\\\/#primaryimage\"},\"image\":{\"@id\":\"https:\\\/\\\/lalmachine.com\\\/de\\\/shop\\\/sasseoir\\\/canape-fauteuil-pouf\\\/fauteuil-oti-par-niels-gammelgaard\\\/#primaryimage\"},\"thumbnailUrl\":\"https:\\\/\\\/lalmachine.com\\\/wp-content\\\/uploads\\\/2022\\\/08\\\/IMG20220803155054_clipped_rev_2-1b64ad35-scaled.jpg\",\"datePublished\":\"2022-08-04T10:35:09+00:00\",\"dateModified\":\"2024-12-05T20:57:24+00:00\",\"description\":\"Fauteuil vintage enti\u00e8rement en m\u00e9tal, mod\u00e8le OTI dessin\u00e9 par le designer Niels Gammelgaard pour IKEA dans les ann\u00e9es 80.\",\"breadcrumb\":{\"@id\":\"https:\\\/\\\/lalmachine.com\\\/de\\\/shop\\\/sasseoir\\\/canape-fauteuil-pouf\\\/fauteuil-oti-par-niels-gammelgaard\\\/#breadcrumb\"},\"inLanguage\":\"de\",\"potentialAction\":[{\"@type\":\"ReadAction\",\"target\":[\"https:\\\/\\\/lalmachine.com\\\/de\\\/shop\\\/sasseoir\\\/canape-fauteuil-pouf\\\/fauteuil-oti-par-niels-gammelgaard\\\/\"]}]},{\"@type\":\"ImageObject\",\"inLanguage\":\"de\",\"@id\":\"https:\\\/\\\/lalmachine.com\\\/de\\\/shop\\\/sasseoir\\\/canape-fauteuil-pouf\\\/fauteuil-oti-par-niels-gammelgaard\\\/#primaryimage\",\"url\":\"https:\\\/\\\/lalmachine.com\\\/wp-content\\\/uploads\\\/2022\\\/08\\\/IMG20220803155054_clipped_rev_2-1b64ad35-scaled.jpg\",\"contentUrl\":\"https:\\\/\\\/lalmachine.com\\\/wp-content\\\/uploads\\\/2022\\\/08\\\/IMG20220803155054_clipped_rev_2-1b64ad35-scaled.jpg\",\"width\":2560,\"height\":2560,\"caption\":\"Fauteuil OTI par Niels Gammelgaard\"},{\"@type\":\"BreadcrumbList\",\"@id\":\"https:\\\/\\\/lalmachine.com\\\/de\\\/shop\\\/sasseoir\\\/canape-fauteuil-pouf\\\/fauteuil-oti-par-niels-gammelgaard\\\/#breadcrumb\",\"itemListElement\":[{\"@type\":\"ListItem\",\"position\":1,\"name\":\"Accueil\",\"item\":\"https:\\\/\\\/lalmachine.com\\\/\"},{\"@type\":\"ListItem\",\"position\":2,\"name\":\"Shop\",\"item\":\"https:\\\/\\\/lalmachine.com\\\/shop\\\/\"},{\"@type\":\"ListItem\",\"position\":3,\"name\":\"Fauteuil OTI par Niels Gammelgaard\"}]},{\"@type\":\"WebSite\",\"@id\":\"https:\\\/\\\/lalmachine.com\\\/#website\",\"url\":\"https:\\\/\\\/lalmachine.com\\\/\",\"name\":\"lalmachine.com\",\"description\":\"Brocante en ligne Suisse | Mobilier et objets d\u00e9co vintage et design\",\"potentialAction\":[{\"@type\":\"SearchAction\",\"target\":{\"@type\":\"EntryPoint\",\"urlTemplate\":\"https:\\\/\\\/lalmachine.com\\\/?s={search_term_string}\"},\"query-input\":{\"@type\":\"PropertyValueSpecification\",\"valueRequired\":true,\"valueName\":\"search_term_string\"}}],\"inLanguage\":\"de\"}]}<\/script>\n<!-- \/ Yoast SEO plugin. -->","yoast_head_json":{"title":"Fauteuil OTI par Niels Gammelgaard | lalmachine.com, mobilier et objets d\u00e9co vintage et design","description":"Fauteuil vintage enti\u00e8rement en m\u00e9tal, mod\u00e8le OTI dessin\u00e9 par le designer Niels Gammelgaard pour IKEA dans les ann\u00e9es 80.","robots":{"index":"index","follow":"follow","max-snippet":"max-snippet:-1","max-image-preview":"max-image-preview:large","max-video-preview":"max-video-preview:-1"},"canonical":"https:\/\/lalmachine.com\/de\/shop\/sasseoir\/canape-fauteuil-pouf\/fauteuil-oti-par-niels-gammelgaard\/","og_locale":"de_DE","og_type":"article","og_title":"Fauteuil OTI par Niels Gammelgaard | lalmachine.com, mobilier et objets d\u00e9co vintage et design","og_description":"Fauteuil vintage enti\u00e8rement en m\u00e9tal, mod\u00e8le OTI dessin\u00e9 par le designer Niels Gammelgaard pour IKEA dans les ann\u00e9es 80.","og_url":"https:\/\/lalmachine.com\/de\/shop\/sasseoir\/canape-fauteuil-pouf\/fauteuil-oti-par-niels-gammelgaard\/","og_site_name":"lalmachine.com","article_publisher":"https:\/\/facebook.com\/lalmachine","article_modified_time":"2024-12-05T20:57:24+00:00","og_image":[{"width":2560,"height":2560,"url":"https:\/\/lalmachine.com\/wp-content\/uploads\/2022\/08\/IMG20220803155054_clipped_rev_2-1b64ad35-scaled.jpg","type":"image\/jpeg"}],"twitter_card":"summary_large_image","schema":{"@context":"https:\/\/schema.org","@graph":[{"@type":"WebPage","@id":"https:\/\/lalmachine.com\/de\/shop\/sasseoir\/canape-fauteuil-pouf\/fauteuil-oti-par-niels-gammelgaard\/","url":"https:\/\/lalmachine.com\/de\/shop\/sasseoir\/canape-fauteuil-pouf\/fauteuil-oti-par-niels-gammelgaard\/","name":"Fauteuil OTI par Niels Gammelgaard | lalmachine.com, mobilier et objets d\u00e9co vintage et design","isPartOf":{"@id":"https:\/\/lalmachine.com\/#website"},"primaryImageOfPage":{"@id":"https:\/\/lalmachine.com\/de\/shop\/sasseoir\/canape-fauteuil-pouf\/fauteuil-oti-par-niels-gammelgaard\/#primaryimage"},"image":{"@id":"https:\/\/lalmachine.com\/de\/shop\/sasseoir\/canape-fauteuil-pouf\/fauteuil-oti-par-niels-gammelgaard\/#primaryimage"},"thumbnailUrl":"https:\/\/lalmachine.com\/wp-content\/uploads\/2022\/08\/IMG20220803155054_clipped_rev_2-1b64ad35-scaled.jpg","datePublished":"2022-08-04T10:35:09+00:00","dateModified":"2024-12-05T20:57:24+00:00","description":"Fauteuil vintage enti\u00e8rement en m\u00e9tal, mod\u00e8le OTI dessin\u00e9 par le designer Niels Gammelgaard pour IKEA dans les ann\u00e9es 80.","breadcrumb":{"@id":"https:\/\/lalmachine.com\/de\/shop\/sasseoir\/canape-fauteuil-pouf\/fauteuil-oti-par-niels-gammelgaard\/#breadcrumb"},"inLanguage":"de","potentialAction":[{"@type":"ReadAction","target":["https:\/\/lalmachine.com\/de\/shop\/sasseoir\/canape-fauteuil-pouf\/fauteuil-oti-par-niels-gammelgaard\/"]}]},{"@type":"ImageObject","inLanguage":"de","@id":"https:\/\/lalmachine.com\/de\/shop\/sasseoir\/canape-fauteuil-pouf\/fauteuil-oti-par-niels-gammelgaard\/#primaryimage","url":"https:\/\/lalmachine.com\/wp-content\/uploads\/2022\/08\/IMG20220803155054_clipped_rev_2-1b64ad35-scaled.jpg","contentUrl":"https:\/\/lalmachine.com\/wp-content\/uploads\/2022\/08\/IMG20220803155054_clipped_rev_2-1b64ad35-scaled.jpg","width":2560,"height":2560,"caption":"Fauteuil OTI par Niels Gammelgaard"},{"@type":"BreadcrumbList","@id":"https:\/\/lalmachine.com\/de\/shop\/sasseoir\/canape-fauteuil-pouf\/fauteuil-oti-par-niels-gammelgaard\/#breadcrumb","itemListElement":[{"@type":"ListItem","position":1,"name":"Accueil","item":"https:\/\/lalmachine.com\/"},{"@type":"ListItem","position":2,"name":"Shop","item":"https:\/\/lalmachine.com\/shop\/"},{"@type":"ListItem","position":3,"name":"Fauteuil OTI par Niels Gammelgaard"}]},{"@type":"WebSite","@id":"https:\/\/lalmachine.com\/#website","url":"https:\/\/lalmachine.com\/","name":"lalmachine.com","description":"Brocante en ligne Suisse | Mobilier et objets d\u00e9co vintage et design","potentialAction":[{"@type":"SearchAction","target":{"@type":"EntryPoint","urlTemplate":"https:\/\/lalmachine.com\/?s={search_term_string}"},"query-input":{"@type":"PropertyValueSpecification","valueRequired":true,"valueName":"search_term_string"}}],"inLanguage":"de"}]}},"_links":{"self":[{"href":"https:\/\/lalmachine.com\/de\/wp-json\/wp\/v2\/product\/281555","targetHints":{"allow":["GET"]}}],"collection":[{"href":"https:\/\/lalmachine.com\/de\/wp-json\/wp\/v2\/product"}],"about":[{"href":"https:\/\/lalmachine.com\/de\/wp-json\/wp\/v2\/types\/product"}],"wp:featuredmedia":[{"embeddable":true,"href":"https:\/\/lalmachine.com\/de\/wp-json\/wp\/v2\/media\/281540"}],"wp:attachment":[{"href":"https:\/\/lalmachine.com\/de\/wp-json\/wp\/v2\/media?parent=281555"}],"wp:term":[{"taxonomy":"product_brand","embeddable":true,"href":"https:\/\/lalmachine.com\/de\/wp-json\/wp\/v2\/product_brand?post=281555"},{"taxonomy":"product_cat","embeddable":true,"href":"https:\/\/lalmachine.com\/de\/wp-json\/wp\/v2\/product_cat?post=281555"},{"taxonomy":"product_tag","embeddable":true,"href":"https:\/\/lalmachine.com\/de\/wp-json\/wp\/v2\/product_tag?post=281555"},{"taxonomy":"proximite","embeddable":true,"href":"https:\/\/lalmachine.com\/de\/wp-json\/wp\/v2\/proximite?post=281555"}],"curies":[{"name":"wp","href":"https:\/\/api.w.org\/{rel}","templated":true}]}}