{"id":282617,"date":"2023-10-25T15:57:31","date_gmt":"2023-10-25T13:57:31","guid":{"rendered":"https:\/\/lalmachine.com\/?post_type=product&#038;p=282617"},"modified":"2024-12-05T21:57:32","modified_gmt":"2024-12-05T20:57:32","slug":"plaque-en-ceramique-orientale","status":"publish","type":"product","link":"https:\/\/lalmachine.com\/de\/shop\/decorer\/vase-ceramique\/plaque-en-ceramique-orientale\/","title":{"rendered":"Plaque en c\u00e9ramique orientale"},"content":{"rendered":"<ul class=\"wpuf_customs\"><li style=\"list-style-type:none;\"><label>Autres photos:<\/label> <a href=\"https:\/\/lalmachine.com\/wp-content\/uploads\/2022\/08\/0C1663C5-E7AC-42B0-82FE-97805E070A22-9c500be0-scaled.jpeg\"><img loading=\"lazy\" decoding=\"async\" width=\"72\" height=\"96\" src=\"https:\/\/lalmachine.com\/wp-content\/uploads\/2022\/08\/0C1663C5-E7AC-42B0-82FE-97805E070A22-9c500be0-scaled.jpeg\" class=\"attachment-thumbnail size-thumbnail\" alt=\"\" \/><\/a> <a href=\"https:\/\/lalmachine.com\/wp-content\/uploads\/2022\/08\/845C36EF-1915-4F03-A37E-479623AF582C-92c5951a-scaled.jpeg\"><img loading=\"lazy\" decoding=\"async\" width=\"128\" height=\"96\" src=\"https:\/\/lalmachine.com\/wp-content\/uploads\/2022\/08\/845C36EF-1915-4F03-A37E-479623AF582C-92c5951a-scaled.jpeg\" class=\"attachment-thumbnail size-thumbnail\" alt=\"\" \/><\/a> <a href=\"https:\/\/lalmachine.com\/wp-content\/uploads\/2022\/08\/49384523-1A23-4CB4-AF91-E6B774B8EE86-972fb47b-scaled.jpeg\"><img loading=\"lazy\" decoding=\"async\" width=\"72\" height=\"96\" src=\"https:\/\/lalmachine.com\/wp-content\/uploads\/2022\/08\/49384523-1A23-4CB4-AF91-E6B774B8EE86-972fb47b-scaled.jpeg\" class=\"attachment-thumbnail size-thumbnail\" alt=\"\" \/><\/a> <a href=\"https:\/\/lalmachine.com\/wp-content\/uploads\/2022\/08\/7CD8F22E-40C2-4816-8B54-0B82B1864C40-5fe26732-scaled.jpeg\"><img loading=\"lazy\" decoding=\"async\" width=\"72\" height=\"96\" src=\"https:\/\/lalmachine.com\/wp-content\/uploads\/2022\/08\/7CD8F22E-40C2-4816-8B54-0B82B1864C40-5fe26732-scaled.jpeg\" class=\"attachment-thumbnail size-thumbnail\" alt=\"\" \/><\/a> <a href=\"https:\/\/lalmachine.com\/wp-content\/uploads\/2022\/08\/EA6AB7C8-ACEE-426E-9E42-F0BF8CDCCBAC-a0d1df8c-scaled.jpeg\"><img loading=\"lazy\" decoding=\"async\" width=\"72\" height=\"96\" src=\"https:\/\/lalmachine.com\/wp-content\/uploads\/2022\/08\/EA6AB7C8-ACEE-426E-9E42-F0BF8CDCCBAC-a0d1df8c-scaled.jpeg\" class=\"attachment-thumbnail size-thumbnail\" alt=\"\" \/><\/a> <a href=\"https:\/\/lalmachine.com\/wp-content\/uploads\/2022\/08\/94C839CA-3347-4804-86D7-44EC134BB6DB-fa55f494-scaled.jpeg\"><img loading=\"lazy\" decoding=\"async\" width=\"72\" height=\"96\" src=\"https:\/\/lalmachine.com\/wp-content\/uploads\/2022\/08\/94C839CA-3347-4804-86D7-44EC134BB6DB-fa55f494-scaled.jpeg\" class=\"attachment-thumbnail size-thumbnail\" alt=\"\" \/><\/a> <a href=\"https:\/\/lalmachine.com\/wp-content\/uploads\/2022\/08\/07D52457-7406-4D23-863D-0B44C487DA99-a578d7d0-scaled.jpeg\"><img loading=\"lazy\" decoding=\"async\" width=\"72\" height=\"96\" src=\"https:\/\/lalmachine.com\/wp-content\/uploads\/2022\/08\/07D52457-7406-4D23-863D-0B44C487DA99-a578d7d0-scaled.jpeg\" class=\"attachment-thumbnail size-thumbnail\" alt=\"\" \/><\/a> <a href=\"https:\/\/lalmachine.com\/wp-content\/uploads\/2022\/08\/C1A5FD6B-940C-4516-B3FF-42D380DD1BF6-13a77695-scaled.jpeg\"><img loading=\"lazy\" decoding=\"async\" width=\"72\" height=\"96\" src=\"https:\/\/lalmachine.com\/wp-content\/uploads\/2022\/08\/C1A5FD6B-940C-4516-B3FF-42D380DD1BF6-13a77695-scaled.jpeg\" class=\"attachment-thumbnail size-thumbnail\" alt=\"\" \/><\/a> <a href=\"https:\/\/lalmachine.com\/wp-content\/uploads\/2022\/08\/51F2AD14-0699-4598-9569-976B761D92E5-5a8ba87c-scaled.jpeg\"><img loading=\"lazy\" decoding=\"async\" width=\"72\" height=\"96\" src=\"https:\/\/lalmachine.com\/wp-content\/uploads\/2022\/08\/51F2AD14-0699-4598-9569-976B761D92E5-5a8ba87c-scaled.jpeg\" class=\"attachment-thumbnail size-thumbnail\" alt=\"\" \/><\/a> <a href=\"https:\/\/lalmachine.com\/wp-content\/uploads\/2022\/08\/A17B3536-ABE5-40E3-B3E8-BCF58F3546F0-5222a9c7-scaled.jpeg\"><img loading=\"lazy\" decoding=\"async\" width=\"128\" height=\"96\" src=\"https:\/\/lalmachine.com\/wp-content\/uploads\/2022\/08\/A17B3536-ABE5-40E3-B3E8-BCF58F3546F0-5222a9c7-scaled.jpeg\" class=\"attachment-thumbnail size-thumbnail\" alt=\"\" \/><\/a> <\/li>        <li class=\"wpuf-field-data wpuf-field-data-numeric_text_field\">\n                            <label>Prix:<\/label>\n                        125        <\/li>\n                <li class=\"wpuf-field-data wpuf-field-data-numeric_text_field\">\n                            <label>Quantit\u00e9:<\/label>\n                        0        <\/li>\n                <li class=\"wpuf-field-data wpuf-field-data-numeric_text_field\">\n                            <label>Hauteur (cm):<\/label>\n                        25        <\/li>\n                <li class=\"wpuf-field-data wpuf-field-data-numeric_text_field\">\n                            <label>Largeur (cm):<\/label>\n                        35        <\/li>\n                <li class=\"wpuf-field-data wpuf-field-data-numeric_text_field\">\n                            <label>Profondeur (cm):<\/label>\n                        2        <\/li>\n        <\/ul>","protected":false},"excerpt":{"rendered":"<p>Plaque en c\u00e9ramique orientale \u00e9maill\u00e9e au d\u00e9cor de paons et de v\u00e9g\u00e9tation dans les tons bruns et bleus.\u00a0Joli travail dans les d\u00e9tails peints de mani\u00e8re artisanale.<\/p>\n<p>La plaque peut \u00eatre accroch\u00e9e au mur ou servir en d\u00e9coration sur une table \u00e9ventuellement.<\/p>\n<p>Bel \u00e9tat !<\/p>","protected":false},"featured_media":282649,"template":"","meta":{"_et_pb_use_builder":"","_et_pb_old_content":"","_et_gb_content_width":""},"product_brand":[],"product_cat":[50,400],"product_tag":[],"proximite":[281,179],"class_list":{"0":"post-282617","1":"product","2":"type-product","3":"status-publish","4":"has-post-thumbnail","6":"product_cat-decorer","7":"product_cat-vase-ceramique","8":"product_shipping_class-fragile-8-5","9":"pa_couleur-multicolore","10":"pa_etat-tres-bon-etat","11":"pa_materiau-ceramique","12":"pa_style-ethnique","13":"proximite-nyon","14":"proximite-vaud","16":"first","17":"outofstock","18":"shipping-taxable","19":"purchasable","20":"product-type-simple"},"yoast_head":"<!-- This site is optimized with the Yoast SEO plugin v27.3 - https:\/\/yoast.com\/product\/yoast-seo-wordpress\/ -->\n<title>Plaque en c\u00e9ramique orientale | lalmachine.com, mobilier et objets d\u00e9co vintage et design<\/title>\n<meta name=\"description\" content=\"Plaque en c\u00e9ramique orientale \u00e9maill\u00e9e au d\u00e9cor de paons et de v\u00e9g\u00e9tation dans les tons bruns et bleus.\u00a0Joli travail dans les d\u00e9tails.\" \/>\n<meta name=\"robots\" content=\"index, follow, max-snippet:-1, max-image-preview:large, max-video-preview:-1\" \/>\n<link rel=\"canonical\" href=\"https:\/\/lalmachine.com\/de\/shop\/decorer\/vase-ceramique\/plaque-en-ceramique-orientale\/\" \/>\n<meta property=\"og:locale\" content=\"de_DE\" \/>\n<meta property=\"og:type\" content=\"article\" \/>\n<meta property=\"og:title\" content=\"Plaque en c\u00e9ramique orientale | lalmachine.com, mobilier et objets d\u00e9co vintage et design\" \/>\n<meta property=\"og:description\" content=\"Plaque en c\u00e9ramique orientale \u00e9maill\u00e9e au d\u00e9cor de paons et de v\u00e9g\u00e9tation dans les tons bruns et bleus.\u00a0Joli travail dans les d\u00e9tails.\" \/>\n<meta property=\"og:url\" content=\"https:\/\/lalmachine.com\/de\/shop\/decorer\/vase-ceramique\/plaque-en-ceramique-orientale\/\" \/>\n<meta property=\"og:site_name\" content=\"lalmachine.com\" \/>\n<meta property=\"article:publisher\" content=\"https:\/\/facebook.com\/lalmachine\" \/>\n<meta property=\"article:modified_time\" content=\"2024-12-05T20:57:32+00:00\" \/>\n<meta property=\"og:image\" content=\"https:\/\/lalmachine.com\/wp-content\/uploads\/2022\/08\/Pasted-20220812-080656_clipped_rev_1-scaled.jpeg\" \/>\n\t<meta property=\"og:image:width\" content=\"2560\" \/>\n\t<meta property=\"og:image:height\" content=\"2560\" \/>\n\t<meta property=\"og:image:type\" content=\"image\/jpeg\" \/>\n<meta name=\"twitter:card\" content=\"summary_large_image\" \/>\n<script type=\"application\/ld+json\" class=\"yoast-schema-graph\">{\"@context\":\"https:\\\/\\\/schema.org\",\"@graph\":[{\"@type\":\"WebPage\",\"@id\":\"https:\\\/\\\/lalmachine.com\\\/shop\\\/decorer\\\/vase-ceramique\\\/plaque-en-ceramique-orientale\\\/\",\"url\":\"https:\\\/\\\/lalmachine.com\\\/shop\\\/decorer\\\/vase-ceramique\\\/plaque-en-ceramique-orientale\\\/\",\"name\":\"Plaque en c\u00e9ramique orientale | lalmachine.com, mobilier et objets d\u00e9co vintage et design\",\"isPartOf\":{\"@id\":\"https:\\\/\\\/lalmachine.com\\\/#website\"},\"primaryImageOfPage\":{\"@id\":\"https:\\\/\\\/lalmachine.com\\\/shop\\\/decorer\\\/vase-ceramique\\\/plaque-en-ceramique-orientale\\\/#primaryimage\"},\"image\":{\"@id\":\"https:\\\/\\\/lalmachine.com\\\/shop\\\/decorer\\\/vase-ceramique\\\/plaque-en-ceramique-orientale\\\/#primaryimage\"},\"thumbnailUrl\":\"https:\\\/\\\/lalmachine.com\\\/wp-content\\\/uploads\\\/2022\\\/08\\\/Pasted-20220812-080656_clipped_rev_1-scaled.jpeg\",\"datePublished\":\"2023-10-25T13:57:31+00:00\",\"dateModified\":\"2024-12-05T20:57:32+00:00\",\"description\":\"Plaque en c\u00e9ramique orientale \u00e9maill\u00e9e au d\u00e9cor de paons et de v\u00e9g\u00e9tation dans les tons bruns et bleus.\u00a0Joli travail dans les d\u00e9tails.\",\"breadcrumb\":{\"@id\":\"https:\\\/\\\/lalmachine.com\\\/shop\\\/decorer\\\/vase-ceramique\\\/plaque-en-ceramique-orientale\\\/#breadcrumb\"},\"inLanguage\":\"de\",\"potentialAction\":[{\"@type\":\"ReadAction\",\"target\":[\"https:\\\/\\\/lalmachine.com\\\/shop\\\/decorer\\\/vase-ceramique\\\/plaque-en-ceramique-orientale\\\/\"]}]},{\"@type\":\"ImageObject\",\"inLanguage\":\"de\",\"@id\":\"https:\\\/\\\/lalmachine.com\\\/shop\\\/decorer\\\/vase-ceramique\\\/plaque-en-ceramique-orientale\\\/#primaryimage\",\"url\":\"https:\\\/\\\/lalmachine.com\\\/wp-content\\\/uploads\\\/2022\\\/08\\\/Pasted-20220812-080656_clipped_rev_1-scaled.jpeg\",\"contentUrl\":\"https:\\\/\\\/lalmachine.com\\\/wp-content\\\/uploads\\\/2022\\\/08\\\/Pasted-20220812-080656_clipped_rev_1-scaled.jpeg\",\"width\":2560,\"height\":2560,\"caption\":\"Plaque en c\u00e9ramique orientale\"},{\"@type\":\"BreadcrumbList\",\"@id\":\"https:\\\/\\\/lalmachine.com\\\/shop\\\/decorer\\\/vase-ceramique\\\/plaque-en-ceramique-orientale\\\/#breadcrumb\",\"itemListElement\":[{\"@type\":\"ListItem\",\"position\":1,\"name\":\"Accueil\",\"item\":\"https:\\\/\\\/lalmachine.com\\\/\"},{\"@type\":\"ListItem\",\"position\":2,\"name\":\"Shop\",\"item\":\"https:\\\/\\\/lalmachine.com\\\/shop\\\/\"},{\"@type\":\"ListItem\",\"position\":3,\"name\":\"Plaque en c\u00e9ramique orientale\"}]},{\"@type\":\"WebSite\",\"@id\":\"https:\\\/\\\/lalmachine.com\\\/#website\",\"url\":\"https:\\\/\\\/lalmachine.com\\\/\",\"name\":\"lalmachine.com\",\"description\":\"Brocante en ligne Suisse | Mobilier et objets d\u00e9co vintage et design\",\"potentialAction\":[{\"@type\":\"SearchAction\",\"target\":{\"@type\":\"EntryPoint\",\"urlTemplate\":\"https:\\\/\\\/lalmachine.com\\\/?s={search_term_string}\"},\"query-input\":{\"@type\":\"PropertyValueSpecification\",\"valueRequired\":true,\"valueName\":\"search_term_string\"}}],\"inLanguage\":\"de\"}]}<\/script>\n<!-- \/ Yoast SEO plugin. -->","yoast_head_json":{"title":"Plaque en c\u00e9ramique orientale | lalmachine.com, mobilier et objets d\u00e9co vintage et design","description":"Plaque en c\u00e9ramique orientale \u00e9maill\u00e9e au d\u00e9cor de paons et de v\u00e9g\u00e9tation dans les tons bruns et bleus.\u00a0Joli travail dans les d\u00e9tails.","robots":{"index":"index","follow":"follow","max-snippet":"max-snippet:-1","max-image-preview":"max-image-preview:large","max-video-preview":"max-video-preview:-1"},"canonical":"https:\/\/lalmachine.com\/de\/shop\/decorer\/vase-ceramique\/plaque-en-ceramique-orientale\/","og_locale":"de_DE","og_type":"article","og_title":"Plaque en c\u00e9ramique orientale | lalmachine.com, mobilier et objets d\u00e9co vintage et design","og_description":"Plaque en c\u00e9ramique orientale \u00e9maill\u00e9e au d\u00e9cor de paons et de v\u00e9g\u00e9tation dans les tons bruns et bleus.\u00a0Joli travail dans les d\u00e9tails.","og_url":"https:\/\/lalmachine.com\/de\/shop\/decorer\/vase-ceramique\/plaque-en-ceramique-orientale\/","og_site_name":"lalmachine.com","article_publisher":"https:\/\/facebook.com\/lalmachine","article_modified_time":"2024-12-05T20:57:32+00:00","og_image":[{"width":2560,"height":2560,"url":"https:\/\/lalmachine.com\/wp-content\/uploads\/2022\/08\/Pasted-20220812-080656_clipped_rev_1-scaled.jpeg","type":"image\/jpeg"}],"twitter_card":"summary_large_image","schema":{"@context":"https:\/\/schema.org","@graph":[{"@type":"WebPage","@id":"https:\/\/lalmachine.com\/shop\/decorer\/vase-ceramique\/plaque-en-ceramique-orientale\/","url":"https:\/\/lalmachine.com\/shop\/decorer\/vase-ceramique\/plaque-en-ceramique-orientale\/","name":"Plaque en c\u00e9ramique orientale | lalmachine.com, mobilier et objets d\u00e9co vintage et design","isPartOf":{"@id":"https:\/\/lalmachine.com\/#website"},"primaryImageOfPage":{"@id":"https:\/\/lalmachine.com\/shop\/decorer\/vase-ceramique\/plaque-en-ceramique-orientale\/#primaryimage"},"image":{"@id":"https:\/\/lalmachine.com\/shop\/decorer\/vase-ceramique\/plaque-en-ceramique-orientale\/#primaryimage"},"thumbnailUrl":"https:\/\/lalmachine.com\/wp-content\/uploads\/2022\/08\/Pasted-20220812-080656_clipped_rev_1-scaled.jpeg","datePublished":"2023-10-25T13:57:31+00:00","dateModified":"2024-12-05T20:57:32+00:00","description":"Plaque en c\u00e9ramique orientale \u00e9maill\u00e9e au d\u00e9cor de paons et de v\u00e9g\u00e9tation dans les tons bruns et bleus.\u00a0Joli travail dans les d\u00e9tails.","breadcrumb":{"@id":"https:\/\/lalmachine.com\/shop\/decorer\/vase-ceramique\/plaque-en-ceramique-orientale\/#breadcrumb"},"inLanguage":"de","potentialAction":[{"@type":"ReadAction","target":["https:\/\/lalmachine.com\/shop\/decorer\/vase-ceramique\/plaque-en-ceramique-orientale\/"]}]},{"@type":"ImageObject","inLanguage":"de","@id":"https:\/\/lalmachine.com\/shop\/decorer\/vase-ceramique\/plaque-en-ceramique-orientale\/#primaryimage","url":"https:\/\/lalmachine.com\/wp-content\/uploads\/2022\/08\/Pasted-20220812-080656_clipped_rev_1-scaled.jpeg","contentUrl":"https:\/\/lalmachine.com\/wp-content\/uploads\/2022\/08\/Pasted-20220812-080656_clipped_rev_1-scaled.jpeg","width":2560,"height":2560,"caption":"Plaque en c\u00e9ramique orientale"},{"@type":"BreadcrumbList","@id":"https:\/\/lalmachine.com\/shop\/decorer\/vase-ceramique\/plaque-en-ceramique-orientale\/#breadcrumb","itemListElement":[{"@type":"ListItem","position":1,"name":"Accueil","item":"https:\/\/lalmachine.com\/"},{"@type":"ListItem","position":2,"name":"Shop","item":"https:\/\/lalmachine.com\/shop\/"},{"@type":"ListItem","position":3,"name":"Plaque en c\u00e9ramique orientale"}]},{"@type":"WebSite","@id":"https:\/\/lalmachine.com\/#website","url":"https:\/\/lalmachine.com\/","name":"lalmachine.com","description":"Brocante en ligne Suisse | Mobilier et objets d\u00e9co vintage et design","potentialAction":[{"@type":"SearchAction","target":{"@type":"EntryPoint","urlTemplate":"https:\/\/lalmachine.com\/?s={search_term_string}"},"query-input":{"@type":"PropertyValueSpecification","valueRequired":true,"valueName":"search_term_string"}}],"inLanguage":"de"}]}},"_links":{"self":[{"href":"https:\/\/lalmachine.com\/de\/wp-json\/wp\/v2\/product\/282617","targetHints":{"allow":["GET"]}}],"collection":[{"href":"https:\/\/lalmachine.com\/de\/wp-json\/wp\/v2\/product"}],"about":[{"href":"https:\/\/lalmachine.com\/de\/wp-json\/wp\/v2\/types\/product"}],"wp:featuredmedia":[{"embeddable":true,"href":"https:\/\/lalmachine.com\/de\/wp-json\/wp\/v2\/media\/282649"}],"wp:attachment":[{"href":"https:\/\/lalmachine.com\/de\/wp-json\/wp\/v2\/media?parent=282617"}],"wp:term":[{"taxonomy":"product_brand","embeddable":true,"href":"https:\/\/lalmachine.com\/de\/wp-json\/wp\/v2\/product_brand?post=282617"},{"taxonomy":"product_cat","embeddable":true,"href":"https:\/\/lalmachine.com\/de\/wp-json\/wp\/v2\/product_cat?post=282617"},{"taxonomy":"product_tag","embeddable":true,"href":"https:\/\/lalmachine.com\/de\/wp-json\/wp\/v2\/product_tag?post=282617"},{"taxonomy":"proximite","embeddable":true,"href":"https:\/\/lalmachine.com\/de\/wp-json\/wp\/v2\/proximite?post=282617"}],"curies":[{"name":"wp","href":"https:\/\/api.w.org\/{rel}","templated":true}]}}