{"id":285339,"date":"2022-09-13T14:50:09","date_gmt":"2022-09-13T12:50:09","guid":{"rendered":"https:\/\/lalmachine.com\/?post_type=product&#038;p=285339"},"modified":"2024-12-05T21:57:48","modified_gmt":"2024-12-05T20:57:48","slug":"paul-signac-1863-1935-estampe-intitulee-concarneau-1932","status":"publish","type":"product","link":"https:\/\/lalmachine.com\/de\/shop\/decorer\/art-and-co\/paul-signac-1863-1935-estampe-intitulee-concarneau-1932\/","title":{"rendered":"Paul Signac (1863-1935), estampe intitul\u00e9e Concarneau"},"content":{"rendered":"<ul class=\"wpuf_customs\"><li style=\"list-style-type:none;\"><label>Autres photos:<\/label> <a href=\"https:\/\/lalmachine.com\/wp-content\/uploads\/2022\/09\/Signac_2-75d1f000-scaled.jpg\"><img loading=\"lazy\" decoding=\"async\" width=\"75\" height=\"96\" src=\"https:\/\/lalmachine.com\/wp-content\/uploads\/2022\/09\/Signac_2-75d1f000-scaled.jpg\" class=\"attachment-thumbnail size-thumbnail\" alt=\"\" \/><\/a> <a href=\"https:\/\/lalmachine.com\/wp-content\/uploads\/2022\/09\/Signac_3-e1a33119-scaled.jpg\"><img loading=\"lazy\" decoding=\"async\" width=\"72\" height=\"96\" src=\"https:\/\/lalmachine.com\/wp-content\/uploads\/2022\/09\/Signac_3-e1a33119-scaled.jpg\" class=\"attachment-thumbnail size-thumbnail\" alt=\"\" \/><\/a> <a href=\"https:\/\/lalmachine.com\/wp-content\/uploads\/2022\/09\/Signac_4-2c14a7b9-scaled.jpg\"><img loading=\"lazy\" decoding=\"async\" width=\"128\" height=\"96\" src=\"https:\/\/lalmachine.com\/wp-content\/uploads\/2022\/09\/Signac_4-2c14a7b9-scaled.jpg\" class=\"attachment-thumbnail size-thumbnail\" alt=\"\" \/><\/a> <a href=\"https:\/\/lalmachine.com\/wp-content\/uploads\/2022\/09\/Signac_5-280e1ad4-scaled.jpg\"><img loading=\"lazy\" decoding=\"async\" width=\"128\" height=\"96\" src=\"https:\/\/lalmachine.com\/wp-content\/uploads\/2022\/09\/Signac_5-280e1ad4-scaled.jpg\" class=\"attachment-thumbnail size-thumbnail\" alt=\"\" \/><\/a> <a href=\"https:\/\/lalmachine.com\/wp-content\/uploads\/2022\/09\/Signac_6-cda481fe-scaled.jpg\"><img loading=\"lazy\" decoding=\"async\" width=\"72\" height=\"96\" src=\"https:\/\/lalmachine.com\/wp-content\/uploads\/2022\/09\/Signac_6-cda481fe-scaled.jpg\" class=\"attachment-thumbnail size-thumbnail\" alt=\"\" \/><\/a> <a href=\"https:\/\/lalmachine.com\/wp-content\/uploads\/2022\/09\/Signac_7-c4e4313b.jpg\"><img loading=\"lazy\" decoding=\"async\" width=\"95\" height=\"96\" src=\"https:\/\/lalmachine.com\/wp-content\/uploads\/2022\/09\/Signac_7-c4e4313b.jpg\" class=\"attachment-thumbnail size-thumbnail\" alt=\"\" \/><\/a> <\/li>        <li class=\"wpuf-field-data wpuf-field-data-numeric_text_field\">\n                            <label>Prix:<\/label>\n                        179        <\/li>\n                <li class=\"wpuf-field-data wpuf-field-data-numeric_text_field\">\n                            <label>Hauteur (cm):<\/label>\n                        27        <\/li>\n                <li class=\"wpuf-field-data wpuf-field-data-numeric_text_field\">\n                            <label>Largeur (cm):<\/label>\n                        35        <\/li>\n                <li class=\"wpuf-field-data wpuf-field-data-numeric_text_field\">\n                            <label>Profondeur (cm):<\/label>\n                        1        <\/li>\n        <\/ul>","protected":false},"excerpt":{"rendered":"<p>Paul Signac (1863-1935), estampe intitul\u00e9e Concarneau (1932).<br \/>\nSign\u00e9, dat\u00e9 et situ\u00e9 dans la planche \u00ab Concarneau Oct 32 \u00bb.<br \/>\nCadr\u00e9.<\/p>\n<p>Paul Signac, n\u00e9 le 11 novembre 1863 \u00e0 Paris, o\u00f9 il meurt le 15 ao\u00fbt 1935, est un peintre paysagiste fran\u00e7ais, qui donna naissance au pointillisme, avec le peintre Seurat. Il commence \u00e0 peindre en 1882, sous l&rsquo;influence des impressionnistes. Il se lie d&rsquo;amiti\u00e9 avec les \u00e9crivains symbolistes, demande des conseils \u00e0 Monet qui accepte de le rencontrer et dont il restera l&rsquo;ami jusqu&rsquo;\u00e0 la mort du ma\u00eetre. Le jeune Signac participe au premier Salon des Ind\u00e9pendants en 1884 avec deux toiles : Le Soleil au pont d&rsquo;Austerlitz et L&rsquo;Hirondelle au Pont-Royal ; il participe aussi \u00e0 la fondation de la Soci\u00e9t\u00e9 des artistes ind\u00e9pendants. Il rencontre Georges Seurat qui expose Une baignade en 1884 \u00e0 Asni\u00e8res. Une constante de sa vie est le besoin d&rsquo;\u00e9vasion. Les n\u00e9o-impressionnistes influencent la g\u00e9n\u00e9ration suivante : Signac inspire notamment Henri Matisse et Andr\u00e9 Derain, jouant ainsi un r\u00f4le d\u00e9cisif dans l&rsquo;\u00e9volution du fauvisme.<\/p>","protected":false},"featured_media":285348,"template":"","meta":{"_et_pb_use_builder":"","_et_pb_old_content":"","_et_gb_content_width":""},"product_brand":[],"product_cat":[365,50],"product_tag":[],"proximite":[177,235],"class_list":{"0":"post-285339","1":"product","2":"type-product","3":"status-publish","4":"has-post-thumbnail","6":"product_cat-art-and-co","7":"product_cat-decorer","8":"pa_couleur-multicolore","9":"pa_etat-dans-son-jus","10":"pa_materiau-papier-carton","11":"pa_style-art-contemporain","12":"proximite-fribourg","13":"proximite-sarine","15":"first","16":"outofstock","17":"shipping-taxable","18":"purchasable","19":"product-type-simple"},"yoast_head":"<!-- This site is optimized with the Yoast SEO plugin v27.4 - https:\/\/yoast.com\/product\/yoast-seo-wordpress\/ -->\n<title>Paul Signac (1863-1935), estampe intitul\u00e9e Concarneau | lalmachine.com, mobilier et objets d\u00e9co vintage et design<\/title>\n<meta name=\"description\" content=\"Paul Signac (1863-1935), estampe intitul\u00e9e Concarneau (1932).\" \/>\n<meta name=\"robots\" content=\"index, follow, max-snippet:-1, max-image-preview:large, max-video-preview:-1\" \/>\n<link rel=\"canonical\" href=\"https:\/\/lalmachine.com\/de\/shop\/decorer\/art-and-co\/paul-signac-1863-1935-estampe-intitulee-concarneau-1932\/\" \/>\n<meta property=\"og:locale\" content=\"de_DE\" \/>\n<meta property=\"og:type\" content=\"article\" \/>\n<meta property=\"og:title\" content=\"Paul Signac (1863-1935), estampe intitul\u00e9e Concarneau | lalmachine.com, mobilier et objets d\u00e9co vintage et design\" \/>\n<meta property=\"og:description\" content=\"Paul Signac (1863-1935), estampe intitul\u00e9e Concarneau (1932).\" \/>\n<meta property=\"og:url\" content=\"https:\/\/lalmachine.com\/de\/shop\/decorer\/art-and-co\/paul-signac-1863-1935-estampe-intitulee-concarneau-1932\/\" \/>\n<meta property=\"og:site_name\" content=\"lalmachine.com\" \/>\n<meta property=\"article:publisher\" content=\"https:\/\/facebook.com\/lalmachine\" \/>\n<meta property=\"article:modified_time\" content=\"2024-12-05T20:57:48+00:00\" \/>\n<meta property=\"og:image\" content=\"https:\/\/lalmachine.com\/wp-content\/uploads\/2022\/09\/Signac_1-f1d0dd6a-scaled_clipped_rev_1-scaled.jpeg\" \/>\n\t<meta property=\"og:image:width\" content=\"2560\" \/>\n\t<meta property=\"og:image:height\" content=\"2560\" \/>\n\t<meta property=\"og:image:type\" content=\"image\/jpeg\" \/>\n<meta name=\"twitter:card\" content=\"summary_large_image\" \/>\n<script type=\"application\/ld+json\" class=\"yoast-schema-graph\">{\"@context\":\"https:\\\/\\\/schema.org\",\"@graph\":[{\"@type\":\"WebPage\",\"@id\":\"https:\\\/\\\/lalmachine.com\\\/shop\\\/decorer\\\/art-and-co\\\/paul-signac-1863-1935-estampe-intitulee-concarneau-1932\\\/\",\"url\":\"https:\\\/\\\/lalmachine.com\\\/shop\\\/decorer\\\/art-and-co\\\/paul-signac-1863-1935-estampe-intitulee-concarneau-1932\\\/\",\"name\":\"Paul Signac (1863-1935), estampe intitul\u00e9e Concarneau | lalmachine.com, mobilier et objets d\u00e9co vintage et design\",\"isPartOf\":{\"@id\":\"https:\\\/\\\/lalmachine.com\\\/#website\"},\"primaryImageOfPage\":{\"@id\":\"https:\\\/\\\/lalmachine.com\\\/shop\\\/decorer\\\/art-and-co\\\/paul-signac-1863-1935-estampe-intitulee-concarneau-1932\\\/#primaryimage\"},\"image\":{\"@id\":\"https:\\\/\\\/lalmachine.com\\\/shop\\\/decorer\\\/art-and-co\\\/paul-signac-1863-1935-estampe-intitulee-concarneau-1932\\\/#primaryimage\"},\"thumbnailUrl\":\"https:\\\/\\\/lalmachine.com\\\/wp-content\\\/uploads\\\/2022\\\/09\\\/Signac_1-f1d0dd6a-scaled_clipped_rev_1-scaled.jpeg\",\"datePublished\":\"2022-09-13T12:50:09+00:00\",\"dateModified\":\"2024-12-05T20:57:48+00:00\",\"description\":\"Paul Signac (1863-1935), estampe intitul\u00e9e Concarneau (1932).\",\"breadcrumb\":{\"@id\":\"https:\\\/\\\/lalmachine.com\\\/shop\\\/decorer\\\/art-and-co\\\/paul-signac-1863-1935-estampe-intitulee-concarneau-1932\\\/#breadcrumb\"},\"inLanguage\":\"de\",\"potentialAction\":[{\"@type\":\"ReadAction\",\"target\":[\"https:\\\/\\\/lalmachine.com\\\/shop\\\/decorer\\\/art-and-co\\\/paul-signac-1863-1935-estampe-intitulee-concarneau-1932\\\/\"]}]},{\"@type\":\"ImageObject\",\"inLanguage\":\"de\",\"@id\":\"https:\\\/\\\/lalmachine.com\\\/shop\\\/decorer\\\/art-and-co\\\/paul-signac-1863-1935-estampe-intitulee-concarneau-1932\\\/#primaryimage\",\"url\":\"https:\\\/\\\/lalmachine.com\\\/wp-content\\\/uploads\\\/2022\\\/09\\\/Signac_1-f1d0dd6a-scaled_clipped_rev_1-scaled.jpeg\",\"contentUrl\":\"https:\\\/\\\/lalmachine.com\\\/wp-content\\\/uploads\\\/2022\\\/09\\\/Signac_1-f1d0dd6a-scaled_clipped_rev_1-scaled.jpeg\",\"width\":2560,\"height\":2560,\"caption\":\"Paul Signac\"},{\"@type\":\"BreadcrumbList\",\"@id\":\"https:\\\/\\\/lalmachine.com\\\/shop\\\/decorer\\\/art-and-co\\\/paul-signac-1863-1935-estampe-intitulee-concarneau-1932\\\/#breadcrumb\",\"itemListElement\":[{\"@type\":\"ListItem\",\"position\":1,\"name\":\"Accueil\",\"item\":\"https:\\\/\\\/lalmachine.com\\\/\"},{\"@type\":\"ListItem\",\"position\":2,\"name\":\"Shop\",\"item\":\"https:\\\/\\\/lalmachine.com\\\/shop\\\/\"},{\"@type\":\"ListItem\",\"position\":3,\"name\":\"Paul Signac (1863-1935), estampe intitul\u00e9e Concarneau\"}]},{\"@type\":\"WebSite\",\"@id\":\"https:\\\/\\\/lalmachine.com\\\/#website\",\"url\":\"https:\\\/\\\/lalmachine.com\\\/\",\"name\":\"lalmachine.com\",\"description\":\"Brocante en ligne Suisse | Mobilier et objets d\u00e9co vintage et design\",\"potentialAction\":[{\"@type\":\"SearchAction\",\"target\":{\"@type\":\"EntryPoint\",\"urlTemplate\":\"https:\\\/\\\/lalmachine.com\\\/?s={search_term_string}\"},\"query-input\":{\"@type\":\"PropertyValueSpecification\",\"valueRequired\":true,\"valueName\":\"search_term_string\"}}],\"inLanguage\":\"de\"}]}<\/script>\n<!-- \/ Yoast SEO plugin. -->","yoast_head_json":{"title":"Paul Signac (1863-1935), estampe intitul\u00e9e Concarneau | lalmachine.com, mobilier et objets d\u00e9co vintage et design","description":"Paul Signac (1863-1935), estampe intitul\u00e9e Concarneau (1932).","robots":{"index":"index","follow":"follow","max-snippet":"max-snippet:-1","max-image-preview":"max-image-preview:large","max-video-preview":"max-video-preview:-1"},"canonical":"https:\/\/lalmachine.com\/de\/shop\/decorer\/art-and-co\/paul-signac-1863-1935-estampe-intitulee-concarneau-1932\/","og_locale":"de_DE","og_type":"article","og_title":"Paul Signac (1863-1935), estampe intitul\u00e9e Concarneau | lalmachine.com, mobilier et objets d\u00e9co vintage et design","og_description":"Paul Signac (1863-1935), estampe intitul\u00e9e Concarneau (1932).","og_url":"https:\/\/lalmachine.com\/de\/shop\/decorer\/art-and-co\/paul-signac-1863-1935-estampe-intitulee-concarneau-1932\/","og_site_name":"lalmachine.com","article_publisher":"https:\/\/facebook.com\/lalmachine","article_modified_time":"2024-12-05T20:57:48+00:00","og_image":[{"width":2560,"height":2560,"url":"https:\/\/lalmachine.com\/wp-content\/uploads\/2022\/09\/Signac_1-f1d0dd6a-scaled_clipped_rev_1-scaled.jpeg","type":"image\/jpeg"}],"twitter_card":"summary_large_image","schema":{"@context":"https:\/\/schema.org","@graph":[{"@type":"WebPage","@id":"https:\/\/lalmachine.com\/shop\/decorer\/art-and-co\/paul-signac-1863-1935-estampe-intitulee-concarneau-1932\/","url":"https:\/\/lalmachine.com\/shop\/decorer\/art-and-co\/paul-signac-1863-1935-estampe-intitulee-concarneau-1932\/","name":"Paul Signac (1863-1935), estampe intitul\u00e9e Concarneau | lalmachine.com, mobilier et objets d\u00e9co vintage et design","isPartOf":{"@id":"https:\/\/lalmachine.com\/#website"},"primaryImageOfPage":{"@id":"https:\/\/lalmachine.com\/shop\/decorer\/art-and-co\/paul-signac-1863-1935-estampe-intitulee-concarneau-1932\/#primaryimage"},"image":{"@id":"https:\/\/lalmachine.com\/shop\/decorer\/art-and-co\/paul-signac-1863-1935-estampe-intitulee-concarneau-1932\/#primaryimage"},"thumbnailUrl":"https:\/\/lalmachine.com\/wp-content\/uploads\/2022\/09\/Signac_1-f1d0dd6a-scaled_clipped_rev_1-scaled.jpeg","datePublished":"2022-09-13T12:50:09+00:00","dateModified":"2024-12-05T20:57:48+00:00","description":"Paul Signac (1863-1935), estampe intitul\u00e9e Concarneau (1932).","breadcrumb":{"@id":"https:\/\/lalmachine.com\/shop\/decorer\/art-and-co\/paul-signac-1863-1935-estampe-intitulee-concarneau-1932\/#breadcrumb"},"inLanguage":"de","potentialAction":[{"@type":"ReadAction","target":["https:\/\/lalmachine.com\/shop\/decorer\/art-and-co\/paul-signac-1863-1935-estampe-intitulee-concarneau-1932\/"]}]},{"@type":"ImageObject","inLanguage":"de","@id":"https:\/\/lalmachine.com\/shop\/decorer\/art-and-co\/paul-signac-1863-1935-estampe-intitulee-concarneau-1932\/#primaryimage","url":"https:\/\/lalmachine.com\/wp-content\/uploads\/2022\/09\/Signac_1-f1d0dd6a-scaled_clipped_rev_1-scaled.jpeg","contentUrl":"https:\/\/lalmachine.com\/wp-content\/uploads\/2022\/09\/Signac_1-f1d0dd6a-scaled_clipped_rev_1-scaled.jpeg","width":2560,"height":2560,"caption":"Paul Signac"},{"@type":"BreadcrumbList","@id":"https:\/\/lalmachine.com\/shop\/decorer\/art-and-co\/paul-signac-1863-1935-estampe-intitulee-concarneau-1932\/#breadcrumb","itemListElement":[{"@type":"ListItem","position":1,"name":"Accueil","item":"https:\/\/lalmachine.com\/"},{"@type":"ListItem","position":2,"name":"Shop","item":"https:\/\/lalmachine.com\/shop\/"},{"@type":"ListItem","position":3,"name":"Paul Signac (1863-1935), estampe intitul\u00e9e Concarneau"}]},{"@type":"WebSite","@id":"https:\/\/lalmachine.com\/#website","url":"https:\/\/lalmachine.com\/","name":"lalmachine.com","description":"Brocante en ligne Suisse | Mobilier et objets d\u00e9co vintage et design","potentialAction":[{"@type":"SearchAction","target":{"@type":"EntryPoint","urlTemplate":"https:\/\/lalmachine.com\/?s={search_term_string}"},"query-input":{"@type":"PropertyValueSpecification","valueRequired":true,"valueName":"search_term_string"}}],"inLanguage":"de"}]}},"_links":{"self":[{"href":"https:\/\/lalmachine.com\/de\/wp-json\/wp\/v2\/product\/285339","targetHints":{"allow":["GET"]}}],"collection":[{"href":"https:\/\/lalmachine.com\/de\/wp-json\/wp\/v2\/product"}],"about":[{"href":"https:\/\/lalmachine.com\/de\/wp-json\/wp\/v2\/types\/product"}],"wp:featuredmedia":[{"embeddable":true,"href":"https:\/\/lalmachine.com\/de\/wp-json\/wp\/v2\/media\/285348"}],"wp:attachment":[{"href":"https:\/\/lalmachine.com\/de\/wp-json\/wp\/v2\/media?parent=285339"}],"wp:term":[{"taxonomy":"product_brand","embeddable":true,"href":"https:\/\/lalmachine.com\/de\/wp-json\/wp\/v2\/product_brand?post=285339"},{"taxonomy":"product_cat","embeddable":true,"href":"https:\/\/lalmachine.com\/de\/wp-json\/wp\/v2\/product_cat?post=285339"},{"taxonomy":"product_tag","embeddable":true,"href":"https:\/\/lalmachine.com\/de\/wp-json\/wp\/v2\/product_tag?post=285339"},{"taxonomy":"proximite","embeddable":true,"href":"https:\/\/lalmachine.com\/de\/wp-json\/wp\/v2\/proximite?post=285339"}],"curies":[{"name":"wp","href":"https:\/\/api.w.org\/{rel}","templated":true}]}}