{"id":285534,"date":"2023-10-25T15:57:21","date_gmt":"2023-10-25T13:57:21","guid":{"rendered":"https:\/\/lalmachine.com\/?post_type=product&#038;p=285534"},"modified":"2024-12-05T21:57:49","modified_gmt":"2024-12-05T20:57:49","slug":"table-basse-en-bois-et-ceramique-g-olivier","status":"publish","type":"product","link":"https:\/\/lalmachine.com\/de\/shop\/meubler\/table-basse-dappoint\/table-basse-en-bois-et-ceramique-g-olivier\/","title":{"rendered":"Table basse en bois et c\u00e9ramique G. Olivier"},"content":{"rendered":"<ul class=\"wpuf_customs\"><li style=\"list-style-type:none;\"><label>Autres photos:<\/label> <a href=\"https:\/\/lalmachine.com\/wp-content\/uploads\/2022\/09\/260F7187-8530-489C-92E6-916C235C9B5B-de48467b-scaled.jpeg\"><img loading=\"lazy\" decoding=\"async\" width=\"72\" height=\"96\" src=\"https:\/\/lalmachine.com\/wp-content\/uploads\/2022\/09\/260F7187-8530-489C-92E6-916C235C9B5B-de48467b-scaled.jpeg\" class=\"attachment-thumbnail size-thumbnail\" alt=\"\" \/><\/a> <a href=\"https:\/\/lalmachine.com\/wp-content\/uploads\/2022\/09\/3806107A-1B92-46B8-9FFD-986276A85D32-001973e7-scaled.jpeg\"><img loading=\"lazy\" decoding=\"async\" width=\"72\" height=\"96\" src=\"https:\/\/lalmachine.com\/wp-content\/uploads\/2022\/09\/3806107A-1B92-46B8-9FFD-986276A85D32-001973e7-scaled.jpeg\" class=\"attachment-thumbnail size-thumbnail\" alt=\"\" \/><\/a> <a href=\"https:\/\/lalmachine.com\/wp-content\/uploads\/2022\/09\/E36D10F5-7B35-4AF7-A353-56931C888588-28384e15-scaled.jpeg\"><img loading=\"lazy\" decoding=\"async\" width=\"72\" height=\"96\" src=\"https:\/\/lalmachine.com\/wp-content\/uploads\/2022\/09\/E36D10F5-7B35-4AF7-A353-56931C888588-28384e15-scaled.jpeg\" class=\"attachment-thumbnail size-thumbnail\" alt=\"\" \/><\/a> <a href=\"https:\/\/lalmachine.com\/wp-content\/uploads\/2022\/09\/79C56332-97B7-41F0-B377-5CB9105A23BF-7b4fc724-scaled.jpeg\"><img loading=\"lazy\" decoding=\"async\" width=\"128\" height=\"96\" src=\"https:\/\/lalmachine.com\/wp-content\/uploads\/2022\/09\/79C56332-97B7-41F0-B377-5CB9105A23BF-7b4fc724-scaled.jpeg\" class=\"attachment-thumbnail size-thumbnail\" alt=\"\" \/><\/a> <a href=\"https:\/\/lalmachine.com\/wp-content\/uploads\/2022\/09\/E11D9480-7BFF-46C9-A6C4-747E10DB8AAC-72ad9efe-scaled.jpeg\"><img loading=\"lazy\" decoding=\"async\" width=\"72\" height=\"96\" src=\"https:\/\/lalmachine.com\/wp-content\/uploads\/2022\/09\/E11D9480-7BFF-46C9-A6C4-747E10DB8AAC-72ad9efe-scaled.jpeg\" class=\"attachment-thumbnail size-thumbnail\" alt=\"\" \/><\/a> <a href=\"https:\/\/lalmachine.com\/wp-content\/uploads\/2022\/09\/56858D39-2A09-4B10-A880-B4814420A28E-33a964df-scaled.jpeg\"><img loading=\"lazy\" decoding=\"async\" width=\"72\" height=\"96\" src=\"https:\/\/lalmachine.com\/wp-content\/uploads\/2022\/09\/56858D39-2A09-4B10-A880-B4814420A28E-33a964df-scaled.jpeg\" class=\"attachment-thumbnail size-thumbnail\" alt=\"\" \/><\/a> <a href=\"https:\/\/lalmachine.com\/wp-content\/uploads\/2022\/09\/0CC5A46A-451F-4519-8033-34B8A3FB681E-bffe0337-scaled.jpeg\"><img loading=\"lazy\" decoding=\"async\" width=\"72\" height=\"96\" src=\"https:\/\/lalmachine.com\/wp-content\/uploads\/2022\/09\/0CC5A46A-451F-4519-8033-34B8A3FB681E-bffe0337-scaled.jpeg\" class=\"attachment-thumbnail size-thumbnail\" alt=\"\" \/><\/a> <a href=\"https:\/\/lalmachine.com\/wp-content\/uploads\/2022\/09\/61EE5338-59A5-4EBF-A1A2-4CF587E5757A-919e8eab-scaled.jpeg\"><img loading=\"lazy\" decoding=\"async\" width=\"72\" height=\"96\" src=\"https:\/\/lalmachine.com\/wp-content\/uploads\/2022\/09\/61EE5338-59A5-4EBF-A1A2-4CF587E5757A-919e8eab-scaled.jpeg\" class=\"attachment-thumbnail size-thumbnail\" alt=\"\" \/><\/a> <a href=\"https:\/\/lalmachine.com\/wp-content\/uploads\/2022\/09\/9E6D0C10-A65C-48FD-9207-944405096C74-254007ee-scaled.jpeg\"><img loading=\"lazy\" decoding=\"async\" width=\"72\" height=\"96\" src=\"https:\/\/lalmachine.com\/wp-content\/uploads\/2022\/09\/9E6D0C10-A65C-48FD-9207-944405096C74-254007ee-scaled.jpeg\" class=\"attachment-thumbnail size-thumbnail\" alt=\"\" \/><\/a> <a href=\"https:\/\/lalmachine.com\/wp-content\/uploads\/2022\/09\/37FFD3E6-C870-4DA9-B48B-87D85FEA7CD5-9b04f34a-scaled.jpeg\"><img loading=\"lazy\" decoding=\"async\" width=\"72\" height=\"96\" src=\"https:\/\/lalmachine.com\/wp-content\/uploads\/2022\/09\/37FFD3E6-C870-4DA9-B48B-87D85FEA7CD5-9b04f34a-scaled.jpeg\" class=\"attachment-thumbnail size-thumbnail\" alt=\"\" \/><\/a> <a href=\"https:\/\/lalmachine.com\/wp-content\/uploads\/2022\/09\/E9160D78-9483-4963-AD48-5361F1694363-ed9f2f27-scaled.jpeg\"><img loading=\"lazy\" decoding=\"async\" width=\"72\" height=\"96\" src=\"https:\/\/lalmachine.com\/wp-content\/uploads\/2022\/09\/E9160D78-9483-4963-AD48-5361F1694363-ed9f2f27-scaled.jpeg\" class=\"attachment-thumbnail size-thumbnail\" alt=\"\" \/><\/a> <a href=\"https:\/\/lalmachine.com\/wp-content\/uploads\/2022\/09\/F2EF1484-DC0A-4E3E-8B72-D21596B9C9FE-e2cdb4a4-scaled.jpeg\"><img loading=\"lazy\" decoding=\"async\" width=\"72\" height=\"96\" src=\"https:\/\/lalmachine.com\/wp-content\/uploads\/2022\/09\/F2EF1484-DC0A-4E3E-8B72-D21596B9C9FE-e2cdb4a4-scaled.jpeg\" class=\"attachment-thumbnail size-thumbnail\" alt=\"\" \/><\/a> <\/li>        <li class=\"wpuf-field-data wpuf-field-data-numeric_text_field\">\n                            <label>Prix:<\/label>\n                        425        <\/li>\n                <li class=\"wpuf-field-data wpuf-field-data-numeric_text_field\">\n                            <label>Quantit\u00e9:<\/label>\n                        0        <\/li>\n                <li class=\"wpuf-field-data wpuf-field-data-numeric_text_field\">\n                            <label>Hauteur (cm):<\/label>\n                        50        <\/li>\n                <li class=\"wpuf-field-data wpuf-field-data-numeric_text_field\">\n                            <label>Largeur (cm):<\/label>\n                        95        <\/li>\n                <li class=\"wpuf-field-data wpuf-field-data-numeric_text_field\">\n                            <label>Profondeur (cm):<\/label>\n                        51        <\/li>\n        <\/ul>","protected":false},"excerpt":{"rendered":"<p>Table basse en \u00e9rable pieds compas er plateau en c\u00e9ramique de couleur noire avec d\u00e9cor de poisson un peu abstrait.<\/p>\n<p>Le plateau en c\u00e9ramique est sign\u00e9 G Olivier, c\u00e9ramiste myst\u00e9rieux d\u2019origine Suisse.<\/p>\n<p>La table pr\u00e9sente quelques marques sur le bois, mais en bel \u00e9tat g\u00e9n\u00e9ral<\/p>\n<p><strong>Retrait chez le vendeur \u00e0 Gen\u00e8ve ou<\/strong><br \/>\nLivraison en bas de chez vous<br \/>\nCanton de Gen\u00e8ve: 25.-<br \/>\nCanton de Vaud: 40.-<\/p>","protected":false},"featured_media":285614,"template":"","meta":{"_et_pb_use_builder":"","_et_pb_old_content":"","_et_gb_content_width":""},"product_brand":[],"product_cat":[47,459],"product_tag":[],"proximite":[180],"class_list":{"0":"post-285534","1":"product","2":"type-product","3":"status-publish","4":"has-post-thumbnail","6":"product_cat-meubler","7":"product_cat-table-basse-dappoint","8":"product_shipping_class-fragile-8-5","9":"pa_couleur-multicolore","10":"pa_etat-bon-etat","11":"pa_materiau-bois","12":"pa_style-vintage","13":"proximite-geneve","15":"first","16":"outofstock","17":"shipping-taxable","18":"purchasable","19":"product-type-simple"},"yoast_head":"<!-- This site is optimized with the Yoast SEO plugin v27.4 - https:\/\/yoast.com\/product\/yoast-seo-wordpress\/ -->\n<title>Table basse en bois et c\u00e9ramique G. Olivier | lalmachine.com, mobilier et objets d\u00e9co vintage et design<\/title>\n<meta name=\"description\" content=\"Table basse en \u00e9rable pieds compas er plateau en c\u00e9ramique de couleur noire avec d\u00e9cor de poisson un peu abstrait.\" \/>\n<meta name=\"robots\" content=\"index, follow, max-snippet:-1, max-image-preview:large, max-video-preview:-1\" \/>\n<link rel=\"canonical\" href=\"https:\/\/lalmachine.com\/de\/shop\/meubler\/table-basse-dappoint\/table-basse-en-bois-et-ceramique-g-olivier\/\" \/>\n<meta property=\"og:locale\" content=\"de_DE\" \/>\n<meta property=\"og:type\" content=\"article\" \/>\n<meta property=\"og:title\" content=\"Table basse en bois et c\u00e9ramique G. Olivier | lalmachine.com, mobilier et objets d\u00e9co vintage et design\" \/>\n<meta property=\"og:description\" content=\"Table basse en \u00e9rable pieds compas er plateau en c\u00e9ramique de couleur noire avec d\u00e9cor de poisson un peu abstrait.\" \/>\n<meta property=\"og:url\" content=\"https:\/\/lalmachine.com\/de\/shop\/meubler\/table-basse-dappoint\/table-basse-en-bois-et-ceramique-g-olivier\/\" \/>\n<meta property=\"og:site_name\" content=\"lalmachine.com\" \/>\n<meta property=\"article:publisher\" content=\"https:\/\/facebook.com\/lalmachine\" \/>\n<meta property=\"article:modified_time\" content=\"2024-12-05T20:57:49+00:00\" \/>\n<meta property=\"og:image\" content=\"https:\/\/lalmachine.com\/wp-content\/uploads\/2022\/09\/C9C4561C-7523-422F-9517-5C78AAF685CF-f304fec3-scaled_clipped_rev_1-scaled.jpeg\" \/>\n\t<meta property=\"og:image:width\" content=\"2560\" \/>\n\t<meta property=\"og:image:height\" content=\"2560\" \/>\n\t<meta property=\"og:image:type\" content=\"image\/jpeg\" \/>\n<meta name=\"twitter:card\" content=\"summary_large_image\" \/>\n<script type=\"application\/ld+json\" class=\"yoast-schema-graph\">{\"@context\":\"https:\\\/\\\/schema.org\",\"@graph\":[{\"@type\":\"WebPage\",\"@id\":\"https:\\\/\\\/lalmachine.com\\\/de\\\/shop\\\/meubler\\\/table-basse-dappoint\\\/table-basse-en-bois-et-ceramique-g-olivier\\\/\",\"url\":\"https:\\\/\\\/lalmachine.com\\\/de\\\/shop\\\/meubler\\\/table-basse-dappoint\\\/table-basse-en-bois-et-ceramique-g-olivier\\\/\",\"name\":\"Table basse en bois et c\u00e9ramique G. Olivier | lalmachine.com, mobilier et objets d\u00e9co vintage et design\",\"isPartOf\":{\"@id\":\"https:\\\/\\\/lalmachine.com\\\/#website\"},\"primaryImageOfPage\":{\"@id\":\"https:\\\/\\\/lalmachine.com\\\/de\\\/shop\\\/meubler\\\/table-basse-dappoint\\\/table-basse-en-bois-et-ceramique-g-olivier\\\/#primaryimage\"},\"image\":{\"@id\":\"https:\\\/\\\/lalmachine.com\\\/de\\\/shop\\\/meubler\\\/table-basse-dappoint\\\/table-basse-en-bois-et-ceramique-g-olivier\\\/#primaryimage\"},\"thumbnailUrl\":\"https:\\\/\\\/lalmachine.com\\\/wp-content\\\/uploads\\\/2022\\\/09\\\/C9C4561C-7523-422F-9517-5C78AAF685CF-f304fec3-scaled_clipped_rev_1-scaled.jpeg\",\"datePublished\":\"2023-10-25T13:57:21+00:00\",\"dateModified\":\"2024-12-05T20:57:49+00:00\",\"description\":\"Table basse en \u00e9rable pieds compas er plateau en c\u00e9ramique de couleur noire avec d\u00e9cor de poisson un peu abstrait.\",\"breadcrumb\":{\"@id\":\"https:\\\/\\\/lalmachine.com\\\/de\\\/shop\\\/meubler\\\/table-basse-dappoint\\\/table-basse-en-bois-et-ceramique-g-olivier\\\/#breadcrumb\"},\"inLanguage\":\"de\",\"potentialAction\":[{\"@type\":\"ReadAction\",\"target\":[\"https:\\\/\\\/lalmachine.com\\\/de\\\/shop\\\/meubler\\\/table-basse-dappoint\\\/table-basse-en-bois-et-ceramique-g-olivier\\\/\"]}]},{\"@type\":\"ImageObject\",\"inLanguage\":\"de\",\"@id\":\"https:\\\/\\\/lalmachine.com\\\/de\\\/shop\\\/meubler\\\/table-basse-dappoint\\\/table-basse-en-bois-et-ceramique-g-olivier\\\/#primaryimage\",\"url\":\"https:\\\/\\\/lalmachine.com\\\/wp-content\\\/uploads\\\/2022\\\/09\\\/C9C4561C-7523-422F-9517-5C78AAF685CF-f304fec3-scaled_clipped_rev_1-scaled.jpeg\",\"contentUrl\":\"https:\\\/\\\/lalmachine.com\\\/wp-content\\\/uploads\\\/2022\\\/09\\\/C9C4561C-7523-422F-9517-5C78AAF685CF-f304fec3-scaled_clipped_rev_1-scaled.jpeg\",\"width\":2560,\"height\":2560,\"caption\":\"Table basse Olivier\"},{\"@type\":\"BreadcrumbList\",\"@id\":\"https:\\\/\\\/lalmachine.com\\\/de\\\/shop\\\/meubler\\\/table-basse-dappoint\\\/table-basse-en-bois-et-ceramique-g-olivier\\\/#breadcrumb\",\"itemListElement\":[{\"@type\":\"ListItem\",\"position\":1,\"name\":\"Accueil\",\"item\":\"https:\\\/\\\/lalmachine.com\\\/\"},{\"@type\":\"ListItem\",\"position\":2,\"name\":\"Shop\",\"item\":\"https:\\\/\\\/lalmachine.com\\\/shop\\\/\"},{\"@type\":\"ListItem\",\"position\":3,\"name\":\"Table basse en bois et c\u00e9ramique G. Olivier\"}]},{\"@type\":\"WebSite\",\"@id\":\"https:\\\/\\\/lalmachine.com\\\/#website\",\"url\":\"https:\\\/\\\/lalmachine.com\\\/\",\"name\":\"lalmachine.com\",\"description\":\"Brocante en ligne Suisse | Mobilier et objets d\u00e9co vintage et design\",\"potentialAction\":[{\"@type\":\"SearchAction\",\"target\":{\"@type\":\"EntryPoint\",\"urlTemplate\":\"https:\\\/\\\/lalmachine.com\\\/?s={search_term_string}\"},\"query-input\":{\"@type\":\"PropertyValueSpecification\",\"valueRequired\":true,\"valueName\":\"search_term_string\"}}],\"inLanguage\":\"de\"}]}<\/script>\n<!-- \/ Yoast SEO plugin. -->","yoast_head_json":{"title":"Table basse en bois et c\u00e9ramique G. Olivier | lalmachine.com, mobilier et objets d\u00e9co vintage et design","description":"Table basse en \u00e9rable pieds compas er plateau en c\u00e9ramique de couleur noire avec d\u00e9cor de poisson un peu abstrait.","robots":{"index":"index","follow":"follow","max-snippet":"max-snippet:-1","max-image-preview":"max-image-preview:large","max-video-preview":"max-video-preview:-1"},"canonical":"https:\/\/lalmachine.com\/de\/shop\/meubler\/table-basse-dappoint\/table-basse-en-bois-et-ceramique-g-olivier\/","og_locale":"de_DE","og_type":"article","og_title":"Table basse en bois et c\u00e9ramique G. Olivier | lalmachine.com, mobilier et objets d\u00e9co vintage et design","og_description":"Table basse en \u00e9rable pieds compas er plateau en c\u00e9ramique de couleur noire avec d\u00e9cor de poisson un peu abstrait.","og_url":"https:\/\/lalmachine.com\/de\/shop\/meubler\/table-basse-dappoint\/table-basse-en-bois-et-ceramique-g-olivier\/","og_site_name":"lalmachine.com","article_publisher":"https:\/\/facebook.com\/lalmachine","article_modified_time":"2024-12-05T20:57:49+00:00","og_image":[{"width":2560,"height":2560,"url":"https:\/\/lalmachine.com\/wp-content\/uploads\/2022\/09\/C9C4561C-7523-422F-9517-5C78AAF685CF-f304fec3-scaled_clipped_rev_1-scaled.jpeg","type":"image\/jpeg"}],"twitter_card":"summary_large_image","schema":{"@context":"https:\/\/schema.org","@graph":[{"@type":"WebPage","@id":"https:\/\/lalmachine.com\/de\/shop\/meubler\/table-basse-dappoint\/table-basse-en-bois-et-ceramique-g-olivier\/","url":"https:\/\/lalmachine.com\/de\/shop\/meubler\/table-basse-dappoint\/table-basse-en-bois-et-ceramique-g-olivier\/","name":"Table basse en bois et c\u00e9ramique G. Olivier | lalmachine.com, mobilier et objets d\u00e9co vintage et design","isPartOf":{"@id":"https:\/\/lalmachine.com\/#website"},"primaryImageOfPage":{"@id":"https:\/\/lalmachine.com\/de\/shop\/meubler\/table-basse-dappoint\/table-basse-en-bois-et-ceramique-g-olivier\/#primaryimage"},"image":{"@id":"https:\/\/lalmachine.com\/de\/shop\/meubler\/table-basse-dappoint\/table-basse-en-bois-et-ceramique-g-olivier\/#primaryimage"},"thumbnailUrl":"https:\/\/lalmachine.com\/wp-content\/uploads\/2022\/09\/C9C4561C-7523-422F-9517-5C78AAF685CF-f304fec3-scaled_clipped_rev_1-scaled.jpeg","datePublished":"2023-10-25T13:57:21+00:00","dateModified":"2024-12-05T20:57:49+00:00","description":"Table basse en \u00e9rable pieds compas er plateau en c\u00e9ramique de couleur noire avec d\u00e9cor de poisson un peu abstrait.","breadcrumb":{"@id":"https:\/\/lalmachine.com\/de\/shop\/meubler\/table-basse-dappoint\/table-basse-en-bois-et-ceramique-g-olivier\/#breadcrumb"},"inLanguage":"de","potentialAction":[{"@type":"ReadAction","target":["https:\/\/lalmachine.com\/de\/shop\/meubler\/table-basse-dappoint\/table-basse-en-bois-et-ceramique-g-olivier\/"]}]},{"@type":"ImageObject","inLanguage":"de","@id":"https:\/\/lalmachine.com\/de\/shop\/meubler\/table-basse-dappoint\/table-basse-en-bois-et-ceramique-g-olivier\/#primaryimage","url":"https:\/\/lalmachine.com\/wp-content\/uploads\/2022\/09\/C9C4561C-7523-422F-9517-5C78AAF685CF-f304fec3-scaled_clipped_rev_1-scaled.jpeg","contentUrl":"https:\/\/lalmachine.com\/wp-content\/uploads\/2022\/09\/C9C4561C-7523-422F-9517-5C78AAF685CF-f304fec3-scaled_clipped_rev_1-scaled.jpeg","width":2560,"height":2560,"caption":"Table basse Olivier"},{"@type":"BreadcrumbList","@id":"https:\/\/lalmachine.com\/de\/shop\/meubler\/table-basse-dappoint\/table-basse-en-bois-et-ceramique-g-olivier\/#breadcrumb","itemListElement":[{"@type":"ListItem","position":1,"name":"Accueil","item":"https:\/\/lalmachine.com\/"},{"@type":"ListItem","position":2,"name":"Shop","item":"https:\/\/lalmachine.com\/shop\/"},{"@type":"ListItem","position":3,"name":"Table basse en bois et c\u00e9ramique G. Olivier"}]},{"@type":"WebSite","@id":"https:\/\/lalmachine.com\/#website","url":"https:\/\/lalmachine.com\/","name":"lalmachine.com","description":"Brocante en ligne Suisse | Mobilier et objets d\u00e9co vintage et design","potentialAction":[{"@type":"SearchAction","target":{"@type":"EntryPoint","urlTemplate":"https:\/\/lalmachine.com\/?s={search_term_string}"},"query-input":{"@type":"PropertyValueSpecification","valueRequired":true,"valueName":"search_term_string"}}],"inLanguage":"de"}]}},"_links":{"self":[{"href":"https:\/\/lalmachine.com\/de\/wp-json\/wp\/v2\/product\/285534","targetHints":{"allow":["GET"]}}],"collection":[{"href":"https:\/\/lalmachine.com\/de\/wp-json\/wp\/v2\/product"}],"about":[{"href":"https:\/\/lalmachine.com\/de\/wp-json\/wp\/v2\/types\/product"}],"wp:featuredmedia":[{"embeddable":true,"href":"https:\/\/lalmachine.com\/de\/wp-json\/wp\/v2\/media\/285614"}],"wp:attachment":[{"href":"https:\/\/lalmachine.com\/de\/wp-json\/wp\/v2\/media?parent=285534"}],"wp:term":[{"taxonomy":"product_brand","embeddable":true,"href":"https:\/\/lalmachine.com\/de\/wp-json\/wp\/v2\/product_brand?post=285534"},{"taxonomy":"product_cat","embeddable":true,"href":"https:\/\/lalmachine.com\/de\/wp-json\/wp\/v2\/product_cat?post=285534"},{"taxonomy":"product_tag","embeddable":true,"href":"https:\/\/lalmachine.com\/de\/wp-json\/wp\/v2\/product_tag?post=285534"},{"taxonomy":"proximite","embeddable":true,"href":"https:\/\/lalmachine.com\/de\/wp-json\/wp\/v2\/proximite?post=285534"}],"curies":[{"name":"wp","href":"https:\/\/api.w.org\/{rel}","templated":true}]}}