{"id":286626,"date":"2022-09-26T15:37:20","date_gmt":"2022-09-26T13:37:20","guid":{"rendered":"https:\/\/lalmachine.com\/?post_type=product&#038;p=286626"},"modified":"2026-01-09T12:45:41","modified_gmt":"2026-01-09T11:45:41","slug":"paire-de-2-miroirs-mbe","status":"publish","type":"product","link":"https:\/\/lalmachine.com\/de\/shop\/decorer\/miroir\/paire-de-2-miroirs-mbe\/","title":{"rendered":"Paire de miroirs MBE"},"content":{"rendered":"<ul class=\"wpuf_customs\"><li style=\"list-style-type:none;\"><label>Autres photos:<\/label> <a href=\"https:\/\/lalmachine.com\/wp-content\/uploads\/2022\/09\/D7A49197-13C7-429C-B373-7D09E4B40D44-b5e40744-scaled.jpeg\"><img loading=\"lazy\" decoding=\"async\" width=\"72\" height=\"96\" src=\"https:\/\/lalmachine.com\/wp-content\/uploads\/2022\/09\/D7A49197-13C7-429C-B373-7D09E4B40D44-b5e40744-scaled.jpeg\" class=\"attachment-thumbnail size-thumbnail\" alt=\"\" \/><\/a> <a href=\"https:\/\/lalmachine.com\/wp-content\/uploads\/2022\/09\/B8A89916-96E5-4B23-B909-413B8FE99FC3-91f65e49-scaled.jpeg\"><img loading=\"lazy\" decoding=\"async\" width=\"72\" height=\"96\" src=\"https:\/\/lalmachine.com\/wp-content\/uploads\/2022\/09\/B8A89916-96E5-4B23-B909-413B8FE99FC3-91f65e49-scaled.jpeg\" class=\"attachment-thumbnail size-thumbnail\" alt=\"\" \/><\/a> <a href=\"https:\/\/lalmachine.com\/wp-content\/uploads\/2022\/09\/EA1F06A8-4EDD-4EEA-AFC3-F1B3FFB04CB4-660c18f1-scaled.jpeg\"><img loading=\"lazy\" decoding=\"async\" width=\"128\" height=\"96\" src=\"https:\/\/lalmachine.com\/wp-content\/uploads\/2022\/09\/EA1F06A8-4EDD-4EEA-AFC3-F1B3FFB04CB4-660c18f1-scaled.jpeg\" class=\"attachment-thumbnail size-thumbnail\" alt=\"\" \/><\/a> <\/li>        <li class=\"wpuf-field-data wpuf-field-data-numeric_text_field\">\n                            <label>Prix:<\/label>\n                        800        <\/li>\n                <li class=\"wpuf-field-data wpuf-field-data-numeric_text_field\">\n                            <label>Hauteur (cm):<\/label>\n                        100        <\/li>\n                <li class=\"wpuf-field-data wpuf-field-data-numeric_text_field\">\n                            <label>Largeur (cm):<\/label>\n                        55        <\/li>\n                <li class=\"wpuf-field-data wpuf-field-data-numeric_text_field\">\n                            <label>Profondeur (cm):<\/label>\n                        10        <\/li>\n        <\/ul>","protected":false},"excerpt":{"rendered":"<ol>\n<li>Paire de miroirs My Best Enemy neufs inclinables nickel bross\u00e9.<br \/>\nNe conviennent malheureusement pas \u00e0 la d\u00e9co voulue.<br \/>\nAchet\u00e9s chez Batiplus il y a un mois \u00e0 675.-\/pi\u00e8ce<br \/>\nPossibilit\u00e9 d\u2019en prendre qu\u2019 1 \u00e0 400.-<br \/>\nPossibilit\u00e9 de les amener en voiture car trop d\u00e9licat \u00e0 envoyer.<\/li>\n<\/ol>","protected":false},"featured_media":286817,"template":"","meta":{"_et_pb_use_builder":"","_et_pb_old_content":"","_et_gb_content_width":""},"product_brand":[],"product_cat":[50,93],"product_tag":[],"proximite":[278,179],"class_list":{"0":"post-286626","1":"product","2":"type-product","3":"status-publish","4":"has-post-thumbnail","6":"product_cat-decorer","7":"product_cat-miroir","8":"pa_couleur-argent","9":"pa_etat-tres-bon-etat","10":"pa_materiau-metal","11":"pa_style-design","12":"proximite-lausanne","13":"proximite-vaud","15":"first","16":"outofstock","17":"sale","18":"shipping-taxable","19":"purchasable","20":"product-type-simple"},"yoast_head":"<!-- This site is optimized with the Yoast SEO plugin v27.4 - https:\/\/yoast.com\/product\/yoast-seo-wordpress\/ -->\n<title>Paire de miroirs MBE | lalmachine.com<\/title>\n<meta name=\"description\" content=\"Paire de miroirs My Best Enemy neufs inclinables nickel bross\u00e9.\" \/>\n<meta name=\"robots\" content=\"index, follow, max-snippet:-1, max-image-preview:large, max-video-preview:-1\" \/>\n<link rel=\"canonical\" href=\"https:\/\/lalmachine.com\/de\/shop\/decorer\/miroir\/paire-de-2-miroirs-mbe\/\" \/>\n<meta property=\"og:locale\" content=\"de_DE\" \/>\n<meta property=\"og:type\" content=\"article\" \/>\n<meta property=\"og:title\" content=\"Paire de miroirs MBE | lalmachine.com\" \/>\n<meta property=\"og:description\" content=\"Paire de miroirs My Best Enemy neufs inclinables nickel bross\u00e9.\" \/>\n<meta property=\"og:url\" content=\"https:\/\/lalmachine.com\/de\/shop\/decorer\/miroir\/paire-de-2-miroirs-mbe\/\" \/>\n<meta property=\"og:site_name\" content=\"lalmachine.com\" \/>\n<meta property=\"article:publisher\" content=\"https:\/\/facebook.com\/lalmachine\" \/>\n<meta property=\"article:modified_time\" content=\"2026-01-09T11:45:41+00:00\" \/>\n<meta property=\"og:image\" content=\"https:\/\/lalmachine.com\/wp-content\/uploads\/2022\/09\/Pasted-20220926-152146_clipped_rev_1-scaled.jpeg\" \/>\n\t<meta property=\"og:image:width\" content=\"2560\" \/>\n\t<meta property=\"og:image:height\" content=\"2560\" \/>\n\t<meta property=\"og:image:type\" content=\"image\/jpeg\" \/>\n<meta name=\"twitter:card\" content=\"summary_large_image\" \/>\n<script type=\"application\/ld+json\" class=\"yoast-schema-graph\">{\"@context\":\"https:\\\/\\\/schema.org\",\"@graph\":[{\"@type\":\"WebPage\",\"@id\":\"https:\\\/\\\/lalmachine.com\\\/shop\\\/decorer\\\/miroir\\\/paire-de-2-miroirs-mbe\\\/\",\"url\":\"https:\\\/\\\/lalmachine.com\\\/shop\\\/decorer\\\/miroir\\\/paire-de-2-miroirs-mbe\\\/\",\"name\":\"Paire de miroirs MBE | lalmachine.com\",\"isPartOf\":{\"@id\":\"https:\\\/\\\/lalmachine.com\\\/#website\"},\"primaryImageOfPage\":{\"@id\":\"https:\\\/\\\/lalmachine.com\\\/shop\\\/decorer\\\/miroir\\\/paire-de-2-miroirs-mbe\\\/#primaryimage\"},\"image\":{\"@id\":\"https:\\\/\\\/lalmachine.com\\\/shop\\\/decorer\\\/miroir\\\/paire-de-2-miroirs-mbe\\\/#primaryimage\"},\"thumbnailUrl\":\"https:\\\/\\\/lalmachine.com\\\/wp-content\\\/uploads\\\/2022\\\/09\\\/Pasted-20220926-152146_clipped_rev_1-scaled.jpeg\",\"datePublished\":\"2022-09-26T13:37:20+00:00\",\"dateModified\":\"2026-01-09T11:45:41+00:00\",\"description\":\"Paire de miroirs My Best Enemy neufs inclinables nickel bross\u00e9.\",\"breadcrumb\":{\"@id\":\"https:\\\/\\\/lalmachine.com\\\/shop\\\/decorer\\\/miroir\\\/paire-de-2-miroirs-mbe\\\/#breadcrumb\"},\"inLanguage\":\"de\",\"potentialAction\":[{\"@type\":\"ReadAction\",\"target\":[\"https:\\\/\\\/lalmachine.com\\\/shop\\\/decorer\\\/miroir\\\/paire-de-2-miroirs-mbe\\\/\"]}]},{\"@type\":\"ImageObject\",\"inLanguage\":\"de\",\"@id\":\"https:\\\/\\\/lalmachine.com\\\/shop\\\/decorer\\\/miroir\\\/paire-de-2-miroirs-mbe\\\/#primaryimage\",\"url\":\"https:\\\/\\\/lalmachine.com\\\/wp-content\\\/uploads\\\/2022\\\/09\\\/Pasted-20220926-152146_clipped_rev_1-scaled.jpeg\",\"contentUrl\":\"https:\\\/\\\/lalmachine.com\\\/wp-content\\\/uploads\\\/2022\\\/09\\\/Pasted-20220926-152146_clipped_rev_1-scaled.jpeg\",\"width\":2560,\"height\":2560},{\"@type\":\"BreadcrumbList\",\"@id\":\"https:\\\/\\\/lalmachine.com\\\/shop\\\/decorer\\\/miroir\\\/paire-de-2-miroirs-mbe\\\/#breadcrumb\",\"itemListElement\":[{\"@type\":\"ListItem\",\"position\":1,\"name\":\"Accueil\",\"item\":\"https:\\\/\\\/lalmachine.com\\\/\"},{\"@type\":\"ListItem\",\"position\":2,\"name\":\"Shop\",\"item\":\"https:\\\/\\\/lalmachine.com\\\/shop\\\/\"},{\"@type\":\"ListItem\",\"position\":3,\"name\":\"Paire de miroirs MBE\"}]},{\"@type\":\"WebSite\",\"@id\":\"https:\\\/\\\/lalmachine.com\\\/#website\",\"url\":\"https:\\\/\\\/lalmachine.com\\\/\",\"name\":\"lalmachine.com\",\"description\":\"Brocante en ligne Suisse | Mobilier et objets d\u00e9co vintage et design\",\"potentialAction\":[{\"@type\":\"SearchAction\",\"target\":{\"@type\":\"EntryPoint\",\"urlTemplate\":\"https:\\\/\\\/lalmachine.com\\\/?s={search_term_string}\"},\"query-input\":{\"@type\":\"PropertyValueSpecification\",\"valueRequired\":true,\"valueName\":\"search_term_string\"}}],\"inLanguage\":\"de\"}]}<\/script>\n<!-- \/ Yoast SEO plugin. -->","yoast_head_json":{"title":"Paire de miroirs MBE | lalmachine.com","description":"Paire de miroirs My Best Enemy neufs inclinables nickel bross\u00e9.","robots":{"index":"index","follow":"follow","max-snippet":"max-snippet:-1","max-image-preview":"max-image-preview:large","max-video-preview":"max-video-preview:-1"},"canonical":"https:\/\/lalmachine.com\/de\/shop\/decorer\/miroir\/paire-de-2-miroirs-mbe\/","og_locale":"de_DE","og_type":"article","og_title":"Paire de miroirs MBE | lalmachine.com","og_description":"Paire de miroirs My Best Enemy neufs inclinables nickel bross\u00e9.","og_url":"https:\/\/lalmachine.com\/de\/shop\/decorer\/miroir\/paire-de-2-miroirs-mbe\/","og_site_name":"lalmachine.com","article_publisher":"https:\/\/facebook.com\/lalmachine","article_modified_time":"2026-01-09T11:45:41+00:00","og_image":[{"width":2560,"height":2560,"url":"https:\/\/lalmachine.com\/wp-content\/uploads\/2022\/09\/Pasted-20220926-152146_clipped_rev_1-scaled.jpeg","type":"image\/jpeg"}],"twitter_card":"summary_large_image","schema":{"@context":"https:\/\/schema.org","@graph":[{"@type":"WebPage","@id":"https:\/\/lalmachine.com\/shop\/decorer\/miroir\/paire-de-2-miroirs-mbe\/","url":"https:\/\/lalmachine.com\/shop\/decorer\/miroir\/paire-de-2-miroirs-mbe\/","name":"Paire de miroirs MBE | lalmachine.com","isPartOf":{"@id":"https:\/\/lalmachine.com\/#website"},"primaryImageOfPage":{"@id":"https:\/\/lalmachine.com\/shop\/decorer\/miroir\/paire-de-2-miroirs-mbe\/#primaryimage"},"image":{"@id":"https:\/\/lalmachine.com\/shop\/decorer\/miroir\/paire-de-2-miroirs-mbe\/#primaryimage"},"thumbnailUrl":"https:\/\/lalmachine.com\/wp-content\/uploads\/2022\/09\/Pasted-20220926-152146_clipped_rev_1-scaled.jpeg","datePublished":"2022-09-26T13:37:20+00:00","dateModified":"2026-01-09T11:45:41+00:00","description":"Paire de miroirs My Best Enemy neufs inclinables nickel bross\u00e9.","breadcrumb":{"@id":"https:\/\/lalmachine.com\/shop\/decorer\/miroir\/paire-de-2-miroirs-mbe\/#breadcrumb"},"inLanguage":"de","potentialAction":[{"@type":"ReadAction","target":["https:\/\/lalmachine.com\/shop\/decorer\/miroir\/paire-de-2-miroirs-mbe\/"]}]},{"@type":"ImageObject","inLanguage":"de","@id":"https:\/\/lalmachine.com\/shop\/decorer\/miroir\/paire-de-2-miroirs-mbe\/#primaryimage","url":"https:\/\/lalmachine.com\/wp-content\/uploads\/2022\/09\/Pasted-20220926-152146_clipped_rev_1-scaled.jpeg","contentUrl":"https:\/\/lalmachine.com\/wp-content\/uploads\/2022\/09\/Pasted-20220926-152146_clipped_rev_1-scaled.jpeg","width":2560,"height":2560},{"@type":"BreadcrumbList","@id":"https:\/\/lalmachine.com\/shop\/decorer\/miroir\/paire-de-2-miroirs-mbe\/#breadcrumb","itemListElement":[{"@type":"ListItem","position":1,"name":"Accueil","item":"https:\/\/lalmachine.com\/"},{"@type":"ListItem","position":2,"name":"Shop","item":"https:\/\/lalmachine.com\/shop\/"},{"@type":"ListItem","position":3,"name":"Paire de miroirs MBE"}]},{"@type":"WebSite","@id":"https:\/\/lalmachine.com\/#website","url":"https:\/\/lalmachine.com\/","name":"lalmachine.com","description":"Brocante en ligne Suisse | Mobilier et objets d\u00e9co vintage et design","potentialAction":[{"@type":"SearchAction","target":{"@type":"EntryPoint","urlTemplate":"https:\/\/lalmachine.com\/?s={search_term_string}"},"query-input":{"@type":"PropertyValueSpecification","valueRequired":true,"valueName":"search_term_string"}}],"inLanguage":"de"}]}},"_links":{"self":[{"href":"https:\/\/lalmachine.com\/de\/wp-json\/wp\/v2\/product\/286626","targetHints":{"allow":["GET"]}}],"collection":[{"href":"https:\/\/lalmachine.com\/de\/wp-json\/wp\/v2\/product"}],"about":[{"href":"https:\/\/lalmachine.com\/de\/wp-json\/wp\/v2\/types\/product"}],"wp:featuredmedia":[{"embeddable":true,"href":"https:\/\/lalmachine.com\/de\/wp-json\/wp\/v2\/media\/286817"}],"wp:attachment":[{"href":"https:\/\/lalmachine.com\/de\/wp-json\/wp\/v2\/media?parent=286626"}],"wp:term":[{"taxonomy":"product_brand","embeddable":true,"href":"https:\/\/lalmachine.com\/de\/wp-json\/wp\/v2\/product_brand?post=286626"},{"taxonomy":"product_cat","embeddable":true,"href":"https:\/\/lalmachine.com\/de\/wp-json\/wp\/v2\/product_cat?post=286626"},{"taxonomy":"product_tag","embeddable":true,"href":"https:\/\/lalmachine.com\/de\/wp-json\/wp\/v2\/product_tag?post=286626"},{"taxonomy":"proximite","embeddable":true,"href":"https:\/\/lalmachine.com\/de\/wp-json\/wp\/v2\/proximite?post=286626"}],"curies":[{"name":"wp","href":"https:\/\/api.w.org\/{rel}","templated":true}]}}