{"id":286682,"date":"2022-09-26T16:14:39","date_gmt":"2022-09-26T14:14:39","guid":{"rendered":"https:\/\/lalmachine.com\/?post_type=product&#038;p=286682"},"modified":"2025-01-07T19:54:39","modified_gmt":"2025-01-07T18:54:39","slug":"serigraphie-de-opy-zouni-1986-2","status":"publish","type":"product","link":"https:\/\/lalmachine.com\/de\/shop\/decorer\/art-and-co\/serigraphie-de-opy-zouni-1986-2\/","title":{"rendered":"S\u00e9rigraphie de Opy Zouni &#8211; 1986"},"content":{"rendered":"<ul class=\"wpuf_customs\"><li style=\"list-style-type:none;\"><label>Autres photos:<\/label> <a href=\"https:\/\/lalmachine.com\/wp-content\/uploads\/2022\/09\/serigraphie-opy-zouni-1986-la-boutique-du-mail-geneve-4da0af16.jpg\"><img loading=\"lazy\" decoding=\"async\" width=\"72\" height=\"96\" src=\"https:\/\/lalmachine.com\/wp-content\/uploads\/2022\/09\/serigraphie-opy-zouni-1986-la-boutique-du-mail-geneve-4da0af16.jpg\" class=\"attachment-thumbnail size-thumbnail\" alt=\"\" \/><\/a> <\/li>        <li class=\"wpuf-field-data wpuf-field-data-numeric_text_field\">\n                            <label>Prix:<\/label>\n                        180        <\/li>\n                <li class=\"wpuf-field-data wpuf-field-data-numeric_text_field\">\n                            <label>Quantit\u00e9:<\/label>\n                        0        <\/li>\n                <li class=\"wpuf-field-data wpuf-field-data-numeric_text_field\">\n                            <label>Hauteur (cm):<\/label>\n                        45        <\/li>\n                <li class=\"wpuf-field-data wpuf-field-data-numeric_text_field\">\n                            <label>Largeur (cm):<\/label>\n                        35        <\/li>\n        <\/ul>","protected":false},"excerpt":{"rendered":"<p>S\u00e9rigraphie sur bristol 220gr. de 35 x 45 cm \/ Tirage 190\/199<\/p>\n<p>Opy Zouni \u2013 Artiste peintre grecque (1941-2008).<\/p>\n<p>Opy Zouni est n\u00e9e au Caire en 1941. Sa famille est originaire de Cr\u00e8te et de Santorin.<\/p>\n<p>\u00c0 partir de 1959, elle \u00e9tudie au Caire dans le Studio Zorian, puis la c\u00e9ramique \u00e0 l&rsquo;American College et enfin la photographie. En 1963, elle s\u2019installe \u00e0 Ath\u00e8nes et commence des \u00e9tudes de peinture \u00e0 l&rsquo;\u00c9cole des beaux-arts, sous la direction de l\u2019artiste et professeur, Yiannis Moralis.<\/p>\n<p>Sa carri\u00e8re de renomm\u00e9e internationale compte plus de trente-trois expositions personnelles et trente-sept expositions collectives. Un grand nombre de ses \u0153uvres appartiennent \u00e0 des mus\u00e9es et \u00e0 des collections priv\u00e9es aux \u00c9tats-Unis et en Europe. En Suisse, poss\u00e8dent de ses \u0153uvres notamment le Cabinet d\u2019art graphique (Gen\u00e8ve), le Mus\u00e9e Cantonal des Beaux-Arts (Lausanne), la Fondation Jacques-\u00c9douard Berger (Lausanne) et la Collection Johanna Lohse (Zurich).<\/p>\n<p>Les questions principales qui ont pr\u00e9occup\u00e9 Opy Zouni sont le passage de deux \u00e0 trois dimensions et d&rsquo;un espace ouvert \u00e0 un espace ferm\u00e9. Les perspectives de grands espaces color\u00e9s, d\u00e9nu\u00e9s de pr\u00e9sence humaine s\u2019apparentent aux d\u00e9cors des th\u00e9\u00e2tres lyriques.<\/p>","protected":false},"featured_media":286827,"template":"","meta":{"_et_pb_use_builder":"","_et_pb_old_content":"","_et_gb_content_width":""},"product_brand":[],"product_cat":[365,50],"product_tag":[],"proximite":[180],"class_list":{"0":"post-286682","1":"product","2":"type-product","3":"status-publish","4":"has-post-thumbnail","6":"product_cat-art-and-co","7":"product_cat-decorer","8":"product_shipping_class-0-2-kg","9":"pa_couleur-multicolore","10":"pa_etat-tres-bon-etat","11":"pa_materiau-papier-carton","12":"pa_style-art-contemporain","13":"proximite-geneve","15":"first","16":"outofstock","17":"sale","18":"shipping-taxable","19":"purchasable","20":"product-type-simple"},"yoast_head":"<!-- This site is optimized with the Yoast SEO plugin v27.4 - https:\/\/yoast.com\/product\/yoast-seo-wordpress\/ -->\n<title>S\u00e9rigraphie de Opy Zouni - 1986 | lalmachine.com<\/title>\n<meta name=\"description\" content=\"S\u00e9rigraphie sur bristol 220gr. de 35 x 45 cm \/ Tirage 190\/199 Opy Zouni \u2013 Artiste peintre grecque (1941-2008).\" \/>\n<meta name=\"robots\" content=\"index, follow, max-snippet:-1, max-image-preview:large, max-video-preview:-1\" \/>\n<link rel=\"canonical\" href=\"https:\/\/lalmachine.com\/de\/shop\/decorer\/art-and-co\/serigraphie-de-opy-zouni-1986-2\/\" \/>\n<meta property=\"og:locale\" content=\"de_DE\" \/>\n<meta property=\"og:type\" content=\"article\" \/>\n<meta property=\"og:title\" content=\"S\u00e9rigraphie de Opy Zouni - 1986 | lalmachine.com\" \/>\n<meta property=\"og:description\" content=\"S\u00e9rigraphie sur bristol 220gr. de 35 x 45 cm \/ Tirage 190\/199 Opy Zouni \u2013 Artiste peintre grecque (1941-2008).\" \/>\n<meta property=\"og:url\" content=\"https:\/\/lalmachine.com\/de\/shop\/decorer\/art-and-co\/serigraphie-de-opy-zouni-1986-2\/\" \/>\n<meta property=\"og:site_name\" content=\"lalmachine.com\" \/>\n<meta property=\"article:publisher\" content=\"https:\/\/facebook.com\/lalmachine\" \/>\n<meta property=\"article:modified_time\" content=\"2025-01-07T18:54:39+00:00\" \/>\n<meta property=\"og:image\" content=\"https:\/\/lalmachine.com\/wp-content\/uploads\/2022\/09\/Pasted-20220926-155752_clipped_rev_1.jpeg\" \/>\n\t<meta property=\"og:image:width\" content=\"1567\" \/>\n\t<meta property=\"og:image:height\" content=\"1566\" \/>\n\t<meta property=\"og:image:type\" content=\"image\/jpeg\" \/>\n<meta name=\"twitter:card\" content=\"summary_large_image\" \/>\n<script type=\"application\/ld+json\" class=\"yoast-schema-graph\">{\"@context\":\"https:\\\/\\\/schema.org\",\"@graph\":[{\"@type\":\"WebPage\",\"@id\":\"https:\\\/\\\/lalmachine.com\\\/shop\\\/decorer\\\/art-and-co\\\/serigraphie-de-opy-zouni-1986-2\\\/\",\"url\":\"https:\\\/\\\/lalmachine.com\\\/shop\\\/decorer\\\/art-and-co\\\/serigraphie-de-opy-zouni-1986-2\\\/\",\"name\":\"S\u00e9rigraphie de Opy Zouni - 1986 | lalmachine.com\",\"isPartOf\":{\"@id\":\"https:\\\/\\\/lalmachine.com\\\/#website\"},\"primaryImageOfPage\":{\"@id\":\"https:\\\/\\\/lalmachine.com\\\/shop\\\/decorer\\\/art-and-co\\\/serigraphie-de-opy-zouni-1986-2\\\/#primaryimage\"},\"image\":{\"@id\":\"https:\\\/\\\/lalmachine.com\\\/shop\\\/decorer\\\/art-and-co\\\/serigraphie-de-opy-zouni-1986-2\\\/#primaryimage\"},\"thumbnailUrl\":\"https:\\\/\\\/lalmachine.com\\\/wp-content\\\/uploads\\\/2022\\\/09\\\/Pasted-20220926-155752_clipped_rev_1.jpeg\",\"datePublished\":\"2022-09-26T14:14:39+00:00\",\"dateModified\":\"2025-01-07T18:54:39+00:00\",\"description\":\"S\u00e9rigraphie sur bristol 220gr. de 35 x 45 cm \\\/ Tirage 190\\\/199 Opy Zouni \u2013 Artiste peintre grecque (1941-2008).\",\"breadcrumb\":{\"@id\":\"https:\\\/\\\/lalmachine.com\\\/shop\\\/decorer\\\/art-and-co\\\/serigraphie-de-opy-zouni-1986-2\\\/#breadcrumb\"},\"inLanguage\":\"de\",\"potentialAction\":[{\"@type\":\"ReadAction\",\"target\":[\"https:\\\/\\\/lalmachine.com\\\/shop\\\/decorer\\\/art-and-co\\\/serigraphie-de-opy-zouni-1986-2\\\/\"]}]},{\"@type\":\"ImageObject\",\"inLanguage\":\"de\",\"@id\":\"https:\\\/\\\/lalmachine.com\\\/shop\\\/decorer\\\/art-and-co\\\/serigraphie-de-opy-zouni-1986-2\\\/#primaryimage\",\"url\":\"https:\\\/\\\/lalmachine.com\\\/wp-content\\\/uploads\\\/2022\\\/09\\\/Pasted-20220926-155752_clipped_rev_1.jpeg\",\"contentUrl\":\"https:\\\/\\\/lalmachine.com\\\/wp-content\\\/uploads\\\/2022\\\/09\\\/Pasted-20220926-155752_clipped_rev_1.jpeg\",\"width\":1567,\"height\":1566},{\"@type\":\"BreadcrumbList\",\"@id\":\"https:\\\/\\\/lalmachine.com\\\/shop\\\/decorer\\\/art-and-co\\\/serigraphie-de-opy-zouni-1986-2\\\/#breadcrumb\",\"itemListElement\":[{\"@type\":\"ListItem\",\"position\":1,\"name\":\"Accueil\",\"item\":\"https:\\\/\\\/lalmachine.com\\\/\"},{\"@type\":\"ListItem\",\"position\":2,\"name\":\"Shop\",\"item\":\"https:\\\/\\\/lalmachine.com\\\/shop\\\/\"},{\"@type\":\"ListItem\",\"position\":3,\"name\":\"S\u00e9rigraphie de Opy Zouni &#8211; 1986\"}]},{\"@type\":\"WebSite\",\"@id\":\"https:\\\/\\\/lalmachine.com\\\/#website\",\"url\":\"https:\\\/\\\/lalmachine.com\\\/\",\"name\":\"lalmachine.com\",\"description\":\"Brocante en ligne Suisse | Mobilier et objets d\u00e9co vintage et design\",\"potentialAction\":[{\"@type\":\"SearchAction\",\"target\":{\"@type\":\"EntryPoint\",\"urlTemplate\":\"https:\\\/\\\/lalmachine.com\\\/?s={search_term_string}\"},\"query-input\":{\"@type\":\"PropertyValueSpecification\",\"valueRequired\":true,\"valueName\":\"search_term_string\"}}],\"inLanguage\":\"de\"}]}<\/script>\n<!-- \/ Yoast SEO plugin. -->","yoast_head_json":{"title":"S\u00e9rigraphie de Opy Zouni - 1986 | lalmachine.com","description":"S\u00e9rigraphie sur bristol 220gr. de 35 x 45 cm \/ Tirage 190\/199 Opy Zouni \u2013 Artiste peintre grecque (1941-2008).","robots":{"index":"index","follow":"follow","max-snippet":"max-snippet:-1","max-image-preview":"max-image-preview:large","max-video-preview":"max-video-preview:-1"},"canonical":"https:\/\/lalmachine.com\/de\/shop\/decorer\/art-and-co\/serigraphie-de-opy-zouni-1986-2\/","og_locale":"de_DE","og_type":"article","og_title":"S\u00e9rigraphie de Opy Zouni - 1986 | lalmachine.com","og_description":"S\u00e9rigraphie sur bristol 220gr. de 35 x 45 cm \/ Tirage 190\/199 Opy Zouni \u2013 Artiste peintre grecque (1941-2008).","og_url":"https:\/\/lalmachine.com\/de\/shop\/decorer\/art-and-co\/serigraphie-de-opy-zouni-1986-2\/","og_site_name":"lalmachine.com","article_publisher":"https:\/\/facebook.com\/lalmachine","article_modified_time":"2025-01-07T18:54:39+00:00","og_image":[{"width":1567,"height":1566,"url":"https:\/\/lalmachine.com\/wp-content\/uploads\/2022\/09\/Pasted-20220926-155752_clipped_rev_1.jpeg","type":"image\/jpeg"}],"twitter_card":"summary_large_image","schema":{"@context":"https:\/\/schema.org","@graph":[{"@type":"WebPage","@id":"https:\/\/lalmachine.com\/shop\/decorer\/art-and-co\/serigraphie-de-opy-zouni-1986-2\/","url":"https:\/\/lalmachine.com\/shop\/decorer\/art-and-co\/serigraphie-de-opy-zouni-1986-2\/","name":"S\u00e9rigraphie de Opy Zouni - 1986 | lalmachine.com","isPartOf":{"@id":"https:\/\/lalmachine.com\/#website"},"primaryImageOfPage":{"@id":"https:\/\/lalmachine.com\/shop\/decorer\/art-and-co\/serigraphie-de-opy-zouni-1986-2\/#primaryimage"},"image":{"@id":"https:\/\/lalmachine.com\/shop\/decorer\/art-and-co\/serigraphie-de-opy-zouni-1986-2\/#primaryimage"},"thumbnailUrl":"https:\/\/lalmachine.com\/wp-content\/uploads\/2022\/09\/Pasted-20220926-155752_clipped_rev_1.jpeg","datePublished":"2022-09-26T14:14:39+00:00","dateModified":"2025-01-07T18:54:39+00:00","description":"S\u00e9rigraphie sur bristol 220gr. de 35 x 45 cm \/ Tirage 190\/199 Opy Zouni \u2013 Artiste peintre grecque (1941-2008).","breadcrumb":{"@id":"https:\/\/lalmachine.com\/shop\/decorer\/art-and-co\/serigraphie-de-opy-zouni-1986-2\/#breadcrumb"},"inLanguage":"de","potentialAction":[{"@type":"ReadAction","target":["https:\/\/lalmachine.com\/shop\/decorer\/art-and-co\/serigraphie-de-opy-zouni-1986-2\/"]}]},{"@type":"ImageObject","inLanguage":"de","@id":"https:\/\/lalmachine.com\/shop\/decorer\/art-and-co\/serigraphie-de-opy-zouni-1986-2\/#primaryimage","url":"https:\/\/lalmachine.com\/wp-content\/uploads\/2022\/09\/Pasted-20220926-155752_clipped_rev_1.jpeg","contentUrl":"https:\/\/lalmachine.com\/wp-content\/uploads\/2022\/09\/Pasted-20220926-155752_clipped_rev_1.jpeg","width":1567,"height":1566},{"@type":"BreadcrumbList","@id":"https:\/\/lalmachine.com\/shop\/decorer\/art-and-co\/serigraphie-de-opy-zouni-1986-2\/#breadcrumb","itemListElement":[{"@type":"ListItem","position":1,"name":"Accueil","item":"https:\/\/lalmachine.com\/"},{"@type":"ListItem","position":2,"name":"Shop","item":"https:\/\/lalmachine.com\/shop\/"},{"@type":"ListItem","position":3,"name":"S\u00e9rigraphie de Opy Zouni &#8211; 1986"}]},{"@type":"WebSite","@id":"https:\/\/lalmachine.com\/#website","url":"https:\/\/lalmachine.com\/","name":"lalmachine.com","description":"Brocante en ligne Suisse | Mobilier et objets d\u00e9co vintage et design","potentialAction":[{"@type":"SearchAction","target":{"@type":"EntryPoint","urlTemplate":"https:\/\/lalmachine.com\/?s={search_term_string}"},"query-input":{"@type":"PropertyValueSpecification","valueRequired":true,"valueName":"search_term_string"}}],"inLanguage":"de"}]}},"_links":{"self":[{"href":"https:\/\/lalmachine.com\/de\/wp-json\/wp\/v2\/product\/286682","targetHints":{"allow":["GET"]}}],"collection":[{"href":"https:\/\/lalmachine.com\/de\/wp-json\/wp\/v2\/product"}],"about":[{"href":"https:\/\/lalmachine.com\/de\/wp-json\/wp\/v2\/types\/product"}],"wp:featuredmedia":[{"embeddable":true,"href":"https:\/\/lalmachine.com\/de\/wp-json\/wp\/v2\/media\/286827"}],"wp:attachment":[{"href":"https:\/\/lalmachine.com\/de\/wp-json\/wp\/v2\/media?parent=286682"}],"wp:term":[{"taxonomy":"product_brand","embeddable":true,"href":"https:\/\/lalmachine.com\/de\/wp-json\/wp\/v2\/product_brand?post=286682"},{"taxonomy":"product_cat","embeddable":true,"href":"https:\/\/lalmachine.com\/de\/wp-json\/wp\/v2\/product_cat?post=286682"},{"taxonomy":"product_tag","embeddable":true,"href":"https:\/\/lalmachine.com\/de\/wp-json\/wp\/v2\/product_tag?post=286682"},{"taxonomy":"proximite","embeddable":true,"href":"https:\/\/lalmachine.com\/de\/wp-json\/wp\/v2\/proximite?post=286682"}],"curies":[{"name":"wp","href":"https:\/\/api.w.org\/{rel}","templated":true}]}}