{"id":286875,"date":"2022-09-28T12:45:14","date_gmt":"2022-09-28T10:45:14","guid":{"rendered":"https:\/\/lalmachine.com\/?post_type=product&#038;p=286875"},"modified":"2025-07-23T09:23:01","modified_gmt":"2025-07-23T07:23:01","slug":"tableau-pastel-orage-sun-le-lac-1978","status":"publish","type":"product","link":"https:\/\/lalmachine.com\/de\/shop\/decorer\/art-and-co\/tableau-pastel-orage-sun-le-lac-1978\/","title":{"rendered":"Tableau pastel, Orage sun, Le lac 1978"},"content":{"rendered":"<ul class=\"wpuf_customs\"><li style=\"list-style-type:none;\"><label>Autres photos:<\/label> <a href=\"https:\/\/lalmachine.com\/wp-content\/uploads\/2022\/09\/622E7666-B109-4561-A761-AE95B4B29403-3b5dd8dd-scaled.jpeg\"><img loading=\"lazy\" decoding=\"async\" width=\"121\" height=\"96\" src=\"https:\/\/lalmachine.com\/wp-content\/uploads\/2022\/09\/622E7666-B109-4561-A761-AE95B4B29403-3b5dd8dd-scaled.jpeg\" class=\"attachment-thumbnail size-thumbnail\" alt=\"\" \/><\/a> <a href=\"https:\/\/lalmachine.com\/wp-content\/uploads\/2022\/09\/64E9183A-2C0F-4C91-9A84-FA50798B7CC0-c642f053-scaled.jpeg\"><img loading=\"lazy\" decoding=\"async\" width=\"128\" height=\"96\" src=\"https:\/\/lalmachine.com\/wp-content\/uploads\/2022\/09\/64E9183A-2C0F-4C91-9A84-FA50798B7CC0-c642f053-scaled.jpeg\" class=\"attachment-thumbnail size-thumbnail\" alt=\"\" \/><\/a> <a href=\"https:\/\/lalmachine.com\/wp-content\/uploads\/2022\/09\/7BAD8A5A-DD0A-4894-9F10-7CC6732E4F2B-0210462d-scaled.jpeg\"><img loading=\"lazy\" decoding=\"async\" width=\"116\" height=\"96\" src=\"https:\/\/lalmachine.com\/wp-content\/uploads\/2022\/09\/7BAD8A5A-DD0A-4894-9F10-7CC6732E4F2B-0210462d-scaled.jpeg\" class=\"attachment-thumbnail size-thumbnail\" alt=\"\" \/><\/a> <a href=\"https:\/\/lalmachine.com\/wp-content\/uploads\/2022\/09\/FBC96BEF-821E-429A-AC56-695587B7F5A3-cb72fa04.jpeg\"><img loading=\"lazy\" decoding=\"async\" width=\"128\" height=\"93\" src=\"https:\/\/lalmachine.com\/wp-content\/uploads\/2022\/09\/FBC96BEF-821E-429A-AC56-695587B7F5A3-cb72fa04.jpeg\" class=\"attachment-thumbnail size-thumbnail\" alt=\"\" \/><\/a> <a href=\"https:\/\/lalmachine.com\/wp-content\/uploads\/2022\/09\/5E6A32FA-8C6D-4D0C-8E01-4359A472AA38-2753acbf-scaled.jpeg\"><img loading=\"lazy\" decoding=\"async\" width=\"128\" height=\"96\" src=\"https:\/\/lalmachine.com\/wp-content\/uploads\/2022\/09\/5E6A32FA-8C6D-4D0C-8E01-4359A472AA38-2753acbf-scaled.jpeg\" class=\"attachment-thumbnail size-thumbnail\" alt=\"\" \/><\/a> <a href=\"https:\/\/lalmachine.com\/wp-content\/uploads\/2022\/09\/D458D47A-8DC2-44AA-B9CF-7F31900306DC-2841cb09-scaled.jpeg\"><img loading=\"lazy\" decoding=\"async\" width=\"128\" height=\"96\" src=\"https:\/\/lalmachine.com\/wp-content\/uploads\/2022\/09\/D458D47A-8DC2-44AA-B9CF-7F31900306DC-2841cb09-scaled.jpeg\" class=\"attachment-thumbnail size-thumbnail\" alt=\"\" \/><\/a> <a href=\"https:\/\/lalmachine.com\/wp-content\/uploads\/2022\/09\/D799B4AC-7D0C-4F7A-9F6F-BF4AAEF7F410-a09887d7-scaled.jpeg\"><img loading=\"lazy\" decoding=\"async\" width=\"43\" height=\"96\" src=\"https:\/\/lalmachine.com\/wp-content\/uploads\/2022\/09\/D799B4AC-7D0C-4F7A-9F6F-BF4AAEF7F410-a09887d7-scaled.jpeg\" class=\"attachment-thumbnail size-thumbnail\" alt=\"\" \/><\/a> <a href=\"https:\/\/lalmachine.com\/wp-content\/uploads\/2022\/09\/8BC56161-1E2C-4F2F-B510-C2212AFA9A8C-cb9c660c-scaled.jpeg\"><img loading=\"lazy\" decoding=\"async\" width=\"39\" height=\"96\" src=\"https:\/\/lalmachine.com\/wp-content\/uploads\/2022\/09\/8BC56161-1E2C-4F2F-B510-C2212AFA9A8C-cb9c660c-scaled.jpeg\" class=\"attachment-thumbnail size-thumbnail\" alt=\"\" \/><\/a> <a href=\"https:\/\/lalmachine.com\/wp-content\/uploads\/2022\/09\/AFA49A4C-D880-43BC-B5EF-0F7C09FC2C18-648cca81-scaled.jpeg\"><img loading=\"lazy\" decoding=\"async\" width=\"57\" height=\"96\" src=\"https:\/\/lalmachine.com\/wp-content\/uploads\/2022\/09\/AFA49A4C-D880-43BC-B5EF-0F7C09FC2C18-648cca81-scaled.jpeg\" class=\"attachment-thumbnail size-thumbnail\" alt=\"\" \/><\/a> <a href=\"https:\/\/lalmachine.com\/wp-content\/uploads\/2022\/09\/0ACB613E-ABE4-4155-ACE4-77EC089F7C77-55d9ba86-scaled.jpeg\"><img loading=\"lazy\" decoding=\"async\" width=\"128\" height=\"96\" src=\"https:\/\/lalmachine.com\/wp-content\/uploads\/2022\/09\/0ACB613E-ABE4-4155-ACE4-77EC089F7C77-55d9ba86-scaled.jpeg\" class=\"attachment-thumbnail size-thumbnail\" alt=\"\" \/><\/a> <a href=\"https:\/\/lalmachine.com\/wp-content\/uploads\/2022\/09\/C3C0C365-4CC4-43D1-909C-9AD0532FD0C9-08d5f4ac-scaled.jpeg\"><img loading=\"lazy\" decoding=\"async\" width=\"115\" height=\"96\" src=\"https:\/\/lalmachine.com\/wp-content\/uploads\/2022\/09\/C3C0C365-4CC4-43D1-909C-9AD0532FD0C9-08d5f4ac-scaled.jpeg\" class=\"attachment-thumbnail size-thumbnail\" alt=\"\" \/><\/a> <a href=\"https:\/\/lalmachine.com\/wp-content\/uploads\/2022\/09\/C374C143-B785-4666-A7E9-F2DB3337BD42-354e41d3-scaled.jpeg\"><img loading=\"lazy\" decoding=\"async\" width=\"93\" height=\"96\" src=\"https:\/\/lalmachine.com\/wp-content\/uploads\/2022\/09\/C374C143-B785-4666-A7E9-F2DB3337BD42-354e41d3-scaled.jpeg\" class=\"attachment-thumbnail size-thumbnail\" alt=\"\" \/><\/a> <a href=\"https:\/\/lalmachine.com\/wp-content\/uploads\/2022\/09\/FD42FD7E-77C5-46AC-9E2B-BF2AF68B732E-f9bd90a8-scaled.jpeg\"><img loading=\"lazy\" decoding=\"async\" width=\"99\" height=\"96\" src=\"https:\/\/lalmachine.com\/wp-content\/uploads\/2022\/09\/FD42FD7E-77C5-46AC-9E2B-BF2AF68B732E-f9bd90a8-scaled.jpeg\" class=\"attachment-thumbnail size-thumbnail\" alt=\"\" \/><\/a> <\/li>        <li class=\"wpuf-field-data wpuf-field-data-numeric_text_field\">\n                            <label>Prix:<\/label>\n                        250        <\/li>\n                <li class=\"wpuf-field-data wpuf-field-data-numeric_text_field\">\n                            <label>Quantit\u00e9:<\/label>\n                        1        <\/li>\n                <li class=\"wpuf-field-data wpuf-field-data-numeric_text_field\">\n                            <label>Hauteur (cm):<\/label>\n                        56        <\/li>\n                <li class=\"wpuf-field-data wpuf-field-data-numeric_text_field\">\n                            <label>Largeur (cm):<\/label>\n                        68        <\/li>\n                <li class=\"wpuf-field-data wpuf-field-data-numeric_text_field\">\n                            <label>Profondeur (cm):<\/label>\n                        3        <\/li>\n        <\/ul>","protected":false},"excerpt":{"rendered":"<p>Tableau au pastel sur papier \u00e9pais \u00ab Orage sun Le lac \u00bb de 1978.<br \/>\nLe cadre dor\u00e9 du tableau est d\u2019origine. Il est ab\u00eem\u00e9 ; cependant cela apporte du charme au tableau. Le verre est neuf de qualit\u00e9 \u00ab galerie \u00bb protection anti-reflet et UV.<\/p>\n<p>Dimensions totales : 68,5 x 34,5 x 3 cm<br \/>\nDimensions du pastel : 46 x 35 cm<\/p>","protected":false},"featured_media":286895,"template":"","meta":{"_et_pb_use_builder":"","_et_pb_old_content":"","_et_gb_content_width":""},"product_brand":[],"product_cat":[365,50],"product_tag":[],"proximite":[281,179],"class_list":{"0":"post-286875","1":"product","2":"type-product","3":"status-publish","4":"has-post-thumbnail","6":"product_cat-art-and-co","7":"product_cat-decorer","8":"pa_couleur-noir","9":"pa_designer-autres-designers","10":"pa_etat-dans-son-jus","11":"pa_materiau-papier-carton","12":"pa_style-vintage","13":"proximite-nyon","14":"proximite-vaud","16":"first","17":"instock","18":"sale","19":"shipping-taxable","20":"purchasable","21":"product-type-simple"},"yoast_head":"<!-- This site is optimized with the Yoast SEO plugin v27.4 - https:\/\/yoast.com\/product\/yoast-seo-wordpress\/ -->\n<title>Tableau pastel, Orage sun, Le lac 1978 | lalmachine.com<\/title>\n<meta name=\"description\" content=\"Tableau au pastel sur papier \u00e9pais \u00ab Orage sun Le lac \u00bb de 1978. Le cadre dor\u00e9 du tableau est d\u2019origine. Il est ab\u00eem\u00e9 ; cependant cela apporte du charme.\" \/>\n<meta name=\"robots\" content=\"index, follow, max-snippet:-1, max-image-preview:large, max-video-preview:-1\" \/>\n<link rel=\"canonical\" href=\"http:\/\/lalmachine.com\/de\/shop\/decorer\/art-and-co\/tableau-pastel-orage-sun-le-lac-1978\/\" \/>\n<meta property=\"og:locale\" content=\"de_DE\" \/>\n<meta property=\"og:type\" content=\"article\" \/>\n<meta property=\"og:title\" content=\"Tableau pastel, Orage sun, Le lac 1978 | lalmachine.com\" \/>\n<meta property=\"og:description\" content=\"Tableau au pastel sur papier \u00e9pais \u00ab Orage sun Le lac \u00bb de 1978. Le cadre dor\u00e9 du tableau est d\u2019origine. Il est ab\u00eem\u00e9 ; cependant cela apporte du charme.\" \/>\n<meta property=\"og:url\" content=\"http:\/\/lalmachine.com\/de\/shop\/decorer\/art-and-co\/tableau-pastel-orage-sun-le-lac-1978\/\" \/>\n<meta property=\"og:site_name\" content=\"lalmachine.com\" \/>\n<meta property=\"article:publisher\" content=\"https:\/\/facebook.com\/lalmachine\" \/>\n<meta property=\"article:modified_time\" content=\"2025-07-23T07:23:01+00:00\" \/>\n<meta property=\"og:image\" content=\"https:\/\/lalmachine.com\/wp-content\/uploads\/2022\/09\/Pasted-20220928-122346_clipped_rev_1-scaled.jpeg\" \/>\n\t<meta property=\"og:image:width\" content=\"2560\" \/>\n\t<meta property=\"og:image:height\" content=\"2560\" \/>\n\t<meta property=\"og:image:type\" content=\"image\/jpeg\" \/>\n<meta name=\"twitter:card\" content=\"summary_large_image\" \/>\n<script type=\"application\/ld+json\" class=\"yoast-schema-graph\">{\"@context\":\"https:\\\/\\\/schema.org\",\"@graph\":[{\"@type\":\"WebPage\",\"@id\":\"http:\\\/\\\/lalmachine.com\\\/de\\\/shop\\\/decorer\\\/art-and-co\\\/tableau-pastel-orage-sun-le-lac-1978\\\/\",\"url\":\"http:\\\/\\\/lalmachine.com\\\/de\\\/shop\\\/decorer\\\/art-and-co\\\/tableau-pastel-orage-sun-le-lac-1978\\\/\",\"name\":\"Tableau pastel, Orage sun, Le lac 1978 | lalmachine.com\",\"isPartOf\":{\"@id\":\"https:\\\/\\\/lalmachine.com\\\/#website\"},\"primaryImageOfPage\":{\"@id\":\"http:\\\/\\\/lalmachine.com\\\/de\\\/shop\\\/decorer\\\/art-and-co\\\/tableau-pastel-orage-sun-le-lac-1978\\\/#primaryimage\"},\"image\":{\"@id\":\"http:\\\/\\\/lalmachine.com\\\/de\\\/shop\\\/decorer\\\/art-and-co\\\/tableau-pastel-orage-sun-le-lac-1978\\\/#primaryimage\"},\"thumbnailUrl\":\"https:\\\/\\\/lalmachine.com\\\/wp-content\\\/uploads\\\/2022\\\/09\\\/Pasted-20220928-122346_clipped_rev_1-scaled.jpeg\",\"datePublished\":\"2022-09-28T10:45:14+00:00\",\"dateModified\":\"2025-07-23T07:23:01+00:00\",\"description\":\"Tableau au pastel sur papier \u00e9pais \u00ab Orage sun Le lac \u00bb de 1978. Le cadre dor\u00e9 du tableau est d\u2019origine. Il est ab\u00eem\u00e9 ; cependant cela apporte du charme.\",\"breadcrumb\":{\"@id\":\"http:\\\/\\\/lalmachine.com\\\/de\\\/shop\\\/decorer\\\/art-and-co\\\/tableau-pastel-orage-sun-le-lac-1978\\\/#breadcrumb\"},\"inLanguage\":\"de\",\"potentialAction\":[{\"@type\":\"ReadAction\",\"target\":[\"http:\\\/\\\/lalmachine.com\\\/de\\\/shop\\\/decorer\\\/art-and-co\\\/tableau-pastel-orage-sun-le-lac-1978\\\/\"]}]},{\"@type\":\"ImageObject\",\"inLanguage\":\"de\",\"@id\":\"http:\\\/\\\/lalmachine.com\\\/de\\\/shop\\\/decorer\\\/art-and-co\\\/tableau-pastel-orage-sun-le-lac-1978\\\/#primaryimage\",\"url\":\"https:\\\/\\\/lalmachine.com\\\/wp-content\\\/uploads\\\/2022\\\/09\\\/Pasted-20220928-122346_clipped_rev_1-scaled.jpeg\",\"contentUrl\":\"https:\\\/\\\/lalmachine.com\\\/wp-content\\\/uploads\\\/2022\\\/09\\\/Pasted-20220928-122346_clipped_rev_1-scaled.jpeg\",\"width\":2560,\"height\":2560,\"caption\":\"Tableau pastel Orage sun Le lac 1978\"},{\"@type\":\"BreadcrumbList\",\"@id\":\"http:\\\/\\\/lalmachine.com\\\/de\\\/shop\\\/decorer\\\/art-and-co\\\/tableau-pastel-orage-sun-le-lac-1978\\\/#breadcrumb\",\"itemListElement\":[{\"@type\":\"ListItem\",\"position\":1,\"name\":\"Accueil\",\"item\":\"https:\\\/\\\/lalmachine.com\\\/\"},{\"@type\":\"ListItem\",\"position\":2,\"name\":\"Shop\",\"item\":\"https:\\\/\\\/lalmachine.com\\\/shop\\\/\"},{\"@type\":\"ListItem\",\"position\":3,\"name\":\"Tableau pastel, Orage sun, Le lac 1978\"}]},{\"@type\":\"WebSite\",\"@id\":\"https:\\\/\\\/lalmachine.com\\\/#website\",\"url\":\"https:\\\/\\\/lalmachine.com\\\/\",\"name\":\"lalmachine.com\",\"description\":\"Brocante en ligne Suisse | Mobilier et objets d\u00e9co vintage et design\",\"potentialAction\":[{\"@type\":\"SearchAction\",\"target\":{\"@type\":\"EntryPoint\",\"urlTemplate\":\"https:\\\/\\\/lalmachine.com\\\/?s={search_term_string}\"},\"query-input\":{\"@type\":\"PropertyValueSpecification\",\"valueRequired\":true,\"valueName\":\"search_term_string\"}}],\"inLanguage\":\"de\"}]}<\/script>\n<!-- \/ Yoast SEO plugin. -->","yoast_head_json":{"title":"Tableau pastel, Orage sun, Le lac 1978 | lalmachine.com","description":"Tableau au pastel sur papier \u00e9pais \u00ab Orage sun Le lac \u00bb de 1978. Le cadre dor\u00e9 du tableau est d\u2019origine. Il est ab\u00eem\u00e9 ; cependant cela apporte du charme.","robots":{"index":"index","follow":"follow","max-snippet":"max-snippet:-1","max-image-preview":"max-image-preview:large","max-video-preview":"max-video-preview:-1"},"canonical":"http:\/\/lalmachine.com\/de\/shop\/decorer\/art-and-co\/tableau-pastel-orage-sun-le-lac-1978\/","og_locale":"de_DE","og_type":"article","og_title":"Tableau pastel, Orage sun, Le lac 1978 | lalmachine.com","og_description":"Tableau au pastel sur papier \u00e9pais \u00ab Orage sun Le lac \u00bb de 1978. Le cadre dor\u00e9 du tableau est d\u2019origine. Il est ab\u00eem\u00e9 ; cependant cela apporte du charme.","og_url":"http:\/\/lalmachine.com\/de\/shop\/decorer\/art-and-co\/tableau-pastel-orage-sun-le-lac-1978\/","og_site_name":"lalmachine.com","article_publisher":"https:\/\/facebook.com\/lalmachine","article_modified_time":"2025-07-23T07:23:01+00:00","og_image":[{"width":2560,"height":2560,"url":"https:\/\/lalmachine.com\/wp-content\/uploads\/2022\/09\/Pasted-20220928-122346_clipped_rev_1-scaled.jpeg","type":"image\/jpeg"}],"twitter_card":"summary_large_image","schema":{"@context":"https:\/\/schema.org","@graph":[{"@type":"WebPage","@id":"http:\/\/lalmachine.com\/de\/shop\/decorer\/art-and-co\/tableau-pastel-orage-sun-le-lac-1978\/","url":"http:\/\/lalmachine.com\/de\/shop\/decorer\/art-and-co\/tableau-pastel-orage-sun-le-lac-1978\/","name":"Tableau pastel, Orage sun, Le lac 1978 | lalmachine.com","isPartOf":{"@id":"https:\/\/lalmachine.com\/#website"},"primaryImageOfPage":{"@id":"http:\/\/lalmachine.com\/de\/shop\/decorer\/art-and-co\/tableau-pastel-orage-sun-le-lac-1978\/#primaryimage"},"image":{"@id":"http:\/\/lalmachine.com\/de\/shop\/decorer\/art-and-co\/tableau-pastel-orage-sun-le-lac-1978\/#primaryimage"},"thumbnailUrl":"https:\/\/lalmachine.com\/wp-content\/uploads\/2022\/09\/Pasted-20220928-122346_clipped_rev_1-scaled.jpeg","datePublished":"2022-09-28T10:45:14+00:00","dateModified":"2025-07-23T07:23:01+00:00","description":"Tableau au pastel sur papier \u00e9pais \u00ab Orage sun Le lac \u00bb de 1978. Le cadre dor\u00e9 du tableau est d\u2019origine. Il est ab\u00eem\u00e9 ; cependant cela apporte du charme.","breadcrumb":{"@id":"http:\/\/lalmachine.com\/de\/shop\/decorer\/art-and-co\/tableau-pastel-orage-sun-le-lac-1978\/#breadcrumb"},"inLanguage":"de","potentialAction":[{"@type":"ReadAction","target":["http:\/\/lalmachine.com\/de\/shop\/decorer\/art-and-co\/tableau-pastel-orage-sun-le-lac-1978\/"]}]},{"@type":"ImageObject","inLanguage":"de","@id":"http:\/\/lalmachine.com\/de\/shop\/decorer\/art-and-co\/tableau-pastel-orage-sun-le-lac-1978\/#primaryimage","url":"https:\/\/lalmachine.com\/wp-content\/uploads\/2022\/09\/Pasted-20220928-122346_clipped_rev_1-scaled.jpeg","contentUrl":"https:\/\/lalmachine.com\/wp-content\/uploads\/2022\/09\/Pasted-20220928-122346_clipped_rev_1-scaled.jpeg","width":2560,"height":2560,"caption":"Tableau pastel Orage sun Le lac 1978"},{"@type":"BreadcrumbList","@id":"http:\/\/lalmachine.com\/de\/shop\/decorer\/art-and-co\/tableau-pastel-orage-sun-le-lac-1978\/#breadcrumb","itemListElement":[{"@type":"ListItem","position":1,"name":"Accueil","item":"https:\/\/lalmachine.com\/"},{"@type":"ListItem","position":2,"name":"Shop","item":"https:\/\/lalmachine.com\/shop\/"},{"@type":"ListItem","position":3,"name":"Tableau pastel, Orage sun, Le lac 1978"}]},{"@type":"WebSite","@id":"https:\/\/lalmachine.com\/#website","url":"https:\/\/lalmachine.com\/","name":"lalmachine.com","description":"Brocante en ligne Suisse | Mobilier et objets d\u00e9co vintage et design","potentialAction":[{"@type":"SearchAction","target":{"@type":"EntryPoint","urlTemplate":"https:\/\/lalmachine.com\/?s={search_term_string}"},"query-input":{"@type":"PropertyValueSpecification","valueRequired":true,"valueName":"search_term_string"}}],"inLanguage":"de"}]}},"_links":{"self":[{"href":"https:\/\/lalmachine.com\/de\/wp-json\/wp\/v2\/product\/286875","targetHints":{"allow":["GET"]}}],"collection":[{"href":"https:\/\/lalmachine.com\/de\/wp-json\/wp\/v2\/product"}],"about":[{"href":"https:\/\/lalmachine.com\/de\/wp-json\/wp\/v2\/types\/product"}],"wp:featuredmedia":[{"embeddable":true,"href":"https:\/\/lalmachine.com\/de\/wp-json\/wp\/v2\/media\/286895"}],"wp:attachment":[{"href":"https:\/\/lalmachine.com\/de\/wp-json\/wp\/v2\/media?parent=286875"}],"wp:term":[{"taxonomy":"product_brand","embeddable":true,"href":"https:\/\/lalmachine.com\/de\/wp-json\/wp\/v2\/product_brand?post=286875"},{"taxonomy":"product_cat","embeddable":true,"href":"https:\/\/lalmachine.com\/de\/wp-json\/wp\/v2\/product_cat?post=286875"},{"taxonomy":"product_tag","embeddable":true,"href":"https:\/\/lalmachine.com\/de\/wp-json\/wp\/v2\/product_tag?post=286875"},{"taxonomy":"proximite","embeddable":true,"href":"https:\/\/lalmachine.com\/de\/wp-json\/wp\/v2\/proximite?post=286875"}],"curies":[{"name":"wp","href":"https:\/\/api.w.org\/{rel}","templated":true}]}}