{"id":286989,"date":"2022-10-04T12:42:24","date_gmt":"2022-10-04T10:42:24","guid":{"rendered":"https:\/\/lalmachine.com\/?post_type=product&#038;p=286989"},"modified":"2024-12-05T21:57:58","modified_gmt":"2024-12-05T20:57:58","slug":"paire-de-tetes-de-lit-une-place-en-osier-tresse","status":"publish","type":"product","link":"https:\/\/lalmachine.com\/de\/shop\/meubler\/lit\/paire-de-tetes-de-lit-une-place-en-osier-tresse\/","title":{"rendered":"Paire de t\u00eates de lit une place en osier tress\u00e9"},"content":{"rendered":"<ul class=\"wpuf_customs\"><li style=\"list-style-type:none;\"><label>Autres photos:<\/label> <a href=\"https:\/\/lalmachine.com\/wp-content\/uploads\/2022\/10\/922718BA-47FA-4B9D-9787-D9A2298AB952-a8c8d216-scaled.jpeg\"><img loading=\"lazy\" decoding=\"async\" width=\"72\" height=\"96\" src=\"https:\/\/lalmachine.com\/wp-content\/uploads\/2022\/10\/922718BA-47FA-4B9D-9787-D9A2298AB952-a8c8d216-scaled.jpeg\" class=\"attachment-thumbnail size-thumbnail\" alt=\"\" \/><\/a> <\/li>        <li class=\"wpuf-field-data wpuf-field-data-numeric_text_field\">\n                            <label>Prix:<\/label>\n                        120        <\/li>\n                <li class=\"wpuf-field-data wpuf-field-data-numeric_text_field\">\n                            <label>Quantit\u00e9:<\/label>\n                        1        <\/li>\n                <li class=\"wpuf-field-data wpuf-field-data-numeric_text_field\">\n                            <label>Hauteur (cm):<\/label>\n                        123        <\/li>\n                <li class=\"wpuf-field-data wpuf-field-data-numeric_text_field\">\n                            <label>Largeur (cm):<\/label>\n                        110        <\/li>\n                <li class=\"wpuf-field-data wpuf-field-data-numeric_text_field\">\n                            <label>Profondeur (cm):<\/label>\n                        9        <\/li>\n        <\/ul>","protected":false},"excerpt":{"rendered":"<ul>\n<li>Paire de t\u00eates de lit (90cm) en osier tress\u00e9, deux teintes, production Pier Import ann\u00e9es 1990, usag\u00e9e mais en bon \u00e9tat.<br \/>\nMarques sur bords et qqs brins d\u00e9faits \u00e0 la base (seront invisibles quand le lit est pos\u00e9 devant)<br \/>\nVendu en paire. Les deux pi\u00e8ces pr\u00e9sentent de tr\u00e8s l\u00e9g\u00e8res diff\u00e9rences de couleurs par endroits entre les deux.<\/li>\n<\/ul>","protected":false},"featured_media":287096,"template":"","meta":{"_et_pb_use_builder":"","_et_pb_old_content":"","_et_gb_content_width":""},"product_brand":[],"product_cat":[84,47],"product_tag":[],"proximite":[201,240],"class_list":{"0":"post-286989","1":"product","2":"type-product","3":"status-publish","4":"has-post-thumbnail","6":"product_cat-lit","7":"product_cat-meubler","8":"pa_couleur-multicolore","9":"pa_etat-bon-etat","10":"pa_materiau-rotin-osier","11":"pa_style-vintage","12":"proximite-jura","13":"proximite-porrentruy","15":"first","16":"instock","17":"shipping-taxable","18":"purchasable","19":"product-type-simple"},"yoast_head":"<!-- This site is optimized with the Yoast SEO plugin v27.4 - https:\/\/yoast.com\/product\/yoast-seo-wordpress\/ -->\n<title>Paire de t\u00eates de lit une place en osier tress\u00e9 | lalmachine.com<\/title>\n<meta name=\"description\" content=\"Paire de t\u00eates de lit (single) en osier tress\u00e9, deux teintes, production Pier Import ann\u00e9es 1990, usag\u00e9e mais en bon \u00e9tat\" \/>\n<meta name=\"robots\" content=\"index, follow, max-snippet:-1, max-image-preview:large, max-video-preview:-1\" \/>\n<link rel=\"canonical\" href=\"https:\/\/lalmachine.com\/de\/shop\/meubler\/lit\/paire-de-tetes-de-lit-une-place-en-osier-tresse\/\" \/>\n<meta property=\"og:locale\" content=\"de_DE\" \/>\n<meta property=\"og:type\" content=\"article\" \/>\n<meta property=\"og:title\" content=\"Paire de t\u00eates de lit une place en osier tress\u00e9 | lalmachine.com\" \/>\n<meta property=\"og:description\" content=\"Paire de t\u00eates de lit (single) en osier tress\u00e9, deux teintes, production Pier Import ann\u00e9es 1990, usag\u00e9e mais en bon \u00e9tat\" \/>\n<meta property=\"og:url\" content=\"https:\/\/lalmachine.com\/de\/shop\/meubler\/lit\/paire-de-tetes-de-lit-une-place-en-osier-tresse\/\" \/>\n<meta property=\"og:site_name\" content=\"lalmachine.com\" \/>\n<meta property=\"article:publisher\" content=\"https:\/\/facebook.com\/lalmachine\" \/>\n<meta property=\"article:modified_time\" content=\"2024-12-05T20:57:58+00:00\" \/>\n<meta property=\"og:image\" content=\"https:\/\/lalmachine.com\/wp-content\/uploads\/2022\/10\/ABE107E5-0172-4D0D-AC8C-130DCEA2A066-9cc3d568-scaled_clipped_rev_1-scaled.jpeg\" \/>\n\t<meta property=\"og:image:width\" content=\"2560\" \/>\n\t<meta property=\"og:image:height\" content=\"2560\" \/>\n\t<meta property=\"og:image:type\" content=\"image\/jpeg\" \/>\n<meta name=\"twitter:card\" content=\"summary_large_image\" \/>\n<script type=\"application\/ld+json\" class=\"yoast-schema-graph\">{\"@context\":\"https:\\\/\\\/schema.org\",\"@graph\":[{\"@type\":\"WebPage\",\"@id\":\"https:\\\/\\\/lalmachine.com\\\/de\\\/shop\\\/meubler\\\/lit\\\/paire-de-tetes-de-lit-une-place-en-osier-tresse\\\/\",\"url\":\"https:\\\/\\\/lalmachine.com\\\/de\\\/shop\\\/meubler\\\/lit\\\/paire-de-tetes-de-lit-une-place-en-osier-tresse\\\/\",\"name\":\"Paire de t\u00eates de lit une place en osier tress\u00e9 | lalmachine.com\",\"isPartOf\":{\"@id\":\"https:\\\/\\\/lalmachine.com\\\/#website\"},\"primaryImageOfPage\":{\"@id\":\"https:\\\/\\\/lalmachine.com\\\/de\\\/shop\\\/meubler\\\/lit\\\/paire-de-tetes-de-lit-une-place-en-osier-tresse\\\/#primaryimage\"},\"image\":{\"@id\":\"https:\\\/\\\/lalmachine.com\\\/de\\\/shop\\\/meubler\\\/lit\\\/paire-de-tetes-de-lit-une-place-en-osier-tresse\\\/#primaryimage\"},\"thumbnailUrl\":\"https:\\\/\\\/lalmachine.com\\\/wp-content\\\/uploads\\\/2022\\\/10\\\/ABE107E5-0172-4D0D-AC8C-130DCEA2A066-9cc3d568-scaled_clipped_rev_1-scaled.jpeg\",\"datePublished\":\"2022-10-04T10:42:24+00:00\",\"dateModified\":\"2024-12-05T20:57:58+00:00\",\"description\":\"Paire de t\u00eates de lit (single) en osier tress\u00e9, deux teintes, production Pier Import ann\u00e9es 1990, usag\u00e9e mais en bon \u00e9tat\",\"breadcrumb\":{\"@id\":\"https:\\\/\\\/lalmachine.com\\\/de\\\/shop\\\/meubler\\\/lit\\\/paire-de-tetes-de-lit-une-place-en-osier-tresse\\\/#breadcrumb\"},\"inLanguage\":\"de\",\"potentialAction\":[{\"@type\":\"ReadAction\",\"target\":[\"https:\\\/\\\/lalmachine.com\\\/de\\\/shop\\\/meubler\\\/lit\\\/paire-de-tetes-de-lit-une-place-en-osier-tresse\\\/\"]}]},{\"@type\":\"ImageObject\",\"inLanguage\":\"de\",\"@id\":\"https:\\\/\\\/lalmachine.com\\\/de\\\/shop\\\/meubler\\\/lit\\\/paire-de-tetes-de-lit-une-place-en-osier-tresse\\\/#primaryimage\",\"url\":\"https:\\\/\\\/lalmachine.com\\\/wp-content\\\/uploads\\\/2022\\\/10\\\/ABE107E5-0172-4D0D-AC8C-130DCEA2A066-9cc3d568-scaled_clipped_rev_1-scaled.jpeg\",\"contentUrl\":\"https:\\\/\\\/lalmachine.com\\\/wp-content\\\/uploads\\\/2022\\\/10\\\/ABE107E5-0172-4D0D-AC8C-130DCEA2A066-9cc3d568-scaled_clipped_rev_1-scaled.jpeg\",\"width\":2560,\"height\":2560,\"caption\":\"t\u00eate de lit en osier tress\u00e9\"},{\"@type\":\"BreadcrumbList\",\"@id\":\"https:\\\/\\\/lalmachine.com\\\/de\\\/shop\\\/meubler\\\/lit\\\/paire-de-tetes-de-lit-une-place-en-osier-tresse\\\/#breadcrumb\",\"itemListElement\":[{\"@type\":\"ListItem\",\"position\":1,\"name\":\"Accueil\",\"item\":\"https:\\\/\\\/lalmachine.com\\\/\"},{\"@type\":\"ListItem\",\"position\":2,\"name\":\"Shop\",\"item\":\"https:\\\/\\\/lalmachine.com\\\/shop\\\/\"},{\"@type\":\"ListItem\",\"position\":3,\"name\":\"Paire de t\u00eates de lit une place en osier tress\u00e9\"}]},{\"@type\":\"WebSite\",\"@id\":\"https:\\\/\\\/lalmachine.com\\\/#website\",\"url\":\"https:\\\/\\\/lalmachine.com\\\/\",\"name\":\"lalmachine.com\",\"description\":\"Brocante en ligne Suisse | Mobilier et objets d\u00e9co vintage et design\",\"potentialAction\":[{\"@type\":\"SearchAction\",\"target\":{\"@type\":\"EntryPoint\",\"urlTemplate\":\"https:\\\/\\\/lalmachine.com\\\/?s={search_term_string}\"},\"query-input\":{\"@type\":\"PropertyValueSpecification\",\"valueRequired\":true,\"valueName\":\"search_term_string\"}}],\"inLanguage\":\"de\"}]}<\/script>\n<!-- \/ Yoast SEO plugin. -->","yoast_head_json":{"title":"Paire de t\u00eates de lit une place en osier tress\u00e9 | lalmachine.com","description":"Paire de t\u00eates de lit (single) en osier tress\u00e9, deux teintes, production Pier Import ann\u00e9es 1990, usag\u00e9e mais en bon \u00e9tat","robots":{"index":"index","follow":"follow","max-snippet":"max-snippet:-1","max-image-preview":"max-image-preview:large","max-video-preview":"max-video-preview:-1"},"canonical":"https:\/\/lalmachine.com\/de\/shop\/meubler\/lit\/paire-de-tetes-de-lit-une-place-en-osier-tresse\/","og_locale":"de_DE","og_type":"article","og_title":"Paire de t\u00eates de lit une place en osier tress\u00e9 | lalmachine.com","og_description":"Paire de t\u00eates de lit (single) en osier tress\u00e9, deux teintes, production Pier Import ann\u00e9es 1990, usag\u00e9e mais en bon \u00e9tat","og_url":"https:\/\/lalmachine.com\/de\/shop\/meubler\/lit\/paire-de-tetes-de-lit-une-place-en-osier-tresse\/","og_site_name":"lalmachine.com","article_publisher":"https:\/\/facebook.com\/lalmachine","article_modified_time":"2024-12-05T20:57:58+00:00","og_image":[{"width":2560,"height":2560,"url":"https:\/\/lalmachine.com\/wp-content\/uploads\/2022\/10\/ABE107E5-0172-4D0D-AC8C-130DCEA2A066-9cc3d568-scaled_clipped_rev_1-scaled.jpeg","type":"image\/jpeg"}],"twitter_card":"summary_large_image","schema":{"@context":"https:\/\/schema.org","@graph":[{"@type":"WebPage","@id":"https:\/\/lalmachine.com\/de\/shop\/meubler\/lit\/paire-de-tetes-de-lit-une-place-en-osier-tresse\/","url":"https:\/\/lalmachine.com\/de\/shop\/meubler\/lit\/paire-de-tetes-de-lit-une-place-en-osier-tresse\/","name":"Paire de t\u00eates de lit une place en osier tress\u00e9 | lalmachine.com","isPartOf":{"@id":"https:\/\/lalmachine.com\/#website"},"primaryImageOfPage":{"@id":"https:\/\/lalmachine.com\/de\/shop\/meubler\/lit\/paire-de-tetes-de-lit-une-place-en-osier-tresse\/#primaryimage"},"image":{"@id":"https:\/\/lalmachine.com\/de\/shop\/meubler\/lit\/paire-de-tetes-de-lit-une-place-en-osier-tresse\/#primaryimage"},"thumbnailUrl":"https:\/\/lalmachine.com\/wp-content\/uploads\/2022\/10\/ABE107E5-0172-4D0D-AC8C-130DCEA2A066-9cc3d568-scaled_clipped_rev_1-scaled.jpeg","datePublished":"2022-10-04T10:42:24+00:00","dateModified":"2024-12-05T20:57:58+00:00","description":"Paire de t\u00eates de lit (single) en osier tress\u00e9, deux teintes, production Pier Import ann\u00e9es 1990, usag\u00e9e mais en bon \u00e9tat","breadcrumb":{"@id":"https:\/\/lalmachine.com\/de\/shop\/meubler\/lit\/paire-de-tetes-de-lit-une-place-en-osier-tresse\/#breadcrumb"},"inLanguage":"de","potentialAction":[{"@type":"ReadAction","target":["https:\/\/lalmachine.com\/de\/shop\/meubler\/lit\/paire-de-tetes-de-lit-une-place-en-osier-tresse\/"]}]},{"@type":"ImageObject","inLanguage":"de","@id":"https:\/\/lalmachine.com\/de\/shop\/meubler\/lit\/paire-de-tetes-de-lit-une-place-en-osier-tresse\/#primaryimage","url":"https:\/\/lalmachine.com\/wp-content\/uploads\/2022\/10\/ABE107E5-0172-4D0D-AC8C-130DCEA2A066-9cc3d568-scaled_clipped_rev_1-scaled.jpeg","contentUrl":"https:\/\/lalmachine.com\/wp-content\/uploads\/2022\/10\/ABE107E5-0172-4D0D-AC8C-130DCEA2A066-9cc3d568-scaled_clipped_rev_1-scaled.jpeg","width":2560,"height":2560,"caption":"t\u00eate de lit en osier tress\u00e9"},{"@type":"BreadcrumbList","@id":"https:\/\/lalmachine.com\/de\/shop\/meubler\/lit\/paire-de-tetes-de-lit-une-place-en-osier-tresse\/#breadcrumb","itemListElement":[{"@type":"ListItem","position":1,"name":"Accueil","item":"https:\/\/lalmachine.com\/"},{"@type":"ListItem","position":2,"name":"Shop","item":"https:\/\/lalmachine.com\/shop\/"},{"@type":"ListItem","position":3,"name":"Paire de t\u00eates de lit une place en osier tress\u00e9"}]},{"@type":"WebSite","@id":"https:\/\/lalmachine.com\/#website","url":"https:\/\/lalmachine.com\/","name":"lalmachine.com","description":"Brocante en ligne Suisse | Mobilier et objets d\u00e9co vintage et design","potentialAction":[{"@type":"SearchAction","target":{"@type":"EntryPoint","urlTemplate":"https:\/\/lalmachine.com\/?s={search_term_string}"},"query-input":{"@type":"PropertyValueSpecification","valueRequired":true,"valueName":"search_term_string"}}],"inLanguage":"de"}]}},"_links":{"self":[{"href":"https:\/\/lalmachine.com\/de\/wp-json\/wp\/v2\/product\/286989","targetHints":{"allow":["GET"]}}],"collection":[{"href":"https:\/\/lalmachine.com\/de\/wp-json\/wp\/v2\/product"}],"about":[{"href":"https:\/\/lalmachine.com\/de\/wp-json\/wp\/v2\/types\/product"}],"wp:featuredmedia":[{"embeddable":true,"href":"https:\/\/lalmachine.com\/de\/wp-json\/wp\/v2\/media\/287096"}],"wp:attachment":[{"href":"https:\/\/lalmachine.com\/de\/wp-json\/wp\/v2\/media?parent=286989"}],"wp:term":[{"taxonomy":"product_brand","embeddable":true,"href":"https:\/\/lalmachine.com\/de\/wp-json\/wp\/v2\/product_brand?post=286989"},{"taxonomy":"product_cat","embeddable":true,"href":"https:\/\/lalmachine.com\/de\/wp-json\/wp\/v2\/product_cat?post=286989"},{"taxonomy":"product_tag","embeddable":true,"href":"https:\/\/lalmachine.com\/de\/wp-json\/wp\/v2\/product_tag?post=286989"},{"taxonomy":"proximite","embeddable":true,"href":"https:\/\/lalmachine.com\/de\/wp-json\/wp\/v2\/proximite?post=286989"}],"curies":[{"name":"wp","href":"https:\/\/api.w.org\/{rel}","templated":true}]}}