{"id":288278,"date":"2022-10-18T19:30:35","date_gmt":"2022-10-18T17:30:35","guid":{"rendered":"https:\/\/lalmachine.com\/?post_type=product&#038;p=288278"},"modified":"2024-12-05T21:58:58","modified_gmt":"2024-12-05T20:58:58","slug":"paire-de-tables-basses-revalorisees","status":"publish","type":"product","link":"https:\/\/lalmachine.com\/de\/shop\/meubler\/table-basse-dappoint\/paire-de-tables-basses-revalorisees\/","title":{"rendered":"Paire de tables basses en bois et m\u00e9tal chrom\u00e9"},"content":{"rendered":"<ul class=\"wpuf_customs\"><li style=\"list-style-type:none;\"><label>Autres photos:<\/label> <a href=\"https:\/\/lalmachine.com\/wp-content\/uploads\/2022\/10\/la-boutique-du-mail-table-basse-bamboo-e2b2b461.jpg\"><img loading=\"lazy\" decoding=\"async\" width=\"76\" height=\"96\" src=\"https:\/\/lalmachine.com\/wp-content\/uploads\/2022\/10\/la-boutique-du-mail-table-basse-bamboo-e2b2b461.jpg\" class=\"attachment-thumbnail size-thumbnail\" alt=\"\" \/><\/a> <a href=\"https:\/\/lalmachine.com\/wp-content\/uploads\/2022\/10\/la-boutique-du-mail-table-basse-bamboo-upcycling-cdd41562.jpg\"><img loading=\"lazy\" decoding=\"async\" width=\"76\" height=\"96\" src=\"https:\/\/lalmachine.com\/wp-content\/uploads\/2022\/10\/la-boutique-du-mail-table-basse-bamboo-upcycling-cdd41562.jpg\" class=\"attachment-thumbnail size-thumbnail\" alt=\"\" \/><\/a> <\/li>        <li class=\"wpuf-field-data wpuf-field-data-numeric_text_field\">\n                            <label>Prix:<\/label>\n                        1300        <\/li>\n                <li class=\"wpuf-field-data wpuf-field-data-numeric_text_field\">\n                            <label>Quantit\u00e9:<\/label>\n                        1        <\/li>\n                <li class=\"wpuf-field-data wpuf-field-data-numeric_text_field\">\n                            <label>Hauteur (cm):<\/label>\n                        45        <\/li>\n                <li class=\"wpuf-field-data wpuf-field-data-numeric_text_field\">\n                            <label>Largeur (cm):<\/label>\n                        45        <\/li>\n                <li class=\"wpuf-field-data wpuf-field-data-numeric_text_field\">\n                            <label>Profondeur (cm):<\/label>\n                        45        <\/li>\n        <\/ul>","protected":false},"excerpt":{"rendered":"<p>Tables d\u2019appoint parfaites comme bouts de canap\u00e9 ou tables de nuit.<br \/>\nLes plateaux en bois vernis \u00e0 la finition ultra brillante, sont d\u00e9cor\u00e9s d\u2019un motif g\u00e9om\u00e9trique color\u00e9. Les pi\u00e8tements en m\u00e9tal chrom\u00e9 ont \u00e9t\u00e9 refaits \u00e0 neuf ! Le r\u00e9sultat est un m\u00e9lange de style o\u00f9 l\u2019ornement et le riche potentiel de la couleur, rappellent l\u2019esth\u00e9tique des ann\u00e9es 70.<\/p>\n<p>Pi\u00e8ce unique.<br \/>\nPossibilit\u00e9 d\u2019achat \u00e0 l\u2019unit\u00e9 CHF 500.-<\/p>\n<p>Cr\u00e9ation: Studio Boem by Sophie Jaton<br \/>\nStudio Boem est un atelier de \u00ab revalorisation \u00bb de mobiliers bas\u00e9 \u00e0 Gen\u00e8ve.<\/p>","protected":false},"featured_media":288428,"template":"","meta":{"_et_pb_use_builder":"","_et_pb_old_content":"","_et_gb_content_width":""},"product_brand":[],"product_cat":[47,459],"product_tag":[],"proximite":[180],"class_list":{"0":"post-288278","1":"product","2":"type-product","3":"status-publish","4":"has-post-thumbnail","6":"product_cat-meubler","7":"product_cat-table-basse-dappoint","8":"pa_couleur-vert","9":"pa_etat-tres-bon-etat","10":"pa_materiau-bois","11":"pa_materiau-metal","12":"pa_style-design","13":"pa_style-vintage","14":"proximite-geneve","16":"first","17":"instock","18":"sale","19":"shipping-taxable","20":"purchasable","21":"product-type-simple"},"yoast_head":"<!-- This site is optimized with the Yoast SEO plugin v27.4 - https:\/\/yoast.com\/product\/yoast-seo-wordpress\/ -->\n<title>Paire de tables basses en bois et m\u00e9tal chrom\u00e9 | lalmachine.com<\/title>\n<meta name=\"description\" content=\"Paire de tables basses en bois et m\u00e9tal chrom\u00e9. Table d\u2019appoint parfaite comme \u00ab bout de canap\u00e9 \u00bb ou table de nuit.\" \/>\n<meta name=\"robots\" content=\"index, follow, max-snippet:-1, max-image-preview:large, max-video-preview:-1\" \/>\n<link rel=\"canonical\" href=\"http:\/\/lalmachine.com\/de\/shop\/meubler\/table-basse-dappoint\/paire-de-tables-basses-revalorisees\/\" \/>\n<meta property=\"og:locale\" content=\"de_DE\" \/>\n<meta property=\"og:type\" content=\"article\" \/>\n<meta property=\"og:title\" content=\"Paire de tables basses en bois et m\u00e9tal chrom\u00e9 | lalmachine.com\" \/>\n<meta property=\"og:description\" content=\"Paire de tables basses en bois et m\u00e9tal chrom\u00e9. Table d\u2019appoint parfaite comme \u00ab bout de canap\u00e9 \u00bb ou table de nuit.\" \/>\n<meta property=\"og:url\" content=\"http:\/\/lalmachine.com\/de\/shop\/meubler\/table-basse-dappoint\/paire-de-tables-basses-revalorisees\/\" \/>\n<meta property=\"og:site_name\" content=\"lalmachine.com\" \/>\n<meta property=\"article:publisher\" content=\"https:\/\/facebook.com\/lalmachine\" \/>\n<meta property=\"article:modified_time\" content=\"2024-12-05T20:58:58+00:00\" \/>\n<meta property=\"og:image\" content=\"https:\/\/lalmachine.com\/wp-content\/uploads\/2022\/10\/Pasted-20221019-141627_clipped_rev_1.jpeg\" \/>\n\t<meta property=\"og:image:width\" content=\"2054\" \/>\n\t<meta property=\"og:image:height\" content=\"2053\" \/>\n\t<meta property=\"og:image:type\" content=\"image\/jpeg\" \/>\n<meta name=\"twitter:card\" content=\"summary_large_image\" \/>\n<script type=\"application\/ld+json\" class=\"yoast-schema-graph\">{\"@context\":\"https:\\\/\\\/schema.org\",\"@graph\":[{\"@type\":\"WebPage\",\"@id\":\"http:\\\/\\\/lalmachine.com\\\/de\\\/shop\\\/meubler\\\/table-basse-dappoint\\\/paire-de-tables-basses-revalorisees\\\/\",\"url\":\"http:\\\/\\\/lalmachine.com\\\/de\\\/shop\\\/meubler\\\/table-basse-dappoint\\\/paire-de-tables-basses-revalorisees\\\/\",\"name\":\"Paire de tables basses en bois et m\u00e9tal chrom\u00e9 | lalmachine.com\",\"isPartOf\":{\"@id\":\"https:\\\/\\\/lalmachine.com\\\/#website\"},\"primaryImageOfPage\":{\"@id\":\"http:\\\/\\\/lalmachine.com\\\/de\\\/shop\\\/meubler\\\/table-basse-dappoint\\\/paire-de-tables-basses-revalorisees\\\/#primaryimage\"},\"image\":{\"@id\":\"http:\\\/\\\/lalmachine.com\\\/de\\\/shop\\\/meubler\\\/table-basse-dappoint\\\/paire-de-tables-basses-revalorisees\\\/#primaryimage\"},\"thumbnailUrl\":\"https:\\\/\\\/lalmachine.com\\\/wp-content\\\/uploads\\\/2022\\\/10\\\/Pasted-20221019-141627_clipped_rev_1.jpeg\",\"datePublished\":\"2022-10-18T17:30:35+00:00\",\"dateModified\":\"2024-12-05T20:58:58+00:00\",\"description\":\"Paire de tables basses en bois et m\u00e9tal chrom\u00e9. Table d\u2019appoint parfaite comme \u00ab bout de canap\u00e9 \u00bb ou table de nuit.\",\"breadcrumb\":{\"@id\":\"http:\\\/\\\/lalmachine.com\\\/de\\\/shop\\\/meubler\\\/table-basse-dappoint\\\/paire-de-tables-basses-revalorisees\\\/#breadcrumb\"},\"inLanguage\":\"de\",\"potentialAction\":[{\"@type\":\"ReadAction\",\"target\":[\"http:\\\/\\\/lalmachine.com\\\/de\\\/shop\\\/meubler\\\/table-basse-dappoint\\\/paire-de-tables-basses-revalorisees\\\/\"]}]},{\"@type\":\"ImageObject\",\"inLanguage\":\"de\",\"@id\":\"http:\\\/\\\/lalmachine.com\\\/de\\\/shop\\\/meubler\\\/table-basse-dappoint\\\/paire-de-tables-basses-revalorisees\\\/#primaryimage\",\"url\":\"https:\\\/\\\/lalmachine.com\\\/wp-content\\\/uploads\\\/2022\\\/10\\\/Pasted-20221019-141627_clipped_rev_1.jpeg\",\"contentUrl\":\"https:\\\/\\\/lalmachine.com\\\/wp-content\\\/uploads\\\/2022\\\/10\\\/Pasted-20221019-141627_clipped_rev_1.jpeg\",\"width\":2054,\"height\":2053,\"caption\":\"Paire de tables basses en bois et m\u00e9tal chrom\u00e9\"},{\"@type\":\"BreadcrumbList\",\"@id\":\"http:\\\/\\\/lalmachine.com\\\/de\\\/shop\\\/meubler\\\/table-basse-dappoint\\\/paire-de-tables-basses-revalorisees\\\/#breadcrumb\",\"itemListElement\":[{\"@type\":\"ListItem\",\"position\":1,\"name\":\"Accueil\",\"item\":\"https:\\\/\\\/lalmachine.com\\\/\"},{\"@type\":\"ListItem\",\"position\":2,\"name\":\"Shop\",\"item\":\"https:\\\/\\\/lalmachine.com\\\/shop\\\/\"},{\"@type\":\"ListItem\",\"position\":3,\"name\":\"Paire de tables basses en bois et m\u00e9tal chrom\u00e9\"}]},{\"@type\":\"WebSite\",\"@id\":\"https:\\\/\\\/lalmachine.com\\\/#website\",\"url\":\"https:\\\/\\\/lalmachine.com\\\/\",\"name\":\"lalmachine.com\",\"description\":\"Brocante en ligne Suisse | Mobilier et objets d\u00e9co vintage et design\",\"potentialAction\":[{\"@type\":\"SearchAction\",\"target\":{\"@type\":\"EntryPoint\",\"urlTemplate\":\"https:\\\/\\\/lalmachine.com\\\/?s={search_term_string}\"},\"query-input\":{\"@type\":\"PropertyValueSpecification\",\"valueRequired\":true,\"valueName\":\"search_term_string\"}}],\"inLanguage\":\"de\"}]}<\/script>\n<!-- \/ Yoast SEO plugin. -->","yoast_head_json":{"title":"Paire de tables basses en bois et m\u00e9tal chrom\u00e9 | lalmachine.com","description":"Paire de tables basses en bois et m\u00e9tal chrom\u00e9. Table d\u2019appoint parfaite comme \u00ab bout de canap\u00e9 \u00bb ou table de nuit.","robots":{"index":"index","follow":"follow","max-snippet":"max-snippet:-1","max-image-preview":"max-image-preview:large","max-video-preview":"max-video-preview:-1"},"canonical":"http:\/\/lalmachine.com\/de\/shop\/meubler\/table-basse-dappoint\/paire-de-tables-basses-revalorisees\/","og_locale":"de_DE","og_type":"article","og_title":"Paire de tables basses en bois et m\u00e9tal chrom\u00e9 | lalmachine.com","og_description":"Paire de tables basses en bois et m\u00e9tal chrom\u00e9. Table d\u2019appoint parfaite comme \u00ab bout de canap\u00e9 \u00bb ou table de nuit.","og_url":"http:\/\/lalmachine.com\/de\/shop\/meubler\/table-basse-dappoint\/paire-de-tables-basses-revalorisees\/","og_site_name":"lalmachine.com","article_publisher":"https:\/\/facebook.com\/lalmachine","article_modified_time":"2024-12-05T20:58:58+00:00","og_image":[{"width":2054,"height":2053,"url":"https:\/\/lalmachine.com\/wp-content\/uploads\/2022\/10\/Pasted-20221019-141627_clipped_rev_1.jpeg","type":"image\/jpeg"}],"twitter_card":"summary_large_image","schema":{"@context":"https:\/\/schema.org","@graph":[{"@type":"WebPage","@id":"http:\/\/lalmachine.com\/de\/shop\/meubler\/table-basse-dappoint\/paire-de-tables-basses-revalorisees\/","url":"http:\/\/lalmachine.com\/de\/shop\/meubler\/table-basse-dappoint\/paire-de-tables-basses-revalorisees\/","name":"Paire de tables basses en bois et m\u00e9tal chrom\u00e9 | lalmachine.com","isPartOf":{"@id":"https:\/\/lalmachine.com\/#website"},"primaryImageOfPage":{"@id":"http:\/\/lalmachine.com\/de\/shop\/meubler\/table-basse-dappoint\/paire-de-tables-basses-revalorisees\/#primaryimage"},"image":{"@id":"http:\/\/lalmachine.com\/de\/shop\/meubler\/table-basse-dappoint\/paire-de-tables-basses-revalorisees\/#primaryimage"},"thumbnailUrl":"https:\/\/lalmachine.com\/wp-content\/uploads\/2022\/10\/Pasted-20221019-141627_clipped_rev_1.jpeg","datePublished":"2022-10-18T17:30:35+00:00","dateModified":"2024-12-05T20:58:58+00:00","description":"Paire de tables basses en bois et m\u00e9tal chrom\u00e9. Table d\u2019appoint parfaite comme \u00ab bout de canap\u00e9 \u00bb ou table de nuit.","breadcrumb":{"@id":"http:\/\/lalmachine.com\/de\/shop\/meubler\/table-basse-dappoint\/paire-de-tables-basses-revalorisees\/#breadcrumb"},"inLanguage":"de","potentialAction":[{"@type":"ReadAction","target":["http:\/\/lalmachine.com\/de\/shop\/meubler\/table-basse-dappoint\/paire-de-tables-basses-revalorisees\/"]}]},{"@type":"ImageObject","inLanguage":"de","@id":"http:\/\/lalmachine.com\/de\/shop\/meubler\/table-basse-dappoint\/paire-de-tables-basses-revalorisees\/#primaryimage","url":"https:\/\/lalmachine.com\/wp-content\/uploads\/2022\/10\/Pasted-20221019-141627_clipped_rev_1.jpeg","contentUrl":"https:\/\/lalmachine.com\/wp-content\/uploads\/2022\/10\/Pasted-20221019-141627_clipped_rev_1.jpeg","width":2054,"height":2053,"caption":"Paire de tables basses en bois et m\u00e9tal chrom\u00e9"},{"@type":"BreadcrumbList","@id":"http:\/\/lalmachine.com\/de\/shop\/meubler\/table-basse-dappoint\/paire-de-tables-basses-revalorisees\/#breadcrumb","itemListElement":[{"@type":"ListItem","position":1,"name":"Accueil","item":"https:\/\/lalmachine.com\/"},{"@type":"ListItem","position":2,"name":"Shop","item":"https:\/\/lalmachine.com\/shop\/"},{"@type":"ListItem","position":3,"name":"Paire de tables basses en bois et m\u00e9tal chrom\u00e9"}]},{"@type":"WebSite","@id":"https:\/\/lalmachine.com\/#website","url":"https:\/\/lalmachine.com\/","name":"lalmachine.com","description":"Brocante en ligne Suisse | Mobilier et objets d\u00e9co vintage et design","potentialAction":[{"@type":"SearchAction","target":{"@type":"EntryPoint","urlTemplate":"https:\/\/lalmachine.com\/?s={search_term_string}"},"query-input":{"@type":"PropertyValueSpecification","valueRequired":true,"valueName":"search_term_string"}}],"inLanguage":"de"}]}},"_links":{"self":[{"href":"https:\/\/lalmachine.com\/de\/wp-json\/wp\/v2\/product\/288278","targetHints":{"allow":["GET"]}}],"collection":[{"href":"https:\/\/lalmachine.com\/de\/wp-json\/wp\/v2\/product"}],"about":[{"href":"https:\/\/lalmachine.com\/de\/wp-json\/wp\/v2\/types\/product"}],"wp:featuredmedia":[{"embeddable":true,"href":"https:\/\/lalmachine.com\/de\/wp-json\/wp\/v2\/media\/288428"}],"wp:attachment":[{"href":"https:\/\/lalmachine.com\/de\/wp-json\/wp\/v2\/media?parent=288278"}],"wp:term":[{"taxonomy":"product_brand","embeddable":true,"href":"https:\/\/lalmachine.com\/de\/wp-json\/wp\/v2\/product_brand?post=288278"},{"taxonomy":"product_cat","embeddable":true,"href":"https:\/\/lalmachine.com\/de\/wp-json\/wp\/v2\/product_cat?post=288278"},{"taxonomy":"product_tag","embeddable":true,"href":"https:\/\/lalmachine.com\/de\/wp-json\/wp\/v2\/product_tag?post=288278"},{"taxonomy":"proximite","embeddable":true,"href":"https:\/\/lalmachine.com\/de\/wp-json\/wp\/v2\/proximite?post=288278"}],"curies":[{"name":"wp","href":"https:\/\/api.w.org\/{rel}","templated":true}]}}