{"id":288320,"date":"2022-10-18T22:07:17","date_gmt":"2022-10-18T20:07:17","guid":{"rendered":"https:\/\/lalmachine.com\/?post_type=product&#038;p=288320"},"modified":"2024-12-05T21:58:58","modified_gmt":"2024-12-05T20:58:58","slug":"lampe-sur-pied-5","status":"publish","type":"product","link":"https:\/\/lalmachine.com\/de\/shop\/eclairer\/lampe-sur-pied\/lampe-sur-pied-5\/","title":{"rendered":"Stehlampe"},"content":{"rendered":"<ul class=\"wpuf_customs\"><li style=\"list-style-type:none;\"><label>Autres photos:<\/label> <a href=\"https:\/\/lalmachine.com\/wp-content\/uploads\/2022\/10\/IMG20221018153202-4994774e-scaled.jpg\"><img loading=\"lazy\" decoding=\"async\" width=\"72\" height=\"96\" src=\"https:\/\/lalmachine.com\/wp-content\/uploads\/2022\/10\/IMG20221018153202-4994774e-scaled.jpg\" class=\"attachment-thumbnail size-thumbnail\" alt=\"\" \/><\/a> <a href=\"https:\/\/lalmachine.com\/wp-content\/uploads\/2022\/10\/IMG20221018153221-3a5d3095-scaled.jpg\"><img loading=\"lazy\" decoding=\"async\" width=\"72\" height=\"96\" src=\"https:\/\/lalmachine.com\/wp-content\/uploads\/2022\/10\/IMG20221018153221-3a5d3095-scaled.jpg\" class=\"attachment-thumbnail size-thumbnail\" alt=\"\" \/><\/a> <a href=\"https:\/\/lalmachine.com\/wp-content\/uploads\/2022\/10\/IMG20221018153228-bb3a18fd-scaled.jpg\"><img loading=\"lazy\" decoding=\"async\" width=\"72\" height=\"96\" src=\"https:\/\/lalmachine.com\/wp-content\/uploads\/2022\/10\/IMG20221018153228-bb3a18fd-scaled.jpg\" class=\"attachment-thumbnail size-thumbnail\" alt=\"\" \/><\/a> <a href=\"https:\/\/lalmachine.com\/wp-content\/uploads\/2022\/10\/IMG20221018153240-dcd7b9d5-scaled.jpg\"><img loading=\"lazy\" decoding=\"async\" width=\"72\" height=\"96\" src=\"https:\/\/lalmachine.com\/wp-content\/uploads\/2022\/10\/IMG20221018153240-dcd7b9d5-scaled.jpg\" class=\"attachment-thumbnail size-thumbnail\" alt=\"\" \/><\/a> <a href=\"https:\/\/lalmachine.com\/wp-content\/uploads\/2022\/10\/IMG20221018153304-02eabbac-scaled.jpg\"><img loading=\"lazy\" decoding=\"async\" width=\"72\" height=\"96\" src=\"https:\/\/lalmachine.com\/wp-content\/uploads\/2022\/10\/IMG20221018153304-02eabbac-scaled.jpg\" class=\"attachment-thumbnail size-thumbnail\" alt=\"\" \/><\/a> <a href=\"https:\/\/lalmachine.com\/wp-content\/uploads\/2022\/10\/IMG20221018153310-c58cf4c2-scaled.jpg\"><img loading=\"lazy\" decoding=\"async\" width=\"72\" height=\"96\" src=\"https:\/\/lalmachine.com\/wp-content\/uploads\/2022\/10\/IMG20221018153310-c58cf4c2-scaled.jpg\" class=\"attachment-thumbnail size-thumbnail\" alt=\"\" \/><\/a> <a href=\"https:\/\/lalmachine.com\/wp-content\/uploads\/2022\/10\/IMG20221018153341-720b6ca9-scaled.jpg\"><img loading=\"lazy\" decoding=\"async\" width=\"72\" height=\"96\" src=\"https:\/\/lalmachine.com\/wp-content\/uploads\/2022\/10\/IMG20221018153341-720b6ca9-scaled.jpg\" class=\"attachment-thumbnail size-thumbnail\" alt=\"\" \/><\/a> <a href=\"https:\/\/lalmachine.com\/wp-content\/uploads\/2022\/10\/IMG20221018153348-98481d11-scaled.jpg\"><img loading=\"lazy\" decoding=\"async\" width=\"72\" height=\"96\" src=\"https:\/\/lalmachine.com\/wp-content\/uploads\/2022\/10\/IMG20221018153348-98481d11-scaled.jpg\" class=\"attachment-thumbnail size-thumbnail\" alt=\"\" \/><\/a> <a href=\"https:\/\/lalmachine.com\/wp-content\/uploads\/2022\/10\/IMG20221018153414-9e1f05ad-scaled.jpg\"><img loading=\"lazy\" decoding=\"async\" width=\"72\" height=\"96\" src=\"https:\/\/lalmachine.com\/wp-content\/uploads\/2022\/10\/IMG20221018153414-9e1f05ad-scaled.jpg\" class=\"attachment-thumbnail size-thumbnail\" alt=\"\" \/><\/a> <a href=\"https:\/\/lalmachine.com\/wp-content\/uploads\/2022\/10\/IMG20221018153433-7a0b0796-scaled.jpg\"><img loading=\"lazy\" decoding=\"async\" width=\"72\" height=\"96\" src=\"https:\/\/lalmachine.com\/wp-content\/uploads\/2022\/10\/IMG20221018153433-7a0b0796-scaled.jpg\" class=\"attachment-thumbnail size-thumbnail\" alt=\"\" \/><\/a> <a href=\"https:\/\/lalmachine.com\/wp-content\/uploads\/2022\/10\/IMG20221018153248-eacbfc05-scaled.jpg\"><img loading=\"lazy\" decoding=\"async\" width=\"72\" height=\"96\" src=\"https:\/\/lalmachine.com\/wp-content\/uploads\/2022\/10\/IMG20221018153248-eacbfc05-scaled.jpg\" class=\"attachment-thumbnail size-thumbnail\" alt=\"\" \/><\/a> <a href=\"https:\/\/lalmachine.com\/wp-content\/uploads\/2022\/10\/IMG20221018153534-67c276a8-scaled.jpg\"><img loading=\"lazy\" decoding=\"async\" width=\"72\" height=\"96\" src=\"https:\/\/lalmachine.com\/wp-content\/uploads\/2022\/10\/IMG20221018153534-67c276a8-scaled.jpg\" class=\"attachment-thumbnail size-thumbnail\" alt=\"\" \/><\/a> <a href=\"https:\/\/lalmachine.com\/wp-content\/uploads\/2022\/10\/IMG20221018153648-658be176-scaled.jpg\"><img loading=\"lazy\" decoding=\"async\" width=\"72\" height=\"96\" src=\"https:\/\/lalmachine.com\/wp-content\/uploads\/2022\/10\/IMG20221018153648-658be176-scaled.jpg\" class=\"attachment-thumbnail size-thumbnail\" alt=\"\" \/><\/a> <\/li>        <li class=\"wpuf-field-data wpuf-field-data-numeric_text_field\">\n                            <label>Prix:<\/label>\n                        200        <\/li>\n                <li class=\"wpuf-field-data wpuf-field-data-numeric_text_field\">\n                            <label>Hauteur (cm):<\/label>\n                        160        <\/li>\n                <li class=\"wpuf-field-data wpuf-field-data-numeric_text_field\">\n                            <label>Largeur (cm):<\/label>\n                        65        <\/li>\n                <li class=\"wpuf-field-data wpuf-field-data-numeric_text_field\">\n                            <label>Profondeur (cm):<\/label>\n                        50        <\/li>\n        <\/ul>","protected":false},"excerpt":{"rendered":"<p>Lampe sur pied vintage avec deux spots en m\u00e9tal noir et m\u00e9tal chrom\u00e9 avec tiges r\u00e9glables. Un des m\u00e9canisme en plastique sui permet d&rsquo;orienter la direction et la hauteur des spots est l\u00e9g\u00e8rement fissur\u00e9 (voir photo). La lampe, malgr\u00e9 ce d\u00e9faut, est stable et solide et parfaitement fonctionnelle.<\/p>\n<p>Livraison possible (sous 2-3 semaines, \u00e0 r\u00e9gler le jour de la livraison) :<br \/>\n\u2013 Berne : 30 CHF<br \/>\n\u2013 Lausanne : 50 CHF<br \/>\n\u2013 Gen\u00e8ve, Z\u00fcrich, B\u00e2le : 100 CHF<br \/>\n\u2013 Autres villes sur demande<\/p>","protected":false},"featured_media":288306,"template":"","meta":{"_et_pb_use_builder":"","_et_pb_old_content":"","_et_gb_content_width":""},"product_brand":[],"product_cat":[49,89],"product_tag":[],"proximite":[177,235],"class_list":{"0":"post-288320","1":"product","2":"type-product","3":"status-publish","4":"has-post-thumbnail","6":"product_cat-eclairer","7":"product_cat-lampe-sur-pied","8":"pa_couleur-argent","9":"pa_etat-bon-etat","10":"pa_materiau-metal","11":"pa_style-vintage","12":"proximite-fribourg","13":"proximite-sarine","15":"first","16":"outofstock","17":"shipping-taxable","18":"purchasable","19":"product-type-simple"},"yoast_head":"<!-- This site is optimized with the Yoast SEO plugin v27.3 - https:\/\/yoast.com\/product\/yoast-seo-wordpress\/ -->\n<title>Lampe sur pied | lalmachine.com, mobilier et objets d\u00e9co vintage et design<\/title>\n<meta name=\"description\" content=\"Lampe sur pied vintage avec deux spots en m\u00e9tal noir et m\u00e9tal chrom\u00e9 avec tiges r\u00e9glables.\" \/>\n<meta name=\"robots\" content=\"index, follow, max-snippet:-1, max-image-preview:large, max-video-preview:-1\" \/>\n<link rel=\"canonical\" href=\"https:\/\/lalmachine.com\/de\/shop\/eclairer\/lampe-sur-pied\/lampe-sur-pied-5\/\" \/>\n<meta property=\"og:locale\" content=\"de_DE\" \/>\n<meta property=\"og:type\" content=\"article\" \/>\n<meta property=\"og:title\" content=\"Lampe sur pied | lalmachine.com, mobilier et objets d\u00e9co vintage et design\" \/>\n<meta property=\"og:description\" content=\"Lampe sur pied vintage avec deux spots en m\u00e9tal noir et m\u00e9tal chrom\u00e9 avec tiges r\u00e9glables.\" \/>\n<meta property=\"og:url\" content=\"https:\/\/lalmachine.com\/de\/shop\/eclairer\/lampe-sur-pied\/lampe-sur-pied-5\/\" \/>\n<meta property=\"og:site_name\" content=\"lalmachine.com\" \/>\n<meta property=\"article:publisher\" content=\"https:\/\/facebook.com\/lalmachine\" \/>\n<meta property=\"article:modified_time\" content=\"2024-12-05T20:58:58+00:00\" \/>\n<meta property=\"og:image\" content=\"https:\/\/lalmachine.com\/wp-content\/uploads\/2022\/10\/IMG20221018153202_clipped_rev_1-7beb5557-scaled.jpg\" \/>\n\t<meta property=\"og:image:width\" content=\"2560\" \/>\n\t<meta property=\"og:image:height\" content=\"2560\" \/>\n\t<meta property=\"og:image:type\" content=\"image\/jpeg\" \/>\n<meta name=\"twitter:card\" content=\"summary_large_image\" \/>\n<script type=\"application\/ld+json\" class=\"yoast-schema-graph\">{\"@context\":\"https:\\\/\\\/schema.org\",\"@graph\":[{\"@type\":\"WebPage\",\"@id\":\"https:\\\/\\\/lalmachine.com\\\/shop\\\/eclairer\\\/lampe-sur-pied\\\/lampe-sur-pied-5\\\/\",\"url\":\"https:\\\/\\\/lalmachine.com\\\/shop\\\/eclairer\\\/lampe-sur-pied\\\/lampe-sur-pied-5\\\/\",\"name\":\"Lampe sur pied | lalmachine.com, mobilier et objets d\u00e9co vintage et design\",\"isPartOf\":{\"@id\":\"https:\\\/\\\/lalmachine.com\\\/#website\"},\"primaryImageOfPage\":{\"@id\":\"https:\\\/\\\/lalmachine.com\\\/shop\\\/eclairer\\\/lampe-sur-pied\\\/lampe-sur-pied-5\\\/#primaryimage\"},\"image\":{\"@id\":\"https:\\\/\\\/lalmachine.com\\\/shop\\\/eclairer\\\/lampe-sur-pied\\\/lampe-sur-pied-5\\\/#primaryimage\"},\"thumbnailUrl\":\"https:\\\/\\\/lalmachine.com\\\/wp-content\\\/uploads\\\/2022\\\/10\\\/IMG20221018153202_clipped_rev_1-7beb5557-scaled.jpg\",\"datePublished\":\"2022-10-18T20:07:17+00:00\",\"dateModified\":\"2024-12-05T20:58:58+00:00\",\"description\":\"Lampe sur pied vintage avec deux spots en m\u00e9tal noir et m\u00e9tal chrom\u00e9 avec tiges r\u00e9glables.\",\"breadcrumb\":{\"@id\":\"https:\\\/\\\/lalmachine.com\\\/shop\\\/eclairer\\\/lampe-sur-pied\\\/lampe-sur-pied-5\\\/#breadcrumb\"},\"inLanguage\":\"de\",\"potentialAction\":[{\"@type\":\"ReadAction\",\"target\":[\"https:\\\/\\\/lalmachine.com\\\/shop\\\/eclairer\\\/lampe-sur-pied\\\/lampe-sur-pied-5\\\/\"]}]},{\"@type\":\"ImageObject\",\"inLanguage\":\"de\",\"@id\":\"https:\\\/\\\/lalmachine.com\\\/shop\\\/eclairer\\\/lampe-sur-pied\\\/lampe-sur-pied-5\\\/#primaryimage\",\"url\":\"https:\\\/\\\/lalmachine.com\\\/wp-content\\\/uploads\\\/2022\\\/10\\\/IMG20221018153202_clipped_rev_1-7beb5557-scaled.jpg\",\"contentUrl\":\"https:\\\/\\\/lalmachine.com\\\/wp-content\\\/uploads\\\/2022\\\/10\\\/IMG20221018153202_clipped_rev_1-7beb5557-scaled.jpg\",\"width\":2560,\"height\":2560,\"caption\":\"Lampe sur pied vintage\"},{\"@type\":\"BreadcrumbList\",\"@id\":\"https:\\\/\\\/lalmachine.com\\\/shop\\\/eclairer\\\/lampe-sur-pied\\\/lampe-sur-pied-5\\\/#breadcrumb\",\"itemListElement\":[{\"@type\":\"ListItem\",\"position\":1,\"name\":\"Accueil\",\"item\":\"https:\\\/\\\/lalmachine.com\\\/\"},{\"@type\":\"ListItem\",\"position\":2,\"name\":\"Shop\",\"item\":\"https:\\\/\\\/lalmachine.com\\\/shop\\\/\"},{\"@type\":\"ListItem\",\"position\":3,\"name\":\"Lampe sur pied\"}]},{\"@type\":\"WebSite\",\"@id\":\"https:\\\/\\\/lalmachine.com\\\/#website\",\"url\":\"https:\\\/\\\/lalmachine.com\\\/\",\"name\":\"lalmachine.com\",\"description\":\"Brocante en ligne Suisse | Mobilier et objets d\u00e9co vintage et design\",\"potentialAction\":[{\"@type\":\"SearchAction\",\"target\":{\"@type\":\"EntryPoint\",\"urlTemplate\":\"https:\\\/\\\/lalmachine.com\\\/?s={search_term_string}\"},\"query-input\":{\"@type\":\"PropertyValueSpecification\",\"valueRequired\":true,\"valueName\":\"search_term_string\"}}],\"inLanguage\":\"de\"}]}<\/script>\n<!-- \/ Yoast SEO plugin. -->","yoast_head_json":{"title":"Lampe sur pied | lalmachine.com, mobilier et objets d\u00e9co vintage et design","description":"Lampe sur pied vintage avec deux spots en m\u00e9tal noir et m\u00e9tal chrom\u00e9 avec tiges r\u00e9glables.","robots":{"index":"index","follow":"follow","max-snippet":"max-snippet:-1","max-image-preview":"max-image-preview:large","max-video-preview":"max-video-preview:-1"},"canonical":"https:\/\/lalmachine.com\/de\/shop\/eclairer\/lampe-sur-pied\/lampe-sur-pied-5\/","og_locale":"de_DE","og_type":"article","og_title":"Lampe sur pied | lalmachine.com, mobilier et objets d\u00e9co vintage et design","og_description":"Lampe sur pied vintage avec deux spots en m\u00e9tal noir et m\u00e9tal chrom\u00e9 avec tiges r\u00e9glables.","og_url":"https:\/\/lalmachine.com\/de\/shop\/eclairer\/lampe-sur-pied\/lampe-sur-pied-5\/","og_site_name":"lalmachine.com","article_publisher":"https:\/\/facebook.com\/lalmachine","article_modified_time":"2024-12-05T20:58:58+00:00","og_image":[{"width":2560,"height":2560,"url":"https:\/\/lalmachine.com\/wp-content\/uploads\/2022\/10\/IMG20221018153202_clipped_rev_1-7beb5557-scaled.jpg","type":"image\/jpeg"}],"twitter_card":"summary_large_image","schema":{"@context":"https:\/\/schema.org","@graph":[{"@type":"WebPage","@id":"https:\/\/lalmachine.com\/shop\/eclairer\/lampe-sur-pied\/lampe-sur-pied-5\/","url":"https:\/\/lalmachine.com\/shop\/eclairer\/lampe-sur-pied\/lampe-sur-pied-5\/","name":"Lampe sur pied | lalmachine.com, mobilier et objets d\u00e9co vintage et design","isPartOf":{"@id":"https:\/\/lalmachine.com\/#website"},"primaryImageOfPage":{"@id":"https:\/\/lalmachine.com\/shop\/eclairer\/lampe-sur-pied\/lampe-sur-pied-5\/#primaryimage"},"image":{"@id":"https:\/\/lalmachine.com\/shop\/eclairer\/lampe-sur-pied\/lampe-sur-pied-5\/#primaryimage"},"thumbnailUrl":"https:\/\/lalmachine.com\/wp-content\/uploads\/2022\/10\/IMG20221018153202_clipped_rev_1-7beb5557-scaled.jpg","datePublished":"2022-10-18T20:07:17+00:00","dateModified":"2024-12-05T20:58:58+00:00","description":"Lampe sur pied vintage avec deux spots en m\u00e9tal noir et m\u00e9tal chrom\u00e9 avec tiges r\u00e9glables.","breadcrumb":{"@id":"https:\/\/lalmachine.com\/shop\/eclairer\/lampe-sur-pied\/lampe-sur-pied-5\/#breadcrumb"},"inLanguage":"de","potentialAction":[{"@type":"ReadAction","target":["https:\/\/lalmachine.com\/shop\/eclairer\/lampe-sur-pied\/lampe-sur-pied-5\/"]}]},{"@type":"ImageObject","inLanguage":"de","@id":"https:\/\/lalmachine.com\/shop\/eclairer\/lampe-sur-pied\/lampe-sur-pied-5\/#primaryimage","url":"https:\/\/lalmachine.com\/wp-content\/uploads\/2022\/10\/IMG20221018153202_clipped_rev_1-7beb5557-scaled.jpg","contentUrl":"https:\/\/lalmachine.com\/wp-content\/uploads\/2022\/10\/IMG20221018153202_clipped_rev_1-7beb5557-scaled.jpg","width":2560,"height":2560,"caption":"Lampe sur pied vintage"},{"@type":"BreadcrumbList","@id":"https:\/\/lalmachine.com\/shop\/eclairer\/lampe-sur-pied\/lampe-sur-pied-5\/#breadcrumb","itemListElement":[{"@type":"ListItem","position":1,"name":"Accueil","item":"https:\/\/lalmachine.com\/"},{"@type":"ListItem","position":2,"name":"Shop","item":"https:\/\/lalmachine.com\/shop\/"},{"@type":"ListItem","position":3,"name":"Lampe sur pied"}]},{"@type":"WebSite","@id":"https:\/\/lalmachine.com\/#website","url":"https:\/\/lalmachine.com\/","name":"lalmachine.com","description":"Brocante en ligne Suisse | Mobilier et objets d\u00e9co vintage et design","potentialAction":[{"@type":"SearchAction","target":{"@type":"EntryPoint","urlTemplate":"https:\/\/lalmachine.com\/?s={search_term_string}"},"query-input":{"@type":"PropertyValueSpecification","valueRequired":true,"valueName":"search_term_string"}}],"inLanguage":"de"}]}},"_links":{"self":[{"href":"https:\/\/lalmachine.com\/de\/wp-json\/wp\/v2\/product\/288320","targetHints":{"allow":["GET"]}}],"collection":[{"href":"https:\/\/lalmachine.com\/de\/wp-json\/wp\/v2\/product"}],"about":[{"href":"https:\/\/lalmachine.com\/de\/wp-json\/wp\/v2\/types\/product"}],"wp:featuredmedia":[{"embeddable":true,"href":"https:\/\/lalmachine.com\/de\/wp-json\/wp\/v2\/media\/288306"}],"wp:attachment":[{"href":"https:\/\/lalmachine.com\/de\/wp-json\/wp\/v2\/media?parent=288320"}],"wp:term":[{"taxonomy":"product_brand","embeddable":true,"href":"https:\/\/lalmachine.com\/de\/wp-json\/wp\/v2\/product_brand?post=288320"},{"taxonomy":"product_cat","embeddable":true,"href":"https:\/\/lalmachine.com\/de\/wp-json\/wp\/v2\/product_cat?post=288320"},{"taxonomy":"product_tag","embeddable":true,"href":"https:\/\/lalmachine.com\/de\/wp-json\/wp\/v2\/product_tag?post=288320"},{"taxonomy":"proximite","embeddable":true,"href":"https:\/\/lalmachine.com\/de\/wp-json\/wp\/v2\/proximite?post=288320"}],"curies":[{"name":"wp","href":"https:\/\/api.w.org\/{rel}","templated":true}]}}