{"id":288454,"date":"2022-10-19T21:18:49","date_gmt":"2022-10-19T19:18:49","guid":{"rendered":"https:\/\/lalmachine.com\/?post_type=product&#038;p=288454"},"modified":"2024-12-05T21:58:59","modified_gmt":"2024-12-05T20:58:59","slug":"dix-grands-noms-de-la-photographie-du-xxe-siecle-reunis-dans-un-portfolio","status":"publish","type":"product","link":"https:\/\/lalmachine.com\/de\/shop\/decorer\/art-and-co\/dix-grands-noms-de-la-photographie-du-xxe-siecle-reunis-dans-un-portfolio\/","title":{"rendered":"Dix grands noms de la photographie du XXe si\u00e8cle r\u00e9unis dans un portfolio"},"content":{"rendered":"<ul class=\"wpuf_customs\"><li style=\"list-style-type:none;\"><label>Autres photos:<\/label> <a href=\"https:\/\/lalmachine.com\/wp-content\/uploads\/2022\/10\/la-boutique-du-mail-portfolios-photo-6ce1703e.jpg\"><img loading=\"lazy\" decoding=\"async\" width=\"128\" height=\"96\" src=\"https:\/\/lalmachine.com\/wp-content\/uploads\/2022\/10\/la-boutique-du-mail-portfolios-photo-6ce1703e.jpg\" class=\"attachment-thumbnail size-thumbnail\" alt=\"\" \/><\/a> <a href=\"https:\/\/lalmachine.com\/wp-content\/uploads\/2022\/10\/la-boutique-du-mail-couverture-portfolios-editions-du-chene-048bda27.jpg\"><img loading=\"lazy\" decoding=\"async\" width=\"72\" height=\"96\" src=\"https:\/\/lalmachine.com\/wp-content\/uploads\/2022\/10\/la-boutique-du-mail-couverture-portfolios-editions-du-chene-048bda27.jpg\" class=\"attachment-thumbnail size-thumbnail\" alt=\"\" \/><\/a> <a href=\"https:\/\/lalmachine.com\/wp-content\/uploads\/2022\/10\/la-boutique-du-mail-brassai-photo-1-40bfe939.jpg\"><img loading=\"lazy\" decoding=\"async\" width=\"72\" height=\"96\" src=\"https:\/\/lalmachine.com\/wp-content\/uploads\/2022\/10\/la-boutique-du-mail-brassai-photo-1-40bfe939.jpg\" class=\"attachment-thumbnail size-thumbnail\" alt=\"\" \/><\/a> <a href=\"https:\/\/lalmachine.com\/wp-content\/uploads\/2022\/10\/la-boutique-du-mail-brassai-photo-2-d03fd31c.jpg\"><img loading=\"lazy\" decoding=\"async\" width=\"128\" height=\"96\" src=\"https:\/\/lalmachine.com\/wp-content\/uploads\/2022\/10\/la-boutique-du-mail-brassai-photo-2-d03fd31c.jpg\" class=\"attachment-thumbnail size-thumbnail\" alt=\"\" \/><\/a> <a href=\"https:\/\/lalmachine.com\/wp-content\/uploads\/2022\/10\/brassai-la-boutique-du-mail-geneve-68fef2f6.jpg\"><img loading=\"lazy\" decoding=\"async\" width=\"128\" height=\"96\" src=\"https:\/\/lalmachine.com\/wp-content\/uploads\/2022\/10\/brassai-la-boutique-du-mail-geneve-68fef2f6.jpg\" class=\"attachment-thumbnail size-thumbnail\" alt=\"\" \/><\/a> <a href=\"https:\/\/lalmachine.com\/wp-content\/uploads\/2022\/10\/brassai-photo-la-boutique-du-mail-geneve-4e724fab.jpg\"><img loading=\"lazy\" decoding=\"async\" width=\"128\" height=\"96\" src=\"https:\/\/lalmachine.com\/wp-content\/uploads\/2022\/10\/brassai-photo-la-boutique-du-mail-geneve-4e724fab.jpg\" class=\"attachment-thumbnail size-thumbnail\" alt=\"\" \/><\/a> <a href=\"https:\/\/lalmachine.com\/wp-content\/uploads\/2022\/10\/la-boutique-du-mail-nora-dumas-photo-aeeb0b0a.jpg\"><img loading=\"lazy\" decoding=\"async\" width=\"128\" height=\"96\" src=\"https:\/\/lalmachine.com\/wp-content\/uploads\/2022\/10\/la-boutique-du-mail-nora-dumas-photo-aeeb0b0a.jpg\" class=\"attachment-thumbnail size-thumbnail\" alt=\"\" \/><\/a> <a href=\"https:\/\/lalmachine.com\/wp-content\/uploads\/2022\/10\/la-boutique-du-mail-feher-photo-22890351.jpg\"><img loading=\"lazy\" decoding=\"async\" width=\"128\" height=\"96\" src=\"https:\/\/lalmachine.com\/wp-content\/uploads\/2022\/10\/la-boutique-du-mail-feher-photo-22890351.jpg\" class=\"attachment-thumbnail size-thumbnail\" alt=\"\" \/><\/a> <a href=\"https:\/\/lalmachine.com\/wp-content\/uploads\/2022\/10\/la-boutique-du-mail-pierre-jahan-photo-630e1bca.jpg\"><img loading=\"lazy\" decoding=\"async\" width=\"128\" height=\"96\" src=\"https:\/\/lalmachine.com\/wp-content\/uploads\/2022\/10\/la-boutique-du-mail-pierre-jahan-photo-630e1bca.jpg\" class=\"attachment-thumbnail size-thumbnail\" alt=\"\" \/><\/a> <a href=\"https:\/\/lalmachine.com\/wp-content\/uploads\/2022\/10\/la-boutique-du-mail-ergy-landeau-photo-95c35162.jpg\"><img loading=\"lazy\" decoding=\"async\" width=\"128\" height=\"96\" src=\"https:\/\/lalmachine.com\/wp-content\/uploads\/2022\/10\/la-boutique-du-mail-ergy-landeau-photo-95c35162.jpg\" class=\"attachment-thumbnail size-thumbnail\" alt=\"\" \/><\/a> <a href=\"https:\/\/lalmachine.com\/wp-content\/uploads\/2022\/10\/la-boutique-du-mail-liu-shu-chong-photo-0458e2ab.jpg\"><img loading=\"lazy\" decoding=\"async\" width=\"128\" height=\"96\" src=\"https:\/\/lalmachine.com\/wp-content\/uploads\/2022\/10\/la-boutique-du-mail-liu-shu-chong-photo-0458e2ab.jpg\" class=\"attachment-thumbnail size-thumbnail\" alt=\"\" \/><\/a> <a href=\"https:\/\/lalmachine.com\/wp-content\/uploads\/2022\/10\/la-boutique-du-mail-philippe-pottier-photo-e0922988.jpg\"><img loading=\"lazy\" decoding=\"async\" width=\"128\" height=\"96\" src=\"https:\/\/lalmachine.com\/wp-content\/uploads\/2022\/10\/la-boutique-du-mail-philippe-pottier-photo-e0922988.jpg\" class=\"attachment-thumbnail size-thumbnail\" alt=\"\" \/><\/a> <a href=\"https:\/\/lalmachine.com\/wp-content\/uploads\/2022\/10\/la-boutique-du-mail-jeanne-robert-photo-6c750d50.jpg\"><img loading=\"lazy\" decoding=\"async\" width=\"128\" height=\"96\" src=\"https:\/\/lalmachine.com\/wp-content\/uploads\/2022\/10\/la-boutique-du-mail-jeanne-robert-photo-6c750d50.jpg\" class=\"attachment-thumbnail size-thumbnail\" alt=\"\" \/><\/a> <a href=\"https:\/\/lalmachine.com\/wp-content\/uploads\/2022\/10\/la-boutique-du-mail-seeberger-photo-ccb7bfb9-scaled.jpg\"><img loading=\"lazy\" decoding=\"async\" width=\"128\" height=\"96\" src=\"https:\/\/lalmachine.com\/wp-content\/uploads\/2022\/10\/la-boutique-du-mail-seeberger-photo-ccb7bfb9-scaled.jpg\" class=\"attachment-thumbnail size-thumbnail\" alt=\"\" \/><\/a> <a href=\"https:\/\/lalmachine.com\/wp-content\/uploads\/2022\/10\/la-boutique-du-mail-sougez-photo-74dc86f3.jpg\"><img loading=\"lazy\" decoding=\"async\" width=\"128\" height=\"96\" src=\"https:\/\/lalmachine.com\/wp-content\/uploads\/2022\/10\/la-boutique-du-mail-sougez-photo-74dc86f3.jpg\" class=\"attachment-thumbnail size-thumbnail\" alt=\"\" \/><\/a> <\/li>        <li class=\"wpuf-field-data wpuf-field-data-numeric_text_field\">\n                            <label>Prix:<\/label>\n                        250        <\/li>\n                <li class=\"wpuf-field-data wpuf-field-data-numeric_text_field\">\n                            <label>Quantit\u00e9:<\/label>\n                        1        <\/li>\n                <li class=\"wpuf-field-data wpuf-field-data-numeric_text_field\">\n                            <label>Hauteur (cm):<\/label>\n                        34        <\/li>\n                <li class=\"wpuf-field-data wpuf-field-data-numeric_text_field\">\n                            <label>Largeur (cm):<\/label>\n                        24        <\/li>\n        <\/ul>","protected":false},"excerpt":{"rendered":"<p>\u00c9tudes de Nus, \u00c9ditions du Ch\u00eane, 1948, Paris (1\u00e8re s\u00e9rie).<\/p>\n<p>Ce portfolio contient 24 planches reproduites en h\u00e9liogravure (Proc\u00e9d\u00e9 ancien d&#8217;impression particuli\u00e8rement adapt\u00e9 aux tirages photographiques d\u2019art qui exigent une haute qualit\u00e9 de reproduction) par Brassa\u00ef, Nora Dumas, F\u00e9her, Pierre Jahan, Ergy Landau, Liu-Shu-Chang, Philippe Pottier, Jeanne Robert, Seeberger, Sougez.<\/p>\n<p>Parmi les 10 c\u00e9l\u00e8bres artistes, figure le photographe Brassa\u00ef (1899-1984) connu pour ses photographies interlopes et sombres des nuits parisiennes. Brassa\u00ef s&#8217;est aussi int\u00e9ress\u00e9 \u00e0 photographier nombre de ses contemporains, tels Dali, Picasso, Matisse, Giacometti, et certains des \u00e9crivains majeurs de l&#8217;\u00e9poque: Genet et Michaux.<\/p>\n<p>La totalit\u00e9 des reproductions ont conserv\u00e9s une belle facture. En revanche la couverture et la fourre du portfolio porte quelques marques du temps : papier jaunis et l\u00e9g\u00e8res salissures. Manque la couverture d\u2019origine illustr\u00e9e par une photographie de Nora Dumas.<\/p>","protected":false},"featured_media":288560,"template":"","meta":{"_et_pb_use_builder":"","_et_pb_old_content":"","_et_gb_content_width":""},"product_brand":[],"product_cat":[365,50],"product_tag":[],"proximite":[180],"class_list":{"0":"post-288454","1":"product","2":"type-product","3":"status-publish","4":"has-post-thumbnail","6":"product_cat-art-and-co","7":"product_cat-decorer","8":"product_shipping_class-livraison-par-le-vendeur","9":"pa_couleur-noir","10":"pa_etat-dans-son-jus","11":"pa_materiau-papier-carton","12":"pa_style-vintage","13":"proximite-geneve","15":"first","16":"instock","17":"shipping-taxable","18":"purchasable","19":"product-type-simple"},"yoast_head":"<!-- This site is optimized with the Yoast SEO plugin v27.4 - https:\/\/yoast.com\/product\/yoast-seo-wordpress\/ -->\n<title>Dix grands noms de la photographie du XXe si\u00e8cle r\u00e9unis dans un portfolio | lalmachine.com<\/title>\n<meta name=\"description\" content=\"\u00c9tudes de Nus, \u00c9ditions du Ch\u00eane, 1948, Paris (1\u00e8re s\u00e9rie).\" \/>\n<meta name=\"robots\" content=\"index, follow, max-snippet:-1, max-image-preview:large, max-video-preview:-1\" \/>\n<link rel=\"canonical\" href=\"https:\/\/lalmachine.com\/de\/shop\/decorer\/art-and-co\/dix-grands-noms-de-la-photographie-du-xxe-siecle-reunis-dans-un-portfolio\/\" \/>\n<meta property=\"og:locale\" content=\"de_DE\" \/>\n<meta property=\"og:type\" content=\"article\" \/>\n<meta property=\"og:title\" content=\"Dix grands noms de la photographie du XXe si\u00e8cle r\u00e9unis dans un portfolio | lalmachine.com\" \/>\n<meta property=\"og:description\" content=\"\u00c9tudes de Nus, \u00c9ditions du Ch\u00eane, 1948, Paris (1\u00e8re s\u00e9rie).\" \/>\n<meta property=\"og:url\" content=\"https:\/\/lalmachine.com\/de\/shop\/decorer\/art-and-co\/dix-grands-noms-de-la-photographie-du-xxe-siecle-reunis-dans-un-portfolio\/\" \/>\n<meta property=\"og:site_name\" content=\"lalmachine.com\" \/>\n<meta property=\"article:publisher\" content=\"https:\/\/facebook.com\/lalmachine\" \/>\n<meta property=\"article:modified_time\" content=\"2024-12-05T20:58:59+00:00\" \/>\n<meta property=\"og:image\" content=\"https:\/\/lalmachine.com\/wp-content\/uploads\/2022\/10\/Pasted-20221019-204112_clipped_rev_1.jpeg\" \/>\n\t<meta property=\"og:image:width\" content=\"1995\" \/>\n\t<meta property=\"og:image:height\" content=\"1995\" \/>\n\t<meta property=\"og:image:type\" content=\"image\/jpeg\" \/>\n<meta name=\"twitter:card\" content=\"summary_large_image\" \/>\n<script type=\"application\/ld+json\" class=\"yoast-schema-graph\">{\"@context\":\"https:\\\/\\\/schema.org\",\"@graph\":[{\"@type\":\"WebPage\",\"@id\":\"https:\\\/\\\/lalmachine.com\\\/shop\\\/decorer\\\/art-and-co\\\/dix-grands-noms-de-la-photographie-du-xxe-siecle-reunis-dans-un-portfolio\\\/\",\"url\":\"https:\\\/\\\/lalmachine.com\\\/shop\\\/decorer\\\/art-and-co\\\/dix-grands-noms-de-la-photographie-du-xxe-siecle-reunis-dans-un-portfolio\\\/\",\"name\":\"Dix grands noms de la photographie du XXe si\u00e8cle r\u00e9unis dans un portfolio | lalmachine.com\",\"isPartOf\":{\"@id\":\"https:\\\/\\\/lalmachine.com\\\/#website\"},\"primaryImageOfPage\":{\"@id\":\"https:\\\/\\\/lalmachine.com\\\/shop\\\/decorer\\\/art-and-co\\\/dix-grands-noms-de-la-photographie-du-xxe-siecle-reunis-dans-un-portfolio\\\/#primaryimage\"},\"image\":{\"@id\":\"https:\\\/\\\/lalmachine.com\\\/shop\\\/decorer\\\/art-and-co\\\/dix-grands-noms-de-la-photographie-du-xxe-siecle-reunis-dans-un-portfolio\\\/#primaryimage\"},\"thumbnailUrl\":\"https:\\\/\\\/lalmachine.com\\\/wp-content\\\/uploads\\\/2022\\\/10\\\/Pasted-20221019-204112_clipped_rev_1.jpeg\",\"datePublished\":\"2022-10-19T19:18:49+00:00\",\"dateModified\":\"2024-12-05T20:58:59+00:00\",\"description\":\"\u00c9tudes de Nus, \u00c9ditions du Ch\u00eane, 1948, Paris (1\u00e8re s\u00e9rie).\",\"breadcrumb\":{\"@id\":\"https:\\\/\\\/lalmachine.com\\\/shop\\\/decorer\\\/art-and-co\\\/dix-grands-noms-de-la-photographie-du-xxe-siecle-reunis-dans-un-portfolio\\\/#breadcrumb\"},\"inLanguage\":\"de\",\"potentialAction\":[{\"@type\":\"ReadAction\",\"target\":[\"https:\\\/\\\/lalmachine.com\\\/shop\\\/decorer\\\/art-and-co\\\/dix-grands-noms-de-la-photographie-du-xxe-siecle-reunis-dans-un-portfolio\\\/\"]}]},{\"@type\":\"ImageObject\",\"inLanguage\":\"de\",\"@id\":\"https:\\\/\\\/lalmachine.com\\\/shop\\\/decorer\\\/art-and-co\\\/dix-grands-noms-de-la-photographie-du-xxe-siecle-reunis-dans-un-portfolio\\\/#primaryimage\",\"url\":\"https:\\\/\\\/lalmachine.com\\\/wp-content\\\/uploads\\\/2022\\\/10\\\/Pasted-20221019-204112_clipped_rev_1.jpeg\",\"contentUrl\":\"https:\\\/\\\/lalmachine.com\\\/wp-content\\\/uploads\\\/2022\\\/10\\\/Pasted-20221019-204112_clipped_rev_1.jpeg\",\"width\":1995,\"height\":1995,\"caption\":\"\u00c9tudes de Nus\"},{\"@type\":\"BreadcrumbList\",\"@id\":\"https:\\\/\\\/lalmachine.com\\\/shop\\\/decorer\\\/art-and-co\\\/dix-grands-noms-de-la-photographie-du-xxe-siecle-reunis-dans-un-portfolio\\\/#breadcrumb\",\"itemListElement\":[{\"@type\":\"ListItem\",\"position\":1,\"name\":\"Accueil\",\"item\":\"https:\\\/\\\/lalmachine.com\\\/\"},{\"@type\":\"ListItem\",\"position\":2,\"name\":\"Shop\",\"item\":\"https:\\\/\\\/lalmachine.com\\\/shop\\\/\"},{\"@type\":\"ListItem\",\"position\":3,\"name\":\"Dix grands noms de la photographie du XXe si\u00e8cle r\u00e9unis dans un portfolio\"}]},{\"@type\":\"WebSite\",\"@id\":\"https:\\\/\\\/lalmachine.com\\\/#website\",\"url\":\"https:\\\/\\\/lalmachine.com\\\/\",\"name\":\"lalmachine.com\",\"description\":\"Brocante en ligne Suisse | Mobilier et objets d\u00e9co vintage et design\",\"potentialAction\":[{\"@type\":\"SearchAction\",\"target\":{\"@type\":\"EntryPoint\",\"urlTemplate\":\"https:\\\/\\\/lalmachine.com\\\/?s={search_term_string}\"},\"query-input\":{\"@type\":\"PropertyValueSpecification\",\"valueRequired\":true,\"valueName\":\"search_term_string\"}}],\"inLanguage\":\"de\"}]}<\/script>\n<!-- \/ Yoast SEO plugin. -->","yoast_head_json":{"title":"Dix grands noms de la photographie du XXe si\u00e8cle r\u00e9unis dans un portfolio | lalmachine.com","description":"\u00c9tudes de Nus, \u00c9ditions du Ch\u00eane, 1948, Paris (1\u00e8re s\u00e9rie).","robots":{"index":"index","follow":"follow","max-snippet":"max-snippet:-1","max-image-preview":"max-image-preview:large","max-video-preview":"max-video-preview:-1"},"canonical":"https:\/\/lalmachine.com\/de\/shop\/decorer\/art-and-co\/dix-grands-noms-de-la-photographie-du-xxe-siecle-reunis-dans-un-portfolio\/","og_locale":"de_DE","og_type":"article","og_title":"Dix grands noms de la photographie du XXe si\u00e8cle r\u00e9unis dans un portfolio | lalmachine.com","og_description":"\u00c9tudes de Nus, \u00c9ditions du Ch\u00eane, 1948, Paris (1\u00e8re s\u00e9rie).","og_url":"https:\/\/lalmachine.com\/de\/shop\/decorer\/art-and-co\/dix-grands-noms-de-la-photographie-du-xxe-siecle-reunis-dans-un-portfolio\/","og_site_name":"lalmachine.com","article_publisher":"https:\/\/facebook.com\/lalmachine","article_modified_time":"2024-12-05T20:58:59+00:00","og_image":[{"width":1995,"height":1995,"url":"https:\/\/lalmachine.com\/wp-content\/uploads\/2022\/10\/Pasted-20221019-204112_clipped_rev_1.jpeg","type":"image\/jpeg"}],"twitter_card":"summary_large_image","schema":{"@context":"https:\/\/schema.org","@graph":[{"@type":"WebPage","@id":"https:\/\/lalmachine.com\/shop\/decorer\/art-and-co\/dix-grands-noms-de-la-photographie-du-xxe-siecle-reunis-dans-un-portfolio\/","url":"https:\/\/lalmachine.com\/shop\/decorer\/art-and-co\/dix-grands-noms-de-la-photographie-du-xxe-siecle-reunis-dans-un-portfolio\/","name":"Dix grands noms de la photographie du XXe si\u00e8cle r\u00e9unis dans un portfolio | lalmachine.com","isPartOf":{"@id":"https:\/\/lalmachine.com\/#website"},"primaryImageOfPage":{"@id":"https:\/\/lalmachine.com\/shop\/decorer\/art-and-co\/dix-grands-noms-de-la-photographie-du-xxe-siecle-reunis-dans-un-portfolio\/#primaryimage"},"image":{"@id":"https:\/\/lalmachine.com\/shop\/decorer\/art-and-co\/dix-grands-noms-de-la-photographie-du-xxe-siecle-reunis-dans-un-portfolio\/#primaryimage"},"thumbnailUrl":"https:\/\/lalmachine.com\/wp-content\/uploads\/2022\/10\/Pasted-20221019-204112_clipped_rev_1.jpeg","datePublished":"2022-10-19T19:18:49+00:00","dateModified":"2024-12-05T20:58:59+00:00","description":"\u00c9tudes de Nus, \u00c9ditions du Ch\u00eane, 1948, Paris (1\u00e8re s\u00e9rie).","breadcrumb":{"@id":"https:\/\/lalmachine.com\/shop\/decorer\/art-and-co\/dix-grands-noms-de-la-photographie-du-xxe-siecle-reunis-dans-un-portfolio\/#breadcrumb"},"inLanguage":"de","potentialAction":[{"@type":"ReadAction","target":["https:\/\/lalmachine.com\/shop\/decorer\/art-and-co\/dix-grands-noms-de-la-photographie-du-xxe-siecle-reunis-dans-un-portfolio\/"]}]},{"@type":"ImageObject","inLanguage":"de","@id":"https:\/\/lalmachine.com\/shop\/decorer\/art-and-co\/dix-grands-noms-de-la-photographie-du-xxe-siecle-reunis-dans-un-portfolio\/#primaryimage","url":"https:\/\/lalmachine.com\/wp-content\/uploads\/2022\/10\/Pasted-20221019-204112_clipped_rev_1.jpeg","contentUrl":"https:\/\/lalmachine.com\/wp-content\/uploads\/2022\/10\/Pasted-20221019-204112_clipped_rev_1.jpeg","width":1995,"height":1995,"caption":"\u00c9tudes de Nus"},{"@type":"BreadcrumbList","@id":"https:\/\/lalmachine.com\/shop\/decorer\/art-and-co\/dix-grands-noms-de-la-photographie-du-xxe-siecle-reunis-dans-un-portfolio\/#breadcrumb","itemListElement":[{"@type":"ListItem","position":1,"name":"Accueil","item":"https:\/\/lalmachine.com\/"},{"@type":"ListItem","position":2,"name":"Shop","item":"https:\/\/lalmachine.com\/shop\/"},{"@type":"ListItem","position":3,"name":"Dix grands noms de la photographie du XXe si\u00e8cle r\u00e9unis dans un portfolio"}]},{"@type":"WebSite","@id":"https:\/\/lalmachine.com\/#website","url":"https:\/\/lalmachine.com\/","name":"lalmachine.com","description":"Brocante en ligne Suisse | Mobilier et objets d\u00e9co vintage et design","potentialAction":[{"@type":"SearchAction","target":{"@type":"EntryPoint","urlTemplate":"https:\/\/lalmachine.com\/?s={search_term_string}"},"query-input":{"@type":"PropertyValueSpecification","valueRequired":true,"valueName":"search_term_string"}}],"inLanguage":"de"}]}},"_links":{"self":[{"href":"https:\/\/lalmachine.com\/de\/wp-json\/wp\/v2\/product\/288454","targetHints":{"allow":["GET"]}}],"collection":[{"href":"https:\/\/lalmachine.com\/de\/wp-json\/wp\/v2\/product"}],"about":[{"href":"https:\/\/lalmachine.com\/de\/wp-json\/wp\/v2\/types\/product"}],"wp:featuredmedia":[{"embeddable":true,"href":"https:\/\/lalmachine.com\/de\/wp-json\/wp\/v2\/media\/288560"}],"wp:attachment":[{"href":"https:\/\/lalmachine.com\/de\/wp-json\/wp\/v2\/media?parent=288454"}],"wp:term":[{"taxonomy":"product_brand","embeddable":true,"href":"https:\/\/lalmachine.com\/de\/wp-json\/wp\/v2\/product_brand?post=288454"},{"taxonomy":"product_cat","embeddable":true,"href":"https:\/\/lalmachine.com\/de\/wp-json\/wp\/v2\/product_cat?post=288454"},{"taxonomy":"product_tag","embeddable":true,"href":"https:\/\/lalmachine.com\/de\/wp-json\/wp\/v2\/product_tag?post=288454"},{"taxonomy":"proximite","embeddable":true,"href":"https:\/\/lalmachine.com\/de\/wp-json\/wp\/v2\/proximite?post=288454"}],"curies":[{"name":"wp","href":"https:\/\/api.w.org\/{rel}","templated":true}]}}