{"id":289684,"date":"2022-11-01T11:47:26","date_gmt":"2022-11-01T10:47:26","guid":{"rendered":"https:\/\/lalmachine.com\/?post_type=product&#038;p=289684"},"modified":"2024-12-05T21:59:02","modified_gmt":"2024-12-05T20:59:02","slug":"secretaire-en-noyer-par-consul-mobel-suisse-1960s","status":"publish","type":"product","link":"https:\/\/lalmachine.com\/de\/shop\/meubler\/bureau\/secretaire-en-noyer-par-consul-mobel-suisse-1960s\/","title":{"rendered":"Secr\u00e9taire en noyer par Consul Mobel, Suisse, 1960&rsquo;s"},"content":{"rendered":"<ul class=\"wpuf_customs\"><li style=\"list-style-type:none;\"><label>Autres photos:<\/label> <a href=\"https:\/\/lalmachine.com\/wp-content\/uploads\/2022\/10\/28A968F1-9850-486C-A18C-90C21871FE98_1_201_a-bd7514e7.jpeg\"><img loading=\"lazy\" decoding=\"async\" width=\"96\" height=\"96\" src=\"https:\/\/lalmachine.com\/wp-content\/uploads\/2022\/10\/28A968F1-9850-486C-A18C-90C21871FE98_1_201_a-bd7514e7.jpeg\" class=\"attachment-thumbnail size-thumbnail\" alt=\"\" \/><\/a> <a href=\"https:\/\/lalmachine.com\/wp-content\/uploads\/2022\/10\/312F667B-ADB8-4390-9645-9747325F3C38_1_201_a-9b624bee.jpeg\"><img loading=\"lazy\" decoding=\"async\" width=\"96\" height=\"96\" src=\"https:\/\/lalmachine.com\/wp-content\/uploads\/2022\/10\/312F667B-ADB8-4390-9645-9747325F3C38_1_201_a-9b624bee.jpeg\" class=\"attachment-thumbnail size-thumbnail\" alt=\"\" \/><\/a> <a href=\"https:\/\/lalmachine.com\/wp-content\/uploads\/2022\/10\/1AA0D838-D475-4AE3-8DF5-DBADF7886530_1_201_a-c7462be1.jpeg\"><img loading=\"lazy\" decoding=\"async\" width=\"96\" height=\"96\" src=\"https:\/\/lalmachine.com\/wp-content\/uploads\/2022\/10\/1AA0D838-D475-4AE3-8DF5-DBADF7886530_1_201_a-c7462be1.jpeg\" class=\"attachment-thumbnail size-thumbnail\" alt=\"\" \/><\/a> <a href=\"https:\/\/lalmachine.com\/wp-content\/uploads\/2022\/10\/E8700E7A-A506-498E-A0A9-3FC16BFABDBC_1_201_a-eb6cb189.jpeg\"><img loading=\"lazy\" decoding=\"async\" width=\"96\" height=\"96\" src=\"https:\/\/lalmachine.com\/wp-content\/uploads\/2022\/10\/E8700E7A-A506-498E-A0A9-3FC16BFABDBC_1_201_a-eb6cb189.jpeg\" class=\"attachment-thumbnail size-thumbnail\" alt=\"\" \/><\/a> <a href=\"https:\/\/lalmachine.com\/wp-content\/uploads\/2022\/10\/837CA7F5-5C9B-43B7-B866-6472FE6ACA79_1_201_a-faaab646-scaled.jpeg\"><img loading=\"lazy\" decoding=\"async\" width=\"96\" height=\"96\" src=\"https:\/\/lalmachine.com\/wp-content\/uploads\/2022\/10\/837CA7F5-5C9B-43B7-B866-6472FE6ACA79_1_201_a-faaab646-scaled.jpeg\" class=\"attachment-thumbnail size-thumbnail\" alt=\"\" \/><\/a> <a href=\"https:\/\/lalmachine.com\/wp-content\/uploads\/2022\/10\/E3B96C5C-54C0-460E-9666-A580943795D1_1_201_a-1c4edfa6.jpeg\"><img loading=\"lazy\" decoding=\"async\" width=\"96\" height=\"96\" src=\"https:\/\/lalmachine.com\/wp-content\/uploads\/2022\/10\/E3B96C5C-54C0-460E-9666-A580943795D1_1_201_a-1c4edfa6.jpeg\" class=\"attachment-thumbnail size-thumbnail\" alt=\"\" \/><\/a> <a href=\"https:\/\/lalmachine.com\/wp-content\/uploads\/2022\/10\/D86F11E8-0C11-4830-9E25-C2A0A206B06C_1_201_a-a8ac7747.jpeg\"><img loading=\"lazy\" decoding=\"async\" width=\"96\" height=\"96\" src=\"https:\/\/lalmachine.com\/wp-content\/uploads\/2022\/10\/D86F11E8-0C11-4830-9E25-C2A0A206B06C_1_201_a-a8ac7747.jpeg\" class=\"attachment-thumbnail size-thumbnail\" alt=\"\" \/><\/a> <\/li>        <li class=\"wpuf-field-data wpuf-field-data-numeric_text_field\">\n                            <label>Prix:<\/label>\n                        2590        <\/li>\n                <li class=\"wpuf-field-data wpuf-field-data-numeric_text_field\">\n                            <label>Hauteur (cm):<\/label>\n                        92        <\/li>\n                <li class=\"wpuf-field-data wpuf-field-data-numeric_text_field\">\n                            <label>Largeur (cm):<\/label>\n                        87        <\/li>\n                <li class=\"wpuf-field-data wpuf-field-data-numeric_text_field\">\n                            <label>Profondeur (cm):<\/label>\n                        41        <\/li>\n        <\/ul>","protected":false},"excerpt":{"rendered":"<p>D\u00e9licat et ing\u00e9nieux, ce secr\u00e9taire d\u00e9voile \u00e0 mesure qu&rsquo;on l&rsquo;ouvre toute l&rsquo;attention port\u00e9e dans son \u00e9laboration. Chaque tiroir montre un assemblage \u00e0 queue droite, les portes accord\u00e9ons sont mont\u00e9es sur des charni\u00e8res invisibles, le plan de travail est dissimul\u00e9 et emboitable dans une pi\u00e8ce sp\u00e9cifique en aluminium. Enfin, le tout est sublim\u00e9 par l&rsquo;utilisation du noyer pour former un ensemble \u00e9l\u00e9gant.<\/p>\n<p>Un \u00e9crin dans lequel on prendra plaisir \u00e0 ranger et travailler, avant de jalousement le refermer.<\/p>\n<p>Zustand<br \/>\nExcellent \u00e9tat<\/p>\n<p>Dimensions<br \/>\nHauteur 92.5cm \/ Largeur 87.5cm \/ Profondeur 41cm \/ Espace de travail 55.5 x 36cm \/ Hauteur plan de travail 70cm<\/p>\n<p>LIVRAISON POSSIBLE SUR DEMANDE<\/p>","protected":false},"featured_media":289869,"template":"","meta":{"_et_pb_use_builder":"","_et_pb_old_content":"","_et_gb_content_width":""},"product_brand":[],"product_cat":[85,47],"product_tag":[],"proximite":[278,179],"class_list":{"0":"post-289684","1":"product","2":"type-product","3":"status-publish","4":"has-post-thumbnail","6":"product_cat-bureau","7":"product_cat-meubler","8":"pa_couleur-bois","9":"pa_etat-tres-bon-etat","10":"pa_materiau-bois","11":"pa_style-design","12":"proximite-lausanne","13":"proximite-vaud","15":"first","16":"outofstock","17":"shipping-taxable","18":"purchasable","19":"product-type-simple"},"yoast_head":"<!-- This site is optimized with the Yoast SEO plugin v27.4 - https:\/\/yoast.com\/product\/yoast-seo-wordpress\/ -->\n<title>Secr\u00e9taire en noyer par Consul Mobel, Suisse, 1960&#039;s | lalmachine.com<\/title>\n<meta name=\"description\" content=\"D\u00e9licat et ing\u00e9nieux, ce secr\u00e9taire en noyer par Consul Mobel Suisse 60&#039;s d\u00e9voile \u00e0 mesure qu&#039;on l&#039;ouvre toute l&#039;attention port\u00e9e dans son \u00e9laboration.\" \/>\n<meta name=\"robots\" content=\"index, follow, max-snippet:-1, max-image-preview:large, max-video-preview:-1\" \/>\n<link rel=\"canonical\" href=\"https:\/\/lalmachine.com\/de\/shop\/meubler\/bureau\/secretaire-en-noyer-par-consul-mobel-suisse-1960s\/\" \/>\n<meta property=\"og:locale\" content=\"de_DE\" \/>\n<meta property=\"og:type\" content=\"article\" \/>\n<meta property=\"og:title\" content=\"Secr\u00e9taire en noyer par Consul Mobel, Suisse, 1960&#039;s | lalmachine.com\" \/>\n<meta property=\"og:description\" content=\"D\u00e9licat et ing\u00e9nieux, ce secr\u00e9taire en noyer par Consul Mobel Suisse 60&#039;s d\u00e9voile \u00e0 mesure qu&#039;on l&#039;ouvre toute l&#039;attention port\u00e9e dans son \u00e9laboration.\" \/>\n<meta property=\"og:url\" content=\"https:\/\/lalmachine.com\/de\/shop\/meubler\/bureau\/secretaire-en-noyer-par-consul-mobel-suisse-1960s\/\" \/>\n<meta property=\"og:site_name\" content=\"lalmachine.com\" \/>\n<meta property=\"article:publisher\" content=\"https:\/\/facebook.com\/lalmachine\" \/>\n<meta property=\"article:modified_time\" content=\"2024-12-05T20:59:02+00:00\" \/>\n<meta property=\"og:image\" content=\"https:\/\/lalmachine.com\/wp-content\/uploads\/2022\/10\/Pasted-20221101-114125_clipped_rev_2-scaled.jpeg\" \/>\n\t<meta property=\"og:image:width\" content=\"2560\" \/>\n\t<meta property=\"og:image:height\" content=\"2560\" \/>\n\t<meta property=\"og:image:type\" content=\"image\/jpeg\" \/>\n<meta name=\"twitter:card\" content=\"summary_large_image\" \/>\n<script type=\"application\/ld+json\" class=\"yoast-schema-graph\">{\"@context\":\"https:\\\/\\\/schema.org\",\"@graph\":[{\"@type\":\"WebPage\",\"@id\":\"https:\\\/\\\/lalmachine.com\\\/shop\\\/meubler\\\/bureau\\\/secretaire-en-noyer-par-consul-mobel-suisse-1960s\\\/\",\"url\":\"https:\\\/\\\/lalmachine.com\\\/shop\\\/meubler\\\/bureau\\\/secretaire-en-noyer-par-consul-mobel-suisse-1960s\\\/\",\"name\":\"Secr\u00e9taire en noyer par Consul Mobel, Suisse, 1960's | lalmachine.com\",\"isPartOf\":{\"@id\":\"https:\\\/\\\/lalmachine.com\\\/#website\"},\"primaryImageOfPage\":{\"@id\":\"https:\\\/\\\/lalmachine.com\\\/shop\\\/meubler\\\/bureau\\\/secretaire-en-noyer-par-consul-mobel-suisse-1960s\\\/#primaryimage\"},\"image\":{\"@id\":\"https:\\\/\\\/lalmachine.com\\\/shop\\\/meubler\\\/bureau\\\/secretaire-en-noyer-par-consul-mobel-suisse-1960s\\\/#primaryimage\"},\"thumbnailUrl\":\"https:\\\/\\\/lalmachine.com\\\/wp-content\\\/uploads\\\/2022\\\/10\\\/Pasted-20221101-114125_clipped_rev_2-scaled.jpeg\",\"datePublished\":\"2022-11-01T10:47:26+00:00\",\"dateModified\":\"2024-12-05T20:59:02+00:00\",\"description\":\"D\u00e9licat et ing\u00e9nieux, ce secr\u00e9taire en noyer par Consul Mobel Suisse 60's d\u00e9voile \u00e0 mesure qu'on l'ouvre toute l'attention port\u00e9e dans son \u00e9laboration.\",\"breadcrumb\":{\"@id\":\"https:\\\/\\\/lalmachine.com\\\/shop\\\/meubler\\\/bureau\\\/secretaire-en-noyer-par-consul-mobel-suisse-1960s\\\/#breadcrumb\"},\"inLanguage\":\"de\",\"potentialAction\":[{\"@type\":\"ReadAction\",\"target\":[\"https:\\\/\\\/lalmachine.com\\\/shop\\\/meubler\\\/bureau\\\/secretaire-en-noyer-par-consul-mobel-suisse-1960s\\\/\"]}]},{\"@type\":\"ImageObject\",\"inLanguage\":\"de\",\"@id\":\"https:\\\/\\\/lalmachine.com\\\/shop\\\/meubler\\\/bureau\\\/secretaire-en-noyer-par-consul-mobel-suisse-1960s\\\/#primaryimage\",\"url\":\"https:\\\/\\\/lalmachine.com\\\/wp-content\\\/uploads\\\/2022\\\/10\\\/Pasted-20221101-114125_clipped_rev_2-scaled.jpeg\",\"contentUrl\":\"https:\\\/\\\/lalmachine.com\\\/wp-content\\\/uploads\\\/2022\\\/10\\\/Pasted-20221101-114125_clipped_rev_2-scaled.jpeg\",\"width\":2560,\"height\":2560,\"caption\":\"Secr\u00e9taire en noyer par Consul Mobel Suisse 60's\"},{\"@type\":\"BreadcrumbList\",\"@id\":\"https:\\\/\\\/lalmachine.com\\\/shop\\\/meubler\\\/bureau\\\/secretaire-en-noyer-par-consul-mobel-suisse-1960s\\\/#breadcrumb\",\"itemListElement\":[{\"@type\":\"ListItem\",\"position\":1,\"name\":\"Accueil\",\"item\":\"https:\\\/\\\/lalmachine.com\\\/\"},{\"@type\":\"ListItem\",\"position\":2,\"name\":\"Shop\",\"item\":\"https:\\\/\\\/lalmachine.com\\\/shop\\\/\"},{\"@type\":\"ListItem\",\"position\":3,\"name\":\"Secr\u00e9taire en noyer par Consul Mobel, Suisse, 1960&#8217;s\"}]},{\"@type\":\"WebSite\",\"@id\":\"https:\\\/\\\/lalmachine.com\\\/#website\",\"url\":\"https:\\\/\\\/lalmachine.com\\\/\",\"name\":\"lalmachine.com\",\"description\":\"Brocante en ligne Suisse | Mobilier et objets d\u00e9co vintage et design\",\"potentialAction\":[{\"@type\":\"SearchAction\",\"target\":{\"@type\":\"EntryPoint\",\"urlTemplate\":\"https:\\\/\\\/lalmachine.com\\\/?s={search_term_string}\"},\"query-input\":{\"@type\":\"PropertyValueSpecification\",\"valueRequired\":true,\"valueName\":\"search_term_string\"}}],\"inLanguage\":\"de\"}]}<\/script>\n<!-- \/ Yoast SEO plugin. -->","yoast_head_json":{"title":"Secr\u00e9taire en noyer par Consul Mobel, Suisse, 1960's | lalmachine.com","description":"D\u00e9licat et ing\u00e9nieux, ce secr\u00e9taire en noyer par Consul Mobel Suisse 60's d\u00e9voile \u00e0 mesure qu'on l'ouvre toute l'attention port\u00e9e dans son \u00e9laboration.","robots":{"index":"index","follow":"follow","max-snippet":"max-snippet:-1","max-image-preview":"max-image-preview:large","max-video-preview":"max-video-preview:-1"},"canonical":"https:\/\/lalmachine.com\/de\/shop\/meubler\/bureau\/secretaire-en-noyer-par-consul-mobel-suisse-1960s\/","og_locale":"de_DE","og_type":"article","og_title":"Secr\u00e9taire en noyer par Consul Mobel, Suisse, 1960's | lalmachine.com","og_description":"D\u00e9licat et ing\u00e9nieux, ce secr\u00e9taire en noyer par Consul Mobel Suisse 60's d\u00e9voile \u00e0 mesure qu'on l'ouvre toute l'attention port\u00e9e dans son \u00e9laboration.","og_url":"https:\/\/lalmachine.com\/de\/shop\/meubler\/bureau\/secretaire-en-noyer-par-consul-mobel-suisse-1960s\/","og_site_name":"lalmachine.com","article_publisher":"https:\/\/facebook.com\/lalmachine","article_modified_time":"2024-12-05T20:59:02+00:00","og_image":[{"width":2560,"height":2560,"url":"https:\/\/lalmachine.com\/wp-content\/uploads\/2022\/10\/Pasted-20221101-114125_clipped_rev_2-scaled.jpeg","type":"image\/jpeg"}],"twitter_card":"summary_large_image","schema":{"@context":"https:\/\/schema.org","@graph":[{"@type":"WebPage","@id":"https:\/\/lalmachine.com\/shop\/meubler\/bureau\/secretaire-en-noyer-par-consul-mobel-suisse-1960s\/","url":"https:\/\/lalmachine.com\/shop\/meubler\/bureau\/secretaire-en-noyer-par-consul-mobel-suisse-1960s\/","name":"Secr\u00e9taire en noyer par Consul Mobel, Suisse, 1960's | lalmachine.com","isPartOf":{"@id":"https:\/\/lalmachine.com\/#website"},"primaryImageOfPage":{"@id":"https:\/\/lalmachine.com\/shop\/meubler\/bureau\/secretaire-en-noyer-par-consul-mobel-suisse-1960s\/#primaryimage"},"image":{"@id":"https:\/\/lalmachine.com\/shop\/meubler\/bureau\/secretaire-en-noyer-par-consul-mobel-suisse-1960s\/#primaryimage"},"thumbnailUrl":"https:\/\/lalmachine.com\/wp-content\/uploads\/2022\/10\/Pasted-20221101-114125_clipped_rev_2-scaled.jpeg","datePublished":"2022-11-01T10:47:26+00:00","dateModified":"2024-12-05T20:59:02+00:00","description":"D\u00e9licat et ing\u00e9nieux, ce secr\u00e9taire en noyer par Consul Mobel Suisse 60's d\u00e9voile \u00e0 mesure qu'on l'ouvre toute l'attention port\u00e9e dans son \u00e9laboration.","breadcrumb":{"@id":"https:\/\/lalmachine.com\/shop\/meubler\/bureau\/secretaire-en-noyer-par-consul-mobel-suisse-1960s\/#breadcrumb"},"inLanguage":"de","potentialAction":[{"@type":"ReadAction","target":["https:\/\/lalmachine.com\/shop\/meubler\/bureau\/secretaire-en-noyer-par-consul-mobel-suisse-1960s\/"]}]},{"@type":"ImageObject","inLanguage":"de","@id":"https:\/\/lalmachine.com\/shop\/meubler\/bureau\/secretaire-en-noyer-par-consul-mobel-suisse-1960s\/#primaryimage","url":"https:\/\/lalmachine.com\/wp-content\/uploads\/2022\/10\/Pasted-20221101-114125_clipped_rev_2-scaled.jpeg","contentUrl":"https:\/\/lalmachine.com\/wp-content\/uploads\/2022\/10\/Pasted-20221101-114125_clipped_rev_2-scaled.jpeg","width":2560,"height":2560,"caption":"Secr\u00e9taire en noyer par Consul Mobel Suisse 60's"},{"@type":"BreadcrumbList","@id":"https:\/\/lalmachine.com\/shop\/meubler\/bureau\/secretaire-en-noyer-par-consul-mobel-suisse-1960s\/#breadcrumb","itemListElement":[{"@type":"ListItem","position":1,"name":"Accueil","item":"https:\/\/lalmachine.com\/"},{"@type":"ListItem","position":2,"name":"Shop","item":"https:\/\/lalmachine.com\/shop\/"},{"@type":"ListItem","position":3,"name":"Secr\u00e9taire en noyer par Consul Mobel, Suisse, 1960&#8217;s"}]},{"@type":"WebSite","@id":"https:\/\/lalmachine.com\/#website","url":"https:\/\/lalmachine.com\/","name":"lalmachine.com","description":"Brocante en ligne Suisse | Mobilier et objets d\u00e9co vintage et design","potentialAction":[{"@type":"SearchAction","target":{"@type":"EntryPoint","urlTemplate":"https:\/\/lalmachine.com\/?s={search_term_string}"},"query-input":{"@type":"PropertyValueSpecification","valueRequired":true,"valueName":"search_term_string"}}],"inLanguage":"de"}]}},"_links":{"self":[{"href":"https:\/\/lalmachine.com\/de\/wp-json\/wp\/v2\/product\/289684","targetHints":{"allow":["GET"]}}],"collection":[{"href":"https:\/\/lalmachine.com\/de\/wp-json\/wp\/v2\/product"}],"about":[{"href":"https:\/\/lalmachine.com\/de\/wp-json\/wp\/v2\/types\/product"}],"wp:featuredmedia":[{"embeddable":true,"href":"https:\/\/lalmachine.com\/de\/wp-json\/wp\/v2\/media\/289869"}],"wp:attachment":[{"href":"https:\/\/lalmachine.com\/de\/wp-json\/wp\/v2\/media?parent=289684"}],"wp:term":[{"taxonomy":"product_brand","embeddable":true,"href":"https:\/\/lalmachine.com\/de\/wp-json\/wp\/v2\/product_brand?post=289684"},{"taxonomy":"product_cat","embeddable":true,"href":"https:\/\/lalmachine.com\/de\/wp-json\/wp\/v2\/product_cat?post=289684"},{"taxonomy":"product_tag","embeddable":true,"href":"https:\/\/lalmachine.com\/de\/wp-json\/wp\/v2\/product_tag?post=289684"},{"taxonomy":"proximite","embeddable":true,"href":"https:\/\/lalmachine.com\/de\/wp-json\/wp\/v2\/proximite?post=289684"}],"curies":[{"name":"wp","href":"https:\/\/api.w.org\/{rel}","templated":true}]}}