{"id":289840,"date":"2022-11-01T11:34:07","date_gmt":"2022-11-01T10:34:07","guid":{"rendered":"https:\/\/lalmachine.com\/?post_type=product&#038;p=289840"},"modified":"2024-12-05T21:59:03","modified_gmt":"2024-12-05T20:59:03","slug":"table-a-manger-rw152-r-wilhelmsson-k-a-soner-suede-1970s","status":"publish","type":"product","link":"https:\/\/lalmachine.com\/de\/shop\/meubler\/table\/table-a-manger-rw152-r-wilhelmsson-k-a-soner-suede-1970s\/","title":{"rendered":"Table \u00e0 manger RW152, R.Wilhelmsson, K.A &amp; S\u00f6ner, Su\u00e8de, 1970&rsquo;s"},"content":{"rendered":"<ul class=\"wpuf_customs\"><li style=\"list-style-type:none;\"><label>Autres photos:<\/label> <a href=\"https:\/\/lalmachine.com\/wp-content\/uploads\/2022\/11\/CDC64F07-81E7-4081-9997-90E17DC5DEC4_1_201_a-00c19875.jpeg\"><img loading=\"lazy\" decoding=\"async\" width=\"96\" height=\"96\" src=\"https:\/\/lalmachine.com\/wp-content\/uploads\/2022\/11\/CDC64F07-81E7-4081-9997-90E17DC5DEC4_1_201_a-00c19875.jpeg\" class=\"attachment-thumbnail size-thumbnail\" alt=\"\" \/><\/a> <a href=\"https:\/\/lalmachine.com\/wp-content\/uploads\/2022\/11\/2FB20B33-CF50-4F56-AFCE-629FA681B780_1_201_a-1330ea33.jpeg\"><img loading=\"lazy\" decoding=\"async\" width=\"96\" height=\"96\" src=\"https:\/\/lalmachine.com\/wp-content\/uploads\/2022\/11\/2FB20B33-CF50-4F56-AFCE-629FA681B780_1_201_a-1330ea33.jpeg\" class=\"attachment-thumbnail size-thumbnail\" alt=\"\" \/><\/a> <a href=\"https:\/\/lalmachine.com\/wp-content\/uploads\/2022\/11\/3D48C1DE-199C-4442-84EF-A40F9D2C431A_1_201_a-a0e0fe11.jpeg\"><img loading=\"lazy\" decoding=\"async\" width=\"96\" height=\"96\" src=\"https:\/\/lalmachine.com\/wp-content\/uploads\/2022\/11\/3D48C1DE-199C-4442-84EF-A40F9D2C431A_1_201_a-a0e0fe11.jpeg\" class=\"attachment-thumbnail size-thumbnail\" alt=\"\" \/><\/a> <a href=\"https:\/\/lalmachine.com\/wp-content\/uploads\/2022\/11\/E0B43856-13E7-4406-84E9-827C64554AB8_1_201_a-de7f1c5f.jpeg\"><img loading=\"lazy\" decoding=\"async\" width=\"96\" height=\"96\" src=\"https:\/\/lalmachine.com\/wp-content\/uploads\/2022\/11\/E0B43856-13E7-4406-84E9-827C64554AB8_1_201_a-de7f1c5f.jpeg\" class=\"attachment-thumbnail size-thumbnail\" alt=\"\" \/><\/a> <a href=\"https:\/\/lalmachine.com\/wp-content\/uploads\/2022\/11\/2A2EB694-03DC-44CC-B296-475C0D9442FF_1_201_a-91fcb548-scaled.jpeg\"><img loading=\"lazy\" decoding=\"async\" width=\"96\" height=\"96\" src=\"https:\/\/lalmachine.com\/wp-content\/uploads\/2022\/11\/2A2EB694-03DC-44CC-B296-475C0D9442FF_1_201_a-91fcb548-scaled.jpeg\" class=\"attachment-thumbnail size-thumbnail\" alt=\"\" \/><\/a> <a href=\"https:\/\/lalmachine.com\/wp-content\/uploads\/2022\/11\/6F2F2F5F-DA3D-44A4-98F3-9F9711756FE3_1_201_a-17d3b3d4-scaled.jpeg\"><img loading=\"lazy\" decoding=\"async\" width=\"96\" height=\"96\" src=\"https:\/\/lalmachine.com\/wp-content\/uploads\/2022\/11\/6F2F2F5F-DA3D-44A4-98F3-9F9711756FE3_1_201_a-17d3b3d4-scaled.jpeg\" class=\"attachment-thumbnail size-thumbnail\" alt=\"\" \/><\/a> <a href=\"https:\/\/lalmachine.com\/wp-content\/uploads\/2022\/11\/81676C95-BDE5-4647-948D-A6EB6CDF7697_1_201_a-e26a53bd-scaled.jpeg\"><img loading=\"lazy\" decoding=\"async\" width=\"96\" height=\"96\" src=\"https:\/\/lalmachine.com\/wp-content\/uploads\/2022\/11\/81676C95-BDE5-4647-948D-A6EB6CDF7697_1_201_a-e26a53bd-scaled.jpeg\" class=\"attachment-thumbnail size-thumbnail\" alt=\"\" \/><\/a> <a href=\"https:\/\/lalmachine.com\/wp-content\/uploads\/2022\/11\/D481ECF1-0807-484C-B5D2-FB1CAFA106AC_1_201_a-fa99d46c-scaled.jpeg\"><img loading=\"lazy\" decoding=\"async\" width=\"96\" height=\"96\" src=\"https:\/\/lalmachine.com\/wp-content\/uploads\/2022\/11\/D481ECF1-0807-484C-B5D2-FB1CAFA106AC_1_201_a-fa99d46c-scaled.jpeg\" class=\"attachment-thumbnail size-thumbnail\" alt=\"\" \/><\/a> <a href=\"https:\/\/lalmachine.com\/wp-content\/uploads\/2022\/11\/9F6AEE07-53AC-44E3-A746-527AD6700D10_1_201_a-598f405a.jpeg\"><img loading=\"lazy\" decoding=\"async\" width=\"96\" height=\"96\" src=\"https:\/\/lalmachine.com\/wp-content\/uploads\/2022\/11\/9F6AEE07-53AC-44E3-A746-527AD6700D10_1_201_a-598f405a.jpeg\" class=\"attachment-thumbnail size-thumbnail\" alt=\"\" \/><\/a> <\/li>        <li class=\"wpuf-field-data wpuf-field-data-numeric_text_field\">\n                            <label>Prix:<\/label>\n                        3190        <\/li>\n                <li class=\"wpuf-field-data wpuf-field-data-numeric_text_field\">\n                            <label>Quantit\u00e9:<\/label>\n                        0        <\/li>\n                <li class=\"wpuf-field-data wpuf-field-data-numeric_text_field\">\n                            <label>Hauteur (cm):<\/label>\n                        70        <\/li>\n                <li class=\"wpuf-field-data wpuf-field-data-numeric_text_field\">\n                            <label>Largeur (cm):<\/label>\n                        150        <\/li>\n                <li class=\"wpuf-field-data wpuf-field-data-numeric_text_field\">\n                            <label>Profondeur (cm):<\/label>\n                        150        <\/li>\n        <\/ul>","protected":false},"excerpt":{"rendered":"<p>Un grand et \u00e9pais disque de bois, parfaitement emboit\u00e9 sur de larges tenons visibles en surface. Ce bel assemblage est \u00e9galement r\u00e9p\u00e9t\u00e9 au niveau des pieds pour garantir une rigidit\u00e9 parfaite.<\/p>\n<p>Assur\u00e9ment mais volontairement surdimensionn\u00e9e, cette table aux lignes g\u00e9om\u00e9triques rend hommage \u00e0 la devise de sa maison m\u00e8re, Karl Anderson &amp; S\u00f6ner : \u00ab\u00a0produire des meubles bien faits, durables et durables\u00a0\u00bb. (oui deux fois durables).<\/p>\n<p>Une rare et magnifique pi\u00e8ce d&rsquo;un m\u00e8tre cinquante de diam\u00e8tre, in\u00e9branlable, au style brutaliste, laissant apparaitre le savoir faire des \u00e9b\u00e9nistes ainsi que la beaut\u00e9 du bois sous tous ses angles.<\/p>\n<p>Peut accueillir jusqu&rsquo;\u00e0 10 personnes.<\/p>\n<p>Zustand<br \/>\nExcellent \u00e9tat de conservation<\/p>\n<p>Dimensions<br \/>\nHauteur 70cm \/ Diam\u00e8tre 150cm<\/p>\n<p>LIVRAISON POSSIBLE SUR DEMANDE<\/p>","protected":false},"featured_media":319960,"template":"","meta":{"_et_pb_use_builder":"","_et_pb_old_content":"","_et_gb_content_width":""},"product_brand":[],"product_cat":[47,82],"product_tag":[],"proximite":[278,179],"class_list":{"0":"post-289840","1":"product","2":"type-product","3":"status-publish","4":"has-post-thumbnail","6":"product_cat-meubler","7":"product_cat-table","8":"pa_couleur-bois","9":"pa_etat-bon-etat","10":"pa_materiau-bois","11":"pa_style-scandinave","12":"proximite-lausanne","13":"proximite-vaud","15":"first","16":"outofstock","17":"sale","18":"shipping-taxable","19":"purchasable","20":"product-type-simple"},"yoast_head":"<!-- This site is optimized with the Yoast SEO plugin v27.4 - https:\/\/yoast.com\/product\/yoast-seo-wordpress\/ -->\n<title>Table \u00e0 manger RW152, R.Wilhelmsson, K.A &amp; S\u00f6ner, Su\u00e8de, 1970&#039;s | lalmachine.com<\/title>\n<meta name=\"description\" content=\"Un grand et \u00e9pais disque de bois, parfaitement emboit\u00e9 sur de larges tenons visibles en surface. Peut accueillir jusqu&#039;\u00e0 10 personnes.\" \/>\n<meta name=\"robots\" content=\"index, follow, max-snippet:-1, max-image-preview:large, max-video-preview:-1\" \/>\n<link rel=\"canonical\" href=\"https:\/\/lalmachine.com\/de\/shop\/meubler\/table\/table-a-manger-rw152-r-wilhelmsson-k-a-soner-suede-1970s\/\" \/>\n<meta property=\"og:locale\" content=\"de_DE\" \/>\n<meta property=\"og:type\" content=\"article\" \/>\n<meta property=\"og:title\" content=\"Table \u00e0 manger RW152, R.Wilhelmsson, K.A &amp; S\u00f6ner, Su\u00e8de, 1970&#039;s | lalmachine.com\" \/>\n<meta property=\"og:description\" content=\"Un grand et \u00e9pais disque de bois, parfaitement emboit\u00e9 sur de larges tenons visibles en surface. Peut accueillir jusqu&#039;\u00e0 10 personnes.\" \/>\n<meta property=\"og:url\" content=\"https:\/\/lalmachine.com\/de\/shop\/meubler\/table\/table-a-manger-rw152-r-wilhelmsson-k-a-soner-suede-1970s\/\" \/>\n<meta property=\"og:site_name\" content=\"lalmachine.com\" \/>\n<meta property=\"article:publisher\" content=\"https:\/\/facebook.com\/lalmachine\" \/>\n<meta property=\"article:modified_time\" content=\"2024-12-05T20:59:03+00:00\" \/>\n<meta property=\"og:image\" content=\"https:\/\/lalmachine.com\/wp-content\/uploads\/2022\/11\/Pasted-20221101-105958_clipped_rev_2.jpeg\" \/>\n\t<meta property=\"og:image:width\" content=\"1838\" \/>\n\t<meta property=\"og:image:height\" content=\"1837\" \/>\n\t<meta property=\"og:image:type\" content=\"image\/jpeg\" \/>\n<meta name=\"twitter:card\" content=\"summary_large_image\" \/>\n<script type=\"application\/ld+json\" class=\"yoast-schema-graph\">{\"@context\":\"https:\\\/\\\/schema.org\",\"@graph\":[{\"@type\":\"WebPage\",\"@id\":\"https:\\\/\\\/lalmachine.com\\\/shop\\\/meubler\\\/table\\\/table-a-manger-rw152-r-wilhelmsson-k-a-soner-suede-1970s\\\/\",\"url\":\"https:\\\/\\\/lalmachine.com\\\/shop\\\/meubler\\\/table\\\/table-a-manger-rw152-r-wilhelmsson-k-a-soner-suede-1970s\\\/\",\"name\":\"Table \u00e0 manger RW152, R.Wilhelmsson, K.A &amp; S\u00f6ner, Su\u00e8de, 1970's | lalmachine.com\",\"isPartOf\":{\"@id\":\"https:\\\/\\\/lalmachine.com\\\/#website\"},\"primaryImageOfPage\":{\"@id\":\"https:\\\/\\\/lalmachine.com\\\/shop\\\/meubler\\\/table\\\/table-a-manger-rw152-r-wilhelmsson-k-a-soner-suede-1970s\\\/#primaryimage\"},\"image\":{\"@id\":\"https:\\\/\\\/lalmachine.com\\\/shop\\\/meubler\\\/table\\\/table-a-manger-rw152-r-wilhelmsson-k-a-soner-suede-1970s\\\/#primaryimage\"},\"thumbnailUrl\":\"https:\\\/\\\/lalmachine.com\\\/wp-content\\\/uploads\\\/2022\\\/11\\\/Pasted-20221101-105958_clipped_rev_2.jpeg\",\"datePublished\":\"2022-11-01T10:34:07+00:00\",\"dateModified\":\"2024-12-05T20:59:03+00:00\",\"description\":\"Un grand et \u00e9pais disque de bois, parfaitement emboit\u00e9 sur de larges tenons visibles en surface. Peut accueillir jusqu'\u00e0 10 personnes.\",\"breadcrumb\":{\"@id\":\"https:\\\/\\\/lalmachine.com\\\/shop\\\/meubler\\\/table\\\/table-a-manger-rw152-r-wilhelmsson-k-a-soner-suede-1970s\\\/#breadcrumb\"},\"inLanguage\":\"de\",\"potentialAction\":[{\"@type\":\"ReadAction\",\"target\":[\"https:\\\/\\\/lalmachine.com\\\/shop\\\/meubler\\\/table\\\/table-a-manger-rw152-r-wilhelmsson-k-a-soner-suede-1970s\\\/\"]}]},{\"@type\":\"ImageObject\",\"inLanguage\":\"de\",\"@id\":\"https:\\\/\\\/lalmachine.com\\\/shop\\\/meubler\\\/table\\\/table-a-manger-rw152-r-wilhelmsson-k-a-soner-suede-1970s\\\/#primaryimage\",\"url\":\"https:\\\/\\\/lalmachine.com\\\/wp-content\\\/uploads\\\/2022\\\/11\\\/Pasted-20221101-105958_clipped_rev_2.jpeg\",\"contentUrl\":\"https:\\\/\\\/lalmachine.com\\\/wp-content\\\/uploads\\\/2022\\\/11\\\/Pasted-20221101-105958_clipped_rev_2.jpeg\",\"width\":1838,\"height\":1837,\"caption\":\"Table \u00e0 manger RW152 R.Wilhelmsson K.A & S\u00f6ner Su\u00e8de 70's\"},{\"@type\":\"BreadcrumbList\",\"@id\":\"https:\\\/\\\/lalmachine.com\\\/shop\\\/meubler\\\/table\\\/table-a-manger-rw152-r-wilhelmsson-k-a-soner-suede-1970s\\\/#breadcrumb\",\"itemListElement\":[{\"@type\":\"ListItem\",\"position\":1,\"name\":\"Accueil\",\"item\":\"https:\\\/\\\/lalmachine.com\\\/\"},{\"@type\":\"ListItem\",\"position\":2,\"name\":\"Shop\",\"item\":\"https:\\\/\\\/lalmachine.com\\\/shop\\\/\"},{\"@type\":\"ListItem\",\"position\":3,\"name\":\"Table \u00e0 manger RW152, R.Wilhelmsson, K.A &amp; S\u00f6ner, Su\u00e8de, 1970&#8217;s\"}]},{\"@type\":\"WebSite\",\"@id\":\"https:\\\/\\\/lalmachine.com\\\/#website\",\"url\":\"https:\\\/\\\/lalmachine.com\\\/\",\"name\":\"lalmachine.com\",\"description\":\"Brocante en ligne Suisse | Mobilier et objets d\u00e9co vintage et design\",\"potentialAction\":[{\"@type\":\"SearchAction\",\"target\":{\"@type\":\"EntryPoint\",\"urlTemplate\":\"https:\\\/\\\/lalmachine.com\\\/?s={search_term_string}\"},\"query-input\":{\"@type\":\"PropertyValueSpecification\",\"valueRequired\":true,\"valueName\":\"search_term_string\"}}],\"inLanguage\":\"de\"}]}<\/script>\n<!-- \/ Yoast SEO plugin. -->","yoast_head_json":{"title":"Table \u00e0 manger RW152, R.Wilhelmsson, K.A &amp; S\u00f6ner, Su\u00e8de, 1970's | lalmachine.com","description":"Un grand et \u00e9pais disque de bois, parfaitement emboit\u00e9 sur de larges tenons visibles en surface. Peut accueillir jusqu'\u00e0 10 personnes.","robots":{"index":"index","follow":"follow","max-snippet":"max-snippet:-1","max-image-preview":"max-image-preview:large","max-video-preview":"max-video-preview:-1"},"canonical":"https:\/\/lalmachine.com\/de\/shop\/meubler\/table\/table-a-manger-rw152-r-wilhelmsson-k-a-soner-suede-1970s\/","og_locale":"de_DE","og_type":"article","og_title":"Table \u00e0 manger RW152, R.Wilhelmsson, K.A &amp; S\u00f6ner, Su\u00e8de, 1970's | lalmachine.com","og_description":"Un grand et \u00e9pais disque de bois, parfaitement emboit\u00e9 sur de larges tenons visibles en surface. Peut accueillir jusqu'\u00e0 10 personnes.","og_url":"https:\/\/lalmachine.com\/de\/shop\/meubler\/table\/table-a-manger-rw152-r-wilhelmsson-k-a-soner-suede-1970s\/","og_site_name":"lalmachine.com","article_publisher":"https:\/\/facebook.com\/lalmachine","article_modified_time":"2024-12-05T20:59:03+00:00","og_image":[{"width":1838,"height":1837,"url":"https:\/\/lalmachine.com\/wp-content\/uploads\/2022\/11\/Pasted-20221101-105958_clipped_rev_2.jpeg","type":"image\/jpeg"}],"twitter_card":"summary_large_image","schema":{"@context":"https:\/\/schema.org","@graph":[{"@type":"WebPage","@id":"https:\/\/lalmachine.com\/shop\/meubler\/table\/table-a-manger-rw152-r-wilhelmsson-k-a-soner-suede-1970s\/","url":"https:\/\/lalmachine.com\/shop\/meubler\/table\/table-a-manger-rw152-r-wilhelmsson-k-a-soner-suede-1970s\/","name":"Table \u00e0 manger RW152, R.Wilhelmsson, K.A &amp; S\u00f6ner, Su\u00e8de, 1970's | lalmachine.com","isPartOf":{"@id":"https:\/\/lalmachine.com\/#website"},"primaryImageOfPage":{"@id":"https:\/\/lalmachine.com\/shop\/meubler\/table\/table-a-manger-rw152-r-wilhelmsson-k-a-soner-suede-1970s\/#primaryimage"},"image":{"@id":"https:\/\/lalmachine.com\/shop\/meubler\/table\/table-a-manger-rw152-r-wilhelmsson-k-a-soner-suede-1970s\/#primaryimage"},"thumbnailUrl":"https:\/\/lalmachine.com\/wp-content\/uploads\/2022\/11\/Pasted-20221101-105958_clipped_rev_2.jpeg","datePublished":"2022-11-01T10:34:07+00:00","dateModified":"2024-12-05T20:59:03+00:00","description":"Un grand et \u00e9pais disque de bois, parfaitement emboit\u00e9 sur de larges tenons visibles en surface. Peut accueillir jusqu'\u00e0 10 personnes.","breadcrumb":{"@id":"https:\/\/lalmachine.com\/shop\/meubler\/table\/table-a-manger-rw152-r-wilhelmsson-k-a-soner-suede-1970s\/#breadcrumb"},"inLanguage":"de","potentialAction":[{"@type":"ReadAction","target":["https:\/\/lalmachine.com\/shop\/meubler\/table\/table-a-manger-rw152-r-wilhelmsson-k-a-soner-suede-1970s\/"]}]},{"@type":"ImageObject","inLanguage":"de","@id":"https:\/\/lalmachine.com\/shop\/meubler\/table\/table-a-manger-rw152-r-wilhelmsson-k-a-soner-suede-1970s\/#primaryimage","url":"https:\/\/lalmachine.com\/wp-content\/uploads\/2022\/11\/Pasted-20221101-105958_clipped_rev_2.jpeg","contentUrl":"https:\/\/lalmachine.com\/wp-content\/uploads\/2022\/11\/Pasted-20221101-105958_clipped_rev_2.jpeg","width":1838,"height":1837,"caption":"Table \u00e0 manger RW152 R.Wilhelmsson K.A & S\u00f6ner Su\u00e8de 70's"},{"@type":"BreadcrumbList","@id":"https:\/\/lalmachine.com\/shop\/meubler\/table\/table-a-manger-rw152-r-wilhelmsson-k-a-soner-suede-1970s\/#breadcrumb","itemListElement":[{"@type":"ListItem","position":1,"name":"Accueil","item":"https:\/\/lalmachine.com\/"},{"@type":"ListItem","position":2,"name":"Shop","item":"https:\/\/lalmachine.com\/shop\/"},{"@type":"ListItem","position":3,"name":"Table \u00e0 manger RW152, R.Wilhelmsson, K.A &amp; S\u00f6ner, Su\u00e8de, 1970&#8217;s"}]},{"@type":"WebSite","@id":"https:\/\/lalmachine.com\/#website","url":"https:\/\/lalmachine.com\/","name":"lalmachine.com","description":"Brocante en ligne Suisse | Mobilier et objets d\u00e9co vintage et design","potentialAction":[{"@type":"SearchAction","target":{"@type":"EntryPoint","urlTemplate":"https:\/\/lalmachine.com\/?s={search_term_string}"},"query-input":{"@type":"PropertyValueSpecification","valueRequired":true,"valueName":"search_term_string"}}],"inLanguage":"de"}]}},"_links":{"self":[{"href":"https:\/\/lalmachine.com\/de\/wp-json\/wp\/v2\/product\/289840","targetHints":{"allow":["GET"]}}],"collection":[{"href":"https:\/\/lalmachine.com\/de\/wp-json\/wp\/v2\/product"}],"about":[{"href":"https:\/\/lalmachine.com\/de\/wp-json\/wp\/v2\/types\/product"}],"wp:featuredmedia":[{"embeddable":true,"href":"https:\/\/lalmachine.com\/de\/wp-json\/wp\/v2\/media\/319960"}],"wp:attachment":[{"href":"https:\/\/lalmachine.com\/de\/wp-json\/wp\/v2\/media?parent=289840"}],"wp:term":[{"taxonomy":"product_brand","embeddable":true,"href":"https:\/\/lalmachine.com\/de\/wp-json\/wp\/v2\/product_brand?post=289840"},{"taxonomy":"product_cat","embeddable":true,"href":"https:\/\/lalmachine.com\/de\/wp-json\/wp\/v2\/product_cat?post=289840"},{"taxonomy":"product_tag","embeddable":true,"href":"https:\/\/lalmachine.com\/de\/wp-json\/wp\/v2\/product_tag?post=289840"},{"taxonomy":"proximite","embeddable":true,"href":"https:\/\/lalmachine.com\/de\/wp-json\/wp\/v2\/proximite?post=289840"}],"curies":[{"name":"wp","href":"https:\/\/api.w.org\/{rel}","templated":true}]}}