{"id":291225,"date":"2022-11-16T08:48:18","date_gmt":"2022-11-16T07:48:18","guid":{"rendered":"https:\/\/lalmachine.com\/?post_type=product&#038;p=291225"},"modified":"2024-12-05T21:59:10","modified_gmt":"2024-12-05T20:59:10","slug":"chaise-serie-7-hans-fritzen","status":"publish","type":"product","link":"https:\/\/lalmachine.com\/de\/shop\/sasseoir\/chaise\/chaise-serie-7-hans-fritzen\/","title":{"rendered":"Chaise Fritz Hansen S\u00e9rie 7"},"content":{"rendered":"<ul class=\"wpuf_customs\"><li style=\"list-style-type:none;\"><label>Autres photos:<\/label> <a href=\"https:\/\/lalmachine.com\/wp-content\/uploads\/2022\/11\/9436C4AF-274A-4E34-91CD-CCD76EB76ECF-01ec3380-scaled.jpeg\"><img loading=\"lazy\" decoding=\"async\" width=\"72\" height=\"96\" src=\"https:\/\/lalmachine.com\/wp-content\/uploads\/2022\/11\/9436C4AF-274A-4E34-91CD-CCD76EB76ECF-01ec3380-scaled.jpeg\" class=\"attachment-thumbnail size-thumbnail\" alt=\"\" \/><\/a> <a href=\"https:\/\/lalmachine.com\/wp-content\/uploads\/2022\/11\/7FEDF50A-CBF3-4CA6-94CC-C0CCBBFE26EF-00624456-scaled.jpeg\"><img loading=\"lazy\" decoding=\"async\" width=\"128\" height=\"96\" src=\"https:\/\/lalmachine.com\/wp-content\/uploads\/2022\/11\/7FEDF50A-CBF3-4CA6-94CC-C0CCBBFE26EF-00624456-scaled.jpeg\" class=\"attachment-thumbnail size-thumbnail\" alt=\"\" \/><\/a> <a href=\"https:\/\/lalmachine.com\/wp-content\/uploads\/2022\/11\/780F6EE2-247B-4F85-A32F-AF2F124570DF-a8a79647-scaled.jpeg\"><img loading=\"lazy\" decoding=\"async\" width=\"128\" height=\"96\" src=\"https:\/\/lalmachine.com\/wp-content\/uploads\/2022\/11\/780F6EE2-247B-4F85-A32F-AF2F124570DF-a8a79647-scaled.jpeg\" class=\"attachment-thumbnail size-thumbnail\" alt=\"\" \/><\/a> <a href=\"https:\/\/lalmachine.com\/wp-content\/uploads\/2022\/11\/24DD8023-08C9-4EEC-979A-4D9D0B05704A-3a951e7e-scaled.jpeg\"><img loading=\"lazy\" decoding=\"async\" width=\"128\" height=\"96\" src=\"https:\/\/lalmachine.com\/wp-content\/uploads\/2022\/11\/24DD8023-08C9-4EEC-979A-4D9D0B05704A-3a951e7e-scaled.jpeg\" class=\"attachment-thumbnail size-thumbnail\" alt=\"\" \/><\/a> <a href=\"https:\/\/lalmachine.com\/wp-content\/uploads\/2022\/11\/EB1A16B0-FCFC-4B64-95A7-83C4CC8FDA44-28680847-scaled.jpeg\"><img loading=\"lazy\" decoding=\"async\" width=\"128\" height=\"96\" src=\"https:\/\/lalmachine.com\/wp-content\/uploads\/2022\/11\/EB1A16B0-FCFC-4B64-95A7-83C4CC8FDA44-28680847-scaled.jpeg\" class=\"attachment-thumbnail size-thumbnail\" alt=\"\" \/><\/a> <a href=\"https:\/\/lalmachine.com\/wp-content\/uploads\/2022\/11\/82BC8F2B-98BE-4BB1-826F-33C7B3D59486-d6f687d3-scaled.jpeg\"><img loading=\"lazy\" decoding=\"async\" width=\"128\" height=\"96\" src=\"https:\/\/lalmachine.com\/wp-content\/uploads\/2022\/11\/82BC8F2B-98BE-4BB1-826F-33C7B3D59486-d6f687d3-scaled.jpeg\" class=\"attachment-thumbnail size-thumbnail\" alt=\"\" \/><\/a> <a href=\"https:\/\/lalmachine.com\/wp-content\/uploads\/2022\/11\/BC154674-04BA-473B-951C-2081EAC110FD-8272fe23-scaled.jpeg\"><img loading=\"lazy\" decoding=\"async\" width=\"128\" height=\"96\" src=\"https:\/\/lalmachine.com\/wp-content\/uploads\/2022\/11\/BC154674-04BA-473B-951C-2081EAC110FD-8272fe23-scaled.jpeg\" class=\"attachment-thumbnail size-thumbnail\" alt=\"\" \/><\/a> <\/li>        <li class=\"wpuf-field-data wpuf-field-data-numeric_text_field\">\n                            <label>Prix:<\/label>\n                        100        <\/li>\n                <li class=\"wpuf-field-data wpuf-field-data-numeric_text_field\">\n                            <label>Hauteur (cm):<\/label>\n                        82        <\/li>\n                <li class=\"wpuf-field-data wpuf-field-data-numeric_text_field\">\n                            <label>Largeur (cm):<\/label>\n                        50        <\/li>\n                <li class=\"wpuf-field-data wpuf-field-data-numeric_text_field\">\n                            <label>Profondeur (cm):<\/label>\n                        52        <\/li>\n        <\/ul>","protected":false},"excerpt":{"rendered":"<p>Chaise S\u00e9rie 7 con\u00e7ue par Arne Jacobsen pour Fritz Hansen. De couleur jaune avec quelques griffures.<\/p>","protected":false},"featured_media":291249,"template":"","meta":{"_et_pb_use_builder":"","_et_pb_old_content":"","_et_gb_content_width":""},"product_brand":[],"product_cat":[100,48],"product_tag":[],"proximite":[283,179],"class_list":{"0":"post-291225","1":"product","2":"type-product","3":"status-publish","4":"has-post-thumbnail","6":"product_cat-chaise","7":"product_cat-sasseoir","8":"pa_couleur-jaune","9":"pa_etat-dans-son-jus","10":"pa_materiau-bois","11":"pa_style-design","12":"proximite-riviera-pays-denhaut","13":"proximite-vaud","15":"first","16":"outofstock","17":"shipping-taxable","18":"purchasable","19":"product-type-simple"},"yoast_head":"<!-- This site is optimized with the Yoast SEO plugin v27.4 - https:\/\/yoast.com\/product\/yoast-seo-wordpress\/ -->\n<title>Chaise Fritz Hansen S\u00e9rie 7 | lalmachine.com<\/title>\n<meta name=\"description\" content=\"Chaise S\u00e9rie 7 con\u00e7ue par Arne Jacobsen pour Fritz Hansen.\" \/>\n<meta name=\"robots\" content=\"index, follow, max-snippet:-1, max-image-preview:large, max-video-preview:-1\" \/>\n<link rel=\"canonical\" href=\"https:\/\/lalmachine.com\/de\/shop\/sasseoir\/chaise\/chaise-serie-7-hans-fritzen\/\" \/>\n<meta property=\"og:locale\" content=\"de_DE\" \/>\n<meta property=\"og:type\" content=\"article\" \/>\n<meta property=\"og:title\" content=\"Chaise Fritz Hansen S\u00e9rie 7 | lalmachine.com\" \/>\n<meta property=\"og:description\" content=\"Chaise S\u00e9rie 7 con\u00e7ue par Arne Jacobsen pour Fritz Hansen.\" \/>\n<meta property=\"og:url\" content=\"https:\/\/lalmachine.com\/de\/shop\/sasseoir\/chaise\/chaise-serie-7-hans-fritzen\/\" \/>\n<meta property=\"og:site_name\" content=\"lalmachine.com\" \/>\n<meta property=\"article:publisher\" content=\"https:\/\/facebook.com\/lalmachine\" \/>\n<meta property=\"article:modified_time\" content=\"2024-12-05T20:59:10+00:00\" \/>\n<meta property=\"og:image\" content=\"https:\/\/lalmachine.com\/wp-content\/uploads\/2022\/11\/Pasted-20221116-081729_clipped_rev_1-scaled.jpeg\" \/>\n\t<meta property=\"og:image:width\" content=\"2560\" \/>\n\t<meta property=\"og:image:height\" content=\"2560\" \/>\n\t<meta property=\"og:image:type\" content=\"image\/jpeg\" \/>\n<meta name=\"twitter:card\" content=\"summary_large_image\" \/>\n<script type=\"application\/ld+json\" class=\"yoast-schema-graph\">{\"@context\":\"https:\\\/\\\/schema.org\",\"@graph\":[{\"@type\":\"WebPage\",\"@id\":\"https:\\\/\\\/lalmachine.com\\\/shop\\\/sasseoir\\\/chaise\\\/chaise-serie-7-hans-fritzen\\\/\",\"url\":\"https:\\\/\\\/lalmachine.com\\\/shop\\\/sasseoir\\\/chaise\\\/chaise-serie-7-hans-fritzen\\\/\",\"name\":\"Chaise Fritz Hansen S\u00e9rie 7 | lalmachine.com\",\"isPartOf\":{\"@id\":\"https:\\\/\\\/lalmachine.com\\\/#website\"},\"primaryImageOfPage\":{\"@id\":\"https:\\\/\\\/lalmachine.com\\\/shop\\\/sasseoir\\\/chaise\\\/chaise-serie-7-hans-fritzen\\\/#primaryimage\"},\"image\":{\"@id\":\"https:\\\/\\\/lalmachine.com\\\/shop\\\/sasseoir\\\/chaise\\\/chaise-serie-7-hans-fritzen\\\/#primaryimage\"},\"thumbnailUrl\":\"https:\\\/\\\/lalmachine.com\\\/wp-content\\\/uploads\\\/2022\\\/11\\\/Pasted-20221116-081729_clipped_rev_1-scaled.jpeg\",\"datePublished\":\"2022-11-16T07:48:18+00:00\",\"dateModified\":\"2024-12-05T20:59:10+00:00\",\"description\":\"Chaise S\u00e9rie 7 con\u00e7ue par Arne Jacobsen pour Fritz Hansen.\",\"breadcrumb\":{\"@id\":\"https:\\\/\\\/lalmachine.com\\\/shop\\\/sasseoir\\\/chaise\\\/chaise-serie-7-hans-fritzen\\\/#breadcrumb\"},\"inLanguage\":\"de\",\"potentialAction\":[{\"@type\":\"ReadAction\",\"target\":[\"https:\\\/\\\/lalmachine.com\\\/shop\\\/sasseoir\\\/chaise\\\/chaise-serie-7-hans-fritzen\\\/\"]}]},{\"@type\":\"ImageObject\",\"inLanguage\":\"de\",\"@id\":\"https:\\\/\\\/lalmachine.com\\\/shop\\\/sasseoir\\\/chaise\\\/chaise-serie-7-hans-fritzen\\\/#primaryimage\",\"url\":\"https:\\\/\\\/lalmachine.com\\\/wp-content\\\/uploads\\\/2022\\\/11\\\/Pasted-20221116-081729_clipped_rev_1-scaled.jpeg\",\"contentUrl\":\"https:\\\/\\\/lalmachine.com\\\/wp-content\\\/uploads\\\/2022\\\/11\\\/Pasted-20221116-081729_clipped_rev_1-scaled.jpeg\",\"width\":2560,\"height\":2560},{\"@type\":\"BreadcrumbList\",\"@id\":\"https:\\\/\\\/lalmachine.com\\\/shop\\\/sasseoir\\\/chaise\\\/chaise-serie-7-hans-fritzen\\\/#breadcrumb\",\"itemListElement\":[{\"@type\":\"ListItem\",\"position\":1,\"name\":\"Accueil\",\"item\":\"https:\\\/\\\/lalmachine.com\\\/\"},{\"@type\":\"ListItem\",\"position\":2,\"name\":\"Shop\",\"item\":\"https:\\\/\\\/lalmachine.com\\\/shop\\\/\"},{\"@type\":\"ListItem\",\"position\":3,\"name\":\"Chaise Fritz Hansen S\u00e9rie 7\"}]},{\"@type\":\"WebSite\",\"@id\":\"https:\\\/\\\/lalmachine.com\\\/#website\",\"url\":\"https:\\\/\\\/lalmachine.com\\\/\",\"name\":\"lalmachine.com\",\"description\":\"Brocante en ligne Suisse | Mobilier et objets d\u00e9co vintage et design\",\"potentialAction\":[{\"@type\":\"SearchAction\",\"target\":{\"@type\":\"EntryPoint\",\"urlTemplate\":\"https:\\\/\\\/lalmachine.com\\\/?s={search_term_string}\"},\"query-input\":{\"@type\":\"PropertyValueSpecification\",\"valueRequired\":true,\"valueName\":\"search_term_string\"}}],\"inLanguage\":\"de\"}]}<\/script>\n<!-- \/ Yoast SEO plugin. -->","yoast_head_json":{"title":"Chaise Fritz Hansen S\u00e9rie 7 | lalmachine.com","description":"Chaise S\u00e9rie 7 con\u00e7ue par Arne Jacobsen pour Fritz Hansen.","robots":{"index":"index","follow":"follow","max-snippet":"max-snippet:-1","max-image-preview":"max-image-preview:large","max-video-preview":"max-video-preview:-1"},"canonical":"https:\/\/lalmachine.com\/de\/shop\/sasseoir\/chaise\/chaise-serie-7-hans-fritzen\/","og_locale":"de_DE","og_type":"article","og_title":"Chaise Fritz Hansen S\u00e9rie 7 | lalmachine.com","og_description":"Chaise S\u00e9rie 7 con\u00e7ue par Arne Jacobsen pour Fritz Hansen.","og_url":"https:\/\/lalmachine.com\/de\/shop\/sasseoir\/chaise\/chaise-serie-7-hans-fritzen\/","og_site_name":"lalmachine.com","article_publisher":"https:\/\/facebook.com\/lalmachine","article_modified_time":"2024-12-05T20:59:10+00:00","og_image":[{"width":2560,"height":2560,"url":"https:\/\/lalmachine.com\/wp-content\/uploads\/2022\/11\/Pasted-20221116-081729_clipped_rev_1-scaled.jpeg","type":"image\/jpeg"}],"twitter_card":"summary_large_image","schema":{"@context":"https:\/\/schema.org","@graph":[{"@type":"WebPage","@id":"https:\/\/lalmachine.com\/shop\/sasseoir\/chaise\/chaise-serie-7-hans-fritzen\/","url":"https:\/\/lalmachine.com\/shop\/sasseoir\/chaise\/chaise-serie-7-hans-fritzen\/","name":"Chaise Fritz Hansen S\u00e9rie 7 | lalmachine.com","isPartOf":{"@id":"https:\/\/lalmachine.com\/#website"},"primaryImageOfPage":{"@id":"https:\/\/lalmachine.com\/shop\/sasseoir\/chaise\/chaise-serie-7-hans-fritzen\/#primaryimage"},"image":{"@id":"https:\/\/lalmachine.com\/shop\/sasseoir\/chaise\/chaise-serie-7-hans-fritzen\/#primaryimage"},"thumbnailUrl":"https:\/\/lalmachine.com\/wp-content\/uploads\/2022\/11\/Pasted-20221116-081729_clipped_rev_1-scaled.jpeg","datePublished":"2022-11-16T07:48:18+00:00","dateModified":"2024-12-05T20:59:10+00:00","description":"Chaise S\u00e9rie 7 con\u00e7ue par Arne Jacobsen pour Fritz Hansen.","breadcrumb":{"@id":"https:\/\/lalmachine.com\/shop\/sasseoir\/chaise\/chaise-serie-7-hans-fritzen\/#breadcrumb"},"inLanguage":"de","potentialAction":[{"@type":"ReadAction","target":["https:\/\/lalmachine.com\/shop\/sasseoir\/chaise\/chaise-serie-7-hans-fritzen\/"]}]},{"@type":"ImageObject","inLanguage":"de","@id":"https:\/\/lalmachine.com\/shop\/sasseoir\/chaise\/chaise-serie-7-hans-fritzen\/#primaryimage","url":"https:\/\/lalmachine.com\/wp-content\/uploads\/2022\/11\/Pasted-20221116-081729_clipped_rev_1-scaled.jpeg","contentUrl":"https:\/\/lalmachine.com\/wp-content\/uploads\/2022\/11\/Pasted-20221116-081729_clipped_rev_1-scaled.jpeg","width":2560,"height":2560},{"@type":"BreadcrumbList","@id":"https:\/\/lalmachine.com\/shop\/sasseoir\/chaise\/chaise-serie-7-hans-fritzen\/#breadcrumb","itemListElement":[{"@type":"ListItem","position":1,"name":"Accueil","item":"https:\/\/lalmachine.com\/"},{"@type":"ListItem","position":2,"name":"Shop","item":"https:\/\/lalmachine.com\/shop\/"},{"@type":"ListItem","position":3,"name":"Chaise Fritz Hansen S\u00e9rie 7"}]},{"@type":"WebSite","@id":"https:\/\/lalmachine.com\/#website","url":"https:\/\/lalmachine.com\/","name":"lalmachine.com","description":"Brocante en ligne Suisse | Mobilier et objets d\u00e9co vintage et design","potentialAction":[{"@type":"SearchAction","target":{"@type":"EntryPoint","urlTemplate":"https:\/\/lalmachine.com\/?s={search_term_string}"},"query-input":{"@type":"PropertyValueSpecification","valueRequired":true,"valueName":"search_term_string"}}],"inLanguage":"de"}]}},"_links":{"self":[{"href":"https:\/\/lalmachine.com\/de\/wp-json\/wp\/v2\/product\/291225","targetHints":{"allow":["GET"]}}],"collection":[{"href":"https:\/\/lalmachine.com\/de\/wp-json\/wp\/v2\/product"}],"about":[{"href":"https:\/\/lalmachine.com\/de\/wp-json\/wp\/v2\/types\/product"}],"wp:featuredmedia":[{"embeddable":true,"href":"https:\/\/lalmachine.com\/de\/wp-json\/wp\/v2\/media\/291249"}],"wp:attachment":[{"href":"https:\/\/lalmachine.com\/de\/wp-json\/wp\/v2\/media?parent=291225"}],"wp:term":[{"taxonomy":"product_brand","embeddable":true,"href":"https:\/\/lalmachine.com\/de\/wp-json\/wp\/v2\/product_brand?post=291225"},{"taxonomy":"product_cat","embeddable":true,"href":"https:\/\/lalmachine.com\/de\/wp-json\/wp\/v2\/product_cat?post=291225"},{"taxonomy":"product_tag","embeddable":true,"href":"https:\/\/lalmachine.com\/de\/wp-json\/wp\/v2\/product_tag?post=291225"},{"taxonomy":"proximite","embeddable":true,"href":"https:\/\/lalmachine.com\/de\/wp-json\/wp\/v2\/proximite?post=291225"}],"curies":[{"name":"wp","href":"https:\/\/api.w.org\/{rel}","templated":true}]}}