{"id":291285,"date":"2022-11-18T08:22:59","date_gmt":"2022-11-18T07:22:59","guid":{"rendered":"https:\/\/lalmachine.com\/?post_type=product&#038;p=291285"},"modified":"2024-12-05T21:59:10","modified_gmt":"2024-12-05T20:59:10","slug":"lampe-de-table-cestita-par-miguel-mila","status":"publish","type":"product","link":"https:\/\/lalmachine.com\/de\/shop\/eclairer\/lampe-de-table-bureau\/lampe-de-table-cestita-par-miguel-mila\/","title":{"rendered":"Lampe de table Cestita par Miguel Mila"},"content":{"rendered":"<ul class=\"wpuf_customs\"><li style=\"list-style-type:none;\"><label>Autres photos:<\/label> <a href=\"https:\/\/lalmachine.com\/wp-content\/uploads\/2022\/11\/IMG_9762-6371026a-scaled.jpg\"><img loading=\"lazy\" decoding=\"async\" width=\"72\" height=\"96\" src=\"https:\/\/lalmachine.com\/wp-content\/uploads\/2022\/11\/IMG_9762-6371026a-scaled.jpg\" class=\"attachment-thumbnail size-thumbnail\" alt=\"\" \/><\/a> <a href=\"https:\/\/lalmachine.com\/wp-content\/uploads\/2022\/11\/IMG_9764-ab3d2de2-scaled.jpg\"><img loading=\"lazy\" decoding=\"async\" width=\"72\" height=\"96\" src=\"https:\/\/lalmachine.com\/wp-content\/uploads\/2022\/11\/IMG_9764-ab3d2de2-scaled.jpg\" class=\"attachment-thumbnail size-thumbnail\" alt=\"\" \/><\/a> <a href=\"https:\/\/lalmachine.com\/wp-content\/uploads\/2022\/11\/IMG_9759-e5e59203-scaled.jpg\"><img loading=\"lazy\" decoding=\"async\" width=\"72\" height=\"96\" src=\"https:\/\/lalmachine.com\/wp-content\/uploads\/2022\/11\/IMG_9759-e5e59203-scaled.jpg\" class=\"attachment-thumbnail size-thumbnail\" alt=\"\" \/><\/a> <\/li>        <li class=\"wpuf-field-data wpuf-field-data-numeric_text_field\">\n                            <label>Prix:<\/label>\n                        210        <\/li>\n                <li class=\"wpuf-field-data wpuf-field-data-numeric_text_field\">\n                            <label>Hauteur (cm):<\/label>\n                        36        <\/li>\n                <li class=\"wpuf-field-data wpuf-field-data-numeric_text_field\">\n                            <label>Largeur (cm):<\/label>\n                        22        <\/li>\n                <li class=\"wpuf-field-data wpuf-field-data-numeric_text_field\">\n                            <label>Profondeur (cm):<\/label>\n                        22        <\/li>\n        <\/ul>","protected":false},"excerpt":{"rendered":"<p>Super petite lampe \u00e0 poser, baladeuse, rechargeable via un cordon \u00e9lectrique. Son abat jour est en verre opale et sa structure en bois de cerisier. Une ampoule LED est incluse.<br \/>\nBaptis\u00e9e Cestita, dessin\u00e9e par Miguel Mila, on peut l&#8217;emmener partout, du salon \u00e0 la chambre&#8230; sur le mode de la lanterne. Tr\u00e8s facile \u00e0 recharger. Tr\u00e8s \u00e9l\u00e9gante. Reli\u00e9e \u00e0 son cordon, elle peut rester sur une table, un meuble&#8230;<\/p>","protected":false},"featured_media":291425,"template":"","meta":{"_et_pb_use_builder":"","_et_pb_old_content":"","_et_gb_content_width":""},"product_brand":[],"product_cat":[49,90],"product_tag":[],"proximite":[180],"class_list":{"0":"post-291285","1":"product","2":"type-product","3":"status-publish","4":"has-post-thumbnail","6":"product_cat-eclairer","7":"product_cat-lampe-de-table-bureau","8":"pa_couleur-blanc","9":"pa_etat-tres-bon-etat","10":"pa_materiau-bois","11":"pa_style-design","12":"proximite-geneve","14":"first","15":"outofstock","16":"shipping-taxable","17":"purchasable","18":"product-type-simple"},"yoast_head":"<!-- This site is optimized with the Yoast SEO plugin v27.4 - https:\/\/yoast.com\/product\/yoast-seo-wordpress\/ -->\n<title>Lampe de table Cestita par Miguel Mila | lalmachine.com, mobilier et objets d\u00e9co vintage et design<\/title>\n<meta name=\"description\" content=\"Baptis\u00e9e Cestita, dessin\u00e9e par Miguel Mila, on peut l&#039;emmener partout, du salon \u00e0 la chambre... sur le mode de la lanterne.\" \/>\n<meta name=\"robots\" content=\"index, follow, max-snippet:-1, max-image-preview:large, max-video-preview:-1\" \/>\n<link rel=\"canonical\" href=\"https:\/\/lalmachine.com\/de\/shop\/eclairer\/lampe-de-table-bureau\/lampe-de-table-cestita-par-miguel-mila\/\" \/>\n<meta property=\"og:locale\" content=\"de_DE\" \/>\n<meta property=\"og:type\" content=\"article\" \/>\n<meta property=\"og:title\" content=\"Lampe de table Cestita par Miguel Mila | lalmachine.com, mobilier et objets d\u00e9co vintage et design\" \/>\n<meta property=\"og:description\" content=\"Baptis\u00e9e Cestita, dessin\u00e9e par Miguel Mila, on peut l&#039;emmener partout, du salon \u00e0 la chambre... sur le mode de la lanterne.\" \/>\n<meta property=\"og:url\" content=\"https:\/\/lalmachine.com\/de\/shop\/eclairer\/lampe-de-table-bureau\/lampe-de-table-cestita-par-miguel-mila\/\" \/>\n<meta property=\"og:site_name\" content=\"lalmachine.com\" \/>\n<meta property=\"article:publisher\" content=\"https:\/\/facebook.com\/lalmachine\" \/>\n<meta property=\"article:modified_time\" content=\"2024-12-05T20:59:10+00:00\" \/>\n<meta property=\"og:image\" content=\"https:\/\/lalmachine.com\/wp-content\/uploads\/2022\/11\/Pasted-20221118-081040_clipped_rev_2-scaled.jpeg\" \/>\n\t<meta property=\"og:image:width\" content=\"2560\" \/>\n\t<meta property=\"og:image:height\" content=\"2560\" \/>\n\t<meta property=\"og:image:type\" content=\"image\/jpeg\" \/>\n<meta name=\"twitter:card\" content=\"summary_large_image\" \/>\n<script type=\"application\/ld+json\" class=\"yoast-schema-graph\">{\"@context\":\"https:\\\/\\\/schema.org\",\"@graph\":[{\"@type\":\"WebPage\",\"@id\":\"https:\\\/\\\/lalmachine.com\\\/shop\\\/eclairer\\\/lampe-de-table-bureau\\\/lampe-de-table-cestita-par-miguel-mila\\\/\",\"url\":\"https:\\\/\\\/lalmachine.com\\\/shop\\\/eclairer\\\/lampe-de-table-bureau\\\/lampe-de-table-cestita-par-miguel-mila\\\/\",\"name\":\"Lampe de table Cestita par Miguel Mila | lalmachine.com, mobilier et objets d\u00e9co vintage et design\",\"isPartOf\":{\"@id\":\"https:\\\/\\\/lalmachine.com\\\/#website\"},\"primaryImageOfPage\":{\"@id\":\"https:\\\/\\\/lalmachine.com\\\/shop\\\/eclairer\\\/lampe-de-table-bureau\\\/lampe-de-table-cestita-par-miguel-mila\\\/#primaryimage\"},\"image\":{\"@id\":\"https:\\\/\\\/lalmachine.com\\\/shop\\\/eclairer\\\/lampe-de-table-bureau\\\/lampe-de-table-cestita-par-miguel-mila\\\/#primaryimage\"},\"thumbnailUrl\":\"https:\\\/\\\/lalmachine.com\\\/wp-content\\\/uploads\\\/2022\\\/11\\\/Pasted-20221118-081040_clipped_rev_2-scaled.jpeg\",\"datePublished\":\"2022-11-18T07:22:59+00:00\",\"dateModified\":\"2024-12-05T20:59:10+00:00\",\"description\":\"Baptis\u00e9e Cestita, dessin\u00e9e par Miguel Mila, on peut l'emmener partout, du salon \u00e0 la chambre... sur le mode de la lanterne.\",\"breadcrumb\":{\"@id\":\"https:\\\/\\\/lalmachine.com\\\/shop\\\/eclairer\\\/lampe-de-table-bureau\\\/lampe-de-table-cestita-par-miguel-mila\\\/#breadcrumb\"},\"inLanguage\":\"de\",\"potentialAction\":[{\"@type\":\"ReadAction\",\"target\":[\"https:\\\/\\\/lalmachine.com\\\/shop\\\/eclairer\\\/lampe-de-table-bureau\\\/lampe-de-table-cestita-par-miguel-mila\\\/\"]}]},{\"@type\":\"ImageObject\",\"inLanguage\":\"de\",\"@id\":\"https:\\\/\\\/lalmachine.com\\\/shop\\\/eclairer\\\/lampe-de-table-bureau\\\/lampe-de-table-cestita-par-miguel-mila\\\/#primaryimage\",\"url\":\"https:\\\/\\\/lalmachine.com\\\/wp-content\\\/uploads\\\/2022\\\/11\\\/Pasted-20221118-081040_clipped_rev_2-scaled.jpeg\",\"contentUrl\":\"https:\\\/\\\/lalmachine.com\\\/wp-content\\\/uploads\\\/2022\\\/11\\\/Pasted-20221118-081040_clipped_rev_2-scaled.jpeg\",\"width\":2560,\"height\":2560,\"caption\":\"Miguel Mila\"},{\"@type\":\"BreadcrumbList\",\"@id\":\"https:\\\/\\\/lalmachine.com\\\/shop\\\/eclairer\\\/lampe-de-table-bureau\\\/lampe-de-table-cestita-par-miguel-mila\\\/#breadcrumb\",\"itemListElement\":[{\"@type\":\"ListItem\",\"position\":1,\"name\":\"Accueil\",\"item\":\"https:\\\/\\\/lalmachine.com\\\/\"},{\"@type\":\"ListItem\",\"position\":2,\"name\":\"Shop\",\"item\":\"https:\\\/\\\/lalmachine.com\\\/shop\\\/\"},{\"@type\":\"ListItem\",\"position\":3,\"name\":\"Lampe de table Cestita par Miguel Mila\"}]},{\"@type\":\"WebSite\",\"@id\":\"https:\\\/\\\/lalmachine.com\\\/#website\",\"url\":\"https:\\\/\\\/lalmachine.com\\\/\",\"name\":\"lalmachine.com\",\"description\":\"Brocante en ligne Suisse | Mobilier et objets d\u00e9co vintage et design\",\"potentialAction\":[{\"@type\":\"SearchAction\",\"target\":{\"@type\":\"EntryPoint\",\"urlTemplate\":\"https:\\\/\\\/lalmachine.com\\\/?s={search_term_string}\"},\"query-input\":{\"@type\":\"PropertyValueSpecification\",\"valueRequired\":true,\"valueName\":\"search_term_string\"}}],\"inLanguage\":\"de\"}]}<\/script>\n<!-- \/ Yoast SEO plugin. -->","yoast_head_json":{"title":"Lampe de table Cestita par Miguel Mila | lalmachine.com, mobilier et objets d\u00e9co vintage et design","description":"Baptis\u00e9e Cestita, dessin\u00e9e par Miguel Mila, on peut l'emmener partout, du salon \u00e0 la chambre... sur le mode de la lanterne.","robots":{"index":"index","follow":"follow","max-snippet":"max-snippet:-1","max-image-preview":"max-image-preview:large","max-video-preview":"max-video-preview:-1"},"canonical":"https:\/\/lalmachine.com\/de\/shop\/eclairer\/lampe-de-table-bureau\/lampe-de-table-cestita-par-miguel-mila\/","og_locale":"de_DE","og_type":"article","og_title":"Lampe de table Cestita par Miguel Mila | lalmachine.com, mobilier et objets d\u00e9co vintage et design","og_description":"Baptis\u00e9e Cestita, dessin\u00e9e par Miguel Mila, on peut l'emmener partout, du salon \u00e0 la chambre... sur le mode de la lanterne.","og_url":"https:\/\/lalmachine.com\/de\/shop\/eclairer\/lampe-de-table-bureau\/lampe-de-table-cestita-par-miguel-mila\/","og_site_name":"lalmachine.com","article_publisher":"https:\/\/facebook.com\/lalmachine","article_modified_time":"2024-12-05T20:59:10+00:00","og_image":[{"width":2560,"height":2560,"url":"https:\/\/lalmachine.com\/wp-content\/uploads\/2022\/11\/Pasted-20221118-081040_clipped_rev_2-scaled.jpeg","type":"image\/jpeg"}],"twitter_card":"summary_large_image","schema":{"@context":"https:\/\/schema.org","@graph":[{"@type":"WebPage","@id":"https:\/\/lalmachine.com\/shop\/eclairer\/lampe-de-table-bureau\/lampe-de-table-cestita-par-miguel-mila\/","url":"https:\/\/lalmachine.com\/shop\/eclairer\/lampe-de-table-bureau\/lampe-de-table-cestita-par-miguel-mila\/","name":"Lampe de table Cestita par Miguel Mila | lalmachine.com, mobilier et objets d\u00e9co vintage et design","isPartOf":{"@id":"https:\/\/lalmachine.com\/#website"},"primaryImageOfPage":{"@id":"https:\/\/lalmachine.com\/shop\/eclairer\/lampe-de-table-bureau\/lampe-de-table-cestita-par-miguel-mila\/#primaryimage"},"image":{"@id":"https:\/\/lalmachine.com\/shop\/eclairer\/lampe-de-table-bureau\/lampe-de-table-cestita-par-miguel-mila\/#primaryimage"},"thumbnailUrl":"https:\/\/lalmachine.com\/wp-content\/uploads\/2022\/11\/Pasted-20221118-081040_clipped_rev_2-scaled.jpeg","datePublished":"2022-11-18T07:22:59+00:00","dateModified":"2024-12-05T20:59:10+00:00","description":"Baptis\u00e9e Cestita, dessin\u00e9e par Miguel Mila, on peut l'emmener partout, du salon \u00e0 la chambre... sur le mode de la lanterne.","breadcrumb":{"@id":"https:\/\/lalmachine.com\/shop\/eclairer\/lampe-de-table-bureau\/lampe-de-table-cestita-par-miguel-mila\/#breadcrumb"},"inLanguage":"de","potentialAction":[{"@type":"ReadAction","target":["https:\/\/lalmachine.com\/shop\/eclairer\/lampe-de-table-bureau\/lampe-de-table-cestita-par-miguel-mila\/"]}]},{"@type":"ImageObject","inLanguage":"de","@id":"https:\/\/lalmachine.com\/shop\/eclairer\/lampe-de-table-bureau\/lampe-de-table-cestita-par-miguel-mila\/#primaryimage","url":"https:\/\/lalmachine.com\/wp-content\/uploads\/2022\/11\/Pasted-20221118-081040_clipped_rev_2-scaled.jpeg","contentUrl":"https:\/\/lalmachine.com\/wp-content\/uploads\/2022\/11\/Pasted-20221118-081040_clipped_rev_2-scaled.jpeg","width":2560,"height":2560,"caption":"Miguel Mila"},{"@type":"BreadcrumbList","@id":"https:\/\/lalmachine.com\/shop\/eclairer\/lampe-de-table-bureau\/lampe-de-table-cestita-par-miguel-mila\/#breadcrumb","itemListElement":[{"@type":"ListItem","position":1,"name":"Accueil","item":"https:\/\/lalmachine.com\/"},{"@type":"ListItem","position":2,"name":"Shop","item":"https:\/\/lalmachine.com\/shop\/"},{"@type":"ListItem","position":3,"name":"Lampe de table Cestita par Miguel Mila"}]},{"@type":"WebSite","@id":"https:\/\/lalmachine.com\/#website","url":"https:\/\/lalmachine.com\/","name":"lalmachine.com","description":"Brocante en ligne Suisse | Mobilier et objets d\u00e9co vintage et design","potentialAction":[{"@type":"SearchAction","target":{"@type":"EntryPoint","urlTemplate":"https:\/\/lalmachine.com\/?s={search_term_string}"},"query-input":{"@type":"PropertyValueSpecification","valueRequired":true,"valueName":"search_term_string"}}],"inLanguage":"de"}]}},"_links":{"self":[{"href":"https:\/\/lalmachine.com\/de\/wp-json\/wp\/v2\/product\/291285","targetHints":{"allow":["GET"]}}],"collection":[{"href":"https:\/\/lalmachine.com\/de\/wp-json\/wp\/v2\/product"}],"about":[{"href":"https:\/\/lalmachine.com\/de\/wp-json\/wp\/v2\/types\/product"}],"wp:featuredmedia":[{"embeddable":true,"href":"https:\/\/lalmachine.com\/de\/wp-json\/wp\/v2\/media\/291425"}],"wp:attachment":[{"href":"https:\/\/lalmachine.com\/de\/wp-json\/wp\/v2\/media?parent=291285"}],"wp:term":[{"taxonomy":"product_brand","embeddable":true,"href":"https:\/\/lalmachine.com\/de\/wp-json\/wp\/v2\/product_brand?post=291285"},{"taxonomy":"product_cat","embeddable":true,"href":"https:\/\/lalmachine.com\/de\/wp-json\/wp\/v2\/product_cat?post=291285"},{"taxonomy":"product_tag","embeddable":true,"href":"https:\/\/lalmachine.com\/de\/wp-json\/wp\/v2\/product_tag?post=291285"},{"taxonomy":"proximite","embeddable":true,"href":"https:\/\/lalmachine.com\/de\/wp-json\/wp\/v2\/proximite?post=291285"}],"curies":[{"name":"wp","href":"https:\/\/api.w.org\/{rel}","templated":true}]}}