{"id":291968,"date":"2022-11-22T18:32:42","date_gmt":"2022-11-22T17:32:42","guid":{"rendered":"https:\/\/lalmachine.com\/?post_type=product&#038;p=291968"},"modified":"2024-12-05T21:59:12","modified_gmt":"2024-12-05T20:59:12","slug":"chauffe-plat-en-verre","status":"publish","type":"product","link":"https:\/\/lalmachine.com\/de\/shop\/decorer\/art-de-la-table\/chauffe-plat-en-verre\/","title":{"rendered":"Chauffe-plat en verre"},"content":{"rendered":"<ul class=\"wpuf_customs\"><li style=\"list-style-type:none;\"><label>Autres photos:<\/label> <a href=\"https:\/\/lalmachine.com\/wp-content\/uploads\/2022\/11\/CCB972B0-2D63-48AE-92EF-8356D0F3F231-95422169-scaled.jpeg\"><img loading=\"lazy\" decoding=\"async\" width=\"96\" height=\"96\" src=\"https:\/\/lalmachine.com\/wp-content\/uploads\/2022\/11\/CCB972B0-2D63-48AE-92EF-8356D0F3F231-95422169-scaled.jpeg\" class=\"attachment-thumbnail size-thumbnail\" alt=\"\" \/><\/a> <a href=\"https:\/\/lalmachine.com\/wp-content\/uploads\/2022\/11\/C2441B3F-BDC4-43FC-87CE-81E7CE2D7DE2-e0fa885e-scaled.jpeg\"><img loading=\"lazy\" decoding=\"async\" width=\"96\" height=\"96\" src=\"https:\/\/lalmachine.com\/wp-content\/uploads\/2022\/11\/C2441B3F-BDC4-43FC-87CE-81E7CE2D7DE2-e0fa885e-scaled.jpeg\" class=\"attachment-thumbnail size-thumbnail\" alt=\"\" \/><\/a> <a href=\"https:\/\/lalmachine.com\/wp-content\/uploads\/2022\/11\/3DB53858-966F-4285-BCE0-7A7950FD358F-95e5ec96-scaled.jpeg\"><img loading=\"lazy\" decoding=\"async\" width=\"96\" height=\"96\" src=\"https:\/\/lalmachine.com\/wp-content\/uploads\/2022\/11\/3DB53858-966F-4285-BCE0-7A7950FD358F-95e5ec96-scaled.jpeg\" class=\"attachment-thumbnail size-thumbnail\" alt=\"\" \/><\/a> <a href=\"https:\/\/lalmachine.com\/wp-content\/uploads\/2022\/11\/9F00D2AE-4D0B-4888-814D-5E45E62129BD-bf3fe583-scaled.jpeg\"><img loading=\"lazy\" decoding=\"async\" width=\"96\" height=\"96\" src=\"https:\/\/lalmachine.com\/wp-content\/uploads\/2022\/11\/9F00D2AE-4D0B-4888-814D-5E45E62129BD-bf3fe583-scaled.jpeg\" class=\"attachment-thumbnail size-thumbnail\" alt=\"\" \/><\/a> <\/li>        <li class=\"wpuf-field-data wpuf-field-data-numeric_text_field\">\n                            <label>Prix:<\/label>\n                        89        <\/li>\n                <li class=\"wpuf-field-data wpuf-field-data-numeric_text_field\">\n                            <label>Quantit\u00e9:<\/label>\n                        1        <\/li>\n                <li class=\"wpuf-field-data wpuf-field-data-numeric_text_field\">\n                            <label>Hauteur (cm):<\/label>\n                        6        <\/li>\n                <li class=\"wpuf-field-data wpuf-field-data-numeric_text_field\">\n                            <label>Largeur (cm):<\/label>\n                        13        <\/li>\n        <\/ul>","protected":false},"excerpt":{"rendered":"<p>Mid century modernist hexagon textured clear glass tea light votive in the style of Georgeshutte Germany. It can also be used to keep your teapot warm.<br \/>\nThe glass is heavy &#8211; almost 800g. It has a nice texture giving very cosy winter vibes.<br \/>\nA beautiful addition to your living room, mediation room or a lasting gift to friends and family- the perfect eco friendly reusable gift from the 70s\/80s.<\/p>\n<p>The candle light holder is in excellent condition.<\/p>\n<p>Chauffe-plat en verre clair textur\u00e9 hexagonal de style moderne du milieu du si\u00e8cle dernier, dans le style de Georgeshutte en Allemagne. Il peut \u00e9galement \u00eatre utilis\u00e9 pour garder votre th\u00e9i\u00e8re chaude.<br \/>\nLe verre est lourd &#8211; pr\u00e8s de 800g. Il a une belle texture qui donne une ambiance hivernale tr\u00e8s chaleureuse.<br \/>\nUne belle addition \u00e0 votre salon, salle de m\u00e9diation ou un cadeau durable pour vos amis et votre famille &#8211; le parfait cadeau \u00e9cologique r\u00e9utilisable des ann\u00e9es 70\/80.<\/p>\n<p>Le bougeoir est en excellent \u00e9tat.<\/p>\n<p>&nbsp;<\/p>","protected":false},"featured_media":292083,"template":"","meta":{"_et_pb_use_builder":"","_et_pb_old_content":"","_et_gb_content_width":""},"product_brand":[],"product_cat":[96,50],"product_tag":[],"proximite":[180],"class_list":{"0":"post-291968","1":"product","2":"type-product","3":"status-publish","4":"has-post-thumbnail","6":"product_cat-art-de-la-table","7":"product_cat-decorer","8":"product_shipping_class-0-2-kg","9":"pa_couleur-transparent","10":"pa_etat-bon-etat","11":"pa_materiau-fibre-de-verre","12":"pa_style-vintage","13":"proximite-geneve","15":"first","16":"instock","17":"shipping-taxable","18":"purchasable","19":"product-type-simple"},"yoast_head":"<!-- This site is optimized with the Yoast SEO plugin v27.4 - https:\/\/yoast.com\/product\/yoast-seo-wordpress\/ -->\n<title>Chauffe-plat en verre | lalmachine.com, mobilier et objets d\u00e9co vintage et design<\/title>\n<meta name=\"robots\" content=\"index, follow, max-snippet:-1, max-image-preview:large, max-video-preview:-1\" \/>\n<link rel=\"canonical\" href=\"https:\/\/lalmachine.com\/de\/shop\/decorer\/art-de-la-table\/chauffe-plat-en-verre\/\" \/>\n<meta property=\"og:locale\" content=\"de_DE\" \/>\n<meta property=\"og:type\" content=\"article\" \/>\n<meta property=\"og:title\" content=\"Chauffe-plat en verre | lalmachine.com, mobilier et objets d\u00e9co vintage et design\" \/>\n<meta property=\"og:description\" content=\"Mid century modernist hexagon textured clear glass tea light votive in the style of Georgeshutte Germany. It can also be used to keep your teapot warm. The glass is heavy - almost 800g. It has a nice texture giving very cosy winter vibes. A beautiful addition to your living room, mediation room or a lasting gift to friends and family- the perfect eco friendly reusable gift from the 70s\/80s.  The candle light holder is in excellent condition.  Chauffe-plat en verre clair textur\u00e9 hexagonal de style moderne du milieu du si\u00e8cle dernier, dans le style de Georgeshutte en Allemagne. Il peut \u00e9galement \u00eatre utilis\u00e9 pour garder votre th\u00e9i\u00e8re chaude. Le verre est lourd - pr\u00e8s de 800g. Il a une belle texture qui donne une ambiance hivernale tr\u00e8s chaleureuse. Une belle addition \u00e0 votre salon, salle de m\u00e9diation ou un cadeau durable pour vos amis et votre famille - le parfait cadeau \u00e9cologique r\u00e9utilisable des ann\u00e9es 70\/80.  Le bougeoir est en excellent \u00e9tat.  &nbsp;\" \/>\n<meta property=\"og:url\" content=\"https:\/\/lalmachine.com\/de\/shop\/decorer\/art-de-la-table\/chauffe-plat-en-verre\/\" \/>\n<meta property=\"og:site_name\" content=\"lalmachine.com\" \/>\n<meta property=\"article:publisher\" content=\"https:\/\/facebook.com\/lalmachine\" \/>\n<meta property=\"article:modified_time\" content=\"2024-12-05T20:59:12+00:00\" \/>\n<meta property=\"og:image\" content=\"https:\/\/lalmachine.com\/wp-content\/uploads\/2022\/11\/A68633A5-570C-4545-9865-B7A1574F063A-4b1da8ac_clipped_rev_1-scaled.jpeg\" \/>\n\t<meta property=\"og:image:width\" content=\"2560\" \/>\n\t<meta property=\"og:image:height\" content=\"2560\" \/>\n\t<meta property=\"og:image:type\" content=\"image\/jpeg\" \/>\n<meta name=\"twitter:card\" content=\"summary_large_image\" \/>\n<script type=\"application\/ld+json\" class=\"yoast-schema-graph\">{\"@context\":\"https:\\\/\\\/schema.org\",\"@graph\":[{\"@type\":\"WebPage\",\"@id\":\"https:\\\/\\\/lalmachine.com\\\/shop\\\/decorer\\\/art-de-la-table\\\/chauffe-plat-en-verre\\\/\",\"url\":\"https:\\\/\\\/lalmachine.com\\\/shop\\\/decorer\\\/art-de-la-table\\\/chauffe-plat-en-verre\\\/\",\"name\":\"Chauffe-plat en verre | lalmachine.com, mobilier et objets d\u00e9co vintage et design\",\"isPartOf\":{\"@id\":\"https:\\\/\\\/lalmachine.com\\\/#website\"},\"primaryImageOfPage\":{\"@id\":\"https:\\\/\\\/lalmachine.com\\\/shop\\\/decorer\\\/art-de-la-table\\\/chauffe-plat-en-verre\\\/#primaryimage\"},\"image\":{\"@id\":\"https:\\\/\\\/lalmachine.com\\\/shop\\\/decorer\\\/art-de-la-table\\\/chauffe-plat-en-verre\\\/#primaryimage\"},\"thumbnailUrl\":\"https:\\\/\\\/lalmachine.com\\\/wp-content\\\/uploads\\\/2022\\\/11\\\/A68633A5-570C-4545-9865-B7A1574F063A-4b1da8ac_clipped_rev_1-scaled.jpeg\",\"datePublished\":\"2022-11-22T17:32:42+00:00\",\"dateModified\":\"2024-12-05T20:59:12+00:00\",\"breadcrumb\":{\"@id\":\"https:\\\/\\\/lalmachine.com\\\/shop\\\/decorer\\\/art-de-la-table\\\/chauffe-plat-en-verre\\\/#breadcrumb\"},\"inLanguage\":\"de\",\"potentialAction\":[{\"@type\":\"ReadAction\",\"target\":[\"https:\\\/\\\/lalmachine.com\\\/shop\\\/decorer\\\/art-de-la-table\\\/chauffe-plat-en-verre\\\/\"]}]},{\"@type\":\"ImageObject\",\"inLanguage\":\"de\",\"@id\":\"https:\\\/\\\/lalmachine.com\\\/shop\\\/decorer\\\/art-de-la-table\\\/chauffe-plat-en-verre\\\/#primaryimage\",\"url\":\"https:\\\/\\\/lalmachine.com\\\/wp-content\\\/uploads\\\/2022\\\/11\\\/A68633A5-570C-4545-9865-B7A1574F063A-4b1da8ac_clipped_rev_1-scaled.jpeg\",\"contentUrl\":\"https:\\\/\\\/lalmachine.com\\\/wp-content\\\/uploads\\\/2022\\\/11\\\/A68633A5-570C-4545-9865-B7A1574F063A-4b1da8ac_clipped_rev_1-scaled.jpeg\",\"width\":2560,\"height\":2560,\"caption\":\"chauffe-plat en verre\"},{\"@type\":\"BreadcrumbList\",\"@id\":\"https:\\\/\\\/lalmachine.com\\\/shop\\\/decorer\\\/art-de-la-table\\\/chauffe-plat-en-verre\\\/#breadcrumb\",\"itemListElement\":[{\"@type\":\"ListItem\",\"position\":1,\"name\":\"Accueil\",\"item\":\"https:\\\/\\\/lalmachine.com\\\/\"},{\"@type\":\"ListItem\",\"position\":2,\"name\":\"Shop\",\"item\":\"https:\\\/\\\/lalmachine.com\\\/shop\\\/\"},{\"@type\":\"ListItem\",\"position\":3,\"name\":\"Chauffe-plat en verre\"}]},{\"@type\":\"WebSite\",\"@id\":\"https:\\\/\\\/lalmachine.com\\\/#website\",\"url\":\"https:\\\/\\\/lalmachine.com\\\/\",\"name\":\"lalmachine.com\",\"description\":\"Brocante en ligne Suisse | Mobilier et objets d\u00e9co vintage et design\",\"potentialAction\":[{\"@type\":\"SearchAction\",\"target\":{\"@type\":\"EntryPoint\",\"urlTemplate\":\"https:\\\/\\\/lalmachine.com\\\/?s={search_term_string}\"},\"query-input\":{\"@type\":\"PropertyValueSpecification\",\"valueRequired\":true,\"valueName\":\"search_term_string\"}}],\"inLanguage\":\"de\"}]}<\/script>\n<!-- \/ Yoast SEO plugin. -->","yoast_head_json":{"title":"Chauffe-plat en verre | lalmachine.com, mobilier et objets d\u00e9co vintage et design","robots":{"index":"index","follow":"follow","max-snippet":"max-snippet:-1","max-image-preview":"max-image-preview:large","max-video-preview":"max-video-preview:-1"},"canonical":"https:\/\/lalmachine.com\/de\/shop\/decorer\/art-de-la-table\/chauffe-plat-en-verre\/","og_locale":"de_DE","og_type":"article","og_title":"Chauffe-plat en verre | lalmachine.com, mobilier et objets d\u00e9co vintage et design","og_description":"Mid century modernist hexagon textured clear glass tea light votive in the style of Georgeshutte Germany. It can also be used to keep your teapot warm. The glass is heavy - almost 800g. It has a nice texture giving very cosy winter vibes. A beautiful addition to your living room, mediation room or a lasting gift to friends and family- the perfect eco friendly reusable gift from the 70s\/80s.  The candle light holder is in excellent condition.  Chauffe-plat en verre clair textur\u00e9 hexagonal de style moderne du milieu du si\u00e8cle dernier, dans le style de Georgeshutte en Allemagne. Il peut \u00e9galement \u00eatre utilis\u00e9 pour garder votre th\u00e9i\u00e8re chaude. Le verre est lourd - pr\u00e8s de 800g. Il a une belle texture qui donne une ambiance hivernale tr\u00e8s chaleureuse. Une belle addition \u00e0 votre salon, salle de m\u00e9diation ou un cadeau durable pour vos amis et votre famille - le parfait cadeau \u00e9cologique r\u00e9utilisable des ann\u00e9es 70\/80.  Le bougeoir est en excellent \u00e9tat.  &nbsp;","og_url":"https:\/\/lalmachine.com\/de\/shop\/decorer\/art-de-la-table\/chauffe-plat-en-verre\/","og_site_name":"lalmachine.com","article_publisher":"https:\/\/facebook.com\/lalmachine","article_modified_time":"2024-12-05T20:59:12+00:00","og_image":[{"width":2560,"height":2560,"url":"https:\/\/lalmachine.com\/wp-content\/uploads\/2022\/11\/A68633A5-570C-4545-9865-B7A1574F063A-4b1da8ac_clipped_rev_1-scaled.jpeg","type":"image\/jpeg"}],"twitter_card":"summary_large_image","schema":{"@context":"https:\/\/schema.org","@graph":[{"@type":"WebPage","@id":"https:\/\/lalmachine.com\/shop\/decorer\/art-de-la-table\/chauffe-plat-en-verre\/","url":"https:\/\/lalmachine.com\/shop\/decorer\/art-de-la-table\/chauffe-plat-en-verre\/","name":"Chauffe-plat en verre | lalmachine.com, mobilier et objets d\u00e9co vintage et design","isPartOf":{"@id":"https:\/\/lalmachine.com\/#website"},"primaryImageOfPage":{"@id":"https:\/\/lalmachine.com\/shop\/decorer\/art-de-la-table\/chauffe-plat-en-verre\/#primaryimage"},"image":{"@id":"https:\/\/lalmachine.com\/shop\/decorer\/art-de-la-table\/chauffe-plat-en-verre\/#primaryimage"},"thumbnailUrl":"https:\/\/lalmachine.com\/wp-content\/uploads\/2022\/11\/A68633A5-570C-4545-9865-B7A1574F063A-4b1da8ac_clipped_rev_1-scaled.jpeg","datePublished":"2022-11-22T17:32:42+00:00","dateModified":"2024-12-05T20:59:12+00:00","breadcrumb":{"@id":"https:\/\/lalmachine.com\/shop\/decorer\/art-de-la-table\/chauffe-plat-en-verre\/#breadcrumb"},"inLanguage":"de","potentialAction":[{"@type":"ReadAction","target":["https:\/\/lalmachine.com\/shop\/decorer\/art-de-la-table\/chauffe-plat-en-verre\/"]}]},{"@type":"ImageObject","inLanguage":"de","@id":"https:\/\/lalmachine.com\/shop\/decorer\/art-de-la-table\/chauffe-plat-en-verre\/#primaryimage","url":"https:\/\/lalmachine.com\/wp-content\/uploads\/2022\/11\/A68633A5-570C-4545-9865-B7A1574F063A-4b1da8ac_clipped_rev_1-scaled.jpeg","contentUrl":"https:\/\/lalmachine.com\/wp-content\/uploads\/2022\/11\/A68633A5-570C-4545-9865-B7A1574F063A-4b1da8ac_clipped_rev_1-scaled.jpeg","width":2560,"height":2560,"caption":"chauffe-plat en verre"},{"@type":"BreadcrumbList","@id":"https:\/\/lalmachine.com\/shop\/decorer\/art-de-la-table\/chauffe-plat-en-verre\/#breadcrumb","itemListElement":[{"@type":"ListItem","position":1,"name":"Accueil","item":"https:\/\/lalmachine.com\/"},{"@type":"ListItem","position":2,"name":"Shop","item":"https:\/\/lalmachine.com\/shop\/"},{"@type":"ListItem","position":3,"name":"Chauffe-plat en verre"}]},{"@type":"WebSite","@id":"https:\/\/lalmachine.com\/#website","url":"https:\/\/lalmachine.com\/","name":"lalmachine.com","description":"Brocante en ligne Suisse | Mobilier et objets d\u00e9co vintage et design","potentialAction":[{"@type":"SearchAction","target":{"@type":"EntryPoint","urlTemplate":"https:\/\/lalmachine.com\/?s={search_term_string}"},"query-input":{"@type":"PropertyValueSpecification","valueRequired":true,"valueName":"search_term_string"}}],"inLanguage":"de"}]}},"_links":{"self":[{"href":"https:\/\/lalmachine.com\/de\/wp-json\/wp\/v2\/product\/291968","targetHints":{"allow":["GET"]}}],"collection":[{"href":"https:\/\/lalmachine.com\/de\/wp-json\/wp\/v2\/product"}],"about":[{"href":"https:\/\/lalmachine.com\/de\/wp-json\/wp\/v2\/types\/product"}],"wp:featuredmedia":[{"embeddable":true,"href":"https:\/\/lalmachine.com\/de\/wp-json\/wp\/v2\/media\/292083"}],"wp:attachment":[{"href":"https:\/\/lalmachine.com\/de\/wp-json\/wp\/v2\/media?parent=291968"}],"wp:term":[{"taxonomy":"product_brand","embeddable":true,"href":"https:\/\/lalmachine.com\/de\/wp-json\/wp\/v2\/product_brand?post=291968"},{"taxonomy":"product_cat","embeddable":true,"href":"https:\/\/lalmachine.com\/de\/wp-json\/wp\/v2\/product_cat?post=291968"},{"taxonomy":"product_tag","embeddable":true,"href":"https:\/\/lalmachine.com\/de\/wp-json\/wp\/v2\/product_tag?post=291968"},{"taxonomy":"proximite","embeddable":true,"href":"https:\/\/lalmachine.com\/de\/wp-json\/wp\/v2\/proximite?post=291968"}],"curies":[{"name":"wp","href":"https:\/\/api.w.org\/{rel}","templated":true}]}}