{"id":291981,"date":"2022-11-22T23:18:01","date_gmt":"2022-11-22T22:18:01","guid":{"rendered":"https:\/\/lalmachine.com\/?post_type=product&#038;p=291981"},"modified":"2024-12-05T21:59:12","modified_gmt":"2024-12-05T20:59:12","slug":"original-bankers-desk-lamp","status":"publish","type":"product","link":"https:\/\/lalmachine.com\/de\/shop\/eclairer\/lampe-de-table-bureau\/original-bankers-desk-lamp\/","title":{"rendered":"Original bankers desk lamp"},"content":{"rendered":"<ul class=\"wpuf_customs\"><li style=\"list-style-type:none;\"><label>Autres photos:<\/label> <a href=\"https:\/\/lalmachine.com\/wp-content\/uploads\/2022\/11\/64E0806F-46D4-406C-AD73-5CC121BAE9E5-08e8444d-scaled.jpeg\"><img loading=\"lazy\" decoding=\"async\" width=\"90\" height=\"96\" src=\"https:\/\/lalmachine.com\/wp-content\/uploads\/2022\/11\/64E0806F-46D4-406C-AD73-5CC121BAE9E5-08e8444d-scaled.jpeg\" class=\"attachment-thumbnail size-thumbnail\" alt=\"\" \/><\/a> <a href=\"https:\/\/lalmachine.com\/wp-content\/uploads\/2022\/11\/BB3E2AD9-2B3B-43F2-A58E-1CC42CB5FDCA-dc1fc989-scaled.jpeg\"><img loading=\"lazy\" decoding=\"async\" width=\"96\" height=\"96\" src=\"https:\/\/lalmachine.com\/wp-content\/uploads\/2022\/11\/BB3E2AD9-2B3B-43F2-A58E-1CC42CB5FDCA-dc1fc989-scaled.jpeg\" class=\"attachment-thumbnail size-thumbnail\" alt=\"\" \/><\/a> <a href=\"https:\/\/lalmachine.com\/wp-content\/uploads\/2022\/11\/81F6D3E0-5ED6-4B30-82B3-622D11D7F1BE-8c9d39a1-scaled.jpeg\"><img loading=\"lazy\" decoding=\"async\" width=\"92\" height=\"96\" src=\"https:\/\/lalmachine.com\/wp-content\/uploads\/2022\/11\/81F6D3E0-5ED6-4B30-82B3-622D11D7F1BE-8c9d39a1-scaled.jpeg\" class=\"attachment-thumbnail size-thumbnail\" alt=\"\" \/><\/a> <a href=\"https:\/\/lalmachine.com\/wp-content\/uploads\/2022\/11\/DF32EEC6-7380-4872-BCD1-B8A6FCD0079F-a139be76-scaled.jpeg\"><img loading=\"lazy\" decoding=\"async\" width=\"96\" height=\"96\" src=\"https:\/\/lalmachine.com\/wp-content\/uploads\/2022\/11\/DF32EEC6-7380-4872-BCD1-B8A6FCD0079F-a139be76-scaled.jpeg\" class=\"attachment-thumbnail size-thumbnail\" alt=\"\" \/><\/a> <a href=\"https:\/\/lalmachine.com\/wp-content\/uploads\/2022\/11\/8090160D-5F47-4E42-8327-FD594A300C57-62bf837e-scaled.jpeg\"><img loading=\"lazy\" decoding=\"async\" width=\"96\" height=\"96\" src=\"https:\/\/lalmachine.com\/wp-content\/uploads\/2022\/11\/8090160D-5F47-4E42-8327-FD594A300C57-62bf837e-scaled.jpeg\" class=\"attachment-thumbnail size-thumbnail\" alt=\"\" \/><\/a> <\/li>        <li class=\"wpuf-field-data wpuf-field-data-numeric_text_field\">\n                            <label>Prix:<\/label>\n                        411        <\/li>\n                <li class=\"wpuf-field-data wpuf-field-data-numeric_text_field\">\n                            <label>Quantit\u00e9:<\/label>\n                        1        <\/li>\n                <li class=\"wpuf-field-data wpuf-field-data-numeric_text_field\">\n                            <label>Hauteur (cm):<\/label>\n                        43        <\/li>\n                <li class=\"wpuf-field-data wpuf-field-data-numeric_text_field\">\n                            <label>Largeur (cm):<\/label>\n                        23        <\/li>\n        <\/ul>","protected":false},"excerpt":{"rendered":"<p>Art Deco 1930s Green enamel original bankers desk lamp in working condition. The lamp is in pretty good condition for its age. There is minor ware in the enamel and it still has it vivid kermit green color. The base is cast iron and in black and is in very good condition as well.<\/p>\n<p>&#8212;<\/p>\n<p>Lampe de bureau Art D\u00e9co des ann\u00e9es 30 en \u00e9mail vert et en \u00e9tat de marche. La lampe est en assez bon \u00e9tat pour son \u00e2ge. Il y a un peu d&#8217;usure sur l&#8217;\u00e9mail et il a toujours sa couleur verte vive. La base est en fonte noire et est \u00e9galement en tr\u00e8s bon \u00e9tat.<\/p>","protected":false},"featured_media":292096,"template":"","meta":{"_et_pb_use_builder":"","_et_pb_old_content":"","_et_gb_content_width":""},"product_brand":[],"product_cat":[49,90],"product_tag":[],"proximite":[180],"class_list":{"0":"post-291981","1":"product","2":"type-product","3":"status-publish","4":"has-post-thumbnail","6":"product_cat-eclairer","7":"product_cat-lampe-de-table-bureau","8":"product_shipping_class-fragile-8-5","9":"pa_couleur-vert","10":"pa_etat-tres-bon-etat","11":"pa_materiau-metal","12":"pa_style-industriel","13":"proximite-geneve","15":"first","16":"instock","17":"shipping-taxable","18":"purchasable","19":"product-type-simple"},"yoast_head":"<!-- This site is optimized with the Yoast SEO plugin v27.4 - https:\/\/yoast.com\/product\/yoast-seo-wordpress\/ -->\n<title>Original bankers desk lamp | lalmachine.com, mobilier et objets d\u00e9co vintage et design<\/title>\n<meta name=\"description\" content=\"Lampe de bureau Art D\u00e9co des ann\u00e9es 30 en \u00e9mail vert et en \u00e9tat de marche. La lampe est en assez bon \u00e9tat pour son \u00e2ge. La base est en fonte noire.\" \/>\n<meta name=\"robots\" content=\"index, follow, max-snippet:-1, max-image-preview:large, max-video-preview:-1\" \/>\n<link rel=\"canonical\" href=\"https:\/\/lalmachine.com\/de\/shop\/eclairer\/lampe-de-table-bureau\/original-bankers-desk-lamp\/\" \/>\n<meta property=\"og:locale\" content=\"de_DE\" \/>\n<meta property=\"og:type\" content=\"article\" \/>\n<meta property=\"og:title\" content=\"Original bankers desk lamp | lalmachine.com, mobilier et objets d\u00e9co vintage et design\" \/>\n<meta property=\"og:description\" content=\"Lampe de bureau Art D\u00e9co des ann\u00e9es 30 en \u00e9mail vert et en \u00e9tat de marche. La lampe est en assez bon \u00e9tat pour son \u00e2ge. La base est en fonte noire.\" \/>\n<meta property=\"og:url\" content=\"https:\/\/lalmachine.com\/de\/shop\/eclairer\/lampe-de-table-bureau\/original-bankers-desk-lamp\/\" \/>\n<meta property=\"og:site_name\" content=\"lalmachine.com\" \/>\n<meta property=\"article:publisher\" content=\"https:\/\/facebook.com\/lalmachine\" \/>\n<meta property=\"article:modified_time\" content=\"2024-12-05T20:59:12+00:00\" \/>\n<meta property=\"og:image\" content=\"https:\/\/lalmachine.com\/wp-content\/uploads\/2022\/11\/Pasted-20221122-223905_clipped_rev_1-scaled.jpeg\" \/>\n\t<meta property=\"og:image:width\" content=\"2560\" \/>\n\t<meta property=\"og:image:height\" content=\"2560\" \/>\n\t<meta property=\"og:image:type\" content=\"image\/jpeg\" \/>\n<meta name=\"twitter:card\" content=\"summary_large_image\" \/>\n<script type=\"application\/ld+json\" class=\"yoast-schema-graph\">{\"@context\":\"https:\\\/\\\/schema.org\",\"@graph\":[{\"@type\":\"WebPage\",\"@id\":\"https:\\\/\\\/lalmachine.com\\\/shop\\\/eclairer\\\/lampe-de-table-bureau\\\/original-bankers-desk-lamp\\\/\",\"url\":\"https:\\\/\\\/lalmachine.com\\\/shop\\\/eclairer\\\/lampe-de-table-bureau\\\/original-bankers-desk-lamp\\\/\",\"name\":\"Original bankers desk lamp | lalmachine.com, mobilier et objets d\u00e9co vintage et design\",\"isPartOf\":{\"@id\":\"https:\\\/\\\/lalmachine.com\\\/#website\"},\"primaryImageOfPage\":{\"@id\":\"https:\\\/\\\/lalmachine.com\\\/shop\\\/eclairer\\\/lampe-de-table-bureau\\\/original-bankers-desk-lamp\\\/#primaryimage\"},\"image\":{\"@id\":\"https:\\\/\\\/lalmachine.com\\\/shop\\\/eclairer\\\/lampe-de-table-bureau\\\/original-bankers-desk-lamp\\\/#primaryimage\"},\"thumbnailUrl\":\"https:\\\/\\\/lalmachine.com\\\/wp-content\\\/uploads\\\/2022\\\/11\\\/Pasted-20221122-223905_clipped_rev_1-scaled.jpeg\",\"datePublished\":\"2022-11-22T22:18:01+00:00\",\"dateModified\":\"2024-12-05T20:59:12+00:00\",\"description\":\"Lampe de bureau Art D\u00e9co des ann\u00e9es 30 en \u00e9mail vert et en \u00e9tat de marche. La lampe est en assez bon \u00e9tat pour son \u00e2ge. La base est en fonte noire.\",\"breadcrumb\":{\"@id\":\"https:\\\/\\\/lalmachine.com\\\/shop\\\/eclairer\\\/lampe-de-table-bureau\\\/original-bankers-desk-lamp\\\/#breadcrumb\"},\"inLanguage\":\"de\",\"potentialAction\":[{\"@type\":\"ReadAction\",\"target\":[\"https:\\\/\\\/lalmachine.com\\\/shop\\\/eclairer\\\/lampe-de-table-bureau\\\/original-bankers-desk-lamp\\\/\"]}]},{\"@type\":\"ImageObject\",\"inLanguage\":\"de\",\"@id\":\"https:\\\/\\\/lalmachine.com\\\/shop\\\/eclairer\\\/lampe-de-table-bureau\\\/original-bankers-desk-lamp\\\/#primaryimage\",\"url\":\"https:\\\/\\\/lalmachine.com\\\/wp-content\\\/uploads\\\/2022\\\/11\\\/Pasted-20221122-223905_clipped_rev_1-scaled.jpeg\",\"contentUrl\":\"https:\\\/\\\/lalmachine.com\\\/wp-content\\\/uploads\\\/2022\\\/11\\\/Pasted-20221122-223905_clipped_rev_1-scaled.jpeg\",\"width\":2560,\"height\":2560,\"caption\":\"Original bankers desk lamp\"},{\"@type\":\"BreadcrumbList\",\"@id\":\"https:\\\/\\\/lalmachine.com\\\/shop\\\/eclairer\\\/lampe-de-table-bureau\\\/original-bankers-desk-lamp\\\/#breadcrumb\",\"itemListElement\":[{\"@type\":\"ListItem\",\"position\":1,\"name\":\"Accueil\",\"item\":\"https:\\\/\\\/lalmachine.com\\\/\"},{\"@type\":\"ListItem\",\"position\":2,\"name\":\"Shop\",\"item\":\"https:\\\/\\\/lalmachine.com\\\/shop\\\/\"},{\"@type\":\"ListItem\",\"position\":3,\"name\":\"Original bankers desk lamp\"}]},{\"@type\":\"WebSite\",\"@id\":\"https:\\\/\\\/lalmachine.com\\\/#website\",\"url\":\"https:\\\/\\\/lalmachine.com\\\/\",\"name\":\"lalmachine.com\",\"description\":\"Brocante en ligne Suisse | Mobilier et objets d\u00e9co vintage et design\",\"potentialAction\":[{\"@type\":\"SearchAction\",\"target\":{\"@type\":\"EntryPoint\",\"urlTemplate\":\"https:\\\/\\\/lalmachine.com\\\/?s={search_term_string}\"},\"query-input\":{\"@type\":\"PropertyValueSpecification\",\"valueRequired\":true,\"valueName\":\"search_term_string\"}}],\"inLanguage\":\"de\"}]}<\/script>\n<!-- \/ Yoast SEO plugin. -->","yoast_head_json":{"title":"Original bankers desk lamp | lalmachine.com, mobilier et objets d\u00e9co vintage et design","description":"Lampe de bureau Art D\u00e9co des ann\u00e9es 30 en \u00e9mail vert et en \u00e9tat de marche. La lampe est en assez bon \u00e9tat pour son \u00e2ge. La base est en fonte noire.","robots":{"index":"index","follow":"follow","max-snippet":"max-snippet:-1","max-image-preview":"max-image-preview:large","max-video-preview":"max-video-preview:-1"},"canonical":"https:\/\/lalmachine.com\/de\/shop\/eclairer\/lampe-de-table-bureau\/original-bankers-desk-lamp\/","og_locale":"de_DE","og_type":"article","og_title":"Original bankers desk lamp | lalmachine.com, mobilier et objets d\u00e9co vintage et design","og_description":"Lampe de bureau Art D\u00e9co des ann\u00e9es 30 en \u00e9mail vert et en \u00e9tat de marche. La lampe est en assez bon \u00e9tat pour son \u00e2ge. La base est en fonte noire.","og_url":"https:\/\/lalmachine.com\/de\/shop\/eclairer\/lampe-de-table-bureau\/original-bankers-desk-lamp\/","og_site_name":"lalmachine.com","article_publisher":"https:\/\/facebook.com\/lalmachine","article_modified_time":"2024-12-05T20:59:12+00:00","og_image":[{"width":2560,"height":2560,"url":"https:\/\/lalmachine.com\/wp-content\/uploads\/2022\/11\/Pasted-20221122-223905_clipped_rev_1-scaled.jpeg","type":"image\/jpeg"}],"twitter_card":"summary_large_image","schema":{"@context":"https:\/\/schema.org","@graph":[{"@type":"WebPage","@id":"https:\/\/lalmachine.com\/shop\/eclairer\/lampe-de-table-bureau\/original-bankers-desk-lamp\/","url":"https:\/\/lalmachine.com\/shop\/eclairer\/lampe-de-table-bureau\/original-bankers-desk-lamp\/","name":"Original bankers desk lamp | lalmachine.com, mobilier et objets d\u00e9co vintage et design","isPartOf":{"@id":"https:\/\/lalmachine.com\/#website"},"primaryImageOfPage":{"@id":"https:\/\/lalmachine.com\/shop\/eclairer\/lampe-de-table-bureau\/original-bankers-desk-lamp\/#primaryimage"},"image":{"@id":"https:\/\/lalmachine.com\/shop\/eclairer\/lampe-de-table-bureau\/original-bankers-desk-lamp\/#primaryimage"},"thumbnailUrl":"https:\/\/lalmachine.com\/wp-content\/uploads\/2022\/11\/Pasted-20221122-223905_clipped_rev_1-scaled.jpeg","datePublished":"2022-11-22T22:18:01+00:00","dateModified":"2024-12-05T20:59:12+00:00","description":"Lampe de bureau Art D\u00e9co des ann\u00e9es 30 en \u00e9mail vert et en \u00e9tat de marche. La lampe est en assez bon \u00e9tat pour son \u00e2ge. La base est en fonte noire.","breadcrumb":{"@id":"https:\/\/lalmachine.com\/shop\/eclairer\/lampe-de-table-bureau\/original-bankers-desk-lamp\/#breadcrumb"},"inLanguage":"de","potentialAction":[{"@type":"ReadAction","target":["https:\/\/lalmachine.com\/shop\/eclairer\/lampe-de-table-bureau\/original-bankers-desk-lamp\/"]}]},{"@type":"ImageObject","inLanguage":"de","@id":"https:\/\/lalmachine.com\/shop\/eclairer\/lampe-de-table-bureau\/original-bankers-desk-lamp\/#primaryimage","url":"https:\/\/lalmachine.com\/wp-content\/uploads\/2022\/11\/Pasted-20221122-223905_clipped_rev_1-scaled.jpeg","contentUrl":"https:\/\/lalmachine.com\/wp-content\/uploads\/2022\/11\/Pasted-20221122-223905_clipped_rev_1-scaled.jpeg","width":2560,"height":2560,"caption":"Original bankers desk lamp"},{"@type":"BreadcrumbList","@id":"https:\/\/lalmachine.com\/shop\/eclairer\/lampe-de-table-bureau\/original-bankers-desk-lamp\/#breadcrumb","itemListElement":[{"@type":"ListItem","position":1,"name":"Accueil","item":"https:\/\/lalmachine.com\/"},{"@type":"ListItem","position":2,"name":"Shop","item":"https:\/\/lalmachine.com\/shop\/"},{"@type":"ListItem","position":3,"name":"Original bankers desk lamp"}]},{"@type":"WebSite","@id":"https:\/\/lalmachine.com\/#website","url":"https:\/\/lalmachine.com\/","name":"lalmachine.com","description":"Brocante en ligne Suisse | Mobilier et objets d\u00e9co vintage et design","potentialAction":[{"@type":"SearchAction","target":{"@type":"EntryPoint","urlTemplate":"https:\/\/lalmachine.com\/?s={search_term_string}"},"query-input":{"@type":"PropertyValueSpecification","valueRequired":true,"valueName":"search_term_string"}}],"inLanguage":"de"}]}},"_links":{"self":[{"href":"https:\/\/lalmachine.com\/de\/wp-json\/wp\/v2\/product\/291981","targetHints":{"allow":["GET"]}}],"collection":[{"href":"https:\/\/lalmachine.com\/de\/wp-json\/wp\/v2\/product"}],"about":[{"href":"https:\/\/lalmachine.com\/de\/wp-json\/wp\/v2\/types\/product"}],"wp:featuredmedia":[{"embeddable":true,"href":"https:\/\/lalmachine.com\/de\/wp-json\/wp\/v2\/media\/292096"}],"wp:attachment":[{"href":"https:\/\/lalmachine.com\/de\/wp-json\/wp\/v2\/media?parent=291981"}],"wp:term":[{"taxonomy":"product_brand","embeddable":true,"href":"https:\/\/lalmachine.com\/de\/wp-json\/wp\/v2\/product_brand?post=291981"},{"taxonomy":"product_cat","embeddable":true,"href":"https:\/\/lalmachine.com\/de\/wp-json\/wp\/v2\/product_cat?post=291981"},{"taxonomy":"product_tag","embeddable":true,"href":"https:\/\/lalmachine.com\/de\/wp-json\/wp\/v2\/product_tag?post=291981"},{"taxonomy":"proximite","embeddable":true,"href":"https:\/\/lalmachine.com\/de\/wp-json\/wp\/v2\/proximite?post=291981"}],"curies":[{"name":"wp","href":"https:\/\/api.w.org\/{rel}","templated":true}]}}