{"id":292380,"date":"2022-11-26T09:07:30","date_gmt":"2022-11-26T08:07:30","guid":{"rendered":"https:\/\/lalmachine.com\/?post_type=product&#038;p=292380"},"modified":"2024-12-05T21:59:15","modified_gmt":"2024-12-05T20:59:15","slug":"a-pair-of-rare-1987-jacques-toussaint-for-atelier-stackable-chairs","status":"publish","type":"product","link":"https:\/\/lalmachine.com\/de\/shop\/sasseoir\/chaise\/a-pair-of-rare-1987-jacques-toussaint-for-atelier-stackable-chairs\/","title":{"rendered":"A pair of rare 1987 Jacques Toussaint for ATELIER stackable chairs"},"content":{"rendered":"<ul class=\"wpuf_customs\"><li style=\"list-style-type:none;\"><label>Autres photos:<\/label> <a href=\"https:\/\/lalmachine.com\/wp-content\/uploads\/2022\/11\/C6BAE2EF-FE63-43BF-9D80-9C6C4B729626-985c8f05-scaled.jpeg\"><img loading=\"lazy\" decoding=\"async\" width=\"96\" height=\"96\" src=\"https:\/\/lalmachine.com\/wp-content\/uploads\/2022\/11\/C6BAE2EF-FE63-43BF-9D80-9C6C4B729626-985c8f05-scaled.jpeg\" class=\"attachment-thumbnail size-thumbnail\" alt=\"\" \/><\/a> <a href=\"https:\/\/lalmachine.com\/wp-content\/uploads\/2022\/11\/E36C900D-CDCA-4389-BC6D-6523D47F0325-43092668.jpeg\"><img loading=\"lazy\" decoding=\"async\" width=\"96\" height=\"96\" src=\"https:\/\/lalmachine.com\/wp-content\/uploads\/2022\/11\/E36C900D-CDCA-4389-BC6D-6523D47F0325-43092668.jpeg\" class=\"attachment-thumbnail size-thumbnail\" alt=\"\" \/><\/a> <a href=\"https:\/\/lalmachine.com\/wp-content\/uploads\/2022\/11\/5B6888F7-38A6-49CD-B2FC-1321134F9122-8c89ba93-scaled.jpeg\"><img loading=\"lazy\" decoding=\"async\" width=\"72\" height=\"96\" src=\"https:\/\/lalmachine.com\/wp-content\/uploads\/2022\/11\/5B6888F7-38A6-49CD-B2FC-1321134F9122-8c89ba93-scaled.jpeg\" class=\"attachment-thumbnail size-thumbnail\" alt=\"\" \/><\/a> <a href=\"https:\/\/lalmachine.com\/wp-content\/uploads\/2022\/11\/ECBDA649-0681-462A-B905-FA1BD16C1357-081cb9e2-scaled.jpeg\"><img loading=\"lazy\" decoding=\"async\" width=\"96\" height=\"96\" src=\"https:\/\/lalmachine.com\/wp-content\/uploads\/2022\/11\/ECBDA649-0681-462A-B905-FA1BD16C1357-081cb9e2-scaled.jpeg\" class=\"attachment-thumbnail size-thumbnail\" alt=\"\" \/><\/a> <a href=\"https:\/\/lalmachine.com\/wp-content\/uploads\/2022\/11\/703C70D3-1757-4A68-A2FF-52BA08BC0687-4c10029b-scaled.jpeg\"><img loading=\"lazy\" decoding=\"async\" width=\"96\" height=\"96\" src=\"https:\/\/lalmachine.com\/wp-content\/uploads\/2022\/11\/703C70D3-1757-4A68-A2FF-52BA08BC0687-4c10029b-scaled.jpeg\" class=\"attachment-thumbnail size-thumbnail\" alt=\"\" \/><\/a> <a href=\"https:\/\/lalmachine.com\/wp-content\/uploads\/2022\/11\/622D2040-6C74-4761-B327-DA8291CEFCD1-bfa9c4d1-scaled.jpeg\"><img loading=\"lazy\" decoding=\"async\" width=\"72\" height=\"96\" src=\"https:\/\/lalmachine.com\/wp-content\/uploads\/2022\/11\/622D2040-6C74-4761-B327-DA8291CEFCD1-bfa9c4d1-scaled.jpeg\" class=\"attachment-thumbnail size-thumbnail\" alt=\"\" \/><\/a> <a href=\"https:\/\/lalmachine.com\/wp-content\/uploads\/2022\/11\/EA7B3147-184E-4BED-866E-98B15685D91E-872b8219-scaled.jpeg\"><img loading=\"lazy\" decoding=\"async\" width=\"72\" height=\"96\" src=\"https:\/\/lalmachine.com\/wp-content\/uploads\/2022\/11\/EA7B3147-184E-4BED-866E-98B15685D91E-872b8219-scaled.jpeg\" class=\"attachment-thumbnail size-thumbnail\" alt=\"\" \/><\/a> <\/li>        <li class=\"wpuf-field-data wpuf-field-data-numeric_text_field\">\n                            <label>Prix:<\/label>\n                        1119        <\/li>\n                <li class=\"wpuf-field-data wpuf-field-data-numeric_text_field\">\n                            <label>Quantit\u00e9:<\/label>\n                        1        <\/li>\n                <li class=\"wpuf-field-data wpuf-field-data-numeric_text_field\">\n                            <label>Hauteur (cm):<\/label>\n                        76        <\/li>\n                <li class=\"wpuf-field-data wpuf-field-data-numeric_text_field\">\n                            <label>Largeur (cm):<\/label>\n                        30        <\/li>\n                <li class=\"wpuf-field-data wpuf-field-data-numeric_text_field\">\n                            <label>Profondeur (cm):<\/label>\n                        38        <\/li>\n        <\/ul>","protected":false},"excerpt":{"rendered":"<p>A pair of rare 1987 Jacques Toussaint for ATELIER chairs in black leather upholstery and metal frame. These designer stackable chairs are in very good condition. These are minor wear and signs of use &#8211; see pictures. I can also provide more photos.<\/p>\n<p>More on the design of the chairs : http:\/\/www.jacquestoussaint.com\/design\/02\/page.html<br \/>\nMore on the designer http:\/\/www.artesilva.com\/en\/jacques-toussaint-2\/<\/p>\n<p>Seat Height : 45 cm<\/p>\n<p>&#8212;<br \/>\nUne paire de rares chaises Jacques Toussaint pour ATELIER de 1987 en cuir noir et cadre en m\u00e9tal. Ces chaises empilables sont en tr\u00e8s bon \u00e9tat. Il s&#8217;agit d&#8217;une usure mineure et de signes d&#8217;utilisation &#8211; voir les photos. Je peux \u00e9galement fournir d&#8217;autres photos.<\/p>\n<p>Plus sur le design des chaises : http:\/\/www.jacquestoussaint.com\/design\/02\/page.html<br \/>\nPlus sur le designer : http:\/\/www.artesilva.com\/en\/jacques-toussaint-2\/<\/p>\n<p>Hauteur de l&#8217;assise : 45 cm<\/p>","protected":false},"featured_media":292389,"template":"","meta":{"_et_pb_use_builder":"","_et_pb_old_content":"","_et_gb_content_width":""},"product_brand":[],"product_cat":[100,48],"product_tag":[],"proximite":[180],"class_list":{"0":"post-292380","1":"product","2":"type-product","3":"status-publish","4":"has-post-thumbnail","6":"product_cat-chaise","7":"product_cat-sasseoir","8":"pa_couleur-noir","9":"pa_designer-autres-designers","10":"pa_etat-bon-etat","11":"pa_materiau-metal","12":"pa_style-design","13":"proximite-geneve","15":"first","16":"instock","17":"shipping-taxable","18":"purchasable","19":"product-type-simple"},"yoast_head":"<!-- This site is optimized with the Yoast SEO plugin v27.4 - https:\/\/yoast.com\/product\/yoast-seo-wordpress\/ -->\n<title>A pair of rare 1987 Jacques Toussaint for ATELIER stackable chairs | lalmachine.com, mobilier et objets d\u00e9co vintage et design<\/title>\n<meta name=\"description\" content=\"Une paire de rares chaises Jacques Toussaint pour ATELIER de 1987 en cuir noir et cadre en m\u00e9tal. Ces chaises empilables sont en tr\u00e8s bon \u00e9tat.\" \/>\n<meta name=\"robots\" content=\"index, follow, max-snippet:-1, max-image-preview:large, max-video-preview:-1\" \/>\n<link rel=\"canonical\" href=\"https:\/\/lalmachine.com\/de\/shop\/sasseoir\/chaise\/a-pair-of-rare-1987-jacques-toussaint-for-atelier-stackable-chairs\/\" \/>\n<meta property=\"og:locale\" content=\"de_DE\" \/>\n<meta property=\"og:type\" content=\"article\" \/>\n<meta property=\"og:title\" content=\"A pair of rare 1987 Jacques Toussaint for ATELIER stackable chairs | lalmachine.com, mobilier et objets d\u00e9co vintage et design\" \/>\n<meta property=\"og:description\" content=\"Une paire de rares chaises Jacques Toussaint pour ATELIER de 1987 en cuir noir et cadre en m\u00e9tal. Ces chaises empilables sont en tr\u00e8s bon \u00e9tat.\" \/>\n<meta property=\"og:url\" content=\"https:\/\/lalmachine.com\/de\/shop\/sasseoir\/chaise\/a-pair-of-rare-1987-jacques-toussaint-for-atelier-stackable-chairs\/\" \/>\n<meta property=\"og:site_name\" content=\"lalmachine.com\" \/>\n<meta property=\"article:publisher\" content=\"https:\/\/facebook.com\/lalmachine\" \/>\n<meta property=\"article:modified_time\" content=\"2024-12-05T20:59:15+00:00\" \/>\n<meta property=\"og:image\" content=\"https:\/\/lalmachine.com\/wp-content\/uploads\/2022\/11\/Pasted-20221126-085321_clipped_rev_1-scaled.jpeg\" \/>\n\t<meta property=\"og:image:width\" content=\"2560\" \/>\n\t<meta property=\"og:image:height\" content=\"2560\" \/>\n\t<meta property=\"og:image:type\" content=\"image\/jpeg\" \/>\n<meta name=\"twitter:card\" content=\"summary_large_image\" \/>\n<script type=\"application\/ld+json\" class=\"yoast-schema-graph\">{\"@context\":\"https:\\\/\\\/schema.org\",\"@graph\":[{\"@type\":\"WebPage\",\"@id\":\"https:\\\/\\\/lalmachine.com\\\/shop\\\/sasseoir\\\/chaise\\\/a-pair-of-rare-1987-jacques-toussaint-for-atelier-stackable-chairs\\\/\",\"url\":\"https:\\\/\\\/lalmachine.com\\\/shop\\\/sasseoir\\\/chaise\\\/a-pair-of-rare-1987-jacques-toussaint-for-atelier-stackable-chairs\\\/\",\"name\":\"A pair of rare 1987 Jacques Toussaint for ATELIER stackable chairs | lalmachine.com, mobilier et objets d\u00e9co vintage et design\",\"isPartOf\":{\"@id\":\"https:\\\/\\\/lalmachine.com\\\/#website\"},\"primaryImageOfPage\":{\"@id\":\"https:\\\/\\\/lalmachine.com\\\/shop\\\/sasseoir\\\/chaise\\\/a-pair-of-rare-1987-jacques-toussaint-for-atelier-stackable-chairs\\\/#primaryimage\"},\"image\":{\"@id\":\"https:\\\/\\\/lalmachine.com\\\/shop\\\/sasseoir\\\/chaise\\\/a-pair-of-rare-1987-jacques-toussaint-for-atelier-stackable-chairs\\\/#primaryimage\"},\"thumbnailUrl\":\"https:\\\/\\\/lalmachine.com\\\/wp-content\\\/uploads\\\/2022\\\/11\\\/Pasted-20221126-085321_clipped_rev_1-scaled.jpeg\",\"datePublished\":\"2022-11-26T08:07:30+00:00\",\"dateModified\":\"2024-12-05T20:59:15+00:00\",\"description\":\"Une paire de rares chaises Jacques Toussaint pour ATELIER de 1987 en cuir noir et cadre en m\u00e9tal. Ces chaises empilables sont en tr\u00e8s bon \u00e9tat.\",\"breadcrumb\":{\"@id\":\"https:\\\/\\\/lalmachine.com\\\/shop\\\/sasseoir\\\/chaise\\\/a-pair-of-rare-1987-jacques-toussaint-for-atelier-stackable-chairs\\\/#breadcrumb\"},\"inLanguage\":\"de\",\"potentialAction\":[{\"@type\":\"ReadAction\",\"target\":[\"https:\\\/\\\/lalmachine.com\\\/shop\\\/sasseoir\\\/chaise\\\/a-pair-of-rare-1987-jacques-toussaint-for-atelier-stackable-chairs\\\/\"]}]},{\"@type\":\"ImageObject\",\"inLanguage\":\"de\",\"@id\":\"https:\\\/\\\/lalmachine.com\\\/shop\\\/sasseoir\\\/chaise\\\/a-pair-of-rare-1987-jacques-toussaint-for-atelier-stackable-chairs\\\/#primaryimage\",\"url\":\"https:\\\/\\\/lalmachine.com\\\/wp-content\\\/uploads\\\/2022\\\/11\\\/Pasted-20221126-085321_clipped_rev_1-scaled.jpeg\",\"contentUrl\":\"https:\\\/\\\/lalmachine.com\\\/wp-content\\\/uploads\\\/2022\\\/11\\\/Pasted-20221126-085321_clipped_rev_1-scaled.jpeg\",\"width\":2560,\"height\":2560,\"caption\":\"A pair of rare 1987 Jacques Toussaint for ATELIER stackable chairs\"},{\"@type\":\"BreadcrumbList\",\"@id\":\"https:\\\/\\\/lalmachine.com\\\/shop\\\/sasseoir\\\/chaise\\\/a-pair-of-rare-1987-jacques-toussaint-for-atelier-stackable-chairs\\\/#breadcrumb\",\"itemListElement\":[{\"@type\":\"ListItem\",\"position\":1,\"name\":\"Accueil\",\"item\":\"https:\\\/\\\/lalmachine.com\\\/\"},{\"@type\":\"ListItem\",\"position\":2,\"name\":\"Shop\",\"item\":\"https:\\\/\\\/lalmachine.com\\\/shop\\\/\"},{\"@type\":\"ListItem\",\"position\":3,\"name\":\"A pair of rare 1987 Jacques Toussaint for ATELIER stackable chairs\"}]},{\"@type\":\"WebSite\",\"@id\":\"https:\\\/\\\/lalmachine.com\\\/#website\",\"url\":\"https:\\\/\\\/lalmachine.com\\\/\",\"name\":\"lalmachine.com\",\"description\":\"Brocante en ligne Suisse | Mobilier et objets d\u00e9co vintage et design\",\"potentialAction\":[{\"@type\":\"SearchAction\",\"target\":{\"@type\":\"EntryPoint\",\"urlTemplate\":\"https:\\\/\\\/lalmachine.com\\\/?s={search_term_string}\"},\"query-input\":{\"@type\":\"PropertyValueSpecification\",\"valueRequired\":true,\"valueName\":\"search_term_string\"}}],\"inLanguage\":\"de\"}]}<\/script>\n<!-- \/ Yoast SEO plugin. -->","yoast_head_json":{"title":"A pair of rare 1987 Jacques Toussaint for ATELIER stackable chairs | lalmachine.com, mobilier et objets d\u00e9co vintage et design","description":"Une paire de rares chaises Jacques Toussaint pour ATELIER de 1987 en cuir noir et cadre en m\u00e9tal. Ces chaises empilables sont en tr\u00e8s bon \u00e9tat.","robots":{"index":"index","follow":"follow","max-snippet":"max-snippet:-1","max-image-preview":"max-image-preview:large","max-video-preview":"max-video-preview:-1"},"canonical":"https:\/\/lalmachine.com\/de\/shop\/sasseoir\/chaise\/a-pair-of-rare-1987-jacques-toussaint-for-atelier-stackable-chairs\/","og_locale":"de_DE","og_type":"article","og_title":"A pair of rare 1987 Jacques Toussaint for ATELIER stackable chairs | lalmachine.com, mobilier et objets d\u00e9co vintage et design","og_description":"Une paire de rares chaises Jacques Toussaint pour ATELIER de 1987 en cuir noir et cadre en m\u00e9tal. Ces chaises empilables sont en tr\u00e8s bon \u00e9tat.","og_url":"https:\/\/lalmachine.com\/de\/shop\/sasseoir\/chaise\/a-pair-of-rare-1987-jacques-toussaint-for-atelier-stackable-chairs\/","og_site_name":"lalmachine.com","article_publisher":"https:\/\/facebook.com\/lalmachine","article_modified_time":"2024-12-05T20:59:15+00:00","og_image":[{"width":2560,"height":2560,"url":"https:\/\/lalmachine.com\/wp-content\/uploads\/2022\/11\/Pasted-20221126-085321_clipped_rev_1-scaled.jpeg","type":"image\/jpeg"}],"twitter_card":"summary_large_image","schema":{"@context":"https:\/\/schema.org","@graph":[{"@type":"WebPage","@id":"https:\/\/lalmachine.com\/shop\/sasseoir\/chaise\/a-pair-of-rare-1987-jacques-toussaint-for-atelier-stackable-chairs\/","url":"https:\/\/lalmachine.com\/shop\/sasseoir\/chaise\/a-pair-of-rare-1987-jacques-toussaint-for-atelier-stackable-chairs\/","name":"A pair of rare 1987 Jacques Toussaint for ATELIER stackable chairs | lalmachine.com, mobilier et objets d\u00e9co vintage et design","isPartOf":{"@id":"https:\/\/lalmachine.com\/#website"},"primaryImageOfPage":{"@id":"https:\/\/lalmachine.com\/shop\/sasseoir\/chaise\/a-pair-of-rare-1987-jacques-toussaint-for-atelier-stackable-chairs\/#primaryimage"},"image":{"@id":"https:\/\/lalmachine.com\/shop\/sasseoir\/chaise\/a-pair-of-rare-1987-jacques-toussaint-for-atelier-stackable-chairs\/#primaryimage"},"thumbnailUrl":"https:\/\/lalmachine.com\/wp-content\/uploads\/2022\/11\/Pasted-20221126-085321_clipped_rev_1-scaled.jpeg","datePublished":"2022-11-26T08:07:30+00:00","dateModified":"2024-12-05T20:59:15+00:00","description":"Une paire de rares chaises Jacques Toussaint pour ATELIER de 1987 en cuir noir et cadre en m\u00e9tal. Ces chaises empilables sont en tr\u00e8s bon \u00e9tat.","breadcrumb":{"@id":"https:\/\/lalmachine.com\/shop\/sasseoir\/chaise\/a-pair-of-rare-1987-jacques-toussaint-for-atelier-stackable-chairs\/#breadcrumb"},"inLanguage":"de","potentialAction":[{"@type":"ReadAction","target":["https:\/\/lalmachine.com\/shop\/sasseoir\/chaise\/a-pair-of-rare-1987-jacques-toussaint-for-atelier-stackable-chairs\/"]}]},{"@type":"ImageObject","inLanguage":"de","@id":"https:\/\/lalmachine.com\/shop\/sasseoir\/chaise\/a-pair-of-rare-1987-jacques-toussaint-for-atelier-stackable-chairs\/#primaryimage","url":"https:\/\/lalmachine.com\/wp-content\/uploads\/2022\/11\/Pasted-20221126-085321_clipped_rev_1-scaled.jpeg","contentUrl":"https:\/\/lalmachine.com\/wp-content\/uploads\/2022\/11\/Pasted-20221126-085321_clipped_rev_1-scaled.jpeg","width":2560,"height":2560,"caption":"A pair of rare 1987 Jacques Toussaint for ATELIER stackable chairs"},{"@type":"BreadcrumbList","@id":"https:\/\/lalmachine.com\/shop\/sasseoir\/chaise\/a-pair-of-rare-1987-jacques-toussaint-for-atelier-stackable-chairs\/#breadcrumb","itemListElement":[{"@type":"ListItem","position":1,"name":"Accueil","item":"https:\/\/lalmachine.com\/"},{"@type":"ListItem","position":2,"name":"Shop","item":"https:\/\/lalmachine.com\/shop\/"},{"@type":"ListItem","position":3,"name":"A pair of rare 1987 Jacques Toussaint for ATELIER stackable chairs"}]},{"@type":"WebSite","@id":"https:\/\/lalmachine.com\/#website","url":"https:\/\/lalmachine.com\/","name":"lalmachine.com","description":"Brocante en ligne Suisse | Mobilier et objets d\u00e9co vintage et design","potentialAction":[{"@type":"SearchAction","target":{"@type":"EntryPoint","urlTemplate":"https:\/\/lalmachine.com\/?s={search_term_string}"},"query-input":{"@type":"PropertyValueSpecification","valueRequired":true,"valueName":"search_term_string"}}],"inLanguage":"de"}]}},"_links":{"self":[{"href":"https:\/\/lalmachine.com\/de\/wp-json\/wp\/v2\/product\/292380","targetHints":{"allow":["GET"]}}],"collection":[{"href":"https:\/\/lalmachine.com\/de\/wp-json\/wp\/v2\/product"}],"about":[{"href":"https:\/\/lalmachine.com\/de\/wp-json\/wp\/v2\/types\/product"}],"wp:featuredmedia":[{"embeddable":true,"href":"https:\/\/lalmachine.com\/de\/wp-json\/wp\/v2\/media\/292389"}],"wp:attachment":[{"href":"https:\/\/lalmachine.com\/de\/wp-json\/wp\/v2\/media?parent=292380"}],"wp:term":[{"taxonomy":"product_brand","embeddable":true,"href":"https:\/\/lalmachine.com\/de\/wp-json\/wp\/v2\/product_brand?post=292380"},{"taxonomy":"product_cat","embeddable":true,"href":"https:\/\/lalmachine.com\/de\/wp-json\/wp\/v2\/product_cat?post=292380"},{"taxonomy":"product_tag","embeddable":true,"href":"https:\/\/lalmachine.com\/de\/wp-json\/wp\/v2\/product_tag?post=292380"},{"taxonomy":"proximite","embeddable":true,"href":"https:\/\/lalmachine.com\/de\/wp-json\/wp\/v2\/proximite?post=292380"}],"curies":[{"name":"wp","href":"https:\/\/api.w.org\/{rel}","templated":true}]}}