{"id":292513,"date":"2022-11-28T09:54:56","date_gmt":"2022-11-28T08:54:56","guid":{"rendered":"https:\/\/lalmachine.com\/?post_type=product&#038;p=292513"},"modified":"2024-12-05T21:59:16","modified_gmt":"2024-12-05T20:59:16","slug":"fauteuil-danois-en-teck-1960s","status":"publish","type":"product","link":"https:\/\/lalmachine.com\/de\/shop\/sasseoir\/canape-fauteuil-pouf\/fauteuil-danois-en-teck-1960s\/","title":{"rendered":"Fauteuil danois en teck 1960&rsquo;s"},"content":{"rendered":"<ul class=\"wpuf_customs\"><li style=\"list-style-type:none;\"><label>Autres photos:<\/label> <a href=\"https:\/\/lalmachine.com\/wp-content\/uploads\/2022\/11\/7C78F2C3-8371-4479-8DE6-C8A2B578A7DF_1_201_a-fe0a08c3.jpeg\"><img loading=\"lazy\" decoding=\"async\" width=\"96\" height=\"96\" src=\"https:\/\/lalmachine.com\/wp-content\/uploads\/2022\/11\/7C78F2C3-8371-4479-8DE6-C8A2B578A7DF_1_201_a-fe0a08c3.jpeg\" class=\"attachment-thumbnail size-thumbnail\" alt=\"\" \/><\/a> <a href=\"https:\/\/lalmachine.com\/wp-content\/uploads\/2022\/11\/C5CBCD02-462E-4803-BFF6-738A8EE779F0_1_201_a-577d9434.jpeg\"><img loading=\"lazy\" decoding=\"async\" width=\"96\" height=\"96\" src=\"https:\/\/lalmachine.com\/wp-content\/uploads\/2022\/11\/C5CBCD02-462E-4803-BFF6-738A8EE779F0_1_201_a-577d9434.jpeg\" class=\"attachment-thumbnail size-thumbnail\" alt=\"\" \/><\/a> <a href=\"https:\/\/lalmachine.com\/wp-content\/uploads\/2022\/11\/0CD7F60E-173E-4CD2-84A2-947D37E4DC23_1_201_a-f0e19071.jpeg\"><img loading=\"lazy\" decoding=\"async\" width=\"96\" height=\"96\" src=\"https:\/\/lalmachine.com\/wp-content\/uploads\/2022\/11\/0CD7F60E-173E-4CD2-84A2-947D37E4DC23_1_201_a-f0e19071.jpeg\" class=\"attachment-thumbnail size-thumbnail\" alt=\"\" \/><\/a> <a href=\"https:\/\/lalmachine.com\/wp-content\/uploads\/2022\/11\/4ED51B2B-4107-43F7-AD29-E247D34E6EA3_1_201_a-8e37d6f7.jpeg\"><img loading=\"lazy\" decoding=\"async\" width=\"96\" height=\"96\" src=\"https:\/\/lalmachine.com\/wp-content\/uploads\/2022\/11\/4ED51B2B-4107-43F7-AD29-E247D34E6EA3_1_201_a-8e37d6f7.jpeg\" class=\"attachment-thumbnail size-thumbnail\" alt=\"\" \/><\/a> <a href=\"https:\/\/lalmachine.com\/wp-content\/uploads\/2022\/11\/C6B2A760-C768-4635-B862-709F0534802D_1_201_a-5dc7f559-scaled.jpeg\"><img loading=\"lazy\" decoding=\"async\" width=\"96\" height=\"96\" src=\"https:\/\/lalmachine.com\/wp-content\/uploads\/2022\/11\/C6B2A760-C768-4635-B862-709F0534802D_1_201_a-5dc7f559-scaled.jpeg\" class=\"attachment-thumbnail size-thumbnail\" alt=\"\" \/><\/a> <a href=\"https:\/\/lalmachine.com\/wp-content\/uploads\/2022\/11\/EDBE0C8C-97A4-4D4B-95D5-12C2A53BDD01_1_201_a-671e6712-scaled.jpeg\"><img loading=\"lazy\" decoding=\"async\" width=\"96\" height=\"96\" src=\"https:\/\/lalmachine.com\/wp-content\/uploads\/2022\/11\/EDBE0C8C-97A4-4D4B-95D5-12C2A53BDD01_1_201_a-671e6712-scaled.jpeg\" class=\"attachment-thumbnail size-thumbnail\" alt=\"\" \/><\/a> <\/li>        <li class=\"wpuf-field-data wpuf-field-data-numeric_text_field\">\n                            <label>Prix:<\/label>\n                        1250        <\/li>\n                <li class=\"wpuf-field-data wpuf-field-data-numeric_text_field\">\n                            <label>Quantit\u00e9:<\/label>\n                        1        <\/li>\n                <li class=\"wpuf-field-data wpuf-field-data-numeric_text_field\">\n                            <label>Hauteur (cm):<\/label>\n                        65        <\/li>\n                <li class=\"wpuf-field-data wpuf-field-data-numeric_text_field\">\n                            <label>Largeur (cm):<\/label>\n                        64        <\/li>\n                <li class=\"wpuf-field-data wpuf-field-data-numeric_text_field\">\n                            <label>Profondeur (cm):<\/label>\n                        74        <\/li>\n        <\/ul>","protected":false},"excerpt":{"rendered":"<p>Fauteuil vintage des ann\u00e9es 60 en teck. Ses accoudoirs aux formes voluptueuses, harmonieusement associ\u00e9s \u00e0 ses pieds taill\u00e9s en forme de fuseau, font de ce fauteuil une belle pi\u00e8ce qui donnera ce je ne sais quoi de scandi-chic \u00e0 votre salon.<\/p>\n<p>Le designer est activement recherch\u00e9 par l&rsquo;\u00e9minent service de renseignements du bon go\u00fbt, pour lui attribuer l\u00e9gitimement ce bel exercice de design !<\/p>\n<p>Zustand<br \/>\nTr\u00e8s bon \u00e9tat g\u00e9n\u00e9ral, les tissus sont en excellent \u00e9tat de conservation.<\/p>\n<p>Dimensions<br \/>\nLargeur 64cm \/ Profondeur 74cm \/ Hauteur 65cm<\/p>\n<p>Livraison possible sur demande<\/p>","protected":false},"featured_media":292584,"template":"","meta":{"_et_pb_use_builder":"","_et_pb_old_content":"","_et_gb_content_width":""},"product_brand":[],"product_cat":[99,48],"product_tag":[],"proximite":[278,179],"class_list":{"0":"post-292513","1":"product","2":"type-product","3":"status-publish","4":"has-post-thumbnail","6":"product_cat-canape-fauteuil-pouf","7":"product_cat-sasseoir","8":"pa_couleur-vert","9":"pa_etat-bon-etat","10":"pa_materiau-bois","11":"pa_style-scandinave","12":"proximite-lausanne","13":"proximite-vaud","15":"first","16":"outofstock","17":"shipping-taxable","18":"purchasable","19":"product-type-simple"},"yoast_head":"<!-- This site is optimized with the Yoast SEO plugin v27.4 - https:\/\/yoast.com\/product\/yoast-seo-wordpress\/ -->\n<title>Fauteuil danois en teck 1960&#039;s | lalmachine.com, mobilier et objets d\u00e9co vintage et design<\/title>\n<meta name=\"description\" content=\"Fauteuil vintage des ann\u00e9es 60 en teck.\" \/>\n<meta name=\"robots\" content=\"index, follow, max-snippet:-1, max-image-preview:large, max-video-preview:-1\" \/>\n<link rel=\"canonical\" href=\"https:\/\/lalmachine.com\/de\/shop\/sasseoir\/canape-fauteuil-pouf\/fauteuil-danois-en-teck-1960s\/\" \/>\n<meta property=\"og:locale\" content=\"de_DE\" \/>\n<meta property=\"og:type\" content=\"article\" \/>\n<meta property=\"og:title\" content=\"Fauteuil danois en teck 1960&#039;s | lalmachine.com, mobilier et objets d\u00e9co vintage et design\" \/>\n<meta property=\"og:description\" content=\"Fauteuil vintage des ann\u00e9es 60 en teck.\" \/>\n<meta property=\"og:url\" content=\"https:\/\/lalmachine.com\/de\/shop\/sasseoir\/canape-fauteuil-pouf\/fauteuil-danois-en-teck-1960s\/\" \/>\n<meta property=\"og:site_name\" content=\"lalmachine.com\" \/>\n<meta property=\"article:publisher\" content=\"https:\/\/facebook.com\/lalmachine\" \/>\n<meta property=\"article:modified_time\" content=\"2024-12-05T20:59:16+00:00\" \/>\n<meta property=\"og:image\" content=\"https:\/\/lalmachine.com\/wp-content\/uploads\/2022\/11\/Pasted-20221128-085658_clipped_rev_1.jpeg\" \/>\n\t<meta property=\"og:image:width\" content=\"2235\" \/>\n\t<meta property=\"og:image:height\" content=\"2235\" \/>\n\t<meta property=\"og:image:type\" content=\"image\/jpeg\" \/>\n<meta name=\"twitter:card\" content=\"summary_large_image\" \/>\n<script type=\"application\/ld+json\" class=\"yoast-schema-graph\">{\"@context\":\"https:\\\/\\\/schema.org\",\"@graph\":[{\"@type\":\"WebPage\",\"@id\":\"https:\\\/\\\/lalmachine.com\\\/shop\\\/sasseoir\\\/canape-fauteuil-pouf\\\/fauteuil-danois-en-teck-1960s\\\/\",\"url\":\"https:\\\/\\\/lalmachine.com\\\/shop\\\/sasseoir\\\/canape-fauteuil-pouf\\\/fauteuil-danois-en-teck-1960s\\\/\",\"name\":\"Fauteuil danois en teck 1960's | lalmachine.com, mobilier et objets d\u00e9co vintage et design\",\"isPartOf\":{\"@id\":\"https:\\\/\\\/lalmachine.com\\\/#website\"},\"primaryImageOfPage\":{\"@id\":\"https:\\\/\\\/lalmachine.com\\\/shop\\\/sasseoir\\\/canape-fauteuil-pouf\\\/fauteuil-danois-en-teck-1960s\\\/#primaryimage\"},\"image\":{\"@id\":\"https:\\\/\\\/lalmachine.com\\\/shop\\\/sasseoir\\\/canape-fauteuil-pouf\\\/fauteuil-danois-en-teck-1960s\\\/#primaryimage\"},\"thumbnailUrl\":\"https:\\\/\\\/lalmachine.com\\\/wp-content\\\/uploads\\\/2022\\\/11\\\/Pasted-20221128-085658_clipped_rev_1.jpeg\",\"datePublished\":\"2022-11-28T08:54:56+00:00\",\"dateModified\":\"2024-12-05T20:59:16+00:00\",\"description\":\"Fauteuil vintage des ann\u00e9es 60 en teck.\",\"breadcrumb\":{\"@id\":\"https:\\\/\\\/lalmachine.com\\\/shop\\\/sasseoir\\\/canape-fauteuil-pouf\\\/fauteuil-danois-en-teck-1960s\\\/#breadcrumb\"},\"inLanguage\":\"de\",\"potentialAction\":[{\"@type\":\"ReadAction\",\"target\":[\"https:\\\/\\\/lalmachine.com\\\/shop\\\/sasseoir\\\/canape-fauteuil-pouf\\\/fauteuil-danois-en-teck-1960s\\\/\"]}]},{\"@type\":\"ImageObject\",\"inLanguage\":\"de\",\"@id\":\"https:\\\/\\\/lalmachine.com\\\/shop\\\/sasseoir\\\/canape-fauteuil-pouf\\\/fauteuil-danois-en-teck-1960s\\\/#primaryimage\",\"url\":\"https:\\\/\\\/lalmachine.com\\\/wp-content\\\/uploads\\\/2022\\\/11\\\/Pasted-20221128-085658_clipped_rev_1.jpeg\",\"contentUrl\":\"https:\\\/\\\/lalmachine.com\\\/wp-content\\\/uploads\\\/2022\\\/11\\\/Pasted-20221128-085658_clipped_rev_1.jpeg\",\"width\":2235,\"height\":2235,\"caption\":\"Fauteuil danois en teck\"},{\"@type\":\"BreadcrumbList\",\"@id\":\"https:\\\/\\\/lalmachine.com\\\/shop\\\/sasseoir\\\/canape-fauteuil-pouf\\\/fauteuil-danois-en-teck-1960s\\\/#breadcrumb\",\"itemListElement\":[{\"@type\":\"ListItem\",\"position\":1,\"name\":\"Accueil\",\"item\":\"https:\\\/\\\/lalmachine.com\\\/\"},{\"@type\":\"ListItem\",\"position\":2,\"name\":\"Shop\",\"item\":\"https:\\\/\\\/lalmachine.com\\\/shop\\\/\"},{\"@type\":\"ListItem\",\"position\":3,\"name\":\"Fauteuil danois en teck 1960&#8217;s\"}]},{\"@type\":\"WebSite\",\"@id\":\"https:\\\/\\\/lalmachine.com\\\/#website\",\"url\":\"https:\\\/\\\/lalmachine.com\\\/\",\"name\":\"lalmachine.com\",\"description\":\"Brocante en ligne Suisse | Mobilier et objets d\u00e9co vintage et design\",\"potentialAction\":[{\"@type\":\"SearchAction\",\"target\":{\"@type\":\"EntryPoint\",\"urlTemplate\":\"https:\\\/\\\/lalmachine.com\\\/?s={search_term_string}\"},\"query-input\":{\"@type\":\"PropertyValueSpecification\",\"valueRequired\":true,\"valueName\":\"search_term_string\"}}],\"inLanguage\":\"de\"}]}<\/script>\n<!-- \/ Yoast SEO plugin. -->","yoast_head_json":{"title":"Fauteuil danois en teck 1960's | lalmachine.com, mobilier et objets d\u00e9co vintage et design","description":"Fauteuil vintage des ann\u00e9es 60 en teck.","robots":{"index":"index","follow":"follow","max-snippet":"max-snippet:-1","max-image-preview":"max-image-preview:large","max-video-preview":"max-video-preview:-1"},"canonical":"https:\/\/lalmachine.com\/de\/shop\/sasseoir\/canape-fauteuil-pouf\/fauteuil-danois-en-teck-1960s\/","og_locale":"de_DE","og_type":"article","og_title":"Fauteuil danois en teck 1960's | lalmachine.com, mobilier et objets d\u00e9co vintage et design","og_description":"Fauteuil vintage des ann\u00e9es 60 en teck.","og_url":"https:\/\/lalmachine.com\/de\/shop\/sasseoir\/canape-fauteuil-pouf\/fauteuil-danois-en-teck-1960s\/","og_site_name":"lalmachine.com","article_publisher":"https:\/\/facebook.com\/lalmachine","article_modified_time":"2024-12-05T20:59:16+00:00","og_image":[{"width":2235,"height":2235,"url":"https:\/\/lalmachine.com\/wp-content\/uploads\/2022\/11\/Pasted-20221128-085658_clipped_rev_1.jpeg","type":"image\/jpeg"}],"twitter_card":"summary_large_image","schema":{"@context":"https:\/\/schema.org","@graph":[{"@type":"WebPage","@id":"https:\/\/lalmachine.com\/shop\/sasseoir\/canape-fauteuil-pouf\/fauteuil-danois-en-teck-1960s\/","url":"https:\/\/lalmachine.com\/shop\/sasseoir\/canape-fauteuil-pouf\/fauteuil-danois-en-teck-1960s\/","name":"Fauteuil danois en teck 1960's | lalmachine.com, mobilier et objets d\u00e9co vintage et design","isPartOf":{"@id":"https:\/\/lalmachine.com\/#website"},"primaryImageOfPage":{"@id":"https:\/\/lalmachine.com\/shop\/sasseoir\/canape-fauteuil-pouf\/fauteuil-danois-en-teck-1960s\/#primaryimage"},"image":{"@id":"https:\/\/lalmachine.com\/shop\/sasseoir\/canape-fauteuil-pouf\/fauteuil-danois-en-teck-1960s\/#primaryimage"},"thumbnailUrl":"https:\/\/lalmachine.com\/wp-content\/uploads\/2022\/11\/Pasted-20221128-085658_clipped_rev_1.jpeg","datePublished":"2022-11-28T08:54:56+00:00","dateModified":"2024-12-05T20:59:16+00:00","description":"Fauteuil vintage des ann\u00e9es 60 en teck.","breadcrumb":{"@id":"https:\/\/lalmachine.com\/shop\/sasseoir\/canape-fauteuil-pouf\/fauteuil-danois-en-teck-1960s\/#breadcrumb"},"inLanguage":"de","potentialAction":[{"@type":"ReadAction","target":["https:\/\/lalmachine.com\/shop\/sasseoir\/canape-fauteuil-pouf\/fauteuil-danois-en-teck-1960s\/"]}]},{"@type":"ImageObject","inLanguage":"de","@id":"https:\/\/lalmachine.com\/shop\/sasseoir\/canape-fauteuil-pouf\/fauteuil-danois-en-teck-1960s\/#primaryimage","url":"https:\/\/lalmachine.com\/wp-content\/uploads\/2022\/11\/Pasted-20221128-085658_clipped_rev_1.jpeg","contentUrl":"https:\/\/lalmachine.com\/wp-content\/uploads\/2022\/11\/Pasted-20221128-085658_clipped_rev_1.jpeg","width":2235,"height":2235,"caption":"Fauteuil danois en teck"},{"@type":"BreadcrumbList","@id":"https:\/\/lalmachine.com\/shop\/sasseoir\/canape-fauteuil-pouf\/fauteuil-danois-en-teck-1960s\/#breadcrumb","itemListElement":[{"@type":"ListItem","position":1,"name":"Accueil","item":"https:\/\/lalmachine.com\/"},{"@type":"ListItem","position":2,"name":"Shop","item":"https:\/\/lalmachine.com\/shop\/"},{"@type":"ListItem","position":3,"name":"Fauteuil danois en teck 1960&#8217;s"}]},{"@type":"WebSite","@id":"https:\/\/lalmachine.com\/#website","url":"https:\/\/lalmachine.com\/","name":"lalmachine.com","description":"Brocante en ligne Suisse | Mobilier et objets d\u00e9co vintage et design","potentialAction":[{"@type":"SearchAction","target":{"@type":"EntryPoint","urlTemplate":"https:\/\/lalmachine.com\/?s={search_term_string}"},"query-input":{"@type":"PropertyValueSpecification","valueRequired":true,"valueName":"search_term_string"}}],"inLanguage":"de"}]}},"_links":{"self":[{"href":"https:\/\/lalmachine.com\/de\/wp-json\/wp\/v2\/product\/292513","targetHints":{"allow":["GET"]}}],"collection":[{"href":"https:\/\/lalmachine.com\/de\/wp-json\/wp\/v2\/product"}],"about":[{"href":"https:\/\/lalmachine.com\/de\/wp-json\/wp\/v2\/types\/product"}],"wp:featuredmedia":[{"embeddable":true,"href":"https:\/\/lalmachine.com\/de\/wp-json\/wp\/v2\/media\/292584"}],"wp:attachment":[{"href":"https:\/\/lalmachine.com\/de\/wp-json\/wp\/v2\/media?parent=292513"}],"wp:term":[{"taxonomy":"product_brand","embeddable":true,"href":"https:\/\/lalmachine.com\/de\/wp-json\/wp\/v2\/product_brand?post=292513"},{"taxonomy":"product_cat","embeddable":true,"href":"https:\/\/lalmachine.com\/de\/wp-json\/wp\/v2\/product_cat?post=292513"},{"taxonomy":"product_tag","embeddable":true,"href":"https:\/\/lalmachine.com\/de\/wp-json\/wp\/v2\/product_tag?post=292513"},{"taxonomy":"proximite","embeddable":true,"href":"https:\/\/lalmachine.com\/de\/wp-json\/wp\/v2\/proximite?post=292513"}],"curies":[{"name":"wp","href":"https:\/\/api.w.org\/{rel}","templated":true}]}}