{"id":292528,"date":"2022-11-28T09:47:29","date_gmt":"2022-11-28T08:47:29","guid":{"rendered":"https:\/\/lalmachine.com\/?post_type=product&#038;p=292528"},"modified":"2024-12-05T21:59:16","modified_gmt":"2024-12-05T20:59:16","slug":"enfilade-dyrlund-en-palissandre-danemark-1960s","status":"publish","type":"product","link":"https:\/\/lalmachine.com\/de\/shop\/meubler\/meuble-de-rangement\/enfilade-dyrlund-en-palissandre-danemark-1960s\/","title":{"rendered":"Enfilade Dyrlund en palissandre &#8211; Danemark 1960&rsquo;s"},"content":{"rendered":"<ul class=\"wpuf_customs\"><li style=\"list-style-type:none;\"><label>Autres photos:<\/label> <a href=\"https:\/\/lalmachine.com\/wp-content\/uploads\/2022\/11\/0570F2F8-768B-42E3-9D76-E27FDB5FCA20_1_201_a-025c6741-scaled.jpeg\"><img loading=\"lazy\" decoding=\"async\" width=\"96\" height=\"96\" src=\"https:\/\/lalmachine.com\/wp-content\/uploads\/2022\/11\/0570F2F8-768B-42E3-9D76-E27FDB5FCA20_1_201_a-025c6741-scaled.jpeg\" class=\"attachment-thumbnail size-thumbnail\" alt=\"\" \/><\/a> <a href=\"https:\/\/lalmachine.com\/wp-content\/uploads\/2022\/11\/EC3B1ABC-D86B-4E3A-B326-D1CF10C78605_1_201_a-c68f6163-scaled.jpeg\"><img loading=\"lazy\" decoding=\"async\" width=\"96\" height=\"96\" src=\"https:\/\/lalmachine.com\/wp-content\/uploads\/2022\/11\/EC3B1ABC-D86B-4E3A-B326-D1CF10C78605_1_201_a-c68f6163-scaled.jpeg\" class=\"attachment-thumbnail size-thumbnail\" alt=\"\" \/><\/a> <a href=\"https:\/\/lalmachine.com\/wp-content\/uploads\/2022\/11\/0CEE5310-9771-419F-A830-68D8531DDB79_1_201_a-8f722c6b-scaled.jpeg\"><img loading=\"lazy\" decoding=\"async\" width=\"96\" height=\"96\" src=\"https:\/\/lalmachine.com\/wp-content\/uploads\/2022\/11\/0CEE5310-9771-419F-A830-68D8531DDB79_1_201_a-8f722c6b-scaled.jpeg\" class=\"attachment-thumbnail size-thumbnail\" alt=\"\" \/><\/a> <a href=\"https:\/\/lalmachine.com\/wp-content\/uploads\/2022\/11\/7D8C8C6A-0250-4BAB-9DFC-675CA5FA2EB1_1_201_a-abdb409e-scaled.jpeg\"><img loading=\"lazy\" decoding=\"async\" width=\"96\" height=\"96\" src=\"https:\/\/lalmachine.com\/wp-content\/uploads\/2022\/11\/7D8C8C6A-0250-4BAB-9DFC-675CA5FA2EB1_1_201_a-abdb409e-scaled.jpeg\" class=\"attachment-thumbnail size-thumbnail\" alt=\"\" \/><\/a> <a href=\"https:\/\/lalmachine.com\/wp-content\/uploads\/2022\/11\/7A55D585-3485-4F55-B045-BBC4636695C8_1_201_a-f3e2ec51-scaled.jpeg\"><img loading=\"lazy\" decoding=\"async\" width=\"96\" height=\"96\" src=\"https:\/\/lalmachine.com\/wp-content\/uploads\/2022\/11\/7A55D585-3485-4F55-B045-BBC4636695C8_1_201_a-f3e2ec51-scaled.jpeg\" class=\"attachment-thumbnail size-thumbnail\" alt=\"\" \/><\/a> <a href=\"https:\/\/lalmachine.com\/wp-content\/uploads\/2022\/11\/AA654332-BAF4-4956-BAEC-E7ACE4121211_1_201_a-02cf6a46-scaled.jpeg\"><img loading=\"lazy\" decoding=\"async\" width=\"96\" height=\"96\" src=\"https:\/\/lalmachine.com\/wp-content\/uploads\/2022\/11\/AA654332-BAF4-4956-BAEC-E7ACE4121211_1_201_a-02cf6a46-scaled.jpeg\" class=\"attachment-thumbnail size-thumbnail\" alt=\"\" \/><\/a> <a href=\"https:\/\/lalmachine.com\/wp-content\/uploads\/2022\/11\/2426499D-BA9E-4C62-922C-564490CC37A4_1_201_a-fa5ae510-scaled.jpeg\"><img loading=\"lazy\" decoding=\"async\" width=\"96\" height=\"96\" src=\"https:\/\/lalmachine.com\/wp-content\/uploads\/2022\/11\/2426499D-BA9E-4C62-922C-564490CC37A4_1_201_a-fa5ae510-scaled.jpeg\" class=\"attachment-thumbnail size-thumbnail\" alt=\"\" \/><\/a> <a href=\"https:\/\/lalmachine.com\/wp-content\/uploads\/2022\/11\/57A595EB-5A5E-4DA2-BD51-24D4999ADD0B_1_201_a-f72a58fd.jpeg\"><img loading=\"lazy\" decoding=\"async\" width=\"96\" height=\"96\" src=\"https:\/\/lalmachine.com\/wp-content\/uploads\/2022\/11\/57A595EB-5A5E-4DA2-BD51-24D4999ADD0B_1_201_a-f72a58fd.jpeg\" class=\"attachment-thumbnail size-thumbnail\" alt=\"\" \/><\/a> <a href=\"https:\/\/lalmachine.com\/wp-content\/uploads\/2022\/11\/EBD077C5-A0E9-4C3C-A627-3F99ABF4CBD0_1_201_a-fa45d099.jpeg\"><img loading=\"lazy\" decoding=\"async\" width=\"96\" height=\"96\" src=\"https:\/\/lalmachine.com\/wp-content\/uploads\/2022\/11\/EBD077C5-A0E9-4C3C-A627-3F99ABF4CBD0_1_201_a-fa45d099.jpeg\" class=\"attachment-thumbnail size-thumbnail\" alt=\"\" \/><\/a> <a href=\"https:\/\/lalmachine.com\/wp-content\/uploads\/2022\/11\/CDABDF32-E0B7-4576-A4C1-28200F19E424_1_201_a-4f165f63.jpeg\"><img loading=\"lazy\" decoding=\"async\" width=\"96\" height=\"96\" src=\"https:\/\/lalmachine.com\/wp-content\/uploads\/2022\/11\/CDABDF32-E0B7-4576-A4C1-28200F19E424_1_201_a-4f165f63.jpeg\" class=\"attachment-thumbnail size-thumbnail\" alt=\"\" \/><\/a> <a href=\"https:\/\/lalmachine.com\/wp-content\/uploads\/2022\/11\/7D696A1A-59D2-4DCF-B571-C320D10B7BDC_1_201_a-66ec2def-scaled.jpeg\"><img loading=\"lazy\" decoding=\"async\" width=\"96\" height=\"96\" src=\"https:\/\/lalmachine.com\/wp-content\/uploads\/2022\/11\/7D696A1A-59D2-4DCF-B571-C320D10B7BDC_1_201_a-66ec2def-scaled.jpeg\" class=\"attachment-thumbnail size-thumbnail\" alt=\"\" \/><\/a> <a href=\"https:\/\/lalmachine.com\/wp-content\/uploads\/2022\/11\/863A1FA2-20F4-4EE2-BBDD-4382BE99CA0A_1_201_a-94602e5f-scaled.jpeg\"><img loading=\"lazy\" decoding=\"async\" width=\"96\" height=\"96\" src=\"https:\/\/lalmachine.com\/wp-content\/uploads\/2022\/11\/863A1FA2-20F4-4EE2-BBDD-4382BE99CA0A_1_201_a-94602e5f-scaled.jpeg\" class=\"attachment-thumbnail size-thumbnail\" alt=\"\" \/><\/a> <a href=\"https:\/\/lalmachine.com\/wp-content\/uploads\/2022\/11\/47260B84-F191-4076-8F90-B041C155556E_1_201_a-563e7218.jpeg\"><img loading=\"lazy\" decoding=\"async\" width=\"96\" height=\"96\" src=\"https:\/\/lalmachine.com\/wp-content\/uploads\/2022\/11\/47260B84-F191-4076-8F90-B041C155556E_1_201_a-563e7218.jpeg\" class=\"attachment-thumbnail size-thumbnail\" alt=\"\" \/><\/a> <\/li>        <li class=\"wpuf-field-data wpuf-field-data-numeric_text_field\">\n                            <label>Prix:<\/label>\n                        2800        <\/li>\n                <li class=\"wpuf-field-data wpuf-field-data-numeric_text_field\">\n                            <label>Hauteur (cm):<\/label>\n                        78        <\/li>\n                <li class=\"wpuf-field-data wpuf-field-data-numeric_text_field\">\n                            <label>Largeur (cm):<\/label>\n                        151        <\/li>\n                <li class=\"wpuf-field-data wpuf-field-data-numeric_text_field\">\n                            <label>Profondeur (cm):<\/label>\n                        50        <\/li>\n        <\/ul>","protected":false},"excerpt":{"rendered":"<p>Avec un format tout en rondeur, cette enfilade compacte et trapue dispose d&rsquo;un grand volume de rangement. Ses jolies portes coulissantes et le niveau de finition cher \u00e0 la firme font d&rsquo;elle une pi\u00e8ce originale et intemporelle.<\/p>\n<p>Si Dyrlund se targue d&rsquo;avoir eu de prestigieux et insolites clients tels que Mikhail Gorbachev, il n&rsquo;en reste pas moins vrai que leurs meubles sont \u00e0 la hauteur de ces derniers. L&rsquo;utilisation abondante de bois exotique comme le palissandre, aujourd&rsquo;hui prot\u00e9g\u00e9, atteste de leur ambition.<\/p>\n<p>Petit rappel, le palissandre est une essence rare qui repr\u00e9sentait le choix le plus haut de gamme dans la conception d&rsquo;un meuble autrefois. Ses excellentes propri\u00e9t\u00e9s, ainsi que son esth\u00e9tique raffin\u00e9e font de ce dernier une essence tr\u00e8s pris\u00e9e. Pour r\u00e9sumer, le palissandre est au bois, ce que le safran est aux \u00e9pices.<\/p>\n<p>Livraison possible sur demande<\/p>","protected":false},"featured_media":329565,"template":"","meta":{"_et_pb_use_builder":"","_et_pb_old_content":"","_et_gb_content_width":""},"product_brand":[],"product_cat":[83,47],"product_tag":[],"proximite":[278,179],"class_list":{"0":"post-292528","1":"product","2":"type-product","3":"status-publish","4":"has-post-thumbnail","6":"product_cat-meuble-de-rangement","7":"product_cat-meubler","8":"pa_couleur-bois","9":"pa_etat-tres-bon-etat","10":"pa_materiau-bois","11":"pa_style-scandinave","12":"proximite-lausanne","13":"proximite-vaud","15":"first","16":"outofstock","17":"sale","18":"shipping-taxable","19":"purchasable","20":"product-type-simple"},"yoast_head":"<!-- This site is optimized with the Yoast SEO plugin v27.4 - https:\/\/yoast.com\/product\/yoast-seo-wordpress\/ -->\n<title>Enfilade Dyrlund en palissandre - Danemark 1960&#039;s | lalmachine.com<\/title>\n<meta name=\"description\" content=\"Avec un format tout en rondeur, cette enfilade compacte et trapue dispose d&#039;un grand volume de rangement.\" \/>\n<meta name=\"robots\" content=\"index, follow, max-snippet:-1, max-image-preview:large, max-video-preview:-1\" \/>\n<link rel=\"canonical\" href=\"https:\/\/lalmachine.com\/de\/shop\/meubler\/meuble-de-rangement\/enfilade-dyrlund-en-palissandre-danemark-1960s\/\" \/>\n<meta property=\"og:locale\" content=\"de_DE\" \/>\n<meta property=\"og:type\" content=\"article\" \/>\n<meta property=\"og:title\" content=\"Enfilade Dyrlund en palissandre - Danemark 1960&#039;s | lalmachine.com\" \/>\n<meta property=\"og:description\" content=\"Avec un format tout en rondeur, cette enfilade compacte et trapue dispose d&#039;un grand volume de rangement.\" \/>\n<meta property=\"og:url\" content=\"https:\/\/lalmachine.com\/de\/shop\/meubler\/meuble-de-rangement\/enfilade-dyrlund-en-palissandre-danemark-1960s\/\" \/>\n<meta property=\"og:site_name\" content=\"lalmachine.com\" \/>\n<meta property=\"article:publisher\" content=\"https:\/\/facebook.com\/lalmachine\" \/>\n<meta property=\"article:modified_time\" content=\"2024-12-05T20:59:16+00:00\" \/>\n<meta property=\"og:image\" content=\"https:\/\/lalmachine.com\/wp-content\/uploads\/2022\/11\/Sideboard-Dyrlund-Photoroom-1_clipped_rev_1.jpeg\" \/>\n\t<meta property=\"og:image:width\" content=\"1621\" \/>\n\t<meta property=\"og:image:height\" content=\"1621\" \/>\n\t<meta property=\"og:image:type\" content=\"image\/jpeg\" \/>\n<meta name=\"twitter:card\" content=\"summary_large_image\" \/>\n<script type=\"application\/ld+json\" class=\"yoast-schema-graph\">{\"@context\":\"https:\\\/\\\/schema.org\",\"@graph\":[{\"@type\":\"WebPage\",\"@id\":\"https:\\\/\\\/lalmachine.com\\\/shop\\\/meubler\\\/meuble-de-rangement\\\/enfilade-dyrlund-en-palissandre-danemark-1960s\\\/\",\"url\":\"https:\\\/\\\/lalmachine.com\\\/shop\\\/meubler\\\/meuble-de-rangement\\\/enfilade-dyrlund-en-palissandre-danemark-1960s\\\/\",\"name\":\"Enfilade Dyrlund en palissandre - Danemark 1960's | lalmachine.com\",\"isPartOf\":{\"@id\":\"https:\\\/\\\/lalmachine.com\\\/#website\"},\"primaryImageOfPage\":{\"@id\":\"https:\\\/\\\/lalmachine.com\\\/shop\\\/meubler\\\/meuble-de-rangement\\\/enfilade-dyrlund-en-palissandre-danemark-1960s\\\/#primaryimage\"},\"image\":{\"@id\":\"https:\\\/\\\/lalmachine.com\\\/shop\\\/meubler\\\/meuble-de-rangement\\\/enfilade-dyrlund-en-palissandre-danemark-1960s\\\/#primaryimage\"},\"thumbnailUrl\":\"https:\\\/\\\/lalmachine.com\\\/wp-content\\\/uploads\\\/2022\\\/11\\\/Sideboard-Dyrlund-Photoroom-1_clipped_rev_1.jpeg\",\"datePublished\":\"2022-11-28T08:47:29+00:00\",\"dateModified\":\"2024-12-05T20:59:16+00:00\",\"description\":\"Avec un format tout en rondeur, cette enfilade compacte et trapue dispose d'un grand volume de rangement.\",\"breadcrumb\":{\"@id\":\"https:\\\/\\\/lalmachine.com\\\/shop\\\/meubler\\\/meuble-de-rangement\\\/enfilade-dyrlund-en-palissandre-danemark-1960s\\\/#breadcrumb\"},\"inLanguage\":\"de\",\"potentialAction\":[{\"@type\":\"ReadAction\",\"target\":[\"https:\\\/\\\/lalmachine.com\\\/shop\\\/meubler\\\/meuble-de-rangement\\\/enfilade-dyrlund-en-palissandre-danemark-1960s\\\/\"]}]},{\"@type\":\"ImageObject\",\"inLanguage\":\"de\",\"@id\":\"https:\\\/\\\/lalmachine.com\\\/shop\\\/meubler\\\/meuble-de-rangement\\\/enfilade-dyrlund-en-palissandre-danemark-1960s\\\/#primaryimage\",\"url\":\"https:\\\/\\\/lalmachine.com\\\/wp-content\\\/uploads\\\/2022\\\/11\\\/Sideboard-Dyrlund-Photoroom-1_clipped_rev_1.jpeg\",\"contentUrl\":\"https:\\\/\\\/lalmachine.com\\\/wp-content\\\/uploads\\\/2022\\\/11\\\/Sideboard-Dyrlund-Photoroom-1_clipped_rev_1.jpeg\",\"width\":1621,\"height\":1621,\"caption\":\"Enfilade Dyrlund en palissandre\"},{\"@type\":\"BreadcrumbList\",\"@id\":\"https:\\\/\\\/lalmachine.com\\\/shop\\\/meubler\\\/meuble-de-rangement\\\/enfilade-dyrlund-en-palissandre-danemark-1960s\\\/#breadcrumb\",\"itemListElement\":[{\"@type\":\"ListItem\",\"position\":1,\"name\":\"Accueil\",\"item\":\"https:\\\/\\\/lalmachine.com\\\/\"},{\"@type\":\"ListItem\",\"position\":2,\"name\":\"Shop\",\"item\":\"https:\\\/\\\/lalmachine.com\\\/shop\\\/\"},{\"@type\":\"ListItem\",\"position\":3,\"name\":\"Enfilade Dyrlund en palissandre &#8211; Danemark 1960&#8217;s\"}]},{\"@type\":\"WebSite\",\"@id\":\"https:\\\/\\\/lalmachine.com\\\/#website\",\"url\":\"https:\\\/\\\/lalmachine.com\\\/\",\"name\":\"lalmachine.com\",\"description\":\"Brocante en ligne Suisse | Mobilier et objets d\u00e9co vintage et design\",\"potentialAction\":[{\"@type\":\"SearchAction\",\"target\":{\"@type\":\"EntryPoint\",\"urlTemplate\":\"https:\\\/\\\/lalmachine.com\\\/?s={search_term_string}\"},\"query-input\":{\"@type\":\"PropertyValueSpecification\",\"valueRequired\":true,\"valueName\":\"search_term_string\"}}],\"inLanguage\":\"de\"}]}<\/script>\n<!-- \/ Yoast SEO plugin. -->","yoast_head_json":{"title":"Enfilade Dyrlund en palissandre - Danemark 1960's | lalmachine.com","description":"Avec un format tout en rondeur, cette enfilade compacte et trapue dispose d'un grand volume de rangement.","robots":{"index":"index","follow":"follow","max-snippet":"max-snippet:-1","max-image-preview":"max-image-preview:large","max-video-preview":"max-video-preview:-1"},"canonical":"https:\/\/lalmachine.com\/de\/shop\/meubler\/meuble-de-rangement\/enfilade-dyrlund-en-palissandre-danemark-1960s\/","og_locale":"de_DE","og_type":"article","og_title":"Enfilade Dyrlund en palissandre - Danemark 1960's | lalmachine.com","og_description":"Avec un format tout en rondeur, cette enfilade compacte et trapue dispose d'un grand volume de rangement.","og_url":"https:\/\/lalmachine.com\/de\/shop\/meubler\/meuble-de-rangement\/enfilade-dyrlund-en-palissandre-danemark-1960s\/","og_site_name":"lalmachine.com","article_publisher":"https:\/\/facebook.com\/lalmachine","article_modified_time":"2024-12-05T20:59:16+00:00","og_image":[{"width":1621,"height":1621,"url":"https:\/\/lalmachine.com\/wp-content\/uploads\/2022\/11\/Sideboard-Dyrlund-Photoroom-1_clipped_rev_1.jpeg","type":"image\/jpeg"}],"twitter_card":"summary_large_image","schema":{"@context":"https:\/\/schema.org","@graph":[{"@type":"WebPage","@id":"https:\/\/lalmachine.com\/shop\/meubler\/meuble-de-rangement\/enfilade-dyrlund-en-palissandre-danemark-1960s\/","url":"https:\/\/lalmachine.com\/shop\/meubler\/meuble-de-rangement\/enfilade-dyrlund-en-palissandre-danemark-1960s\/","name":"Enfilade Dyrlund en palissandre - Danemark 1960's | lalmachine.com","isPartOf":{"@id":"https:\/\/lalmachine.com\/#website"},"primaryImageOfPage":{"@id":"https:\/\/lalmachine.com\/shop\/meubler\/meuble-de-rangement\/enfilade-dyrlund-en-palissandre-danemark-1960s\/#primaryimage"},"image":{"@id":"https:\/\/lalmachine.com\/shop\/meubler\/meuble-de-rangement\/enfilade-dyrlund-en-palissandre-danemark-1960s\/#primaryimage"},"thumbnailUrl":"https:\/\/lalmachine.com\/wp-content\/uploads\/2022\/11\/Sideboard-Dyrlund-Photoroom-1_clipped_rev_1.jpeg","datePublished":"2022-11-28T08:47:29+00:00","dateModified":"2024-12-05T20:59:16+00:00","description":"Avec un format tout en rondeur, cette enfilade compacte et trapue dispose d'un grand volume de rangement.","breadcrumb":{"@id":"https:\/\/lalmachine.com\/shop\/meubler\/meuble-de-rangement\/enfilade-dyrlund-en-palissandre-danemark-1960s\/#breadcrumb"},"inLanguage":"de","potentialAction":[{"@type":"ReadAction","target":["https:\/\/lalmachine.com\/shop\/meubler\/meuble-de-rangement\/enfilade-dyrlund-en-palissandre-danemark-1960s\/"]}]},{"@type":"ImageObject","inLanguage":"de","@id":"https:\/\/lalmachine.com\/shop\/meubler\/meuble-de-rangement\/enfilade-dyrlund-en-palissandre-danemark-1960s\/#primaryimage","url":"https:\/\/lalmachine.com\/wp-content\/uploads\/2022\/11\/Sideboard-Dyrlund-Photoroom-1_clipped_rev_1.jpeg","contentUrl":"https:\/\/lalmachine.com\/wp-content\/uploads\/2022\/11\/Sideboard-Dyrlund-Photoroom-1_clipped_rev_1.jpeg","width":1621,"height":1621,"caption":"Enfilade Dyrlund en palissandre"},{"@type":"BreadcrumbList","@id":"https:\/\/lalmachine.com\/shop\/meubler\/meuble-de-rangement\/enfilade-dyrlund-en-palissandre-danemark-1960s\/#breadcrumb","itemListElement":[{"@type":"ListItem","position":1,"name":"Accueil","item":"https:\/\/lalmachine.com\/"},{"@type":"ListItem","position":2,"name":"Shop","item":"https:\/\/lalmachine.com\/shop\/"},{"@type":"ListItem","position":3,"name":"Enfilade Dyrlund en palissandre &#8211; Danemark 1960&#8217;s"}]},{"@type":"WebSite","@id":"https:\/\/lalmachine.com\/#website","url":"https:\/\/lalmachine.com\/","name":"lalmachine.com","description":"Brocante en ligne Suisse | Mobilier et objets d\u00e9co vintage et design","potentialAction":[{"@type":"SearchAction","target":{"@type":"EntryPoint","urlTemplate":"https:\/\/lalmachine.com\/?s={search_term_string}"},"query-input":{"@type":"PropertyValueSpecification","valueRequired":true,"valueName":"search_term_string"}}],"inLanguage":"de"}]}},"_links":{"self":[{"href":"https:\/\/lalmachine.com\/de\/wp-json\/wp\/v2\/product\/292528","targetHints":{"allow":["GET"]}}],"collection":[{"href":"https:\/\/lalmachine.com\/de\/wp-json\/wp\/v2\/product"}],"about":[{"href":"https:\/\/lalmachine.com\/de\/wp-json\/wp\/v2\/types\/product"}],"wp:featuredmedia":[{"embeddable":true,"href":"https:\/\/lalmachine.com\/de\/wp-json\/wp\/v2\/media\/329565"}],"wp:attachment":[{"href":"https:\/\/lalmachine.com\/de\/wp-json\/wp\/v2\/media?parent=292528"}],"wp:term":[{"taxonomy":"product_brand","embeddable":true,"href":"https:\/\/lalmachine.com\/de\/wp-json\/wp\/v2\/product_brand?post=292528"},{"taxonomy":"product_cat","embeddable":true,"href":"https:\/\/lalmachine.com\/de\/wp-json\/wp\/v2\/product_cat?post=292528"},{"taxonomy":"product_tag","embeddable":true,"href":"https:\/\/lalmachine.com\/de\/wp-json\/wp\/v2\/product_tag?post=292528"},{"taxonomy":"proximite","embeddable":true,"href":"https:\/\/lalmachine.com\/de\/wp-json\/wp\/v2\/proximite?post=292528"}],"curies":[{"name":"wp","href":"https:\/\/api.w.org\/{rel}","templated":true}]}}