{"id":292620,"date":"2022-11-28T10:40:54","date_gmt":"2022-11-28T09:40:54","guid":{"rendered":"https:\/\/lalmachine.com\/?post_type=product&#038;p=292620"},"modified":"2026-01-18T17:05:37","modified_gmt":"2026-01-18T16:05:37","slug":"desserte-ronde-en-bois","status":"publish","type":"product","link":"https:\/\/lalmachine.com\/de\/shop\/meubler\/desserte\/desserte-ronde-en-bois\/","title":{"rendered":"Desserte ronde en bois"},"content":{"rendered":"<ul class=\"wpuf_customs\"><li style=\"list-style-type:none;\"><label>Autres photos:<\/label> <a href=\"https:\/\/lalmachine.com\/wp-content\/uploads\/2022\/11\/IMG20221115173132-26be5293-scaled.jpg\"><img loading=\"lazy\" decoding=\"async\" width=\"72\" height=\"96\" src=\"https:\/\/lalmachine.com\/wp-content\/uploads\/2022\/11\/IMG20221115173132-26be5293-scaled.jpg\" class=\"attachment-thumbnail size-thumbnail\" alt=\"\" \/><\/a> <a href=\"https:\/\/lalmachine.com\/wp-content\/uploads\/2022\/11\/IMG20221115173059-2b500107-scaled.jpg\"><img loading=\"lazy\" decoding=\"async\" width=\"72\" height=\"96\" src=\"https:\/\/lalmachine.com\/wp-content\/uploads\/2022\/11\/IMG20221115173059-2b500107-scaled.jpg\" class=\"attachment-thumbnail size-thumbnail\" alt=\"\" \/><\/a> <a href=\"https:\/\/lalmachine.com\/wp-content\/uploads\/2022\/11\/IMG20221115173114-b3a6aef3-scaled.jpg\"><img loading=\"lazy\" decoding=\"async\" width=\"72\" height=\"96\" src=\"https:\/\/lalmachine.com\/wp-content\/uploads\/2022\/11\/IMG20221115173114-b3a6aef3-scaled.jpg\" class=\"attachment-thumbnail size-thumbnail\" alt=\"\" \/><\/a> <a href=\"https:\/\/lalmachine.com\/wp-content\/uploads\/2022\/11\/IMG20221115173439-a084b1b5-scaled.jpg\"><img loading=\"lazy\" decoding=\"async\" width=\"128\" height=\"96\" src=\"https:\/\/lalmachine.com\/wp-content\/uploads\/2022\/11\/IMG20221115173439-a084b1b5-scaled.jpg\" class=\"attachment-thumbnail size-thumbnail\" alt=\"\" \/><\/a> <a href=\"https:\/\/lalmachine.com\/wp-content\/uploads\/2022\/11\/IMG20221115173148-1c9cad6b-scaled.jpg\"><img loading=\"lazy\" decoding=\"async\" width=\"72\" height=\"96\" src=\"https:\/\/lalmachine.com\/wp-content\/uploads\/2022\/11\/IMG20221115173148-1c9cad6b-scaled.jpg\" class=\"attachment-thumbnail size-thumbnail\" alt=\"\" \/><\/a> <a href=\"https:\/\/lalmachine.com\/wp-content\/uploads\/2022\/11\/IMG20221115173157-877f3786-scaled.jpg\"><img loading=\"lazy\" decoding=\"async\" width=\"72\" height=\"96\" src=\"https:\/\/lalmachine.com\/wp-content\/uploads\/2022\/11\/IMG20221115173157-877f3786-scaled.jpg\" class=\"attachment-thumbnail size-thumbnail\" alt=\"\" \/><\/a> <a href=\"https:\/\/lalmachine.com\/wp-content\/uploads\/2022\/11\/IMG20221115173216-52a2ec4d-scaled.jpg\"><img loading=\"lazy\" decoding=\"async\" width=\"72\" height=\"96\" src=\"https:\/\/lalmachine.com\/wp-content\/uploads\/2022\/11\/IMG20221115173216-52a2ec4d-scaled.jpg\" class=\"attachment-thumbnail size-thumbnail\" alt=\"\" \/><\/a> <a href=\"https:\/\/lalmachine.com\/wp-content\/uploads\/2022\/11\/IMG20221115173221-1c88e70e-scaled.jpg\"><img loading=\"lazy\" decoding=\"async\" width=\"72\" height=\"96\" src=\"https:\/\/lalmachine.com\/wp-content\/uploads\/2022\/11\/IMG20221115173221-1c88e70e-scaled.jpg\" class=\"attachment-thumbnail size-thumbnail\" alt=\"\" \/><\/a> <a href=\"https:\/\/lalmachine.com\/wp-content\/uploads\/2022\/11\/IMG20221115173224-d4b15b21-scaled.jpg\"><img loading=\"lazy\" decoding=\"async\" width=\"72\" height=\"96\" src=\"https:\/\/lalmachine.com\/wp-content\/uploads\/2022\/11\/IMG20221115173224-d4b15b21-scaled.jpg\" class=\"attachment-thumbnail size-thumbnail\" alt=\"\" \/><\/a> <a href=\"https:\/\/lalmachine.com\/wp-content\/uploads\/2022\/11\/IMG20221115173252-5fe06735-scaled.jpg\"><img loading=\"lazy\" decoding=\"async\" width=\"72\" height=\"96\" src=\"https:\/\/lalmachine.com\/wp-content\/uploads\/2022\/11\/IMG20221115173252-5fe06735-scaled.jpg\" class=\"attachment-thumbnail size-thumbnail\" alt=\"\" \/><\/a> <a href=\"https:\/\/lalmachine.com\/wp-content\/uploads\/2022\/11\/IMG20221115173257-15494885-scaled.jpg\"><img loading=\"lazy\" decoding=\"async\" width=\"72\" height=\"96\" src=\"https:\/\/lalmachine.com\/wp-content\/uploads\/2022\/11\/IMG20221115173257-15494885-scaled.jpg\" class=\"attachment-thumbnail size-thumbnail\" alt=\"\" \/><\/a> <a href=\"https:\/\/lalmachine.com\/wp-content\/uploads\/2022\/11\/IMG20221115173335-892cf7a0-scaled.jpg\"><img loading=\"lazy\" decoding=\"async\" width=\"72\" height=\"96\" src=\"https:\/\/lalmachine.com\/wp-content\/uploads\/2022\/11\/IMG20221115173335-892cf7a0-scaled.jpg\" class=\"attachment-thumbnail size-thumbnail\" alt=\"\" \/><\/a> <a href=\"https:\/\/lalmachine.com\/wp-content\/uploads\/2022\/11\/IMG20221115173425-a57aa0cd-scaled.jpg\"><img loading=\"lazy\" decoding=\"async\" width=\"72\" height=\"96\" src=\"https:\/\/lalmachine.com\/wp-content\/uploads\/2022\/11\/IMG20221115173425-a57aa0cd-scaled.jpg\" class=\"attachment-thumbnail size-thumbnail\" alt=\"\" \/><\/a> <\/li>        <li class=\"wpuf-field-data wpuf-field-data-numeric_text_field\">\n                            <label>Prix:<\/label>\n                        170        <\/li>\n                <li class=\"wpuf-field-data wpuf-field-data-numeric_text_field\">\n                            <label>Hauteur (cm):<\/label>\n                        58        <\/li>\n                <li class=\"wpuf-field-data wpuf-field-data-numeric_text_field\">\n                            <label>Largeur (cm):<\/label>\n                        52        <\/li>\n                <li class=\"wpuf-field-data wpuf-field-data-numeric_text_field\">\n                            <label>Profondeur (cm):<\/label>\n                        52        <\/li>\n        <\/ul>","protected":false},"excerpt":{"rendered":"<p>Desserte ronde en bois sur roulettes dot\u00e9e de deux plateaux amovibles. Un des plateaux est tournant est il peut \u00eatre utilis\u00e9 au centre d&rsquo;une table \u00e0 manger par exemple. Quelques traces d&rsquo;usure sur le bois sont pr\u00e9sentes. La desserte est stable et solide et tr\u00e8s \u00e9l\u00e9gant avec ses bords arrondis. Hauteur du plateau sup\u00e9rieur: 56 cm. Hauteur du plateau inf\u00e9rieur: 20 cm.<\/p>","protected":false},"featured_media":325965,"template":"","meta":{"_et_pb_use_builder":"","_et_pb_old_content":"","_et_gb_content_width":""},"product_brand":[],"product_cat":[460,47],"product_tag":[],"proximite":[177,235],"class_list":{"0":"post-292620","1":"product","2":"type-product","3":"status-publish","4":"has-post-thumbnail","6":"product_cat-desserte","7":"product_cat-meubler","8":"product_shipping_class-encombrant-30-kg","9":"pa_couleur-bois","10":"pa_etat-bon-etat","11":"pa_materiau-bois","12":"pa_style-vintage","13":"proximite-fribourg","14":"proximite-sarine","16":"first","17":"outofstock","18":"sale","19":"shipping-taxable","20":"purchasable","21":"product-type-simple"},"yoast_head":"<!-- This site is optimized with the Yoast SEO plugin v27.4 - https:\/\/yoast.com\/product\/yoast-seo-wordpress\/ -->\n<title>Desserte ronde en bois | lalmachine.com, mobilier et objets d\u00e9co vintage et design<\/title>\n<meta name=\"description\" content=\"Desserte ronde en bois sur roulettes dot\u00e9e de deux plateaux amovibles. Un des plateaux est tournant est il peut \u00eatre utilis\u00e9 au centre d&#039;une table \u00e0 manger par exemple.\" \/>\n<meta name=\"robots\" content=\"index, follow, max-snippet:-1, max-image-preview:large, max-video-preview:-1\" \/>\n<link rel=\"canonical\" href=\"https:\/\/lalmachine.com\/de\/shop\/meubler\/desserte\/desserte-ronde-en-bois\/\" \/>\n<meta property=\"og:locale\" content=\"de_DE\" \/>\n<meta property=\"og:type\" content=\"article\" \/>\n<meta property=\"og:title\" content=\"Desserte ronde en bois | lalmachine.com, mobilier et objets d\u00e9co vintage et design\" \/>\n<meta property=\"og:description\" content=\"Desserte ronde en bois sur roulettes dot\u00e9e de deux plateaux amovibles. Un des plateaux est tournant est il peut \u00eatre utilis\u00e9 au centre d&#039;une table \u00e0 manger par exemple.\" \/>\n<meta property=\"og:url\" content=\"https:\/\/lalmachine.com\/de\/shop\/meubler\/desserte\/desserte-ronde-en-bois\/\" \/>\n<meta property=\"og:site_name\" content=\"lalmachine.com\" \/>\n<meta property=\"article:publisher\" content=\"https:\/\/facebook.com\/lalmachine\" \/>\n<meta property=\"article:modified_time\" content=\"2026-01-18T16:05:37+00:00\" \/>\n<meta property=\"og:image\" content=\"https:\/\/lalmachine.com\/wp-content\/uploads\/2022\/11\/IMG20221115173132_clipped_rev_2.jpeg\" \/>\n\t<meta property=\"og:image:width\" content=\"1879\" \/>\n\t<meta property=\"og:image:height\" content=\"1879\" \/>\n\t<meta property=\"og:image:type\" content=\"image\/jpeg\" \/>\n<meta name=\"twitter:card\" content=\"summary_large_image\" \/>\n<script type=\"application\/ld+json\" class=\"yoast-schema-graph\">{\"@context\":\"https:\\\/\\\/schema.org\",\"@graph\":[{\"@type\":\"WebPage\",\"@id\":\"https:\\\/\\\/lalmachine.com\\\/shop\\\/meubler\\\/desserte\\\/desserte-ronde-en-bois\\\/\",\"url\":\"https:\\\/\\\/lalmachine.com\\\/shop\\\/meubler\\\/desserte\\\/desserte-ronde-en-bois\\\/\",\"name\":\"Desserte ronde en bois | lalmachine.com, mobilier et objets d\u00e9co vintage et design\",\"isPartOf\":{\"@id\":\"https:\\\/\\\/lalmachine.com\\\/#website\"},\"primaryImageOfPage\":{\"@id\":\"https:\\\/\\\/lalmachine.com\\\/shop\\\/meubler\\\/desserte\\\/desserte-ronde-en-bois\\\/#primaryimage\"},\"image\":{\"@id\":\"https:\\\/\\\/lalmachine.com\\\/shop\\\/meubler\\\/desserte\\\/desserte-ronde-en-bois\\\/#primaryimage\"},\"thumbnailUrl\":\"https:\\\/\\\/lalmachine.com\\\/wp-content\\\/uploads\\\/2022\\\/11\\\/IMG20221115173132_clipped_rev_2.jpeg\",\"datePublished\":\"2022-11-28T09:40:54+00:00\",\"dateModified\":\"2026-01-18T16:05:37+00:00\",\"description\":\"Desserte ronde en bois sur roulettes dot\u00e9e de deux plateaux amovibles. Un des plateaux est tournant est il peut \u00eatre utilis\u00e9 au centre d'une table \u00e0 manger par exemple.\",\"breadcrumb\":{\"@id\":\"https:\\\/\\\/lalmachine.com\\\/shop\\\/meubler\\\/desserte\\\/desserte-ronde-en-bois\\\/#breadcrumb\"},\"inLanguage\":\"de\",\"potentialAction\":[{\"@type\":\"ReadAction\",\"target\":[\"https:\\\/\\\/lalmachine.com\\\/shop\\\/meubler\\\/desserte\\\/desserte-ronde-en-bois\\\/\"]}]},{\"@type\":\"ImageObject\",\"inLanguage\":\"de\",\"@id\":\"https:\\\/\\\/lalmachine.com\\\/shop\\\/meubler\\\/desserte\\\/desserte-ronde-en-bois\\\/#primaryimage\",\"url\":\"https:\\\/\\\/lalmachine.com\\\/wp-content\\\/uploads\\\/2022\\\/11\\\/IMG20221115173132_clipped_rev_2.jpeg\",\"contentUrl\":\"https:\\\/\\\/lalmachine.com\\\/wp-content\\\/uploads\\\/2022\\\/11\\\/IMG20221115173132_clipped_rev_2.jpeg\",\"width\":1879,\"height\":1879,\"caption\":\"Desserte ronde en bois\"},{\"@type\":\"BreadcrumbList\",\"@id\":\"https:\\\/\\\/lalmachine.com\\\/shop\\\/meubler\\\/desserte\\\/desserte-ronde-en-bois\\\/#breadcrumb\",\"itemListElement\":[{\"@type\":\"ListItem\",\"position\":1,\"name\":\"Accueil\",\"item\":\"https:\\\/\\\/lalmachine.com\\\/\"},{\"@type\":\"ListItem\",\"position\":2,\"name\":\"Shop\",\"item\":\"https:\\\/\\\/lalmachine.com\\\/shop\\\/\"},{\"@type\":\"ListItem\",\"position\":3,\"name\":\"Desserte ronde en bois\"}]},{\"@type\":\"WebSite\",\"@id\":\"https:\\\/\\\/lalmachine.com\\\/#website\",\"url\":\"https:\\\/\\\/lalmachine.com\\\/\",\"name\":\"lalmachine.com\",\"description\":\"Brocante en ligne Suisse | Mobilier et objets d\u00e9co vintage et design\",\"potentialAction\":[{\"@type\":\"SearchAction\",\"target\":{\"@type\":\"EntryPoint\",\"urlTemplate\":\"https:\\\/\\\/lalmachine.com\\\/?s={search_term_string}\"},\"query-input\":{\"@type\":\"PropertyValueSpecification\",\"valueRequired\":true,\"valueName\":\"search_term_string\"}}],\"inLanguage\":\"de\"}]}<\/script>\n<!-- \/ Yoast SEO plugin. -->","yoast_head_json":{"title":"Desserte ronde en bois | lalmachine.com, mobilier et objets d\u00e9co vintage et design","description":"Desserte ronde en bois sur roulettes dot\u00e9e de deux plateaux amovibles. Un des plateaux est tournant est il peut \u00eatre utilis\u00e9 au centre d'une table \u00e0 manger par exemple.","robots":{"index":"index","follow":"follow","max-snippet":"max-snippet:-1","max-image-preview":"max-image-preview:large","max-video-preview":"max-video-preview:-1"},"canonical":"https:\/\/lalmachine.com\/de\/shop\/meubler\/desserte\/desserte-ronde-en-bois\/","og_locale":"de_DE","og_type":"article","og_title":"Desserte ronde en bois | lalmachine.com, mobilier et objets d\u00e9co vintage et design","og_description":"Desserte ronde en bois sur roulettes dot\u00e9e de deux plateaux amovibles. Un des plateaux est tournant est il peut \u00eatre utilis\u00e9 au centre d'une table \u00e0 manger par exemple.","og_url":"https:\/\/lalmachine.com\/de\/shop\/meubler\/desserte\/desserte-ronde-en-bois\/","og_site_name":"lalmachine.com","article_publisher":"https:\/\/facebook.com\/lalmachine","article_modified_time":"2026-01-18T16:05:37+00:00","og_image":[{"width":1879,"height":1879,"url":"https:\/\/lalmachine.com\/wp-content\/uploads\/2022\/11\/IMG20221115173132_clipped_rev_2.jpeg","type":"image\/jpeg"}],"twitter_card":"summary_large_image","schema":{"@context":"https:\/\/schema.org","@graph":[{"@type":"WebPage","@id":"https:\/\/lalmachine.com\/shop\/meubler\/desserte\/desserte-ronde-en-bois\/","url":"https:\/\/lalmachine.com\/shop\/meubler\/desserte\/desserte-ronde-en-bois\/","name":"Desserte ronde en bois | lalmachine.com, mobilier et objets d\u00e9co vintage et design","isPartOf":{"@id":"https:\/\/lalmachine.com\/#website"},"primaryImageOfPage":{"@id":"https:\/\/lalmachine.com\/shop\/meubler\/desserte\/desserte-ronde-en-bois\/#primaryimage"},"image":{"@id":"https:\/\/lalmachine.com\/shop\/meubler\/desserte\/desserte-ronde-en-bois\/#primaryimage"},"thumbnailUrl":"https:\/\/lalmachine.com\/wp-content\/uploads\/2022\/11\/IMG20221115173132_clipped_rev_2.jpeg","datePublished":"2022-11-28T09:40:54+00:00","dateModified":"2026-01-18T16:05:37+00:00","description":"Desserte ronde en bois sur roulettes dot\u00e9e de deux plateaux amovibles. Un des plateaux est tournant est il peut \u00eatre utilis\u00e9 au centre d'une table \u00e0 manger par exemple.","breadcrumb":{"@id":"https:\/\/lalmachine.com\/shop\/meubler\/desserte\/desserte-ronde-en-bois\/#breadcrumb"},"inLanguage":"de","potentialAction":[{"@type":"ReadAction","target":["https:\/\/lalmachine.com\/shop\/meubler\/desserte\/desserte-ronde-en-bois\/"]}]},{"@type":"ImageObject","inLanguage":"de","@id":"https:\/\/lalmachine.com\/shop\/meubler\/desserte\/desserte-ronde-en-bois\/#primaryimage","url":"https:\/\/lalmachine.com\/wp-content\/uploads\/2022\/11\/IMG20221115173132_clipped_rev_2.jpeg","contentUrl":"https:\/\/lalmachine.com\/wp-content\/uploads\/2022\/11\/IMG20221115173132_clipped_rev_2.jpeg","width":1879,"height":1879,"caption":"Desserte ronde en bois"},{"@type":"BreadcrumbList","@id":"https:\/\/lalmachine.com\/shop\/meubler\/desserte\/desserte-ronde-en-bois\/#breadcrumb","itemListElement":[{"@type":"ListItem","position":1,"name":"Accueil","item":"https:\/\/lalmachine.com\/"},{"@type":"ListItem","position":2,"name":"Shop","item":"https:\/\/lalmachine.com\/shop\/"},{"@type":"ListItem","position":3,"name":"Desserte ronde en bois"}]},{"@type":"WebSite","@id":"https:\/\/lalmachine.com\/#website","url":"https:\/\/lalmachine.com\/","name":"lalmachine.com","description":"Brocante en ligne Suisse | Mobilier et objets d\u00e9co vintage et design","potentialAction":[{"@type":"SearchAction","target":{"@type":"EntryPoint","urlTemplate":"https:\/\/lalmachine.com\/?s={search_term_string}"},"query-input":{"@type":"PropertyValueSpecification","valueRequired":true,"valueName":"search_term_string"}}],"inLanguage":"de"}]}},"_links":{"self":[{"href":"https:\/\/lalmachine.com\/de\/wp-json\/wp\/v2\/product\/292620","targetHints":{"allow":["GET"]}}],"collection":[{"href":"https:\/\/lalmachine.com\/de\/wp-json\/wp\/v2\/product"}],"about":[{"href":"https:\/\/lalmachine.com\/de\/wp-json\/wp\/v2\/types\/product"}],"wp:featuredmedia":[{"embeddable":true,"href":"https:\/\/lalmachine.com\/de\/wp-json\/wp\/v2\/media\/325965"}],"wp:attachment":[{"href":"https:\/\/lalmachine.com\/de\/wp-json\/wp\/v2\/media?parent=292620"}],"wp:term":[{"taxonomy":"product_brand","embeddable":true,"href":"https:\/\/lalmachine.com\/de\/wp-json\/wp\/v2\/product_brand?post=292620"},{"taxonomy":"product_cat","embeddable":true,"href":"https:\/\/lalmachine.com\/de\/wp-json\/wp\/v2\/product_cat?post=292620"},{"taxonomy":"product_tag","embeddable":true,"href":"https:\/\/lalmachine.com\/de\/wp-json\/wp\/v2\/product_tag?post=292620"},{"taxonomy":"proximite","embeddable":true,"href":"https:\/\/lalmachine.com\/de\/wp-json\/wp\/v2\/proximite?post=292620"}],"curies":[{"name":"wp","href":"https:\/\/api.w.org\/{rel}","templated":true}]}}