{"id":293196,"date":"2022-12-05T11:39:20","date_gmt":"2022-12-05T10:39:20","guid":{"rendered":"https:\/\/lalmachine.com\/?post_type=product&#038;p=293196"},"modified":"2024-12-05T21:59:20","modified_gmt":"2024-12-05T20:59:20","slug":"lampadaire-italien","status":"publish","type":"product","link":"https:\/\/lalmachine.com\/de\/shop\/eclairer\/lampe-sur-pied\/lampadaire-italien\/","title":{"rendered":"Lampadaire italien"},"content":{"rendered":"<ul class=\"wpuf_customs\"><li style=\"list-style-type:none;\"><label>Autres photos:<\/label> <a href=\"https:\/\/lalmachine.com\/wp-content\/uploads\/2022\/12\/IMG20221203144024-ef828464-scaled.jpg\"><img loading=\"lazy\" decoding=\"async\" width=\"72\" height=\"96\" src=\"https:\/\/lalmachine.com\/wp-content\/uploads\/2022\/12\/IMG20221203144024-ef828464-scaled.jpg\" class=\"attachment-thumbnail size-thumbnail\" alt=\"\" \/><\/a> <a href=\"https:\/\/lalmachine.com\/wp-content\/uploads\/2022\/12\/IMG20221203144014-1c6a90ab-scaled.jpg\"><img loading=\"lazy\" decoding=\"async\" width=\"72\" height=\"96\" src=\"https:\/\/lalmachine.com\/wp-content\/uploads\/2022\/12\/IMG20221203144014-1c6a90ab-scaled.jpg\" class=\"attachment-thumbnail size-thumbnail\" alt=\"\" \/><\/a> <a href=\"https:\/\/lalmachine.com\/wp-content\/uploads\/2022\/12\/IMG20221203144003-49aae38b-scaled.jpg\"><img loading=\"lazy\" decoding=\"async\" width=\"72\" height=\"96\" src=\"https:\/\/lalmachine.com\/wp-content\/uploads\/2022\/12\/IMG20221203144003-49aae38b-scaled.jpg\" class=\"attachment-thumbnail size-thumbnail\" alt=\"\" \/><\/a> <a href=\"https:\/\/lalmachine.com\/wp-content\/uploads\/2022\/12\/IMG20221203143952-7fef796e-scaled.jpg\"><img loading=\"lazy\" decoding=\"async\" width=\"72\" height=\"96\" src=\"https:\/\/lalmachine.com\/wp-content\/uploads\/2022\/12\/IMG20221203143952-7fef796e-scaled.jpg\" class=\"attachment-thumbnail size-thumbnail\" alt=\"\" \/><\/a> <a href=\"https:\/\/lalmachine.com\/wp-content\/uploads\/2022\/12\/IMG20221203143948-13fe0262-scaled.jpg\"><img loading=\"lazy\" decoding=\"async\" width=\"72\" height=\"96\" src=\"https:\/\/lalmachine.com\/wp-content\/uploads\/2022\/12\/IMG20221203143948-13fe0262-scaled.jpg\" class=\"attachment-thumbnail size-thumbnail\" alt=\"\" \/><\/a> <a href=\"https:\/\/lalmachine.com\/wp-content\/uploads\/2022\/12\/IMG20221203143945-bbdeb1bb-scaled.jpg\"><img loading=\"lazy\" decoding=\"async\" width=\"72\" height=\"96\" src=\"https:\/\/lalmachine.com\/wp-content\/uploads\/2022\/12\/IMG20221203143945-bbdeb1bb-scaled.jpg\" class=\"attachment-thumbnail size-thumbnail\" alt=\"\" \/><\/a> <a href=\"https:\/\/lalmachine.com\/wp-content\/uploads\/2022\/12\/IMG20221203143943-244e1c17-scaled.jpg\"><img loading=\"lazy\" decoding=\"async\" width=\"72\" height=\"96\" src=\"https:\/\/lalmachine.com\/wp-content\/uploads\/2022\/12\/IMG20221203143943-244e1c17-scaled.jpg\" class=\"attachment-thumbnail size-thumbnail\" alt=\"\" \/><\/a> <a href=\"https:\/\/lalmachine.com\/wp-content\/uploads\/2022\/12\/IMG20221203143919-c987b096-scaled.jpg\"><img loading=\"lazy\" decoding=\"async\" width=\"72\" height=\"96\" src=\"https:\/\/lalmachine.com\/wp-content\/uploads\/2022\/12\/IMG20221203143919-c987b096-scaled.jpg\" class=\"attachment-thumbnail size-thumbnail\" alt=\"\" \/><\/a> <a href=\"https:\/\/lalmachine.com\/wp-content\/uploads\/2022\/12\/IMG20221203143914-38385119-scaled.jpg\"><img loading=\"lazy\" decoding=\"async\" width=\"72\" height=\"96\" src=\"https:\/\/lalmachine.com\/wp-content\/uploads\/2022\/12\/IMG20221203143914-38385119-scaled.jpg\" class=\"attachment-thumbnail size-thumbnail\" alt=\"\" \/><\/a> <a href=\"https:\/\/lalmachine.com\/wp-content\/uploads\/2022\/12\/IMG20221203143906-e9f41f65-scaled.jpg\"><img loading=\"lazy\" decoding=\"async\" width=\"72\" height=\"96\" src=\"https:\/\/lalmachine.com\/wp-content\/uploads\/2022\/12\/IMG20221203143906-e9f41f65-scaled.jpg\" class=\"attachment-thumbnail size-thumbnail\" alt=\"\" \/><\/a> <\/li>        <li class=\"wpuf-field-data wpuf-field-data-numeric_text_field\">\n                            <label>Prix:<\/label>\n                        280        <\/li>\n                <li class=\"wpuf-field-data wpuf-field-data-numeric_text_field\">\n                            <label>Hauteur (cm):<\/label>\n                        181        <\/li>\n                <li class=\"wpuf-field-data wpuf-field-data-numeric_text_field\">\n                            <label>Largeur (cm):<\/label>\n                        39        <\/li>\n                <li class=\"wpuf-field-data wpuf-field-data-numeric_text_field\">\n                            <label>Profondeur (cm):<\/label>\n                        39        <\/li>\n        <\/ul>","protected":false},"excerpt":{"rendered":"<p>Lampadaire vintage des ann\u00e9es 70\/80 produit par l&rsquo;entreprise italienne Relco. En m\u00e9tal avec socle en marbre, l&rsquo;intensit\u00e9 de sa lumi\u00e8re peur \u00eatre r\u00e9gl\u00e9e.<\/p>\n<p>Livraison possible (sous 2-3 semaines, \u00e0 r\u00e9gler le jour de la livraison) :<br \/>\n\u2013 Berne : 30 CHF<br \/>\n\u2013 Lausanne : 50 CHF<br \/>\n\u2013 Gen\u00e8ve, Z\u00fcrich, B\u00e2le : 100 CHF<br \/>\n\u2013 Autres villes sur demande<\/p>","protected":false},"featured_media":293280,"template":"","meta":{"_et_pb_use_builder":"","_et_pb_old_content":"","_et_gb_content_width":""},"product_brand":[],"product_cat":[49,89],"product_tag":[],"proximite":[177,235],"class_list":{"0":"post-293196","1":"product","2":"type-product","3":"status-publish","4":"has-post-thumbnail","6":"product_cat-eclairer","7":"product_cat-lampe-sur-pied","8":"pa_couleur-beige","9":"pa_etat-bon-etat","10":"pa_materiau-metal","11":"pa_style-vintage","12":"proximite-fribourg","13":"proximite-sarine","15":"first","16":"outofstock","17":"shipping-taxable","18":"purchasable","19":"product-type-simple"},"yoast_head":"<!-- This site is optimized with the Yoast SEO plugin v27.4 - https:\/\/yoast.com\/product\/yoast-seo-wordpress\/ -->\n<title>Lampadaire italien | lalmachine.com, mobilier et objets d\u00e9co vintage et design<\/title>\n<meta name=\"description\" content=\"Lampadaire vintage des ann\u00e9es 70\/80 produit par l&#039;entreprise italienne Relco. En m\u00e9tal avec socle en marbre, l&#039;intensit\u00e9 de sa lumi\u00e8re peur \u00eatre r\u00e9gl\u00e9e.\" \/>\n<meta name=\"robots\" content=\"index, follow, max-snippet:-1, max-image-preview:large, max-video-preview:-1\" \/>\n<link rel=\"canonical\" href=\"https:\/\/lalmachine.com\/de\/shop\/eclairer\/lampe-sur-pied\/lampadaire-italien\/\" \/>\n<meta property=\"og:locale\" content=\"de_DE\" \/>\n<meta property=\"og:type\" content=\"article\" \/>\n<meta property=\"og:title\" content=\"Lampadaire italien | lalmachine.com, mobilier et objets d\u00e9co vintage et design\" \/>\n<meta property=\"og:description\" content=\"Lampadaire vintage des ann\u00e9es 70\/80 produit par l&#039;entreprise italienne Relco. En m\u00e9tal avec socle en marbre, l&#039;intensit\u00e9 de sa lumi\u00e8re peur \u00eatre r\u00e9gl\u00e9e.\" \/>\n<meta property=\"og:url\" content=\"https:\/\/lalmachine.com\/de\/shop\/eclairer\/lampe-sur-pied\/lampadaire-italien\/\" \/>\n<meta property=\"og:site_name\" content=\"lalmachine.com\" \/>\n<meta property=\"article:publisher\" content=\"https:\/\/facebook.com\/lalmachine\" \/>\n<meta property=\"article:modified_time\" content=\"2024-12-05T20:59:20+00:00\" \/>\n<meta property=\"og:image\" content=\"https:\/\/lalmachine.com\/wp-content\/uploads\/2022\/12\/Pasted-20221205-105424_clipped_rev_1-1.jpeg\" \/>\n\t<meta property=\"og:image:width\" content=\"2206\" \/>\n\t<meta property=\"og:image:height\" content=\"2206\" \/>\n\t<meta property=\"og:image:type\" content=\"image\/jpeg\" \/>\n<meta name=\"twitter:card\" content=\"summary_large_image\" \/>\n<script type=\"application\/ld+json\" class=\"yoast-schema-graph\">{\"@context\":\"https:\\\/\\\/schema.org\",\"@graph\":[{\"@type\":\"WebPage\",\"@id\":\"https:\\\/\\\/lalmachine.com\\\/shop\\\/eclairer\\\/lampe-sur-pied\\\/lampadaire-italien\\\/\",\"url\":\"https:\\\/\\\/lalmachine.com\\\/shop\\\/eclairer\\\/lampe-sur-pied\\\/lampadaire-italien\\\/\",\"name\":\"Lampadaire italien | lalmachine.com, mobilier et objets d\u00e9co vintage et design\",\"isPartOf\":{\"@id\":\"https:\\\/\\\/lalmachine.com\\\/#website\"},\"primaryImageOfPage\":{\"@id\":\"https:\\\/\\\/lalmachine.com\\\/shop\\\/eclairer\\\/lampe-sur-pied\\\/lampadaire-italien\\\/#primaryimage\"},\"image\":{\"@id\":\"https:\\\/\\\/lalmachine.com\\\/shop\\\/eclairer\\\/lampe-sur-pied\\\/lampadaire-italien\\\/#primaryimage\"},\"thumbnailUrl\":\"https:\\\/\\\/lalmachine.com\\\/wp-content\\\/uploads\\\/2022\\\/12\\\/Pasted-20221205-105424_clipped_rev_1-1.jpeg\",\"datePublished\":\"2022-12-05T10:39:20+00:00\",\"dateModified\":\"2024-12-05T20:59:20+00:00\",\"description\":\"Lampadaire vintage des ann\u00e9es 70\\\/80 produit par l'entreprise italienne Relco. En m\u00e9tal avec socle en marbre, l'intensit\u00e9 de sa lumi\u00e8re peur \u00eatre r\u00e9gl\u00e9e.\",\"breadcrumb\":{\"@id\":\"https:\\\/\\\/lalmachine.com\\\/shop\\\/eclairer\\\/lampe-sur-pied\\\/lampadaire-italien\\\/#breadcrumb\"},\"inLanguage\":\"de\",\"potentialAction\":[{\"@type\":\"ReadAction\",\"target\":[\"https:\\\/\\\/lalmachine.com\\\/shop\\\/eclairer\\\/lampe-sur-pied\\\/lampadaire-italien\\\/\"]}]},{\"@type\":\"ImageObject\",\"inLanguage\":\"de\",\"@id\":\"https:\\\/\\\/lalmachine.com\\\/shop\\\/eclairer\\\/lampe-sur-pied\\\/lampadaire-italien\\\/#primaryimage\",\"url\":\"https:\\\/\\\/lalmachine.com\\\/wp-content\\\/uploads\\\/2022\\\/12\\\/Pasted-20221205-105424_clipped_rev_1-1.jpeg\",\"contentUrl\":\"https:\\\/\\\/lalmachine.com\\\/wp-content\\\/uploads\\\/2022\\\/12\\\/Pasted-20221205-105424_clipped_rev_1-1.jpeg\",\"width\":2206,\"height\":2206,\"caption\":\"Lampadaire italien\"},{\"@type\":\"BreadcrumbList\",\"@id\":\"https:\\\/\\\/lalmachine.com\\\/shop\\\/eclairer\\\/lampe-sur-pied\\\/lampadaire-italien\\\/#breadcrumb\",\"itemListElement\":[{\"@type\":\"ListItem\",\"position\":1,\"name\":\"Accueil\",\"item\":\"https:\\\/\\\/lalmachine.com\\\/\"},{\"@type\":\"ListItem\",\"position\":2,\"name\":\"Shop\",\"item\":\"https:\\\/\\\/lalmachine.com\\\/shop\\\/\"},{\"@type\":\"ListItem\",\"position\":3,\"name\":\"Lampadaire italien\"}]},{\"@type\":\"WebSite\",\"@id\":\"https:\\\/\\\/lalmachine.com\\\/#website\",\"url\":\"https:\\\/\\\/lalmachine.com\\\/\",\"name\":\"lalmachine.com\",\"description\":\"Brocante en ligne Suisse | Mobilier et objets d\u00e9co vintage et design\",\"potentialAction\":[{\"@type\":\"SearchAction\",\"target\":{\"@type\":\"EntryPoint\",\"urlTemplate\":\"https:\\\/\\\/lalmachine.com\\\/?s={search_term_string}\"},\"query-input\":{\"@type\":\"PropertyValueSpecification\",\"valueRequired\":true,\"valueName\":\"search_term_string\"}}],\"inLanguage\":\"de\"}]}<\/script>\n<!-- \/ Yoast SEO plugin. -->","yoast_head_json":{"title":"Lampadaire italien | lalmachine.com, mobilier et objets d\u00e9co vintage et design","description":"Lampadaire vintage des ann\u00e9es 70\/80 produit par l'entreprise italienne Relco. En m\u00e9tal avec socle en marbre, l'intensit\u00e9 de sa lumi\u00e8re peur \u00eatre r\u00e9gl\u00e9e.","robots":{"index":"index","follow":"follow","max-snippet":"max-snippet:-1","max-image-preview":"max-image-preview:large","max-video-preview":"max-video-preview:-1"},"canonical":"https:\/\/lalmachine.com\/de\/shop\/eclairer\/lampe-sur-pied\/lampadaire-italien\/","og_locale":"de_DE","og_type":"article","og_title":"Lampadaire italien | lalmachine.com, mobilier et objets d\u00e9co vintage et design","og_description":"Lampadaire vintage des ann\u00e9es 70\/80 produit par l'entreprise italienne Relco. En m\u00e9tal avec socle en marbre, l'intensit\u00e9 de sa lumi\u00e8re peur \u00eatre r\u00e9gl\u00e9e.","og_url":"https:\/\/lalmachine.com\/de\/shop\/eclairer\/lampe-sur-pied\/lampadaire-italien\/","og_site_name":"lalmachine.com","article_publisher":"https:\/\/facebook.com\/lalmachine","article_modified_time":"2024-12-05T20:59:20+00:00","og_image":[{"width":2206,"height":2206,"url":"https:\/\/lalmachine.com\/wp-content\/uploads\/2022\/12\/Pasted-20221205-105424_clipped_rev_1-1.jpeg","type":"image\/jpeg"}],"twitter_card":"summary_large_image","schema":{"@context":"https:\/\/schema.org","@graph":[{"@type":"WebPage","@id":"https:\/\/lalmachine.com\/shop\/eclairer\/lampe-sur-pied\/lampadaire-italien\/","url":"https:\/\/lalmachine.com\/shop\/eclairer\/lampe-sur-pied\/lampadaire-italien\/","name":"Lampadaire italien | lalmachine.com, mobilier et objets d\u00e9co vintage et design","isPartOf":{"@id":"https:\/\/lalmachine.com\/#website"},"primaryImageOfPage":{"@id":"https:\/\/lalmachine.com\/shop\/eclairer\/lampe-sur-pied\/lampadaire-italien\/#primaryimage"},"image":{"@id":"https:\/\/lalmachine.com\/shop\/eclairer\/lampe-sur-pied\/lampadaire-italien\/#primaryimage"},"thumbnailUrl":"https:\/\/lalmachine.com\/wp-content\/uploads\/2022\/12\/Pasted-20221205-105424_clipped_rev_1-1.jpeg","datePublished":"2022-12-05T10:39:20+00:00","dateModified":"2024-12-05T20:59:20+00:00","description":"Lampadaire vintage des ann\u00e9es 70\/80 produit par l'entreprise italienne Relco. En m\u00e9tal avec socle en marbre, l'intensit\u00e9 de sa lumi\u00e8re peur \u00eatre r\u00e9gl\u00e9e.","breadcrumb":{"@id":"https:\/\/lalmachine.com\/shop\/eclairer\/lampe-sur-pied\/lampadaire-italien\/#breadcrumb"},"inLanguage":"de","potentialAction":[{"@type":"ReadAction","target":["https:\/\/lalmachine.com\/shop\/eclairer\/lampe-sur-pied\/lampadaire-italien\/"]}]},{"@type":"ImageObject","inLanguage":"de","@id":"https:\/\/lalmachine.com\/shop\/eclairer\/lampe-sur-pied\/lampadaire-italien\/#primaryimage","url":"https:\/\/lalmachine.com\/wp-content\/uploads\/2022\/12\/Pasted-20221205-105424_clipped_rev_1-1.jpeg","contentUrl":"https:\/\/lalmachine.com\/wp-content\/uploads\/2022\/12\/Pasted-20221205-105424_clipped_rev_1-1.jpeg","width":2206,"height":2206,"caption":"Lampadaire italien"},{"@type":"BreadcrumbList","@id":"https:\/\/lalmachine.com\/shop\/eclairer\/lampe-sur-pied\/lampadaire-italien\/#breadcrumb","itemListElement":[{"@type":"ListItem","position":1,"name":"Accueil","item":"https:\/\/lalmachine.com\/"},{"@type":"ListItem","position":2,"name":"Shop","item":"https:\/\/lalmachine.com\/shop\/"},{"@type":"ListItem","position":3,"name":"Lampadaire italien"}]},{"@type":"WebSite","@id":"https:\/\/lalmachine.com\/#website","url":"https:\/\/lalmachine.com\/","name":"lalmachine.com","description":"Brocante en ligne Suisse | Mobilier et objets d\u00e9co vintage et design","potentialAction":[{"@type":"SearchAction","target":{"@type":"EntryPoint","urlTemplate":"https:\/\/lalmachine.com\/?s={search_term_string}"},"query-input":{"@type":"PropertyValueSpecification","valueRequired":true,"valueName":"search_term_string"}}],"inLanguage":"de"}]}},"_links":{"self":[{"href":"https:\/\/lalmachine.com\/de\/wp-json\/wp\/v2\/product\/293196","targetHints":{"allow":["GET"]}}],"collection":[{"href":"https:\/\/lalmachine.com\/de\/wp-json\/wp\/v2\/product"}],"about":[{"href":"https:\/\/lalmachine.com\/de\/wp-json\/wp\/v2\/types\/product"}],"wp:featuredmedia":[{"embeddable":true,"href":"https:\/\/lalmachine.com\/de\/wp-json\/wp\/v2\/media\/293280"}],"wp:attachment":[{"href":"https:\/\/lalmachine.com\/de\/wp-json\/wp\/v2\/media?parent=293196"}],"wp:term":[{"taxonomy":"product_brand","embeddable":true,"href":"https:\/\/lalmachine.com\/de\/wp-json\/wp\/v2\/product_brand?post=293196"},{"taxonomy":"product_cat","embeddable":true,"href":"https:\/\/lalmachine.com\/de\/wp-json\/wp\/v2\/product_cat?post=293196"},{"taxonomy":"product_tag","embeddable":true,"href":"https:\/\/lalmachine.com\/de\/wp-json\/wp\/v2\/product_tag?post=293196"},{"taxonomy":"proximite","embeddable":true,"href":"https:\/\/lalmachine.com\/de\/wp-json\/wp\/v2\/proximite?post=293196"}],"curies":[{"name":"wp","href":"https:\/\/api.w.org\/{rel}","templated":true}]}}