{"id":293504,"date":"2023-10-25T16:35:48","date_gmt":"2023-10-25T14:35:48","guid":{"rendered":"https:\/\/lalmachine.com\/?post_type=product&#038;p=293504"},"modified":"2024-12-05T21:59:20","modified_gmt":"2024-12-05T20:59:20","slug":"poele-fourneau-ancien-eno","status":"publish","type":"product","link":"https:\/\/lalmachine.com\/de\/shop\/decorer\/decoration\/poele-fourneau-ancien-eno\/","title":{"rendered":"Po\u00eale fourneau ancien Eno"},"content":{"rendered":"<ul class=\"wpuf_customs\"><li style=\"list-style-type:none;\"><label>Autres photos:<\/label> <a href=\"https:\/\/lalmachine.com\/wp-content\/uploads\/2022\/12\/IMG_20221209_115601-e99a018c-scaled.jpg\"><img loading=\"lazy\" decoding=\"async\" width=\"128\" height=\"59\" src=\"https:\/\/lalmachine.com\/wp-content\/uploads\/2022\/12\/IMG_20221209_115601-e99a018c-scaled.jpg\" class=\"attachment-thumbnail size-thumbnail\" alt=\"\" \/><\/a> <a href=\"https:\/\/lalmachine.com\/wp-content\/uploads\/2022\/12\/IMG_20221208_211931_412-590e45b6.webp\"><img loading=\"lazy\" decoding=\"async\" width=\"96\" height=\"96\" src=\"https:\/\/lalmachine.com\/wp-content\/uploads\/2022\/12\/IMG_20221208_211931_412-590e45b6.webp\" class=\"attachment-thumbnail size-thumbnail\" alt=\"\" \/><\/a> <a href=\"https:\/\/lalmachine.com\/wp-content\/uploads\/2022\/12\/IMG_20221208_211931_406-f5be7c8d.webp\"><img loading=\"lazy\" decoding=\"async\" width=\"96\" height=\"96\" src=\"https:\/\/lalmachine.com\/wp-content\/uploads\/2022\/12\/IMG_20221208_211931_406-f5be7c8d.webp\" class=\"attachment-thumbnail size-thumbnail\" alt=\"\" \/><\/a> <a href=\"https:\/\/lalmachine.com\/wp-content\/uploads\/2022\/12\/IMG_20221208_211931_439-f3d3e421.webp\"><img loading=\"lazy\" decoding=\"async\" width=\"96\" height=\"96\" src=\"https:\/\/lalmachine.com\/wp-content\/uploads\/2022\/12\/IMG_20221208_211931_439-f3d3e421.webp\" class=\"attachment-thumbnail size-thumbnail\" alt=\"\" \/><\/a> <a href=\"https:\/\/lalmachine.com\/wp-content\/uploads\/2022\/12\/IMG_20221208_211931_449-c8eab8ae.webp\"><img loading=\"lazy\" decoding=\"async\" width=\"96\" height=\"96\" src=\"https:\/\/lalmachine.com\/wp-content\/uploads\/2022\/12\/IMG_20221208_211931_449-c8eab8ae.webp\" class=\"attachment-thumbnail size-thumbnail\" alt=\"\" \/><\/a> <a href=\"https:\/\/lalmachine.com\/wp-content\/uploads\/2022\/12\/IMG_20221208_211931_226-56cfd43f.webp\"><img loading=\"lazy\" decoding=\"async\" width=\"96\" height=\"96\" src=\"https:\/\/lalmachine.com\/wp-content\/uploads\/2022\/12\/IMG_20221208_211931_226-56cfd43f.webp\" class=\"attachment-thumbnail size-thumbnail\" alt=\"\" \/><\/a> <a href=\"https:\/\/lalmachine.com\/wp-content\/uploads\/2022\/12\/IMG_20221208_204543-dde2ade4.jpg\"><img loading=\"lazy\" decoding=\"async\" width=\"92\" height=\"96\" src=\"https:\/\/lalmachine.com\/wp-content\/uploads\/2022\/12\/IMG_20221208_204543-dde2ade4.jpg\" class=\"attachment-thumbnail size-thumbnail\" alt=\"\" \/><\/a> <a href=\"https:\/\/lalmachine.com\/wp-content\/uploads\/2022\/12\/IMG_20221208_204449-caee56cc.jpg\"><img loading=\"lazy\" decoding=\"async\" width=\"128\" height=\"81\" src=\"https:\/\/lalmachine.com\/wp-content\/uploads\/2022\/12\/IMG_20221208_204449-caee56cc.jpg\" class=\"attachment-thumbnail size-thumbnail\" alt=\"\" \/><\/a> <a href=\"https:\/\/lalmachine.com\/wp-content\/uploads\/2022\/12\/IMG_20221208_204228-148a3c05.jpg\"><img loading=\"lazy\" decoding=\"async\" width=\"113\" height=\"96\" src=\"https:\/\/lalmachine.com\/wp-content\/uploads\/2022\/12\/IMG_20221208_204228-148a3c05.jpg\" class=\"attachment-thumbnail size-thumbnail\" alt=\"\" \/><\/a> <a href=\"https:\/\/lalmachine.com\/wp-content\/uploads\/2022\/12\/IMG_20221208_204210-af406420.jpg\"><img loading=\"lazy\" decoding=\"async\" width=\"87\" height=\"96\" src=\"https:\/\/lalmachine.com\/wp-content\/uploads\/2022\/12\/IMG_20221208_204210-af406420.jpg\" class=\"attachment-thumbnail size-thumbnail\" alt=\"\" \/><\/a> <\/li>        <li class=\"wpuf-field-data wpuf-field-data-numeric_text_field\">\n                            <label>Prix:<\/label>\n                        350        <\/li>\n                <li class=\"wpuf-field-data wpuf-field-data-numeric_text_field\">\n                            <label>Quantit\u00e9:<\/label>\n                        0        <\/li>\n                <li class=\"wpuf-field-data wpuf-field-data-numeric_text_field\">\n                            <label>Hauteur (cm):<\/label>\n                        46        <\/li>\n                <li class=\"wpuf-field-data wpuf-field-data-numeric_text_field\">\n                            <label>Largeur (cm):<\/label>\n                        56        <\/li>\n                <li class=\"wpuf-field-data wpuf-field-data-numeric_text_field\">\n                            <label>Profondeur (cm):<\/label>\n                        35        <\/li>\n        <\/ul>","protected":false},"excerpt":{"rendered":"<p>Po\u00eale fonctionnel de la marque Eno des Ardennes, \u00e9tat exceptionnel pour son \u00e2ge (presque 100 ans), couleur incroyable, aucun manque d&rsquo;\u00e9mail, juste \u00e0 rajouter les raccords pour l&rsquo;utilisation mais tr\u00e8s beau aussi en d\u00e9co. Livraison possible.<\/p>","protected":false},"featured_media":293505,"template":"","meta":{"_et_pb_use_builder":"","_et_pb_old_content":"","_et_gb_content_width":""},"product_brand":[],"product_cat":[94,50,426],"product_tag":[],"proximite":[180],"class_list":{"0":"post-293504","1":"product","2":"type-product","3":"status-publish","4":"has-post-thumbnail","6":"product_cat-decoration","7":"product_cat-decorer","8":"product_cat-objet-de-curiosite","9":"product_shipping_class-50-chf","10":"pa_couleur-bleu","11":"pa_etat-tres-bon-etat","12":"pa_materiau-autre","13":"pa_style-vintage","14":"proximite-geneve","16":"first","17":"outofstock","18":"shipping-taxable","19":"purchasable","20":"product-type-simple"},"yoast_head":"<!-- This site is optimized with the Yoast SEO plugin v27.4 - https:\/\/yoast.com\/product\/yoast-seo-wordpress\/ -->\n<title>Po\u00eale fourneau ancien Eno | lalmachine.com, mobilier et objets d\u00e9co vintage et design<\/title>\n<meta name=\"description\" content=\"Po\u00eale fonctionnel de la marque Eno des Ardennes, \u00e9tat exceptionnel pour son \u00e2ge (presque 100 ans),\" \/>\n<meta name=\"robots\" content=\"index, follow, max-snippet:-1, max-image-preview:large, max-video-preview:-1\" \/>\n<link rel=\"canonical\" href=\"https:\/\/lalmachine.com\/de\/shop\/decorer\/decoration\/poele-fourneau-ancien-eno\/\" \/>\n<meta property=\"og:locale\" content=\"de_DE\" \/>\n<meta property=\"og:type\" content=\"article\" \/>\n<meta property=\"og:title\" content=\"Po\u00eale fourneau ancien Eno | lalmachine.com, mobilier et objets d\u00e9co vintage et design\" \/>\n<meta property=\"og:description\" content=\"Po\u00eale fonctionnel de la marque Eno des Ardennes, \u00e9tat exceptionnel pour son \u00e2ge (presque 100 ans),\" \/>\n<meta property=\"og:url\" content=\"https:\/\/lalmachine.com\/de\/shop\/decorer\/decoration\/poele-fourneau-ancien-eno\/\" \/>\n<meta property=\"og:site_name\" content=\"lalmachine.com\" \/>\n<meta property=\"article:publisher\" content=\"https:\/\/facebook.com\/lalmachine\" \/>\n<meta property=\"article:modified_time\" content=\"2024-12-05T20:59:20+00:00\" \/>\n<meta property=\"og:image\" content=\"https:\/\/lalmachine.com\/wp-content\/uploads\/2022\/12\/IMG_20221208_204543-dde2ade4_clipped_rev_1.jpg\" \/>\n\t<meta property=\"og:image:width\" content=\"1127\" \/>\n\t<meta property=\"og:image:height\" content=\"1128\" \/>\n\t<meta property=\"og:image:type\" content=\"image\/jpeg\" \/>\n<meta name=\"twitter:card\" content=\"summary_large_image\" \/>\n<script type=\"application\/ld+json\" class=\"yoast-schema-graph\">{\"@context\":\"https:\\\/\\\/schema.org\",\"@graph\":[{\"@type\":\"WebPage\",\"@id\":\"https:\\\/\\\/lalmachine.com\\\/shop\\\/decorer\\\/decoration\\\/poele-fourneau-ancien-eno\\\/\",\"url\":\"https:\\\/\\\/lalmachine.com\\\/shop\\\/decorer\\\/decoration\\\/poele-fourneau-ancien-eno\\\/\",\"name\":\"Po\u00eale fourneau ancien Eno | lalmachine.com, mobilier et objets d\u00e9co vintage et design\",\"isPartOf\":{\"@id\":\"https:\\\/\\\/lalmachine.com\\\/#website\"},\"primaryImageOfPage\":{\"@id\":\"https:\\\/\\\/lalmachine.com\\\/shop\\\/decorer\\\/decoration\\\/poele-fourneau-ancien-eno\\\/#primaryimage\"},\"image\":{\"@id\":\"https:\\\/\\\/lalmachine.com\\\/shop\\\/decorer\\\/decoration\\\/poele-fourneau-ancien-eno\\\/#primaryimage\"},\"thumbnailUrl\":\"https:\\\/\\\/lalmachine.com\\\/wp-content\\\/uploads\\\/2022\\\/12\\\/IMG_20221208_204543-dde2ade4_clipped_rev_1.jpg\",\"datePublished\":\"2023-10-25T14:35:48+00:00\",\"dateModified\":\"2024-12-05T20:59:20+00:00\",\"description\":\"Po\u00eale fonctionnel de la marque Eno des Ardennes, \u00e9tat exceptionnel pour son \u00e2ge (presque 100 ans),\",\"breadcrumb\":{\"@id\":\"https:\\\/\\\/lalmachine.com\\\/shop\\\/decorer\\\/decoration\\\/poele-fourneau-ancien-eno\\\/#breadcrumb\"},\"inLanguage\":\"de\",\"potentialAction\":[{\"@type\":\"ReadAction\",\"target\":[\"https:\\\/\\\/lalmachine.com\\\/shop\\\/decorer\\\/decoration\\\/poele-fourneau-ancien-eno\\\/\"]}]},{\"@type\":\"ImageObject\",\"inLanguage\":\"de\",\"@id\":\"https:\\\/\\\/lalmachine.com\\\/shop\\\/decorer\\\/decoration\\\/poele-fourneau-ancien-eno\\\/#primaryimage\",\"url\":\"https:\\\/\\\/lalmachine.com\\\/wp-content\\\/uploads\\\/2022\\\/12\\\/IMG_20221208_204543-dde2ade4_clipped_rev_1.jpg\",\"contentUrl\":\"https:\\\/\\\/lalmachine.com\\\/wp-content\\\/uploads\\\/2022\\\/12\\\/IMG_20221208_204543-dde2ade4_clipped_rev_1.jpg\",\"width\":1127,\"height\":1128,\"caption\":\"Po\u00eale ancienne\"},{\"@type\":\"BreadcrumbList\",\"@id\":\"https:\\\/\\\/lalmachine.com\\\/shop\\\/decorer\\\/decoration\\\/poele-fourneau-ancien-eno\\\/#breadcrumb\",\"itemListElement\":[{\"@type\":\"ListItem\",\"position\":1,\"name\":\"Accueil\",\"item\":\"https:\\\/\\\/lalmachine.com\\\/\"},{\"@type\":\"ListItem\",\"position\":2,\"name\":\"Shop\",\"item\":\"https:\\\/\\\/lalmachine.com\\\/shop\\\/\"},{\"@type\":\"ListItem\",\"position\":3,\"name\":\"Po\u00eale fourneau ancien Eno\"}]},{\"@type\":\"WebSite\",\"@id\":\"https:\\\/\\\/lalmachine.com\\\/#website\",\"url\":\"https:\\\/\\\/lalmachine.com\\\/\",\"name\":\"lalmachine.com\",\"description\":\"Brocante en ligne Suisse | Mobilier et objets d\u00e9co vintage et design\",\"potentialAction\":[{\"@type\":\"SearchAction\",\"target\":{\"@type\":\"EntryPoint\",\"urlTemplate\":\"https:\\\/\\\/lalmachine.com\\\/?s={search_term_string}\"},\"query-input\":{\"@type\":\"PropertyValueSpecification\",\"valueRequired\":true,\"valueName\":\"search_term_string\"}}],\"inLanguage\":\"de\"}]}<\/script>\n<!-- \/ Yoast SEO plugin. -->","yoast_head_json":{"title":"Po\u00eale fourneau ancien Eno | lalmachine.com, mobilier et objets d\u00e9co vintage et design","description":"Po\u00eale fonctionnel de la marque Eno des Ardennes, \u00e9tat exceptionnel pour son \u00e2ge (presque 100 ans),","robots":{"index":"index","follow":"follow","max-snippet":"max-snippet:-1","max-image-preview":"max-image-preview:large","max-video-preview":"max-video-preview:-1"},"canonical":"https:\/\/lalmachine.com\/de\/shop\/decorer\/decoration\/poele-fourneau-ancien-eno\/","og_locale":"de_DE","og_type":"article","og_title":"Po\u00eale fourneau ancien Eno | lalmachine.com, mobilier et objets d\u00e9co vintage et design","og_description":"Po\u00eale fonctionnel de la marque Eno des Ardennes, \u00e9tat exceptionnel pour son \u00e2ge (presque 100 ans),","og_url":"https:\/\/lalmachine.com\/de\/shop\/decorer\/decoration\/poele-fourneau-ancien-eno\/","og_site_name":"lalmachine.com","article_publisher":"https:\/\/facebook.com\/lalmachine","article_modified_time":"2024-12-05T20:59:20+00:00","og_image":[{"width":1127,"height":1128,"url":"https:\/\/lalmachine.com\/wp-content\/uploads\/2022\/12\/IMG_20221208_204543-dde2ade4_clipped_rev_1.jpg","type":"image\/jpeg"}],"twitter_card":"summary_large_image","schema":{"@context":"https:\/\/schema.org","@graph":[{"@type":"WebPage","@id":"https:\/\/lalmachine.com\/shop\/decorer\/decoration\/poele-fourneau-ancien-eno\/","url":"https:\/\/lalmachine.com\/shop\/decorer\/decoration\/poele-fourneau-ancien-eno\/","name":"Po\u00eale fourneau ancien Eno | lalmachine.com, mobilier et objets d\u00e9co vintage et design","isPartOf":{"@id":"https:\/\/lalmachine.com\/#website"},"primaryImageOfPage":{"@id":"https:\/\/lalmachine.com\/shop\/decorer\/decoration\/poele-fourneau-ancien-eno\/#primaryimage"},"image":{"@id":"https:\/\/lalmachine.com\/shop\/decorer\/decoration\/poele-fourneau-ancien-eno\/#primaryimage"},"thumbnailUrl":"https:\/\/lalmachine.com\/wp-content\/uploads\/2022\/12\/IMG_20221208_204543-dde2ade4_clipped_rev_1.jpg","datePublished":"2023-10-25T14:35:48+00:00","dateModified":"2024-12-05T20:59:20+00:00","description":"Po\u00eale fonctionnel de la marque Eno des Ardennes, \u00e9tat exceptionnel pour son \u00e2ge (presque 100 ans),","breadcrumb":{"@id":"https:\/\/lalmachine.com\/shop\/decorer\/decoration\/poele-fourneau-ancien-eno\/#breadcrumb"},"inLanguage":"de","potentialAction":[{"@type":"ReadAction","target":["https:\/\/lalmachine.com\/shop\/decorer\/decoration\/poele-fourneau-ancien-eno\/"]}]},{"@type":"ImageObject","inLanguage":"de","@id":"https:\/\/lalmachine.com\/shop\/decorer\/decoration\/poele-fourneau-ancien-eno\/#primaryimage","url":"https:\/\/lalmachine.com\/wp-content\/uploads\/2022\/12\/IMG_20221208_204543-dde2ade4_clipped_rev_1.jpg","contentUrl":"https:\/\/lalmachine.com\/wp-content\/uploads\/2022\/12\/IMG_20221208_204543-dde2ade4_clipped_rev_1.jpg","width":1127,"height":1128,"caption":"Po\u00eale ancienne"},{"@type":"BreadcrumbList","@id":"https:\/\/lalmachine.com\/shop\/decorer\/decoration\/poele-fourneau-ancien-eno\/#breadcrumb","itemListElement":[{"@type":"ListItem","position":1,"name":"Accueil","item":"https:\/\/lalmachine.com\/"},{"@type":"ListItem","position":2,"name":"Shop","item":"https:\/\/lalmachine.com\/shop\/"},{"@type":"ListItem","position":3,"name":"Po\u00eale fourneau ancien Eno"}]},{"@type":"WebSite","@id":"https:\/\/lalmachine.com\/#website","url":"https:\/\/lalmachine.com\/","name":"lalmachine.com","description":"Brocante en ligne Suisse | Mobilier et objets d\u00e9co vintage et design","potentialAction":[{"@type":"SearchAction","target":{"@type":"EntryPoint","urlTemplate":"https:\/\/lalmachine.com\/?s={search_term_string}"},"query-input":{"@type":"PropertyValueSpecification","valueRequired":true,"valueName":"search_term_string"}}],"inLanguage":"de"}]}},"_links":{"self":[{"href":"https:\/\/lalmachine.com\/de\/wp-json\/wp\/v2\/product\/293504","targetHints":{"allow":["GET"]}}],"collection":[{"href":"https:\/\/lalmachine.com\/de\/wp-json\/wp\/v2\/product"}],"about":[{"href":"https:\/\/lalmachine.com\/de\/wp-json\/wp\/v2\/types\/product"}],"wp:featuredmedia":[{"embeddable":true,"href":"https:\/\/lalmachine.com\/de\/wp-json\/wp\/v2\/media\/293505"}],"wp:attachment":[{"href":"https:\/\/lalmachine.com\/de\/wp-json\/wp\/v2\/media?parent=293504"}],"wp:term":[{"taxonomy":"product_brand","embeddable":true,"href":"https:\/\/lalmachine.com\/de\/wp-json\/wp\/v2\/product_brand?post=293504"},{"taxonomy":"product_cat","embeddable":true,"href":"https:\/\/lalmachine.com\/de\/wp-json\/wp\/v2\/product_cat?post=293504"},{"taxonomy":"product_tag","embeddable":true,"href":"https:\/\/lalmachine.com\/de\/wp-json\/wp\/v2\/product_tag?post=293504"},{"taxonomy":"proximite","embeddable":true,"href":"https:\/\/lalmachine.com\/de\/wp-json\/wp\/v2\/proximite?post=293504"}],"curies":[{"name":"wp","href":"https:\/\/api.w.org\/{rel}","templated":true}]}}