{"id":294837,"date":"2022-12-19T16:19:45","date_gmt":"2022-12-19T15:19:45","guid":{"rendered":"https:\/\/lalmachine.com\/?post_type=product&#038;p=294837"},"modified":"2024-12-05T21:59:41","modified_gmt":"2024-12-05T20:59:41","slug":"secretaire-magic-box-par-mummenthaler-meier-1950s","status":"publish","type":"product","link":"https:\/\/lalmachine.com\/de\/shop\/meubler\/bureau\/secretaire-magic-box-par-mummenthaler-meier-1950s\/","title":{"rendered":"Secr\u00e9taire Magic Box par Mummenthaler &amp; Meier, 1950&rsquo;s"},"content":{"rendered":"<ul class=\"wpuf_customs\"><li style=\"list-style-type:none;\"><label>Autres photos:<\/label> <a href=\"https:\/\/lalmachine.com\/wp-content\/uploads\/2022\/12\/CB516253-2D60-4A34-B060-C02DDE59F365_1_201_a-dc60a31f-scaled.jpeg\"><img loading=\"lazy\" decoding=\"async\" width=\"96\" height=\"96\" src=\"https:\/\/lalmachine.com\/wp-content\/uploads\/2022\/12\/CB516253-2D60-4A34-B060-C02DDE59F365_1_201_a-dc60a31f-scaled.jpeg\" class=\"attachment-thumbnail size-thumbnail\" alt=\"\" \/><\/a> <a href=\"https:\/\/lalmachine.com\/wp-content\/uploads\/2022\/12\/7C8852D2-3CAC-4D9D-86B3-CF4652751E10_1_201_a-adcd06ec-scaled.jpeg\"><img loading=\"lazy\" decoding=\"async\" width=\"96\" height=\"96\" src=\"https:\/\/lalmachine.com\/wp-content\/uploads\/2022\/12\/7C8852D2-3CAC-4D9D-86B3-CF4652751E10_1_201_a-adcd06ec-scaled.jpeg\" class=\"attachment-thumbnail size-thumbnail\" alt=\"\" \/><\/a> <a href=\"https:\/\/lalmachine.com\/wp-content\/uploads\/2022\/12\/3817239D-B668-426A-87B1-6BA083BABE93_1_201_a-74cbed1d-scaled.jpeg\"><img loading=\"lazy\" decoding=\"async\" width=\"96\" height=\"96\" src=\"https:\/\/lalmachine.com\/wp-content\/uploads\/2022\/12\/3817239D-B668-426A-87B1-6BA083BABE93_1_201_a-74cbed1d-scaled.jpeg\" class=\"attachment-thumbnail size-thumbnail\" alt=\"\" \/><\/a> <a href=\"https:\/\/lalmachine.com\/wp-content\/uploads\/2022\/12\/05FEF09C-94A6-4876-BA07-AC44993DF988_1_201_a-6cbd6806-scaled.jpeg\"><img loading=\"lazy\" decoding=\"async\" width=\"96\" height=\"96\" src=\"https:\/\/lalmachine.com\/wp-content\/uploads\/2022\/12\/05FEF09C-94A6-4876-BA07-AC44993DF988_1_201_a-6cbd6806-scaled.jpeg\" class=\"attachment-thumbnail size-thumbnail\" alt=\"\" \/><\/a> <a href=\"https:\/\/lalmachine.com\/wp-content\/uploads\/2022\/12\/01C75657-B965-4C71-A2D4-863DA1AA5EB0_1_201_a-455962dc-scaled.jpeg\"><img loading=\"lazy\" decoding=\"async\" width=\"96\" height=\"96\" src=\"https:\/\/lalmachine.com\/wp-content\/uploads\/2022\/12\/01C75657-B965-4C71-A2D4-863DA1AA5EB0_1_201_a-455962dc-scaled.jpeg\" class=\"attachment-thumbnail size-thumbnail\" alt=\"\" \/><\/a> <a href=\"https:\/\/lalmachine.com\/wp-content\/uploads\/2022\/12\/C2F9489F-27A4-4706-8998-A5D0B21E7AC3_1_201_a-1e1a4a74-scaled.jpeg\"><img loading=\"lazy\" decoding=\"async\" width=\"96\" height=\"96\" src=\"https:\/\/lalmachine.com\/wp-content\/uploads\/2022\/12\/C2F9489F-27A4-4706-8998-A5D0B21E7AC3_1_201_a-1e1a4a74-scaled.jpeg\" class=\"attachment-thumbnail size-thumbnail\" alt=\"\" \/><\/a> <a href=\"https:\/\/lalmachine.com\/wp-content\/uploads\/2022\/12\/69BE361E-49EA-41D9-92E3-1F981F83AD4B_1_201_a-b9be6b76-scaled.jpeg\"><img loading=\"lazy\" decoding=\"async\" width=\"96\" height=\"96\" src=\"https:\/\/lalmachine.com\/wp-content\/uploads\/2022\/12\/69BE361E-49EA-41D9-92E3-1F981F83AD4B_1_201_a-b9be6b76-scaled.jpeg\" class=\"attachment-thumbnail size-thumbnail\" alt=\"\" \/><\/a> <a href=\"https:\/\/lalmachine.com\/wp-content\/uploads\/2022\/12\/7B5329EA-EF03-41B6-9F42-B4B471C658D9_1_201_a-89c8f100-scaled.jpeg\"><img loading=\"lazy\" decoding=\"async\" width=\"96\" height=\"96\" src=\"https:\/\/lalmachine.com\/wp-content\/uploads\/2022\/12\/7B5329EA-EF03-41B6-9F42-B4B471C658D9_1_201_a-89c8f100-scaled.jpeg\" class=\"attachment-thumbnail size-thumbnail\" alt=\"\" \/><\/a> <a href=\"https:\/\/lalmachine.com\/wp-content\/uploads\/2022\/12\/A43694C6-6CA8-443F-92FA-E74595E7F996_1_201_a-1ca03646-scaled.jpeg\"><img loading=\"lazy\" decoding=\"async\" width=\"96\" height=\"96\" src=\"https:\/\/lalmachine.com\/wp-content\/uploads\/2022\/12\/A43694C6-6CA8-443F-92FA-E74595E7F996_1_201_a-1ca03646-scaled.jpeg\" class=\"attachment-thumbnail size-thumbnail\" alt=\"\" \/><\/a> <\/li>        <li class=\"wpuf-field-data wpuf-field-data-numeric_text_field\">\n                            <label>Prix:<\/label>\n                        2800        <\/li>\n                <li class=\"wpuf-field-data wpuf-field-data-numeric_text_field\">\n                            <label>Hauteur (cm):<\/label>\n                        113        <\/li>\n                <li class=\"wpuf-field-data wpuf-field-data-numeric_text_field\">\n                            <label>Largeur (cm):<\/label>\n                        83        <\/li>\n                <li class=\"wpuf-field-data wpuf-field-data-numeric_text_field\">\n                            <label>Profondeur (cm):<\/label>\n                        54        <\/li>\n        <\/ul>","protected":false},"excerpt":{"rendered":"<p>C&rsquo;est une fois ouvert qu&rsquo;il r\u00e9v\u00e8le sont c\u00f4t\u00e9 magique ! Une grande boite en teck soudain transform\u00e9e et sublim\u00e9e en un ing\u00e9nieux bureau foisonnant de rangements tous plus pratiques les uns que les autres. La cerise sur le g\u00e2teau, une lampe int\u00e9gr\u00e9e au meuble \u00e9clairant le plan de travail.<\/p>\n<p>De fabrication suisse ce secr\u00e9taire de la fin des ann\u00e9es 50 est formidable d&rsquo;inventivit\u00e9. Rien n&rsquo;a \u00e9t\u00e9 choisi au hasard, tout est optimis\u00e9. Plus qu&rsquo;un simple bureau ou secr\u00e9taire, c&rsquo;est une v\u00e9ritable icone du design suisse du milieu du si\u00e8cle dernier qui intriguera le premier venu lorsqu&rsquo;il ouvrira ses portes.<\/p>\n<p>\u00c9l\u00e9gante version teck disposant des cot\u00e9s assembl\u00e9s \u00e0 l&rsquo;onglet.<\/p>\n<p>Zustand<br \/>\nExcellent \u00e9tat de conservation.<\/p>\n<p>Dimensions<br \/>\nPlan de travail 119 x 47cm<\/p>\n<p>Hauteur 113cm \/ Largeur 83cm \/ Largeur ouvert 166cm \/ Profondeur 54cm<\/p>","protected":false},"featured_media":294944,"template":"","meta":{"_et_pb_use_builder":"","_et_pb_old_content":"","_et_gb_content_width":""},"product_brand":[],"product_cat":[85,47],"product_tag":[],"proximite":[278,179],"class_list":{"0":"post-294837","1":"product","2":"type-product","3":"status-publish","4":"has-post-thumbnail","6":"product_cat-bureau","7":"product_cat-meubler","8":"pa_couleur-bois","9":"pa_etat-tres-bon-etat","10":"pa_materiau-bois","11":"pa_style-design","12":"proximite-lausanne","13":"proximite-vaud","15":"first","16":"outofstock","17":"sale","18":"shipping-taxable","19":"purchasable","20":"product-type-simple"},"yoast_head":"<!-- This site is optimized with the Yoast SEO plugin v27.4 - https:\/\/yoast.com\/product\/yoast-seo-wordpress\/ -->\n<title>Secr\u00e9taire Magic Box par Mummenthaler &amp; Meier, 1950&#039;s | lalmachine.com<\/title>\n<meta name=\"description\" content=\"C&#039;est une fois ouvert qu&#039;il r\u00e9v\u00e8le sont c\u00f4t\u00e9 magique ! Une grande boite en teck soudain transform\u00e9e et sublim\u00e9e en un ing\u00e9nieux bureau foisonnant de rangements tous plus pratiques les uns que les autres.\" \/>\n<meta name=\"robots\" content=\"index, follow, max-snippet:-1, max-image-preview:large, max-video-preview:-1\" \/>\n<link rel=\"canonical\" href=\"https:\/\/lalmachine.com\/de\/shop\/meubler\/bureau\/secretaire-magic-box-par-mummenthaler-meier-1950s\/\" \/>\n<meta property=\"og:locale\" content=\"de_DE\" \/>\n<meta property=\"og:type\" content=\"article\" \/>\n<meta property=\"og:title\" content=\"Secr\u00e9taire Magic Box par Mummenthaler &amp; Meier, 1950&#039;s | lalmachine.com\" \/>\n<meta property=\"og:description\" content=\"C&#039;est une fois ouvert qu&#039;il r\u00e9v\u00e8le sont c\u00f4t\u00e9 magique ! Une grande boite en teck soudain transform\u00e9e et sublim\u00e9e en un ing\u00e9nieux bureau foisonnant de rangements tous plus pratiques les uns que les autres.\" \/>\n<meta property=\"og:url\" content=\"https:\/\/lalmachine.com\/de\/shop\/meubler\/bureau\/secretaire-magic-box-par-mummenthaler-meier-1950s\/\" \/>\n<meta property=\"og:site_name\" content=\"lalmachine.com\" \/>\n<meta property=\"article:publisher\" content=\"https:\/\/facebook.com\/lalmachine\" \/>\n<meta property=\"article:modified_time\" content=\"2024-12-05T20:59:41+00:00\" \/>\n<meta property=\"og:image\" content=\"https:\/\/lalmachine.com\/wp-content\/uploads\/2022\/12\/3817239D-B668-426A-87B1-6BA083BABE93_1_201_a-74cbed1d-scaled_clipped_rev_1-scaled.jpeg\" \/>\n\t<meta property=\"og:image:width\" content=\"2560\" \/>\n\t<meta property=\"og:image:height\" content=\"2560\" \/>\n\t<meta property=\"og:image:type\" content=\"image\/jpeg\" \/>\n<meta name=\"twitter:card\" content=\"summary_large_image\" \/>\n<script type=\"application\/ld+json\" class=\"yoast-schema-graph\">{\"@context\":\"https:\\\/\\\/schema.org\",\"@graph\":[{\"@type\":\"WebPage\",\"@id\":\"https:\\\/\\\/lalmachine.com\\\/de\\\/shop\\\/meubler\\\/bureau\\\/secretaire-magic-box-par-mummenthaler-meier-1950s\\\/\",\"url\":\"https:\\\/\\\/lalmachine.com\\\/de\\\/shop\\\/meubler\\\/bureau\\\/secretaire-magic-box-par-mummenthaler-meier-1950s\\\/\",\"name\":\"Secr\u00e9taire Magic Box par Mummenthaler &amp; Meier, 1950's | lalmachine.com\",\"isPartOf\":{\"@id\":\"https:\\\/\\\/lalmachine.com\\\/#website\"},\"primaryImageOfPage\":{\"@id\":\"https:\\\/\\\/lalmachine.com\\\/de\\\/shop\\\/meubler\\\/bureau\\\/secretaire-magic-box-par-mummenthaler-meier-1950s\\\/#primaryimage\"},\"image\":{\"@id\":\"https:\\\/\\\/lalmachine.com\\\/de\\\/shop\\\/meubler\\\/bureau\\\/secretaire-magic-box-par-mummenthaler-meier-1950s\\\/#primaryimage\"},\"thumbnailUrl\":\"https:\\\/\\\/lalmachine.com\\\/wp-content\\\/uploads\\\/2022\\\/12\\\/3817239D-B668-426A-87B1-6BA083BABE93_1_201_a-74cbed1d-scaled_clipped_rev_1-scaled.jpeg\",\"datePublished\":\"2022-12-19T15:19:45+00:00\",\"dateModified\":\"2024-12-05T20:59:41+00:00\",\"description\":\"C'est une fois ouvert qu'il r\u00e9v\u00e8le sont c\u00f4t\u00e9 magique ! Une grande boite en teck soudain transform\u00e9e et sublim\u00e9e en un ing\u00e9nieux bureau foisonnant de rangements tous plus pratiques les uns que les autres.\",\"breadcrumb\":{\"@id\":\"https:\\\/\\\/lalmachine.com\\\/de\\\/shop\\\/meubler\\\/bureau\\\/secretaire-magic-box-par-mummenthaler-meier-1950s\\\/#breadcrumb\"},\"inLanguage\":\"de\",\"potentialAction\":[{\"@type\":\"ReadAction\",\"target\":[\"https:\\\/\\\/lalmachine.com\\\/de\\\/shop\\\/meubler\\\/bureau\\\/secretaire-magic-box-par-mummenthaler-meier-1950s\\\/\"]}]},{\"@type\":\"ImageObject\",\"inLanguage\":\"de\",\"@id\":\"https:\\\/\\\/lalmachine.com\\\/de\\\/shop\\\/meubler\\\/bureau\\\/secretaire-magic-box-par-mummenthaler-meier-1950s\\\/#primaryimage\",\"url\":\"https:\\\/\\\/lalmachine.com\\\/wp-content\\\/uploads\\\/2022\\\/12\\\/3817239D-B668-426A-87B1-6BA083BABE93_1_201_a-74cbed1d-scaled_clipped_rev_1-scaled.jpeg\",\"contentUrl\":\"https:\\\/\\\/lalmachine.com\\\/wp-content\\\/uploads\\\/2022\\\/12\\\/3817239D-B668-426A-87B1-6BA083BABE93_1_201_a-74cbed1d-scaled_clipped_rev_1-scaled.jpeg\",\"width\":2560,\"height\":2560,\"caption\":\"Magic Box Mummenthaler & Meier\"},{\"@type\":\"BreadcrumbList\",\"@id\":\"https:\\\/\\\/lalmachine.com\\\/de\\\/shop\\\/meubler\\\/bureau\\\/secretaire-magic-box-par-mummenthaler-meier-1950s\\\/#breadcrumb\",\"itemListElement\":[{\"@type\":\"ListItem\",\"position\":1,\"name\":\"Accueil\",\"item\":\"https:\\\/\\\/lalmachine.com\\\/\"},{\"@type\":\"ListItem\",\"position\":2,\"name\":\"Shop\",\"item\":\"https:\\\/\\\/lalmachine.com\\\/shop\\\/\"},{\"@type\":\"ListItem\",\"position\":3,\"name\":\"Secr\u00e9taire Magic Box par Mummenthaler &amp; Meier, 1950&rsquo;s\"}]},{\"@type\":\"WebSite\",\"@id\":\"https:\\\/\\\/lalmachine.com\\\/#website\",\"url\":\"https:\\\/\\\/lalmachine.com\\\/\",\"name\":\"lalmachine.com\",\"description\":\"Brocante en ligne Suisse | Mobilier et objets d\u00e9co vintage et design\",\"potentialAction\":[{\"@type\":\"SearchAction\",\"target\":{\"@type\":\"EntryPoint\",\"urlTemplate\":\"https:\\\/\\\/lalmachine.com\\\/?s={search_term_string}\"},\"query-input\":{\"@type\":\"PropertyValueSpecification\",\"valueRequired\":true,\"valueName\":\"search_term_string\"}}],\"inLanguage\":\"de\"}]}<\/script>\n<!-- \/ Yoast SEO plugin. -->","yoast_head_json":{"title":"Secr\u00e9taire Magic Box par Mummenthaler &amp; Meier, 1950's | lalmachine.com","description":"C'est une fois ouvert qu'il r\u00e9v\u00e8le sont c\u00f4t\u00e9 magique ! Une grande boite en teck soudain transform\u00e9e et sublim\u00e9e en un ing\u00e9nieux bureau foisonnant de rangements tous plus pratiques les uns que les autres.","robots":{"index":"index","follow":"follow","max-snippet":"max-snippet:-1","max-image-preview":"max-image-preview:large","max-video-preview":"max-video-preview:-1"},"canonical":"https:\/\/lalmachine.com\/de\/shop\/meubler\/bureau\/secretaire-magic-box-par-mummenthaler-meier-1950s\/","og_locale":"de_DE","og_type":"article","og_title":"Secr\u00e9taire Magic Box par Mummenthaler &amp; Meier, 1950's | lalmachine.com","og_description":"C'est une fois ouvert qu'il r\u00e9v\u00e8le sont c\u00f4t\u00e9 magique ! Une grande boite en teck soudain transform\u00e9e et sublim\u00e9e en un ing\u00e9nieux bureau foisonnant de rangements tous plus pratiques les uns que les autres.","og_url":"https:\/\/lalmachine.com\/de\/shop\/meubler\/bureau\/secretaire-magic-box-par-mummenthaler-meier-1950s\/","og_site_name":"lalmachine.com","article_publisher":"https:\/\/facebook.com\/lalmachine","article_modified_time":"2024-12-05T20:59:41+00:00","og_image":[{"width":2560,"height":2560,"url":"https:\/\/lalmachine.com\/wp-content\/uploads\/2022\/12\/3817239D-B668-426A-87B1-6BA083BABE93_1_201_a-74cbed1d-scaled_clipped_rev_1-scaled.jpeg","type":"image\/jpeg"}],"twitter_card":"summary_large_image","schema":{"@context":"https:\/\/schema.org","@graph":[{"@type":"WebPage","@id":"https:\/\/lalmachine.com\/de\/shop\/meubler\/bureau\/secretaire-magic-box-par-mummenthaler-meier-1950s\/","url":"https:\/\/lalmachine.com\/de\/shop\/meubler\/bureau\/secretaire-magic-box-par-mummenthaler-meier-1950s\/","name":"Secr\u00e9taire Magic Box par Mummenthaler &amp; Meier, 1950's | lalmachine.com","isPartOf":{"@id":"https:\/\/lalmachine.com\/#website"},"primaryImageOfPage":{"@id":"https:\/\/lalmachine.com\/de\/shop\/meubler\/bureau\/secretaire-magic-box-par-mummenthaler-meier-1950s\/#primaryimage"},"image":{"@id":"https:\/\/lalmachine.com\/de\/shop\/meubler\/bureau\/secretaire-magic-box-par-mummenthaler-meier-1950s\/#primaryimage"},"thumbnailUrl":"https:\/\/lalmachine.com\/wp-content\/uploads\/2022\/12\/3817239D-B668-426A-87B1-6BA083BABE93_1_201_a-74cbed1d-scaled_clipped_rev_1-scaled.jpeg","datePublished":"2022-12-19T15:19:45+00:00","dateModified":"2024-12-05T20:59:41+00:00","description":"C'est une fois ouvert qu'il r\u00e9v\u00e8le sont c\u00f4t\u00e9 magique ! Une grande boite en teck soudain transform\u00e9e et sublim\u00e9e en un ing\u00e9nieux bureau foisonnant de rangements tous plus pratiques les uns que les autres.","breadcrumb":{"@id":"https:\/\/lalmachine.com\/de\/shop\/meubler\/bureau\/secretaire-magic-box-par-mummenthaler-meier-1950s\/#breadcrumb"},"inLanguage":"de","potentialAction":[{"@type":"ReadAction","target":["https:\/\/lalmachine.com\/de\/shop\/meubler\/bureau\/secretaire-magic-box-par-mummenthaler-meier-1950s\/"]}]},{"@type":"ImageObject","inLanguage":"de","@id":"https:\/\/lalmachine.com\/de\/shop\/meubler\/bureau\/secretaire-magic-box-par-mummenthaler-meier-1950s\/#primaryimage","url":"https:\/\/lalmachine.com\/wp-content\/uploads\/2022\/12\/3817239D-B668-426A-87B1-6BA083BABE93_1_201_a-74cbed1d-scaled_clipped_rev_1-scaled.jpeg","contentUrl":"https:\/\/lalmachine.com\/wp-content\/uploads\/2022\/12\/3817239D-B668-426A-87B1-6BA083BABE93_1_201_a-74cbed1d-scaled_clipped_rev_1-scaled.jpeg","width":2560,"height":2560,"caption":"Magic Box Mummenthaler & Meier"},{"@type":"BreadcrumbList","@id":"https:\/\/lalmachine.com\/de\/shop\/meubler\/bureau\/secretaire-magic-box-par-mummenthaler-meier-1950s\/#breadcrumb","itemListElement":[{"@type":"ListItem","position":1,"name":"Accueil","item":"https:\/\/lalmachine.com\/"},{"@type":"ListItem","position":2,"name":"Shop","item":"https:\/\/lalmachine.com\/shop\/"},{"@type":"ListItem","position":3,"name":"Secr\u00e9taire Magic Box par Mummenthaler &amp; Meier, 1950&rsquo;s"}]},{"@type":"WebSite","@id":"https:\/\/lalmachine.com\/#website","url":"https:\/\/lalmachine.com\/","name":"lalmachine.com","description":"Brocante en ligne Suisse | Mobilier et objets d\u00e9co vintage et design","potentialAction":[{"@type":"SearchAction","target":{"@type":"EntryPoint","urlTemplate":"https:\/\/lalmachine.com\/?s={search_term_string}"},"query-input":{"@type":"PropertyValueSpecification","valueRequired":true,"valueName":"search_term_string"}}],"inLanguage":"de"}]}},"_links":{"self":[{"href":"https:\/\/lalmachine.com\/de\/wp-json\/wp\/v2\/product\/294837","targetHints":{"allow":["GET"]}}],"collection":[{"href":"https:\/\/lalmachine.com\/de\/wp-json\/wp\/v2\/product"}],"about":[{"href":"https:\/\/lalmachine.com\/de\/wp-json\/wp\/v2\/types\/product"}],"wp:featuredmedia":[{"embeddable":true,"href":"https:\/\/lalmachine.com\/de\/wp-json\/wp\/v2\/media\/294944"}],"wp:attachment":[{"href":"https:\/\/lalmachine.com\/de\/wp-json\/wp\/v2\/media?parent=294837"}],"wp:term":[{"taxonomy":"product_brand","embeddable":true,"href":"https:\/\/lalmachine.com\/de\/wp-json\/wp\/v2\/product_brand?post=294837"},{"taxonomy":"product_cat","embeddable":true,"href":"https:\/\/lalmachine.com\/de\/wp-json\/wp\/v2\/product_cat?post=294837"},{"taxonomy":"product_tag","embeddable":true,"href":"https:\/\/lalmachine.com\/de\/wp-json\/wp\/v2\/product_tag?post=294837"},{"taxonomy":"proximite","embeddable":true,"href":"https:\/\/lalmachine.com\/de\/wp-json\/wp\/v2\/proximite?post=294837"}],"curies":[{"name":"wp","href":"https:\/\/api.w.org\/{rel}","templated":true}]}}