{"id":294846,"date":"2022-12-19T16:49:52","date_gmt":"2022-12-19T15:49:52","guid":{"rendered":"https:\/\/lalmachine.com\/?post_type=product&#038;p=294846"},"modified":"2024-12-05T21:59:41","modified_gmt":"2024-12-05T20:59:41","slug":"service-dorothy-hafner-pour-rosenthal","status":"publish","type":"product","link":"https:\/\/lalmachine.com\/de\/shop\/decorer\/art-de-la-table\/service-dorothy-hafner-pour-rosenthal\/","title":{"rendered":"Service Dorothy Hafner pour Rosenthal"},"content":{"rendered":"<ul class=\"wpuf_customs\"><li style=\"list-style-type:none;\"><label>Autres photos:<\/label> <a href=\"https:\/\/lalmachine.com\/wp-content\/uploads\/2022\/12\/CA79B38C-63C7-4442-BE26-A42CF9F6AAC0-f6a741f7-scaled.jpeg\"><img loading=\"lazy\" decoding=\"async\" width=\"71\" height=\"96\" src=\"https:\/\/lalmachine.com\/wp-content\/uploads\/2022\/12\/CA79B38C-63C7-4442-BE26-A42CF9F6AAC0-f6a741f7-scaled.jpeg\" class=\"attachment-thumbnail size-thumbnail\" alt=\"\" \/><\/a> <a href=\"https:\/\/lalmachine.com\/wp-content\/uploads\/2022\/12\/53BCDA25-2DE8-4A74-803B-A4631ABD62C4-a4a365ce-scaled.jpeg\"><img loading=\"lazy\" decoding=\"async\" width=\"72\" height=\"96\" src=\"https:\/\/lalmachine.com\/wp-content\/uploads\/2022\/12\/53BCDA25-2DE8-4A74-803B-A4631ABD62C4-a4a365ce-scaled.jpeg\" class=\"attachment-thumbnail size-thumbnail\" alt=\"\" \/><\/a> <a href=\"https:\/\/lalmachine.com\/wp-content\/uploads\/2022\/12\/C5BA34AA-4B0C-4CDA-B3ED-14CF3F637027-bd9966f1-scaled.jpeg\"><img loading=\"lazy\" decoding=\"async\" width=\"72\" height=\"96\" src=\"https:\/\/lalmachine.com\/wp-content\/uploads\/2022\/12\/C5BA34AA-4B0C-4CDA-B3ED-14CF3F637027-bd9966f1-scaled.jpeg\" class=\"attachment-thumbnail size-thumbnail\" alt=\"\" \/><\/a> <a href=\"https:\/\/lalmachine.com\/wp-content\/uploads\/2022\/12\/5A6B1068-E28B-4A81-99F7-9CBFC5011E13-30718265.jpeg\"><img loading=\"lazy\" decoding=\"async\" width=\"87\" height=\"96\" src=\"https:\/\/lalmachine.com\/wp-content\/uploads\/2022\/12\/5A6B1068-E28B-4A81-99F7-9CBFC5011E13-30718265.jpeg\" class=\"attachment-thumbnail size-thumbnail\" alt=\"\" \/><\/a> <a href=\"https:\/\/lalmachine.com\/wp-content\/uploads\/2022\/12\/713BE3AD-3529-4542-AA5C-C6366665EB27-e755cce9-scaled.jpeg\"><img loading=\"lazy\" decoding=\"async\" width=\"72\" height=\"96\" src=\"https:\/\/lalmachine.com\/wp-content\/uploads\/2022\/12\/713BE3AD-3529-4542-AA5C-C6366665EB27-e755cce9-scaled.jpeg\" class=\"attachment-thumbnail size-thumbnail\" alt=\"\" \/><\/a> <\/li>        <li class=\"wpuf-field-data wpuf-field-data-numeric_text_field\">\n                            <label>Prix:<\/label>\n                        380        <\/li>\n                <li class=\"wpuf-field-data wpuf-field-data-numeric_text_field\">\n                            <label>Quantit\u00e9:<\/label>\n                        1        <\/li>\n                <li class=\"wpuf-field-data wpuf-field-data-numeric_text_field\">\n                            <label>Hauteur (cm):<\/label>\n                        8        <\/li>\n                <li class=\"wpuf-field-data wpuf-field-data-numeric_text_field\">\n                            <label>Largeur (cm):<\/label>\n                        8        <\/li>\n                <li class=\"wpuf-field-data wpuf-field-data-numeric_text_field\">\n                            <label>Profondeur (cm):<\/label>\n                        8        <\/li>\n        <\/ul>","protected":false},"excerpt":{"rendered":"<p>Magnifique service \u00e0 caf\u00e9 \/ th\u00e9 Memphis design de Dorothy Hafner pour la maison Rosenthal.<\/p>","protected":false},"featured_media":294950,"template":"","meta":{"_et_pb_use_builder":"","_et_pb_old_content":"","_et_gb_content_width":""},"product_brand":[],"product_cat":[96,50,400],"product_tag":[],"proximite":[266,178],"class_list":{"0":"post-294846","1":"product","2":"type-product","3":"status-publish","4":"has-post-thumbnail","6":"product_cat-art-de-la-table","7":"product_cat-decorer","8":"product_cat-vase-ceramique","9":"product_shipping_class-2-10-kg","10":"pa_couleur-multicolore","11":"pa_etat-bon-etat","12":"pa_materiau-ceramique","13":"pa_style-design","14":"proximite-martigny","15":"proximite-valais","17":"first","18":"instock","19":"shipping-taxable","20":"purchasable","21":"product-type-simple"},"yoast_head":"<!-- This site is optimized with the Yoast SEO plugin v27.4 - https:\/\/yoast.com\/product\/yoast-seo-wordpress\/ -->\n<title>Service Dorothy Hafner pour Rosenthal | lalmachine.com, mobilier et objets d\u00e9co vintage et design<\/title>\n<meta name=\"description\" content=\"Magnifique service \u00e0 caf\u00e9 \/ th\u00e9 Memphis design de Dorothy Hafner pour la maison Rosenthal.\" \/>\n<meta name=\"robots\" content=\"index, follow, max-snippet:-1, max-image-preview:large, max-video-preview:-1\" \/>\n<link rel=\"canonical\" href=\"https:\/\/lalmachine.com\/de\/shop\/decorer\/art-de-la-table\/service-dorothy-hafner-pour-rosenthal\/\" \/>\n<meta property=\"og:locale\" content=\"de_DE\" \/>\n<meta property=\"og:type\" content=\"article\" \/>\n<meta property=\"og:title\" content=\"Service Dorothy Hafner pour Rosenthal | lalmachine.com, mobilier et objets d\u00e9co vintage et design\" \/>\n<meta property=\"og:description\" content=\"Magnifique service \u00e0 caf\u00e9 \/ th\u00e9 Memphis design de Dorothy Hafner pour la maison Rosenthal.\" \/>\n<meta property=\"og:url\" content=\"https:\/\/lalmachine.com\/de\/shop\/decorer\/art-de-la-table\/service-dorothy-hafner-pour-rosenthal\/\" \/>\n<meta property=\"og:site_name\" content=\"lalmachine.com\" \/>\n<meta property=\"article:publisher\" content=\"https:\/\/facebook.com\/lalmachine\" \/>\n<meta property=\"article:modified_time\" content=\"2024-12-05T20:59:41+00:00\" \/>\n<meta property=\"og:image\" content=\"https:\/\/lalmachine.com\/wp-content\/uploads\/2022\/12\/63A96141-7AE8-49EF-A1FC-06D0B141713C-8050b026-scaled_clipped_rev_1-scaled.jpeg\" \/>\n\t<meta property=\"og:image:width\" content=\"2560\" \/>\n\t<meta property=\"og:image:height\" content=\"2560\" \/>\n\t<meta property=\"og:image:type\" content=\"image\/jpeg\" \/>\n<meta name=\"twitter:card\" content=\"summary_large_image\" \/>\n<script type=\"application\/ld+json\" class=\"yoast-schema-graph\">{\"@context\":\"https:\\\/\\\/schema.org\",\"@graph\":[{\"@type\":\"WebPage\",\"@id\":\"https:\\\/\\\/lalmachine.com\\\/shop\\\/decorer\\\/art-de-la-table\\\/service-dorothy-hafner-pour-rosenthal\\\/\",\"url\":\"https:\\\/\\\/lalmachine.com\\\/shop\\\/decorer\\\/art-de-la-table\\\/service-dorothy-hafner-pour-rosenthal\\\/\",\"name\":\"Service Dorothy Hafner pour Rosenthal | lalmachine.com, mobilier et objets d\u00e9co vintage et design\",\"isPartOf\":{\"@id\":\"https:\\\/\\\/lalmachine.com\\\/#website\"},\"primaryImageOfPage\":{\"@id\":\"https:\\\/\\\/lalmachine.com\\\/shop\\\/decorer\\\/art-de-la-table\\\/service-dorothy-hafner-pour-rosenthal\\\/#primaryimage\"},\"image\":{\"@id\":\"https:\\\/\\\/lalmachine.com\\\/shop\\\/decorer\\\/art-de-la-table\\\/service-dorothy-hafner-pour-rosenthal\\\/#primaryimage\"},\"thumbnailUrl\":\"https:\\\/\\\/lalmachine.com\\\/wp-content\\\/uploads\\\/2022\\\/12\\\/63A96141-7AE8-49EF-A1FC-06D0B141713C-8050b026-scaled_clipped_rev_1-scaled.jpeg\",\"datePublished\":\"2022-12-19T15:49:52+00:00\",\"dateModified\":\"2024-12-05T20:59:41+00:00\",\"description\":\"Magnifique service \u00e0 caf\u00e9 \\\/ th\u00e9 Memphis design de Dorothy Hafner pour la maison Rosenthal.\",\"breadcrumb\":{\"@id\":\"https:\\\/\\\/lalmachine.com\\\/shop\\\/decorer\\\/art-de-la-table\\\/service-dorothy-hafner-pour-rosenthal\\\/#breadcrumb\"},\"inLanguage\":\"de\",\"potentialAction\":[{\"@type\":\"ReadAction\",\"target\":[\"https:\\\/\\\/lalmachine.com\\\/shop\\\/decorer\\\/art-de-la-table\\\/service-dorothy-hafner-pour-rosenthal\\\/\"]}]},{\"@type\":\"ImageObject\",\"inLanguage\":\"de\",\"@id\":\"https:\\\/\\\/lalmachine.com\\\/shop\\\/decorer\\\/art-de-la-table\\\/service-dorothy-hafner-pour-rosenthal\\\/#primaryimage\",\"url\":\"https:\\\/\\\/lalmachine.com\\\/wp-content\\\/uploads\\\/2022\\\/12\\\/63A96141-7AE8-49EF-A1FC-06D0B141713C-8050b026-scaled_clipped_rev_1-scaled.jpeg\",\"contentUrl\":\"https:\\\/\\\/lalmachine.com\\\/wp-content\\\/uploads\\\/2022\\\/12\\\/63A96141-7AE8-49EF-A1FC-06D0B141713C-8050b026-scaled_clipped_rev_1-scaled.jpeg\",\"width\":2560,\"height\":2560,\"caption\":\"Service Dorothy Hafner pour Rosenthal\"},{\"@type\":\"BreadcrumbList\",\"@id\":\"https:\\\/\\\/lalmachine.com\\\/shop\\\/decorer\\\/art-de-la-table\\\/service-dorothy-hafner-pour-rosenthal\\\/#breadcrumb\",\"itemListElement\":[{\"@type\":\"ListItem\",\"position\":1,\"name\":\"Accueil\",\"item\":\"https:\\\/\\\/lalmachine.com\\\/\"},{\"@type\":\"ListItem\",\"position\":2,\"name\":\"Shop\",\"item\":\"https:\\\/\\\/lalmachine.com\\\/shop\\\/\"},{\"@type\":\"ListItem\",\"position\":3,\"name\":\"Service Dorothy Hafner pour Rosenthal\"}]},{\"@type\":\"WebSite\",\"@id\":\"https:\\\/\\\/lalmachine.com\\\/#website\",\"url\":\"https:\\\/\\\/lalmachine.com\\\/\",\"name\":\"lalmachine.com\",\"description\":\"Brocante en ligne Suisse | Mobilier et objets d\u00e9co vintage et design\",\"potentialAction\":[{\"@type\":\"SearchAction\",\"target\":{\"@type\":\"EntryPoint\",\"urlTemplate\":\"https:\\\/\\\/lalmachine.com\\\/?s={search_term_string}\"},\"query-input\":{\"@type\":\"PropertyValueSpecification\",\"valueRequired\":true,\"valueName\":\"search_term_string\"}}],\"inLanguage\":\"de\"}]}<\/script>\n<!-- \/ Yoast SEO plugin. -->","yoast_head_json":{"title":"Service Dorothy Hafner pour Rosenthal | lalmachine.com, mobilier et objets d\u00e9co vintage et design","description":"Magnifique service \u00e0 caf\u00e9 \/ th\u00e9 Memphis design de Dorothy Hafner pour la maison Rosenthal.","robots":{"index":"index","follow":"follow","max-snippet":"max-snippet:-1","max-image-preview":"max-image-preview:large","max-video-preview":"max-video-preview:-1"},"canonical":"https:\/\/lalmachine.com\/de\/shop\/decorer\/art-de-la-table\/service-dorothy-hafner-pour-rosenthal\/","og_locale":"de_DE","og_type":"article","og_title":"Service Dorothy Hafner pour Rosenthal | lalmachine.com, mobilier et objets d\u00e9co vintage et design","og_description":"Magnifique service \u00e0 caf\u00e9 \/ th\u00e9 Memphis design de Dorothy Hafner pour la maison Rosenthal.","og_url":"https:\/\/lalmachine.com\/de\/shop\/decorer\/art-de-la-table\/service-dorothy-hafner-pour-rosenthal\/","og_site_name":"lalmachine.com","article_publisher":"https:\/\/facebook.com\/lalmachine","article_modified_time":"2024-12-05T20:59:41+00:00","og_image":[{"width":2560,"height":2560,"url":"https:\/\/lalmachine.com\/wp-content\/uploads\/2022\/12\/63A96141-7AE8-49EF-A1FC-06D0B141713C-8050b026-scaled_clipped_rev_1-scaled.jpeg","type":"image\/jpeg"}],"twitter_card":"summary_large_image","schema":{"@context":"https:\/\/schema.org","@graph":[{"@type":"WebPage","@id":"https:\/\/lalmachine.com\/shop\/decorer\/art-de-la-table\/service-dorothy-hafner-pour-rosenthal\/","url":"https:\/\/lalmachine.com\/shop\/decorer\/art-de-la-table\/service-dorothy-hafner-pour-rosenthal\/","name":"Service Dorothy Hafner pour Rosenthal | lalmachine.com, mobilier et objets d\u00e9co vintage et design","isPartOf":{"@id":"https:\/\/lalmachine.com\/#website"},"primaryImageOfPage":{"@id":"https:\/\/lalmachine.com\/shop\/decorer\/art-de-la-table\/service-dorothy-hafner-pour-rosenthal\/#primaryimage"},"image":{"@id":"https:\/\/lalmachine.com\/shop\/decorer\/art-de-la-table\/service-dorothy-hafner-pour-rosenthal\/#primaryimage"},"thumbnailUrl":"https:\/\/lalmachine.com\/wp-content\/uploads\/2022\/12\/63A96141-7AE8-49EF-A1FC-06D0B141713C-8050b026-scaled_clipped_rev_1-scaled.jpeg","datePublished":"2022-12-19T15:49:52+00:00","dateModified":"2024-12-05T20:59:41+00:00","description":"Magnifique service \u00e0 caf\u00e9 \/ th\u00e9 Memphis design de Dorothy Hafner pour la maison Rosenthal.","breadcrumb":{"@id":"https:\/\/lalmachine.com\/shop\/decorer\/art-de-la-table\/service-dorothy-hafner-pour-rosenthal\/#breadcrumb"},"inLanguage":"de","potentialAction":[{"@type":"ReadAction","target":["https:\/\/lalmachine.com\/shop\/decorer\/art-de-la-table\/service-dorothy-hafner-pour-rosenthal\/"]}]},{"@type":"ImageObject","inLanguage":"de","@id":"https:\/\/lalmachine.com\/shop\/decorer\/art-de-la-table\/service-dorothy-hafner-pour-rosenthal\/#primaryimage","url":"https:\/\/lalmachine.com\/wp-content\/uploads\/2022\/12\/63A96141-7AE8-49EF-A1FC-06D0B141713C-8050b026-scaled_clipped_rev_1-scaled.jpeg","contentUrl":"https:\/\/lalmachine.com\/wp-content\/uploads\/2022\/12\/63A96141-7AE8-49EF-A1FC-06D0B141713C-8050b026-scaled_clipped_rev_1-scaled.jpeg","width":2560,"height":2560,"caption":"Service Dorothy Hafner pour Rosenthal"},{"@type":"BreadcrumbList","@id":"https:\/\/lalmachine.com\/shop\/decorer\/art-de-la-table\/service-dorothy-hafner-pour-rosenthal\/#breadcrumb","itemListElement":[{"@type":"ListItem","position":1,"name":"Accueil","item":"https:\/\/lalmachine.com\/"},{"@type":"ListItem","position":2,"name":"Shop","item":"https:\/\/lalmachine.com\/shop\/"},{"@type":"ListItem","position":3,"name":"Service Dorothy Hafner pour Rosenthal"}]},{"@type":"WebSite","@id":"https:\/\/lalmachine.com\/#website","url":"https:\/\/lalmachine.com\/","name":"lalmachine.com","description":"Brocante en ligne Suisse | Mobilier et objets d\u00e9co vintage et design","potentialAction":[{"@type":"SearchAction","target":{"@type":"EntryPoint","urlTemplate":"https:\/\/lalmachine.com\/?s={search_term_string}"},"query-input":{"@type":"PropertyValueSpecification","valueRequired":true,"valueName":"search_term_string"}}],"inLanguage":"de"}]}},"_links":{"self":[{"href":"https:\/\/lalmachine.com\/de\/wp-json\/wp\/v2\/product\/294846","targetHints":{"allow":["GET"]}}],"collection":[{"href":"https:\/\/lalmachine.com\/de\/wp-json\/wp\/v2\/product"}],"about":[{"href":"https:\/\/lalmachine.com\/de\/wp-json\/wp\/v2\/types\/product"}],"wp:featuredmedia":[{"embeddable":true,"href":"https:\/\/lalmachine.com\/de\/wp-json\/wp\/v2\/media\/294950"}],"wp:attachment":[{"href":"https:\/\/lalmachine.com\/de\/wp-json\/wp\/v2\/media?parent=294846"}],"wp:term":[{"taxonomy":"product_brand","embeddable":true,"href":"https:\/\/lalmachine.com\/de\/wp-json\/wp\/v2\/product_brand?post=294846"},{"taxonomy":"product_cat","embeddable":true,"href":"https:\/\/lalmachine.com\/de\/wp-json\/wp\/v2\/product_cat?post=294846"},{"taxonomy":"product_tag","embeddable":true,"href":"https:\/\/lalmachine.com\/de\/wp-json\/wp\/v2\/product_tag?post=294846"},{"taxonomy":"proximite","embeddable":true,"href":"https:\/\/lalmachine.com\/de\/wp-json\/wp\/v2\/proximite?post=294846"}],"curies":[{"name":"wp","href":"https:\/\/api.w.org\/{rel}","templated":true}]}}