{"id":295418,"date":"2022-12-29T13:26:42","date_gmt":"2022-12-29T12:26:42","guid":{"rendered":"https:\/\/lalmachine.com\/?post_type=product&#038;p=295418"},"modified":"2024-12-05T21:59:43","modified_gmt":"2024-12-05T20:59:43","slug":"bol-a-oreilles-de-ravnild-denmark","status":"publish","type":"product","link":"https:\/\/lalmachine.com\/de\/shop\/decorer\/art-de-la-table\/bol-a-oreilles-de-ravnild-denmark\/","title":{"rendered":"Bol a oreilles de Ravnild &#8211; Denmark"},"content":{"rendered":"<ul class=\"wpuf_customs\"><li style=\"list-style-type:none;\"><label>Autres photos:<\/label> <a href=\"https:\/\/lalmachine.com\/wp-content\/uploads\/2022\/12\/3AF7BB58-67D5-4F9F-9818-C526C19FE5D3_1_201_a-6a8cf6a9-scaled.jpeg\"><img loading=\"lazy\" decoding=\"async\" width=\"128\" height=\"87\" src=\"https:\/\/lalmachine.com\/wp-content\/uploads\/2022\/12\/3AF7BB58-67D5-4F9F-9818-C526C19FE5D3_1_201_a-6a8cf6a9-scaled.jpeg\" class=\"attachment-thumbnail size-thumbnail\" alt=\"\" \/><\/a> <a href=\"https:\/\/lalmachine.com\/wp-content\/uploads\/2022\/12\/70346376-6015-499D-8B5D-0BA8F6AE540C_1_201_a-a596b0bc-scaled.jpeg\"><img loading=\"lazy\" decoding=\"async\" width=\"128\" height=\"84\" src=\"https:\/\/lalmachine.com\/wp-content\/uploads\/2022\/12\/70346376-6015-499D-8B5D-0BA8F6AE540C_1_201_a-a596b0bc-scaled.jpeg\" class=\"attachment-thumbnail size-thumbnail\" alt=\"\" \/><\/a> <a href=\"https:\/\/lalmachine.com\/wp-content\/uploads\/2022\/12\/EB748F47-5874-4516-B7BB-EB4533862038_1_201_a-0434a667-scaled.jpeg\"><img loading=\"lazy\" decoding=\"async\" width=\"128\" height=\"84\" src=\"https:\/\/lalmachine.com\/wp-content\/uploads\/2022\/12\/EB748F47-5874-4516-B7BB-EB4533862038_1_201_a-0434a667-scaled.jpeg\" class=\"attachment-thumbnail size-thumbnail\" alt=\"\" \/><\/a> <a href=\"https:\/\/lalmachine.com\/wp-content\/uploads\/2022\/12\/E5840D0C-81E6-4D2D-BDBD-378F0A60BDB8_1_201_a-68a232be-scaled.jpeg\"><img loading=\"lazy\" decoding=\"async\" width=\"128\" height=\"96\" src=\"https:\/\/lalmachine.com\/wp-content\/uploads\/2022\/12\/E5840D0C-81E6-4D2D-BDBD-378F0A60BDB8_1_201_a-68a232be-scaled.jpeg\" class=\"attachment-thumbnail size-thumbnail\" alt=\"\" \/><\/a> <a href=\"https:\/\/lalmachine.com\/wp-content\/uploads\/2022\/12\/028F7977-E8D0-4DFA-A929-DCAD6326B48F_1_201_a-87719970-scaled.jpeg\"><img loading=\"lazy\" decoding=\"async\" width=\"128\" height=\"77\" src=\"https:\/\/lalmachine.com\/wp-content\/uploads\/2022\/12\/028F7977-E8D0-4DFA-A929-DCAD6326B48F_1_201_a-87719970-scaled.jpeg\" class=\"attachment-thumbnail size-thumbnail\" alt=\"\" \/><\/a> <\/li>        <li class=\"wpuf-field-data wpuf-field-data-numeric_text_field\">\n                            <label>Prix:<\/label>\n                        25        <\/li>\n                <li class=\"wpuf-field-data wpuf-field-data-numeric_text_field\">\n                            <label>Quantit\u00e9:<\/label>\n                        1        <\/li>\n                <li class=\"wpuf-field-data wpuf-field-data-numeric_text_field\">\n                            <label>Hauteur (cm):<\/label>\n                        7        <\/li>\n                <li class=\"wpuf-field-data wpuf-field-data-numeric_text_field\">\n                            <label>Largeur (cm):<\/label>\n                        14        <\/li>\n                <li class=\"wpuf-field-data wpuf-field-data-numeric_text_field\">\n                            <label>Profondeur (cm):<\/label>\n                        14        <\/li>\n        <\/ul>","protected":false},"excerpt":{"rendered":"<p>Bol a oreilles en gr\u00e8s pyrit\u00e9 et sal\u00e9<br \/>\nDesign: Frederik Ravnild &#8211; 60&#8217;s &#8211; Danemark<\/p>","protected":false},"featured_media":295434,"template":"","meta":{"_et_pb_use_builder":"","_et_pb_old_content":"","_et_gb_content_width":""},"product_brand":[],"product_cat":[96,50],"product_tag":[],"proximite":[277,179],"class_list":{"0":"post-295418","1":"product","2":"type-product","3":"status-publish","4":"has-post-thumbnail","6":"product_cat-art-de-la-table","7":"product_cat-decorer","8":"product_shipping_class-fragile-8-5","9":"pa_couleur-beige","10":"pa_etat-tres-bon-etat","11":"pa_materiau-ceramique","12":"pa_style-scandinave","13":"proximite-jura-nord-vaudois","14":"proximite-vaud","16":"first","17":"instock","18":"shipping-taxable","19":"purchasable","20":"product-type-simple"},"yoast_head":"<!-- This site is optimized with the Yoast SEO plugin v27.4 - https:\/\/yoast.com\/product\/yoast-seo-wordpress\/ -->\n<title>Bol a oreilles de Ravnild - Denmark | lalmachine.com, mobilier et objets d\u00e9co vintage et design<\/title>\n<meta name=\"description\" content=\"Bol a oreilles en gr\u00e8s pyrit\u00e9 et sal\u00e9. Design: Frederik Ravnild - 60&#039;s - Danemark\" \/>\n<meta name=\"robots\" content=\"index, follow, max-snippet:-1, max-image-preview:large, max-video-preview:-1\" \/>\n<link rel=\"canonical\" href=\"http:\/\/lalmachine.com\/de\/shop\/decorer\/art-de-la-table\/bol-a-oreilles-de-ravnild-denmark\/\" \/>\n<meta property=\"og:locale\" content=\"de_DE\" \/>\n<meta property=\"og:type\" content=\"article\" \/>\n<meta property=\"og:title\" content=\"Bol a oreilles de Ravnild - Denmark | lalmachine.com, mobilier et objets d\u00e9co vintage et design\" \/>\n<meta property=\"og:description\" content=\"Bol a oreilles en gr\u00e8s pyrit\u00e9 et sal\u00e9. Design: Frederik Ravnild - 60&#039;s - Danemark\" \/>\n<meta property=\"og:url\" content=\"http:\/\/lalmachine.com\/de\/shop\/decorer\/art-de-la-table\/bol-a-oreilles-de-ravnild-denmark\/\" \/>\n<meta property=\"og:site_name\" content=\"lalmachine.com\" \/>\n<meta property=\"article:publisher\" content=\"https:\/\/facebook.com\/lalmachine\" \/>\n<meta property=\"article:modified_time\" content=\"2024-12-05T20:59:43+00:00\" \/>\n<meta property=\"og:image\" content=\"https:\/\/lalmachine.com\/wp-content\/uploads\/2022\/12\/Pasted-20221229-131956_clipped_rev_1-scaled.jpeg\" \/>\n\t<meta property=\"og:image:width\" content=\"2560\" \/>\n\t<meta property=\"og:image:height\" content=\"2560\" \/>\n\t<meta property=\"og:image:type\" content=\"image\/jpeg\" \/>\n<meta name=\"twitter:card\" content=\"summary_large_image\" \/>\n<script type=\"application\/ld+json\" class=\"yoast-schema-graph\">{\"@context\":\"https:\\\/\\\/schema.org\",\"@graph\":[{\"@type\":\"WebPage\",\"@id\":\"http:\\\/\\\/lalmachine.com\\\/de\\\/shop\\\/decorer\\\/art-de-la-table\\\/bol-a-oreilles-de-ravnild-denmark\\\/\",\"url\":\"http:\\\/\\\/lalmachine.com\\\/de\\\/shop\\\/decorer\\\/art-de-la-table\\\/bol-a-oreilles-de-ravnild-denmark\\\/\",\"name\":\"Bol a oreilles de Ravnild - Denmark | lalmachine.com, mobilier et objets d\u00e9co vintage et design\",\"isPartOf\":{\"@id\":\"https:\\\/\\\/lalmachine.com\\\/#website\"},\"primaryImageOfPage\":{\"@id\":\"http:\\\/\\\/lalmachine.com\\\/de\\\/shop\\\/decorer\\\/art-de-la-table\\\/bol-a-oreilles-de-ravnild-denmark\\\/#primaryimage\"},\"image\":{\"@id\":\"http:\\\/\\\/lalmachine.com\\\/de\\\/shop\\\/decorer\\\/art-de-la-table\\\/bol-a-oreilles-de-ravnild-denmark\\\/#primaryimage\"},\"thumbnailUrl\":\"https:\\\/\\\/lalmachine.com\\\/wp-content\\\/uploads\\\/2022\\\/12\\\/Pasted-20221229-131956_clipped_rev_1-scaled.jpeg\",\"datePublished\":\"2022-12-29T12:26:42+00:00\",\"dateModified\":\"2024-12-05T20:59:43+00:00\",\"description\":\"Bol a oreilles en gr\u00e8s pyrit\u00e9 et sal\u00e9. Design: Frederik Ravnild - 60's - Danemark\",\"breadcrumb\":{\"@id\":\"http:\\\/\\\/lalmachine.com\\\/de\\\/shop\\\/decorer\\\/art-de-la-table\\\/bol-a-oreilles-de-ravnild-denmark\\\/#breadcrumb\"},\"inLanguage\":\"de\",\"potentialAction\":[{\"@type\":\"ReadAction\",\"target\":[\"http:\\\/\\\/lalmachine.com\\\/de\\\/shop\\\/decorer\\\/art-de-la-table\\\/bol-a-oreilles-de-ravnild-denmark\\\/\"]}]},{\"@type\":\"ImageObject\",\"inLanguage\":\"de\",\"@id\":\"http:\\\/\\\/lalmachine.com\\\/de\\\/shop\\\/decorer\\\/art-de-la-table\\\/bol-a-oreilles-de-ravnild-denmark\\\/#primaryimage\",\"url\":\"https:\\\/\\\/lalmachine.com\\\/wp-content\\\/uploads\\\/2022\\\/12\\\/Pasted-20221229-131956_clipped_rev_1-scaled.jpeg\",\"contentUrl\":\"https:\\\/\\\/lalmachine.com\\\/wp-content\\\/uploads\\\/2022\\\/12\\\/Pasted-20221229-131956_clipped_rev_1-scaled.jpeg\",\"width\":2560,\"height\":2560,\"caption\":\"Bol a oreilles de Ravnild - Denmark\"},{\"@type\":\"BreadcrumbList\",\"@id\":\"http:\\\/\\\/lalmachine.com\\\/de\\\/shop\\\/decorer\\\/art-de-la-table\\\/bol-a-oreilles-de-ravnild-denmark\\\/#breadcrumb\",\"itemListElement\":[{\"@type\":\"ListItem\",\"position\":1,\"name\":\"Accueil\",\"item\":\"https:\\\/\\\/lalmachine.com\\\/\"},{\"@type\":\"ListItem\",\"position\":2,\"name\":\"Shop\",\"item\":\"https:\\\/\\\/lalmachine.com\\\/shop\\\/\"},{\"@type\":\"ListItem\",\"position\":3,\"name\":\"Bol a oreilles de Ravnild &#8211; Denmark\"}]},{\"@type\":\"WebSite\",\"@id\":\"https:\\\/\\\/lalmachine.com\\\/#website\",\"url\":\"https:\\\/\\\/lalmachine.com\\\/\",\"name\":\"lalmachine.com\",\"description\":\"Brocante en ligne Suisse | Mobilier et objets d\u00e9co vintage et design\",\"potentialAction\":[{\"@type\":\"SearchAction\",\"target\":{\"@type\":\"EntryPoint\",\"urlTemplate\":\"https:\\\/\\\/lalmachine.com\\\/?s={search_term_string}\"},\"query-input\":{\"@type\":\"PropertyValueSpecification\",\"valueRequired\":true,\"valueName\":\"search_term_string\"}}],\"inLanguage\":\"de\"}]}<\/script>\n<!-- \/ Yoast SEO plugin. -->","yoast_head_json":{"title":"Bol a oreilles de Ravnild - Denmark | lalmachine.com, mobilier et objets d\u00e9co vintage et design","description":"Bol a oreilles en gr\u00e8s pyrit\u00e9 et sal\u00e9. Design: Frederik Ravnild - 60's - Danemark","robots":{"index":"index","follow":"follow","max-snippet":"max-snippet:-1","max-image-preview":"max-image-preview:large","max-video-preview":"max-video-preview:-1"},"canonical":"http:\/\/lalmachine.com\/de\/shop\/decorer\/art-de-la-table\/bol-a-oreilles-de-ravnild-denmark\/","og_locale":"de_DE","og_type":"article","og_title":"Bol a oreilles de Ravnild - Denmark | lalmachine.com, mobilier et objets d\u00e9co vintage et design","og_description":"Bol a oreilles en gr\u00e8s pyrit\u00e9 et sal\u00e9. Design: Frederik Ravnild - 60's - Danemark","og_url":"http:\/\/lalmachine.com\/de\/shop\/decorer\/art-de-la-table\/bol-a-oreilles-de-ravnild-denmark\/","og_site_name":"lalmachine.com","article_publisher":"https:\/\/facebook.com\/lalmachine","article_modified_time":"2024-12-05T20:59:43+00:00","og_image":[{"width":2560,"height":2560,"url":"https:\/\/lalmachine.com\/wp-content\/uploads\/2022\/12\/Pasted-20221229-131956_clipped_rev_1-scaled.jpeg","type":"image\/jpeg"}],"twitter_card":"summary_large_image","schema":{"@context":"https:\/\/schema.org","@graph":[{"@type":"WebPage","@id":"http:\/\/lalmachine.com\/de\/shop\/decorer\/art-de-la-table\/bol-a-oreilles-de-ravnild-denmark\/","url":"http:\/\/lalmachine.com\/de\/shop\/decorer\/art-de-la-table\/bol-a-oreilles-de-ravnild-denmark\/","name":"Bol a oreilles de Ravnild - Denmark | lalmachine.com, mobilier et objets d\u00e9co vintage et design","isPartOf":{"@id":"https:\/\/lalmachine.com\/#website"},"primaryImageOfPage":{"@id":"http:\/\/lalmachine.com\/de\/shop\/decorer\/art-de-la-table\/bol-a-oreilles-de-ravnild-denmark\/#primaryimage"},"image":{"@id":"http:\/\/lalmachine.com\/de\/shop\/decorer\/art-de-la-table\/bol-a-oreilles-de-ravnild-denmark\/#primaryimage"},"thumbnailUrl":"https:\/\/lalmachine.com\/wp-content\/uploads\/2022\/12\/Pasted-20221229-131956_clipped_rev_1-scaled.jpeg","datePublished":"2022-12-29T12:26:42+00:00","dateModified":"2024-12-05T20:59:43+00:00","description":"Bol a oreilles en gr\u00e8s pyrit\u00e9 et sal\u00e9. Design: Frederik Ravnild - 60's - Danemark","breadcrumb":{"@id":"http:\/\/lalmachine.com\/de\/shop\/decorer\/art-de-la-table\/bol-a-oreilles-de-ravnild-denmark\/#breadcrumb"},"inLanguage":"de","potentialAction":[{"@type":"ReadAction","target":["http:\/\/lalmachine.com\/de\/shop\/decorer\/art-de-la-table\/bol-a-oreilles-de-ravnild-denmark\/"]}]},{"@type":"ImageObject","inLanguage":"de","@id":"http:\/\/lalmachine.com\/de\/shop\/decorer\/art-de-la-table\/bol-a-oreilles-de-ravnild-denmark\/#primaryimage","url":"https:\/\/lalmachine.com\/wp-content\/uploads\/2022\/12\/Pasted-20221229-131956_clipped_rev_1-scaled.jpeg","contentUrl":"https:\/\/lalmachine.com\/wp-content\/uploads\/2022\/12\/Pasted-20221229-131956_clipped_rev_1-scaled.jpeg","width":2560,"height":2560,"caption":"Bol a oreilles de Ravnild - Denmark"},{"@type":"BreadcrumbList","@id":"http:\/\/lalmachine.com\/de\/shop\/decorer\/art-de-la-table\/bol-a-oreilles-de-ravnild-denmark\/#breadcrumb","itemListElement":[{"@type":"ListItem","position":1,"name":"Accueil","item":"https:\/\/lalmachine.com\/"},{"@type":"ListItem","position":2,"name":"Shop","item":"https:\/\/lalmachine.com\/shop\/"},{"@type":"ListItem","position":3,"name":"Bol a oreilles de Ravnild &#8211; Denmark"}]},{"@type":"WebSite","@id":"https:\/\/lalmachine.com\/#website","url":"https:\/\/lalmachine.com\/","name":"lalmachine.com","description":"Brocante en ligne Suisse | Mobilier et objets d\u00e9co vintage et design","potentialAction":[{"@type":"SearchAction","target":{"@type":"EntryPoint","urlTemplate":"https:\/\/lalmachine.com\/?s={search_term_string}"},"query-input":{"@type":"PropertyValueSpecification","valueRequired":true,"valueName":"search_term_string"}}],"inLanguage":"de"}]}},"_links":{"self":[{"href":"https:\/\/lalmachine.com\/de\/wp-json\/wp\/v2\/product\/295418","targetHints":{"allow":["GET"]}}],"collection":[{"href":"https:\/\/lalmachine.com\/de\/wp-json\/wp\/v2\/product"}],"about":[{"href":"https:\/\/lalmachine.com\/de\/wp-json\/wp\/v2\/types\/product"}],"wp:featuredmedia":[{"embeddable":true,"href":"https:\/\/lalmachine.com\/de\/wp-json\/wp\/v2\/media\/295434"}],"wp:attachment":[{"href":"https:\/\/lalmachine.com\/de\/wp-json\/wp\/v2\/media?parent=295418"}],"wp:term":[{"taxonomy":"product_brand","embeddable":true,"href":"https:\/\/lalmachine.com\/de\/wp-json\/wp\/v2\/product_brand?post=295418"},{"taxonomy":"product_cat","embeddable":true,"href":"https:\/\/lalmachine.com\/de\/wp-json\/wp\/v2\/product_cat?post=295418"},{"taxonomy":"product_tag","embeddable":true,"href":"https:\/\/lalmachine.com\/de\/wp-json\/wp\/v2\/product_tag?post=295418"},{"taxonomy":"proximite","embeddable":true,"href":"https:\/\/lalmachine.com\/de\/wp-json\/wp\/v2\/proximite?post=295418"}],"curies":[{"name":"wp","href":"https:\/\/api.w.org\/{rel}","templated":true}]}}