{"id":295454,"date":"2022-12-30T12:11:25","date_gmt":"2022-12-30T11:11:25","guid":{"rendered":"https:\/\/lalmachine.com\/?post_type=product&#038;p=295454"},"modified":"2024-12-05T21:59:43","modified_gmt":"2024-12-05T20:59:43","slug":"chaise-datelier-werkstattstuhl","status":"publish","type":"product","link":"https:\/\/lalmachine.com\/de\/shop\/sasseoir\/chaise\/chaise-datelier-werkstattstuhl\/","title":{"rendered":"Chaise d&rsquo;atelier \/ Werkstattstuhl"},"content":{"rendered":"<ul class=\"wpuf_customs\"><li style=\"list-style-type:none;\"><label>Autres photos:<\/label> <a href=\"https:\/\/lalmachine.com\/wp-content\/uploads\/2022\/12\/IMG_5581-Large-5e3066f8.jpeg\"><img loading=\"lazy\" decoding=\"async\" width=\"72\" height=\"96\" src=\"https:\/\/lalmachine.com\/wp-content\/uploads\/2022\/12\/IMG_5581-Large-5e3066f8.jpeg\" class=\"attachment-thumbnail size-thumbnail\" alt=\"\" \/><\/a> <a href=\"https:\/\/lalmachine.com\/wp-content\/uploads\/2022\/12\/IMG_5580-68500f2a-scaled.jpeg\"><img loading=\"lazy\" decoding=\"async\" width=\"72\" height=\"96\" src=\"https:\/\/lalmachine.com\/wp-content\/uploads\/2022\/12\/IMG_5580-68500f2a-scaled.jpeg\" class=\"attachment-thumbnail size-thumbnail\" alt=\"\" \/><\/a> <a href=\"https:\/\/lalmachine.com\/wp-content\/uploads\/2022\/12\/IMG_5588-Large-2800fbca.jpeg\"><img loading=\"lazy\" decoding=\"async\" width=\"72\" height=\"96\" src=\"https:\/\/lalmachine.com\/wp-content\/uploads\/2022\/12\/IMG_5588-Large-2800fbca.jpeg\" class=\"attachment-thumbnail size-thumbnail\" alt=\"\" \/><\/a> <a href=\"https:\/\/lalmachine.com\/wp-content\/uploads\/2022\/12\/IMG_5586-Large-5d722dd3.jpeg\"><img loading=\"lazy\" decoding=\"async\" width=\"72\" height=\"96\" src=\"https:\/\/lalmachine.com\/wp-content\/uploads\/2022\/12\/IMG_5586-Large-5d722dd3.jpeg\" class=\"attachment-thumbnail size-thumbnail\" alt=\"\" \/><\/a> <a href=\"https:\/\/lalmachine.com\/wp-content\/uploads\/2022\/12\/IMG_5583-Large-56925262.jpeg\"><img loading=\"lazy\" decoding=\"async\" width=\"72\" height=\"96\" src=\"https:\/\/lalmachine.com\/wp-content\/uploads\/2022\/12\/IMG_5583-Large-56925262.jpeg\" class=\"attachment-thumbnail size-thumbnail\" alt=\"\" \/><\/a> <a href=\"https:\/\/lalmachine.com\/wp-content\/uploads\/2022\/12\/IMG_5584-Large-8e7a7a7d.jpeg\"><img loading=\"lazy\" decoding=\"async\" width=\"72\" height=\"96\" src=\"https:\/\/lalmachine.com\/wp-content\/uploads\/2022\/12\/IMG_5584-Large-8e7a7a7d.jpeg\" class=\"attachment-thumbnail size-thumbnail\" alt=\"\" \/><\/a> <\/li>        <li class=\"wpuf-field-data wpuf-field-data-numeric_text_field\">\n                            <label>Prix:<\/label>\n                        80        <\/li>\n                <li class=\"wpuf-field-data wpuf-field-data-numeric_text_field\">\n                            <label>Hauteur (cm):<\/label>\n                        90        <\/li>\n                <li class=\"wpuf-field-data wpuf-field-data-numeric_text_field\">\n                            <label>Largeur (cm):<\/label>\n                        45        <\/li>\n                <li class=\"wpuf-field-data wpuf-field-data-numeric_text_field\">\n                            <label>Profondeur (cm):<\/label>\n                        45        <\/li>\n        <\/ul>","protected":false},"excerpt":{"rendered":"<p>\ud83c\uddeb\ud83c\uddf7 Chaise d&rsquo;atelier Dauphin. Hauteur de l&rsquo;assise r\u00e9glable.<br \/>\nRetrait \u00e0 Opfikon (ZH) ou livraison possible.<\/p>\n<p>\ud83c\udde9\ud83c\uddea Werkstattstuhl Dauphin. Verstellbare Sitzh\u00f6he.<br \/>\nAbholung in Opfikon (ZH) oder Lieferung m\u00f6glich.<\/p>\n<p>\ud83c\uddec\ud83c\udde7 Watchmaker&rsquo;s chair Dauphin. Adjustable seat height.<br \/>\nPick up in Opfikon (ZH) or delivery possible.<\/p>","protected":false},"featured_media":295491,"template":"","meta":{"_et_pb_use_builder":"","_et_pb_old_content":"","_et_gb_content_width":""},"product_brand":[],"product_cat":[100,48],"product_tag":[],"proximite":[214,295],"class_list":{"0":"post-295454","1":"product","2":"type-product","3":"status-publish","4":"has-post-thumbnail","6":"product_cat-chaise","7":"product_cat-sasseoir","8":"pa_couleur-bois","9":"pa_etat-bon-etat","10":"pa_materiau-bois","11":"pa_style-industriel","12":"proximite-zurich","13":"proximite-zurich-zurich","15":"first","16":"outofstock","17":"sale","18":"shipping-taxable","19":"purchasable","20":"product-type-simple"},"yoast_head":"<!-- This site is optimized with the Yoast SEO plugin v27.4 - https:\/\/yoast.com\/product\/yoast-seo-wordpress\/ -->\n<title>Chaise d&#039;atelier \/ Werkstattstuhl | lalmachine.com, mobilier et objets d\u00e9co vintage et design<\/title>\n<meta name=\"description\" content=\"Chaise d&#039;atelier Dauphin. Hauteur de l&#039;assise r\u00e9glable. Werkstattstuhl Dauphin. Verstellbare Sitzh\u00f6he. Watchmaker&#039;s chair Dauphin. Adjustable seat height.\" \/>\n<meta name=\"robots\" content=\"index, follow, max-snippet:-1, max-image-preview:large, max-video-preview:-1\" \/>\n<link rel=\"canonical\" href=\"https:\/\/lalmachine.com\/de\/shop\/sasseoir\/chaise\/chaise-datelier-werkstattstuhl\/\" \/>\n<meta property=\"og:locale\" content=\"de_DE\" \/>\n<meta property=\"og:type\" content=\"article\" \/>\n<meta property=\"og:title\" content=\"Chaise d&#039;atelier \/ Werkstattstuhl | lalmachine.com, mobilier et objets d\u00e9co vintage et design\" \/>\n<meta property=\"og:description\" content=\"Chaise d&#039;atelier Dauphin. Hauteur de l&#039;assise r\u00e9glable. Werkstattstuhl Dauphin. Verstellbare Sitzh\u00f6he. Watchmaker&#039;s chair Dauphin. Adjustable seat height.\" \/>\n<meta property=\"og:url\" content=\"https:\/\/lalmachine.com\/de\/shop\/sasseoir\/chaise\/chaise-datelier-werkstattstuhl\/\" \/>\n<meta property=\"og:site_name\" content=\"lalmachine.com\" \/>\n<meta property=\"article:publisher\" content=\"https:\/\/facebook.com\/lalmachine\" \/>\n<meta property=\"article:modified_time\" content=\"2024-12-05T20:59:43+00:00\" \/>\n<meta property=\"og:image\" content=\"https:\/\/lalmachine.com\/wp-content\/uploads\/2022\/12\/Pasted-20221230-114514_clipped_rev_1.jpeg\" \/>\n\t<meta property=\"og:image:width\" content=\"1328\" \/>\n\t<meta property=\"og:image:height\" content=\"1328\" \/>\n\t<meta property=\"og:image:type\" content=\"image\/jpeg\" \/>\n<meta name=\"twitter:card\" content=\"summary_large_image\" \/>\n<script type=\"application\/ld+json\" class=\"yoast-schema-graph\">{\"@context\":\"https:\\\/\\\/schema.org\",\"@graph\":[{\"@type\":\"WebPage\",\"@id\":\"https:\\\/\\\/lalmachine.com\\\/de\\\/shop\\\/sasseoir\\\/chaise\\\/chaise-datelier-werkstattstuhl\\\/\",\"url\":\"https:\\\/\\\/lalmachine.com\\\/de\\\/shop\\\/sasseoir\\\/chaise\\\/chaise-datelier-werkstattstuhl\\\/\",\"name\":\"Chaise d'atelier \\\/ Werkstattstuhl | lalmachine.com, mobilier et objets d\u00e9co vintage et design\",\"isPartOf\":{\"@id\":\"https:\\\/\\\/lalmachine.com\\\/#website\"},\"primaryImageOfPage\":{\"@id\":\"https:\\\/\\\/lalmachine.com\\\/de\\\/shop\\\/sasseoir\\\/chaise\\\/chaise-datelier-werkstattstuhl\\\/#primaryimage\"},\"image\":{\"@id\":\"https:\\\/\\\/lalmachine.com\\\/de\\\/shop\\\/sasseoir\\\/chaise\\\/chaise-datelier-werkstattstuhl\\\/#primaryimage\"},\"thumbnailUrl\":\"https:\\\/\\\/lalmachine.com\\\/wp-content\\\/uploads\\\/2022\\\/12\\\/Pasted-20221230-114514_clipped_rev_1.jpeg\",\"datePublished\":\"2022-12-30T11:11:25+00:00\",\"dateModified\":\"2024-12-05T20:59:43+00:00\",\"description\":\"Chaise d'atelier Dauphin. Hauteur de l'assise r\u00e9glable. Werkstattstuhl Dauphin. Verstellbare Sitzh\u00f6he. Watchmaker's chair Dauphin. Adjustable seat height.\",\"breadcrumb\":{\"@id\":\"https:\\\/\\\/lalmachine.com\\\/de\\\/shop\\\/sasseoir\\\/chaise\\\/chaise-datelier-werkstattstuhl\\\/#breadcrumb\"},\"inLanguage\":\"de\",\"potentialAction\":[{\"@type\":\"ReadAction\",\"target\":[\"https:\\\/\\\/lalmachine.com\\\/de\\\/shop\\\/sasseoir\\\/chaise\\\/chaise-datelier-werkstattstuhl\\\/\"]}]},{\"@type\":\"ImageObject\",\"inLanguage\":\"de\",\"@id\":\"https:\\\/\\\/lalmachine.com\\\/de\\\/shop\\\/sasseoir\\\/chaise\\\/chaise-datelier-werkstattstuhl\\\/#primaryimage\",\"url\":\"https:\\\/\\\/lalmachine.com\\\/wp-content\\\/uploads\\\/2022\\\/12\\\/Pasted-20221230-114514_clipped_rev_1.jpeg\",\"contentUrl\":\"https:\\\/\\\/lalmachine.com\\\/wp-content\\\/uploads\\\/2022\\\/12\\\/Pasted-20221230-114514_clipped_rev_1.jpeg\",\"width\":1328,\"height\":1328,\"caption\":\"Chaise d'atelier Werkstattstuhl\"},{\"@type\":\"BreadcrumbList\",\"@id\":\"https:\\\/\\\/lalmachine.com\\\/de\\\/shop\\\/sasseoir\\\/chaise\\\/chaise-datelier-werkstattstuhl\\\/#breadcrumb\",\"itemListElement\":[{\"@type\":\"ListItem\",\"position\":1,\"name\":\"Accueil\",\"item\":\"https:\\\/\\\/lalmachine.com\\\/\"},{\"@type\":\"ListItem\",\"position\":2,\"name\":\"Shop\",\"item\":\"https:\\\/\\\/lalmachine.com\\\/shop\\\/\"},{\"@type\":\"ListItem\",\"position\":3,\"name\":\"Chaise d&rsquo;atelier \\\/ Werkstattstuhl\"}]},{\"@type\":\"WebSite\",\"@id\":\"https:\\\/\\\/lalmachine.com\\\/#website\",\"url\":\"https:\\\/\\\/lalmachine.com\\\/\",\"name\":\"lalmachine.com\",\"description\":\"Brocante en ligne Suisse | Mobilier et objets d\u00e9co vintage et design\",\"potentialAction\":[{\"@type\":\"SearchAction\",\"target\":{\"@type\":\"EntryPoint\",\"urlTemplate\":\"https:\\\/\\\/lalmachine.com\\\/?s={search_term_string}\"},\"query-input\":{\"@type\":\"PropertyValueSpecification\",\"valueRequired\":true,\"valueName\":\"search_term_string\"}}],\"inLanguage\":\"de\"}]}<\/script>\n<!-- \/ Yoast SEO plugin. -->","yoast_head_json":{"title":"Chaise d'atelier \/ Werkstattstuhl | lalmachine.com, mobilier et objets d\u00e9co vintage et design","description":"Chaise d'atelier Dauphin. Hauteur de l'assise r\u00e9glable. Werkstattstuhl Dauphin. Verstellbare Sitzh\u00f6he. Watchmaker's chair Dauphin. Adjustable seat height.","robots":{"index":"index","follow":"follow","max-snippet":"max-snippet:-1","max-image-preview":"max-image-preview:large","max-video-preview":"max-video-preview:-1"},"canonical":"https:\/\/lalmachine.com\/de\/shop\/sasseoir\/chaise\/chaise-datelier-werkstattstuhl\/","og_locale":"de_DE","og_type":"article","og_title":"Chaise d'atelier \/ Werkstattstuhl | lalmachine.com, mobilier et objets d\u00e9co vintage et design","og_description":"Chaise d'atelier Dauphin. Hauteur de l'assise r\u00e9glable. Werkstattstuhl Dauphin. Verstellbare Sitzh\u00f6he. Watchmaker's chair Dauphin. Adjustable seat height.","og_url":"https:\/\/lalmachine.com\/de\/shop\/sasseoir\/chaise\/chaise-datelier-werkstattstuhl\/","og_site_name":"lalmachine.com","article_publisher":"https:\/\/facebook.com\/lalmachine","article_modified_time":"2024-12-05T20:59:43+00:00","og_image":[{"width":1328,"height":1328,"url":"https:\/\/lalmachine.com\/wp-content\/uploads\/2022\/12\/Pasted-20221230-114514_clipped_rev_1.jpeg","type":"image\/jpeg"}],"twitter_card":"summary_large_image","schema":{"@context":"https:\/\/schema.org","@graph":[{"@type":"WebPage","@id":"https:\/\/lalmachine.com\/de\/shop\/sasseoir\/chaise\/chaise-datelier-werkstattstuhl\/","url":"https:\/\/lalmachine.com\/de\/shop\/sasseoir\/chaise\/chaise-datelier-werkstattstuhl\/","name":"Chaise d'atelier \/ Werkstattstuhl | lalmachine.com, mobilier et objets d\u00e9co vintage et design","isPartOf":{"@id":"https:\/\/lalmachine.com\/#website"},"primaryImageOfPage":{"@id":"https:\/\/lalmachine.com\/de\/shop\/sasseoir\/chaise\/chaise-datelier-werkstattstuhl\/#primaryimage"},"image":{"@id":"https:\/\/lalmachine.com\/de\/shop\/sasseoir\/chaise\/chaise-datelier-werkstattstuhl\/#primaryimage"},"thumbnailUrl":"https:\/\/lalmachine.com\/wp-content\/uploads\/2022\/12\/Pasted-20221230-114514_clipped_rev_1.jpeg","datePublished":"2022-12-30T11:11:25+00:00","dateModified":"2024-12-05T20:59:43+00:00","description":"Chaise d'atelier Dauphin. Hauteur de l'assise r\u00e9glable. Werkstattstuhl Dauphin. Verstellbare Sitzh\u00f6he. Watchmaker's chair Dauphin. Adjustable seat height.","breadcrumb":{"@id":"https:\/\/lalmachine.com\/de\/shop\/sasseoir\/chaise\/chaise-datelier-werkstattstuhl\/#breadcrumb"},"inLanguage":"de","potentialAction":[{"@type":"ReadAction","target":["https:\/\/lalmachine.com\/de\/shop\/sasseoir\/chaise\/chaise-datelier-werkstattstuhl\/"]}]},{"@type":"ImageObject","inLanguage":"de","@id":"https:\/\/lalmachine.com\/de\/shop\/sasseoir\/chaise\/chaise-datelier-werkstattstuhl\/#primaryimage","url":"https:\/\/lalmachine.com\/wp-content\/uploads\/2022\/12\/Pasted-20221230-114514_clipped_rev_1.jpeg","contentUrl":"https:\/\/lalmachine.com\/wp-content\/uploads\/2022\/12\/Pasted-20221230-114514_clipped_rev_1.jpeg","width":1328,"height":1328,"caption":"Chaise d'atelier Werkstattstuhl"},{"@type":"BreadcrumbList","@id":"https:\/\/lalmachine.com\/de\/shop\/sasseoir\/chaise\/chaise-datelier-werkstattstuhl\/#breadcrumb","itemListElement":[{"@type":"ListItem","position":1,"name":"Accueil","item":"https:\/\/lalmachine.com\/"},{"@type":"ListItem","position":2,"name":"Shop","item":"https:\/\/lalmachine.com\/shop\/"},{"@type":"ListItem","position":3,"name":"Chaise d&rsquo;atelier \/ Werkstattstuhl"}]},{"@type":"WebSite","@id":"https:\/\/lalmachine.com\/#website","url":"https:\/\/lalmachine.com\/","name":"lalmachine.com","description":"Brocante en ligne Suisse | Mobilier et objets d\u00e9co vintage et design","potentialAction":[{"@type":"SearchAction","target":{"@type":"EntryPoint","urlTemplate":"https:\/\/lalmachine.com\/?s={search_term_string}"},"query-input":{"@type":"PropertyValueSpecification","valueRequired":true,"valueName":"search_term_string"}}],"inLanguage":"de"}]}},"_links":{"self":[{"href":"https:\/\/lalmachine.com\/de\/wp-json\/wp\/v2\/product\/295454","targetHints":{"allow":["GET"]}}],"collection":[{"href":"https:\/\/lalmachine.com\/de\/wp-json\/wp\/v2\/product"}],"about":[{"href":"https:\/\/lalmachine.com\/de\/wp-json\/wp\/v2\/types\/product"}],"wp:featuredmedia":[{"embeddable":true,"href":"https:\/\/lalmachine.com\/de\/wp-json\/wp\/v2\/media\/295491"}],"wp:attachment":[{"href":"https:\/\/lalmachine.com\/de\/wp-json\/wp\/v2\/media?parent=295454"}],"wp:term":[{"taxonomy":"product_brand","embeddable":true,"href":"https:\/\/lalmachine.com\/de\/wp-json\/wp\/v2\/product_brand?post=295454"},{"taxonomy":"product_cat","embeddable":true,"href":"https:\/\/lalmachine.com\/de\/wp-json\/wp\/v2\/product_cat?post=295454"},{"taxonomy":"product_tag","embeddable":true,"href":"https:\/\/lalmachine.com\/de\/wp-json\/wp\/v2\/product_tag?post=295454"},{"taxonomy":"proximite","embeddable":true,"href":"https:\/\/lalmachine.com\/de\/wp-json\/wp\/v2\/proximite?post=295454"}],"curies":[{"name":"wp","href":"https:\/\/api.w.org\/{rel}","templated":true}]}}