{"id":295960,"date":"2023-01-09T08:54:19","date_gmt":"2023-01-09T07:54:19","guid":{"rendered":"https:\/\/lalmachine.com\/?post_type=product&#038;p=295960"},"modified":"2024-12-05T21:59:46","modified_gmt":"2024-12-05T20:59:46","slug":"oiseau-en-bois-3","status":"publish","type":"product","link":"https:\/\/lalmachine.com\/de\/shop\/decorer\/decoration\/oiseau-en-bois-3\/","title":{"rendered":"Oiseau en bois"},"content":{"rendered":"<ul class=\"wpuf_customs\"><li style=\"list-style-type:none;\"><label>Autres photos:<\/label> <a href=\"https:\/\/lalmachine.com\/wp-content\/uploads\/2023\/01\/IMG20230106144653-dfb5eb07-scaled.jpg\"><img loading=\"lazy\" decoding=\"async\" width=\"72\" height=\"96\" src=\"https:\/\/lalmachine.com\/wp-content\/uploads\/2023\/01\/IMG20230106144653-dfb5eb07-scaled.jpg\" class=\"attachment-thumbnail size-thumbnail\" alt=\"\" \/><\/a> <a href=\"https:\/\/lalmachine.com\/wp-content\/uploads\/2023\/01\/IMG20230106144646-11fbf52c-scaled.jpg\"><img loading=\"lazy\" decoding=\"async\" width=\"72\" height=\"96\" src=\"https:\/\/lalmachine.com\/wp-content\/uploads\/2023\/01\/IMG20230106144646-11fbf52c-scaled.jpg\" class=\"attachment-thumbnail size-thumbnail\" alt=\"\" \/><\/a> <a href=\"https:\/\/lalmachine.com\/wp-content\/uploads\/2023\/01\/IMG20230106144638-4f5b0aee-scaled.jpg\"><img loading=\"lazy\" decoding=\"async\" width=\"72\" height=\"96\" src=\"https:\/\/lalmachine.com\/wp-content\/uploads\/2023\/01\/IMG20230106144638-4f5b0aee-scaled.jpg\" class=\"attachment-thumbnail size-thumbnail\" alt=\"\" \/><\/a> <a href=\"https:\/\/lalmachine.com\/wp-content\/uploads\/2023\/01\/IMG20230106144623-2fb13be1-scaled.jpg\"><img loading=\"lazy\" decoding=\"async\" width=\"72\" height=\"96\" src=\"https:\/\/lalmachine.com\/wp-content\/uploads\/2023\/01\/IMG20230106144623-2fb13be1-scaled.jpg\" class=\"attachment-thumbnail size-thumbnail\" alt=\"\" \/><\/a> <a href=\"https:\/\/lalmachine.com\/wp-content\/uploads\/2023\/01\/IMG20230106144614-e782a0dd-scaled.jpg\"><img loading=\"lazy\" decoding=\"async\" width=\"72\" height=\"96\" src=\"https:\/\/lalmachine.com\/wp-content\/uploads\/2023\/01\/IMG20230106144614-e782a0dd-scaled.jpg\" class=\"attachment-thumbnail size-thumbnail\" alt=\"\" \/><\/a> <a href=\"https:\/\/lalmachine.com\/wp-content\/uploads\/2023\/01\/IMG20230106144607-b464d413-scaled.jpg\"><img loading=\"lazy\" decoding=\"async\" width=\"72\" height=\"96\" src=\"https:\/\/lalmachine.com\/wp-content\/uploads\/2023\/01\/IMG20230106144607-b464d413-scaled.jpg\" class=\"attachment-thumbnail size-thumbnail\" alt=\"\" \/><\/a> <a href=\"https:\/\/lalmachine.com\/wp-content\/uploads\/2023\/01\/IMG20230106144603-6bc5455b-scaled.jpg\"><img loading=\"lazy\" decoding=\"async\" width=\"72\" height=\"96\" src=\"https:\/\/lalmachine.com\/wp-content\/uploads\/2023\/01\/IMG20230106144603-6bc5455b-scaled.jpg\" class=\"attachment-thumbnail size-thumbnail\" alt=\"\" \/><\/a> <a href=\"https:\/\/lalmachine.com\/wp-content\/uploads\/2023\/01\/IMG20230106144558-d190354c-scaled.jpg\"><img loading=\"lazy\" decoding=\"async\" width=\"72\" height=\"96\" src=\"https:\/\/lalmachine.com\/wp-content\/uploads\/2023\/01\/IMG20230106144558-d190354c-scaled.jpg\" class=\"attachment-thumbnail size-thumbnail\" alt=\"\" \/><\/a> <a href=\"https:\/\/lalmachine.com\/wp-content\/uploads\/2023\/01\/IMG20230106144552-6843afb1-scaled.jpg\"><img loading=\"lazy\" decoding=\"async\" width=\"72\" height=\"96\" src=\"https:\/\/lalmachine.com\/wp-content\/uploads\/2023\/01\/IMG20230106144552-6843afb1-scaled.jpg\" class=\"attachment-thumbnail size-thumbnail\" alt=\"\" \/><\/a> <a href=\"https:\/\/lalmachine.com\/wp-content\/uploads\/2023\/01\/IMG20230106144546-2dc5a786-scaled.jpg\"><img loading=\"lazy\" decoding=\"async\" width=\"72\" height=\"96\" src=\"https:\/\/lalmachine.com\/wp-content\/uploads\/2023\/01\/IMG20230106144546-2dc5a786-scaled.jpg\" class=\"attachment-thumbnail size-thumbnail\" alt=\"\" \/><\/a> <a href=\"https:\/\/lalmachine.com\/wp-content\/uploads\/2023\/01\/IMG20230106144540-188825c9-scaled.jpg\"><img loading=\"lazy\" decoding=\"async\" width=\"72\" height=\"96\" src=\"https:\/\/lalmachine.com\/wp-content\/uploads\/2023\/01\/IMG20230106144540-188825c9-scaled.jpg\" class=\"attachment-thumbnail size-thumbnail\" alt=\"\" \/><\/a> <a href=\"https:\/\/lalmachine.com\/wp-content\/uploads\/2023\/01\/IMG20230106144536-be07628c-scaled.jpg\"><img loading=\"lazy\" decoding=\"async\" width=\"72\" height=\"96\" src=\"https:\/\/lalmachine.com\/wp-content\/uploads\/2023\/01\/IMG20230106144536-be07628c-scaled.jpg\" class=\"attachment-thumbnail size-thumbnail\" alt=\"\" \/><\/a> <\/li>        <li class=\"wpuf-field-data wpuf-field-data-numeric_text_field\">\n                            <label>Prix:<\/label>\n                        20        <\/li>\n                <li class=\"wpuf-field-data wpuf-field-data-numeric_text_field\">\n                            <label>Hauteur (cm):<\/label>\n                        30        <\/li>\n                <li class=\"wpuf-field-data wpuf-field-data-numeric_text_field\">\n                            <label>Largeur (cm):<\/label>\n                        7        <\/li>\n                <li class=\"wpuf-field-data wpuf-field-data-numeric_text_field\">\n                            <label>Profondeur (cm):<\/label>\n                        5        <\/li>\n        <\/ul>","protected":false},"excerpt":{"rendered":"<p>Statuette en bois repr\u00e9sentant un oiseau. De tr\u00e8s belle facture, le cou de l&rsquo;oiseau \u00e0 \u00e9t\u00e9 recoll\u00e9 par son ancien propri\u00e9taire \u00e0 un endroit. La r\u00e9paration est visible (voir photos) mais l&rsquo;objet est stable et tr\u00e8s beau.<\/p>","protected":false},"featured_media":295961,"template":"","meta":{"_et_pb_use_builder":"","_et_pb_old_content":"","_et_gb_content_width":""},"product_brand":[],"product_cat":[94,50],"product_tag":[],"proximite":[177,235],"class_list":{"0":"post-295960","1":"product","2":"type-product","3":"status-publish","4":"has-post-thumbnail","6":"product_cat-decoration","7":"product_cat-decorer","8":"product_shipping_class-0-2-kg","9":"pa_couleur-bois","10":"pa_etat-dans-son-jus","11":"pa_materiau-bois","12":"pa_style-vintage","13":"proximite-fribourg","14":"proximite-sarine","16":"first","17":"outofstock","18":"shipping-taxable","19":"purchasable","20":"product-type-simple"},"yoast_head":"<!-- This site is optimized with the Yoast SEO plugin v27.3 - https:\/\/yoast.com\/product\/yoast-seo-wordpress\/ -->\n<title>Oiseau en bois | lalmachine.com, mobilier et objets d\u00e9co vintage et design<\/title>\n<meta name=\"description\" content=\"Statuette en bois repr\u00e9sentant un oiseau. De tr\u00e8s belle facture, le cou de l&#039;oiseau \u00e0 \u00e9t\u00e9 recoll\u00e9 par son ancien propri\u00e9taire \u00e0 un endroit.\" \/>\n<meta name=\"robots\" content=\"index, follow, max-snippet:-1, max-image-preview:large, max-video-preview:-1\" \/>\n<link rel=\"canonical\" href=\"https:\/\/lalmachine.com\/de\/shop\/decorer\/decoration\/oiseau-en-bois-3\/\" \/>\n<meta property=\"og:locale\" content=\"de_DE\" \/>\n<meta property=\"og:type\" content=\"article\" \/>\n<meta property=\"og:title\" content=\"Oiseau en bois | lalmachine.com, mobilier et objets d\u00e9co vintage et design\" \/>\n<meta property=\"og:description\" content=\"Statuette en bois repr\u00e9sentant un oiseau. De tr\u00e8s belle facture, le cou de l&#039;oiseau \u00e0 \u00e9t\u00e9 recoll\u00e9 par son ancien propri\u00e9taire \u00e0 un endroit.\" \/>\n<meta property=\"og:url\" content=\"https:\/\/lalmachine.com\/de\/shop\/decorer\/decoration\/oiseau-en-bois-3\/\" \/>\n<meta property=\"og:site_name\" content=\"lalmachine.com\" \/>\n<meta property=\"article:publisher\" content=\"https:\/\/facebook.com\/lalmachine\" \/>\n<meta property=\"article:modified_time\" content=\"2024-12-05T20:59:46+00:00\" \/>\n<meta property=\"og:image\" content=\"https:\/\/lalmachine.com\/wp-content\/uploads\/2023\/01\/IMG20230106144528-69158aa9-scaled_clipped_rev_1.jpeg\" \/>\n\t<meta property=\"og:image:width\" content=\"2386\" \/>\n\t<meta property=\"og:image:height\" content=\"2387\" \/>\n\t<meta property=\"og:image:type\" content=\"image\/jpeg\" \/>\n<meta name=\"twitter:card\" content=\"summary_large_image\" \/>\n<script type=\"application\/ld+json\" class=\"yoast-schema-graph\">{\"@context\":\"https:\\\/\\\/schema.org\",\"@graph\":[{\"@type\":\"WebPage\",\"@id\":\"https:\\\/\\\/lalmachine.com\\\/shop\\\/decorer\\\/decoration\\\/oiseau-en-bois-3\\\/\",\"url\":\"https:\\\/\\\/lalmachine.com\\\/shop\\\/decorer\\\/decoration\\\/oiseau-en-bois-3\\\/\",\"name\":\"Oiseau en bois | lalmachine.com, mobilier et objets d\u00e9co vintage et design\",\"isPartOf\":{\"@id\":\"https:\\\/\\\/lalmachine.com\\\/#website\"},\"primaryImageOfPage\":{\"@id\":\"https:\\\/\\\/lalmachine.com\\\/shop\\\/decorer\\\/decoration\\\/oiseau-en-bois-3\\\/#primaryimage\"},\"image\":{\"@id\":\"https:\\\/\\\/lalmachine.com\\\/shop\\\/decorer\\\/decoration\\\/oiseau-en-bois-3\\\/#primaryimage\"},\"thumbnailUrl\":\"https:\\\/\\\/lalmachine.com\\\/wp-content\\\/uploads\\\/2023\\\/01\\\/IMG20230106144528-69158aa9-scaled_clipped_rev_1.jpeg\",\"datePublished\":\"2023-01-09T07:54:19+00:00\",\"dateModified\":\"2024-12-05T20:59:46+00:00\",\"description\":\"Statuette en bois repr\u00e9sentant un oiseau. De tr\u00e8s belle facture, le cou de l'oiseau \u00e0 \u00e9t\u00e9 recoll\u00e9 par son ancien propri\u00e9taire \u00e0 un endroit.\",\"breadcrumb\":{\"@id\":\"https:\\\/\\\/lalmachine.com\\\/shop\\\/decorer\\\/decoration\\\/oiseau-en-bois-3\\\/#breadcrumb\"},\"inLanguage\":\"de\",\"potentialAction\":[{\"@type\":\"ReadAction\",\"target\":[\"https:\\\/\\\/lalmachine.com\\\/shop\\\/decorer\\\/decoration\\\/oiseau-en-bois-3\\\/\"]}]},{\"@type\":\"ImageObject\",\"inLanguage\":\"de\",\"@id\":\"https:\\\/\\\/lalmachine.com\\\/shop\\\/decorer\\\/decoration\\\/oiseau-en-bois-3\\\/#primaryimage\",\"url\":\"https:\\\/\\\/lalmachine.com\\\/wp-content\\\/uploads\\\/2023\\\/01\\\/IMG20230106144528-69158aa9-scaled_clipped_rev_1.jpeg\",\"contentUrl\":\"https:\\\/\\\/lalmachine.com\\\/wp-content\\\/uploads\\\/2023\\\/01\\\/IMG20230106144528-69158aa9-scaled_clipped_rev_1.jpeg\",\"width\":2386,\"height\":2387,\"caption\":\"Oiseau en bois\"},{\"@type\":\"BreadcrumbList\",\"@id\":\"https:\\\/\\\/lalmachine.com\\\/shop\\\/decorer\\\/decoration\\\/oiseau-en-bois-3\\\/#breadcrumb\",\"itemListElement\":[{\"@type\":\"ListItem\",\"position\":1,\"name\":\"Accueil\",\"item\":\"https:\\\/\\\/lalmachine.com\\\/\"},{\"@type\":\"ListItem\",\"position\":2,\"name\":\"Shop\",\"item\":\"https:\\\/\\\/lalmachine.com\\\/shop\\\/\"},{\"@type\":\"ListItem\",\"position\":3,\"name\":\"Oiseau en bois\"}]},{\"@type\":\"WebSite\",\"@id\":\"https:\\\/\\\/lalmachine.com\\\/#website\",\"url\":\"https:\\\/\\\/lalmachine.com\\\/\",\"name\":\"lalmachine.com\",\"description\":\"Brocante en ligne Suisse | Mobilier et objets d\u00e9co vintage et design\",\"potentialAction\":[{\"@type\":\"SearchAction\",\"target\":{\"@type\":\"EntryPoint\",\"urlTemplate\":\"https:\\\/\\\/lalmachine.com\\\/?s={search_term_string}\"},\"query-input\":{\"@type\":\"PropertyValueSpecification\",\"valueRequired\":true,\"valueName\":\"search_term_string\"}}],\"inLanguage\":\"de\"}]}<\/script>\n<!-- \/ Yoast SEO plugin. -->","yoast_head_json":{"title":"Oiseau en bois | lalmachine.com, mobilier et objets d\u00e9co vintage et design","description":"Statuette en bois repr\u00e9sentant un oiseau. De tr\u00e8s belle facture, le cou de l'oiseau \u00e0 \u00e9t\u00e9 recoll\u00e9 par son ancien propri\u00e9taire \u00e0 un endroit.","robots":{"index":"index","follow":"follow","max-snippet":"max-snippet:-1","max-image-preview":"max-image-preview:large","max-video-preview":"max-video-preview:-1"},"canonical":"https:\/\/lalmachine.com\/de\/shop\/decorer\/decoration\/oiseau-en-bois-3\/","og_locale":"de_DE","og_type":"article","og_title":"Oiseau en bois | lalmachine.com, mobilier et objets d\u00e9co vintage et design","og_description":"Statuette en bois repr\u00e9sentant un oiseau. De tr\u00e8s belle facture, le cou de l'oiseau \u00e0 \u00e9t\u00e9 recoll\u00e9 par son ancien propri\u00e9taire \u00e0 un endroit.","og_url":"https:\/\/lalmachine.com\/de\/shop\/decorer\/decoration\/oiseau-en-bois-3\/","og_site_name":"lalmachine.com","article_publisher":"https:\/\/facebook.com\/lalmachine","article_modified_time":"2024-12-05T20:59:46+00:00","og_image":[{"width":2386,"height":2387,"url":"https:\/\/lalmachine.com\/wp-content\/uploads\/2023\/01\/IMG20230106144528-69158aa9-scaled_clipped_rev_1.jpeg","type":"image\/jpeg"}],"twitter_card":"summary_large_image","schema":{"@context":"https:\/\/schema.org","@graph":[{"@type":"WebPage","@id":"https:\/\/lalmachine.com\/shop\/decorer\/decoration\/oiseau-en-bois-3\/","url":"https:\/\/lalmachine.com\/shop\/decorer\/decoration\/oiseau-en-bois-3\/","name":"Oiseau en bois | lalmachine.com, mobilier et objets d\u00e9co vintage et design","isPartOf":{"@id":"https:\/\/lalmachine.com\/#website"},"primaryImageOfPage":{"@id":"https:\/\/lalmachine.com\/shop\/decorer\/decoration\/oiseau-en-bois-3\/#primaryimage"},"image":{"@id":"https:\/\/lalmachine.com\/shop\/decorer\/decoration\/oiseau-en-bois-3\/#primaryimage"},"thumbnailUrl":"https:\/\/lalmachine.com\/wp-content\/uploads\/2023\/01\/IMG20230106144528-69158aa9-scaled_clipped_rev_1.jpeg","datePublished":"2023-01-09T07:54:19+00:00","dateModified":"2024-12-05T20:59:46+00:00","description":"Statuette en bois repr\u00e9sentant un oiseau. De tr\u00e8s belle facture, le cou de l'oiseau \u00e0 \u00e9t\u00e9 recoll\u00e9 par son ancien propri\u00e9taire \u00e0 un endroit.","breadcrumb":{"@id":"https:\/\/lalmachine.com\/shop\/decorer\/decoration\/oiseau-en-bois-3\/#breadcrumb"},"inLanguage":"de","potentialAction":[{"@type":"ReadAction","target":["https:\/\/lalmachine.com\/shop\/decorer\/decoration\/oiseau-en-bois-3\/"]}]},{"@type":"ImageObject","inLanguage":"de","@id":"https:\/\/lalmachine.com\/shop\/decorer\/decoration\/oiseau-en-bois-3\/#primaryimage","url":"https:\/\/lalmachine.com\/wp-content\/uploads\/2023\/01\/IMG20230106144528-69158aa9-scaled_clipped_rev_1.jpeg","contentUrl":"https:\/\/lalmachine.com\/wp-content\/uploads\/2023\/01\/IMG20230106144528-69158aa9-scaled_clipped_rev_1.jpeg","width":2386,"height":2387,"caption":"Oiseau en bois"},{"@type":"BreadcrumbList","@id":"https:\/\/lalmachine.com\/shop\/decorer\/decoration\/oiseau-en-bois-3\/#breadcrumb","itemListElement":[{"@type":"ListItem","position":1,"name":"Accueil","item":"https:\/\/lalmachine.com\/"},{"@type":"ListItem","position":2,"name":"Shop","item":"https:\/\/lalmachine.com\/shop\/"},{"@type":"ListItem","position":3,"name":"Oiseau en bois"}]},{"@type":"WebSite","@id":"https:\/\/lalmachine.com\/#website","url":"https:\/\/lalmachine.com\/","name":"lalmachine.com","description":"Brocante en ligne Suisse | Mobilier et objets d\u00e9co vintage et design","potentialAction":[{"@type":"SearchAction","target":{"@type":"EntryPoint","urlTemplate":"https:\/\/lalmachine.com\/?s={search_term_string}"},"query-input":{"@type":"PropertyValueSpecification","valueRequired":true,"valueName":"search_term_string"}}],"inLanguage":"de"}]}},"_links":{"self":[{"href":"https:\/\/lalmachine.com\/de\/wp-json\/wp\/v2\/product\/295960","targetHints":{"allow":["GET"]}}],"collection":[{"href":"https:\/\/lalmachine.com\/de\/wp-json\/wp\/v2\/product"}],"about":[{"href":"https:\/\/lalmachine.com\/de\/wp-json\/wp\/v2\/types\/product"}],"wp:featuredmedia":[{"embeddable":true,"href":"https:\/\/lalmachine.com\/de\/wp-json\/wp\/v2\/media\/295961"}],"wp:attachment":[{"href":"https:\/\/lalmachine.com\/de\/wp-json\/wp\/v2\/media?parent=295960"}],"wp:term":[{"taxonomy":"product_brand","embeddable":true,"href":"https:\/\/lalmachine.com\/de\/wp-json\/wp\/v2\/product_brand?post=295960"},{"taxonomy":"product_cat","embeddable":true,"href":"https:\/\/lalmachine.com\/de\/wp-json\/wp\/v2\/product_cat?post=295960"},{"taxonomy":"product_tag","embeddable":true,"href":"https:\/\/lalmachine.com\/de\/wp-json\/wp\/v2\/product_tag?post=295960"},{"taxonomy":"proximite","embeddable":true,"href":"https:\/\/lalmachine.com\/de\/wp-json\/wp\/v2\/proximite?post=295960"}],"curies":[{"name":"wp","href":"https:\/\/api.w.org\/{rel}","templated":true}]}}