{"id":296111,"date":"2023-01-11T08:45:26","date_gmt":"2023-01-11T07:45:26","guid":{"rendered":"https:\/\/lalmachine.com\/?post_type=product&#038;p=296111"},"modified":"2024-12-05T21:59:47","modified_gmt":"2024-12-05T20:59:47","slug":"andy-warhol-diamond-dust-shoes","status":"publish","type":"product","link":"https:\/\/lalmachine.com\/de\/shop\/decorer\/art-and-co\/andy-warhol-diamond-dust-shoes\/","title":{"rendered":"Andy Warhol &#8211; Diamond Dust Shoes"},"content":{"rendered":"<ul class=\"wpuf_customs\"><li style=\"list-style-type:none;\"><label>Autres photos:<\/label> <a href=\"https:\/\/lalmachine.com\/wp-content\/uploads\/2023\/01\/warhol-diamond-shoes-estampe-la-boutique-du-mail-geneve.jpg\"><img loading=\"lazy\" decoding=\"async\" width=\"64\" height=\"96\" src=\"https:\/\/lalmachine.com\/wp-content\/uploads\/2023\/01\/warhol-diamond-shoes-estampe-la-boutique-du-mail-geneve.jpg\" class=\"attachment-thumbnail size-thumbnail\" alt=\"\" \/><\/a> <a href=\"https:\/\/lalmachine.com\/wp-content\/uploads\/2023\/01\/estampe-vintage-la-boutique-du-mail-geneve.jpg\"><img loading=\"lazy\" decoding=\"async\" width=\"72\" height=\"96\" src=\"https:\/\/lalmachine.com\/wp-content\/uploads\/2023\/01\/estampe-vintage-la-boutique-du-mail-geneve.jpg\" class=\"attachment-thumbnail size-thumbnail\" alt=\"\" \/><\/a> <a href=\"https:\/\/lalmachine.com\/wp-content\/uploads\/2023\/01\/la-boutique-de-mail-geneve-estampe-pop-art.jpg\"><img loading=\"lazy\" decoding=\"async\" width=\"72\" height=\"96\" src=\"https:\/\/lalmachine.com\/wp-content\/uploads\/2023\/01\/la-boutique-de-mail-geneve-estampe-pop-art.jpg\" class=\"attachment-thumbnail size-thumbnail\" alt=\"\" \/><\/a> <a href=\"https:\/\/lalmachine.com\/wp-content\/uploads\/2023\/01\/estampe-andy-warhol-estampe-shoes.jpg\"><img loading=\"lazy\" decoding=\"async\" width=\"96\" height=\"96\" src=\"https:\/\/lalmachine.com\/wp-content\/uploads\/2023\/01\/estampe-andy-warhol-estampe-shoes.jpg\" class=\"attachment-thumbnail size-thumbnail\" alt=\"\" \/><\/a> <a href=\"https:\/\/lalmachine.com\/wp-content\/uploads\/2023\/01\/la-boutique-de-mail-warhol-estampe-shoes.jpg\"><img loading=\"lazy\" decoding=\"async\" width=\"96\" height=\"96\" src=\"https:\/\/lalmachine.com\/wp-content\/uploads\/2023\/01\/la-boutique-de-mail-warhol-estampe-shoes.jpg\" class=\"attachment-thumbnail size-thumbnail\" alt=\"\" \/><\/a> <a href=\"https:\/\/lalmachine.com\/wp-content\/uploads\/2023\/01\/la-boutique-du-mail-andy-warhol-shoes.jpg\"><img loading=\"lazy\" decoding=\"async\" width=\"96\" height=\"96\" src=\"https:\/\/lalmachine.com\/wp-content\/uploads\/2023\/01\/la-boutique-du-mail-andy-warhol-shoes.jpg\" class=\"attachment-thumbnail size-thumbnail\" alt=\"\" \/><\/a> <\/li>        <li class=\"wpuf-field-data wpuf-field-data-numeric_text_field\">\n                            <label>Prix:<\/label>\n                        150        <\/li>\n                <li class=\"wpuf-field-data wpuf-field-data-numeric_text_field\">\n                            <label>Hauteur (cm):<\/label>\n                        56        <\/li>\n                <li class=\"wpuf-field-data wpuf-field-data-numeric_text_field\">\n                            <label>Largeur (cm):<\/label>\n                        38        <\/li>\n        <\/ul>","protected":false},"excerpt":{"rendered":"<p>Andy Warhol (1928-1987)<br \/>\nDiamond Dust Shoes (Random)<\/p>\n<p>Reproduction d&rsquo;une lithographie en impression offset<br \/>\nSur papier Arches (France)<br \/>\nMultiple 31\/100<\/p>\n<p>Edition: Georges Israel Editeur<\/p>\n<p>Certificats d\u00e9livr\u00e9s par<br \/>\nLeo Castelli \/ Art Gallery New York \/ Tree of Life<\/p>\n<p>Andy Warhol d\u00e9bute sa carri\u00e8re comme dessinateur publicitaire pour plusieurs magazines, dont \u00ab\u00a0Glamour\u00a0\u00bb, \u00ab\u00a0Vogue\u00a0\u00bb et \u00ab\u00a0Harper\u2019s Bazaar\u00a0\u00bb, qui lui commandent notamment des dessins pour la firme de chaussures I. Miller. Tout au long des ann\u00e9es 50, Warhol conna\u00eet un grand succ\u00e8s comme \u00abartiste commercial\u00bb. C\u2019est en 1952 qu&rsquo;il r\u00e9alise sa premi\u00e8re exposition individuelle. Les ann\u00e9es 60 marque une p\u00e9riode extr\u00eamement prolifique, s&rsquo;appropriant des images de la culture populaire, Andy Warhol cr\u00e9\u00e9 de nombreuses peintures qui restent des ic\u00f4nes de l&rsquo;art du XXe si\u00e8cle, telles que \u00ab\u00a0Campbell&rsquo;s Soup Cans\u00a0\u00bb, \u00ab\u00a0Disasters\u00a0\u00bb et \u00ab\u00a0Marilyns\u00a0\u00bb.<\/p>","protected":false},"featured_media":296142,"template":"","meta":{"_et_pb_use_builder":"","_et_pb_old_content":"","_et_gb_content_width":""},"product_brand":[],"product_cat":[365,50],"product_tag":[],"proximite":[180],"class_list":{"0":"post-296111","1":"product","2":"type-product","3":"status-publish","4":"has-post-thumbnail","6":"product_cat-art-and-co","7":"product_cat-decorer","8":"product_shipping_class-0-2-kg","9":"pa_couleur-multicolore","10":"pa_etat-tres-bon-etat","11":"pa_materiau-papier-carton","12":"pa_style-art-contemporain","13":"proximite-geneve","15":"first","16":"outofstock","17":"shipping-taxable","18":"purchasable","19":"product-type-simple"},"yoast_head":"<!-- This site is optimized with the Yoast SEO plugin v27.4 - https:\/\/yoast.com\/product\/yoast-seo-wordpress\/ -->\n<title>Andy Warhol - Diamond Dust Shoes | lalmachine.com, mobilier et objets d\u00e9co vintage et design<\/title>\n<meta name=\"description\" content=\"Andy Warhol (1928-1987). Diamond Dust Shoes (Random). Reproduction d&#039;une lithographie en impression offset sur papier Arches (France)\" \/>\n<meta name=\"robots\" content=\"index, follow, max-snippet:-1, max-image-preview:large, max-video-preview:-1\" \/>\n<link rel=\"canonical\" href=\"https:\/\/lalmachine.com\/de\/shop\/decorer\/art-and-co\/andy-warhol-diamond-dust-shoes\/\" \/>\n<meta property=\"og:locale\" content=\"de_DE\" \/>\n<meta property=\"og:type\" content=\"article\" \/>\n<meta property=\"og:title\" content=\"Andy Warhol - Diamond Dust Shoes | lalmachine.com, mobilier et objets d\u00e9co vintage et design\" \/>\n<meta property=\"og:description\" content=\"Andy Warhol (1928-1987). Diamond Dust Shoes (Random). Reproduction d&#039;une lithographie en impression offset sur papier Arches (France)\" \/>\n<meta property=\"og:url\" content=\"https:\/\/lalmachine.com\/de\/shop\/decorer\/art-and-co\/andy-warhol-diamond-dust-shoes\/\" \/>\n<meta property=\"og:site_name\" content=\"lalmachine.com\" \/>\n<meta property=\"article:publisher\" content=\"https:\/\/facebook.com\/lalmachine\" \/>\n<meta property=\"article:modified_time\" content=\"2024-12-05T20:59:47+00:00\" \/>\n<meta property=\"og:image\" content=\"https:\/\/lalmachine.com\/wp-content\/uploads\/2023\/01\/Pasted-20230111-083811_clipped_rev_1.jpeg\" \/>\n\t<meta property=\"og:image:width\" content=\"1947\" \/>\n\t<meta property=\"og:image:height\" content=\"1948\" \/>\n\t<meta property=\"og:image:type\" content=\"image\/jpeg\" \/>\n<meta name=\"twitter:card\" content=\"summary_large_image\" \/>\n<script type=\"application\/ld+json\" class=\"yoast-schema-graph\">{\"@context\":\"https:\\\/\\\/schema.org\",\"@graph\":[{\"@type\":\"WebPage\",\"@id\":\"https:\\\/\\\/lalmachine.com\\\/de\\\/shop\\\/decorer\\\/art-and-co\\\/andy-warhol-diamond-dust-shoes\\\/\",\"url\":\"https:\\\/\\\/lalmachine.com\\\/de\\\/shop\\\/decorer\\\/art-and-co\\\/andy-warhol-diamond-dust-shoes\\\/\",\"name\":\"Andy Warhol - Diamond Dust Shoes | lalmachine.com, mobilier et objets d\u00e9co vintage et design\",\"isPartOf\":{\"@id\":\"https:\\\/\\\/lalmachine.com\\\/#website\"},\"primaryImageOfPage\":{\"@id\":\"https:\\\/\\\/lalmachine.com\\\/de\\\/shop\\\/decorer\\\/art-and-co\\\/andy-warhol-diamond-dust-shoes\\\/#primaryimage\"},\"image\":{\"@id\":\"https:\\\/\\\/lalmachine.com\\\/de\\\/shop\\\/decorer\\\/art-and-co\\\/andy-warhol-diamond-dust-shoes\\\/#primaryimage\"},\"thumbnailUrl\":\"https:\\\/\\\/lalmachine.com\\\/wp-content\\\/uploads\\\/2023\\\/01\\\/Pasted-20230111-083811_clipped_rev_1.jpeg\",\"datePublished\":\"2023-01-11T07:45:26+00:00\",\"dateModified\":\"2024-12-05T20:59:47+00:00\",\"description\":\"Andy Warhol (1928-1987). Diamond Dust Shoes (Random). Reproduction d'une lithographie en impression offset sur papier Arches (France)\",\"breadcrumb\":{\"@id\":\"https:\\\/\\\/lalmachine.com\\\/de\\\/shop\\\/decorer\\\/art-and-co\\\/andy-warhol-diamond-dust-shoes\\\/#breadcrumb\"},\"inLanguage\":\"de\",\"potentialAction\":[{\"@type\":\"ReadAction\",\"target\":[\"https:\\\/\\\/lalmachine.com\\\/de\\\/shop\\\/decorer\\\/art-and-co\\\/andy-warhol-diamond-dust-shoes\\\/\"]}]},{\"@type\":\"ImageObject\",\"inLanguage\":\"de\",\"@id\":\"https:\\\/\\\/lalmachine.com\\\/de\\\/shop\\\/decorer\\\/art-and-co\\\/andy-warhol-diamond-dust-shoes\\\/#primaryimage\",\"url\":\"https:\\\/\\\/lalmachine.com\\\/wp-content\\\/uploads\\\/2023\\\/01\\\/Pasted-20230111-083811_clipped_rev_1.jpeg\",\"contentUrl\":\"https:\\\/\\\/lalmachine.com\\\/wp-content\\\/uploads\\\/2023\\\/01\\\/Pasted-20230111-083811_clipped_rev_1.jpeg\",\"width\":1947,\"height\":1948,\"caption\":\"Andy Warhol - Diamond Dust Shoes\"},{\"@type\":\"BreadcrumbList\",\"@id\":\"https:\\\/\\\/lalmachine.com\\\/de\\\/shop\\\/decorer\\\/art-and-co\\\/andy-warhol-diamond-dust-shoes\\\/#breadcrumb\",\"itemListElement\":[{\"@type\":\"ListItem\",\"position\":1,\"name\":\"Accueil\",\"item\":\"https:\\\/\\\/lalmachine.com\\\/\"},{\"@type\":\"ListItem\",\"position\":2,\"name\":\"Shop\",\"item\":\"https:\\\/\\\/lalmachine.com\\\/shop\\\/\"},{\"@type\":\"ListItem\",\"position\":3,\"name\":\"Andy Warhol &#8211; Diamond Dust Shoes\"}]},{\"@type\":\"WebSite\",\"@id\":\"https:\\\/\\\/lalmachine.com\\\/#website\",\"url\":\"https:\\\/\\\/lalmachine.com\\\/\",\"name\":\"lalmachine.com\",\"description\":\"Brocante en ligne Suisse | Mobilier et objets d\u00e9co vintage et design\",\"potentialAction\":[{\"@type\":\"SearchAction\",\"target\":{\"@type\":\"EntryPoint\",\"urlTemplate\":\"https:\\\/\\\/lalmachine.com\\\/?s={search_term_string}\"},\"query-input\":{\"@type\":\"PropertyValueSpecification\",\"valueRequired\":true,\"valueName\":\"search_term_string\"}}],\"inLanguage\":\"de\"}]}<\/script>\n<!-- \/ Yoast SEO plugin. -->","yoast_head_json":{"title":"Andy Warhol - Diamond Dust Shoes | lalmachine.com, mobilier et objets d\u00e9co vintage et design","description":"Andy Warhol (1928-1987). Diamond Dust Shoes (Random). Reproduction d'une lithographie en impression offset sur papier Arches (France)","robots":{"index":"index","follow":"follow","max-snippet":"max-snippet:-1","max-image-preview":"max-image-preview:large","max-video-preview":"max-video-preview:-1"},"canonical":"https:\/\/lalmachine.com\/de\/shop\/decorer\/art-and-co\/andy-warhol-diamond-dust-shoes\/","og_locale":"de_DE","og_type":"article","og_title":"Andy Warhol - Diamond Dust Shoes | lalmachine.com, mobilier et objets d\u00e9co vintage et design","og_description":"Andy Warhol (1928-1987). Diamond Dust Shoes (Random). Reproduction d'une lithographie en impression offset sur papier Arches (France)","og_url":"https:\/\/lalmachine.com\/de\/shop\/decorer\/art-and-co\/andy-warhol-diamond-dust-shoes\/","og_site_name":"lalmachine.com","article_publisher":"https:\/\/facebook.com\/lalmachine","article_modified_time":"2024-12-05T20:59:47+00:00","og_image":[{"width":1947,"height":1948,"url":"https:\/\/lalmachine.com\/wp-content\/uploads\/2023\/01\/Pasted-20230111-083811_clipped_rev_1.jpeg","type":"image\/jpeg"}],"twitter_card":"summary_large_image","schema":{"@context":"https:\/\/schema.org","@graph":[{"@type":"WebPage","@id":"https:\/\/lalmachine.com\/de\/shop\/decorer\/art-and-co\/andy-warhol-diamond-dust-shoes\/","url":"https:\/\/lalmachine.com\/de\/shop\/decorer\/art-and-co\/andy-warhol-diamond-dust-shoes\/","name":"Andy Warhol - Diamond Dust Shoes | lalmachine.com, mobilier et objets d\u00e9co vintage et design","isPartOf":{"@id":"https:\/\/lalmachine.com\/#website"},"primaryImageOfPage":{"@id":"https:\/\/lalmachine.com\/de\/shop\/decorer\/art-and-co\/andy-warhol-diamond-dust-shoes\/#primaryimage"},"image":{"@id":"https:\/\/lalmachine.com\/de\/shop\/decorer\/art-and-co\/andy-warhol-diamond-dust-shoes\/#primaryimage"},"thumbnailUrl":"https:\/\/lalmachine.com\/wp-content\/uploads\/2023\/01\/Pasted-20230111-083811_clipped_rev_1.jpeg","datePublished":"2023-01-11T07:45:26+00:00","dateModified":"2024-12-05T20:59:47+00:00","description":"Andy Warhol (1928-1987). Diamond Dust Shoes (Random). Reproduction d'une lithographie en impression offset sur papier Arches (France)","breadcrumb":{"@id":"https:\/\/lalmachine.com\/de\/shop\/decorer\/art-and-co\/andy-warhol-diamond-dust-shoes\/#breadcrumb"},"inLanguage":"de","potentialAction":[{"@type":"ReadAction","target":["https:\/\/lalmachine.com\/de\/shop\/decorer\/art-and-co\/andy-warhol-diamond-dust-shoes\/"]}]},{"@type":"ImageObject","inLanguage":"de","@id":"https:\/\/lalmachine.com\/de\/shop\/decorer\/art-and-co\/andy-warhol-diamond-dust-shoes\/#primaryimage","url":"https:\/\/lalmachine.com\/wp-content\/uploads\/2023\/01\/Pasted-20230111-083811_clipped_rev_1.jpeg","contentUrl":"https:\/\/lalmachine.com\/wp-content\/uploads\/2023\/01\/Pasted-20230111-083811_clipped_rev_1.jpeg","width":1947,"height":1948,"caption":"Andy Warhol - Diamond Dust Shoes"},{"@type":"BreadcrumbList","@id":"https:\/\/lalmachine.com\/de\/shop\/decorer\/art-and-co\/andy-warhol-diamond-dust-shoes\/#breadcrumb","itemListElement":[{"@type":"ListItem","position":1,"name":"Accueil","item":"https:\/\/lalmachine.com\/"},{"@type":"ListItem","position":2,"name":"Shop","item":"https:\/\/lalmachine.com\/shop\/"},{"@type":"ListItem","position":3,"name":"Andy Warhol &#8211; Diamond Dust Shoes"}]},{"@type":"WebSite","@id":"https:\/\/lalmachine.com\/#website","url":"https:\/\/lalmachine.com\/","name":"lalmachine.com","description":"Brocante en ligne Suisse | Mobilier et objets d\u00e9co vintage et design","potentialAction":[{"@type":"SearchAction","target":{"@type":"EntryPoint","urlTemplate":"https:\/\/lalmachine.com\/?s={search_term_string}"},"query-input":{"@type":"PropertyValueSpecification","valueRequired":true,"valueName":"search_term_string"}}],"inLanguage":"de"}]}},"_links":{"self":[{"href":"https:\/\/lalmachine.com\/de\/wp-json\/wp\/v2\/product\/296111","targetHints":{"allow":["GET"]}}],"collection":[{"href":"https:\/\/lalmachine.com\/de\/wp-json\/wp\/v2\/product"}],"about":[{"href":"https:\/\/lalmachine.com\/de\/wp-json\/wp\/v2\/types\/product"}],"wp:featuredmedia":[{"embeddable":true,"href":"https:\/\/lalmachine.com\/de\/wp-json\/wp\/v2\/media\/296142"}],"wp:attachment":[{"href":"https:\/\/lalmachine.com\/de\/wp-json\/wp\/v2\/media?parent=296111"}],"wp:term":[{"taxonomy":"product_brand","embeddable":true,"href":"https:\/\/lalmachine.com\/de\/wp-json\/wp\/v2\/product_brand?post=296111"},{"taxonomy":"product_cat","embeddable":true,"href":"https:\/\/lalmachine.com\/de\/wp-json\/wp\/v2\/product_cat?post=296111"},{"taxonomy":"product_tag","embeddable":true,"href":"https:\/\/lalmachine.com\/de\/wp-json\/wp\/v2\/product_tag?post=296111"},{"taxonomy":"proximite","embeddable":true,"href":"https:\/\/lalmachine.com\/de\/wp-json\/wp\/v2\/proximite?post=296111"}],"curies":[{"name":"wp","href":"https:\/\/api.w.org\/{rel}","templated":true}]}}