{"id":296149,"date":"2023-01-12T08:39:50","date_gmt":"2023-01-12T07:39:50","guid":{"rendered":"https:\/\/lalmachine.com\/?post_type=product&#038;p=296149"},"modified":"2024-12-05T21:59:47","modified_gmt":"2024-12-05T20:59:47","slug":"serigraphie-composition-abstraite","status":"publish","type":"product","link":"https:\/\/lalmachine.com\/de\/shop\/decorer\/art-and-co\/serigraphie-composition-abstraite\/","title":{"rendered":"S\u00e9rigraphie \u00ab\u00a0Composition abstraite\u00a0\u00bb de Claude Loewer"},"content":{"rendered":"<ul class=\"wpuf_customs\"><li style=\"list-style-type:none;\"><label>Autres photos:<\/label> <a href=\"https:\/\/lalmachine.com\/wp-content\/uploads\/2023\/01\/serigraphie-abstraction-art-la-boutique-du-mail-geneve.jpg\"><img loading=\"lazy\" decoding=\"async\" width=\"96\" height=\"96\" src=\"https:\/\/lalmachine.com\/wp-content\/uploads\/2023\/01\/serigraphie-abstraction-art-la-boutique-du-mail-geneve.jpg\" class=\"attachment-thumbnail size-thumbnail\" alt=\"\" \/><\/a> <a href=\"https:\/\/lalmachine.com\/wp-content\/uploads\/2023\/01\/serigraphie-estampe-la-boutique-de-mail-geneve.jpg\"><img loading=\"lazy\" decoding=\"async\" width=\"128\" height=\"96\" src=\"https:\/\/lalmachine.com\/wp-content\/uploads\/2023\/01\/serigraphie-estampe-la-boutique-de-mail-geneve.jpg\" class=\"attachment-thumbnail size-thumbnail\" alt=\"\" \/><\/a> <a href=\"https:\/\/lalmachine.com\/wp-content\/uploads\/2023\/01\/abstraction-estampe-la-boutique-de-mail-geneve.jpg\"><img loading=\"lazy\" decoding=\"async\" width=\"128\" height=\"96\" src=\"https:\/\/lalmachine.com\/wp-content\/uploads\/2023\/01\/abstraction-estampe-la-boutique-de-mail-geneve.jpg\" class=\"attachment-thumbnail size-thumbnail\" alt=\"\" \/><\/a> <\/li>        <li class=\"wpuf-field-data wpuf-field-data-numeric_text_field\">\n                            <label>Prix:<\/label>\n                        250        <\/li>\n                <li class=\"wpuf-field-data wpuf-field-data-numeric_text_field\">\n                            <label>Hauteur (cm):<\/label>\n                        50        <\/li>\n                <li class=\"wpuf-field-data wpuf-field-data-numeric_text_field\">\n                            <label>Largeur (cm):<\/label>\n                        61        <\/li>\n        <\/ul>","protected":false},"excerpt":{"rendered":"<p>S\u00e9rigraphie sign\u00e9e Claude Loewer, imprim\u00e9e sur papier Bristol.<br \/>\nNum\u00e9rot\u00e9e 60\/250.<br \/>\nNon encadr\u00e9e.<\/p>\n<p style=\"margin: 0cm;font-size: medium;font-family: 'Times New Roman', serif;color: #000000\"><span style=\"font-family: Calibri, sans-serif;letter-spacing: 0.1pt\">Claude Loewer (1917-2006)<\/span><\/p>\n<p style=\"margin: 0cm;font-size: medium;font-family: 'Times New Roman', serif;color: #000000\"><span style=\"font-family: Roboto;color: #141414\">Claude Loewer explore plusieurs m\u00e9diums\u00a0dont la peinture, la c\u00e9ramique, le dessin puis le collage. L\u2019artiste tient \u00e0 explorer des formes d\u2019art monumentales et architecturales\u00a0: parmi elles, la tapisserie, qui occupe une place tr\u00e8s importante dans son \u0153uvre.<\/span><\/p>\n<p class=\"MsoNormal\" style=\"margin: 0cm;font-size: medium;font-family: Calibri, sans-serif;color: #000000\"><span style=\"letter-spacing: 0.1pt\"><br \/>\nL\u2019\u0153uvre de l\u2019artiste a fait l\u2019objet d\u2019une exposition\u00a0<\/span><span style=\"color: #595959\">\u00ab Claude Loewer. Les couleurs du g\u00e9om\u00e8tre \u00bb<\/span><span style=\"letter-spacing: 0.1pt\">\u00a0<\/span><span style=\"color: #595959\">au Mus\u00e9e des beaux-arts de La Chaux-de-Fonds en 2012.<\/span><\/p>\n<p class=\"MsoNormal\" style=\"margin: 0cm;font-size: medium;font-family: Calibri, sans-serif;color: #000000\"><span style=\"color: #595959\">\u00a0<\/span><\/p>\n<p style=\"margin: 0cm;font-size: medium;font-family: 'Times New Roman', serif;color: #000000\"><span style=\"font-family: Calibri, sans-serif;letter-spacing: 0.1pt\">\u0152uvres: Aarau, Aargauer Kunsthaus; La Chaux-de-Fonds, Mus\u00e9e des beaux-arts; Neuch\u00e2tel, Banque Nationale Suisse.<\/span><\/p>","protected":false},"featured_media":296195,"template":"","meta":{"_et_pb_use_builder":"","_et_pb_old_content":"","_et_gb_content_width":""},"product_brand":[],"product_cat":[365,50],"product_tag":[],"proximite":[180],"class_list":{"0":"post-296149","1":"product","2":"type-product","3":"status-publish","4":"has-post-thumbnail","6":"product_cat-art-and-co","7":"product_cat-decorer","8":"product_shipping_class-0-2-kg","9":"pa_couleur-orange","10":"pa_etat-bon-etat","11":"pa_materiau-papier-carton","12":"pa_style-art-contemporain","13":"proximite-geneve","15":"first","16":"outofstock","17":"shipping-taxable","18":"purchasable","19":"product-type-simple"},"yoast_head":"<!-- This site is optimized with the Yoast SEO plugin v27.4 - https:\/\/yoast.com\/product\/yoast-seo-wordpress\/ -->\n<title>S\u00e9rigraphie &quot;Composition abstraite&quot; de Claude Loewer | lalmachine.com<\/title>\n<meta name=\"description\" content=\"S\u00e9rigraphie sign\u00e9e (auteur-e inconnu-e) imprim\u00e9e sur papier Bristol. Num\u00e9rot\u00e9e 60\/250.\" \/>\n<meta name=\"robots\" content=\"index, follow, max-snippet:-1, max-image-preview:large, max-video-preview:-1\" \/>\n<link rel=\"canonical\" href=\"https:\/\/lalmachine.com\/de\/shop\/decorer\/art-and-co\/serigraphie-composition-abstraite\/\" \/>\n<meta property=\"og:locale\" content=\"de_DE\" \/>\n<meta property=\"og:type\" content=\"article\" \/>\n<meta property=\"og:title\" content=\"S\u00e9rigraphie &quot;Composition abstraite&quot; de Claude Loewer | lalmachine.com\" \/>\n<meta property=\"og:description\" content=\"S\u00e9rigraphie sign\u00e9e (auteur-e inconnu-e) imprim\u00e9e sur papier Bristol. Num\u00e9rot\u00e9e 60\/250.\" \/>\n<meta property=\"og:url\" content=\"https:\/\/lalmachine.com\/de\/shop\/decorer\/art-and-co\/serigraphie-composition-abstraite\/\" \/>\n<meta property=\"og:site_name\" content=\"lalmachine.com\" \/>\n<meta property=\"article:publisher\" content=\"https:\/\/facebook.com\/lalmachine\" \/>\n<meta property=\"article:modified_time\" content=\"2024-12-05T20:59:47+00:00\" \/>\n<meta property=\"og:image\" content=\"https:\/\/lalmachine.com\/wp-content\/uploads\/2023\/01\/estampe-art-contemporain-la-boutique-de-mail_clipped_rev_1.jpeg\" \/>\n\t<meta property=\"og:image:width\" content=\"1849\" \/>\n\t<meta property=\"og:image:height\" content=\"1849\" \/>\n\t<meta property=\"og:image:type\" content=\"image\/jpeg\" \/>\n<meta name=\"twitter:card\" content=\"summary_large_image\" \/>\n<script type=\"application\/ld+json\" class=\"yoast-schema-graph\">{\"@context\":\"https:\\\/\\\/schema.org\",\"@graph\":[{\"@type\":\"WebPage\",\"@id\":\"https:\\\/\\\/lalmachine.com\\\/shop\\\/decorer\\\/art-and-co\\\/serigraphie-composition-abstraite\\\/\",\"url\":\"https:\\\/\\\/lalmachine.com\\\/shop\\\/decorer\\\/art-and-co\\\/serigraphie-composition-abstraite\\\/\",\"name\":\"S\u00e9rigraphie \\\"Composition abstraite\\\" de Claude Loewer | lalmachine.com\",\"isPartOf\":{\"@id\":\"https:\\\/\\\/lalmachine.com\\\/#website\"},\"primaryImageOfPage\":{\"@id\":\"https:\\\/\\\/lalmachine.com\\\/shop\\\/decorer\\\/art-and-co\\\/serigraphie-composition-abstraite\\\/#primaryimage\"},\"image\":{\"@id\":\"https:\\\/\\\/lalmachine.com\\\/shop\\\/decorer\\\/art-and-co\\\/serigraphie-composition-abstraite\\\/#primaryimage\"},\"thumbnailUrl\":\"https:\\\/\\\/lalmachine.com\\\/wp-content\\\/uploads\\\/2023\\\/01\\\/estampe-art-contemporain-la-boutique-de-mail_clipped_rev_1.jpeg\",\"datePublished\":\"2023-01-12T07:39:50+00:00\",\"dateModified\":\"2024-12-05T20:59:47+00:00\",\"description\":\"S\u00e9rigraphie sign\u00e9e (auteur-e inconnu-e) imprim\u00e9e sur papier Bristol. Num\u00e9rot\u00e9e 60\\\/250.\",\"breadcrumb\":{\"@id\":\"https:\\\/\\\/lalmachine.com\\\/shop\\\/decorer\\\/art-and-co\\\/serigraphie-composition-abstraite\\\/#breadcrumb\"},\"inLanguage\":\"de\",\"potentialAction\":[{\"@type\":\"ReadAction\",\"target\":[\"https:\\\/\\\/lalmachine.com\\\/shop\\\/decorer\\\/art-and-co\\\/serigraphie-composition-abstraite\\\/\"]}]},{\"@type\":\"ImageObject\",\"inLanguage\":\"de\",\"@id\":\"https:\\\/\\\/lalmachine.com\\\/shop\\\/decorer\\\/art-and-co\\\/serigraphie-composition-abstraite\\\/#primaryimage\",\"url\":\"https:\\\/\\\/lalmachine.com\\\/wp-content\\\/uploads\\\/2023\\\/01\\\/estampe-art-contemporain-la-boutique-de-mail_clipped_rev_1.jpeg\",\"contentUrl\":\"https:\\\/\\\/lalmachine.com\\\/wp-content\\\/uploads\\\/2023\\\/01\\\/estampe-art-contemporain-la-boutique-de-mail_clipped_rev_1.jpeg\",\"width\":1849,\"height\":1849,\"caption\":\"S\u00e9rigraphie \\\"Composition abstraite\\\"\"},{\"@type\":\"BreadcrumbList\",\"@id\":\"https:\\\/\\\/lalmachine.com\\\/shop\\\/decorer\\\/art-and-co\\\/serigraphie-composition-abstraite\\\/#breadcrumb\",\"itemListElement\":[{\"@type\":\"ListItem\",\"position\":1,\"name\":\"Accueil\",\"item\":\"https:\\\/\\\/lalmachine.com\\\/\"},{\"@type\":\"ListItem\",\"position\":2,\"name\":\"Shop\",\"item\":\"https:\\\/\\\/lalmachine.com\\\/shop\\\/\"},{\"@type\":\"ListItem\",\"position\":3,\"name\":\"S\u00e9rigraphie &#8220;Composition abstraite&#8221; de Claude Loewer\"}]},{\"@type\":\"WebSite\",\"@id\":\"https:\\\/\\\/lalmachine.com\\\/#website\",\"url\":\"https:\\\/\\\/lalmachine.com\\\/\",\"name\":\"lalmachine.com\",\"description\":\"Brocante en ligne Suisse | Mobilier et objets d\u00e9co vintage et design\",\"potentialAction\":[{\"@type\":\"SearchAction\",\"target\":{\"@type\":\"EntryPoint\",\"urlTemplate\":\"https:\\\/\\\/lalmachine.com\\\/?s={search_term_string}\"},\"query-input\":{\"@type\":\"PropertyValueSpecification\",\"valueRequired\":true,\"valueName\":\"search_term_string\"}}],\"inLanguage\":\"de\"}]}<\/script>\n<!-- \/ Yoast SEO plugin. -->","yoast_head_json":{"title":"S\u00e9rigraphie \"Composition abstraite\" de Claude Loewer | lalmachine.com","description":"S\u00e9rigraphie sign\u00e9e (auteur-e inconnu-e) imprim\u00e9e sur papier Bristol. Num\u00e9rot\u00e9e 60\/250.","robots":{"index":"index","follow":"follow","max-snippet":"max-snippet:-1","max-image-preview":"max-image-preview:large","max-video-preview":"max-video-preview:-1"},"canonical":"https:\/\/lalmachine.com\/de\/shop\/decorer\/art-and-co\/serigraphie-composition-abstraite\/","og_locale":"de_DE","og_type":"article","og_title":"S\u00e9rigraphie \"Composition abstraite\" de Claude Loewer | lalmachine.com","og_description":"S\u00e9rigraphie sign\u00e9e (auteur-e inconnu-e) imprim\u00e9e sur papier Bristol. Num\u00e9rot\u00e9e 60\/250.","og_url":"https:\/\/lalmachine.com\/de\/shop\/decorer\/art-and-co\/serigraphie-composition-abstraite\/","og_site_name":"lalmachine.com","article_publisher":"https:\/\/facebook.com\/lalmachine","article_modified_time":"2024-12-05T20:59:47+00:00","og_image":[{"width":1849,"height":1849,"url":"https:\/\/lalmachine.com\/wp-content\/uploads\/2023\/01\/estampe-art-contemporain-la-boutique-de-mail_clipped_rev_1.jpeg","type":"image\/jpeg"}],"twitter_card":"summary_large_image","schema":{"@context":"https:\/\/schema.org","@graph":[{"@type":"WebPage","@id":"https:\/\/lalmachine.com\/shop\/decorer\/art-and-co\/serigraphie-composition-abstraite\/","url":"https:\/\/lalmachine.com\/shop\/decorer\/art-and-co\/serigraphie-composition-abstraite\/","name":"S\u00e9rigraphie \"Composition abstraite\" de Claude Loewer | lalmachine.com","isPartOf":{"@id":"https:\/\/lalmachine.com\/#website"},"primaryImageOfPage":{"@id":"https:\/\/lalmachine.com\/shop\/decorer\/art-and-co\/serigraphie-composition-abstraite\/#primaryimage"},"image":{"@id":"https:\/\/lalmachine.com\/shop\/decorer\/art-and-co\/serigraphie-composition-abstraite\/#primaryimage"},"thumbnailUrl":"https:\/\/lalmachine.com\/wp-content\/uploads\/2023\/01\/estampe-art-contemporain-la-boutique-de-mail_clipped_rev_1.jpeg","datePublished":"2023-01-12T07:39:50+00:00","dateModified":"2024-12-05T20:59:47+00:00","description":"S\u00e9rigraphie sign\u00e9e (auteur-e inconnu-e) imprim\u00e9e sur papier Bristol. Num\u00e9rot\u00e9e 60\/250.","breadcrumb":{"@id":"https:\/\/lalmachine.com\/shop\/decorer\/art-and-co\/serigraphie-composition-abstraite\/#breadcrumb"},"inLanguage":"de","potentialAction":[{"@type":"ReadAction","target":["https:\/\/lalmachine.com\/shop\/decorer\/art-and-co\/serigraphie-composition-abstraite\/"]}]},{"@type":"ImageObject","inLanguage":"de","@id":"https:\/\/lalmachine.com\/shop\/decorer\/art-and-co\/serigraphie-composition-abstraite\/#primaryimage","url":"https:\/\/lalmachine.com\/wp-content\/uploads\/2023\/01\/estampe-art-contemporain-la-boutique-de-mail_clipped_rev_1.jpeg","contentUrl":"https:\/\/lalmachine.com\/wp-content\/uploads\/2023\/01\/estampe-art-contemporain-la-boutique-de-mail_clipped_rev_1.jpeg","width":1849,"height":1849,"caption":"S\u00e9rigraphie \"Composition abstraite\""},{"@type":"BreadcrumbList","@id":"https:\/\/lalmachine.com\/shop\/decorer\/art-and-co\/serigraphie-composition-abstraite\/#breadcrumb","itemListElement":[{"@type":"ListItem","position":1,"name":"Accueil","item":"https:\/\/lalmachine.com\/"},{"@type":"ListItem","position":2,"name":"Shop","item":"https:\/\/lalmachine.com\/shop\/"},{"@type":"ListItem","position":3,"name":"S\u00e9rigraphie &#8220;Composition abstraite&#8221; de Claude Loewer"}]},{"@type":"WebSite","@id":"https:\/\/lalmachine.com\/#website","url":"https:\/\/lalmachine.com\/","name":"lalmachine.com","description":"Brocante en ligne Suisse | Mobilier et objets d\u00e9co vintage et design","potentialAction":[{"@type":"SearchAction","target":{"@type":"EntryPoint","urlTemplate":"https:\/\/lalmachine.com\/?s={search_term_string}"},"query-input":{"@type":"PropertyValueSpecification","valueRequired":true,"valueName":"search_term_string"}}],"inLanguage":"de"}]}},"_links":{"self":[{"href":"https:\/\/lalmachine.com\/de\/wp-json\/wp\/v2\/product\/296149","targetHints":{"allow":["GET"]}}],"collection":[{"href":"https:\/\/lalmachine.com\/de\/wp-json\/wp\/v2\/product"}],"about":[{"href":"https:\/\/lalmachine.com\/de\/wp-json\/wp\/v2\/types\/product"}],"wp:featuredmedia":[{"embeddable":true,"href":"https:\/\/lalmachine.com\/de\/wp-json\/wp\/v2\/media\/296195"}],"wp:attachment":[{"href":"https:\/\/lalmachine.com\/de\/wp-json\/wp\/v2\/media?parent=296149"}],"wp:term":[{"taxonomy":"product_brand","embeddable":true,"href":"https:\/\/lalmachine.com\/de\/wp-json\/wp\/v2\/product_brand?post=296149"},{"taxonomy":"product_cat","embeddable":true,"href":"https:\/\/lalmachine.com\/de\/wp-json\/wp\/v2\/product_cat?post=296149"},{"taxonomy":"product_tag","embeddable":true,"href":"https:\/\/lalmachine.com\/de\/wp-json\/wp\/v2\/product_tag?post=296149"},{"taxonomy":"proximite","embeddable":true,"href":"https:\/\/lalmachine.com\/de\/wp-json\/wp\/v2\/proximite?post=296149"}],"curies":[{"name":"wp","href":"https:\/\/api.w.org\/{rel}","templated":true}]}}