{"id":296656,"date":"2023-01-16T09:00:51","date_gmt":"2023-01-16T08:00:51","guid":{"rendered":"https:\/\/lalmachine.com\/?post_type=product&#038;p=296656"},"modified":"2024-12-05T21:59:50","modified_gmt":"2024-12-05T20:59:50","slug":"canape-gilda-de-michel-ducaroy-pour-ligne-roset-1972","status":"publish","type":"product","link":"https:\/\/lalmachine.com\/de\/shop\/sasseoir\/canape-fauteuil-pouf\/canape-gilda-de-michel-ducaroy-pour-ligne-roset-1972\/","title":{"rendered":"Canap\u00e9 Gilda de Michel Ducaroy pour Ligne Roset, 1972"},"content":{"rendered":"<ul class=\"wpuf_customs\"><li style=\"list-style-type:none;\"><label>Autres photos:<\/label> <a href=\"https:\/\/lalmachine.com\/wp-content\/uploads\/2023\/01\/0A97C58C-800A-4E46-A732-8A3033BB928B_1_201_a.jpeg\"><img loading=\"lazy\" decoding=\"async\" width=\"96\" height=\"96\" src=\"https:\/\/lalmachine.com\/wp-content\/uploads\/2023\/01\/0A97C58C-800A-4E46-A732-8A3033BB928B_1_201_a.jpeg\" class=\"attachment-thumbnail size-thumbnail\" alt=\"\" \/><\/a> <a href=\"https:\/\/lalmachine.com\/wp-content\/uploads\/2023\/01\/10FAF485-216D-4465-B2BA-22D4407C0E1D_1_201_a.jpeg\"><img loading=\"lazy\" decoding=\"async\" width=\"96\" height=\"96\" src=\"https:\/\/lalmachine.com\/wp-content\/uploads\/2023\/01\/10FAF485-216D-4465-B2BA-22D4407C0E1D_1_201_a.jpeg\" class=\"attachment-thumbnail size-thumbnail\" alt=\"\" \/><\/a> <a href=\"https:\/\/lalmachine.com\/wp-content\/uploads\/2023\/01\/BB3C74D8-F4EA-4396-BD1F-60F29B6B5C67_1_201_a-scaled.jpeg\"><img loading=\"lazy\" decoding=\"async\" width=\"96\" height=\"96\" src=\"https:\/\/lalmachine.com\/wp-content\/uploads\/2023\/01\/BB3C74D8-F4EA-4396-BD1F-60F29B6B5C67_1_201_a-scaled.jpeg\" class=\"attachment-thumbnail size-thumbnail\" alt=\"\" \/><\/a> <a href=\"https:\/\/lalmachine.com\/wp-content\/uploads\/2023\/01\/8EF3A03E-66C4-4924-992C-E63FB44A6AD9_1_201_a-scaled.jpeg\"><img loading=\"lazy\" decoding=\"async\" width=\"96\" height=\"96\" src=\"https:\/\/lalmachine.com\/wp-content\/uploads\/2023\/01\/8EF3A03E-66C4-4924-992C-E63FB44A6AD9_1_201_a-scaled.jpeg\" class=\"attachment-thumbnail size-thumbnail\" alt=\"\" \/><\/a> <a href=\"https:\/\/lalmachine.com\/wp-content\/uploads\/2023\/01\/A13DA828-E99F-4A2B-B297-5A7930876A23_1_201_a.jpeg\"><img loading=\"lazy\" decoding=\"async\" width=\"96\" height=\"96\" src=\"https:\/\/lalmachine.com\/wp-content\/uploads\/2023\/01\/A13DA828-E99F-4A2B-B297-5A7930876A23_1_201_a.jpeg\" class=\"attachment-thumbnail size-thumbnail\" alt=\"\" \/><\/a> <a href=\"https:\/\/lalmachine.com\/wp-content\/uploads\/2023\/01\/71278104-F97E-4F96-8829-38D3C73704F4_1_201_a-scaled.jpeg\"><img loading=\"lazy\" decoding=\"async\" width=\"96\" height=\"96\" src=\"https:\/\/lalmachine.com\/wp-content\/uploads\/2023\/01\/71278104-F97E-4F96-8829-38D3C73704F4_1_201_a-scaled.jpeg\" class=\"attachment-thumbnail size-thumbnail\" alt=\"\" \/><\/a> <a href=\"https:\/\/lalmachine.com\/wp-content\/uploads\/2023\/01\/AE46F570-D2CB-43B8-AEBC-ABDE38C71D0D_1_201_a-scaled.jpeg\"><img loading=\"lazy\" decoding=\"async\" width=\"96\" height=\"96\" src=\"https:\/\/lalmachine.com\/wp-content\/uploads\/2023\/01\/AE46F570-D2CB-43B8-AEBC-ABDE38C71D0D_1_201_a-scaled.jpeg\" class=\"attachment-thumbnail size-thumbnail\" alt=\"\" \/><\/a> <a href=\"https:\/\/lalmachine.com\/wp-content\/uploads\/2023\/01\/02BDE7B3-3916-46CB-8B36-67F1CEFCEAFC_1_201_a.jpeg\"><img loading=\"lazy\" decoding=\"async\" width=\"96\" height=\"96\" src=\"https:\/\/lalmachine.com\/wp-content\/uploads\/2023\/01\/02BDE7B3-3916-46CB-8B36-67F1CEFCEAFC_1_201_a.jpeg\" class=\"attachment-thumbnail size-thumbnail\" alt=\"\" \/><\/a> <a href=\"https:\/\/lalmachine.com\/wp-content\/uploads\/2023\/01\/E2165B29-F9F0-4FAF-BF0F-FF814C233DF0_1_201_a-scaled.jpeg\"><img loading=\"lazy\" decoding=\"async\" width=\"96\" height=\"96\" src=\"https:\/\/lalmachine.com\/wp-content\/uploads\/2023\/01\/E2165B29-F9F0-4FAF-BF0F-FF814C233DF0_1_201_a-scaled.jpeg\" class=\"attachment-thumbnail size-thumbnail\" alt=\"\" \/><\/a> <a href=\"https:\/\/lalmachine.com\/wp-content\/uploads\/2023\/01\/154988C5-E4A9-47F5-A25D-8D9D7BA41405_1_201_a-scaled.jpeg\"><img loading=\"lazy\" decoding=\"async\" width=\"96\" height=\"96\" src=\"https:\/\/lalmachine.com\/wp-content\/uploads\/2023\/01\/154988C5-E4A9-47F5-A25D-8D9D7BA41405_1_201_a-scaled.jpeg\" class=\"attachment-thumbnail size-thumbnail\" alt=\"\" \/><\/a> <a href=\"https:\/\/lalmachine.com\/wp-content\/uploads\/2023\/01\/FA57A8F6-598A-496B-805C-4E14CAC8E766_1_201_a-scaled.jpeg\"><img loading=\"lazy\" decoding=\"async\" width=\"96\" height=\"96\" src=\"https:\/\/lalmachine.com\/wp-content\/uploads\/2023\/01\/FA57A8F6-598A-496B-805C-4E14CAC8E766_1_201_a-scaled.jpeg\" class=\"attachment-thumbnail size-thumbnail\" alt=\"\" \/><\/a> <\/li>        <li class=\"wpuf-field-data wpuf-field-data-numeric_text_field\">\n                            <label>Prix:<\/label>\n                        2390        <\/li>\n                <li class=\"wpuf-field-data wpuf-field-data-numeric_text_field\">\n                            <label>Hauteur (cm):<\/label>\n                        68        <\/li>\n                <li class=\"wpuf-field-data wpuf-field-data-numeric_text_field\">\n                            <label>Largeur (cm):<\/label>\n                        25        <\/li>\n                <li class=\"wpuf-field-data wpuf-field-data-numeric_text_field\">\n                            <label>Profondeur (cm):<\/label>\n                        98        <\/li>\n        <\/ul>","protected":false},"excerpt":{"rendered":"<p>Togo c&rsquo;est toi ? Non rat\u00e9, c&rsquo;est Gilda !<\/p>\n<p>Moins m\u00e9diatis\u00e9 que l&rsquo;iconique Togo, car encore en production chez Ligne Roset, ce mod\u00e8le Gilda est en revanche plus insolite. \u00c9labor\u00e9es par Ducaroy en 1972, ces chauffeuses en velours c\u00f4tel\u00e9 sont reli\u00e9es \u00e0 l&rsquo;arri\u00e8re par une boucle m\u00e9tallique aux autres modules pour constituer un canap\u00e9 au ras du sol extr\u00eamement confortable.<\/p>\n<p>Ne vous asseyez pas dedans, vous ne voudrez plus en sortir, on vous aura pr\u00e9venu.<\/p>\n<p>Zustand<br \/>\nBon \u00e9tat global, tr\u00e8s l\u00e9g\u00e8res usures du velours par endroit. Mousses en excellent \u00e9tat.<\/p>\n<p>Dimensions<br \/>\nModule droit: Hauteur 68cm \/ Hauteur assise 25cm \/ Largeur 65cm \/ Profondeur 98cm<\/p>\n<p>Module arrondi: Hauteur 68cm \/ Hauteur assise 25cm \/ Largeur 100cm \/ Profondeur 98cm<\/p>\n<p>Prix pour l&rsquo;ensemble.<\/p>\n<p>Photos suppl\u00e9mentaires sur demande.<\/p>","protected":false},"featured_media":296718,"template":"","meta":{"_et_pb_use_builder":"","_et_pb_old_content":"","_et_gb_content_width":""},"product_brand":[],"product_cat":[99,48],"product_tag":[],"proximite":[278,179],"class_list":{"0":"post-296656","1":"product","2":"type-product","3":"status-publish","4":"has-post-thumbnail","6":"product_cat-canape-fauteuil-pouf","7":"product_cat-sasseoir","8":"pa_couleur-marron","9":"pa_designer-ducaroy-michel","10":"pa_etat-bon-etat","11":"pa_materiau-tissu","12":"pa_style-design","13":"proximite-lausanne","14":"proximite-vaud","16":"first","17":"outofstock","18":"shipping-taxable","19":"purchasable","20":"product-type-simple"},"yoast_head":"<!-- This site is optimized with the Yoast SEO plugin v27.4 - https:\/\/yoast.com\/product\/yoast-seo-wordpress\/ -->\n<title>Canap\u00e9 Gilda de Michel Ducaroy pour Ligne Roset, 1972 | lalmachine.com<\/title>\n<meta name=\"description\" content=\"Mod\u00e8le Gilda \u00e9labor\u00e9 par Ducaroy en 1972, ces chauffeuses en velours c\u00f4tel\u00e9 sont reli\u00e9es \u00e0 l&#039;arri\u00e8re par une boucle m\u00e9tallique aux autres modules pour constituer un canap\u00e9 au ras du sol extr\u00eamement confortable.\" \/>\n<meta name=\"robots\" content=\"index, follow, max-snippet:-1, max-image-preview:large, max-video-preview:-1\" \/>\n<link rel=\"canonical\" href=\"https:\/\/lalmachine.com\/de\/shop\/sasseoir\/canape-fauteuil-pouf\/canape-gilda-de-michel-ducaroy-pour-ligne-roset-1972\/\" \/>\n<meta property=\"og:locale\" content=\"de_DE\" \/>\n<meta property=\"og:type\" content=\"article\" \/>\n<meta property=\"og:title\" content=\"Canap\u00e9 Gilda de Michel Ducaroy pour Ligne Roset, 1972 | lalmachine.com\" \/>\n<meta property=\"og:description\" content=\"Mod\u00e8le Gilda \u00e9labor\u00e9 par Ducaroy en 1972, ces chauffeuses en velours c\u00f4tel\u00e9 sont reli\u00e9es \u00e0 l&#039;arri\u00e8re par une boucle m\u00e9tallique aux autres modules pour constituer un canap\u00e9 au ras du sol extr\u00eamement confortable.\" \/>\n<meta property=\"og:url\" content=\"https:\/\/lalmachine.com\/de\/shop\/sasseoir\/canape-fauteuil-pouf\/canape-gilda-de-michel-ducaroy-pour-ligne-roset-1972\/\" \/>\n<meta property=\"og:site_name\" content=\"lalmachine.com\" \/>\n<meta property=\"article:publisher\" content=\"https:\/\/facebook.com\/lalmachine\" \/>\n<meta property=\"article:modified_time\" content=\"2024-12-05T20:59:50+00:00\" \/>\n<meta property=\"og:image\" content=\"https:\/\/lalmachine.com\/wp-content\/uploads\/2023\/01\/Pasted-20230116-084738_clipped_rev_1-scaled.jpeg\" \/>\n\t<meta property=\"og:image:width\" content=\"2560\" \/>\n\t<meta property=\"og:image:height\" content=\"2560\" \/>\n\t<meta property=\"og:image:type\" content=\"image\/jpeg\" \/>\n<meta name=\"twitter:card\" content=\"summary_large_image\" \/>\n<script type=\"application\/ld+json\" class=\"yoast-schema-graph\">{\"@context\":\"https:\\\/\\\/schema.org\",\"@graph\":[{\"@type\":\"WebPage\",\"@id\":\"https:\\\/\\\/lalmachine.com\\\/de\\\/shop\\\/sasseoir\\\/canape-fauteuil-pouf\\\/canape-gilda-de-michel-ducaroy-pour-ligne-roset-1972\\\/\",\"url\":\"https:\\\/\\\/lalmachine.com\\\/de\\\/shop\\\/sasseoir\\\/canape-fauteuil-pouf\\\/canape-gilda-de-michel-ducaroy-pour-ligne-roset-1972\\\/\",\"name\":\"Canap\u00e9 Gilda de Michel Ducaroy pour Ligne Roset, 1972 | lalmachine.com\",\"isPartOf\":{\"@id\":\"https:\\\/\\\/lalmachine.com\\\/#website\"},\"primaryImageOfPage\":{\"@id\":\"https:\\\/\\\/lalmachine.com\\\/de\\\/shop\\\/sasseoir\\\/canape-fauteuil-pouf\\\/canape-gilda-de-michel-ducaroy-pour-ligne-roset-1972\\\/#primaryimage\"},\"image\":{\"@id\":\"https:\\\/\\\/lalmachine.com\\\/de\\\/shop\\\/sasseoir\\\/canape-fauteuil-pouf\\\/canape-gilda-de-michel-ducaroy-pour-ligne-roset-1972\\\/#primaryimage\"},\"thumbnailUrl\":\"https:\\\/\\\/lalmachine.com\\\/wp-content\\\/uploads\\\/2023\\\/01\\\/Pasted-20230116-084738_clipped_rev_1-scaled.jpeg\",\"datePublished\":\"2023-01-16T08:00:51+00:00\",\"dateModified\":\"2024-12-05T20:59:50+00:00\",\"description\":\"Mod\u00e8le Gilda \u00e9labor\u00e9 par Ducaroy en 1972, ces chauffeuses en velours c\u00f4tel\u00e9 sont reli\u00e9es \u00e0 l'arri\u00e8re par une boucle m\u00e9tallique aux autres modules pour constituer un canap\u00e9 au ras du sol extr\u00eamement confortable.\",\"breadcrumb\":{\"@id\":\"https:\\\/\\\/lalmachine.com\\\/de\\\/shop\\\/sasseoir\\\/canape-fauteuil-pouf\\\/canape-gilda-de-michel-ducaroy-pour-ligne-roset-1972\\\/#breadcrumb\"},\"inLanguage\":\"de\",\"potentialAction\":[{\"@type\":\"ReadAction\",\"target\":[\"https:\\\/\\\/lalmachine.com\\\/de\\\/shop\\\/sasseoir\\\/canape-fauteuil-pouf\\\/canape-gilda-de-michel-ducaroy-pour-ligne-roset-1972\\\/\"]}]},{\"@type\":\"ImageObject\",\"inLanguage\":\"de\",\"@id\":\"https:\\\/\\\/lalmachine.com\\\/de\\\/shop\\\/sasseoir\\\/canape-fauteuil-pouf\\\/canape-gilda-de-michel-ducaroy-pour-ligne-roset-1972\\\/#primaryimage\",\"url\":\"https:\\\/\\\/lalmachine.com\\\/wp-content\\\/uploads\\\/2023\\\/01\\\/Pasted-20230116-084738_clipped_rev_1-scaled.jpeg\",\"contentUrl\":\"https:\\\/\\\/lalmachine.com\\\/wp-content\\\/uploads\\\/2023\\\/01\\\/Pasted-20230116-084738_clipped_rev_1-scaled.jpeg\",\"width\":2560,\"height\":2560},{\"@type\":\"BreadcrumbList\",\"@id\":\"https:\\\/\\\/lalmachine.com\\\/de\\\/shop\\\/sasseoir\\\/canape-fauteuil-pouf\\\/canape-gilda-de-michel-ducaroy-pour-ligne-roset-1972\\\/#breadcrumb\",\"itemListElement\":[{\"@type\":\"ListItem\",\"position\":1,\"name\":\"Accueil\",\"item\":\"https:\\\/\\\/lalmachine.com\\\/\"},{\"@type\":\"ListItem\",\"position\":2,\"name\":\"Shop\",\"item\":\"https:\\\/\\\/lalmachine.com\\\/shop\\\/\"},{\"@type\":\"ListItem\",\"position\":3,\"name\":\"Canap\u00e9 Gilda de Michel Ducaroy pour Ligne Roset, 1972\"}]},{\"@type\":\"WebSite\",\"@id\":\"https:\\\/\\\/lalmachine.com\\\/#website\",\"url\":\"https:\\\/\\\/lalmachine.com\\\/\",\"name\":\"lalmachine.com\",\"description\":\"Brocante en ligne Suisse | Mobilier et objets d\u00e9co vintage et design\",\"potentialAction\":[{\"@type\":\"SearchAction\",\"target\":{\"@type\":\"EntryPoint\",\"urlTemplate\":\"https:\\\/\\\/lalmachine.com\\\/?s={search_term_string}\"},\"query-input\":{\"@type\":\"PropertyValueSpecification\",\"valueRequired\":true,\"valueName\":\"search_term_string\"}}],\"inLanguage\":\"de\"}]}<\/script>\n<!-- \/ Yoast SEO plugin. -->","yoast_head_json":{"title":"Canap\u00e9 Gilda de Michel Ducaroy pour Ligne Roset, 1972 | lalmachine.com","description":"Mod\u00e8le Gilda \u00e9labor\u00e9 par Ducaroy en 1972, ces chauffeuses en velours c\u00f4tel\u00e9 sont reli\u00e9es \u00e0 l'arri\u00e8re par une boucle m\u00e9tallique aux autres modules pour constituer un canap\u00e9 au ras du sol extr\u00eamement confortable.","robots":{"index":"index","follow":"follow","max-snippet":"max-snippet:-1","max-image-preview":"max-image-preview:large","max-video-preview":"max-video-preview:-1"},"canonical":"https:\/\/lalmachine.com\/de\/shop\/sasseoir\/canape-fauteuil-pouf\/canape-gilda-de-michel-ducaroy-pour-ligne-roset-1972\/","og_locale":"de_DE","og_type":"article","og_title":"Canap\u00e9 Gilda de Michel Ducaroy pour Ligne Roset, 1972 | lalmachine.com","og_description":"Mod\u00e8le Gilda \u00e9labor\u00e9 par Ducaroy en 1972, ces chauffeuses en velours c\u00f4tel\u00e9 sont reli\u00e9es \u00e0 l'arri\u00e8re par une boucle m\u00e9tallique aux autres modules pour constituer un canap\u00e9 au ras du sol extr\u00eamement confortable.","og_url":"https:\/\/lalmachine.com\/de\/shop\/sasseoir\/canape-fauteuil-pouf\/canape-gilda-de-michel-ducaroy-pour-ligne-roset-1972\/","og_site_name":"lalmachine.com","article_publisher":"https:\/\/facebook.com\/lalmachine","article_modified_time":"2024-12-05T20:59:50+00:00","og_image":[{"width":2560,"height":2560,"url":"https:\/\/lalmachine.com\/wp-content\/uploads\/2023\/01\/Pasted-20230116-084738_clipped_rev_1-scaled.jpeg","type":"image\/jpeg"}],"twitter_card":"summary_large_image","schema":{"@context":"https:\/\/schema.org","@graph":[{"@type":"WebPage","@id":"https:\/\/lalmachine.com\/de\/shop\/sasseoir\/canape-fauteuil-pouf\/canape-gilda-de-michel-ducaroy-pour-ligne-roset-1972\/","url":"https:\/\/lalmachine.com\/de\/shop\/sasseoir\/canape-fauteuil-pouf\/canape-gilda-de-michel-ducaroy-pour-ligne-roset-1972\/","name":"Canap\u00e9 Gilda de Michel Ducaroy pour Ligne Roset, 1972 | lalmachine.com","isPartOf":{"@id":"https:\/\/lalmachine.com\/#website"},"primaryImageOfPage":{"@id":"https:\/\/lalmachine.com\/de\/shop\/sasseoir\/canape-fauteuil-pouf\/canape-gilda-de-michel-ducaroy-pour-ligne-roset-1972\/#primaryimage"},"image":{"@id":"https:\/\/lalmachine.com\/de\/shop\/sasseoir\/canape-fauteuil-pouf\/canape-gilda-de-michel-ducaroy-pour-ligne-roset-1972\/#primaryimage"},"thumbnailUrl":"https:\/\/lalmachine.com\/wp-content\/uploads\/2023\/01\/Pasted-20230116-084738_clipped_rev_1-scaled.jpeg","datePublished":"2023-01-16T08:00:51+00:00","dateModified":"2024-12-05T20:59:50+00:00","description":"Mod\u00e8le Gilda \u00e9labor\u00e9 par Ducaroy en 1972, ces chauffeuses en velours c\u00f4tel\u00e9 sont reli\u00e9es \u00e0 l'arri\u00e8re par une boucle m\u00e9tallique aux autres modules pour constituer un canap\u00e9 au ras du sol extr\u00eamement confortable.","breadcrumb":{"@id":"https:\/\/lalmachine.com\/de\/shop\/sasseoir\/canape-fauteuil-pouf\/canape-gilda-de-michel-ducaroy-pour-ligne-roset-1972\/#breadcrumb"},"inLanguage":"de","potentialAction":[{"@type":"ReadAction","target":["https:\/\/lalmachine.com\/de\/shop\/sasseoir\/canape-fauteuil-pouf\/canape-gilda-de-michel-ducaroy-pour-ligne-roset-1972\/"]}]},{"@type":"ImageObject","inLanguage":"de","@id":"https:\/\/lalmachine.com\/de\/shop\/sasseoir\/canape-fauteuil-pouf\/canape-gilda-de-michel-ducaroy-pour-ligne-roset-1972\/#primaryimage","url":"https:\/\/lalmachine.com\/wp-content\/uploads\/2023\/01\/Pasted-20230116-084738_clipped_rev_1-scaled.jpeg","contentUrl":"https:\/\/lalmachine.com\/wp-content\/uploads\/2023\/01\/Pasted-20230116-084738_clipped_rev_1-scaled.jpeg","width":2560,"height":2560},{"@type":"BreadcrumbList","@id":"https:\/\/lalmachine.com\/de\/shop\/sasseoir\/canape-fauteuil-pouf\/canape-gilda-de-michel-ducaroy-pour-ligne-roset-1972\/#breadcrumb","itemListElement":[{"@type":"ListItem","position":1,"name":"Accueil","item":"https:\/\/lalmachine.com\/"},{"@type":"ListItem","position":2,"name":"Shop","item":"https:\/\/lalmachine.com\/shop\/"},{"@type":"ListItem","position":3,"name":"Canap\u00e9 Gilda de Michel Ducaroy pour Ligne Roset, 1972"}]},{"@type":"WebSite","@id":"https:\/\/lalmachine.com\/#website","url":"https:\/\/lalmachine.com\/","name":"lalmachine.com","description":"Brocante en ligne Suisse | Mobilier et objets d\u00e9co vintage et design","potentialAction":[{"@type":"SearchAction","target":{"@type":"EntryPoint","urlTemplate":"https:\/\/lalmachine.com\/?s={search_term_string}"},"query-input":{"@type":"PropertyValueSpecification","valueRequired":true,"valueName":"search_term_string"}}],"inLanguage":"de"}]}},"_links":{"self":[{"href":"https:\/\/lalmachine.com\/de\/wp-json\/wp\/v2\/product\/296656","targetHints":{"allow":["GET"]}}],"collection":[{"href":"https:\/\/lalmachine.com\/de\/wp-json\/wp\/v2\/product"}],"about":[{"href":"https:\/\/lalmachine.com\/de\/wp-json\/wp\/v2\/types\/product"}],"wp:featuredmedia":[{"embeddable":true,"href":"https:\/\/lalmachine.com\/de\/wp-json\/wp\/v2\/media\/296718"}],"wp:attachment":[{"href":"https:\/\/lalmachine.com\/de\/wp-json\/wp\/v2\/media?parent=296656"}],"wp:term":[{"taxonomy":"product_brand","embeddable":true,"href":"https:\/\/lalmachine.com\/de\/wp-json\/wp\/v2\/product_brand?post=296656"},{"taxonomy":"product_cat","embeddable":true,"href":"https:\/\/lalmachine.com\/de\/wp-json\/wp\/v2\/product_cat?post=296656"},{"taxonomy":"product_tag","embeddable":true,"href":"https:\/\/lalmachine.com\/de\/wp-json\/wp\/v2\/product_tag?post=296656"},{"taxonomy":"proximite","embeddable":true,"href":"https:\/\/lalmachine.com\/de\/wp-json\/wp\/v2\/proximite?post=296656"}],"curies":[{"name":"wp","href":"https:\/\/api.w.org\/{rel}","templated":true}]}}