{"id":297750,"date":"2023-01-25T10:07:59","date_gmt":"2023-01-25T09:07:59","guid":{"rendered":"https:\/\/lalmachine.com\/?post_type=product&#038;p=297750"},"modified":"2024-12-05T21:59:55","modified_gmt":"2024-12-05T20:59:55","slug":"gravure-de-henry-meylan-bouquet-de-tournesols","status":"publish","type":"product","link":"https:\/\/lalmachine.com\/de\/shop\/decorer\/art-and-co\/gravure-de-henry-meylan-bouquet-de-tournesols\/","title":{"rendered":"Gravure de Henry Meylan &#8211; \u00ab\u00a0Bouquet de tournesols\u00a0\u00bb"},"content":{"rendered":"<ul class=\"wpuf_customs\"><li style=\"list-style-type:none;\"><label>Autres photos:<\/label> <a href=\"https:\/\/lalmachine.com\/wp-content\/uploads\/2023\/01\/henry-meylan-gravure-tournesol-la-boiutique-de-mail-geneve.jpg\"><img loading=\"lazy\" decoding=\"async\" width=\"64\" height=\"96\" src=\"https:\/\/lalmachine.com\/wp-content\/uploads\/2023\/01\/henry-meylan-gravure-tournesol-la-boiutique-de-mail-geneve.jpg\" class=\"attachment-thumbnail size-thumbnail\" alt=\"\" \/><\/a> <a href=\"https:\/\/lalmachine.com\/wp-content\/uploads\/2023\/01\/gravure-henry-meylan-artiste-la-boutique-du-mail-geneve.jpg\"><img loading=\"lazy\" decoding=\"async\" width=\"72\" height=\"96\" src=\"https:\/\/lalmachine.com\/wp-content\/uploads\/2023\/01\/gravure-henry-meylan-artiste-la-boutique-du-mail-geneve.jpg\" class=\"attachment-thumbnail size-thumbnail\" alt=\"\" \/><\/a> <a href=\"https:\/\/lalmachine.com\/wp-content\/uploads\/2023\/01\/gravure-henry-meylan-la-boutique-du-mail-geneve.jpg\"><img loading=\"lazy\" decoding=\"async\" width=\"72\" height=\"96\" src=\"https:\/\/lalmachine.com\/wp-content\/uploads\/2023\/01\/gravure-henry-meylan-la-boutique-du-mail-geneve.jpg\" class=\"attachment-thumbnail size-thumbnail\" alt=\"\" \/><\/a> <\/li>        <li class=\"wpuf-field-data wpuf-field-data-numeric_text_field\">\n                            <label>Prix:<\/label>\n                        90        <\/li>\n                <li class=\"wpuf-field-data wpuf-field-data-numeric_text_field\">\n                            <label>Quantit\u00e9:<\/label>\n                        0        <\/li>\n                <li class=\"wpuf-field-data wpuf-field-data-numeric_text_field\">\n                            <label>Hauteur (cm):<\/label>\n                        45        <\/li>\n                <li class=\"wpuf-field-data wpuf-field-data-numeric_text_field\">\n                            <label>Largeur (cm):<\/label>\n                        31        <\/li>\n        <\/ul>","protected":false},"excerpt":{"rendered":"<p>Jolie gravure (non encadr\u00e9e), \u00e9preuve d&rsquo;artiste<\/p>\n<p>Henry Meylan (1895-1980)<br \/>\nPeintre, graveur et illustrateur<\/p>\n<p>Henry Meylan na\u00eet en 1895 au Sentier (CH). Il passe son enfance \u00e0 dessiner. La mobilisation de 1915, l\u2019oblige \u00e0 interrompre ses \u00e9tudes de notariat. Un an plus tard, il devient sourd apr\u00e8s qu\u2019une grenade \u00e9clate pr\u00e8s de lui. De cet accident, qui restera le drame de sa vie, il dira : \u00ab Parce que je suis sourd, [\u2026] Je suis sensible \u00e0 toutes les impressions visuelles. C\u2019est pour cela, sans doute, que je me suis exprim\u00e9 en peinture, avec des styles si diff\u00e9rents \u00bb. En 1918 il entreprend des \u00e9tudes \u00e0 l\u2019\u00c9cole des Beaux-Arts de Gen\u00e8ve, qu\u2019il ach\u00e8ve en 1920. Cette m\u00eame ann\u00e9e, il expose pour la premi\u00e8re fois et d\u00e9cide alors de se lancer pleinement dans une carri\u00e8re artistique. Il obtient plusieurs bourses et prix dont le Prix Diday (1922), le Prix Gaspard Vallette (1927) ou encore une Bourse f\u00e9d\u00e9rale (1922). De nombreux s\u00e9jours en Espagne, \u00e0 Paris et en Provence nourrissent ses inspirations et accompagnent une production prolifique. L\u2019\u0153uvre d\u2019Henry Meylan se d\u00e9cline essentiellement en portraits, en peintures de paysage et en sc\u00e8nes de genre.<\/p>\n","protected":false},"featured_media":297756,"template":"","meta":{"_et_pb_use_builder":"","_et_pb_old_content":"","_et_gb_content_width":""},"product_brand":[],"product_cat":[365,50],"product_tag":[],"proximite":[180],"class_list":{"0":"post-297750","1":"product","2":"type-product","3":"status-publish","4":"has-post-thumbnail","6":"product_cat-art-and-co","7":"product_cat-decorer","8":"product_shipping_class-2-10-kg","9":"pa_couleur-noir","10":"pa_etat-bon-etat","11":"pa_materiau-papier-carton","12":"pa_style-vintage","13":"proximite-geneve","15":"first","16":"outofstock","17":"shipping-taxable","18":"purchasable","19":"product-type-simple"},"yoast_head":"<!-- This site is optimized with the Yoast SEO plugin v27.4 - https:\/\/yoast.com\/product\/yoast-seo-wordpress\/ -->\n<title>Gravure de Henry Meylan - &quot;Bouquet de tournesols&quot; | lalmachine.com<\/title>\n<meta name=\"description\" content=\"Jolie gravure (non encadr\u00e9e) &quot;Bouquet de tournesols&quot;, \u00e9preuve d&#039;artiste Henry Meylan (1895-1980), peintre, graveur et illustrateur.\" \/>\n<meta name=\"robots\" content=\"index, follow, max-snippet:-1, max-image-preview:large, max-video-preview:-1\" \/>\n<link rel=\"canonical\" href=\"https:\/\/lalmachine.com\/de\/shop\/decorer\/art-and-co\/gravure-de-henry-meylan-bouquet-de-tournesols\/\" \/>\n<meta property=\"og:locale\" content=\"de_DE\" \/>\n<meta property=\"og:type\" content=\"article\" \/>\n<meta property=\"og:title\" content=\"Gravure de Henry Meylan - &quot;Bouquet de tournesols&quot; | lalmachine.com\" \/>\n<meta property=\"og:description\" content=\"Jolie gravure (non encadr\u00e9e) &quot;Bouquet de tournesols&quot;, \u00e9preuve d&#039;artiste Henry Meylan (1895-1980), peintre, graveur et illustrateur.\" \/>\n<meta property=\"og:url\" content=\"https:\/\/lalmachine.com\/de\/shop\/decorer\/art-and-co\/gravure-de-henry-meylan-bouquet-de-tournesols\/\" \/>\n<meta property=\"og:site_name\" content=\"lalmachine.com\" \/>\n<meta property=\"article:publisher\" content=\"https:\/\/facebook.com\/lalmachine\" \/>\n<meta property=\"article:modified_time\" content=\"2024-12-05T20:59:55+00:00\" \/>\n<meta property=\"og:image\" content=\"https:\/\/lalmachine.com\/wp-content\/uploads\/2023\/01\/Pasted-20230125-095436_clipped_rev_1.jpeg\" \/>\n\t<meta property=\"og:image:width\" content=\"1976\" \/>\n\t<meta property=\"og:image:height\" content=\"1976\" \/>\n\t<meta property=\"og:image:type\" content=\"image\/jpeg\" \/>\n<meta name=\"twitter:card\" content=\"summary_large_image\" \/>\n<script type=\"application\/ld+json\" class=\"yoast-schema-graph\">{\"@context\":\"https:\\\/\\\/schema.org\",\"@graph\":[{\"@type\":\"WebPage\",\"@id\":\"https:\\\/\\\/lalmachine.com\\\/shop\\\/decorer\\\/art-and-co\\\/gravure-de-henry-meylan-bouquet-de-tournesols\\\/\",\"url\":\"https:\\\/\\\/lalmachine.com\\\/shop\\\/decorer\\\/art-and-co\\\/gravure-de-henry-meylan-bouquet-de-tournesols\\\/\",\"name\":\"Gravure de Henry Meylan - \\\"Bouquet de tournesols\\\" | lalmachine.com\",\"isPartOf\":{\"@id\":\"https:\\\/\\\/lalmachine.com\\\/#website\"},\"primaryImageOfPage\":{\"@id\":\"https:\\\/\\\/lalmachine.com\\\/shop\\\/decorer\\\/art-and-co\\\/gravure-de-henry-meylan-bouquet-de-tournesols\\\/#primaryimage\"},\"image\":{\"@id\":\"https:\\\/\\\/lalmachine.com\\\/shop\\\/decorer\\\/art-and-co\\\/gravure-de-henry-meylan-bouquet-de-tournesols\\\/#primaryimage\"},\"thumbnailUrl\":\"https:\\\/\\\/lalmachine.com\\\/wp-content\\\/uploads\\\/2023\\\/01\\\/Pasted-20230125-095436_clipped_rev_1.jpeg\",\"datePublished\":\"2023-01-25T09:07:59+00:00\",\"dateModified\":\"2024-12-05T20:59:55+00:00\",\"description\":\"Jolie gravure (non encadr\u00e9e) \\\"Bouquet de tournesols\\\", \u00e9preuve d'artiste Henry Meylan (1895-1980), peintre, graveur et illustrateur.\",\"breadcrumb\":{\"@id\":\"https:\\\/\\\/lalmachine.com\\\/shop\\\/decorer\\\/art-and-co\\\/gravure-de-henry-meylan-bouquet-de-tournesols\\\/#breadcrumb\"},\"inLanguage\":\"de\",\"potentialAction\":[{\"@type\":\"ReadAction\",\"target\":[\"https:\\\/\\\/lalmachine.com\\\/shop\\\/decorer\\\/art-and-co\\\/gravure-de-henry-meylan-bouquet-de-tournesols\\\/\"]}]},{\"@type\":\"ImageObject\",\"inLanguage\":\"de\",\"@id\":\"https:\\\/\\\/lalmachine.com\\\/shop\\\/decorer\\\/art-and-co\\\/gravure-de-henry-meylan-bouquet-de-tournesols\\\/#primaryimage\",\"url\":\"https:\\\/\\\/lalmachine.com\\\/wp-content\\\/uploads\\\/2023\\\/01\\\/Pasted-20230125-095436_clipped_rev_1.jpeg\",\"contentUrl\":\"https:\\\/\\\/lalmachine.com\\\/wp-content\\\/uploads\\\/2023\\\/01\\\/Pasted-20230125-095436_clipped_rev_1.jpeg\",\"width\":1976,\"height\":1976,\"caption\":\"Gravure de Henry Meylan - \\\"Bouquet de tournesols\\\"\"},{\"@type\":\"BreadcrumbList\",\"@id\":\"https:\\\/\\\/lalmachine.com\\\/shop\\\/decorer\\\/art-and-co\\\/gravure-de-henry-meylan-bouquet-de-tournesols\\\/#breadcrumb\",\"itemListElement\":[{\"@type\":\"ListItem\",\"position\":1,\"name\":\"Accueil\",\"item\":\"https:\\\/\\\/lalmachine.com\\\/\"},{\"@type\":\"ListItem\",\"position\":2,\"name\":\"Shop\",\"item\":\"https:\\\/\\\/lalmachine.com\\\/shop\\\/\"},{\"@type\":\"ListItem\",\"position\":3,\"name\":\"Gravure de Henry Meylan &#8211; &#8220;Bouquet de tournesols&#8221;\"}]},{\"@type\":\"WebSite\",\"@id\":\"https:\\\/\\\/lalmachine.com\\\/#website\",\"url\":\"https:\\\/\\\/lalmachine.com\\\/\",\"name\":\"lalmachine.com\",\"description\":\"Brocante en ligne Suisse | Mobilier et objets d\u00e9co vintage et design\",\"potentialAction\":[{\"@type\":\"SearchAction\",\"target\":{\"@type\":\"EntryPoint\",\"urlTemplate\":\"https:\\\/\\\/lalmachine.com\\\/?s={search_term_string}\"},\"query-input\":{\"@type\":\"PropertyValueSpecification\",\"valueRequired\":true,\"valueName\":\"search_term_string\"}}],\"inLanguage\":\"de\"}]}<\/script>\n<!-- \/ Yoast SEO plugin. -->","yoast_head_json":{"title":"Gravure de Henry Meylan - \"Bouquet de tournesols\" | lalmachine.com","description":"Jolie gravure (non encadr\u00e9e) \"Bouquet de tournesols\", \u00e9preuve d'artiste Henry Meylan (1895-1980), peintre, graveur et illustrateur.","robots":{"index":"index","follow":"follow","max-snippet":"max-snippet:-1","max-image-preview":"max-image-preview:large","max-video-preview":"max-video-preview:-1"},"canonical":"https:\/\/lalmachine.com\/de\/shop\/decorer\/art-and-co\/gravure-de-henry-meylan-bouquet-de-tournesols\/","og_locale":"de_DE","og_type":"article","og_title":"Gravure de Henry Meylan - \"Bouquet de tournesols\" | lalmachine.com","og_description":"Jolie gravure (non encadr\u00e9e) \"Bouquet de tournesols\", \u00e9preuve d'artiste Henry Meylan (1895-1980), peintre, graveur et illustrateur.","og_url":"https:\/\/lalmachine.com\/de\/shop\/decorer\/art-and-co\/gravure-de-henry-meylan-bouquet-de-tournesols\/","og_site_name":"lalmachine.com","article_publisher":"https:\/\/facebook.com\/lalmachine","article_modified_time":"2024-12-05T20:59:55+00:00","og_image":[{"width":1976,"height":1976,"url":"https:\/\/lalmachine.com\/wp-content\/uploads\/2023\/01\/Pasted-20230125-095436_clipped_rev_1.jpeg","type":"image\/jpeg"}],"twitter_card":"summary_large_image","schema":{"@context":"https:\/\/schema.org","@graph":[{"@type":"WebPage","@id":"https:\/\/lalmachine.com\/shop\/decorer\/art-and-co\/gravure-de-henry-meylan-bouquet-de-tournesols\/","url":"https:\/\/lalmachine.com\/shop\/decorer\/art-and-co\/gravure-de-henry-meylan-bouquet-de-tournesols\/","name":"Gravure de Henry Meylan - \"Bouquet de tournesols\" | lalmachine.com","isPartOf":{"@id":"https:\/\/lalmachine.com\/#website"},"primaryImageOfPage":{"@id":"https:\/\/lalmachine.com\/shop\/decorer\/art-and-co\/gravure-de-henry-meylan-bouquet-de-tournesols\/#primaryimage"},"image":{"@id":"https:\/\/lalmachine.com\/shop\/decorer\/art-and-co\/gravure-de-henry-meylan-bouquet-de-tournesols\/#primaryimage"},"thumbnailUrl":"https:\/\/lalmachine.com\/wp-content\/uploads\/2023\/01\/Pasted-20230125-095436_clipped_rev_1.jpeg","datePublished":"2023-01-25T09:07:59+00:00","dateModified":"2024-12-05T20:59:55+00:00","description":"Jolie gravure (non encadr\u00e9e) \"Bouquet de tournesols\", \u00e9preuve d'artiste Henry Meylan (1895-1980), peintre, graveur et illustrateur.","breadcrumb":{"@id":"https:\/\/lalmachine.com\/shop\/decorer\/art-and-co\/gravure-de-henry-meylan-bouquet-de-tournesols\/#breadcrumb"},"inLanguage":"de","potentialAction":[{"@type":"ReadAction","target":["https:\/\/lalmachine.com\/shop\/decorer\/art-and-co\/gravure-de-henry-meylan-bouquet-de-tournesols\/"]}]},{"@type":"ImageObject","inLanguage":"de","@id":"https:\/\/lalmachine.com\/shop\/decorer\/art-and-co\/gravure-de-henry-meylan-bouquet-de-tournesols\/#primaryimage","url":"https:\/\/lalmachine.com\/wp-content\/uploads\/2023\/01\/Pasted-20230125-095436_clipped_rev_1.jpeg","contentUrl":"https:\/\/lalmachine.com\/wp-content\/uploads\/2023\/01\/Pasted-20230125-095436_clipped_rev_1.jpeg","width":1976,"height":1976,"caption":"Gravure de Henry Meylan - \"Bouquet de tournesols\""},{"@type":"BreadcrumbList","@id":"https:\/\/lalmachine.com\/shop\/decorer\/art-and-co\/gravure-de-henry-meylan-bouquet-de-tournesols\/#breadcrumb","itemListElement":[{"@type":"ListItem","position":1,"name":"Accueil","item":"https:\/\/lalmachine.com\/"},{"@type":"ListItem","position":2,"name":"Shop","item":"https:\/\/lalmachine.com\/shop\/"},{"@type":"ListItem","position":3,"name":"Gravure de Henry Meylan &#8211; &#8220;Bouquet de tournesols&#8221;"}]},{"@type":"WebSite","@id":"https:\/\/lalmachine.com\/#website","url":"https:\/\/lalmachine.com\/","name":"lalmachine.com","description":"Brocante en ligne Suisse | Mobilier et objets d\u00e9co vintage et design","potentialAction":[{"@type":"SearchAction","target":{"@type":"EntryPoint","urlTemplate":"https:\/\/lalmachine.com\/?s={search_term_string}"},"query-input":{"@type":"PropertyValueSpecification","valueRequired":true,"valueName":"search_term_string"}}],"inLanguage":"de"}]}},"_links":{"self":[{"href":"https:\/\/lalmachine.com\/de\/wp-json\/wp\/v2\/product\/297750","targetHints":{"allow":["GET"]}}],"collection":[{"href":"https:\/\/lalmachine.com\/de\/wp-json\/wp\/v2\/product"}],"about":[{"href":"https:\/\/lalmachine.com\/de\/wp-json\/wp\/v2\/types\/product"}],"wp:featuredmedia":[{"embeddable":true,"href":"https:\/\/lalmachine.com\/de\/wp-json\/wp\/v2\/media\/297756"}],"wp:attachment":[{"href":"https:\/\/lalmachine.com\/de\/wp-json\/wp\/v2\/media?parent=297750"}],"wp:term":[{"taxonomy":"product_brand","embeddable":true,"href":"https:\/\/lalmachine.com\/de\/wp-json\/wp\/v2\/product_brand?post=297750"},{"taxonomy":"product_cat","embeddable":true,"href":"https:\/\/lalmachine.com\/de\/wp-json\/wp\/v2\/product_cat?post=297750"},{"taxonomy":"product_tag","embeddable":true,"href":"https:\/\/lalmachine.com\/de\/wp-json\/wp\/v2\/product_tag?post=297750"},{"taxonomy":"proximite","embeddable":true,"href":"https:\/\/lalmachine.com\/de\/wp-json\/wp\/v2\/proximite?post=297750"}],"curies":[{"name":"wp","href":"https:\/\/api.w.org\/{rel}","templated":true}]}}