{"id":297784,"date":"2023-01-26T15:13:04","date_gmt":"2023-01-26T14:13:04","guid":{"rendered":"https:\/\/lalmachine.com\/?post_type=product&#038;p=297784"},"modified":"2024-12-05T21:59:55","modified_gmt":"2024-12-05T20:59:55","slug":"gravure-de-andre-dunoyer-de-segonzac","status":"publish","type":"product","link":"https:\/\/lalmachine.com\/de\/shop\/decorer\/art-and-co\/gravure-de-andre-dunoyer-de-segonzac\/","title":{"rendered":"Gravure de Andr\u00e9 Dunoyer De Segonzac"},"content":{"rendered":"<ul class=\"wpuf_customs\"><li style=\"list-style-type:none;\"><label>Autres photos:<\/label> <a href=\"https:\/\/lalmachine.com\/wp-content\/uploads\/2023\/01\/estampe-dunoyer-de-segonzac-village-des-ruches.jpg\"><img loading=\"lazy\" decoding=\"async\" width=\"72\" height=\"96\" src=\"https:\/\/lalmachine.com\/wp-content\/uploads\/2023\/01\/estampe-dunoyer-de-segonzac-village-des-ruches.jpg\" class=\"attachment-thumbnail size-thumbnail\" alt=\"\" \/><\/a> <a href=\"https:\/\/lalmachine.com\/wp-content\/uploads\/2023\/01\/vente-gravure-dunoyer-de-segonzac-boutique-de-mail-geneve.jpg\"><img loading=\"lazy\" decoding=\"async\" width=\"72\" height=\"96\" src=\"https:\/\/lalmachine.com\/wp-content\/uploads\/2023\/01\/vente-gravure-dunoyer-de-segonzac-boutique-de-mail-geneve.jpg\" class=\"attachment-thumbnail size-thumbnail\" alt=\"\" \/><\/a> <a href=\"https:\/\/lalmachine.com\/wp-content\/uploads\/2023\/01\/eau-forte-dunoyer-de-segonzac-boutique-de-mail-geneve.jpg\"><img loading=\"lazy\" decoding=\"async\" width=\"96\" height=\"96\" src=\"https:\/\/lalmachine.com\/wp-content\/uploads\/2023\/01\/eau-forte-dunoyer-de-segonzac-boutique-de-mail-geneve.jpg\" class=\"attachment-thumbnail size-thumbnail\" alt=\"\" \/><\/a> <\/li>        <li class=\"wpuf-field-data wpuf-field-data-numeric_text_field\">\n                            <label>Prix:<\/label>\n                        180        <\/li>\n                <li class=\"wpuf-field-data wpuf-field-data-numeric_text_field\">\n                            <label>Quantit\u00e9:<\/label>\n                        0        <\/li>\n                <li class=\"wpuf-field-data wpuf-field-data-numeric_text_field\">\n                            <label>Hauteur (cm):<\/label>\n                        45        <\/li>\n                <li class=\"wpuf-field-data wpuf-field-data-numeric_text_field\">\n                            <label>Largeur (cm):<\/label>\n                        34        <\/li>\n        <\/ul>","protected":false},"excerpt":{"rendered":"<p>Andr\u00e9 Dunoyer De Segonzac (1884-1974)<\/p>\n<p>Les G\u00e9orgiques -Village de Ruches Bois de Chaville, 1947<br \/>\nGravure sur papier v\u00e9lin<br \/>\nNon sign\u00e9e, non num\u00e9rot\u00e9e &#8211; Description sur le passe-partout<\/p>\n<p>Dimensions du dessin: 29 x 24 cm (Non encadr\u00e9)<\/p>\n<p>Impression: Lacouri\u00e8re<br \/>\nCatalogue raisonn\u00e9: Lior\u00e9-Cailler 970<br \/>\nD\u00e9fait d\u2019un ouvrage tir\u00e9 \u00e0 250 ex.<\/p>\n<p>Andr\u00e9 Dunoyer de Segonzac est un peintre, graveur et illustrateur fran\u00e7ais.<br \/>\nSon \u0153uvre est multiple, puisque partag\u00e9 entre dessins, gravures (environ 2000), illustrations, aquarelles, peintures.<\/p>\n<p>Initi\u00e9 \u00e0 la gravure par Jean \u00c9mile Laboureur, il r\u00e9alisera pr\u00e8s de 1600 cuivres. Il a beaucoup publi\u00e9, notamment ses gravures \u00e0 l\u2019eau-forte.<br \/>\nIl a expos\u00e9 dans les meilleures galeries, tels que la galerie Charpentier, la Galerie Vallotton, la Galerie Durand-Ruel. Dunoyer de Segonzac a r\u00e9alis\u00e9 des d\u00e9cors et costumes pour le th\u00e9\u00e2tre, a illustr\u00e9 de tr\u00e8s nombreux ouvrages litt\u00e9raires (Carco, Dorgeles, Tristan Bernard, Paul Morand, Jules Romains, etc.).<\/p>\n<p>Il fr\u00e9quentera de nombreux artistes, comme le couturier Paul Poiret, les peintres Raoul Dufy, Vlaminck, les po\u00e8tes Max Jacob, Val\u00e9ry, L\u00e9on-Paul Fargue et Jean Cocteau.<\/p>","protected":false},"featured_media":297801,"template":"","meta":{"_et_pb_use_builder":"","_et_pb_old_content":"","_et_gb_content_width":""},"product_brand":[],"product_cat":[365,50],"product_tag":[],"proximite":[180],"class_list":{"0":"post-297784","1":"product","2":"type-product","3":"status-publish","4":"has-post-thumbnail","6":"product_cat-art-and-co","7":"product_cat-decorer","8":"product_shipping_class-2-10-kg","9":"pa_couleur-noir","10":"pa_etat-tres-bon-etat","11":"pa_materiau-papier-carton","12":"pa_style-vintage","13":"proximite-geneve","15":"first","16":"outofstock","17":"shipping-taxable","18":"purchasable","19":"product-type-simple"},"yoast_head":"<!-- This site is optimized with the Yoast SEO plugin v27.4 - https:\/\/yoast.com\/product\/yoast-seo-wordpress\/ -->\n<title>Gravure de Andr\u00e9 Dunoyer De Segonzac | lalmachine.com<\/title>\n<meta name=\"description\" content=\"Andr\u00e9 Dunoyer De Segonzac (1884-1974) Les G\u00e9orgiques -Village de Ruches Bois de Chaville, 1947 Gravure sur papier v\u00e9lin Non sign\u00e9e, non num\u00e9rot\u00e9e - Description sur le passe-partout\" \/>\n<meta name=\"robots\" content=\"index, follow, max-snippet:-1, max-image-preview:large, max-video-preview:-1\" \/>\n<link rel=\"canonical\" href=\"https:\/\/lalmachine.com\/de\/shop\/decorer\/art-and-co\/gravure-de-andre-dunoyer-de-segonzac\/\" \/>\n<meta property=\"og:locale\" content=\"de_DE\" \/>\n<meta property=\"og:type\" content=\"article\" \/>\n<meta property=\"og:title\" content=\"Gravure de Andr\u00e9 Dunoyer De Segonzac | lalmachine.com\" \/>\n<meta property=\"og:description\" content=\"Andr\u00e9 Dunoyer De Segonzac (1884-1974) Les G\u00e9orgiques -Village de Ruches Bois de Chaville, 1947 Gravure sur papier v\u00e9lin Non sign\u00e9e, non num\u00e9rot\u00e9e - Description sur le passe-partout\" \/>\n<meta property=\"og:url\" content=\"https:\/\/lalmachine.com\/de\/shop\/decorer\/art-and-co\/gravure-de-andre-dunoyer-de-segonzac\/\" \/>\n<meta property=\"og:site_name\" content=\"lalmachine.com\" \/>\n<meta property=\"article:publisher\" content=\"https:\/\/facebook.com\/lalmachine\" \/>\n<meta property=\"article:modified_time\" content=\"2024-12-05T20:59:55+00:00\" \/>\n<meta property=\"og:image\" content=\"https:\/\/lalmachine.com\/wp-content\/uploads\/2023\/01\/gravure-dunoyer-de-segonzac-la-boutique-de-mail-geneve_clipped_rev_1.jpeg\" \/>\n\t<meta property=\"og:image:width\" content=\"1761\" \/>\n\t<meta property=\"og:image:height\" content=\"1761\" \/>\n\t<meta property=\"og:image:type\" content=\"image\/jpeg\" \/>\n<meta name=\"twitter:card\" content=\"summary_large_image\" \/>\n<script type=\"application\/ld+json\" class=\"yoast-schema-graph\">{\"@context\":\"https:\\\/\\\/schema.org\",\"@graph\":[{\"@type\":\"WebPage\",\"@id\":\"https:\\\/\\\/lalmachine.com\\\/shop\\\/decorer\\\/art-and-co\\\/gravure-de-andre-dunoyer-de-segonzac\\\/\",\"url\":\"https:\\\/\\\/lalmachine.com\\\/shop\\\/decorer\\\/art-and-co\\\/gravure-de-andre-dunoyer-de-segonzac\\\/\",\"name\":\"Gravure de Andr\u00e9 Dunoyer De Segonzac | lalmachine.com\",\"isPartOf\":{\"@id\":\"https:\\\/\\\/lalmachine.com\\\/#website\"},\"primaryImageOfPage\":{\"@id\":\"https:\\\/\\\/lalmachine.com\\\/shop\\\/decorer\\\/art-and-co\\\/gravure-de-andre-dunoyer-de-segonzac\\\/#primaryimage\"},\"image\":{\"@id\":\"https:\\\/\\\/lalmachine.com\\\/shop\\\/decorer\\\/art-and-co\\\/gravure-de-andre-dunoyer-de-segonzac\\\/#primaryimage\"},\"thumbnailUrl\":\"https:\\\/\\\/lalmachine.com\\\/wp-content\\\/uploads\\\/2023\\\/01\\\/gravure-dunoyer-de-segonzac-la-boutique-de-mail-geneve_clipped_rev_1.jpeg\",\"datePublished\":\"2023-01-26T14:13:04+00:00\",\"dateModified\":\"2024-12-05T20:59:55+00:00\",\"description\":\"Andr\u00e9 Dunoyer De Segonzac (1884-1974) Les G\u00e9orgiques -Village de Ruches Bois de Chaville, 1947 Gravure sur papier v\u00e9lin Non sign\u00e9e, non num\u00e9rot\u00e9e - Description sur le passe-partout\",\"breadcrumb\":{\"@id\":\"https:\\\/\\\/lalmachine.com\\\/shop\\\/decorer\\\/art-and-co\\\/gravure-de-andre-dunoyer-de-segonzac\\\/#breadcrumb\"},\"inLanguage\":\"de\",\"potentialAction\":[{\"@type\":\"ReadAction\",\"target\":[\"https:\\\/\\\/lalmachine.com\\\/shop\\\/decorer\\\/art-and-co\\\/gravure-de-andre-dunoyer-de-segonzac\\\/\"]}]},{\"@type\":\"ImageObject\",\"inLanguage\":\"de\",\"@id\":\"https:\\\/\\\/lalmachine.com\\\/shop\\\/decorer\\\/art-and-co\\\/gravure-de-andre-dunoyer-de-segonzac\\\/#primaryimage\",\"url\":\"https:\\\/\\\/lalmachine.com\\\/wp-content\\\/uploads\\\/2023\\\/01\\\/gravure-dunoyer-de-segonzac-la-boutique-de-mail-geneve_clipped_rev_1.jpeg\",\"contentUrl\":\"https:\\\/\\\/lalmachine.com\\\/wp-content\\\/uploads\\\/2023\\\/01\\\/gravure-dunoyer-de-segonzac-la-boutique-de-mail-geneve_clipped_rev_1.jpeg\",\"width\":1761,\"height\":1761},{\"@type\":\"BreadcrumbList\",\"@id\":\"https:\\\/\\\/lalmachine.com\\\/shop\\\/decorer\\\/art-and-co\\\/gravure-de-andre-dunoyer-de-segonzac\\\/#breadcrumb\",\"itemListElement\":[{\"@type\":\"ListItem\",\"position\":1,\"name\":\"Accueil\",\"item\":\"https:\\\/\\\/lalmachine.com\\\/\"},{\"@type\":\"ListItem\",\"position\":2,\"name\":\"Shop\",\"item\":\"https:\\\/\\\/lalmachine.com\\\/shop\\\/\"},{\"@type\":\"ListItem\",\"position\":3,\"name\":\"Gravure de Andr\u00e9 Dunoyer De Segonzac\"}]},{\"@type\":\"WebSite\",\"@id\":\"https:\\\/\\\/lalmachine.com\\\/#website\",\"url\":\"https:\\\/\\\/lalmachine.com\\\/\",\"name\":\"lalmachine.com\",\"description\":\"Brocante en ligne Suisse | Mobilier et objets d\u00e9co vintage et design\",\"potentialAction\":[{\"@type\":\"SearchAction\",\"target\":{\"@type\":\"EntryPoint\",\"urlTemplate\":\"https:\\\/\\\/lalmachine.com\\\/?s={search_term_string}\"},\"query-input\":{\"@type\":\"PropertyValueSpecification\",\"valueRequired\":true,\"valueName\":\"search_term_string\"}}],\"inLanguage\":\"de\"}]}<\/script>\n<!-- \/ Yoast SEO plugin. -->","yoast_head_json":{"title":"Gravure de Andr\u00e9 Dunoyer De Segonzac | lalmachine.com","description":"Andr\u00e9 Dunoyer De Segonzac (1884-1974) Les G\u00e9orgiques -Village de Ruches Bois de Chaville, 1947 Gravure sur papier v\u00e9lin Non sign\u00e9e, non num\u00e9rot\u00e9e - Description sur le passe-partout","robots":{"index":"index","follow":"follow","max-snippet":"max-snippet:-1","max-image-preview":"max-image-preview:large","max-video-preview":"max-video-preview:-1"},"canonical":"https:\/\/lalmachine.com\/de\/shop\/decorer\/art-and-co\/gravure-de-andre-dunoyer-de-segonzac\/","og_locale":"de_DE","og_type":"article","og_title":"Gravure de Andr\u00e9 Dunoyer De Segonzac | lalmachine.com","og_description":"Andr\u00e9 Dunoyer De Segonzac (1884-1974) Les G\u00e9orgiques -Village de Ruches Bois de Chaville, 1947 Gravure sur papier v\u00e9lin Non sign\u00e9e, non num\u00e9rot\u00e9e - Description sur le passe-partout","og_url":"https:\/\/lalmachine.com\/de\/shop\/decorer\/art-and-co\/gravure-de-andre-dunoyer-de-segonzac\/","og_site_name":"lalmachine.com","article_publisher":"https:\/\/facebook.com\/lalmachine","article_modified_time":"2024-12-05T20:59:55+00:00","og_image":[{"width":1761,"height":1761,"url":"https:\/\/lalmachine.com\/wp-content\/uploads\/2023\/01\/gravure-dunoyer-de-segonzac-la-boutique-de-mail-geneve_clipped_rev_1.jpeg","type":"image\/jpeg"}],"twitter_card":"summary_large_image","schema":{"@context":"https:\/\/schema.org","@graph":[{"@type":"WebPage","@id":"https:\/\/lalmachine.com\/shop\/decorer\/art-and-co\/gravure-de-andre-dunoyer-de-segonzac\/","url":"https:\/\/lalmachine.com\/shop\/decorer\/art-and-co\/gravure-de-andre-dunoyer-de-segonzac\/","name":"Gravure de Andr\u00e9 Dunoyer De Segonzac | lalmachine.com","isPartOf":{"@id":"https:\/\/lalmachine.com\/#website"},"primaryImageOfPage":{"@id":"https:\/\/lalmachine.com\/shop\/decorer\/art-and-co\/gravure-de-andre-dunoyer-de-segonzac\/#primaryimage"},"image":{"@id":"https:\/\/lalmachine.com\/shop\/decorer\/art-and-co\/gravure-de-andre-dunoyer-de-segonzac\/#primaryimage"},"thumbnailUrl":"https:\/\/lalmachine.com\/wp-content\/uploads\/2023\/01\/gravure-dunoyer-de-segonzac-la-boutique-de-mail-geneve_clipped_rev_1.jpeg","datePublished":"2023-01-26T14:13:04+00:00","dateModified":"2024-12-05T20:59:55+00:00","description":"Andr\u00e9 Dunoyer De Segonzac (1884-1974) Les G\u00e9orgiques -Village de Ruches Bois de Chaville, 1947 Gravure sur papier v\u00e9lin Non sign\u00e9e, non num\u00e9rot\u00e9e - Description sur le passe-partout","breadcrumb":{"@id":"https:\/\/lalmachine.com\/shop\/decorer\/art-and-co\/gravure-de-andre-dunoyer-de-segonzac\/#breadcrumb"},"inLanguage":"de","potentialAction":[{"@type":"ReadAction","target":["https:\/\/lalmachine.com\/shop\/decorer\/art-and-co\/gravure-de-andre-dunoyer-de-segonzac\/"]}]},{"@type":"ImageObject","inLanguage":"de","@id":"https:\/\/lalmachine.com\/shop\/decorer\/art-and-co\/gravure-de-andre-dunoyer-de-segonzac\/#primaryimage","url":"https:\/\/lalmachine.com\/wp-content\/uploads\/2023\/01\/gravure-dunoyer-de-segonzac-la-boutique-de-mail-geneve_clipped_rev_1.jpeg","contentUrl":"https:\/\/lalmachine.com\/wp-content\/uploads\/2023\/01\/gravure-dunoyer-de-segonzac-la-boutique-de-mail-geneve_clipped_rev_1.jpeg","width":1761,"height":1761},{"@type":"BreadcrumbList","@id":"https:\/\/lalmachine.com\/shop\/decorer\/art-and-co\/gravure-de-andre-dunoyer-de-segonzac\/#breadcrumb","itemListElement":[{"@type":"ListItem","position":1,"name":"Accueil","item":"https:\/\/lalmachine.com\/"},{"@type":"ListItem","position":2,"name":"Shop","item":"https:\/\/lalmachine.com\/shop\/"},{"@type":"ListItem","position":3,"name":"Gravure de Andr\u00e9 Dunoyer De Segonzac"}]},{"@type":"WebSite","@id":"https:\/\/lalmachine.com\/#website","url":"https:\/\/lalmachine.com\/","name":"lalmachine.com","description":"Brocante en ligne Suisse | Mobilier et objets d\u00e9co vintage et design","potentialAction":[{"@type":"SearchAction","target":{"@type":"EntryPoint","urlTemplate":"https:\/\/lalmachine.com\/?s={search_term_string}"},"query-input":{"@type":"PropertyValueSpecification","valueRequired":true,"valueName":"search_term_string"}}],"inLanguage":"de"}]}},"_links":{"self":[{"href":"https:\/\/lalmachine.com\/de\/wp-json\/wp\/v2\/product\/297784","targetHints":{"allow":["GET"]}}],"collection":[{"href":"https:\/\/lalmachine.com\/de\/wp-json\/wp\/v2\/product"}],"about":[{"href":"https:\/\/lalmachine.com\/de\/wp-json\/wp\/v2\/types\/product"}],"wp:featuredmedia":[{"embeddable":true,"href":"https:\/\/lalmachine.com\/de\/wp-json\/wp\/v2\/media\/297801"}],"wp:attachment":[{"href":"https:\/\/lalmachine.com\/de\/wp-json\/wp\/v2\/media?parent=297784"}],"wp:term":[{"taxonomy":"product_brand","embeddable":true,"href":"https:\/\/lalmachine.com\/de\/wp-json\/wp\/v2\/product_brand?post=297784"},{"taxonomy":"product_cat","embeddable":true,"href":"https:\/\/lalmachine.com\/de\/wp-json\/wp\/v2\/product_cat?post=297784"},{"taxonomy":"product_tag","embeddable":true,"href":"https:\/\/lalmachine.com\/de\/wp-json\/wp\/v2\/product_tag?post=297784"},{"taxonomy":"proximite","embeddable":true,"href":"https:\/\/lalmachine.com\/de\/wp-json\/wp\/v2\/proximite?post=297784"}],"curies":[{"name":"wp","href":"https:\/\/api.w.org\/{rel}","templated":true}]}}