{"id":298789,"date":"2023-02-04T19:23:34","date_gmt":"2023-02-04T18:23:34","guid":{"rendered":"https:\/\/lalmachine.com\/?post_type=product&#038;p=298789"},"modified":"2024-12-05T22:00:00","modified_gmt":"2024-12-05T21:00:00","slug":"photographie-de-eric-cousin-japan-2018","status":"publish","type":"product","link":"https:\/\/lalmachine.com\/de\/shop\/decorer\/art-and-co\/photographie-de-eric-cousin-japan-2018\/","title":{"rendered":"Photographie de Eric Cousin, Japan 2018"},"content":{"rendered":"<ul class=\"wpuf_customs\"><li style=\"list-style-type:none;\"><label>Autres photos:<\/label> <a href=\"https:\/\/lalmachine.com\/wp-content\/uploads\/2023\/02\/eric-cousin-photographe-carnet-du-japon-vente-boutique-du-mail-geneve.jpg\"><img loading=\"lazy\" decoding=\"async\" width=\"72\" height=\"96\" src=\"https:\/\/lalmachine.com\/wp-content\/uploads\/2023\/02\/eric-cousin-photographe-carnet-du-japon-vente-boutique-du-mail-geneve.jpg\" class=\"attachment-thumbnail size-thumbnail\" alt=\"\" \/><\/a> <a href=\"https:\/\/lalmachine.com\/wp-content\/uploads\/2023\/02\/eric-cousin-photographe-vente-la-boutique-du-mail-geneve.jpg\"><img loading=\"lazy\" decoding=\"async\" width=\"96\" height=\"96\" src=\"https:\/\/lalmachine.com\/wp-content\/uploads\/2023\/02\/eric-cousin-photographe-vente-la-boutique-du-mail-geneve.jpg\" class=\"attachment-thumbnail size-thumbnail\" alt=\"\" \/><\/a> <\/li>        <li class=\"wpuf-field-data wpuf-field-data-numeric_text_field\">\n                            <label>Prix:<\/label>\n                        380        <\/li>\n                <li class=\"wpuf-field-data wpuf-field-data-numeric_text_field\">\n                            <label>Quantit\u00e9:<\/label>\n                        1        <\/li>\n                <li class=\"wpuf-field-data wpuf-field-data-numeric_text_field\">\n                            <label>Hauteur (cm):<\/label>\n                        49        <\/li>\n                <li class=\"wpuf-field-data wpuf-field-data-numeric_text_field\">\n                            <label>Largeur (cm):<\/label>\n                        39        <\/li>\n        <\/ul>","protected":false},"excerpt":{"rendered":"<p>Tirage num\u00e9rot\u00e9 2\/20<br \/>\nSign\u00e9<\/p>\n<p>Vendu encadr\u00e9<\/p>\n<p>Photographe de la lumi\u00e8re et du mouvement.<br \/>\nEric COUSIN pousse la technique photographique \u00e0 sa limite pour aboutir \u00e0 une abstraction lyrique. Au travers de son objectif, les sc\u00e8nes deviennent intemporelles ; l&#8217;ombre, la lumi\u00e8re, la profondeur, l&#8217;\u00e9ph\u00e9m\u00e8re, tout se m\u00eale dans une po\u00e9sie sensuelle qui ouvre les portes de l&#8217;imaginaire. Son travail de photographie est pr\u00e9sent\u00e9 chez Jane Griffiths, la Galerie Krisal et la Galerie 361 ((liste non exhaustive).<\/p>","protected":false},"featured_media":298879,"template":"","meta":{"_et_pb_use_builder":"","_et_pb_old_content":"","_et_gb_content_width":""},"product_brand":[],"product_cat":[365,50],"product_tag":[],"proximite":[180],"class_list":{"0":"post-298789","1":"product","2":"type-product","3":"status-publish","4":"has-post-thumbnail","6":"product_cat-art-and-co","7":"product_cat-decorer","8":"product_shipping_class-fragile-8-5","9":"pa_couleur-rouge","10":"pa_etat-tres-bon-etat","11":"pa_materiau-papier-carton","12":"pa_style-art-contemporain","13":"proximite-geneve","15":"first","16":"instock","17":"shipping-taxable","18":"purchasable","19":"product-type-simple"},"yoast_head":"<!-- This site is optimized with the Yoast SEO plugin v27.4 - https:\/\/yoast.com\/product\/yoast-seo-wordpress\/ -->\n<title>Photographie de Eric Cousin, Japan 2018 | lalmachine.com<\/title>\n<meta name=\"description\" content=\"Photographe de la lumi\u00e8re et du mouvement. Eric COUSIN pousse la technique photographique \u00e0 sa limite pour aboutir \u00e0 une abstraction lyrique.\" \/>\n<meta name=\"robots\" content=\"index, follow, max-snippet:-1, max-image-preview:large, max-video-preview:-1\" \/>\n<link rel=\"canonical\" href=\"http:\/\/lalmachine.com\/de\/shop\/decorer\/art-and-co\/photographie-de-eric-cousin-japan-2018\/\" \/>\n<meta property=\"og:locale\" content=\"de_DE\" \/>\n<meta property=\"og:type\" content=\"article\" \/>\n<meta property=\"og:title\" content=\"Photographie de Eric Cousin, Japan 2018 | lalmachine.com\" \/>\n<meta property=\"og:description\" content=\"Photographe de la lumi\u00e8re et du mouvement. Eric COUSIN pousse la technique photographique \u00e0 sa limite pour aboutir \u00e0 une abstraction lyrique.\" \/>\n<meta property=\"og:url\" content=\"http:\/\/lalmachine.com\/de\/shop\/decorer\/art-and-co\/photographie-de-eric-cousin-japan-2018\/\" \/>\n<meta property=\"og:site_name\" content=\"lalmachine.com\" \/>\n<meta property=\"article:publisher\" content=\"https:\/\/facebook.com\/lalmachine\" \/>\n<meta property=\"article:modified_time\" content=\"2024-12-05T21:00:00+00:00\" \/>\n<meta property=\"og:image\" content=\"https:\/\/lalmachine.com\/wp-content\/uploads\/2023\/02\/Pasted-20230204-183720_clipped_rev_1.jpeg\" \/>\n\t<meta property=\"og:image:width\" content=\"2131\" \/>\n\t<meta property=\"og:image:height\" content=\"2131\" \/>\n\t<meta property=\"og:image:type\" content=\"image\/jpeg\" \/>\n<meta name=\"twitter:card\" content=\"summary_large_image\" \/>\n<script type=\"application\/ld+json\" class=\"yoast-schema-graph\">{\"@context\":\"https:\\\/\\\/schema.org\",\"@graph\":[{\"@type\":\"WebPage\",\"@id\":\"http:\\\/\\\/lalmachine.com\\\/de\\\/shop\\\/decorer\\\/art-and-co\\\/photographie-de-eric-cousin-japan-2018\\\/\",\"url\":\"http:\\\/\\\/lalmachine.com\\\/de\\\/shop\\\/decorer\\\/art-and-co\\\/photographie-de-eric-cousin-japan-2018\\\/\",\"name\":\"Photographie de Eric Cousin, Japan 2018 | lalmachine.com\",\"isPartOf\":{\"@id\":\"https:\\\/\\\/lalmachine.com\\\/#website\"},\"primaryImageOfPage\":{\"@id\":\"http:\\\/\\\/lalmachine.com\\\/de\\\/shop\\\/decorer\\\/art-and-co\\\/photographie-de-eric-cousin-japan-2018\\\/#primaryimage\"},\"image\":{\"@id\":\"http:\\\/\\\/lalmachine.com\\\/de\\\/shop\\\/decorer\\\/art-and-co\\\/photographie-de-eric-cousin-japan-2018\\\/#primaryimage\"},\"thumbnailUrl\":\"https:\\\/\\\/lalmachine.com\\\/wp-content\\\/uploads\\\/2023\\\/02\\\/Pasted-20230204-183720_clipped_rev_1.jpeg\",\"datePublished\":\"2023-02-04T18:23:34+00:00\",\"dateModified\":\"2024-12-05T21:00:00+00:00\",\"description\":\"Photographe de la lumi\u00e8re et du mouvement. Eric COUSIN pousse la technique photographique \u00e0 sa limite pour aboutir \u00e0 une abstraction lyrique.\",\"breadcrumb\":{\"@id\":\"http:\\\/\\\/lalmachine.com\\\/de\\\/shop\\\/decorer\\\/art-and-co\\\/photographie-de-eric-cousin-japan-2018\\\/#breadcrumb\"},\"inLanguage\":\"de\",\"potentialAction\":[{\"@type\":\"ReadAction\",\"target\":[\"http:\\\/\\\/lalmachine.com\\\/de\\\/shop\\\/decorer\\\/art-and-co\\\/photographie-de-eric-cousin-japan-2018\\\/\"]}]},{\"@type\":\"ImageObject\",\"inLanguage\":\"de\",\"@id\":\"http:\\\/\\\/lalmachine.com\\\/de\\\/shop\\\/decorer\\\/art-and-co\\\/photographie-de-eric-cousin-japan-2018\\\/#primaryimage\",\"url\":\"https:\\\/\\\/lalmachine.com\\\/wp-content\\\/uploads\\\/2023\\\/02\\\/Pasted-20230204-183720_clipped_rev_1.jpeg\",\"contentUrl\":\"https:\\\/\\\/lalmachine.com\\\/wp-content\\\/uploads\\\/2023\\\/02\\\/Pasted-20230204-183720_clipped_rev_1.jpeg\",\"width\":2131,\"height\":2131,\"caption\":\"Photographie de Eric Cousin Japan 2018\"},{\"@type\":\"BreadcrumbList\",\"@id\":\"http:\\\/\\\/lalmachine.com\\\/de\\\/shop\\\/decorer\\\/art-and-co\\\/photographie-de-eric-cousin-japan-2018\\\/#breadcrumb\",\"itemListElement\":[{\"@type\":\"ListItem\",\"position\":1,\"name\":\"Accueil\",\"item\":\"https:\\\/\\\/lalmachine.com\\\/\"},{\"@type\":\"ListItem\",\"position\":2,\"name\":\"Shop\",\"item\":\"https:\\\/\\\/lalmachine.com\\\/shop\\\/\"},{\"@type\":\"ListItem\",\"position\":3,\"name\":\"Photographie de Eric Cousin, Japan 2018\"}]},{\"@type\":\"WebSite\",\"@id\":\"https:\\\/\\\/lalmachine.com\\\/#website\",\"url\":\"https:\\\/\\\/lalmachine.com\\\/\",\"name\":\"lalmachine.com\",\"description\":\"Brocante en ligne Suisse | Mobilier et objets d\u00e9co vintage et design\",\"potentialAction\":[{\"@type\":\"SearchAction\",\"target\":{\"@type\":\"EntryPoint\",\"urlTemplate\":\"https:\\\/\\\/lalmachine.com\\\/?s={search_term_string}\"},\"query-input\":{\"@type\":\"PropertyValueSpecification\",\"valueRequired\":true,\"valueName\":\"search_term_string\"}}],\"inLanguage\":\"de\"}]}<\/script>\n<!-- \/ Yoast SEO plugin. -->","yoast_head_json":{"title":"Photographie de Eric Cousin, Japan 2018 | lalmachine.com","description":"Photographe de la lumi\u00e8re et du mouvement. Eric COUSIN pousse la technique photographique \u00e0 sa limite pour aboutir \u00e0 une abstraction lyrique.","robots":{"index":"index","follow":"follow","max-snippet":"max-snippet:-1","max-image-preview":"max-image-preview:large","max-video-preview":"max-video-preview:-1"},"canonical":"http:\/\/lalmachine.com\/de\/shop\/decorer\/art-and-co\/photographie-de-eric-cousin-japan-2018\/","og_locale":"de_DE","og_type":"article","og_title":"Photographie de Eric Cousin, Japan 2018 | lalmachine.com","og_description":"Photographe de la lumi\u00e8re et du mouvement. Eric COUSIN pousse la technique photographique \u00e0 sa limite pour aboutir \u00e0 une abstraction lyrique.","og_url":"http:\/\/lalmachine.com\/de\/shop\/decorer\/art-and-co\/photographie-de-eric-cousin-japan-2018\/","og_site_name":"lalmachine.com","article_publisher":"https:\/\/facebook.com\/lalmachine","article_modified_time":"2024-12-05T21:00:00+00:00","og_image":[{"width":2131,"height":2131,"url":"https:\/\/lalmachine.com\/wp-content\/uploads\/2023\/02\/Pasted-20230204-183720_clipped_rev_1.jpeg","type":"image\/jpeg"}],"twitter_card":"summary_large_image","schema":{"@context":"https:\/\/schema.org","@graph":[{"@type":"WebPage","@id":"http:\/\/lalmachine.com\/de\/shop\/decorer\/art-and-co\/photographie-de-eric-cousin-japan-2018\/","url":"http:\/\/lalmachine.com\/de\/shop\/decorer\/art-and-co\/photographie-de-eric-cousin-japan-2018\/","name":"Photographie de Eric Cousin, Japan 2018 | lalmachine.com","isPartOf":{"@id":"https:\/\/lalmachine.com\/#website"},"primaryImageOfPage":{"@id":"http:\/\/lalmachine.com\/de\/shop\/decorer\/art-and-co\/photographie-de-eric-cousin-japan-2018\/#primaryimage"},"image":{"@id":"http:\/\/lalmachine.com\/de\/shop\/decorer\/art-and-co\/photographie-de-eric-cousin-japan-2018\/#primaryimage"},"thumbnailUrl":"https:\/\/lalmachine.com\/wp-content\/uploads\/2023\/02\/Pasted-20230204-183720_clipped_rev_1.jpeg","datePublished":"2023-02-04T18:23:34+00:00","dateModified":"2024-12-05T21:00:00+00:00","description":"Photographe de la lumi\u00e8re et du mouvement. Eric COUSIN pousse la technique photographique \u00e0 sa limite pour aboutir \u00e0 une abstraction lyrique.","breadcrumb":{"@id":"http:\/\/lalmachine.com\/de\/shop\/decorer\/art-and-co\/photographie-de-eric-cousin-japan-2018\/#breadcrumb"},"inLanguage":"de","potentialAction":[{"@type":"ReadAction","target":["http:\/\/lalmachine.com\/de\/shop\/decorer\/art-and-co\/photographie-de-eric-cousin-japan-2018\/"]}]},{"@type":"ImageObject","inLanguage":"de","@id":"http:\/\/lalmachine.com\/de\/shop\/decorer\/art-and-co\/photographie-de-eric-cousin-japan-2018\/#primaryimage","url":"https:\/\/lalmachine.com\/wp-content\/uploads\/2023\/02\/Pasted-20230204-183720_clipped_rev_1.jpeg","contentUrl":"https:\/\/lalmachine.com\/wp-content\/uploads\/2023\/02\/Pasted-20230204-183720_clipped_rev_1.jpeg","width":2131,"height":2131,"caption":"Photographie de Eric Cousin Japan 2018"},{"@type":"BreadcrumbList","@id":"http:\/\/lalmachine.com\/de\/shop\/decorer\/art-and-co\/photographie-de-eric-cousin-japan-2018\/#breadcrumb","itemListElement":[{"@type":"ListItem","position":1,"name":"Accueil","item":"https:\/\/lalmachine.com\/"},{"@type":"ListItem","position":2,"name":"Shop","item":"https:\/\/lalmachine.com\/shop\/"},{"@type":"ListItem","position":3,"name":"Photographie de Eric Cousin, Japan 2018"}]},{"@type":"WebSite","@id":"https:\/\/lalmachine.com\/#website","url":"https:\/\/lalmachine.com\/","name":"lalmachine.com","description":"Brocante en ligne Suisse | Mobilier et objets d\u00e9co vintage et design","potentialAction":[{"@type":"SearchAction","target":{"@type":"EntryPoint","urlTemplate":"https:\/\/lalmachine.com\/?s={search_term_string}"},"query-input":{"@type":"PropertyValueSpecification","valueRequired":true,"valueName":"search_term_string"}}],"inLanguage":"de"}]}},"_links":{"self":[{"href":"https:\/\/lalmachine.com\/de\/wp-json\/wp\/v2\/product\/298789","targetHints":{"allow":["GET"]}}],"collection":[{"href":"https:\/\/lalmachine.com\/de\/wp-json\/wp\/v2\/product"}],"about":[{"href":"https:\/\/lalmachine.com\/de\/wp-json\/wp\/v2\/types\/product"}],"wp:featuredmedia":[{"embeddable":true,"href":"https:\/\/lalmachine.com\/de\/wp-json\/wp\/v2\/media\/298879"}],"wp:attachment":[{"href":"https:\/\/lalmachine.com\/de\/wp-json\/wp\/v2\/media?parent=298789"}],"wp:term":[{"taxonomy":"product_brand","embeddable":true,"href":"https:\/\/lalmachine.com\/de\/wp-json\/wp\/v2\/product_brand?post=298789"},{"taxonomy":"product_cat","embeddable":true,"href":"https:\/\/lalmachine.com\/de\/wp-json\/wp\/v2\/product_cat?post=298789"},{"taxonomy":"product_tag","embeddable":true,"href":"https:\/\/lalmachine.com\/de\/wp-json\/wp\/v2\/product_tag?post=298789"},{"taxonomy":"proximite","embeddable":true,"href":"https:\/\/lalmachine.com\/de\/wp-json\/wp\/v2\/proximite?post=298789"}],"curies":[{"name":"wp","href":"https:\/\/api.w.org\/{rel}","templated":true}]}}