{"id":299870,"date":"2023-02-18T14:29:46","date_gmt":"2023-02-18T13:29:46","guid":{"rendered":"https:\/\/lalmachine.com\/?post_type=product&#038;p=299870"},"modified":"2025-09-02T00:07:28","modified_gmt":"2025-09-01T22:07:28","slug":"kasamatsu-shiro-1898-1991-kamakura-engakuji-mae","status":"publish","type":"product","link":"https:\/\/lalmachine.com\/de\/shop\/decorer\/art-and-co\/kasamatsu-shiro-1898-1991-kamakura-engakuji-mae\/","title":{"rendered":"Kasamatsu Shiro (1898-1991) &#8211; Kamakura Engakuji mae"},"content":{"rendered":"<ul class=\"wpuf_customs\"><li style=\"list-style-type:none;\"><label>Autres photos:<\/label> <a href=\"https:\/\/lalmachine.com\/wp-content\/uploads\/2023\/02\/2-3.jpg\"><img loading=\"lazy\" decoding=\"async\" width=\"66\" height=\"96\" src=\"https:\/\/lalmachine.com\/wp-content\/uploads\/2023\/02\/2-3.jpg\" class=\"attachment-thumbnail size-thumbnail\" alt=\"\" \/><\/a> <a href=\"https:\/\/lalmachine.com\/wp-content\/uploads\/2023\/02\/3-3.jpg\"><img loading=\"lazy\" decoding=\"async\" width=\"71\" height=\"96\" src=\"https:\/\/lalmachine.com\/wp-content\/uploads\/2023\/02\/3-3.jpg\" class=\"attachment-thumbnail size-thumbnail\" alt=\"\" \/><\/a> <a href=\"https:\/\/lalmachine.com\/wp-content\/uploads\/2023\/02\/4-3.jpg\"><img loading=\"lazy\" decoding=\"async\" width=\"33\" height=\"96\" src=\"https:\/\/lalmachine.com\/wp-content\/uploads\/2023\/02\/4-3.jpg\" class=\"attachment-thumbnail size-thumbnail\" alt=\"\" \/><\/a> <a href=\"https:\/\/lalmachine.com\/wp-content\/uploads\/2023\/02\/5-2.jpg\"><img loading=\"lazy\" decoding=\"async\" width=\"26\" height=\"96\" src=\"https:\/\/lalmachine.com\/wp-content\/uploads\/2023\/02\/5-2.jpg\" class=\"attachment-thumbnail size-thumbnail\" alt=\"\" \/><\/a> <a href=\"https:\/\/lalmachine.com\/wp-content\/uploads\/2023\/02\/6-2-scaled.jpg\"><img loading=\"lazy\" decoding=\"async\" width=\"80\" height=\"96\" src=\"https:\/\/lalmachine.com\/wp-content\/uploads\/2023\/02\/6-2-scaled.jpg\" class=\"attachment-thumbnail size-thumbnail\" alt=\"\" \/><\/a> <a href=\"https:\/\/lalmachine.com\/wp-content\/uploads\/2023\/02\/7-2.jpg\"><img loading=\"lazy\" decoding=\"async\" width=\"69\" height=\"96\" src=\"https:\/\/lalmachine.com\/wp-content\/uploads\/2023\/02\/7-2.jpg\" class=\"attachment-thumbnail size-thumbnail\" alt=\"\" \/><\/a> <\/li>        <li class=\"wpuf-field-data wpuf-field-data-numeric_text_field\">\n                            <label>Prix:<\/label>\n                        399        <\/li>\n                <li class=\"wpuf-field-data wpuf-field-data-numeric_text_field\">\n                            <label>Quantit\u00e9:<\/label>\n                        1        <\/li>\n                <li class=\"wpuf-field-data wpuf-field-data-numeric_text_field\">\n                            <label>Hauteur (cm):<\/label>\n                        41        <\/li>\n                <li class=\"wpuf-field-data wpuf-field-data-numeric_text_field\">\n                            <label>Largeur (cm):<\/label>\n                        29        <\/li>\n                <li class=\"wpuf-field-data wpuf-field-data-numeric_text_field\">\n                            <label>Profondeur (cm):<\/label>\n                        1        <\/li>\n        <\/ul>","protected":false},"excerpt":{"rendered":"<p>Kasamatsu Shiro (1898-1991), gravure originale sur bois, intitul\u00e9e \u00ab Kamakura Engakuji mae \u00bb \u938c\u5009\u5186\u899a\u5bfa\u524d (Entr\u00e9e du temple Engakuji, Kamakura), Japon, P\u00e9riode Reiwa (2019-pr\u00e9sent)<br \/>\nDimension (hors sceau) : 36.5x24cm. Dimensions totales: 41x29cm.<\/p>\n<p>Etat: Excellent.<\/p>\n<p>Envoi en recommand\u00e9 avec emballage de protection sous 1-2 jours ouvrables.<\/p>\n<p>Kasamatsu Shiro a \u00e9tudi\u00e9 les arts \u00e0 Kaburagi Kiyokata. Il a con\u00e7u ses premi\u00e8res gravures sur bois pour Watanabe Shozaburo en 1919, apr\u00e8s que l&#8217;\u00e9diteur eut vu son travail lors d&#8217;une exposition. Shiro a longtemps con\u00e7u des imprim\u00e9s shin-hanga pour Watanabe et s&#8217;est fait conna\u00eetre avec ses paysages romantiques et ses repr\u00e9sentations de la vie japonaise traditionnelle. Entre 1952 et 1960, il a \u00e9galement cr\u00e9\u00e9 plus de 100 motifs d&#8217;estampes sur bois pour l&#8217;\u00e9diteur de Kyoto Unsodo. Shiro est g\u00e9n\u00e9ralement consid\u00e9r\u00e9 comme l&#8217;un des meilleurs artistes de gravure sur bois shin-hanga au Japon.<\/p>\n<p>&nbsp;<\/p>","protected":false},"featured_media":299943,"template":"","meta":{"_et_pb_use_builder":"","_et_pb_old_content":"","_et_gb_content_width":""},"product_brand":[],"product_cat":[365,50],"product_tag":[],"proximite":[177,235],"class_list":{"0":"post-299870","1":"product","2":"type-product","3":"status-publish","4":"has-post-thumbnail","6":"product_cat-art-and-co","7":"product_cat-decorer","8":"product_shipping_class-5-chf","9":"pa_couleur-multicolore","10":"pa_etat-tres-bon-etat","11":"pa_materiau-papier-carton","12":"pa_style-design","13":"proximite-fribourg","14":"proximite-sarine","16":"first","17":"instock","18":"shipping-taxable","19":"purchasable","20":"product-type-simple"},"yoast_head":"<!-- This site is optimized with the Yoast SEO plugin v27.4 - https:\/\/yoast.com\/product\/yoast-seo-wordpress\/ -->\n<title>Kasamatsu Shiro (1898-1991) - Kamakura Engakuji mae | lalmachine.com<\/title>\n<meta name=\"description\" content=\"Kasamatsu Shiro (1898-1991), gravure originale sur bois, intitul\u00e9e \u00ab Kamakura Engakuji mae \u00bb\" \/>\n<meta name=\"robots\" content=\"index, follow, max-snippet:-1, max-image-preview:large, max-video-preview:-1\" \/>\n<link rel=\"canonical\" href=\"http:\/\/lalmachine.com\/de\/shop\/decorer\/art-and-co\/kasamatsu-shiro-1898-1991-kamakura-engakuji-mae\/\" \/>\n<meta property=\"og:locale\" content=\"de_DE\" \/>\n<meta property=\"og:type\" content=\"article\" \/>\n<meta property=\"og:title\" content=\"Kasamatsu Shiro (1898-1991) - Kamakura Engakuji mae | lalmachine.com\" \/>\n<meta property=\"og:description\" content=\"Kasamatsu Shiro (1898-1991), gravure originale sur bois, intitul\u00e9e \u00ab Kamakura Engakuji mae \u00bb\" \/>\n<meta property=\"og:url\" content=\"http:\/\/lalmachine.com\/de\/shop\/decorer\/art-and-co\/kasamatsu-shiro-1898-1991-kamakura-engakuji-mae\/\" \/>\n<meta property=\"og:site_name\" content=\"lalmachine.com\" \/>\n<meta property=\"article:publisher\" content=\"https:\/\/facebook.com\/lalmachine\" \/>\n<meta property=\"article:modified_time\" content=\"2025-09-01T22:07:28+00:00\" \/>\n<meta property=\"og:image\" content=\"https:\/\/lalmachine.com\/wp-content\/uploads\/2023\/02\/2-3_clipped_rev_1-scaled.jpeg\" \/>\n\t<meta property=\"og:image:width\" content=\"2560\" \/>\n\t<meta property=\"og:image:height\" content=\"2560\" \/>\n\t<meta property=\"og:image:type\" content=\"image\/jpeg\" \/>\n<meta name=\"twitter:card\" content=\"summary_large_image\" \/>\n<script type=\"application\/ld+json\" class=\"yoast-schema-graph\">{\"@context\":\"https:\\\/\\\/schema.org\",\"@graph\":[{\"@type\":\"WebPage\",\"@id\":\"http:\\\/\\\/lalmachine.com\\\/de\\\/shop\\\/decorer\\\/art-and-co\\\/kasamatsu-shiro-1898-1991-kamakura-engakuji-mae\\\/\",\"url\":\"http:\\\/\\\/lalmachine.com\\\/de\\\/shop\\\/decorer\\\/art-and-co\\\/kasamatsu-shiro-1898-1991-kamakura-engakuji-mae\\\/\",\"name\":\"Kasamatsu Shiro (1898-1991) - Kamakura Engakuji mae | lalmachine.com\",\"isPartOf\":{\"@id\":\"https:\\\/\\\/lalmachine.com\\\/#website\"},\"primaryImageOfPage\":{\"@id\":\"http:\\\/\\\/lalmachine.com\\\/de\\\/shop\\\/decorer\\\/art-and-co\\\/kasamatsu-shiro-1898-1991-kamakura-engakuji-mae\\\/#primaryimage\"},\"image\":{\"@id\":\"http:\\\/\\\/lalmachine.com\\\/de\\\/shop\\\/decorer\\\/art-and-co\\\/kasamatsu-shiro-1898-1991-kamakura-engakuji-mae\\\/#primaryimage\"},\"thumbnailUrl\":\"https:\\\/\\\/lalmachine.com\\\/wp-content\\\/uploads\\\/2023\\\/02\\\/2-3_clipped_rev_1-scaled.jpeg\",\"datePublished\":\"2023-02-18T13:29:46+00:00\",\"dateModified\":\"2025-09-01T22:07:28+00:00\",\"description\":\"Kasamatsu Shiro (1898-1991), gravure originale sur bois, intitul\u00e9e \u00ab Kamakura Engakuji mae \u00bb\",\"breadcrumb\":{\"@id\":\"http:\\\/\\\/lalmachine.com\\\/de\\\/shop\\\/decorer\\\/art-and-co\\\/kasamatsu-shiro-1898-1991-kamakura-engakuji-mae\\\/#breadcrumb\"},\"inLanguage\":\"de\",\"potentialAction\":[{\"@type\":\"ReadAction\",\"target\":[\"http:\\\/\\\/lalmachine.com\\\/de\\\/shop\\\/decorer\\\/art-and-co\\\/kasamatsu-shiro-1898-1991-kamakura-engakuji-mae\\\/\"]}]},{\"@type\":\"ImageObject\",\"inLanguage\":\"de\",\"@id\":\"http:\\\/\\\/lalmachine.com\\\/de\\\/shop\\\/decorer\\\/art-and-co\\\/kasamatsu-shiro-1898-1991-kamakura-engakuji-mae\\\/#primaryimage\",\"url\":\"https:\\\/\\\/lalmachine.com\\\/wp-content\\\/uploads\\\/2023\\\/02\\\/2-3_clipped_rev_1-scaled.jpeg\",\"contentUrl\":\"https:\\\/\\\/lalmachine.com\\\/wp-content\\\/uploads\\\/2023\\\/02\\\/2-3_clipped_rev_1-scaled.jpeg\",\"width\":2560,\"height\":2560},{\"@type\":\"BreadcrumbList\",\"@id\":\"http:\\\/\\\/lalmachine.com\\\/de\\\/shop\\\/decorer\\\/art-and-co\\\/kasamatsu-shiro-1898-1991-kamakura-engakuji-mae\\\/#breadcrumb\",\"itemListElement\":[{\"@type\":\"ListItem\",\"position\":1,\"name\":\"Accueil\",\"item\":\"https:\\\/\\\/lalmachine.com\\\/\"},{\"@type\":\"ListItem\",\"position\":2,\"name\":\"Shop\",\"item\":\"https:\\\/\\\/lalmachine.com\\\/shop\\\/\"},{\"@type\":\"ListItem\",\"position\":3,\"name\":\"Kasamatsu Shiro (1898-1991) &#8211; Kamakura Engakuji mae\"}]},{\"@type\":\"WebSite\",\"@id\":\"https:\\\/\\\/lalmachine.com\\\/#website\",\"url\":\"https:\\\/\\\/lalmachine.com\\\/\",\"name\":\"lalmachine.com\",\"description\":\"Brocante en ligne Suisse | Mobilier et objets d\u00e9co vintage et design\",\"potentialAction\":[{\"@type\":\"SearchAction\",\"target\":{\"@type\":\"EntryPoint\",\"urlTemplate\":\"https:\\\/\\\/lalmachine.com\\\/?s={search_term_string}\"},\"query-input\":{\"@type\":\"PropertyValueSpecification\",\"valueRequired\":true,\"valueName\":\"search_term_string\"}}],\"inLanguage\":\"de\"}]}<\/script>\n<!-- \/ Yoast SEO plugin. -->","yoast_head_json":{"title":"Kasamatsu Shiro (1898-1991) - Kamakura Engakuji mae | lalmachine.com","description":"Kasamatsu Shiro (1898-1991), gravure originale sur bois, intitul\u00e9e \u00ab Kamakura Engakuji mae \u00bb","robots":{"index":"index","follow":"follow","max-snippet":"max-snippet:-1","max-image-preview":"max-image-preview:large","max-video-preview":"max-video-preview:-1"},"canonical":"http:\/\/lalmachine.com\/de\/shop\/decorer\/art-and-co\/kasamatsu-shiro-1898-1991-kamakura-engakuji-mae\/","og_locale":"de_DE","og_type":"article","og_title":"Kasamatsu Shiro (1898-1991) - Kamakura Engakuji mae | lalmachine.com","og_description":"Kasamatsu Shiro (1898-1991), gravure originale sur bois, intitul\u00e9e \u00ab Kamakura Engakuji mae \u00bb","og_url":"http:\/\/lalmachine.com\/de\/shop\/decorer\/art-and-co\/kasamatsu-shiro-1898-1991-kamakura-engakuji-mae\/","og_site_name":"lalmachine.com","article_publisher":"https:\/\/facebook.com\/lalmachine","article_modified_time":"2025-09-01T22:07:28+00:00","og_image":[{"width":2560,"height":2560,"url":"https:\/\/lalmachine.com\/wp-content\/uploads\/2023\/02\/2-3_clipped_rev_1-scaled.jpeg","type":"image\/jpeg"}],"twitter_card":"summary_large_image","schema":{"@context":"https:\/\/schema.org","@graph":[{"@type":"WebPage","@id":"http:\/\/lalmachine.com\/de\/shop\/decorer\/art-and-co\/kasamatsu-shiro-1898-1991-kamakura-engakuji-mae\/","url":"http:\/\/lalmachine.com\/de\/shop\/decorer\/art-and-co\/kasamatsu-shiro-1898-1991-kamakura-engakuji-mae\/","name":"Kasamatsu Shiro (1898-1991) - Kamakura Engakuji mae | lalmachine.com","isPartOf":{"@id":"https:\/\/lalmachine.com\/#website"},"primaryImageOfPage":{"@id":"http:\/\/lalmachine.com\/de\/shop\/decorer\/art-and-co\/kasamatsu-shiro-1898-1991-kamakura-engakuji-mae\/#primaryimage"},"image":{"@id":"http:\/\/lalmachine.com\/de\/shop\/decorer\/art-and-co\/kasamatsu-shiro-1898-1991-kamakura-engakuji-mae\/#primaryimage"},"thumbnailUrl":"https:\/\/lalmachine.com\/wp-content\/uploads\/2023\/02\/2-3_clipped_rev_1-scaled.jpeg","datePublished":"2023-02-18T13:29:46+00:00","dateModified":"2025-09-01T22:07:28+00:00","description":"Kasamatsu Shiro (1898-1991), gravure originale sur bois, intitul\u00e9e \u00ab Kamakura Engakuji mae \u00bb","breadcrumb":{"@id":"http:\/\/lalmachine.com\/de\/shop\/decorer\/art-and-co\/kasamatsu-shiro-1898-1991-kamakura-engakuji-mae\/#breadcrumb"},"inLanguage":"de","potentialAction":[{"@type":"ReadAction","target":["http:\/\/lalmachine.com\/de\/shop\/decorer\/art-and-co\/kasamatsu-shiro-1898-1991-kamakura-engakuji-mae\/"]}]},{"@type":"ImageObject","inLanguage":"de","@id":"http:\/\/lalmachine.com\/de\/shop\/decorer\/art-and-co\/kasamatsu-shiro-1898-1991-kamakura-engakuji-mae\/#primaryimage","url":"https:\/\/lalmachine.com\/wp-content\/uploads\/2023\/02\/2-3_clipped_rev_1-scaled.jpeg","contentUrl":"https:\/\/lalmachine.com\/wp-content\/uploads\/2023\/02\/2-3_clipped_rev_1-scaled.jpeg","width":2560,"height":2560},{"@type":"BreadcrumbList","@id":"http:\/\/lalmachine.com\/de\/shop\/decorer\/art-and-co\/kasamatsu-shiro-1898-1991-kamakura-engakuji-mae\/#breadcrumb","itemListElement":[{"@type":"ListItem","position":1,"name":"Accueil","item":"https:\/\/lalmachine.com\/"},{"@type":"ListItem","position":2,"name":"Shop","item":"https:\/\/lalmachine.com\/shop\/"},{"@type":"ListItem","position":3,"name":"Kasamatsu Shiro (1898-1991) &#8211; Kamakura Engakuji mae"}]},{"@type":"WebSite","@id":"https:\/\/lalmachine.com\/#website","url":"https:\/\/lalmachine.com\/","name":"lalmachine.com","description":"Brocante en ligne Suisse | Mobilier et objets d\u00e9co vintage et design","potentialAction":[{"@type":"SearchAction","target":{"@type":"EntryPoint","urlTemplate":"https:\/\/lalmachine.com\/?s={search_term_string}"},"query-input":{"@type":"PropertyValueSpecification","valueRequired":true,"valueName":"search_term_string"}}],"inLanguage":"de"}]}},"_links":{"self":[{"href":"https:\/\/lalmachine.com\/de\/wp-json\/wp\/v2\/product\/299870","targetHints":{"allow":["GET"]}}],"collection":[{"href":"https:\/\/lalmachine.com\/de\/wp-json\/wp\/v2\/product"}],"about":[{"href":"https:\/\/lalmachine.com\/de\/wp-json\/wp\/v2\/types\/product"}],"wp:featuredmedia":[{"embeddable":true,"href":"https:\/\/lalmachine.com\/de\/wp-json\/wp\/v2\/media\/299943"}],"wp:attachment":[{"href":"https:\/\/lalmachine.com\/de\/wp-json\/wp\/v2\/media?parent=299870"}],"wp:term":[{"taxonomy":"product_brand","embeddable":true,"href":"https:\/\/lalmachine.com\/de\/wp-json\/wp\/v2\/product_brand?post=299870"},{"taxonomy":"product_cat","embeddable":true,"href":"https:\/\/lalmachine.com\/de\/wp-json\/wp\/v2\/product_cat?post=299870"},{"taxonomy":"product_tag","embeddable":true,"href":"https:\/\/lalmachine.com\/de\/wp-json\/wp\/v2\/product_tag?post=299870"},{"taxonomy":"proximite","embeddable":true,"href":"https:\/\/lalmachine.com\/de\/wp-json\/wp\/v2\/proximite?post=299870"}],"curies":[{"name":"wp","href":"https:\/\/api.w.org\/{rel}","templated":true}]}}