{"id":299916,"date":"2023-02-18T15:12:50","date_gmt":"2023-02-18T14:12:50","guid":{"rendered":"https:\/\/lalmachine.com\/?post_type=product&#038;p=299916"},"modified":"2024-12-05T22:00:15","modified_gmt":"2024-12-05T21:00:15","slug":"lithographie-encadree-de-jacques-perrenoud-1967","status":"publish","type":"product","link":"https:\/\/lalmachine.com\/de\/shop\/decorer\/art-and-co\/lithographie-encadree-de-jacques-perrenoud-1967\/","title":{"rendered":"VENTE FLASH &#8211; Lithographie encadr\u00e9e de Jacques Perrenoud 1967"},"content":{"rendered":"<ul class=\"wpuf_customs\"><li style=\"list-style-type:none;\"><label>Autres photos:<\/label> <a href=\"https:\/\/lalmachine.com\/wp-content\/uploads\/2023\/02\/estampe-vintage-jacques-perrenoud-la-boutique-du-mail-geneve.jpg\"><img loading=\"lazy\" decoding=\"async\" width=\"72\" height=\"96\" src=\"https:\/\/lalmachine.com\/wp-content\/uploads\/2023\/02\/estampe-vintage-jacques-perrenoud-la-boutique-du-mail-geneve.jpg\" class=\"attachment-thumbnail size-thumbnail\" alt=\"\" \/><\/a> <a href=\"https:\/\/lalmachine.com\/wp-content\/uploads\/2023\/02\/lithographie-jacques-perrenoud-vente-la-boutique-du-mail-geneve.jpg\"><img loading=\"lazy\" decoding=\"async\" width=\"72\" height=\"96\" src=\"https:\/\/lalmachine.com\/wp-content\/uploads\/2023\/02\/lithographie-jacques-perrenoud-vente-la-boutique-du-mail-geneve.jpg\" class=\"attachment-thumbnail size-thumbnail\" alt=\"\" \/><\/a> <a href=\"https:\/\/lalmachine.com\/wp-content\/uploads\/2023\/02\/jacques-perrenoud-lithographie-boutique-de-mail-geneve.jpg\"><img loading=\"lazy\" decoding=\"async\" width=\"72\" height=\"96\" src=\"https:\/\/lalmachine.com\/wp-content\/uploads\/2023\/02\/jacques-perrenoud-lithographie-boutique-de-mail-geneve.jpg\" class=\"attachment-thumbnail size-thumbnail\" alt=\"\" \/><\/a> <a href=\"https:\/\/lalmachine.com\/wp-content\/uploads\/2023\/02\/boutique-de-mail-geneve-vente-estampe-jacques-perennoud.jpg\"><img loading=\"lazy\" decoding=\"async\" width=\"72\" height=\"96\" src=\"https:\/\/lalmachine.com\/wp-content\/uploads\/2023\/02\/boutique-de-mail-geneve-vente-estampe-jacques-perennoud.jpg\" class=\"attachment-thumbnail size-thumbnail\" alt=\"\" \/><\/a> <a href=\"https:\/\/lalmachine.com\/wp-content\/uploads\/2023\/02\/lithographie-jacques-perrenoud-vente-estampe-vintage.jpg\"><img loading=\"lazy\" decoding=\"async\" width=\"72\" height=\"96\" src=\"https:\/\/lalmachine.com\/wp-content\/uploads\/2023\/02\/lithographie-jacques-perrenoud-vente-estampe-vintage.jpg\" class=\"attachment-thumbnail size-thumbnail\" alt=\"\" \/><\/a> <a href=\"https:\/\/lalmachine.com\/wp-content\/uploads\/2023\/02\/lithographie-jacques-perrenoud-vente-boutique-du-mail-geneve.jpg\"><img loading=\"lazy\" decoding=\"async\" width=\"72\" height=\"96\" src=\"https:\/\/lalmachine.com\/wp-content\/uploads\/2023\/02\/lithographie-jacques-perrenoud-vente-boutique-du-mail-geneve.jpg\" class=\"attachment-thumbnail size-thumbnail\" alt=\"\" \/><\/a> <\/li>        <li class=\"wpuf-field-data wpuf-field-data-numeric_text_field\">\n                            <label>Prix:<\/label>\n                        150        <\/li>\n                <li class=\"wpuf-field-data wpuf-field-data-numeric_text_field\">\n                            <label>Hauteur (cm):<\/label>\n                        64        <\/li>\n                <li class=\"wpuf-field-data wpuf-field-data-numeric_text_field\">\n                            <label>Largeur (cm):<\/label>\n                        48        <\/li>\n        <\/ul>","protected":false},"excerpt":{"rendered":"<p>Epreuve d\u2019artiste sign\u00e9e au crayon.<br \/>\nL\u2019encadrement est soign\u00e9, avec une baguette rehauss\u00e9e d\u2019or.<\/p>\n<p>Le sujet de cette lithographie repr\u00e9sente une sorte de paradis terrestre. On y reconna\u00eet des animaux qui pourraient s\u2019apparenter au bestiaire pr\u00e9sent dans la bible. Le lion symbolise le c\u0153ur et les passions, l&rsquo;aigle symbolise l&rsquo;\u00e2me, le veau les richesses et l\u2019Homme, l&rsquo;esprit et les pens\u00e9es.<\/p>\n<p>Jacques Perrenoud (1929-2013)<br \/>\nJacques Perrenoud suit une formation de dessinateur-lithographe. C\u2019est en 1952 qu\u2019il travaille de mani\u00e8re ind\u00e9pendante dans le graphisme et l&rsquo;illustration. En 1964 il participe \u00e0 l\u2019exposition nationale suisse. En 1966 il installe son atelier de gravure \u00e0 Baulmes dans le Jura o\u00f9 il y \u00e9dite des lithographies originales tir\u00e9es \u00e0 la main sur presse \u00e0 \u00e9preuves.<\/p>","protected":false},"featured_media":299951,"template":"","meta":{"_et_pb_use_builder":"","_et_pb_old_content":"","_et_gb_content_width":""},"product_brand":[],"product_cat":[365,50],"product_tag":[],"proximite":[180],"class_list":{"0":"post-299916","1":"product","2":"type-product","3":"status-publish","4":"has-post-thumbnail","6":"product_cat-art-and-co","7":"product_cat-decorer","8":"product_shipping_class-fragile-8-5","9":"pa_couleur-noir","10":"pa_etat-bon-etat","11":"pa_materiau-papier-carton","12":"pa_style-vintage","13":"proximite-geneve","15":"first","16":"outofstock","17":"sale","18":"shipping-taxable","19":"purchasable","20":"product-type-simple"},"yoast_head":"<!-- This site is optimized with the Yoast SEO plugin v27.4 - https:\/\/yoast.com\/product\/yoast-seo-wordpress\/ -->\n<title>VENTE FLASH - Lithographie encadr\u00e9e de Jacques Perrenoud 1967 | lalmachine.com<\/title>\n<meta name=\"description\" content=\"Epreuve d\u2019artiste sign\u00e9e au crayon. L\u2019encadrement est soign\u00e9, avec une baguette rehauss\u00e9e d\u2019or.\" \/>\n<meta name=\"robots\" content=\"index, follow, max-snippet:-1, max-image-preview:large, max-video-preview:-1\" \/>\n<link rel=\"canonical\" href=\"https:\/\/lalmachine.com\/de\/shop\/decorer\/art-and-co\/lithographie-encadree-de-jacques-perrenoud-1967\/\" \/>\n<meta property=\"og:locale\" content=\"de_DE\" \/>\n<meta property=\"og:type\" content=\"article\" \/>\n<meta property=\"og:title\" content=\"VENTE FLASH - Lithographie encadr\u00e9e de Jacques Perrenoud 1967 | lalmachine.com\" \/>\n<meta property=\"og:description\" content=\"Epreuve d\u2019artiste sign\u00e9e au crayon. L\u2019encadrement est soign\u00e9, avec une baguette rehauss\u00e9e d\u2019or.\" \/>\n<meta property=\"og:url\" content=\"https:\/\/lalmachine.com\/de\/shop\/decorer\/art-and-co\/lithographie-encadree-de-jacques-perrenoud-1967\/\" \/>\n<meta property=\"og:site_name\" content=\"lalmachine.com\" \/>\n<meta property=\"article:publisher\" content=\"https:\/\/facebook.com\/lalmachine\" \/>\n<meta property=\"article:modified_time\" content=\"2024-12-05T21:00:15+00:00\" \/>\n<meta property=\"og:image\" content=\"https:\/\/lalmachine.com\/wp-content\/uploads\/2023\/02\/lithographie-jacques-perrenoud-estampe-vintage-boutique-du-mail_clipped_rev_1.jpeg\" \/>\n\t<meta property=\"og:image:width\" content=\"1726\" \/>\n\t<meta property=\"og:image:height\" content=\"1726\" \/>\n\t<meta property=\"og:image:type\" content=\"image\/jpeg\" \/>\n<meta name=\"twitter:card\" content=\"summary_large_image\" \/>\n<script type=\"application\/ld+json\" class=\"yoast-schema-graph\">{\"@context\":\"https:\\\/\\\/schema.org\",\"@graph\":[{\"@type\":\"WebPage\",\"@id\":\"https:\\\/\\\/lalmachine.com\\\/de\\\/shop\\\/decorer\\\/art-and-co\\\/lithographie-encadree-de-jacques-perrenoud-1967\\\/\",\"url\":\"https:\\\/\\\/lalmachine.com\\\/de\\\/shop\\\/decorer\\\/art-and-co\\\/lithographie-encadree-de-jacques-perrenoud-1967\\\/\",\"name\":\"VENTE FLASH - Lithographie encadr\u00e9e de Jacques Perrenoud 1967 | lalmachine.com\",\"isPartOf\":{\"@id\":\"https:\\\/\\\/lalmachine.com\\\/#website\"},\"primaryImageOfPage\":{\"@id\":\"https:\\\/\\\/lalmachine.com\\\/de\\\/shop\\\/decorer\\\/art-and-co\\\/lithographie-encadree-de-jacques-perrenoud-1967\\\/#primaryimage\"},\"image\":{\"@id\":\"https:\\\/\\\/lalmachine.com\\\/de\\\/shop\\\/decorer\\\/art-and-co\\\/lithographie-encadree-de-jacques-perrenoud-1967\\\/#primaryimage\"},\"thumbnailUrl\":\"https:\\\/\\\/lalmachine.com\\\/wp-content\\\/uploads\\\/2023\\\/02\\\/lithographie-jacques-perrenoud-estampe-vintage-boutique-du-mail_clipped_rev_1.jpeg\",\"datePublished\":\"2023-02-18T14:12:50+00:00\",\"dateModified\":\"2024-12-05T21:00:15+00:00\",\"description\":\"Epreuve d\u2019artiste sign\u00e9e au crayon. L\u2019encadrement est soign\u00e9, avec une baguette rehauss\u00e9e d\u2019or.\",\"breadcrumb\":{\"@id\":\"https:\\\/\\\/lalmachine.com\\\/de\\\/shop\\\/decorer\\\/art-and-co\\\/lithographie-encadree-de-jacques-perrenoud-1967\\\/#breadcrumb\"},\"inLanguage\":\"de\",\"potentialAction\":[{\"@type\":\"ReadAction\",\"target\":[\"https:\\\/\\\/lalmachine.com\\\/de\\\/shop\\\/decorer\\\/art-and-co\\\/lithographie-encadree-de-jacques-perrenoud-1967\\\/\"]}]},{\"@type\":\"ImageObject\",\"inLanguage\":\"de\",\"@id\":\"https:\\\/\\\/lalmachine.com\\\/de\\\/shop\\\/decorer\\\/art-and-co\\\/lithographie-encadree-de-jacques-perrenoud-1967\\\/#primaryimage\",\"url\":\"https:\\\/\\\/lalmachine.com\\\/wp-content\\\/uploads\\\/2023\\\/02\\\/lithographie-jacques-perrenoud-estampe-vintage-boutique-du-mail_clipped_rev_1.jpeg\",\"contentUrl\":\"https:\\\/\\\/lalmachine.com\\\/wp-content\\\/uploads\\\/2023\\\/02\\\/lithographie-jacques-perrenoud-estampe-vintage-boutique-du-mail_clipped_rev_1.jpeg\",\"width\":1726,\"height\":1726,\"caption\":\"Lithographie Jacques Perrenoud\"},{\"@type\":\"BreadcrumbList\",\"@id\":\"https:\\\/\\\/lalmachine.com\\\/de\\\/shop\\\/decorer\\\/art-and-co\\\/lithographie-encadree-de-jacques-perrenoud-1967\\\/#breadcrumb\",\"itemListElement\":[{\"@type\":\"ListItem\",\"position\":1,\"name\":\"Accueil\",\"item\":\"https:\\\/\\\/lalmachine.com\\\/\"},{\"@type\":\"ListItem\",\"position\":2,\"name\":\"Shop\",\"item\":\"https:\\\/\\\/lalmachine.com\\\/shop\\\/\"},{\"@type\":\"ListItem\",\"position\":3,\"name\":\"VENTE FLASH &#8211; Lithographie encadr\u00e9e de Jacques Perrenoud 1967\"}]},{\"@type\":\"WebSite\",\"@id\":\"https:\\\/\\\/lalmachine.com\\\/#website\",\"url\":\"https:\\\/\\\/lalmachine.com\\\/\",\"name\":\"lalmachine.com\",\"description\":\"Brocante en ligne Suisse | Mobilier et objets d\u00e9co vintage et design\",\"potentialAction\":[{\"@type\":\"SearchAction\",\"target\":{\"@type\":\"EntryPoint\",\"urlTemplate\":\"https:\\\/\\\/lalmachine.com\\\/?s={search_term_string}\"},\"query-input\":{\"@type\":\"PropertyValueSpecification\",\"valueRequired\":true,\"valueName\":\"search_term_string\"}}],\"inLanguage\":\"de\"}]}<\/script>\n<!-- \/ Yoast SEO plugin. -->","yoast_head_json":{"title":"VENTE FLASH - Lithographie encadr\u00e9e de Jacques Perrenoud 1967 | lalmachine.com","description":"Epreuve d\u2019artiste sign\u00e9e au crayon. L\u2019encadrement est soign\u00e9, avec une baguette rehauss\u00e9e d\u2019or.","robots":{"index":"index","follow":"follow","max-snippet":"max-snippet:-1","max-image-preview":"max-image-preview:large","max-video-preview":"max-video-preview:-1"},"canonical":"https:\/\/lalmachine.com\/de\/shop\/decorer\/art-and-co\/lithographie-encadree-de-jacques-perrenoud-1967\/","og_locale":"de_DE","og_type":"article","og_title":"VENTE FLASH - Lithographie encadr\u00e9e de Jacques Perrenoud 1967 | lalmachine.com","og_description":"Epreuve d\u2019artiste sign\u00e9e au crayon. L\u2019encadrement est soign\u00e9, avec une baguette rehauss\u00e9e d\u2019or.","og_url":"https:\/\/lalmachine.com\/de\/shop\/decorer\/art-and-co\/lithographie-encadree-de-jacques-perrenoud-1967\/","og_site_name":"lalmachine.com","article_publisher":"https:\/\/facebook.com\/lalmachine","article_modified_time":"2024-12-05T21:00:15+00:00","og_image":[{"width":1726,"height":1726,"url":"https:\/\/lalmachine.com\/wp-content\/uploads\/2023\/02\/lithographie-jacques-perrenoud-estampe-vintage-boutique-du-mail_clipped_rev_1.jpeg","type":"image\/jpeg"}],"twitter_card":"summary_large_image","schema":{"@context":"https:\/\/schema.org","@graph":[{"@type":"WebPage","@id":"https:\/\/lalmachine.com\/de\/shop\/decorer\/art-and-co\/lithographie-encadree-de-jacques-perrenoud-1967\/","url":"https:\/\/lalmachine.com\/de\/shop\/decorer\/art-and-co\/lithographie-encadree-de-jacques-perrenoud-1967\/","name":"VENTE FLASH - Lithographie encadr\u00e9e de Jacques Perrenoud 1967 | lalmachine.com","isPartOf":{"@id":"https:\/\/lalmachine.com\/#website"},"primaryImageOfPage":{"@id":"https:\/\/lalmachine.com\/de\/shop\/decorer\/art-and-co\/lithographie-encadree-de-jacques-perrenoud-1967\/#primaryimage"},"image":{"@id":"https:\/\/lalmachine.com\/de\/shop\/decorer\/art-and-co\/lithographie-encadree-de-jacques-perrenoud-1967\/#primaryimage"},"thumbnailUrl":"https:\/\/lalmachine.com\/wp-content\/uploads\/2023\/02\/lithographie-jacques-perrenoud-estampe-vintage-boutique-du-mail_clipped_rev_1.jpeg","datePublished":"2023-02-18T14:12:50+00:00","dateModified":"2024-12-05T21:00:15+00:00","description":"Epreuve d\u2019artiste sign\u00e9e au crayon. L\u2019encadrement est soign\u00e9, avec une baguette rehauss\u00e9e d\u2019or.","breadcrumb":{"@id":"https:\/\/lalmachine.com\/de\/shop\/decorer\/art-and-co\/lithographie-encadree-de-jacques-perrenoud-1967\/#breadcrumb"},"inLanguage":"de","potentialAction":[{"@type":"ReadAction","target":["https:\/\/lalmachine.com\/de\/shop\/decorer\/art-and-co\/lithographie-encadree-de-jacques-perrenoud-1967\/"]}]},{"@type":"ImageObject","inLanguage":"de","@id":"https:\/\/lalmachine.com\/de\/shop\/decorer\/art-and-co\/lithographie-encadree-de-jacques-perrenoud-1967\/#primaryimage","url":"https:\/\/lalmachine.com\/wp-content\/uploads\/2023\/02\/lithographie-jacques-perrenoud-estampe-vintage-boutique-du-mail_clipped_rev_1.jpeg","contentUrl":"https:\/\/lalmachine.com\/wp-content\/uploads\/2023\/02\/lithographie-jacques-perrenoud-estampe-vintage-boutique-du-mail_clipped_rev_1.jpeg","width":1726,"height":1726,"caption":"Lithographie Jacques Perrenoud"},{"@type":"BreadcrumbList","@id":"https:\/\/lalmachine.com\/de\/shop\/decorer\/art-and-co\/lithographie-encadree-de-jacques-perrenoud-1967\/#breadcrumb","itemListElement":[{"@type":"ListItem","position":1,"name":"Accueil","item":"https:\/\/lalmachine.com\/"},{"@type":"ListItem","position":2,"name":"Shop","item":"https:\/\/lalmachine.com\/shop\/"},{"@type":"ListItem","position":3,"name":"VENTE FLASH &#8211; Lithographie encadr\u00e9e de Jacques Perrenoud 1967"}]},{"@type":"WebSite","@id":"https:\/\/lalmachine.com\/#website","url":"https:\/\/lalmachine.com\/","name":"lalmachine.com","description":"Brocante en ligne Suisse | Mobilier et objets d\u00e9co vintage et design","potentialAction":[{"@type":"SearchAction","target":{"@type":"EntryPoint","urlTemplate":"https:\/\/lalmachine.com\/?s={search_term_string}"},"query-input":{"@type":"PropertyValueSpecification","valueRequired":true,"valueName":"search_term_string"}}],"inLanguage":"de"}]}},"_links":{"self":[{"href":"https:\/\/lalmachine.com\/de\/wp-json\/wp\/v2\/product\/299916","targetHints":{"allow":["GET"]}}],"collection":[{"href":"https:\/\/lalmachine.com\/de\/wp-json\/wp\/v2\/product"}],"about":[{"href":"https:\/\/lalmachine.com\/de\/wp-json\/wp\/v2\/types\/product"}],"wp:featuredmedia":[{"embeddable":true,"href":"https:\/\/lalmachine.com\/de\/wp-json\/wp\/v2\/media\/299951"}],"wp:attachment":[{"href":"https:\/\/lalmachine.com\/de\/wp-json\/wp\/v2\/media?parent=299916"}],"wp:term":[{"taxonomy":"product_brand","embeddable":true,"href":"https:\/\/lalmachine.com\/de\/wp-json\/wp\/v2\/product_brand?post=299916"},{"taxonomy":"product_cat","embeddable":true,"href":"https:\/\/lalmachine.com\/de\/wp-json\/wp\/v2\/product_cat?post=299916"},{"taxonomy":"product_tag","embeddable":true,"href":"https:\/\/lalmachine.com\/de\/wp-json\/wp\/v2\/product_tag?post=299916"},{"taxonomy":"proximite","embeddable":true,"href":"https:\/\/lalmachine.com\/de\/wp-json\/wp\/v2\/proximite?post=299916"}],"curies":[{"name":"wp","href":"https:\/\/api.w.org\/{rel}","templated":true}]}}