{"id":300233,"date":"2023-02-22T08:24:43","date_gmt":"2023-02-22T07:24:43","guid":{"rendered":"https:\/\/lalmachine.com\/?post_type=product&#038;p=300233"},"modified":"2024-12-05T22:00:16","modified_gmt":"2024-12-05T21:00:16","slug":"coiffeuse-bureau-dal-vera-conegliano","status":"publish","type":"product","link":"https:\/\/lalmachine.com\/de\/shop\/meubler\/bureau\/coiffeuse-bureau-dal-vera-conegliano\/","title":{"rendered":"Coiffeuse bureau Dal Vera \u00ab\u00a0Conegliano\u00a0\u00bb"},"content":{"rendered":"<ul class=\"wpuf_customs\"><li style=\"list-style-type:none;\"><label>Autres photos:<\/label> <a href=\"https:\/\/lalmachine.com\/wp-content\/uploads\/2023\/02\/CD9CFED3-5BBF-445C-B0C5-2699A2209756-scaled.jpeg\"><img loading=\"lazy\" decoding=\"async\" width=\"61\" height=\"96\" src=\"https:\/\/lalmachine.com\/wp-content\/uploads\/2023\/02\/CD9CFED3-5BBF-445C-B0C5-2699A2209756-scaled.jpeg\" class=\"attachment-thumbnail size-thumbnail\" alt=\"\" \/><\/a> <a href=\"https:\/\/lalmachine.com\/wp-content\/uploads\/2023\/02\/547543EF-F64C-432B-A71D-D9CE098EA126-scaled.jpeg\"><img loading=\"lazy\" decoding=\"async\" width=\"62\" height=\"96\" src=\"https:\/\/lalmachine.com\/wp-content\/uploads\/2023\/02\/547543EF-F64C-432B-A71D-D9CE098EA126-scaled.jpeg\" class=\"attachment-thumbnail size-thumbnail\" alt=\"\" \/><\/a> <a href=\"https:\/\/lalmachine.com\/wp-content\/uploads\/2023\/02\/7A65973B-5112-45C8-A778-DCDF6185B4A0-scaled.jpeg\"><img loading=\"lazy\" decoding=\"async\" width=\"64\" height=\"96\" src=\"https:\/\/lalmachine.com\/wp-content\/uploads\/2023\/02\/7A65973B-5112-45C8-A778-DCDF6185B4A0-scaled.jpeg\" class=\"attachment-thumbnail size-thumbnail\" alt=\"\" \/><\/a> <a href=\"https:\/\/lalmachine.com\/wp-content\/uploads\/2023\/02\/CB9C15A1-445A-48C8-835E-15617AE6DB3C-scaled.jpeg\"><img loading=\"lazy\" decoding=\"async\" width=\"64\" height=\"96\" src=\"https:\/\/lalmachine.com\/wp-content\/uploads\/2023\/02\/CB9C15A1-445A-48C8-835E-15617AE6DB3C-scaled.jpeg\" class=\"attachment-thumbnail size-thumbnail\" alt=\"\" \/><\/a> <a href=\"https:\/\/lalmachine.com\/wp-content\/uploads\/2023\/02\/C71FC973-CEA8-4701-A287-D0885CC30768-scaled.jpeg\"><img loading=\"lazy\" decoding=\"async\" width=\"64\" height=\"96\" src=\"https:\/\/lalmachine.com\/wp-content\/uploads\/2023\/02\/C71FC973-CEA8-4701-A287-D0885CC30768-scaled.jpeg\" class=\"attachment-thumbnail size-thumbnail\" alt=\"\" \/><\/a> <a href=\"https:\/\/lalmachine.com\/wp-content\/uploads\/2023\/02\/06C72BB2-7E8B-4E3C-A6B6-9858A95BDD8D-scaled.jpeg\"><img loading=\"lazy\" decoding=\"async\" width=\"64\" height=\"96\" src=\"https:\/\/lalmachine.com\/wp-content\/uploads\/2023\/02\/06C72BB2-7E8B-4E3C-A6B6-9858A95BDD8D-scaled.jpeg\" class=\"attachment-thumbnail size-thumbnail\" alt=\"\" \/><\/a> <a href=\"https:\/\/lalmachine.com\/wp-content\/uploads\/2023\/02\/D3306A04-5F28-44C5-8069-CCE3FA53E8C9-scaled.jpeg\"><img loading=\"lazy\" decoding=\"async\" width=\"64\" height=\"96\" src=\"https:\/\/lalmachine.com\/wp-content\/uploads\/2023\/02\/D3306A04-5F28-44C5-8069-CCE3FA53E8C9-scaled.jpeg\" class=\"attachment-thumbnail size-thumbnail\" alt=\"\" \/><\/a> <\/li>        <li class=\"wpuf-field-data wpuf-field-data-numeric_text_field\">\n                            <label>Prix:<\/label>\n                        520        <\/li>\n                <li class=\"wpuf-field-data wpuf-field-data-numeric_text_field\">\n                            <label>Hauteur (cm):<\/label>\n                        75        <\/li>\n                <li class=\"wpuf-field-data wpuf-field-data-numeric_text_field\">\n                            <label>Largeur (cm):<\/label>\n                        120        <\/li>\n                <li class=\"wpuf-field-data wpuf-field-data-numeric_text_field\">\n                            <label>Profondeur (cm):<\/label>\n                        59        <\/li>\n        <\/ul>","protected":false},"excerpt":{"rendered":"<p>Authentique vanity \/ bureau vintage de la soci\u00e9t\u00e9 iconique Dal Vera Mobili qui a produit ces meubles en rotin et bambou tr\u00e8s solides et tr\u00e8s r\u00e9sistants jusqu\u2019aux les ann\u00e9es 80.<\/p>\n<p>En tr\u00e8s bon \u00e9tat. Les int\u00e9rieurs des tiroirs ont \u00e9t\u00e9 marqu\u00e9s par diverses taches d&rsquo;encre, de maquillage, etc., donc je les ai tous doubl\u00e9s d&rsquo;un beau papier compl\u00e9mentaire. Il peut \u00eatre enlev\u00e9 si vous choisissez de le faire.<\/p>\n<p>Voir les annonces s\u00e9par\u00e9es pour le miroir et la chaise.<\/p>\n<p>Livraison possible en fonction de la distance<\/p>","protected":false},"featured_media":300449,"template":"","meta":{"_et_pb_use_builder":"","_et_pb_old_content":"","_et_gb_content_width":""},"product_brand":[],"product_cat":[85,47],"product_tag":[],"proximite":[282,179],"class_list":{"0":"post-300233","1":"product","2":"type-product","3":"status-publish","4":"has-post-thumbnail","6":"product_cat-bureau","7":"product_cat-meubler","8":"pa_couleur-bois","9":"pa_etat-tres-bon-etat","10":"pa_materiau-rotin-osier","11":"pa_style-vintage","12":"proximite-ouest-lausannois","13":"proximite-vaud","15":"first","16":"outofstock","17":"shipping-taxable","18":"purchasable","19":"product-type-simple"},"yoast_head":"<!-- This site is optimized with the Yoast SEO plugin v27.4 - https:\/\/yoast.com\/product\/yoast-seo-wordpress\/ -->\n<title>Coiffeuse bureau Dal Vera &quot;Conegliano&quot; | lalmachine.com<\/title>\n<meta name=\"description\" content=\"Authentique vanity \/ bureau vintage de la soci\u00e9t\u00e9 iconique Dal Vera Mobili\" \/>\n<meta name=\"robots\" content=\"index, follow, max-snippet:-1, max-image-preview:large, max-video-preview:-1\" \/>\n<link rel=\"canonical\" href=\"https:\/\/lalmachine.com\/de\/shop\/meubler\/bureau\/coiffeuse-bureau-dal-vera-conegliano\/\" \/>\n<meta property=\"og:locale\" content=\"de_DE\" \/>\n<meta property=\"og:type\" content=\"article\" \/>\n<meta property=\"og:title\" content=\"Coiffeuse bureau Dal Vera &quot;Conegliano&quot; | lalmachine.com\" \/>\n<meta property=\"og:description\" content=\"Authentique vanity \/ bureau vintage de la soci\u00e9t\u00e9 iconique Dal Vera Mobili\" \/>\n<meta property=\"og:url\" content=\"https:\/\/lalmachine.com\/de\/shop\/meubler\/bureau\/coiffeuse-bureau-dal-vera-conegliano\/\" \/>\n<meta property=\"og:site_name\" content=\"lalmachine.com\" \/>\n<meta property=\"article:publisher\" content=\"https:\/\/facebook.com\/lalmachine\" \/>\n<meta property=\"article:modified_time\" content=\"2024-12-05T21:00:16+00:00\" \/>\n<meta property=\"og:image\" content=\"https:\/\/lalmachine.com\/wp-content\/uploads\/2023\/02\/Pasted-20230222-081900_clipped_rev_1.jpeg\" \/>\n\t<meta property=\"og:image:width\" content=\"2136\" \/>\n\t<meta property=\"og:image:height\" content=\"2137\" \/>\n\t<meta property=\"og:image:type\" content=\"image\/jpeg\" \/>\n<meta name=\"twitter:card\" content=\"summary_large_image\" \/>\n<script type=\"application\/ld+json\" class=\"yoast-schema-graph\">{\"@context\":\"https:\\\/\\\/schema.org\",\"@graph\":[{\"@type\":\"WebPage\",\"@id\":\"https:\\\/\\\/lalmachine.com\\\/shop\\\/meubler\\\/bureau\\\/coiffeuse-bureau-dal-vera-conegliano\\\/\",\"url\":\"https:\\\/\\\/lalmachine.com\\\/shop\\\/meubler\\\/bureau\\\/coiffeuse-bureau-dal-vera-conegliano\\\/\",\"name\":\"Coiffeuse bureau Dal Vera \\\"Conegliano\\\" | lalmachine.com\",\"isPartOf\":{\"@id\":\"https:\\\/\\\/lalmachine.com\\\/#website\"},\"primaryImageOfPage\":{\"@id\":\"https:\\\/\\\/lalmachine.com\\\/shop\\\/meubler\\\/bureau\\\/coiffeuse-bureau-dal-vera-conegliano\\\/#primaryimage\"},\"image\":{\"@id\":\"https:\\\/\\\/lalmachine.com\\\/shop\\\/meubler\\\/bureau\\\/coiffeuse-bureau-dal-vera-conegliano\\\/#primaryimage\"},\"thumbnailUrl\":\"https:\\\/\\\/lalmachine.com\\\/wp-content\\\/uploads\\\/2023\\\/02\\\/Pasted-20230222-081900_clipped_rev_1.jpeg\",\"datePublished\":\"2023-02-22T07:24:43+00:00\",\"dateModified\":\"2024-12-05T21:00:16+00:00\",\"description\":\"Authentique vanity \\\/ bureau vintage de la soci\u00e9t\u00e9 iconique Dal Vera Mobili\",\"breadcrumb\":{\"@id\":\"https:\\\/\\\/lalmachine.com\\\/shop\\\/meubler\\\/bureau\\\/coiffeuse-bureau-dal-vera-conegliano\\\/#breadcrumb\"},\"inLanguage\":\"de\",\"potentialAction\":[{\"@type\":\"ReadAction\",\"target\":[\"https:\\\/\\\/lalmachine.com\\\/shop\\\/meubler\\\/bureau\\\/coiffeuse-bureau-dal-vera-conegliano\\\/\"]}]},{\"@type\":\"ImageObject\",\"inLanguage\":\"de\",\"@id\":\"https:\\\/\\\/lalmachine.com\\\/shop\\\/meubler\\\/bureau\\\/coiffeuse-bureau-dal-vera-conegliano\\\/#primaryimage\",\"url\":\"https:\\\/\\\/lalmachine.com\\\/wp-content\\\/uploads\\\/2023\\\/02\\\/Pasted-20230222-081900_clipped_rev_1.jpeg\",\"contentUrl\":\"https:\\\/\\\/lalmachine.com\\\/wp-content\\\/uploads\\\/2023\\\/02\\\/Pasted-20230222-081900_clipped_rev_1.jpeg\",\"width\":2136,\"height\":2137,\"caption\":\"Coiffeuse bureau Dal Vera\"},{\"@type\":\"BreadcrumbList\",\"@id\":\"https:\\\/\\\/lalmachine.com\\\/shop\\\/meubler\\\/bureau\\\/coiffeuse-bureau-dal-vera-conegliano\\\/#breadcrumb\",\"itemListElement\":[{\"@type\":\"ListItem\",\"position\":1,\"name\":\"Accueil\",\"item\":\"https:\\\/\\\/lalmachine.com\\\/\"},{\"@type\":\"ListItem\",\"position\":2,\"name\":\"Shop\",\"item\":\"https:\\\/\\\/lalmachine.com\\\/shop\\\/\"},{\"@type\":\"ListItem\",\"position\":3,\"name\":\"Coiffeuse bureau Dal Vera &#8220;Conegliano&#8221;\"}]},{\"@type\":\"WebSite\",\"@id\":\"https:\\\/\\\/lalmachine.com\\\/#website\",\"url\":\"https:\\\/\\\/lalmachine.com\\\/\",\"name\":\"lalmachine.com\",\"description\":\"Brocante en ligne Suisse | Mobilier et objets d\u00e9co vintage et design\",\"potentialAction\":[{\"@type\":\"SearchAction\",\"target\":{\"@type\":\"EntryPoint\",\"urlTemplate\":\"https:\\\/\\\/lalmachine.com\\\/?s={search_term_string}\"},\"query-input\":{\"@type\":\"PropertyValueSpecification\",\"valueRequired\":true,\"valueName\":\"search_term_string\"}}],\"inLanguage\":\"de\"}]}<\/script>\n<!-- \/ Yoast SEO plugin. -->","yoast_head_json":{"title":"Coiffeuse bureau Dal Vera \"Conegliano\" | lalmachine.com","description":"Authentique vanity \/ bureau vintage de la soci\u00e9t\u00e9 iconique Dal Vera Mobili","robots":{"index":"index","follow":"follow","max-snippet":"max-snippet:-1","max-image-preview":"max-image-preview:large","max-video-preview":"max-video-preview:-1"},"canonical":"https:\/\/lalmachine.com\/de\/shop\/meubler\/bureau\/coiffeuse-bureau-dal-vera-conegliano\/","og_locale":"de_DE","og_type":"article","og_title":"Coiffeuse bureau Dal Vera \"Conegliano\" | lalmachine.com","og_description":"Authentique vanity \/ bureau vintage de la soci\u00e9t\u00e9 iconique Dal Vera Mobili","og_url":"https:\/\/lalmachine.com\/de\/shop\/meubler\/bureau\/coiffeuse-bureau-dal-vera-conegliano\/","og_site_name":"lalmachine.com","article_publisher":"https:\/\/facebook.com\/lalmachine","article_modified_time":"2024-12-05T21:00:16+00:00","og_image":[{"width":2136,"height":2137,"url":"https:\/\/lalmachine.com\/wp-content\/uploads\/2023\/02\/Pasted-20230222-081900_clipped_rev_1.jpeg","type":"image\/jpeg"}],"twitter_card":"summary_large_image","schema":{"@context":"https:\/\/schema.org","@graph":[{"@type":"WebPage","@id":"https:\/\/lalmachine.com\/shop\/meubler\/bureau\/coiffeuse-bureau-dal-vera-conegliano\/","url":"https:\/\/lalmachine.com\/shop\/meubler\/bureau\/coiffeuse-bureau-dal-vera-conegliano\/","name":"Coiffeuse bureau Dal Vera \"Conegliano\" | lalmachine.com","isPartOf":{"@id":"https:\/\/lalmachine.com\/#website"},"primaryImageOfPage":{"@id":"https:\/\/lalmachine.com\/shop\/meubler\/bureau\/coiffeuse-bureau-dal-vera-conegliano\/#primaryimage"},"image":{"@id":"https:\/\/lalmachine.com\/shop\/meubler\/bureau\/coiffeuse-bureau-dal-vera-conegliano\/#primaryimage"},"thumbnailUrl":"https:\/\/lalmachine.com\/wp-content\/uploads\/2023\/02\/Pasted-20230222-081900_clipped_rev_1.jpeg","datePublished":"2023-02-22T07:24:43+00:00","dateModified":"2024-12-05T21:00:16+00:00","description":"Authentique vanity \/ bureau vintage de la soci\u00e9t\u00e9 iconique Dal Vera Mobili","breadcrumb":{"@id":"https:\/\/lalmachine.com\/shop\/meubler\/bureau\/coiffeuse-bureau-dal-vera-conegliano\/#breadcrumb"},"inLanguage":"de","potentialAction":[{"@type":"ReadAction","target":["https:\/\/lalmachine.com\/shop\/meubler\/bureau\/coiffeuse-bureau-dal-vera-conegliano\/"]}]},{"@type":"ImageObject","inLanguage":"de","@id":"https:\/\/lalmachine.com\/shop\/meubler\/bureau\/coiffeuse-bureau-dal-vera-conegliano\/#primaryimage","url":"https:\/\/lalmachine.com\/wp-content\/uploads\/2023\/02\/Pasted-20230222-081900_clipped_rev_1.jpeg","contentUrl":"https:\/\/lalmachine.com\/wp-content\/uploads\/2023\/02\/Pasted-20230222-081900_clipped_rev_1.jpeg","width":2136,"height":2137,"caption":"Coiffeuse bureau Dal Vera"},{"@type":"BreadcrumbList","@id":"https:\/\/lalmachine.com\/shop\/meubler\/bureau\/coiffeuse-bureau-dal-vera-conegliano\/#breadcrumb","itemListElement":[{"@type":"ListItem","position":1,"name":"Accueil","item":"https:\/\/lalmachine.com\/"},{"@type":"ListItem","position":2,"name":"Shop","item":"https:\/\/lalmachine.com\/shop\/"},{"@type":"ListItem","position":3,"name":"Coiffeuse bureau Dal Vera &#8220;Conegliano&#8221;"}]},{"@type":"WebSite","@id":"https:\/\/lalmachine.com\/#website","url":"https:\/\/lalmachine.com\/","name":"lalmachine.com","description":"Brocante en ligne Suisse | Mobilier et objets d\u00e9co vintage et design","potentialAction":[{"@type":"SearchAction","target":{"@type":"EntryPoint","urlTemplate":"https:\/\/lalmachine.com\/?s={search_term_string}"},"query-input":{"@type":"PropertyValueSpecification","valueRequired":true,"valueName":"search_term_string"}}],"inLanguage":"de"}]}},"_links":{"self":[{"href":"https:\/\/lalmachine.com\/de\/wp-json\/wp\/v2\/product\/300233","targetHints":{"allow":["GET"]}}],"collection":[{"href":"https:\/\/lalmachine.com\/de\/wp-json\/wp\/v2\/product"}],"about":[{"href":"https:\/\/lalmachine.com\/de\/wp-json\/wp\/v2\/types\/product"}],"wp:featuredmedia":[{"embeddable":true,"href":"https:\/\/lalmachine.com\/de\/wp-json\/wp\/v2\/media\/300449"}],"wp:attachment":[{"href":"https:\/\/lalmachine.com\/de\/wp-json\/wp\/v2\/media?parent=300233"}],"wp:term":[{"taxonomy":"product_brand","embeddable":true,"href":"https:\/\/lalmachine.com\/de\/wp-json\/wp\/v2\/product_brand?post=300233"},{"taxonomy":"product_cat","embeddable":true,"href":"https:\/\/lalmachine.com\/de\/wp-json\/wp\/v2\/product_cat?post=300233"},{"taxonomy":"product_tag","embeddable":true,"href":"https:\/\/lalmachine.com\/de\/wp-json\/wp\/v2\/product_tag?post=300233"},{"taxonomy":"proximite","embeddable":true,"href":"https:\/\/lalmachine.com\/de\/wp-json\/wp\/v2\/proximite?post=300233"}],"curies":[{"name":"wp","href":"https:\/\/api.w.org\/{rel}","templated":true}]}}