{"id":301909,"date":"2023-03-10T17:12:17","date_gmt":"2023-03-10T16:12:17","guid":{"rendered":"https:\/\/lalmachine.com\/?post_type=product&#038;p=301909"},"modified":"2025-09-12T17:31:12","modified_gmt":"2025-09-12T15:31:12","slug":"vase-esprit-art-deco-de-marcel-noverraz","status":"publish","type":"product","link":"https:\/\/lalmachine.com\/de\/shop\/decorer\/vase-ceramique\/vase-esprit-art-deco-de-marcel-noverraz\/","title":{"rendered":"Vase esprit Art d\u00e9co de Marcel Noverraz"},"content":{"rendered":"<ul class=\"wpuf_customs\"><li style=\"list-style-type:none;\"><label>Autres photos:<\/label> <a href=\"https:\/\/lalmachine.com\/wp-content\/uploads\/2023\/03\/marcel-noverraz-ceramique-la-boutique-du-mail-geneve.jpg\"><img loading=\"lazy\" decoding=\"async\" width=\"72\" height=\"96\" src=\"https:\/\/lalmachine.com\/wp-content\/uploads\/2023\/03\/marcel-noverraz-ceramique-la-boutique-du-mail-geneve.jpg\" class=\"attachment-thumbnail size-thumbnail\" alt=\"\" \/><\/a> <a href=\"https:\/\/lalmachine.com\/wp-content\/uploads\/2023\/03\/vase-ceramique-marcel-noverraz-la-boutique-du-mail-geneve.jpg\"><img loading=\"lazy\" decoding=\"async\" width=\"72\" height=\"96\" src=\"https:\/\/lalmachine.com\/wp-content\/uploads\/2023\/03\/vase-ceramique-marcel-noverraz-la-boutique-du-mail-geneve.jpg\" class=\"attachment-thumbnail size-thumbnail\" alt=\"\" \/><\/a> <a href=\"https:\/\/lalmachine.com\/wp-content\/uploads\/2023\/03\/vase-cermique-noverraz-la-boutique-du-mail-geneve.jpg\"><img loading=\"lazy\" decoding=\"async\" width=\"72\" height=\"96\" src=\"https:\/\/lalmachine.com\/wp-content\/uploads\/2023\/03\/vase-cermique-noverraz-la-boutique-du-mail-geneve.jpg\" class=\"attachment-thumbnail size-thumbnail\" alt=\"\" \/><\/a> <a href=\"https:\/\/lalmachine.com\/wp-content\/uploads\/2023\/03\/signature-noverraz-ceramiste-la-boutique-du-mail-geneve.jpg\"><img loading=\"lazy\" decoding=\"async\" width=\"72\" height=\"96\" src=\"https:\/\/lalmachine.com\/wp-content\/uploads\/2023\/03\/signature-noverraz-ceramiste-la-boutique-du-mail-geneve.jpg\" class=\"attachment-thumbnail size-thumbnail\" alt=\"\" \/><\/a> <\/li>        <li class=\"wpuf-field-data wpuf-field-data-numeric_text_field\">\n                            <label>Prix:<\/label>\n                        150        <\/li>\n                <li class=\"wpuf-field-data wpuf-field-data-numeric_text_field\">\n                            <label>Quantit\u00e9:<\/label>\n                        0        <\/li>\n                <li class=\"wpuf-field-data wpuf-field-data-numeric_text_field\">\n                            <label>Hauteur (cm):<\/label>\n                        22        <\/li>\n                <li class=\"wpuf-field-data wpuf-field-data-numeric_text_field\">\n                            <label>Largeur (cm):<\/label>\n                        14        <\/li>\n        <\/ul>","protected":false},"excerpt":{"rendered":"<p>Vase epoque XX\u00e8me si\u00e8cle de Marcel Noverraz (1899-1972).<\/p>\n<p>Marcel Noverraz suit une formation de potier chez Edouard Knecht \u00e0 Carouge. En 1922, il s\u2019installe dans l&rsquo;ancienne tuilerie de Carouge qui deviendra la Poterie de La Chapelle. En 1926, il obtient la bourse f\u00e9d\u00e9rale des arts appliqu\u00e9s. D\u00e8s 1924, il cr\u00e9e des c\u00e9ramiques color\u00e9es au d\u00e9cor g\u00e9om\u00e9trique dans l&rsquo;esprit Art d\u00e9co. A partir de 1932, il produit parall\u00e8lement, second\u00e9 par ses ouvriers, une poterie utilitaire et comm\u00e9morative. Il enseigne \u00e0 l&rsquo;\u00e9cole des arts d\u00e9coratifs de Gen\u00e8ve de 1949 \u00e0 1952. Marcel Noverraz est l&rsquo;un des c\u00e9ramistes suisses les plus importants de la premi\u00e8re moiti\u00e9 du XXe s. Quelques-unes de ses pi\u00e8ces font partie de la collection du mus\u00e9e de l\u2019Ariana \u00e0 Gen\u00e8ve.<\/p>","protected":false},"featured_media":301953,"template":"","meta":{"_et_pb_use_builder":"","_et_pb_old_content":"","_et_gb_content_width":""},"product_brand":[],"product_cat":[50,400],"product_tag":[],"proximite":[180],"class_list":{"0":"post-301909","1":"product","2":"type-product","3":"status-publish","4":"has-post-thumbnail","6":"product_cat-decorer","7":"product_cat-vase-ceramique","8":"product_shipping_class-10-30-kg","9":"pa_couleur-blanc","10":"pa_etat-tres-bon-etat","11":"pa_materiau-ceramique","12":"pa_style-vintage","13":"proximite-geneve","15":"first","16":"outofstock","17":"shipping-taxable","18":"purchasable","19":"product-type-simple"},"yoast_head":"<!-- This site is optimized with the Yoast SEO plugin v27.4 - https:\/\/yoast.com\/product\/yoast-seo-wordpress\/ -->\n<title>Vase esprit Art d\u00e9co de Marcel Noverraz | lalmachine.com<\/title>\n<meta name=\"description\" content=\"Vase epoque XXe de Marcel Noverraz (1899-1972).\" \/>\n<meta name=\"robots\" content=\"index, follow, max-snippet:-1, max-image-preview:large, max-video-preview:-1\" \/>\n<link rel=\"canonical\" href=\"https:\/\/lalmachine.com\/de\/shop\/decorer\/vase-ceramique\/vase-esprit-art-deco-de-marcel-noverraz\/\" \/>\n<meta property=\"og:locale\" content=\"de_DE\" \/>\n<meta property=\"og:type\" content=\"article\" \/>\n<meta property=\"og:title\" content=\"Vase esprit Art d\u00e9co de Marcel Noverraz | lalmachine.com\" \/>\n<meta property=\"og:description\" content=\"Vase epoque XXe de Marcel Noverraz (1899-1972).\" \/>\n<meta property=\"og:url\" content=\"https:\/\/lalmachine.com\/de\/shop\/decorer\/vase-ceramique\/vase-esprit-art-deco-de-marcel-noverraz\/\" \/>\n<meta property=\"og:site_name\" content=\"lalmachine.com\" \/>\n<meta property=\"article:publisher\" content=\"https:\/\/facebook.com\/lalmachine\" \/>\n<meta property=\"article:modified_time\" content=\"2025-09-12T15:31:12+00:00\" \/>\n<meta property=\"og:image\" content=\"https:\/\/lalmachine.com\/wp-content\/uploads\/2023\/03\/ceramiste-noverraz-vente-la-boutique-du-mail-geneve_clipped_rev_1.jpeg\" \/>\n\t<meta property=\"og:image:width\" content=\"1548\" \/>\n\t<meta property=\"og:image:height\" content=\"1547\" \/>\n\t<meta property=\"og:image:type\" content=\"image\/jpeg\" \/>\n<meta name=\"twitter:card\" content=\"summary_large_image\" \/>\n<script type=\"application\/ld+json\" class=\"yoast-schema-graph\">{\"@context\":\"https:\\\/\\\/schema.org\",\"@graph\":[{\"@type\":\"WebPage\",\"@id\":\"https:\\\/\\\/lalmachine.com\\\/de\\\/shop\\\/decorer\\\/vase-ceramique\\\/vase-esprit-art-deco-de-marcel-noverraz\\\/\",\"url\":\"https:\\\/\\\/lalmachine.com\\\/de\\\/shop\\\/decorer\\\/vase-ceramique\\\/vase-esprit-art-deco-de-marcel-noverraz\\\/\",\"name\":\"Vase esprit Art d\u00e9co de Marcel Noverraz | lalmachine.com\",\"isPartOf\":{\"@id\":\"https:\\\/\\\/lalmachine.com\\\/#website\"},\"primaryImageOfPage\":{\"@id\":\"https:\\\/\\\/lalmachine.com\\\/de\\\/shop\\\/decorer\\\/vase-ceramique\\\/vase-esprit-art-deco-de-marcel-noverraz\\\/#primaryimage\"},\"image\":{\"@id\":\"https:\\\/\\\/lalmachine.com\\\/de\\\/shop\\\/decorer\\\/vase-ceramique\\\/vase-esprit-art-deco-de-marcel-noverraz\\\/#primaryimage\"},\"thumbnailUrl\":\"https:\\\/\\\/lalmachine.com\\\/wp-content\\\/uploads\\\/2023\\\/03\\\/ceramiste-noverraz-vente-la-boutique-du-mail-geneve_clipped_rev_1.jpeg\",\"datePublished\":\"2023-03-10T16:12:17+00:00\",\"dateModified\":\"2025-09-12T15:31:12+00:00\",\"description\":\"Vase epoque XXe de Marcel Noverraz (1899-1972).\",\"breadcrumb\":{\"@id\":\"https:\\\/\\\/lalmachine.com\\\/de\\\/shop\\\/decorer\\\/vase-ceramique\\\/vase-esprit-art-deco-de-marcel-noverraz\\\/#breadcrumb\"},\"inLanguage\":\"de\",\"potentialAction\":[{\"@type\":\"ReadAction\",\"target\":[\"https:\\\/\\\/lalmachine.com\\\/de\\\/shop\\\/decorer\\\/vase-ceramique\\\/vase-esprit-art-deco-de-marcel-noverraz\\\/\"]}]},{\"@type\":\"ImageObject\",\"inLanguage\":\"de\",\"@id\":\"https:\\\/\\\/lalmachine.com\\\/de\\\/shop\\\/decorer\\\/vase-ceramique\\\/vase-esprit-art-deco-de-marcel-noverraz\\\/#primaryimage\",\"url\":\"https:\\\/\\\/lalmachine.com\\\/wp-content\\\/uploads\\\/2023\\\/03\\\/ceramiste-noverraz-vente-la-boutique-du-mail-geneve_clipped_rev_1.jpeg\",\"contentUrl\":\"https:\\\/\\\/lalmachine.com\\\/wp-content\\\/uploads\\\/2023\\\/03\\\/ceramiste-noverraz-vente-la-boutique-du-mail-geneve_clipped_rev_1.jpeg\",\"width\":1548,\"height\":1547,\"caption\":\"Vase Marcel Noverraz\"},{\"@type\":\"BreadcrumbList\",\"@id\":\"https:\\\/\\\/lalmachine.com\\\/de\\\/shop\\\/decorer\\\/vase-ceramique\\\/vase-esprit-art-deco-de-marcel-noverraz\\\/#breadcrumb\",\"itemListElement\":[{\"@type\":\"ListItem\",\"position\":1,\"name\":\"Accueil\",\"item\":\"https:\\\/\\\/lalmachine.com\\\/\"},{\"@type\":\"ListItem\",\"position\":2,\"name\":\"Shop\",\"item\":\"https:\\\/\\\/lalmachine.com\\\/shop\\\/\"},{\"@type\":\"ListItem\",\"position\":3,\"name\":\"Vase esprit Art d\u00e9co de Marcel Noverraz\"}]},{\"@type\":\"WebSite\",\"@id\":\"https:\\\/\\\/lalmachine.com\\\/#website\",\"url\":\"https:\\\/\\\/lalmachine.com\\\/\",\"name\":\"lalmachine.com\",\"description\":\"Brocante en ligne Suisse | Mobilier et objets d\u00e9co vintage et design\",\"potentialAction\":[{\"@type\":\"SearchAction\",\"target\":{\"@type\":\"EntryPoint\",\"urlTemplate\":\"https:\\\/\\\/lalmachine.com\\\/?s={search_term_string}\"},\"query-input\":{\"@type\":\"PropertyValueSpecification\",\"valueRequired\":true,\"valueName\":\"search_term_string\"}}],\"inLanguage\":\"de\"}]}<\/script>\n<!-- \/ Yoast SEO plugin. -->","yoast_head_json":{"title":"Vase esprit Art d\u00e9co de Marcel Noverraz | lalmachine.com","description":"Vase epoque XXe de Marcel Noverraz (1899-1972).","robots":{"index":"index","follow":"follow","max-snippet":"max-snippet:-1","max-image-preview":"max-image-preview:large","max-video-preview":"max-video-preview:-1"},"canonical":"https:\/\/lalmachine.com\/de\/shop\/decorer\/vase-ceramique\/vase-esprit-art-deco-de-marcel-noverraz\/","og_locale":"de_DE","og_type":"article","og_title":"Vase esprit Art d\u00e9co de Marcel Noverraz | lalmachine.com","og_description":"Vase epoque XXe de Marcel Noverraz (1899-1972).","og_url":"https:\/\/lalmachine.com\/de\/shop\/decorer\/vase-ceramique\/vase-esprit-art-deco-de-marcel-noverraz\/","og_site_name":"lalmachine.com","article_publisher":"https:\/\/facebook.com\/lalmachine","article_modified_time":"2025-09-12T15:31:12+00:00","og_image":[{"width":1548,"height":1547,"url":"https:\/\/lalmachine.com\/wp-content\/uploads\/2023\/03\/ceramiste-noverraz-vente-la-boutique-du-mail-geneve_clipped_rev_1.jpeg","type":"image\/jpeg"}],"twitter_card":"summary_large_image","schema":{"@context":"https:\/\/schema.org","@graph":[{"@type":"WebPage","@id":"https:\/\/lalmachine.com\/de\/shop\/decorer\/vase-ceramique\/vase-esprit-art-deco-de-marcel-noverraz\/","url":"https:\/\/lalmachine.com\/de\/shop\/decorer\/vase-ceramique\/vase-esprit-art-deco-de-marcel-noverraz\/","name":"Vase esprit Art d\u00e9co de Marcel Noverraz | lalmachine.com","isPartOf":{"@id":"https:\/\/lalmachine.com\/#website"},"primaryImageOfPage":{"@id":"https:\/\/lalmachine.com\/de\/shop\/decorer\/vase-ceramique\/vase-esprit-art-deco-de-marcel-noverraz\/#primaryimage"},"image":{"@id":"https:\/\/lalmachine.com\/de\/shop\/decorer\/vase-ceramique\/vase-esprit-art-deco-de-marcel-noverraz\/#primaryimage"},"thumbnailUrl":"https:\/\/lalmachine.com\/wp-content\/uploads\/2023\/03\/ceramiste-noverraz-vente-la-boutique-du-mail-geneve_clipped_rev_1.jpeg","datePublished":"2023-03-10T16:12:17+00:00","dateModified":"2025-09-12T15:31:12+00:00","description":"Vase epoque XXe de Marcel Noverraz (1899-1972).","breadcrumb":{"@id":"https:\/\/lalmachine.com\/de\/shop\/decorer\/vase-ceramique\/vase-esprit-art-deco-de-marcel-noverraz\/#breadcrumb"},"inLanguage":"de","potentialAction":[{"@type":"ReadAction","target":["https:\/\/lalmachine.com\/de\/shop\/decorer\/vase-ceramique\/vase-esprit-art-deco-de-marcel-noverraz\/"]}]},{"@type":"ImageObject","inLanguage":"de","@id":"https:\/\/lalmachine.com\/de\/shop\/decorer\/vase-ceramique\/vase-esprit-art-deco-de-marcel-noverraz\/#primaryimage","url":"https:\/\/lalmachine.com\/wp-content\/uploads\/2023\/03\/ceramiste-noverraz-vente-la-boutique-du-mail-geneve_clipped_rev_1.jpeg","contentUrl":"https:\/\/lalmachine.com\/wp-content\/uploads\/2023\/03\/ceramiste-noverraz-vente-la-boutique-du-mail-geneve_clipped_rev_1.jpeg","width":1548,"height":1547,"caption":"Vase Marcel Noverraz"},{"@type":"BreadcrumbList","@id":"https:\/\/lalmachine.com\/de\/shop\/decorer\/vase-ceramique\/vase-esprit-art-deco-de-marcel-noverraz\/#breadcrumb","itemListElement":[{"@type":"ListItem","position":1,"name":"Accueil","item":"https:\/\/lalmachine.com\/"},{"@type":"ListItem","position":2,"name":"Shop","item":"https:\/\/lalmachine.com\/shop\/"},{"@type":"ListItem","position":3,"name":"Vase esprit Art d\u00e9co de Marcel Noverraz"}]},{"@type":"WebSite","@id":"https:\/\/lalmachine.com\/#website","url":"https:\/\/lalmachine.com\/","name":"lalmachine.com","description":"Brocante en ligne Suisse | Mobilier et objets d\u00e9co vintage et design","potentialAction":[{"@type":"SearchAction","target":{"@type":"EntryPoint","urlTemplate":"https:\/\/lalmachine.com\/?s={search_term_string}"},"query-input":{"@type":"PropertyValueSpecification","valueRequired":true,"valueName":"search_term_string"}}],"inLanguage":"de"}]}},"_links":{"self":[{"href":"https:\/\/lalmachine.com\/de\/wp-json\/wp\/v2\/product\/301909","targetHints":{"allow":["GET"]}}],"collection":[{"href":"https:\/\/lalmachine.com\/de\/wp-json\/wp\/v2\/product"}],"about":[{"href":"https:\/\/lalmachine.com\/de\/wp-json\/wp\/v2\/types\/product"}],"wp:featuredmedia":[{"embeddable":true,"href":"https:\/\/lalmachine.com\/de\/wp-json\/wp\/v2\/media\/301953"}],"wp:attachment":[{"href":"https:\/\/lalmachine.com\/de\/wp-json\/wp\/v2\/media?parent=301909"}],"wp:term":[{"taxonomy":"product_brand","embeddable":true,"href":"https:\/\/lalmachine.com\/de\/wp-json\/wp\/v2\/product_brand?post=301909"},{"taxonomy":"product_cat","embeddable":true,"href":"https:\/\/lalmachine.com\/de\/wp-json\/wp\/v2\/product_cat?post=301909"},{"taxonomy":"product_tag","embeddable":true,"href":"https:\/\/lalmachine.com\/de\/wp-json\/wp\/v2\/product_tag?post=301909"},{"taxonomy":"proximite","embeddable":true,"href":"https:\/\/lalmachine.com\/de\/wp-json\/wp\/v2\/proximite?post=301909"}],"curies":[{"name":"wp","href":"https:\/\/api.w.org\/{rel}","templated":true}]}}