{"id":30258,"date":"2023-10-25T16:08:08","date_gmt":"2023-10-25T14:08:08","guid":{"rendered":"https:\/\/lalmachine.com\/?post_type=product&#038;p=30258"},"modified":"2024-12-05T21:50:39","modified_gmt":"2024-12-05T20:50:39","slug":"passoire-en-ceramique","status":"publish","type":"product","link":"https:\/\/lalmachine.com\/de\/shop\/decorer\/art-de-la-table\/passoire-en-ceramique\/","title":{"rendered":"Passoire en c\u00e9ramique"},"content":{"rendered":"<ul class=\"wpuf_customs\"><li style=\"list-style-type:none;\"><label>Autres photos:<\/label> <a href=\"https:\/\/lalmachine.com\/wp-content\/uploads\/2020\/11\/9D54BBDE-DC76-456D-80D2-E72A80B9F96E-03117b42-scaled.jpeg\"><img loading=\"lazy\" decoding=\"async\" width=\"96\" height=\"96\" src=\"https:\/\/lalmachine.com\/wp-content\/uploads\/2020\/11\/9D54BBDE-DC76-456D-80D2-E72A80B9F96E-03117b42-150x150.jpeg\" class=\"attachment-thumbnail size-thumbnail\" alt=\"\" srcset=\"https:\/\/lalmachine.com\/wp-content\/uploads\/2020\/11\/9D54BBDE-DC76-456D-80D2-E72A80B9F96E-03117b42-150x150.jpeg 150w, https:\/\/lalmachine.com\/wp-content\/uploads\/2020\/11\/9D54BBDE-DC76-456D-80D2-E72A80B9F96E-03117b42-scaled-300x300.jpeg 300w, https:\/\/lalmachine.com\/wp-content\/uploads\/2020\/11\/9D54BBDE-DC76-456D-80D2-E72A80B9F96E-03117b42-scaled-100x100.jpeg 100w\" sizes=\"(max-width: 96px) 100vw, 96px\" \/><\/a> <a href=\"https:\/\/lalmachine.com\/wp-content\/uploads\/2020\/11\/029BE5DF-91BD-4963-B75E-C40A2753BB91-f0ff7571-scaled.jpeg\"><img loading=\"lazy\" decoding=\"async\" width=\"96\" height=\"96\" src=\"https:\/\/lalmachine.com\/wp-content\/uploads\/2020\/11\/029BE5DF-91BD-4963-B75E-C40A2753BB91-f0ff7571-150x150.jpeg\" class=\"attachment-thumbnail size-thumbnail\" alt=\"\" srcset=\"https:\/\/lalmachine.com\/wp-content\/uploads\/2020\/11\/029BE5DF-91BD-4963-B75E-C40A2753BB91-f0ff7571-150x150.jpeg 150w, https:\/\/lalmachine.com\/wp-content\/uploads\/2020\/11\/029BE5DF-91BD-4963-B75E-C40A2753BB91-f0ff7571-scaled-300x300.jpeg 300w, https:\/\/lalmachine.com\/wp-content\/uploads\/2020\/11\/029BE5DF-91BD-4963-B75E-C40A2753BB91-f0ff7571-scaled-100x100.jpeg 100w\" sizes=\"(max-width: 96px) 100vw, 96px\" \/><\/a> <a href=\"https:\/\/lalmachine.com\/wp-content\/uploads\/2020\/11\/1D2929FA-665E-4D0B-9BD7-D94A924EE804-e9be7bd6-scaled.jpeg\"><img loading=\"lazy\" decoding=\"async\" width=\"96\" height=\"96\" src=\"https:\/\/lalmachine.com\/wp-content\/uploads\/2020\/11\/1D2929FA-665E-4D0B-9BD7-D94A924EE804-e9be7bd6-150x150.jpeg\" class=\"attachment-thumbnail size-thumbnail\" alt=\"\" srcset=\"https:\/\/lalmachine.com\/wp-content\/uploads\/2020\/11\/1D2929FA-665E-4D0B-9BD7-D94A924EE804-e9be7bd6-150x150.jpeg 150w, https:\/\/lalmachine.com\/wp-content\/uploads\/2020\/11\/1D2929FA-665E-4D0B-9BD7-D94A924EE804-e9be7bd6-scaled-300x300.jpeg 300w, https:\/\/lalmachine.com\/wp-content\/uploads\/2020\/11\/1D2929FA-665E-4D0B-9BD7-D94A924EE804-e9be7bd6-scaled-100x100.jpeg 100w\" sizes=\"(max-width: 96px) 100vw, 96px\" \/><\/a> <a href=\"https:\/\/lalmachine.com\/wp-content\/uploads\/2020\/11\/9DFAEE7E-3282-430C-BD17-31E2E4359849-a42e98b3-scaled.jpeg\"><img loading=\"lazy\" decoding=\"async\" width=\"96\" height=\"96\" src=\"https:\/\/lalmachine.com\/wp-content\/uploads\/2020\/11\/9DFAEE7E-3282-430C-BD17-31E2E4359849-a42e98b3-150x150.jpeg\" class=\"attachment-thumbnail size-thumbnail\" alt=\"\" srcset=\"https:\/\/lalmachine.com\/wp-content\/uploads\/2020\/11\/9DFAEE7E-3282-430C-BD17-31E2E4359849-a42e98b3-150x150.jpeg 150w, https:\/\/lalmachine.com\/wp-content\/uploads\/2020\/11\/9DFAEE7E-3282-430C-BD17-31E2E4359849-a42e98b3-scaled-300x300.jpeg 300w, https:\/\/lalmachine.com\/wp-content\/uploads\/2020\/11\/9DFAEE7E-3282-430C-BD17-31E2E4359849-a42e98b3-scaled-100x100.jpeg 100w\" sizes=\"(max-width: 96px) 100vw, 96px\" \/><\/a> <a href=\"https:\/\/lalmachine.com\/wp-content\/uploads\/2020\/11\/96370277-C87D-45B9-A635-89B0D00CFAF8-c98cac4d-scaled.jpeg\"><img loading=\"lazy\" decoding=\"async\" width=\"96\" height=\"96\" src=\"https:\/\/lalmachine.com\/wp-content\/uploads\/2020\/11\/96370277-C87D-45B9-A635-89B0D00CFAF8-c98cac4d-150x150.jpeg\" class=\"attachment-thumbnail size-thumbnail\" alt=\"\" srcset=\"https:\/\/lalmachine.com\/wp-content\/uploads\/2020\/11\/96370277-C87D-45B9-A635-89B0D00CFAF8-c98cac4d-150x150.jpeg 150w, https:\/\/lalmachine.com\/wp-content\/uploads\/2020\/11\/96370277-C87D-45B9-A635-89B0D00CFAF8-c98cac4d-scaled-300x300.jpeg 300w, https:\/\/lalmachine.com\/wp-content\/uploads\/2020\/11\/96370277-C87D-45B9-A635-89B0D00CFAF8-c98cac4d-scaled-100x100.jpeg 100w\" sizes=\"(max-width: 96px) 100vw, 96px\" \/><\/a> <\/li>        <li class=\"wpuf-field-data wpuf-field-data-numeric_text_field\">\n                            <label>Prix:<\/label>\n                        40        <\/li>\n                <li class=\"wpuf-field-data wpuf-field-data-numeric_text_field\">\n                            <label>Quantit\u00e9:<\/label>\n                        0        <\/li>\n                <li class=\"wpuf-field-data wpuf-field-data-numeric_text_field\">\n                            <label>Hauteur (cm):<\/label>\n                        10        <\/li>\n                <li class=\"wpuf-field-data wpuf-field-data-numeric_text_field\">\n                            <label>Largeur (cm):<\/label>\n                        19        <\/li>\n                <li class=\"wpuf-field-data wpuf-field-data-numeric_text_field\">\n                            <label>Profondeur (cm):<\/label>\n                        19        <\/li>\n        <\/ul>","protected":false},"excerpt":{"rendered":"<p>Passoire en c\u00e9ramique dans les tons vert-bleu, id\u00e9ale pour y mettre les fruits ou pour les amateurs de fondue, les pommes de terre pour une table un peu chic et naturelle.<\/p>","protected":false},"featured_media":30297,"template":"","meta":{"_et_pb_use_builder":"","_et_pb_old_content":"","_et_gb_content_width":""},"product_brand":[],"product_cat":[96,50],"product_tag":[],"proximite":[180],"class_list":{"0":"post-30258","1":"product","2":"type-product","3":"status-publish","4":"has-post-thumbnail","6":"product_cat-art-de-la-table","7":"product_cat-decorer","8":"product_shipping_class-0-2-kg","9":"pa_couleur-vert","10":"pa_etat-tres-bon-etat","11":"pa_materiau-ceramique","12":"pa_style-vintage","13":"proximite-geneve","15":"first","16":"outofstock","17":"shipping-taxable","18":"purchasable","19":"product-type-simple"},"yoast_head":"<!-- This site is optimized with the Yoast SEO plugin v27.4 - https:\/\/yoast.com\/product\/yoast-seo-wordpress\/ -->\n<title>Passoire en c\u00e9ramique | lalmachine.com, mobilier et objets d\u00e9co vintage et design<\/title>\n<meta name=\"description\" content=\"Passoire en c\u00e9ramique dans les tons vert-bleu, id\u00e9ale pour y mettre les fruits ou pour les amateurs de fondue, les pommes de terre pour une table un peu chic et naturelle.\" \/>\n<meta name=\"robots\" content=\"index, follow, max-snippet:-1, max-image-preview:large, max-video-preview:-1\" \/>\n<link rel=\"canonical\" href=\"https:\/\/lalmachine.com\/de\/shop\/decorer\/art-de-la-table\/passoire-en-ceramique\/\" \/>\n<meta property=\"og:locale\" content=\"de_DE\" \/>\n<meta property=\"og:type\" content=\"article\" \/>\n<meta property=\"og:title\" content=\"Passoire en c\u00e9ramique | lalmachine.com, mobilier et objets d\u00e9co vintage et design\" \/>\n<meta property=\"og:description\" content=\"Passoire en c\u00e9ramique dans les tons vert-bleu, id\u00e9ale pour y mettre les fruits ou pour les amateurs de fondue, les pommes de terre pour une table un peu chic et naturelle.\" \/>\n<meta property=\"og:url\" content=\"https:\/\/lalmachine.com\/de\/shop\/decorer\/art-de-la-table\/passoire-en-ceramique\/\" \/>\n<meta property=\"og:site_name\" content=\"lalmachine.com\" \/>\n<meta property=\"article:publisher\" content=\"https:\/\/facebook.com\/lalmachine\" \/>\n<meta property=\"article:modified_time\" content=\"2024-12-05T20:50:39+00:00\" \/>\n<meta property=\"og:image\" content=\"https:\/\/lalmachine.com\/wp-content\/uploads\/2020\/11\/B47C012B-38F4-4E32-962A-150A9522F50F-e6914b88-scaled_clipped_rev_1.jpg\" \/>\n\t<meta property=\"og:image:width\" content=\"1605\" \/>\n\t<meta property=\"og:image:height\" content=\"1606\" \/>\n\t<meta property=\"og:image:type\" content=\"image\/jpeg\" \/>\n<meta name=\"twitter:card\" content=\"summary_large_image\" \/>\n<script type=\"application\/ld+json\" class=\"yoast-schema-graph\">{\"@context\":\"https:\\\/\\\/schema.org\",\"@graph\":[{\"@type\":\"WebPage\",\"@id\":\"https:\\\/\\\/lalmachine.com\\\/shop\\\/decorer\\\/art-de-la-table\\\/passoire-en-ceramique\\\/\",\"url\":\"https:\\\/\\\/lalmachine.com\\\/shop\\\/decorer\\\/art-de-la-table\\\/passoire-en-ceramique\\\/\",\"name\":\"Passoire en c\u00e9ramique | lalmachine.com, mobilier et objets d\u00e9co vintage et design\",\"isPartOf\":{\"@id\":\"https:\\\/\\\/lalmachine.com\\\/#website\"},\"primaryImageOfPage\":{\"@id\":\"https:\\\/\\\/lalmachine.com\\\/shop\\\/decorer\\\/art-de-la-table\\\/passoire-en-ceramique\\\/#primaryimage\"},\"image\":{\"@id\":\"https:\\\/\\\/lalmachine.com\\\/shop\\\/decorer\\\/art-de-la-table\\\/passoire-en-ceramique\\\/#primaryimage\"},\"thumbnailUrl\":\"https:\\\/\\\/lalmachine.com\\\/wp-content\\\/uploads\\\/2020\\\/11\\\/B47C012B-38F4-4E32-962A-150A9522F50F-e6914b88-scaled_clipped_rev_1.jpg\",\"datePublished\":\"2023-10-25T14:08:08+00:00\",\"dateModified\":\"2024-12-05T20:50:39+00:00\",\"description\":\"Passoire en c\u00e9ramique dans les tons vert-bleu, id\u00e9ale pour y mettre les fruits ou pour les amateurs de fondue, les pommes de terre pour une table un peu chic et naturelle.\",\"breadcrumb\":{\"@id\":\"https:\\\/\\\/lalmachine.com\\\/shop\\\/decorer\\\/art-de-la-table\\\/passoire-en-ceramique\\\/#breadcrumb\"},\"inLanguage\":\"de\",\"potentialAction\":[{\"@type\":\"ReadAction\",\"target\":[\"https:\\\/\\\/lalmachine.com\\\/shop\\\/decorer\\\/art-de-la-table\\\/passoire-en-ceramique\\\/\"]}]},{\"@type\":\"ImageObject\",\"inLanguage\":\"de\",\"@id\":\"https:\\\/\\\/lalmachine.com\\\/shop\\\/decorer\\\/art-de-la-table\\\/passoire-en-ceramique\\\/#primaryimage\",\"url\":\"https:\\\/\\\/lalmachine.com\\\/wp-content\\\/uploads\\\/2020\\\/11\\\/B47C012B-38F4-4E32-962A-150A9522F50F-e6914b88-scaled_clipped_rev_1.jpg\",\"contentUrl\":\"https:\\\/\\\/lalmachine.com\\\/wp-content\\\/uploads\\\/2020\\\/11\\\/B47C012B-38F4-4E32-962A-150A9522F50F-e6914b88-scaled_clipped_rev_1.jpg\",\"width\":1605,\"height\":1606,\"caption\":\"Passoire en c\u00e9ramique\"},{\"@type\":\"BreadcrumbList\",\"@id\":\"https:\\\/\\\/lalmachine.com\\\/shop\\\/decorer\\\/art-de-la-table\\\/passoire-en-ceramique\\\/#breadcrumb\",\"itemListElement\":[{\"@type\":\"ListItem\",\"position\":1,\"name\":\"Accueil\",\"item\":\"https:\\\/\\\/lalmachine.com\\\/\"},{\"@type\":\"ListItem\",\"position\":2,\"name\":\"Shop\",\"item\":\"https:\\\/\\\/lalmachine.com\\\/shop\\\/\"},{\"@type\":\"ListItem\",\"position\":3,\"name\":\"Passoire en c\u00e9ramique\"}]},{\"@type\":\"WebSite\",\"@id\":\"https:\\\/\\\/lalmachine.com\\\/#website\",\"url\":\"https:\\\/\\\/lalmachine.com\\\/\",\"name\":\"lalmachine.com\",\"description\":\"Brocante en ligne Suisse | Mobilier et objets d\u00e9co vintage et design\",\"potentialAction\":[{\"@type\":\"SearchAction\",\"target\":{\"@type\":\"EntryPoint\",\"urlTemplate\":\"https:\\\/\\\/lalmachine.com\\\/?s={search_term_string}\"},\"query-input\":{\"@type\":\"PropertyValueSpecification\",\"valueRequired\":true,\"valueName\":\"search_term_string\"}}],\"inLanguage\":\"de\"}]}<\/script>\n<!-- \/ Yoast SEO plugin. -->","yoast_head_json":{"title":"Passoire en c\u00e9ramique | lalmachine.com, mobilier et objets d\u00e9co vintage et design","description":"Passoire en c\u00e9ramique dans les tons vert-bleu, id\u00e9ale pour y mettre les fruits ou pour les amateurs de fondue, les pommes de terre pour une table un peu chic et naturelle.","robots":{"index":"index","follow":"follow","max-snippet":"max-snippet:-1","max-image-preview":"max-image-preview:large","max-video-preview":"max-video-preview:-1"},"canonical":"https:\/\/lalmachine.com\/de\/shop\/decorer\/art-de-la-table\/passoire-en-ceramique\/","og_locale":"de_DE","og_type":"article","og_title":"Passoire en c\u00e9ramique | lalmachine.com, mobilier et objets d\u00e9co vintage et design","og_description":"Passoire en c\u00e9ramique dans les tons vert-bleu, id\u00e9ale pour y mettre les fruits ou pour les amateurs de fondue, les pommes de terre pour une table un peu chic et naturelle.","og_url":"https:\/\/lalmachine.com\/de\/shop\/decorer\/art-de-la-table\/passoire-en-ceramique\/","og_site_name":"lalmachine.com","article_publisher":"https:\/\/facebook.com\/lalmachine","article_modified_time":"2024-12-05T20:50:39+00:00","og_image":[{"width":1605,"height":1606,"url":"https:\/\/lalmachine.com\/wp-content\/uploads\/2020\/11\/B47C012B-38F4-4E32-962A-150A9522F50F-e6914b88-scaled_clipped_rev_1.jpg","type":"image\/jpeg"}],"twitter_card":"summary_large_image","schema":{"@context":"https:\/\/schema.org","@graph":[{"@type":"WebPage","@id":"https:\/\/lalmachine.com\/shop\/decorer\/art-de-la-table\/passoire-en-ceramique\/","url":"https:\/\/lalmachine.com\/shop\/decorer\/art-de-la-table\/passoire-en-ceramique\/","name":"Passoire en c\u00e9ramique | lalmachine.com, mobilier et objets d\u00e9co vintage et design","isPartOf":{"@id":"https:\/\/lalmachine.com\/#website"},"primaryImageOfPage":{"@id":"https:\/\/lalmachine.com\/shop\/decorer\/art-de-la-table\/passoire-en-ceramique\/#primaryimage"},"image":{"@id":"https:\/\/lalmachine.com\/shop\/decorer\/art-de-la-table\/passoire-en-ceramique\/#primaryimage"},"thumbnailUrl":"https:\/\/lalmachine.com\/wp-content\/uploads\/2020\/11\/B47C012B-38F4-4E32-962A-150A9522F50F-e6914b88-scaled_clipped_rev_1.jpg","datePublished":"2023-10-25T14:08:08+00:00","dateModified":"2024-12-05T20:50:39+00:00","description":"Passoire en c\u00e9ramique dans les tons vert-bleu, id\u00e9ale pour y mettre les fruits ou pour les amateurs de fondue, les pommes de terre pour une table un peu chic et naturelle.","breadcrumb":{"@id":"https:\/\/lalmachine.com\/shop\/decorer\/art-de-la-table\/passoire-en-ceramique\/#breadcrumb"},"inLanguage":"de","potentialAction":[{"@type":"ReadAction","target":["https:\/\/lalmachine.com\/shop\/decorer\/art-de-la-table\/passoire-en-ceramique\/"]}]},{"@type":"ImageObject","inLanguage":"de","@id":"https:\/\/lalmachine.com\/shop\/decorer\/art-de-la-table\/passoire-en-ceramique\/#primaryimage","url":"https:\/\/lalmachine.com\/wp-content\/uploads\/2020\/11\/B47C012B-38F4-4E32-962A-150A9522F50F-e6914b88-scaled_clipped_rev_1.jpg","contentUrl":"https:\/\/lalmachine.com\/wp-content\/uploads\/2020\/11\/B47C012B-38F4-4E32-962A-150A9522F50F-e6914b88-scaled_clipped_rev_1.jpg","width":1605,"height":1606,"caption":"Passoire en c\u00e9ramique"},{"@type":"BreadcrumbList","@id":"https:\/\/lalmachine.com\/shop\/decorer\/art-de-la-table\/passoire-en-ceramique\/#breadcrumb","itemListElement":[{"@type":"ListItem","position":1,"name":"Accueil","item":"https:\/\/lalmachine.com\/"},{"@type":"ListItem","position":2,"name":"Shop","item":"https:\/\/lalmachine.com\/shop\/"},{"@type":"ListItem","position":3,"name":"Passoire en c\u00e9ramique"}]},{"@type":"WebSite","@id":"https:\/\/lalmachine.com\/#website","url":"https:\/\/lalmachine.com\/","name":"lalmachine.com","description":"Brocante en ligne Suisse | Mobilier et objets d\u00e9co vintage et design","potentialAction":[{"@type":"SearchAction","target":{"@type":"EntryPoint","urlTemplate":"https:\/\/lalmachine.com\/?s={search_term_string}"},"query-input":{"@type":"PropertyValueSpecification","valueRequired":true,"valueName":"search_term_string"}}],"inLanguage":"de"}]}},"_links":{"self":[{"href":"https:\/\/lalmachine.com\/de\/wp-json\/wp\/v2\/product\/30258","targetHints":{"allow":["GET"]}}],"collection":[{"href":"https:\/\/lalmachine.com\/de\/wp-json\/wp\/v2\/product"}],"about":[{"href":"https:\/\/lalmachine.com\/de\/wp-json\/wp\/v2\/types\/product"}],"wp:featuredmedia":[{"embeddable":true,"href":"https:\/\/lalmachine.com\/de\/wp-json\/wp\/v2\/media\/30297"}],"wp:attachment":[{"href":"https:\/\/lalmachine.com\/de\/wp-json\/wp\/v2\/media?parent=30258"}],"wp:term":[{"taxonomy":"product_brand","embeddable":true,"href":"https:\/\/lalmachine.com\/de\/wp-json\/wp\/v2\/product_brand?post=30258"},{"taxonomy":"product_cat","embeddable":true,"href":"https:\/\/lalmachine.com\/de\/wp-json\/wp\/v2\/product_cat?post=30258"},{"taxonomy":"product_tag","embeddable":true,"href":"https:\/\/lalmachine.com\/de\/wp-json\/wp\/v2\/product_tag?post=30258"},{"taxonomy":"proximite","embeddable":true,"href":"https:\/\/lalmachine.com\/de\/wp-json\/wp\/v2\/proximite?post=30258"}],"curies":[{"name":"wp","href":"https:\/\/api.w.org\/{rel}","templated":true}]}}