{"id":30291,"date":"2023-10-25T16:08:07","date_gmt":"2023-10-25T14:08:07","guid":{"rendered":"https:\/\/lalmachine.com\/?post_type=product&#038;p=30291"},"modified":"2024-12-05T21:50:39","modified_gmt":"2024-12-05T20:50:39","slug":"grande-coupe-terre","status":"publish","type":"product","link":"https:\/\/lalmachine.com\/de\/shop\/decorer\/vase-ceramique\/grande-coupe-terre\/","title":{"rendered":"Grande coupe Terre"},"content":{"rendered":"<ul class=\"wpuf_customs\"><li style=\"list-style-type:none;\"><label>Autres photos:<\/label> <a href=\"https:\/\/lalmachine.com\/wp-content\/uploads\/2020\/11\/E636FC08-24E1-477B-B7D3-9005DFF34455-198e62a7-scaled.jpeg\"><img loading=\"lazy\" decoding=\"async\" width=\"96\" height=\"96\" src=\"https:\/\/lalmachine.com\/wp-content\/uploads\/2020\/11\/E636FC08-24E1-477B-B7D3-9005DFF34455-198e62a7-150x150.jpeg\" class=\"attachment-thumbnail size-thumbnail\" alt=\"\" srcset=\"https:\/\/lalmachine.com\/wp-content\/uploads\/2020\/11\/E636FC08-24E1-477B-B7D3-9005DFF34455-198e62a7-150x150.jpeg 150w, https:\/\/lalmachine.com\/wp-content\/uploads\/2020\/11\/E636FC08-24E1-477B-B7D3-9005DFF34455-198e62a7-scaled-300x300.jpeg 300w, https:\/\/lalmachine.com\/wp-content\/uploads\/2020\/11\/E636FC08-24E1-477B-B7D3-9005DFF34455-198e62a7-scaled-100x100.jpeg 100w\" sizes=\"(max-width: 96px) 100vw, 96px\" \/><\/a> <a href=\"https:\/\/lalmachine.com\/wp-content\/uploads\/2020\/11\/35F92B63-D9A1-461E-AE35-92E023B6C036-e4ca5dd0-scaled.jpeg\"><img loading=\"lazy\" decoding=\"async\" width=\"96\" height=\"96\" src=\"https:\/\/lalmachine.com\/wp-content\/uploads\/2020\/11\/35F92B63-D9A1-461E-AE35-92E023B6C036-e4ca5dd0-150x150.jpeg\" class=\"attachment-thumbnail size-thumbnail\" alt=\"\" srcset=\"https:\/\/lalmachine.com\/wp-content\/uploads\/2020\/11\/35F92B63-D9A1-461E-AE35-92E023B6C036-e4ca5dd0-150x150.jpeg 150w, https:\/\/lalmachine.com\/wp-content\/uploads\/2020\/11\/35F92B63-D9A1-461E-AE35-92E023B6C036-e4ca5dd0-scaled-300x300.jpeg 300w, https:\/\/lalmachine.com\/wp-content\/uploads\/2020\/11\/35F92B63-D9A1-461E-AE35-92E023B6C036-e4ca5dd0-scaled-100x100.jpeg 100w\" sizes=\"(max-width: 96px) 100vw, 96px\" \/><\/a> <a href=\"https:\/\/lalmachine.com\/wp-content\/uploads\/2020\/11\/83A3C579-8737-42F5-B9E5-238778AF8D82-96395c60-scaled.jpeg\"><img loading=\"lazy\" decoding=\"async\" width=\"96\" height=\"96\" src=\"https:\/\/lalmachine.com\/wp-content\/uploads\/2020\/11\/83A3C579-8737-42F5-B9E5-238778AF8D82-96395c60-150x150.jpeg\" class=\"attachment-thumbnail size-thumbnail\" alt=\"\" srcset=\"https:\/\/lalmachine.com\/wp-content\/uploads\/2020\/11\/83A3C579-8737-42F5-B9E5-238778AF8D82-96395c60-150x150.jpeg 150w, https:\/\/lalmachine.com\/wp-content\/uploads\/2020\/11\/83A3C579-8737-42F5-B9E5-238778AF8D82-96395c60-scaled-300x300.jpeg 300w, https:\/\/lalmachine.com\/wp-content\/uploads\/2020\/11\/83A3C579-8737-42F5-B9E5-238778AF8D82-96395c60-scaled-100x100.jpeg 100w\" sizes=\"(max-width: 96px) 100vw, 96px\" \/><\/a> <a href=\"https:\/\/lalmachine.com\/wp-content\/uploads\/2020\/11\/B1957A12-7602-4923-B869-11EC547F110D-7f9ef702-scaled.jpeg\"><img loading=\"lazy\" decoding=\"async\" width=\"96\" height=\"96\" src=\"https:\/\/lalmachine.com\/wp-content\/uploads\/2020\/11\/B1957A12-7602-4923-B869-11EC547F110D-7f9ef702-150x150.jpeg\" class=\"attachment-thumbnail size-thumbnail\" alt=\"\" srcset=\"https:\/\/lalmachine.com\/wp-content\/uploads\/2020\/11\/B1957A12-7602-4923-B869-11EC547F110D-7f9ef702-150x150.jpeg 150w, https:\/\/lalmachine.com\/wp-content\/uploads\/2020\/11\/B1957A12-7602-4923-B869-11EC547F110D-7f9ef702-scaled-300x300.jpeg 300w, https:\/\/lalmachine.com\/wp-content\/uploads\/2020\/11\/B1957A12-7602-4923-B869-11EC547F110D-7f9ef702-scaled-100x100.jpeg 100w\" sizes=\"(max-width: 96px) 100vw, 96px\" \/><\/a> <a href=\"https:\/\/lalmachine.com\/wp-content\/uploads\/2020\/11\/340A2969-10F7-4F6A-902C-FEBD75541345-c3cf5ad8-scaled.jpeg\"><img loading=\"lazy\" decoding=\"async\" width=\"96\" height=\"96\" src=\"https:\/\/lalmachine.com\/wp-content\/uploads\/2020\/11\/340A2969-10F7-4F6A-902C-FEBD75541345-c3cf5ad8-150x150.jpeg\" class=\"attachment-thumbnail size-thumbnail\" alt=\"\" srcset=\"https:\/\/lalmachine.com\/wp-content\/uploads\/2020\/11\/340A2969-10F7-4F6A-902C-FEBD75541345-c3cf5ad8-150x150.jpeg 150w, https:\/\/lalmachine.com\/wp-content\/uploads\/2020\/11\/340A2969-10F7-4F6A-902C-FEBD75541345-c3cf5ad8-scaled-300x300.jpeg 300w, https:\/\/lalmachine.com\/wp-content\/uploads\/2020\/11\/340A2969-10F7-4F6A-902C-FEBD75541345-c3cf5ad8-scaled-100x100.jpeg 100w\" sizes=\"(max-width: 96px) 100vw, 96px\" \/><\/a> <a href=\"https:\/\/lalmachine.com\/wp-content\/uploads\/2020\/11\/F81A6297-1E5B-48D9-B3F6-46EEA2DFD06E-63894bd3-scaled.jpeg\"><img loading=\"lazy\" decoding=\"async\" width=\"96\" height=\"96\" src=\"https:\/\/lalmachine.com\/wp-content\/uploads\/2020\/11\/F81A6297-1E5B-48D9-B3F6-46EEA2DFD06E-63894bd3-150x150.jpeg\" class=\"attachment-thumbnail size-thumbnail\" alt=\"\" srcset=\"https:\/\/lalmachine.com\/wp-content\/uploads\/2020\/11\/F81A6297-1E5B-48D9-B3F6-46EEA2DFD06E-63894bd3-150x150.jpeg 150w, https:\/\/lalmachine.com\/wp-content\/uploads\/2020\/11\/F81A6297-1E5B-48D9-B3F6-46EEA2DFD06E-63894bd3-scaled-300x300.jpeg 300w, https:\/\/lalmachine.com\/wp-content\/uploads\/2020\/11\/F81A6297-1E5B-48D9-B3F6-46EEA2DFD06E-63894bd3-scaled-100x100.jpeg 100w\" sizes=\"(max-width: 96px) 100vw, 96px\" \/><\/a> <\/li>        <li class=\"wpuf-field-data wpuf-field-data-numeric_text_field\">\n                            <label>Prix:<\/label>\n                        45        <\/li>\n                <li class=\"wpuf-field-data wpuf-field-data-numeric_text_field\">\n                            <label>Quantit\u00e9:<\/label>\n                        0        <\/li>\n                <li class=\"wpuf-field-data wpuf-field-data-numeric_text_field\">\n                            <label>Hauteur (cm):<\/label>\n                        4        <\/li>\n                <li class=\"wpuf-field-data wpuf-field-data-numeric_text_field\">\n                            <label>Largeur (cm):<\/label>\n                        40        <\/li>\n                <li class=\"wpuf-field-data wpuf-field-data-numeric_text_field\">\n                            <label>Profondeur (cm):<\/label>\n                        40        <\/li>\n        <\/ul>","protected":false},"excerpt":{"rendered":"<p>Tr\u00e8s grande coupe en c\u00e9ramique \u00e9maill\u00e9e dans les tons beige au d\u00e9cor brut, presque volcanique.<br \/>\nUn petit \u00e9clat sur le c\u00f4t\u00e9.<\/p>","protected":false},"featured_media":30319,"template":"","meta":{"_et_pb_use_builder":"","_et_pb_old_content":"","_et_gb_content_width":""},"product_brand":[],"product_cat":[50,400],"product_tag":[],"proximite":[180],"class_list":{"0":"post-30291","1":"product","2":"type-product","3":"status-publish","4":"has-post-thumbnail","6":"product_cat-decorer","7":"product_cat-vase-ceramique","8":"product_shipping_class-0-2-kg","9":"pa_couleur-beige","10":"pa_etat-bon-etat","11":"pa_materiau-ceramique","12":"pa_style-vintage","13":"proximite-geneve","15":"first","16":"outofstock","17":"shipping-taxable","18":"purchasable","19":"product-type-simple"},"yoast_head":"<!-- This site is optimized with the Yoast SEO plugin v27.3 - https:\/\/yoast.com\/product\/yoast-seo-wordpress\/ -->\n<title>Grande coupe Terre | lalmachine.com, mobilier et objets d\u00e9co vintage et design<\/title>\n<meta name=\"description\" content=\"Tr\u00e8s grande coupe en c\u00e9ramique \u00e9maill\u00e9e dans les tons beige au d\u00e9cor brut, presque volcanique.Un petit \u00e9clat sur le c\u00f4t\u00e9.\" \/>\n<meta name=\"robots\" content=\"index, follow, max-snippet:-1, max-image-preview:large, max-video-preview:-1\" \/>\n<link rel=\"canonical\" href=\"https:\/\/lalmachine.com\/de\/shop\/decorer\/vase-ceramique\/grande-coupe-terre\/\" \/>\n<meta property=\"og:locale\" content=\"de_DE\" \/>\n<meta property=\"og:type\" content=\"article\" \/>\n<meta property=\"og:title\" content=\"Grande coupe Terre | lalmachine.com, mobilier et objets d\u00e9co vintage et design\" \/>\n<meta property=\"og:description\" content=\"Tr\u00e8s grande coupe en c\u00e9ramique \u00e9maill\u00e9e dans les tons beige au d\u00e9cor brut, presque volcanique.Un petit \u00e9clat sur le c\u00f4t\u00e9.\" \/>\n<meta property=\"og:url\" content=\"https:\/\/lalmachine.com\/de\/shop\/decorer\/vase-ceramique\/grande-coupe-terre\/\" \/>\n<meta property=\"og:site_name\" content=\"lalmachine.com\" \/>\n<meta property=\"article:publisher\" content=\"https:\/\/facebook.com\/lalmachine\" \/>\n<meta property=\"article:modified_time\" content=\"2024-12-05T20:50:39+00:00\" \/>\n<meta property=\"og:image\" content=\"https:\/\/lalmachine.com\/wp-content\/uploads\/2020\/11\/E636FC08-24E1-477B-B7D3-9005DFF34455-198e62a7-scaled_clipped_rev_1.jpg\" \/>\n\t<meta property=\"og:image:width\" content=\"1773\" \/>\n\t<meta property=\"og:image:height\" content=\"1773\" \/>\n\t<meta property=\"og:image:type\" content=\"image\/jpeg\" \/>\n<meta name=\"twitter:card\" content=\"summary_large_image\" \/>\n<script type=\"application\/ld+json\" class=\"yoast-schema-graph\">{\"@context\":\"https:\\\/\\\/schema.org\",\"@graph\":[{\"@type\":\"WebPage\",\"@id\":\"https:\\\/\\\/lalmachine.com\\\/shop\\\/decorer\\\/vase-ceramique\\\/grande-coupe-terre\\\/\",\"url\":\"https:\\\/\\\/lalmachine.com\\\/shop\\\/decorer\\\/vase-ceramique\\\/grande-coupe-terre\\\/\",\"name\":\"Grande coupe Terre | lalmachine.com, mobilier et objets d\u00e9co vintage et design\",\"isPartOf\":{\"@id\":\"https:\\\/\\\/lalmachine.com\\\/#website\"},\"primaryImageOfPage\":{\"@id\":\"https:\\\/\\\/lalmachine.com\\\/shop\\\/decorer\\\/vase-ceramique\\\/grande-coupe-terre\\\/#primaryimage\"},\"image\":{\"@id\":\"https:\\\/\\\/lalmachine.com\\\/shop\\\/decorer\\\/vase-ceramique\\\/grande-coupe-terre\\\/#primaryimage\"},\"thumbnailUrl\":\"https:\\\/\\\/lalmachine.com\\\/wp-content\\\/uploads\\\/2020\\\/11\\\/E636FC08-24E1-477B-B7D3-9005DFF34455-198e62a7-scaled_clipped_rev_1.jpg\",\"datePublished\":\"2023-10-25T14:08:07+00:00\",\"dateModified\":\"2024-12-05T20:50:39+00:00\",\"description\":\"Tr\u00e8s grande coupe en c\u00e9ramique \u00e9maill\u00e9e dans les tons beige au d\u00e9cor brut, presque volcanique.Un petit \u00e9clat sur le c\u00f4t\u00e9.\",\"breadcrumb\":{\"@id\":\"https:\\\/\\\/lalmachine.com\\\/shop\\\/decorer\\\/vase-ceramique\\\/grande-coupe-terre\\\/#breadcrumb\"},\"inLanguage\":\"de\",\"potentialAction\":[{\"@type\":\"ReadAction\",\"target\":[\"https:\\\/\\\/lalmachine.com\\\/shop\\\/decorer\\\/vase-ceramique\\\/grande-coupe-terre\\\/\"]}]},{\"@type\":\"ImageObject\",\"inLanguage\":\"de\",\"@id\":\"https:\\\/\\\/lalmachine.com\\\/shop\\\/decorer\\\/vase-ceramique\\\/grande-coupe-terre\\\/#primaryimage\",\"url\":\"https:\\\/\\\/lalmachine.com\\\/wp-content\\\/uploads\\\/2020\\\/11\\\/E636FC08-24E1-477B-B7D3-9005DFF34455-198e62a7-scaled_clipped_rev_1.jpg\",\"contentUrl\":\"https:\\\/\\\/lalmachine.com\\\/wp-content\\\/uploads\\\/2020\\\/11\\\/E636FC08-24E1-477B-B7D3-9005DFF34455-198e62a7-scaled_clipped_rev_1.jpg\",\"width\":1773,\"height\":1773,\"caption\":\"coupe en c\u00e9ramique\"},{\"@type\":\"BreadcrumbList\",\"@id\":\"https:\\\/\\\/lalmachine.com\\\/shop\\\/decorer\\\/vase-ceramique\\\/grande-coupe-terre\\\/#breadcrumb\",\"itemListElement\":[{\"@type\":\"ListItem\",\"position\":1,\"name\":\"Accueil\",\"item\":\"https:\\\/\\\/lalmachine.com\\\/\"},{\"@type\":\"ListItem\",\"position\":2,\"name\":\"Shop\",\"item\":\"https:\\\/\\\/lalmachine.com\\\/shop\\\/\"},{\"@type\":\"ListItem\",\"position\":3,\"name\":\"Grande coupe Terre\"}]},{\"@type\":\"WebSite\",\"@id\":\"https:\\\/\\\/lalmachine.com\\\/#website\",\"url\":\"https:\\\/\\\/lalmachine.com\\\/\",\"name\":\"lalmachine.com\",\"description\":\"Brocante en ligne Suisse | Mobilier et objets d\u00e9co vintage et design\",\"potentialAction\":[{\"@type\":\"SearchAction\",\"target\":{\"@type\":\"EntryPoint\",\"urlTemplate\":\"https:\\\/\\\/lalmachine.com\\\/?s={search_term_string}\"},\"query-input\":{\"@type\":\"PropertyValueSpecification\",\"valueRequired\":true,\"valueName\":\"search_term_string\"}}],\"inLanguage\":\"de\"}]}<\/script>\n<!-- \/ Yoast SEO plugin. -->","yoast_head_json":{"title":"Grande coupe Terre | lalmachine.com, mobilier et objets d\u00e9co vintage et design","description":"Tr\u00e8s grande coupe en c\u00e9ramique \u00e9maill\u00e9e dans les tons beige au d\u00e9cor brut, presque volcanique.Un petit \u00e9clat sur le c\u00f4t\u00e9.","robots":{"index":"index","follow":"follow","max-snippet":"max-snippet:-1","max-image-preview":"max-image-preview:large","max-video-preview":"max-video-preview:-1"},"canonical":"https:\/\/lalmachine.com\/de\/shop\/decorer\/vase-ceramique\/grande-coupe-terre\/","og_locale":"de_DE","og_type":"article","og_title":"Grande coupe Terre | lalmachine.com, mobilier et objets d\u00e9co vintage et design","og_description":"Tr\u00e8s grande coupe en c\u00e9ramique \u00e9maill\u00e9e dans les tons beige au d\u00e9cor brut, presque volcanique.Un petit \u00e9clat sur le c\u00f4t\u00e9.","og_url":"https:\/\/lalmachine.com\/de\/shop\/decorer\/vase-ceramique\/grande-coupe-terre\/","og_site_name":"lalmachine.com","article_publisher":"https:\/\/facebook.com\/lalmachine","article_modified_time":"2024-12-05T20:50:39+00:00","og_image":[{"width":1773,"height":1773,"url":"https:\/\/lalmachine.com\/wp-content\/uploads\/2020\/11\/E636FC08-24E1-477B-B7D3-9005DFF34455-198e62a7-scaled_clipped_rev_1.jpg","type":"image\/jpeg"}],"twitter_card":"summary_large_image","schema":{"@context":"https:\/\/schema.org","@graph":[{"@type":"WebPage","@id":"https:\/\/lalmachine.com\/shop\/decorer\/vase-ceramique\/grande-coupe-terre\/","url":"https:\/\/lalmachine.com\/shop\/decorer\/vase-ceramique\/grande-coupe-terre\/","name":"Grande coupe Terre | lalmachine.com, mobilier et objets d\u00e9co vintage et design","isPartOf":{"@id":"https:\/\/lalmachine.com\/#website"},"primaryImageOfPage":{"@id":"https:\/\/lalmachine.com\/shop\/decorer\/vase-ceramique\/grande-coupe-terre\/#primaryimage"},"image":{"@id":"https:\/\/lalmachine.com\/shop\/decorer\/vase-ceramique\/grande-coupe-terre\/#primaryimage"},"thumbnailUrl":"https:\/\/lalmachine.com\/wp-content\/uploads\/2020\/11\/E636FC08-24E1-477B-B7D3-9005DFF34455-198e62a7-scaled_clipped_rev_1.jpg","datePublished":"2023-10-25T14:08:07+00:00","dateModified":"2024-12-05T20:50:39+00:00","description":"Tr\u00e8s grande coupe en c\u00e9ramique \u00e9maill\u00e9e dans les tons beige au d\u00e9cor brut, presque volcanique.Un petit \u00e9clat sur le c\u00f4t\u00e9.","breadcrumb":{"@id":"https:\/\/lalmachine.com\/shop\/decorer\/vase-ceramique\/grande-coupe-terre\/#breadcrumb"},"inLanguage":"de","potentialAction":[{"@type":"ReadAction","target":["https:\/\/lalmachine.com\/shop\/decorer\/vase-ceramique\/grande-coupe-terre\/"]}]},{"@type":"ImageObject","inLanguage":"de","@id":"https:\/\/lalmachine.com\/shop\/decorer\/vase-ceramique\/grande-coupe-terre\/#primaryimage","url":"https:\/\/lalmachine.com\/wp-content\/uploads\/2020\/11\/E636FC08-24E1-477B-B7D3-9005DFF34455-198e62a7-scaled_clipped_rev_1.jpg","contentUrl":"https:\/\/lalmachine.com\/wp-content\/uploads\/2020\/11\/E636FC08-24E1-477B-B7D3-9005DFF34455-198e62a7-scaled_clipped_rev_1.jpg","width":1773,"height":1773,"caption":"coupe en c\u00e9ramique"},{"@type":"BreadcrumbList","@id":"https:\/\/lalmachine.com\/shop\/decorer\/vase-ceramique\/grande-coupe-terre\/#breadcrumb","itemListElement":[{"@type":"ListItem","position":1,"name":"Accueil","item":"https:\/\/lalmachine.com\/"},{"@type":"ListItem","position":2,"name":"Shop","item":"https:\/\/lalmachine.com\/shop\/"},{"@type":"ListItem","position":3,"name":"Grande coupe Terre"}]},{"@type":"WebSite","@id":"https:\/\/lalmachine.com\/#website","url":"https:\/\/lalmachine.com\/","name":"lalmachine.com","description":"Brocante en ligne Suisse | Mobilier et objets d\u00e9co vintage et design","potentialAction":[{"@type":"SearchAction","target":{"@type":"EntryPoint","urlTemplate":"https:\/\/lalmachine.com\/?s={search_term_string}"},"query-input":{"@type":"PropertyValueSpecification","valueRequired":true,"valueName":"search_term_string"}}],"inLanguage":"de"}]}},"_links":{"self":[{"href":"https:\/\/lalmachine.com\/de\/wp-json\/wp\/v2\/product\/30291","targetHints":{"allow":["GET"]}}],"collection":[{"href":"https:\/\/lalmachine.com\/de\/wp-json\/wp\/v2\/product"}],"about":[{"href":"https:\/\/lalmachine.com\/de\/wp-json\/wp\/v2\/types\/product"}],"wp:featuredmedia":[{"embeddable":true,"href":"https:\/\/lalmachine.com\/de\/wp-json\/wp\/v2\/media\/30319"}],"wp:attachment":[{"href":"https:\/\/lalmachine.com\/de\/wp-json\/wp\/v2\/media?parent=30291"}],"wp:term":[{"taxonomy":"product_brand","embeddable":true,"href":"https:\/\/lalmachine.com\/de\/wp-json\/wp\/v2\/product_brand?post=30291"},{"taxonomy":"product_cat","embeddable":true,"href":"https:\/\/lalmachine.com\/de\/wp-json\/wp\/v2\/product_cat?post=30291"},{"taxonomy":"product_tag","embeddable":true,"href":"https:\/\/lalmachine.com\/de\/wp-json\/wp\/v2\/product_tag?post=30291"},{"taxonomy":"proximite","embeddable":true,"href":"https:\/\/lalmachine.com\/de\/wp-json\/wp\/v2\/proximite?post=30291"}],"curies":[{"name":"wp","href":"https:\/\/api.w.org\/{rel}","templated":true}]}}