{"id":302943,"date":"2023-03-23T10:54:56","date_gmt":"2023-03-23T09:54:56","guid":{"rendered":"https:\/\/lalmachine.com\/?post_type=product&#038;p=302943"},"modified":"2024-12-05T22:00:31","modified_gmt":"2024-12-05T21:00:31","slug":"plat-a-aperitif","status":"publish","type":"product","link":"https:\/\/lalmachine.com\/de\/shop\/decorer\/art-de-la-table\/plat-a-aperitif\/","title":{"rendered":"Plat \u00e0 ap\u00e9ritif"},"content":{"rendered":"<ul class=\"wpuf_customs\"><li style=\"list-style-type:none;\"><label>Autres photos:<\/label> <a href=\"https:\/\/lalmachine.com\/wp-content\/uploads\/2023\/03\/FE370813-B40B-4917-82C9-144342D3F038-scaled.jpeg\"><img loading=\"lazy\" decoding=\"async\" width=\"72\" height=\"96\" src=\"https:\/\/lalmachine.com\/wp-content\/uploads\/2023\/03\/FE370813-B40B-4917-82C9-144342D3F038-scaled.jpeg\" class=\"attachment-thumbnail size-thumbnail\" alt=\"\" \/><\/a> <a href=\"https:\/\/lalmachine.com\/wp-content\/uploads\/2023\/03\/50095E9A-751F-4865-A27D-EEA6B3FC4E43-scaled.jpeg\"><img loading=\"lazy\" decoding=\"async\" width=\"72\" height=\"96\" src=\"https:\/\/lalmachine.com\/wp-content\/uploads\/2023\/03\/50095E9A-751F-4865-A27D-EEA6B3FC4E43-scaled.jpeg\" class=\"attachment-thumbnail size-thumbnail\" alt=\"\" \/><\/a> <a href=\"https:\/\/lalmachine.com\/wp-content\/uploads\/2023\/03\/F9128171-772A-4C76-A59E-A5EA8FB72BD3-scaled.jpeg\"><img loading=\"lazy\" decoding=\"async\" width=\"72\" height=\"96\" src=\"https:\/\/lalmachine.com\/wp-content\/uploads\/2023\/03\/F9128171-772A-4C76-A59E-A5EA8FB72BD3-scaled.jpeg\" class=\"attachment-thumbnail size-thumbnail\" alt=\"\" \/><\/a> <\/li>        <li class=\"wpuf-field-data wpuf-field-data-numeric_text_field\">\n                            <label>Hauteur (cm):<\/label>\n                        11        <\/li>\n                <li class=\"wpuf-field-data wpuf-field-data-numeric_text_field\">\n                            <label>Largeur (cm):<\/label>\n                        16        <\/li>\n                <li class=\"wpuf-field-data wpuf-field-data-numeric_text_field\">\n                            <label>Profondeur (cm):<\/label>\n                        22        <\/li>\n        <\/ul>","protected":false},"excerpt":{"rendered":"<p>Plat en c\u00e9ramique avec 3 compartiments.<\/p>","protected":false},"featured_media":302968,"template":"","meta":{"_et_pb_use_builder":"","_et_pb_old_content":"","_et_gb_content_width":""},"product_brand":[],"product_cat":[96,50],"product_tag":[],"proximite":[278,179],"class_list":{"0":"post-302943","1":"product","2":"type-product","3":"status-publish","4":"has-post-thumbnail","6":"product_cat-art-de-la-table","7":"product_cat-decorer","8":"product_shipping_class-2-10-kg","9":"pa_couleur-multicolore","10":"pa_etat-dans-son-jus","11":"pa_materiau-ceramique","12":"pa_style-vintage","13":"proximite-lausanne","14":"proximite-vaud","16":"first","17":"outofstock","18":"shipping-taxable","19":"purchasable","20":"product-type-simple"},"yoast_head":"<!-- This site is optimized with the Yoast SEO plugin v27.4 - https:\/\/yoast.com\/product\/yoast-seo-wordpress\/ -->\n<title>Plat \u00e0 ap\u00e9ritif | lalmachine.com<\/title>\n<meta name=\"description\" content=\"Plat en c\u00e9ramique avec 3 compartiments.\" \/>\n<meta name=\"robots\" content=\"index, follow, max-snippet:-1, max-image-preview:large, max-video-preview:-1\" \/>\n<link rel=\"canonical\" href=\"https:\/\/lalmachine.com\/de\/shop\/decorer\/art-de-la-table\/plat-a-aperitif\/\" \/>\n<meta property=\"og:locale\" content=\"de_DE\" \/>\n<meta property=\"og:type\" content=\"article\" \/>\n<meta property=\"og:title\" content=\"Plat \u00e0 ap\u00e9ritif | lalmachine.com\" \/>\n<meta property=\"og:description\" content=\"Plat en c\u00e9ramique avec 3 compartiments.\" \/>\n<meta property=\"og:url\" content=\"https:\/\/lalmachine.com\/de\/shop\/decorer\/art-de-la-table\/plat-a-aperitif\/\" \/>\n<meta property=\"og:site_name\" content=\"lalmachine.com\" \/>\n<meta property=\"article:publisher\" content=\"https:\/\/facebook.com\/lalmachine\" \/>\n<meta property=\"article:modified_time\" content=\"2024-12-05T21:00:31+00:00\" \/>\n<meta property=\"og:image\" content=\"https:\/\/lalmachine.com\/wp-content\/uploads\/2023\/03\/50095E9A-751F-4865-A27D-EEA6B3FC4E43-scaled_clipped_rev_1.jpeg\" \/>\n\t<meta property=\"og:image:width\" content=\"2508\" \/>\n\t<meta property=\"og:image:height\" content=\"2508\" \/>\n\t<meta property=\"og:image:type\" content=\"image\/jpeg\" \/>\n<meta name=\"twitter:card\" content=\"summary_large_image\" \/>\n<script type=\"application\/ld+json\" class=\"yoast-schema-graph\">{\"@context\":\"https:\\\/\\\/schema.org\",\"@graph\":[{\"@type\":\"WebPage\",\"@id\":\"https:\\\/\\\/lalmachine.com\\\/shop\\\/decorer\\\/art-de-la-table\\\/plat-a-aperitif\\\/\",\"url\":\"https:\\\/\\\/lalmachine.com\\\/shop\\\/decorer\\\/art-de-la-table\\\/plat-a-aperitif\\\/\",\"name\":\"Plat \u00e0 ap\u00e9ritif | lalmachine.com\",\"isPartOf\":{\"@id\":\"https:\\\/\\\/lalmachine.com\\\/#website\"},\"primaryImageOfPage\":{\"@id\":\"https:\\\/\\\/lalmachine.com\\\/shop\\\/decorer\\\/art-de-la-table\\\/plat-a-aperitif\\\/#primaryimage\"},\"image\":{\"@id\":\"https:\\\/\\\/lalmachine.com\\\/shop\\\/decorer\\\/art-de-la-table\\\/plat-a-aperitif\\\/#primaryimage\"},\"thumbnailUrl\":\"https:\\\/\\\/lalmachine.com\\\/wp-content\\\/uploads\\\/2023\\\/03\\\/50095E9A-751F-4865-A27D-EEA6B3FC4E43-scaled_clipped_rev_1.jpeg\",\"datePublished\":\"2023-03-23T09:54:56+00:00\",\"dateModified\":\"2024-12-05T21:00:31+00:00\",\"description\":\"Plat en c\u00e9ramique avec 3 compartiments.\",\"breadcrumb\":{\"@id\":\"https:\\\/\\\/lalmachine.com\\\/shop\\\/decorer\\\/art-de-la-table\\\/plat-a-aperitif\\\/#breadcrumb\"},\"inLanguage\":\"de\",\"potentialAction\":[{\"@type\":\"ReadAction\",\"target\":[\"https:\\\/\\\/lalmachine.com\\\/shop\\\/decorer\\\/art-de-la-table\\\/plat-a-aperitif\\\/\"]}]},{\"@type\":\"ImageObject\",\"inLanguage\":\"de\",\"@id\":\"https:\\\/\\\/lalmachine.com\\\/shop\\\/decorer\\\/art-de-la-table\\\/plat-a-aperitif\\\/#primaryimage\",\"url\":\"https:\\\/\\\/lalmachine.com\\\/wp-content\\\/uploads\\\/2023\\\/03\\\/50095E9A-751F-4865-A27D-EEA6B3FC4E43-scaled_clipped_rev_1.jpeg\",\"contentUrl\":\"https:\\\/\\\/lalmachine.com\\\/wp-content\\\/uploads\\\/2023\\\/03\\\/50095E9A-751F-4865-A27D-EEA6B3FC4E43-scaled_clipped_rev_1.jpeg\",\"width\":2508,\"height\":2508,\"caption\":\"Plat \u00e0 ap\u00e9ritif\"},{\"@type\":\"BreadcrumbList\",\"@id\":\"https:\\\/\\\/lalmachine.com\\\/shop\\\/decorer\\\/art-de-la-table\\\/plat-a-aperitif\\\/#breadcrumb\",\"itemListElement\":[{\"@type\":\"ListItem\",\"position\":1,\"name\":\"Accueil\",\"item\":\"https:\\\/\\\/lalmachine.com\\\/\"},{\"@type\":\"ListItem\",\"position\":2,\"name\":\"Shop\",\"item\":\"https:\\\/\\\/lalmachine.com\\\/shop\\\/\"},{\"@type\":\"ListItem\",\"position\":3,\"name\":\"Plat \u00e0 ap\u00e9ritif\"}]},{\"@type\":\"WebSite\",\"@id\":\"https:\\\/\\\/lalmachine.com\\\/#website\",\"url\":\"https:\\\/\\\/lalmachine.com\\\/\",\"name\":\"lalmachine.com\",\"description\":\"Brocante en ligne Suisse | Mobilier et objets d\u00e9co vintage et design\",\"potentialAction\":[{\"@type\":\"SearchAction\",\"target\":{\"@type\":\"EntryPoint\",\"urlTemplate\":\"https:\\\/\\\/lalmachine.com\\\/?s={search_term_string}\"},\"query-input\":{\"@type\":\"PropertyValueSpecification\",\"valueRequired\":true,\"valueName\":\"search_term_string\"}}],\"inLanguage\":\"de\"}]}<\/script>\n<!-- \/ Yoast SEO plugin. -->","yoast_head_json":{"title":"Plat \u00e0 ap\u00e9ritif | lalmachine.com","description":"Plat en c\u00e9ramique avec 3 compartiments.","robots":{"index":"index","follow":"follow","max-snippet":"max-snippet:-1","max-image-preview":"max-image-preview:large","max-video-preview":"max-video-preview:-1"},"canonical":"https:\/\/lalmachine.com\/de\/shop\/decorer\/art-de-la-table\/plat-a-aperitif\/","og_locale":"de_DE","og_type":"article","og_title":"Plat \u00e0 ap\u00e9ritif | lalmachine.com","og_description":"Plat en c\u00e9ramique avec 3 compartiments.","og_url":"https:\/\/lalmachine.com\/de\/shop\/decorer\/art-de-la-table\/plat-a-aperitif\/","og_site_name":"lalmachine.com","article_publisher":"https:\/\/facebook.com\/lalmachine","article_modified_time":"2024-12-05T21:00:31+00:00","og_image":[{"width":2508,"height":2508,"url":"https:\/\/lalmachine.com\/wp-content\/uploads\/2023\/03\/50095E9A-751F-4865-A27D-EEA6B3FC4E43-scaled_clipped_rev_1.jpeg","type":"image\/jpeg"}],"twitter_card":"summary_large_image","schema":{"@context":"https:\/\/schema.org","@graph":[{"@type":"WebPage","@id":"https:\/\/lalmachine.com\/shop\/decorer\/art-de-la-table\/plat-a-aperitif\/","url":"https:\/\/lalmachine.com\/shop\/decorer\/art-de-la-table\/plat-a-aperitif\/","name":"Plat \u00e0 ap\u00e9ritif | lalmachine.com","isPartOf":{"@id":"https:\/\/lalmachine.com\/#website"},"primaryImageOfPage":{"@id":"https:\/\/lalmachine.com\/shop\/decorer\/art-de-la-table\/plat-a-aperitif\/#primaryimage"},"image":{"@id":"https:\/\/lalmachine.com\/shop\/decorer\/art-de-la-table\/plat-a-aperitif\/#primaryimage"},"thumbnailUrl":"https:\/\/lalmachine.com\/wp-content\/uploads\/2023\/03\/50095E9A-751F-4865-A27D-EEA6B3FC4E43-scaled_clipped_rev_1.jpeg","datePublished":"2023-03-23T09:54:56+00:00","dateModified":"2024-12-05T21:00:31+00:00","description":"Plat en c\u00e9ramique avec 3 compartiments.","breadcrumb":{"@id":"https:\/\/lalmachine.com\/shop\/decorer\/art-de-la-table\/plat-a-aperitif\/#breadcrumb"},"inLanguage":"de","potentialAction":[{"@type":"ReadAction","target":["https:\/\/lalmachine.com\/shop\/decorer\/art-de-la-table\/plat-a-aperitif\/"]}]},{"@type":"ImageObject","inLanguage":"de","@id":"https:\/\/lalmachine.com\/shop\/decorer\/art-de-la-table\/plat-a-aperitif\/#primaryimage","url":"https:\/\/lalmachine.com\/wp-content\/uploads\/2023\/03\/50095E9A-751F-4865-A27D-EEA6B3FC4E43-scaled_clipped_rev_1.jpeg","contentUrl":"https:\/\/lalmachine.com\/wp-content\/uploads\/2023\/03\/50095E9A-751F-4865-A27D-EEA6B3FC4E43-scaled_clipped_rev_1.jpeg","width":2508,"height":2508,"caption":"Plat \u00e0 ap\u00e9ritif"},{"@type":"BreadcrumbList","@id":"https:\/\/lalmachine.com\/shop\/decorer\/art-de-la-table\/plat-a-aperitif\/#breadcrumb","itemListElement":[{"@type":"ListItem","position":1,"name":"Accueil","item":"https:\/\/lalmachine.com\/"},{"@type":"ListItem","position":2,"name":"Shop","item":"https:\/\/lalmachine.com\/shop\/"},{"@type":"ListItem","position":3,"name":"Plat \u00e0 ap\u00e9ritif"}]},{"@type":"WebSite","@id":"https:\/\/lalmachine.com\/#website","url":"https:\/\/lalmachine.com\/","name":"lalmachine.com","description":"Brocante en ligne Suisse | Mobilier et objets d\u00e9co vintage et design","potentialAction":[{"@type":"SearchAction","target":{"@type":"EntryPoint","urlTemplate":"https:\/\/lalmachine.com\/?s={search_term_string}"},"query-input":{"@type":"PropertyValueSpecification","valueRequired":true,"valueName":"search_term_string"}}],"inLanguage":"de"}]}},"_links":{"self":[{"href":"https:\/\/lalmachine.com\/de\/wp-json\/wp\/v2\/product\/302943","targetHints":{"allow":["GET"]}}],"collection":[{"href":"https:\/\/lalmachine.com\/de\/wp-json\/wp\/v2\/product"}],"about":[{"href":"https:\/\/lalmachine.com\/de\/wp-json\/wp\/v2\/types\/product"}],"wp:featuredmedia":[{"embeddable":true,"href":"https:\/\/lalmachine.com\/de\/wp-json\/wp\/v2\/media\/302968"}],"wp:attachment":[{"href":"https:\/\/lalmachine.com\/de\/wp-json\/wp\/v2\/media?parent=302943"}],"wp:term":[{"taxonomy":"product_brand","embeddable":true,"href":"https:\/\/lalmachine.com\/de\/wp-json\/wp\/v2\/product_brand?post=302943"},{"taxonomy":"product_cat","embeddable":true,"href":"https:\/\/lalmachine.com\/de\/wp-json\/wp\/v2\/product_cat?post=302943"},{"taxonomy":"product_tag","embeddable":true,"href":"https:\/\/lalmachine.com\/de\/wp-json\/wp\/v2\/product_tag?post=302943"},{"taxonomy":"proximite","embeddable":true,"href":"https:\/\/lalmachine.com\/de\/wp-json\/wp\/v2\/proximite?post=302943"}],"curies":[{"name":"wp","href":"https:\/\/api.w.org\/{rel}","templated":true}]}}