{"id":303045,"date":"2023-03-23T17:55:20","date_gmt":"2023-03-23T16:55:20","guid":{"rendered":"https:\/\/lalmachine.com\/?post_type=product&#038;p=303045"},"modified":"2025-02-27T09:05:09","modified_gmt":"2025-02-27T08:05:09","slug":"paire-de-tabourets-postmodernes-ikea-1995","status":"publish","type":"product","link":"https:\/\/lalmachine.com\/de\/shop\/sasseoir\/chaise\/paire-de-tabourets-postmodernes-ikea-1995\/","title":{"rendered":"Paire de tabourets postmodernes IKEA 1995"},"content":{"rendered":"<ul class=\"wpuf_customs\"><li style=\"list-style-type:none;\"><label>Autres photos:<\/label> <a href=\"https:\/\/lalmachine.com\/wp-content\/uploads\/2023\/03\/74F7E31E-12E3-412F-80F4-981D7D212A23-scaled.jpeg\"><img loading=\"lazy\" decoding=\"async\" width=\"87\" height=\"96\" src=\"https:\/\/lalmachine.com\/wp-content\/uploads\/2023\/03\/74F7E31E-12E3-412F-80F4-981D7D212A23-scaled.jpeg\" class=\"attachment-thumbnail size-thumbnail\" alt=\"\" \/><\/a> <a href=\"https:\/\/lalmachine.com\/wp-content\/uploads\/2023\/03\/19F518D3-A1AB-48BA-9C8E-DFC740BF3B67-scaled.jpeg\"><img loading=\"lazy\" decoding=\"async\" width=\"76\" height=\"96\" src=\"https:\/\/lalmachine.com\/wp-content\/uploads\/2023\/03\/19F518D3-A1AB-48BA-9C8E-DFC740BF3B67-scaled.jpeg\" class=\"attachment-thumbnail size-thumbnail\" alt=\"\" \/><\/a> <a href=\"https:\/\/lalmachine.com\/wp-content\/uploads\/2023\/03\/41525EAB-C2BC-4870-A7F8-3AB3FAAE529F-scaled.jpeg\"><img loading=\"lazy\" decoding=\"async\" width=\"72\" height=\"96\" src=\"https:\/\/lalmachine.com\/wp-content\/uploads\/2023\/03\/41525EAB-C2BC-4870-A7F8-3AB3FAAE529F-scaled.jpeg\" class=\"attachment-thumbnail size-thumbnail\" alt=\"\" \/><\/a> <a href=\"https:\/\/lalmachine.com\/wp-content\/uploads\/2023\/03\/2CB954E5-F723-4D4E-8DE8-6F7491EE10CC-scaled.jpeg\"><img loading=\"lazy\" decoding=\"async\" width=\"72\" height=\"96\" src=\"https:\/\/lalmachine.com\/wp-content\/uploads\/2023\/03\/2CB954E5-F723-4D4E-8DE8-6F7491EE10CC-scaled.jpeg\" class=\"attachment-thumbnail size-thumbnail\" alt=\"\" \/><\/a> <a href=\"https:\/\/lalmachine.com\/wp-content\/uploads\/2023\/03\/3FE730C5-C8B5-46D9-BCD8-231275F488EE-scaled.jpeg\"><img loading=\"lazy\" decoding=\"async\" width=\"78\" height=\"96\" src=\"https:\/\/lalmachine.com\/wp-content\/uploads\/2023\/03\/3FE730C5-C8B5-46D9-BCD8-231275F488EE-scaled.jpeg\" class=\"attachment-thumbnail size-thumbnail\" alt=\"\" \/><\/a> <a href=\"https:\/\/lalmachine.com\/wp-content\/uploads\/2023\/03\/8D7C54AD-72A9-468B-94DB-F9BAC04602B4-scaled.jpeg\"><img loading=\"lazy\" decoding=\"async\" width=\"72\" height=\"96\" src=\"https:\/\/lalmachine.com\/wp-content\/uploads\/2023\/03\/8D7C54AD-72A9-468B-94DB-F9BAC04602B4-scaled.jpeg\" class=\"attachment-thumbnail size-thumbnail\" alt=\"\" \/><\/a> <a href=\"https:\/\/lalmachine.com\/wp-content\/uploads\/2023\/03\/41C3D3F8-4BAB-4C90-BB7C-7E75B534B1E8-scaled.jpeg\"><img loading=\"lazy\" decoding=\"async\" width=\"72\" height=\"96\" src=\"https:\/\/lalmachine.com\/wp-content\/uploads\/2023\/03\/41C3D3F8-4BAB-4C90-BB7C-7E75B534B1E8-scaled.jpeg\" class=\"attachment-thumbnail size-thumbnail\" alt=\"\" \/><\/a> <a href=\"https:\/\/lalmachine.com\/wp-content\/uploads\/2023\/03\/750003FD-87FD-452D-824B-7D65F7D344A1-scaled.jpeg\"><img loading=\"lazy\" decoding=\"async\" width=\"87\" height=\"96\" src=\"https:\/\/lalmachine.com\/wp-content\/uploads\/2023\/03\/750003FD-87FD-452D-824B-7D65F7D344A1-scaled.jpeg\" class=\"attachment-thumbnail size-thumbnail\" alt=\"\" \/><\/a> <a href=\"https:\/\/lalmachine.com\/wp-content\/uploads\/2023\/03\/CE031845-8851-44AC-80C8-4424FEB910BE-scaled.jpeg\"><img loading=\"lazy\" decoding=\"async\" width=\"66\" height=\"96\" src=\"https:\/\/lalmachine.com\/wp-content\/uploads\/2023\/03\/CE031845-8851-44AC-80C8-4424FEB910BE-scaled.jpeg\" class=\"attachment-thumbnail size-thumbnail\" alt=\"\" \/><\/a> <a href=\"https:\/\/lalmachine.com\/wp-content\/uploads\/2023\/03\/E11CAF64-D343-4062-ACA5-41D05B6B84C3-scaled.jpeg\"><img loading=\"lazy\" decoding=\"async\" width=\"72\" height=\"96\" src=\"https:\/\/lalmachine.com\/wp-content\/uploads\/2023\/03\/E11CAF64-D343-4062-ACA5-41D05B6B84C3-scaled.jpeg\" class=\"attachment-thumbnail size-thumbnail\" alt=\"\" \/><\/a> <a href=\"https:\/\/lalmachine.com\/wp-content\/uploads\/2023\/03\/9FEF548B-E3C4-4A65-B71C-7CFF3E7638CB-scaled.jpeg\"><img loading=\"lazy\" decoding=\"async\" width=\"66\" height=\"96\" src=\"https:\/\/lalmachine.com\/wp-content\/uploads\/2023\/03\/9FEF548B-E3C4-4A65-B71C-7CFF3E7638CB-scaled.jpeg\" class=\"attachment-thumbnail size-thumbnail\" alt=\"\" \/><\/a> <a href=\"https:\/\/lalmachine.com\/wp-content\/uploads\/2023\/03\/868299FB-CC01-4B54-9FF0-60495FB84588-scaled.jpeg\"><img loading=\"lazy\" decoding=\"async\" width=\"81\" height=\"96\" src=\"https:\/\/lalmachine.com\/wp-content\/uploads\/2023\/03\/868299FB-CC01-4B54-9FF0-60495FB84588-scaled.jpeg\" class=\"attachment-thumbnail size-thumbnail\" alt=\"\" \/><\/a> <\/li>        <li class=\"wpuf-field-data wpuf-field-data-numeric_text_field\">\n                            <label>Prix:<\/label>\n                        65        <\/li>\n                <li class=\"wpuf-field-data wpuf-field-data-numeric_text_field\">\n                            <label>Quantit\u00e9:<\/label>\n                        1        <\/li>\n                <li class=\"wpuf-field-data wpuf-field-data-numeric_text_field\">\n                            <label>Hauteur (cm):<\/label>\n                        53        <\/li>\n                <li class=\"wpuf-field-data wpuf-field-data-numeric_text_field\">\n                            <label>Largeur (cm):<\/label>\n                        38        <\/li>\n                <li class=\"wpuf-field-data wpuf-field-data-numeric_text_field\">\n                            <label>Profondeur (cm):<\/label>\n                        38        <\/li>\n        <\/ul>","protected":false},"excerpt":{"rendered":"<p>Paire de tabourets, design Per Ivar Ledang pour IKEA 1995.<\/p>\n<p>Ces tabourets de style postmoderne ont les pieds en m\u00e9tal incurv\u00e9 et les coussins bleu fonc\u00e9 doux.<\/p>\n<p>En tr\u00e8s bon \u00e9tat avec quelques petites \u00e9raflures sur les pieds m\u00e9talliques.<\/p>","protected":false},"featured_media":303092,"template":"","meta":{"_et_pb_use_builder":"","_et_pb_old_content":"","_et_gb_content_width":""},"product_brand":[],"product_cat":[100,48],"product_tag":[],"proximite":[281,179],"class_list":{"0":"post-303045","1":"product","2":"type-product","3":"status-publish","4":"has-post-thumbnail","6":"product_cat-chaise","7":"product_cat-sasseoir","8":"product_shipping_class-fragile-8-5","9":"pa_couleur-bleu","10":"pa_designer-autres-designers","11":"pa_etat-tres-bon-etat","12":"pa_materiau-metal","13":"pa_style-design","14":"proximite-nyon","15":"proximite-vaud","17":"first","18":"instock","19":"shipping-taxable","20":"purchasable","21":"product-type-simple"},"yoast_head":"<!-- This site is optimized with the Yoast SEO plugin v27.4 - https:\/\/yoast.com\/product\/yoast-seo-wordpress\/ -->\n<title>Paire de tabourets postmodernes IKEA 1995 | lalmachine.com<\/title>\n<meta name=\"description\" content=\"Paire de tabourets, design Per Ivar Ledang pour IKEA 1995\" \/>\n<meta name=\"robots\" content=\"index, follow, max-snippet:-1, max-image-preview:large, max-video-preview:-1\" \/>\n<link rel=\"canonical\" href=\"https:\/\/lalmachine.com\/de\/shop\/sasseoir\/chaise\/paire-de-tabourets-postmodernes-ikea-1995\/\" \/>\n<meta property=\"og:locale\" content=\"de_DE\" \/>\n<meta property=\"og:type\" content=\"article\" \/>\n<meta property=\"og:title\" content=\"Paire de tabourets postmodernes IKEA 1995 | lalmachine.com\" \/>\n<meta property=\"og:description\" content=\"Paire de tabourets, design Per Ivar Ledang pour IKEA 1995\" \/>\n<meta property=\"og:url\" content=\"https:\/\/lalmachine.com\/de\/shop\/sasseoir\/chaise\/paire-de-tabourets-postmodernes-ikea-1995\/\" \/>\n<meta property=\"og:site_name\" content=\"lalmachine.com\" \/>\n<meta property=\"article:publisher\" content=\"https:\/\/facebook.com\/lalmachine\" \/>\n<meta property=\"article:modified_time\" content=\"2025-02-27T08:05:09+00:00\" \/>\n<meta property=\"og:image\" content=\"https:\/\/lalmachine.com\/wp-content\/uploads\/2023\/03\/19F518D3-A1AB-48BA-9C8E-DFC740BF3B67-scaled_clipped_rev_1-scaled.jpeg\" \/>\n\t<meta property=\"og:image:width\" content=\"2560\" \/>\n\t<meta property=\"og:image:height\" content=\"2560\" \/>\n\t<meta property=\"og:image:type\" content=\"image\/jpeg\" \/>\n<meta name=\"twitter:card\" content=\"summary_large_image\" \/>\n<script type=\"application\/ld+json\" class=\"yoast-schema-graph\">{\"@context\":\"https:\\\/\\\/schema.org\",\"@graph\":[{\"@type\":\"WebPage\",\"@id\":\"https:\\\/\\\/lalmachine.com\\\/shop\\\/sasseoir\\\/chaise\\\/paire-de-tabourets-postmodernes-ikea-1995\\\/\",\"url\":\"https:\\\/\\\/lalmachine.com\\\/shop\\\/sasseoir\\\/chaise\\\/paire-de-tabourets-postmodernes-ikea-1995\\\/\",\"name\":\"Paire de tabourets postmodernes IKEA 1995 | lalmachine.com\",\"isPartOf\":{\"@id\":\"https:\\\/\\\/lalmachine.com\\\/#website\"},\"primaryImageOfPage\":{\"@id\":\"https:\\\/\\\/lalmachine.com\\\/shop\\\/sasseoir\\\/chaise\\\/paire-de-tabourets-postmodernes-ikea-1995\\\/#primaryimage\"},\"image\":{\"@id\":\"https:\\\/\\\/lalmachine.com\\\/shop\\\/sasseoir\\\/chaise\\\/paire-de-tabourets-postmodernes-ikea-1995\\\/#primaryimage\"},\"thumbnailUrl\":\"https:\\\/\\\/lalmachine.com\\\/wp-content\\\/uploads\\\/2023\\\/03\\\/19F518D3-A1AB-48BA-9C8E-DFC740BF3B67-scaled_clipped_rev_1-scaled.jpeg\",\"datePublished\":\"2023-03-23T16:55:20+00:00\",\"dateModified\":\"2025-02-27T08:05:09+00:00\",\"description\":\"Paire de tabourets, design Per Ivar Ledang pour IKEA 1995\",\"breadcrumb\":{\"@id\":\"https:\\\/\\\/lalmachine.com\\\/shop\\\/sasseoir\\\/chaise\\\/paire-de-tabourets-postmodernes-ikea-1995\\\/#breadcrumb\"},\"inLanguage\":\"de\",\"potentialAction\":[{\"@type\":\"ReadAction\",\"target\":[\"https:\\\/\\\/lalmachine.com\\\/shop\\\/sasseoir\\\/chaise\\\/paire-de-tabourets-postmodernes-ikea-1995\\\/\"]}]},{\"@type\":\"ImageObject\",\"inLanguage\":\"de\",\"@id\":\"https:\\\/\\\/lalmachine.com\\\/shop\\\/sasseoir\\\/chaise\\\/paire-de-tabourets-postmodernes-ikea-1995\\\/#primaryimage\",\"url\":\"https:\\\/\\\/lalmachine.com\\\/wp-content\\\/uploads\\\/2023\\\/03\\\/19F518D3-A1AB-48BA-9C8E-DFC740BF3B67-scaled_clipped_rev_1-scaled.jpeg\",\"contentUrl\":\"https:\\\/\\\/lalmachine.com\\\/wp-content\\\/uploads\\\/2023\\\/03\\\/19F518D3-A1AB-48BA-9C8E-DFC740BF3B67-scaled_clipped_rev_1-scaled.jpeg\",\"width\":2560,\"height\":2560,\"caption\":\"tabourets Per Ivar Ledang IKEA\"},{\"@type\":\"BreadcrumbList\",\"@id\":\"https:\\\/\\\/lalmachine.com\\\/shop\\\/sasseoir\\\/chaise\\\/paire-de-tabourets-postmodernes-ikea-1995\\\/#breadcrumb\",\"itemListElement\":[{\"@type\":\"ListItem\",\"position\":1,\"name\":\"Accueil\",\"item\":\"https:\\\/\\\/lalmachine.com\\\/\"},{\"@type\":\"ListItem\",\"position\":2,\"name\":\"Shop\",\"item\":\"https:\\\/\\\/lalmachine.com\\\/shop\\\/\"},{\"@type\":\"ListItem\",\"position\":3,\"name\":\"Paire de tabourets postmodernes IKEA 1995\"}]},{\"@type\":\"WebSite\",\"@id\":\"https:\\\/\\\/lalmachine.com\\\/#website\",\"url\":\"https:\\\/\\\/lalmachine.com\\\/\",\"name\":\"lalmachine.com\",\"description\":\"Brocante en ligne Suisse | Mobilier et objets d\u00e9co vintage et design\",\"potentialAction\":[{\"@type\":\"SearchAction\",\"target\":{\"@type\":\"EntryPoint\",\"urlTemplate\":\"https:\\\/\\\/lalmachine.com\\\/?s={search_term_string}\"},\"query-input\":{\"@type\":\"PropertyValueSpecification\",\"valueRequired\":true,\"valueName\":\"search_term_string\"}}],\"inLanguage\":\"de\"}]}<\/script>\n<!-- \/ Yoast SEO plugin. -->","yoast_head_json":{"title":"Paire de tabourets postmodernes IKEA 1995 | lalmachine.com","description":"Paire de tabourets, design Per Ivar Ledang pour IKEA 1995","robots":{"index":"index","follow":"follow","max-snippet":"max-snippet:-1","max-image-preview":"max-image-preview:large","max-video-preview":"max-video-preview:-1"},"canonical":"https:\/\/lalmachine.com\/de\/shop\/sasseoir\/chaise\/paire-de-tabourets-postmodernes-ikea-1995\/","og_locale":"de_DE","og_type":"article","og_title":"Paire de tabourets postmodernes IKEA 1995 | lalmachine.com","og_description":"Paire de tabourets, design Per Ivar Ledang pour IKEA 1995","og_url":"https:\/\/lalmachine.com\/de\/shop\/sasseoir\/chaise\/paire-de-tabourets-postmodernes-ikea-1995\/","og_site_name":"lalmachine.com","article_publisher":"https:\/\/facebook.com\/lalmachine","article_modified_time":"2025-02-27T08:05:09+00:00","og_image":[{"width":2560,"height":2560,"url":"https:\/\/lalmachine.com\/wp-content\/uploads\/2023\/03\/19F518D3-A1AB-48BA-9C8E-DFC740BF3B67-scaled_clipped_rev_1-scaled.jpeg","type":"image\/jpeg"}],"twitter_card":"summary_large_image","schema":{"@context":"https:\/\/schema.org","@graph":[{"@type":"WebPage","@id":"https:\/\/lalmachine.com\/shop\/sasseoir\/chaise\/paire-de-tabourets-postmodernes-ikea-1995\/","url":"https:\/\/lalmachine.com\/shop\/sasseoir\/chaise\/paire-de-tabourets-postmodernes-ikea-1995\/","name":"Paire de tabourets postmodernes IKEA 1995 | lalmachine.com","isPartOf":{"@id":"https:\/\/lalmachine.com\/#website"},"primaryImageOfPage":{"@id":"https:\/\/lalmachine.com\/shop\/sasseoir\/chaise\/paire-de-tabourets-postmodernes-ikea-1995\/#primaryimage"},"image":{"@id":"https:\/\/lalmachine.com\/shop\/sasseoir\/chaise\/paire-de-tabourets-postmodernes-ikea-1995\/#primaryimage"},"thumbnailUrl":"https:\/\/lalmachine.com\/wp-content\/uploads\/2023\/03\/19F518D3-A1AB-48BA-9C8E-DFC740BF3B67-scaled_clipped_rev_1-scaled.jpeg","datePublished":"2023-03-23T16:55:20+00:00","dateModified":"2025-02-27T08:05:09+00:00","description":"Paire de tabourets, design Per Ivar Ledang pour IKEA 1995","breadcrumb":{"@id":"https:\/\/lalmachine.com\/shop\/sasseoir\/chaise\/paire-de-tabourets-postmodernes-ikea-1995\/#breadcrumb"},"inLanguage":"de","potentialAction":[{"@type":"ReadAction","target":["https:\/\/lalmachine.com\/shop\/sasseoir\/chaise\/paire-de-tabourets-postmodernes-ikea-1995\/"]}]},{"@type":"ImageObject","inLanguage":"de","@id":"https:\/\/lalmachine.com\/shop\/sasseoir\/chaise\/paire-de-tabourets-postmodernes-ikea-1995\/#primaryimage","url":"https:\/\/lalmachine.com\/wp-content\/uploads\/2023\/03\/19F518D3-A1AB-48BA-9C8E-DFC740BF3B67-scaled_clipped_rev_1-scaled.jpeg","contentUrl":"https:\/\/lalmachine.com\/wp-content\/uploads\/2023\/03\/19F518D3-A1AB-48BA-9C8E-DFC740BF3B67-scaled_clipped_rev_1-scaled.jpeg","width":2560,"height":2560,"caption":"tabourets Per Ivar Ledang IKEA"},{"@type":"BreadcrumbList","@id":"https:\/\/lalmachine.com\/shop\/sasseoir\/chaise\/paire-de-tabourets-postmodernes-ikea-1995\/#breadcrumb","itemListElement":[{"@type":"ListItem","position":1,"name":"Accueil","item":"https:\/\/lalmachine.com\/"},{"@type":"ListItem","position":2,"name":"Shop","item":"https:\/\/lalmachine.com\/shop\/"},{"@type":"ListItem","position":3,"name":"Paire de tabourets postmodernes IKEA 1995"}]},{"@type":"WebSite","@id":"https:\/\/lalmachine.com\/#website","url":"https:\/\/lalmachine.com\/","name":"lalmachine.com","description":"Brocante en ligne Suisse | Mobilier et objets d\u00e9co vintage et design","potentialAction":[{"@type":"SearchAction","target":{"@type":"EntryPoint","urlTemplate":"https:\/\/lalmachine.com\/?s={search_term_string}"},"query-input":{"@type":"PropertyValueSpecification","valueRequired":true,"valueName":"search_term_string"}}],"inLanguage":"de"}]}},"_links":{"self":[{"href":"https:\/\/lalmachine.com\/de\/wp-json\/wp\/v2\/product\/303045","targetHints":{"allow":["GET"]}}],"collection":[{"href":"https:\/\/lalmachine.com\/de\/wp-json\/wp\/v2\/product"}],"about":[{"href":"https:\/\/lalmachine.com\/de\/wp-json\/wp\/v2\/types\/product"}],"wp:featuredmedia":[{"embeddable":true,"href":"https:\/\/lalmachine.com\/de\/wp-json\/wp\/v2\/media\/303092"}],"wp:attachment":[{"href":"https:\/\/lalmachine.com\/de\/wp-json\/wp\/v2\/media?parent=303045"}],"wp:term":[{"taxonomy":"product_brand","embeddable":true,"href":"https:\/\/lalmachine.com\/de\/wp-json\/wp\/v2\/product_brand?post=303045"},{"taxonomy":"product_cat","embeddable":true,"href":"https:\/\/lalmachine.com\/de\/wp-json\/wp\/v2\/product_cat?post=303045"},{"taxonomy":"product_tag","embeddable":true,"href":"https:\/\/lalmachine.com\/de\/wp-json\/wp\/v2\/product_tag?post=303045"},{"taxonomy":"proximite","embeddable":true,"href":"https:\/\/lalmachine.com\/de\/wp-json\/wp\/v2\/proximite?post=303045"}],"curies":[{"name":"wp","href":"https:\/\/api.w.org\/{rel}","templated":true}]}}